{"id":28846,"date":"2024-08-04T08:12:43","date_gmt":"2024-08-04T08:12:43","guid":{"rendered":"https:\/\/global-hookah.com\/?post_type=product&#038;p=28846"},"modified":"2024-08-04T08:38:11","modified_gmt":"2024-08-04T08:38:11","slug":"2024-high-end-porsche-hookah-wholesale","status":"publish","type":"product","link":"https:\/\/global-hookah.com\/de\/produkt\/2024-high-end-porsche-hookah-wholesale\/","title":{"rendered":"2024 High-End Porsche Wasserpfeife Gro\u00dfhandel"},"content":{"rendered":"<p>Wollt ihr euren Wasserpfeifen-Sessions etwas mehr Opulenz verleihen? Meine Freunde, lassen Sie mich Ihnen die <strong>2024 High-End Porsche Wasserpfeife<\/strong>dies <strong>High-End Wasserpfeife<\/strong> f\u00fchlen Sie sich wie ein K\u00f6nig der Wasserpfeife und sind geschmeidiger als eine k\u00f6stliche Karamellsauce!<\/p>\n<p>Das ist kein <a href=\"https:\/\/global-hookah.com\/product-category\/wholesale-hookah\/glass-hookah-wholesale\/\">Basis-Glas-Shisha<\/a> - Jedes kleinste Detail, vom Sockel bis zum Schlauch, schreit nach Luxus. Wir reden hier von eloxierten Aluminiumkomponenten in Schwarz, die perfekt mit der minimalistischen Ausstrahlung spielen. Und dieses Mundst\u00fcck! Es ist die perfekte Kombination mit dem opulenten Lederschlauch und dem Auslassventil aus Aluminium.<\/p>\n<p>Dar\u00fcber hinaus haben sie ihre ikonische Form mit einem verbesserten Tabakkopf und einem optimierten Windschutz versehen, damit Sie bei jedem Zug nur die seidigsten, geschmackvollsten Rauchwolken erhalten.<\/p>\n<p>Dank seiner weitl\u00e4ufigen Aluminium-Downstream und kreativen Diffusor, dieser Luxus Wasserpfeife produziert Seide-glattes Rauchen. Die Geschm\u00e4cker kommen sehr klar und ohne jede H\u00e4rte durch.<\/p>","protected":false},"excerpt":{"rendered":"<p>Wollt ihr euren Wasserpfeifen-Sessions etwas Opulenz verleihen? Meine Freunde, lassen Sie mich Ihnen die 2024 High-End Porsche Wasserpfeife vorstellen;<\/p>","protected":false},"featured_media":28847,"comment_status":"closed","ping_status":"closed","template":"","meta":{"iawp_total_views":7,"_joinchat":[]},"product_brand":[],"product_cat":[560,119],"product_tag":[],"class_list":{"0":"post-28846","1":"product","2":"type-product","3":"status-publish","4":"has-post-thumbnail","6":"product_cat-glass-hookah-wholesale","7":"product_cat-wholesale-hookah","9":"first","10":"instock","11":"shipping-taxable","12":"product-type-external"},"yoast_head":"<!-- This site is optimized with the Yoast SEO Premium plugin v24.7 (Yoast SEO v26.8) - https:\/\/yoast.com\/product\/yoast-seo-premium-wordpress\/ -->\n<title>2024 High-End Porsche Hookah Wholesale - Global Hookah<\/title>\n<meta name=\"robots\" content=\"index, follow, max-snippet:-1, max-image-preview:large, max-video-preview:-1\" \/>\n<link rel=\"canonical\" href=\"https:\/\/global-hookah.com\/de\/produkt\/2024-high-end-porsche-hookah-wholesale\/\" \/>\n<meta property=\"og:locale\" content=\"de_DE\" \/>\n<meta property=\"og:type\" content=\"article\" \/>\n<meta property=\"og:title\" content=\"2024 High-End Porsche Hookah Wholesale\" \/>\n<meta property=\"og:description\" content=\"Looking to give your hookah sessions some opulence? My buddies, let me introduce you to the 2024 High-End Porsche Hookah;\" \/>\n<meta property=\"og:url\" content=\"https:\/\/global-hookah.com\/de\/produkt\/2024-high-end-porsche-hookah-wholesale\/\" \/>\n<meta property=\"og:site_name\" content=\"Global Hookah\" \/>\n<meta property=\"article:modified_time\" content=\"2024-08-04T08:38:11+00:00\" \/>\n<meta property=\"og:image\" content=\"https:\/\/global-hookah.com\/wp-content\/uploads\/2024\/08\/4f9e81803a96a09a715f7ef8050f2d1.jpg\" \/>\n\t<meta property=\"og:image:width\" content=\"1280\" \/>\n\t<meta property=\"og:image:height\" content=\"1280\" \/>\n\t<meta property=\"og:image:type\" content=\"image\/jpeg\" \/>\n<meta name=\"twitter:card\" content=\"summary_large_image\" \/>\n<meta name=\"twitter:label1\" content=\"Gesch\u00e4tzte Lesezeit\" \/>\n\t<meta name=\"twitter:data1\" content=\"1\u00a0Minute\" \/>\n<script type=\"application\/ld+json\" class=\"yoast-schema-graph\">{\"@context\":\"https:\/\/schema.org\",\"@graph\":[{\"@type\":\"WebPage\",\"@id\":\"https:\/\/global-hookah.com\/product\/2024-high-end-porsche-hookah-wholesale\/\",\"url\":\"https:\/\/global-hookah.com\/product\/2024-high-end-porsche-hookah-wholesale\/\",\"name\":\"2024 High-End Porsche Hookah Wholesale - Global Hookah\",\"isPartOf\":{\"@id\":\"https:\/\/global-hookah.com\/#website\"},\"primaryImageOfPage\":{\"@id\":\"https:\/\/global-hookah.com\/product\/2024-high-end-porsche-hookah-wholesale\/#primaryimage\"},\"image\":{\"@id\":\"https:\/\/global-hookah.com\/product\/2024-high-end-porsche-hookah-wholesale\/#primaryimage\"},\"thumbnailUrl\":\"https:\/\/global-hookah.com\/wp-content\/uploads\/2024\/08\/4f9e81803a96a09a715f7ef8050f2d1.jpg\",\"datePublished\":\"2024-08-04T08:12:43+00:00\",\"dateModified\":\"2024-08-04T08:38:11+00:00\",\"breadcrumb\":{\"@id\":\"https:\/\/global-hookah.com\/product\/2024-high-end-porsche-hookah-wholesale\/#breadcrumb\"},\"inLanguage\":\"de\",\"potentialAction\":[{\"@type\":\"ReadAction\",\"target\":[\"https:\/\/global-hookah.com\/product\/2024-high-end-porsche-hookah-wholesale\/\"]}]},{\"@type\":\"ImageObject\",\"inLanguage\":\"de\",\"@id\":\"https:\/\/global-hookah.com\/product\/2024-high-end-porsche-hookah-wholesale\/#primaryimage\",\"url\":\"https:\/\/global-hookah.com\/wp-content\/uploads\/2024\/08\/4f9e81803a96a09a715f7ef8050f2d1.jpg\",\"contentUrl\":\"https:\/\/global-hookah.com\/wp-content\/uploads\/2024\/08\/4f9e81803a96a09a715f7ef8050f2d1.jpg\",\"width\":1280,\"height\":1280,\"caption\":\"2024 High-End Porsche Hookah Wholesale\"},{\"@type\":\"BreadcrumbList\",\"@id\":\"https:\/\/global-hookah.com\/product\/2024-high-end-porsche-hookah-wholesale\/#breadcrumb\",\"itemListElement\":[{\"@type\":\"ListItem\",\"position\":1,\"name\":\"Home\",\"item\":\"https:\/\/global-hookah.com\/\"},{\"@type\":\"ListItem\",\"position\":2,\"name\":\"Shop\",\"item\":\"https:\/\/global-hookah.com\/shop\/\"},{\"@type\":\"ListItem\",\"position\":3,\"name\":\"2024 High-End Porsche Hookah Wholesale\"}]},{\"@type\":\"WebSite\",\"@id\":\"https:\/\/global-hookah.com\/#website\",\"url\":\"https:\/\/global-hookah.com\/\",\"name\":\"Global Hookah\",\"description\":\"Global Hookah\",\"publisher\":{\"@id\":\"https:\/\/global-hookah.com\/#organization\"},\"potentialAction\":[{\"@type\":\"SearchAction\",\"target\":{\"@type\":\"EntryPoint\",\"urlTemplate\":\"https:\/\/global-hookah.com\/?s={search_term_string}\"},\"query-input\":{\"@type\":\"PropertyValueSpecification\",\"valueRequired\":true,\"valueName\":\"search_term_string\"}}],\"inLanguage\":\"de\"},{\"@type\":\"Organization\",\"@id\":\"https:\/\/global-hookah.com\/#organization\",\"name\":\"Global Hookah\",\"url\":\"https:\/\/global-hookah.com\/\",\"logo\":{\"@type\":\"ImageObject\",\"inLanguage\":\"de\",\"@id\":\"https:\/\/global-hookah.com\/#\/schema\/logo\/image\/\",\"url\":\"https:\/\/global-hookah.com\/wp-content\/uploads\/2021\/10\/cropped-fgg.png\",\"contentUrl\":\"https:\/\/global-hookah.com\/wp-content\/uploads\/2021\/10\/cropped-fgg.png\",\"width\":512,\"height\":512,\"caption\":\"Global Hookah\"},\"image\":{\"@id\":\"https:\/\/global-hookah.com\/#\/schema\/logo\/image\/\"}}]}<\/script>\n<!-- \/ Yoast SEO Premium plugin. -->","yoast_head_json":{"title":"2024 High-End Porsche Wasserpfeife Gro\u00dfhandel - Global Hookah","robots":{"index":"index","follow":"follow","max-snippet":"max-snippet:-1","max-image-preview":"max-image-preview:large","max-video-preview":"max-video-preview:-1"},"canonical":"https:\/\/global-hookah.com\/de\/produkt\/2024-high-end-porsche-hookah-wholesale\/","og_locale":"de_DE","og_type":"article","og_title":"2024 High-End Porsche Hookah Wholesale","og_description":"Looking to give your hookah sessions some opulence? My buddies, let me introduce you to the 2024 High-End Porsche Hookah;","og_url":"https:\/\/global-hookah.com\/de\/produkt\/2024-high-end-porsche-hookah-wholesale\/","og_site_name":"Global Hookah","article_modified_time":"2024-08-04T08:38:11+00:00","og_image":[{"width":1280,"height":1280,"url":"https:\/\/global-hookah.com\/wp-content\/uploads\/2024\/08\/4f9e81803a96a09a715f7ef8050f2d1.jpg","type":"image\/jpeg"}],"twitter_card":"summary_large_image","twitter_misc":{"Gesch\u00e4tzte Lesezeit":"1\u00a0Minute"},"schema":{"@context":"https:\/\/schema.org","@graph":[{"@type":"WebPage","@id":"https:\/\/global-hookah.com\/product\/2024-high-end-porsche-hookah-wholesale\/","url":"https:\/\/global-hookah.com\/product\/2024-high-end-porsche-hookah-wholesale\/","name":"2024 High-End Porsche Wasserpfeife Gro\u00dfhandel - Global Hookah","isPartOf":{"@id":"https:\/\/global-hookah.com\/#website"},"primaryImageOfPage":{"@id":"https:\/\/global-hookah.com\/product\/2024-high-end-porsche-hookah-wholesale\/#primaryimage"},"image":{"@id":"https:\/\/global-hookah.com\/product\/2024-high-end-porsche-hookah-wholesale\/#primaryimage"},"thumbnailUrl":"https:\/\/global-hookah.com\/wp-content\/uploads\/2024\/08\/4f9e81803a96a09a715f7ef8050f2d1.jpg","datePublished":"2024-08-04T08:12:43+00:00","dateModified":"2024-08-04T08:38:11+00:00","breadcrumb":{"@id":"https:\/\/global-hookah.com\/product\/2024-high-end-porsche-hookah-wholesale\/#breadcrumb"},"inLanguage":"de","potentialAction":[{"@type":"ReadAction","target":["https:\/\/global-hookah.com\/product\/2024-high-end-porsche-hookah-wholesale\/"]}]},{"@type":"ImageObject","inLanguage":"de","@id":"https:\/\/global-hookah.com\/product\/2024-high-end-porsche-hookah-wholesale\/#primaryimage","url":"https:\/\/global-hookah.com\/wp-content\/uploads\/2024\/08\/4f9e81803a96a09a715f7ef8050f2d1.jpg","contentUrl":"https:\/\/global-hookah.com\/wp-content\/uploads\/2024\/08\/4f9e81803a96a09a715f7ef8050f2d1.jpg","width":1280,"height":1280,"caption":"2024 High-End Porsche Hookah Wholesale"},{"@type":"BreadcrumbList","@id":"https:\/\/global-hookah.com\/product\/2024-high-end-porsche-hookah-wholesale\/#breadcrumb","itemListElement":[{"@type":"ListItem","position":1,"name":"Home","item":"https:\/\/global-hookah.com\/"},{"@type":"ListItem","position":2,"name":"Shop","item":"https:\/\/global-hookah.com\/shop\/"},{"@type":"ListItem","position":3,"name":"2024 High-End Porsche Hookah Wholesale"}]},{"@type":"WebSite","@id":"https:\/\/global-hookah.com\/#website","url":"https:\/\/global-hookah.com\/","name":"Globale Wasserpfeife","description":"Globale Wasserpfeife","publisher":{"@id":"https:\/\/global-hookah.com\/#organization"},"potentialAction":[{"@type":"SearchAction","target":{"@type":"EntryPoint","urlTemplate":"https:\/\/global-hookah.com\/?s={search_term_string}"},"query-input":{"@type":"PropertyValueSpecification","valueRequired":true,"valueName":"search_term_string"}}],"inLanguage":"de"},{"@type":"Organization","@id":"https:\/\/global-hookah.com\/#organization","name":"Globale Wasserpfeife","url":"https:\/\/global-hookah.com\/","logo":{"@type":"ImageObject","inLanguage":"de","@id":"https:\/\/global-hookah.com\/#\/schema\/logo\/image\/","url":"https:\/\/global-hookah.com\/wp-content\/uploads\/2021\/10\/cropped-fgg.png","contentUrl":"https:\/\/global-hookah.com\/wp-content\/uploads\/2021\/10\/cropped-fgg.png","width":512,"height":512,"caption":"Global Hookah"},"image":{"@id":"https:\/\/global-hookah.com\/#\/schema\/logo\/image\/"}}]}},"_links":{"self":[{"href":"https:\/\/global-hookah.com\/de\/wp-json\/wp\/v2\/product\/28846","targetHints":{"allow":["GET"]}}],"collection":[{"href":"https:\/\/global-hookah.com\/de\/wp-json\/wp\/v2\/product"}],"about":[{"href":"https:\/\/global-hookah.com\/de\/wp-json\/wp\/v2\/types\/product"}],"replies":[{"embeddable":true,"href":"https:\/\/global-hookah.com\/de\/wp-json\/wp\/v2\/comments?post=28846"}],"version-history":[{"count":0,"href":"https:\/\/global-hookah.com\/de\/wp-json\/wp\/v2\/product\/28846\/revisions"}],"wp:featuredmedia":[{"embeddable":true,"href":"https:\/\/global-hookah.com\/de\/wp-json\/wp\/v2\/media\/28847"}],"wp:attachment":[{"href":"https:\/\/global-hookah.com\/de\/wp-json\/wp\/v2\/media?parent=28846"}],"wp:term":[{"taxonomy":"product_brand","embeddable":true,"href":"https:\/\/global-hookah.com\/de\/wp-json\/wp\/v2\/product_brand?post=28846"},{"taxonomy":"product_cat","embeddable":true,"href":"https:\/\/global-hookah.com\/de\/wp-json\/wp\/v2\/product_cat?post=28846"},{"taxonomy":"product_tag","embeddable":true,"href":"https:\/\/global-hookah.com\/de\/wp-json\/wp\/v2\/product_tag?post=28846"}],"curies":[{"name":"wp","href":"https:\/\/api.w.org\/{rel}","templated":true}]}}