{"id":28867,"date":"2024-09-27T02:10:41","date_gmt":"2024-09-27T02:10:41","guid":{"rendered":"https:\/\/global-hookah.com\/product\/global-cn03clearance-smok-nord-22-aio-starter-kit-3-5ml-2000mah\/"},"modified":"2024-09-27T02:23:04","modified_gmt":"2024-09-27T02:23:04","slug":"global-cn03clearance-smok-nord-22-aio-starter-kit-3-5ml-2000mah","status":"publish","type":"product","link":"https:\/\/global-hookah.com\/de\/produkt\/global-cn03clearance-smok-nord-22-aio-starter-kit-3-5ml-2000mah\/","title":{"rendered":"Global-CN03Clearance Smok Nord 22 AIO Starter Kit 3.5ml 2000mAh"},"content":{"rendered":"<p><strong><font color=\"#ff7301\" size=\"4px\">Verk\u00e4ufe: Kaufen Sie 1pc dieses Nord 22 AIO Kit kann 5pcs Nord 22 AIO Tank (ohne Coil) f\u00fcr frei erhalten. first Come. first served. Geschenke k\u00f6nnen zuf\u00e4llig gesendet werden. wenn Sie die Farbe angeben m\u00f6chten. kontaktieren Sie bitte den Kundendienst.<\/font><\/strong><\/p>\n<p><strong>Smok<\/strong> Nord AIO 22 Starter Kit ist auch ein neues All-in-One-Starter-Kit, das einen anderen Durchmesser als Nord AIO 19 Kit hat. Sie haben \u00e4hnliche Aussehen mit einander. aber Nord AIO 22 Kit ist leistungsf\u00e4higer. Es hat 2000mAh eingebaute Batteriekapazit\u00e4t und hat einen 3,5ml eingebauten Glastank. Es ist in der Lage von 60W maximale Leistung. Es ist kompatibel mit Nord Mesh 0,6ohm Spule, die f\u00fcr Sub-Ohm-Vaping ausgelegt ist und wird massive Dampf bringen. Die Nord Regular 1.4ohm Spule kann MTL vaping Erfahrung f\u00fcr Sie produzieren. Die Nord AIO 22 Kit verf\u00fcgt auch \u00fcber Top-Drehkappe, um Leckagen zu vermeiden und die Sicherheit zu gew\u00e4hrleisten. Eine Taste ist einfach zu bedienen.<\/p>\n<p>&lt;!-<img data-echo=\"\/images\/products\/smok\/Nord-22-Kit-11.jpg\" alt=\"Smok Nord AIO 22 Kit\" \/><br \/>-&gt;<img decoding=\"async\" src=\"https:\/\/global-hookah.com\/wp-content\/uploads\/2024\/09\/Nord-22-Kit-12.jpg?w=1200&amp;h=617\" alt=\"Smok Nord AIO 22 Kit\"><br \/><img decoding=\"async\" src=\"https:\/\/global-hookah.com\/wp-content\/uploads\/2024\/09\/Nord-22-Kit-13.jpg?w=1200&amp;h=800\" alt=\"Smok Nord AIO 22 Kit\"><br \/><img decoding=\"async\" src=\"https:\/\/global-hookah.com\/wp-content\/uploads\/2024\/09\/Nord-22-Kit-14.jpg?w=1200&amp;h=538\" alt=\"Smok Nord AIO 22 Kit\"><br \/><img decoding=\"async\" src=\"https:\/\/global-hookah.com\/wp-content\/uploads\/2024\/09\/Nord-22-Kit-15.jpg?w=1200&amp;h=714\" alt=\"Smok Nord AIO 22 Kit\"><br \/><img decoding=\"async\" src=\"https:\/\/global-hookah.com\/wp-content\/uploads\/2024\/09\/Nord-22-Kit-16.jpg?w=1200&amp;h=770\" alt=\"Smok Nord AIO 22 Kit\"><br \/><img decoding=\"async\" src=\"https:\/\/global-hookah.com\/wp-content\/uploads\/2024\/09\/Nord-22-Kit-17.jpg?w=1200&amp;h=778\" alt=\"Smok Nord AIO 22 Kit\"><br \/><img decoding=\"async\" src=\"https:\/\/global-hookah.com\/wp-content\/uploads\/2024\/09\/Nord-22-Kit-18.jpg?w=1200&amp;h=659\" alt=\"Smok Nord AIO 22 Kit\"><br \/><img decoding=\"async\" src=\"https:\/\/global-hookah.com\/wp-content\/uploads\/2024\/09\/Nord-22-Kit-19.jpg?w=1200&amp;h=778\" alt=\"Smok Nord AIO 22 Kit\"><br \/><img decoding=\"async\" src=\"https:\/\/global-hookah.com\/wp-content\/uploads\/2024\/09\/Nord-22-Kit-20.jpg?w=1200&amp;h=800\" alt=\"Smok Nord AIO 22 Kit\"><br \/><img decoding=\"async\" src=\"https:\/\/global-hookah.com\/wp-content\/uploads\/2024\/09\/Nord-22-Kit-21.jpg?w=1200&amp;h=695\" alt=\"Smok Nord AIO 22 Kit\"><br \/><img decoding=\"async\" src=\"https:\/\/global-hookah.com\/wp-content\/uploads\/2024\/09\/Nord-22-Kit-22.jpg?w=1200&amp;h=674\" alt=\"Smok Nord AIO 22 Kit\"><br \/><img decoding=\"async\" src=\"https:\/\/global-hookah.com\/wp-content\/uploads\/2024\/09\/Nord-22-Kit-23.jpg?w=1200&amp;h=706\" alt=\"Smok Nord AIO 22 Kit\"><\/p>\n<p>Marke: Smok<br \/>Einheit: 1Satz<br \/>Gr\u00f6\u00dfe: 125,5*22mm<br \/>Material: Rostfreier Stahl<br \/>Akku-Kapazit\u00e4t: 2000mAh<br \/>Standby-Strom: &lt;20uA<br \/>Maximale Ausgangsleistung: 60W<br \/>Eingangsspannung: 3,3V-4,2V<br \/>Ausgangsspannung: 2,5V-4,1V<br \/>Ladespannung: 5V<br \/>Ladestrom: 0,66A\u00b10,05A<br \/>E-LQ Kapazit\u00e4t: 3.5ml<br \/>Verpackung: Geschenkbox<br \/>Versandart:Bitte pr\u00fcfen Sie hier die Details.<\/p>\n<p><strong>Jedes Set enth\u00e4lt:<\/strong><br \/>1pc Nord AIO 22 Kit 3.5ml<br \/>1pc Nord Mesh 0.6ohm Spule<br \/>1pc Nord Regular 1.4ohm Spule<br \/>1St\u00fcck USB-Kabel<br \/>1St\u00fcck Benutzerhandbuch<\/p>","protected":false},"excerpt":{"rendered":"<p>Verk\u00e4ufe: Kaufen Sie 1pc dieses Nord 22 AIO Kit kann 5pcs Nord 22 AIO Tank (ohne Coil) f\u00fcr frei erhalten. erste kommen.<\/p>","protected":false},"featured_media":29242,"comment_status":"closed","ping_status":"closed","template":"","meta":{"iawp_total_views":4,"_joinchat":[]},"product_brand":[],"product_cat":[415],"product_tag":[],"class_list":{"0":"post-28867","1":"product","2":"type-product","3":"status-publish","4":"has-post-thumbnail","6":"product_cat-accessories","8":"first","9":"instock","10":"sale","11":"shipping-taxable","12":"purchasable","13":"product-type-variable"},"yoast_head":"<!-- This site is optimized with the Yoast SEO Premium plugin v24.7 (Yoast SEO v26.8) - https:\/\/yoast.com\/product\/yoast-seo-premium-wordpress\/ -->\n<title>Global-CN03Clearance Smok Nord 22 AIO Starter Kit 3.5ml 2000mAh - Global Hookah<\/title>\n<meta name=\"robots\" content=\"index, follow, max-snippet:-1, max-image-preview:large, max-video-preview:-1\" \/>\n<link rel=\"canonical\" href=\"https:\/\/global-hookah.com\/de\/produkt\/global-cn03clearance-smok-nord-22-aio-starter-kit-3-5ml-2000mah\/\" \/>\n<meta property=\"og:locale\" content=\"de_DE\" \/>\n<meta property=\"og:type\" content=\"article\" \/>\n<meta property=\"og:title\" content=\"Global-CN03Clearance Smok Nord 22 AIO Starter Kit 3.5ml 2000mAh\" \/>\n<meta property=\"og:description\" content=\"Sales: Buy 1pc this Nord 22 AIO Kit Can Get 5pcs Nord 22 AIO Tank(without Coil) for Free. first Come.\" \/>\n<meta property=\"og:url\" content=\"https:\/\/global-hookah.com\/de\/produkt\/global-cn03clearance-smok-nord-22-aio-starter-kit-3-5ml-2000mah\/\" \/>\n<meta property=\"og:site_name\" content=\"Global Hookah\" \/>\n<meta property=\"article:modified_time\" content=\"2024-09-27T02:23:04+00:00\" \/>\n<meta property=\"og:image\" content=\"https:\/\/global-hookah.com\/wp-content\/uploads\/2024\/09\/Nord-22-Kit-1.jpg\" \/>\n\t<meta property=\"og:image:width\" content=\"840\" \/>\n\t<meta property=\"og:image:height\" content=\"840\" \/>\n\t<meta property=\"og:image:type\" content=\"image\/jpeg\" \/>\n<meta name=\"twitter:card\" content=\"summary_large_image\" \/>\n<meta name=\"twitter:label1\" content=\"Gesch\u00e4tzte Lesezeit\" \/>\n\t<meta name=\"twitter:data1\" content=\"1\u00a0Minute\" \/>\n<script type=\"application\/ld+json\" class=\"yoast-schema-graph\">{\"@context\":\"https:\/\/schema.org\",\"@graph\":[{\"@type\":\"WebPage\",\"@id\":\"https:\/\/global-hookah.com\/product\/global-cn03clearance-smok-nord-22-aio-starter-kit-3-5ml-2000mah\/\",\"url\":\"https:\/\/global-hookah.com\/product\/global-cn03clearance-smok-nord-22-aio-starter-kit-3-5ml-2000mah\/\",\"name\":\"Global-CN03Clearance Smok Nord 22 AIO Starter Kit 3.5ml 2000mAh - Global Hookah\",\"isPartOf\":{\"@id\":\"https:\/\/global-hookah.com\/#website\"},\"primaryImageOfPage\":{\"@id\":\"https:\/\/global-hookah.com\/product\/global-cn03clearance-smok-nord-22-aio-starter-kit-3-5ml-2000mah\/#primaryimage\"},\"image\":{\"@id\":\"https:\/\/global-hookah.com\/product\/global-cn03clearance-smok-nord-22-aio-starter-kit-3-5ml-2000mah\/#primaryimage\"},\"thumbnailUrl\":\"https:\/\/global-hookah.com\/wp-content\/uploads\/2024\/09\/Nord-22-Kit-1.jpg\",\"datePublished\":\"2024-09-27T02:10:41+00:00\",\"dateModified\":\"2024-09-27T02:23:04+00:00\",\"breadcrumb\":{\"@id\":\"https:\/\/global-hookah.com\/product\/global-cn03clearance-smok-nord-22-aio-starter-kit-3-5ml-2000mah\/#breadcrumb\"},\"inLanguage\":\"de\",\"potentialAction\":[{\"@type\":\"ReadAction\",\"target\":[\"https:\/\/global-hookah.com\/product\/global-cn03clearance-smok-nord-22-aio-starter-kit-3-5ml-2000mah\/\"]}]},{\"@type\":\"ImageObject\",\"inLanguage\":\"de\",\"@id\":\"https:\/\/global-hookah.com\/product\/global-cn03clearance-smok-nord-22-aio-starter-kit-3-5ml-2000mah\/#primaryimage\",\"url\":\"https:\/\/global-hookah.com\/wp-content\/uploads\/2024\/09\/Nord-22-Kit-1.jpg\",\"contentUrl\":\"https:\/\/global-hookah.com\/wp-content\/uploads\/2024\/09\/Nord-22-Kit-1.jpg\",\"width\":840,\"height\":840},{\"@type\":\"BreadcrumbList\",\"@id\":\"https:\/\/global-hookah.com\/product\/global-cn03clearance-smok-nord-22-aio-starter-kit-3-5ml-2000mah\/#breadcrumb\",\"itemListElement\":[{\"@type\":\"ListItem\",\"position\":1,\"name\":\"Home\",\"item\":\"https:\/\/global-hookah.com\/\"},{\"@type\":\"ListItem\",\"position\":2,\"name\":\"Shop\",\"item\":\"https:\/\/global-hookah.com\/shop\/\"},{\"@type\":\"ListItem\",\"position\":3,\"name\":\"Global-CN03Clearance Smok Nord 22 AIO Starter Kit 3.5ml 2000mAh\"}]},{\"@type\":\"WebSite\",\"@id\":\"https:\/\/global-hookah.com\/#website\",\"url\":\"https:\/\/global-hookah.com\/\",\"name\":\"Global Hookah\",\"description\":\"Global Hookah\",\"publisher\":{\"@id\":\"https:\/\/global-hookah.com\/#organization\"},\"potentialAction\":[{\"@type\":\"SearchAction\",\"target\":{\"@type\":\"EntryPoint\",\"urlTemplate\":\"https:\/\/global-hookah.com\/?s={search_term_string}\"},\"query-input\":{\"@type\":\"PropertyValueSpecification\",\"valueRequired\":true,\"valueName\":\"search_term_string\"}}],\"inLanguage\":\"de\"},{\"@type\":\"Organization\",\"@id\":\"https:\/\/global-hookah.com\/#organization\",\"name\":\"Global Hookah\",\"url\":\"https:\/\/global-hookah.com\/\",\"logo\":{\"@type\":\"ImageObject\",\"inLanguage\":\"de\",\"@id\":\"https:\/\/global-hookah.com\/#\/schema\/logo\/image\/\",\"url\":\"https:\/\/global-hookah.com\/wp-content\/uploads\/2021\/10\/cropped-fgg.png\",\"contentUrl\":\"https:\/\/global-hookah.com\/wp-content\/uploads\/2021\/10\/cropped-fgg.png\",\"width\":512,\"height\":512,\"caption\":\"Global Hookah\"},\"image\":{\"@id\":\"https:\/\/global-hookah.com\/#\/schema\/logo\/image\/\"}}]}<\/script>\n<!-- \/ Yoast SEO Premium plugin. -->","yoast_head_json":{"title":"Global-CN03Clearance Smok Nord 22 AIO Starter Kit 3.5ml 2000mAh - Global Hookah","robots":{"index":"index","follow":"follow","max-snippet":"max-snippet:-1","max-image-preview":"max-image-preview:large","max-video-preview":"max-video-preview:-1"},"canonical":"https:\/\/global-hookah.com\/de\/produkt\/global-cn03clearance-smok-nord-22-aio-starter-kit-3-5ml-2000mah\/","og_locale":"de_DE","og_type":"article","og_title":"Global-CN03Clearance Smok Nord 22 AIO Starter Kit 3.5ml 2000mAh","og_description":"Sales: Buy 1pc this Nord 22 AIO Kit Can Get 5pcs Nord 22 AIO Tank(without Coil) for Free. first Come.","og_url":"https:\/\/global-hookah.com\/de\/produkt\/global-cn03clearance-smok-nord-22-aio-starter-kit-3-5ml-2000mah\/","og_site_name":"Global Hookah","article_modified_time":"2024-09-27T02:23:04+00:00","og_image":[{"width":840,"height":840,"url":"https:\/\/global-hookah.com\/wp-content\/uploads\/2024\/09\/Nord-22-Kit-1.jpg","type":"image\/jpeg"}],"twitter_card":"summary_large_image","twitter_misc":{"Gesch\u00e4tzte Lesezeit":"1\u00a0Minute"},"schema":{"@context":"https:\/\/schema.org","@graph":[{"@type":"WebPage","@id":"https:\/\/global-hookah.com\/product\/global-cn03clearance-smok-nord-22-aio-starter-kit-3-5ml-2000mah\/","url":"https:\/\/global-hookah.com\/product\/global-cn03clearance-smok-nord-22-aio-starter-kit-3-5ml-2000mah\/","name":"Global-CN03Clearance Smok Nord 22 AIO Starter Kit 3.5ml 2000mAh - Global Hookah","isPartOf":{"@id":"https:\/\/global-hookah.com\/#website"},"primaryImageOfPage":{"@id":"https:\/\/global-hookah.com\/product\/global-cn03clearance-smok-nord-22-aio-starter-kit-3-5ml-2000mah\/#primaryimage"},"image":{"@id":"https:\/\/global-hookah.com\/product\/global-cn03clearance-smok-nord-22-aio-starter-kit-3-5ml-2000mah\/#primaryimage"},"thumbnailUrl":"https:\/\/global-hookah.com\/wp-content\/uploads\/2024\/09\/Nord-22-Kit-1.jpg","datePublished":"2024-09-27T02:10:41+00:00","dateModified":"2024-09-27T02:23:04+00:00","breadcrumb":{"@id":"https:\/\/global-hookah.com\/product\/global-cn03clearance-smok-nord-22-aio-starter-kit-3-5ml-2000mah\/#breadcrumb"},"inLanguage":"de","potentialAction":[{"@type":"ReadAction","target":["https:\/\/global-hookah.com\/product\/global-cn03clearance-smok-nord-22-aio-starter-kit-3-5ml-2000mah\/"]}]},{"@type":"ImageObject","inLanguage":"de","@id":"https:\/\/global-hookah.com\/product\/global-cn03clearance-smok-nord-22-aio-starter-kit-3-5ml-2000mah\/#primaryimage","url":"https:\/\/global-hookah.com\/wp-content\/uploads\/2024\/09\/Nord-22-Kit-1.jpg","contentUrl":"https:\/\/global-hookah.com\/wp-content\/uploads\/2024\/09\/Nord-22-Kit-1.jpg","width":840,"height":840},{"@type":"BreadcrumbList","@id":"https:\/\/global-hookah.com\/product\/global-cn03clearance-smok-nord-22-aio-starter-kit-3-5ml-2000mah\/#breadcrumb","itemListElement":[{"@type":"ListItem","position":1,"name":"Home","item":"https:\/\/global-hookah.com\/"},{"@type":"ListItem","position":2,"name":"Shop","item":"https:\/\/global-hookah.com\/shop\/"},{"@type":"ListItem","position":3,"name":"Global-CN03Clearance Smok Nord 22 AIO Starter Kit 3.5ml 2000mAh"}]},{"@type":"WebSite","@id":"https:\/\/global-hookah.com\/#website","url":"https:\/\/global-hookah.com\/","name":"Globale Wasserpfeife","description":"Globale Wasserpfeife","publisher":{"@id":"https:\/\/global-hookah.com\/#organization"},"potentialAction":[{"@type":"SearchAction","target":{"@type":"EntryPoint","urlTemplate":"https:\/\/global-hookah.com\/?s={search_term_string}"},"query-input":{"@type":"PropertyValueSpecification","valueRequired":true,"valueName":"search_term_string"}}],"inLanguage":"de"},{"@type":"Organization","@id":"https:\/\/global-hookah.com\/#organization","name":"Globale Wasserpfeife","url":"https:\/\/global-hookah.com\/","logo":{"@type":"ImageObject","inLanguage":"de","@id":"https:\/\/global-hookah.com\/#\/schema\/logo\/image\/","url":"https:\/\/global-hookah.com\/wp-content\/uploads\/2021\/10\/cropped-fgg.png","contentUrl":"https:\/\/global-hookah.com\/wp-content\/uploads\/2021\/10\/cropped-fgg.png","width":512,"height":512,"caption":"Global Hookah"},"image":{"@id":"https:\/\/global-hookah.com\/#\/schema\/logo\/image\/"}}]}},"_links":{"self":[{"href":"https:\/\/global-hookah.com\/de\/wp-json\/wp\/v2\/product\/28867","targetHints":{"allow":["GET"]}}],"collection":[{"href":"https:\/\/global-hookah.com\/de\/wp-json\/wp\/v2\/product"}],"about":[{"href":"https:\/\/global-hookah.com\/de\/wp-json\/wp\/v2\/types\/product"}],"replies":[{"embeddable":true,"href":"https:\/\/global-hookah.com\/de\/wp-json\/wp\/v2\/comments?post=28867"}],"version-history":[{"count":0,"href":"https:\/\/global-hookah.com\/de\/wp-json\/wp\/v2\/product\/28867\/revisions"}],"wp:featuredmedia":[{"embeddable":true,"href":"https:\/\/global-hookah.com\/de\/wp-json\/wp\/v2\/media\/29242"}],"wp:attachment":[{"href":"https:\/\/global-hookah.com\/de\/wp-json\/wp\/v2\/media?parent=28867"}],"wp:term":[{"taxonomy":"product_brand","embeddable":true,"href":"https:\/\/global-hookah.com\/de\/wp-json\/wp\/v2\/product_brand?post=28867"},{"taxonomy":"product_cat","embeddable":true,"href":"https:\/\/global-hookah.com\/de\/wp-json\/wp\/v2\/product_cat?post=28867"},{"taxonomy":"product_tag","embeddable":true,"href":"https:\/\/global-hookah.com\/de\/wp-json\/wp\/v2\/product_tag?post=28867"}],"curies":[{"name":"wp","href":"https:\/\/api.w.org\/{rel}","templated":true}]}}