{"id":28872,"date":"2024-09-27T02:10:42","date_gmt":"2024-09-27T02:10:42","guid":{"rendered":"https:\/\/global-hookah.com\/product\/global-cn02clearance-voopoo-drag-q-pod-system-kit-with-ito-x-pod-1250mah-3-5ml\/"},"modified":"2024-09-27T02:23:07","modified_gmt":"2024-09-27T02:23:07","slug":"global-cn02clearance-voopoo-drag-q-pod-system-kit-with-ito-x-pod-1250mah-3-5ml","status":"publish","type":"product","link":"https:\/\/global-hookah.com\/de\/produkt\/global-cn02clearance-voopoo-drag-q-pod-system-kit-with-ito-x-pod-1250mah-3-5ml\/","title":{"rendered":"Global-CN02Clearance Voopoo Drag Q Pod System Kit mit ITO-X Pod 1250mAh 3.5ml"},"content":{"rendered":"<p>VOOPOO Drag Q Kit wird in die T\u00e4tigkeit der MTL und RDL vape. Betrieb bei max 25W Leistung und durch eine 1250mAh interne Batterie angetrieben. Es ist freundlich zu Ihrer Tasche und verf\u00fcgt \u00fcber eine einzigartige Krone Rad. ger\u00e4ndelte obere Kappe. sowohl Taste und ziehen-aktivierten Mechanismus. Kompatibel mit VOOPOO ITO Coils. Der ITO-X Pod bietet Platz f\u00fcr 3,5ml Vape LQ, das \u00fcber ein Top-Filling-System nachgef\u00fcllt werden kann. Er erf\u00fcllt die Anforderungen von MTL &amp; RDL Vape mit NCT-Salz und Freebase e-LQ, das dazu neigt, geschmackvollen Dampf zu verbrauchen. Konstruiert aus Zinklegierung und mit GENE-Chip ausgestattet. es ergibt sich in Haltbarkeit und Leistung.<br \/>DAS TICKEN DER INTELLIGENZ ZU H\u00d6REN. DIE ANPASSUNG DER LUFTZUFUHR SP\u00dcREN<br \/>Inspiriert von den klassischen Uhren mit Handaufzug. DRAG Q nutzt die synchrone Einstellung von Luftstrom und Leistung mit dem Feedback eines sanften Tickens. DRAG Q stellt den Luftstrom und die am besten passende Ausgangsleistung genau ein und liefert Ihnen sofort das beste FLV.<\/p>\n<p><img decoding=\"async\" src=\"https:\/\/global-hookah.com\/wp-content\/uploads\/2024\/09\/Drag-Q-Pod-Kit-11.jpg?w=1248&amp;h=457\" alt=\"VOOPOO Drag Q Kit\"><\/p>\n<p><strong><font color=\"#ff7301\" size=\"4px\">Merkmale:<\/font><\/strong><br \/>1. MTL und RDL dampfen<br \/>2. Eingebauter 1250mAh Akku<br \/>3. 8-25W Leistung<br \/>4. 3.5ml ITO-X Pod<br \/>5. Kompatibel mit VOOPOO ITO Spulen<br \/>6. Zink-Legierung Fahrgestell Konstruktion<br \/>7. 2A-Schnellaufladung<br \/>8. GENE-Chip<br \/>9. Unten oder durch Ziehen aktivierter Mechanismus<br \/>10. Kronenrad<br \/>11. Top-F\u00fcllsystem<\/p>\n<p>Marke: VOOPOO<br \/>Einheit: 1 Satz<br \/>Abmessungen: 77,3mm * 32mm * 23mm<br \/>Akku: eingebauter 1250mAh-Akku<br \/>Leistungsbereich: 8-25W<br \/>Ausgangsspannung: 3.2-4.2V<br \/>Widerstandsbereich: 0.4-3.0ohm<br \/>Fassungsverm\u00f6gen: 3,5 ml<br \/>Spule: VOOPOO ITO-Spulen<br \/>Art der Bef\u00fcllung: Top-Fill-System<br \/>Verbindung: Magnete<br \/>Verpackung: Geschenkbox<\/p>\n<p><strong><font color=\"#ff7301\" size=\"4px\">Jedes Set enth\u00e4lt:<\/font><\/strong><br \/>1St\u00fcck VOOPOO Drag Q Ger\u00e4t<br \/>1St\u00fcck VOOPOO 3.5mL ITO-X Pod<br \/>1pc VOOPOO 0.5ohm ITO-M0 Spulen<br \/>1pc VOOPOO 1.2ohm ITO-M3 Spulen<br \/>1pc Typ-C Kabel<br \/>1St\u00fcck Benutzerhandbuch<\/p>\n<p><img decoding=\"async\" src=\"https:\/\/global-hookah.com\/wp-content\/uploads\/2024\/09\/voopoo-drag-q-pod-1.jpg?w=1400&amp;h=666\" alt=\"VOOPOO Drag Q Kit\"><br \/><img decoding=\"async\" src=\"https:\/\/global-hookah.com\/wp-content\/uploads\/2024\/09\/voopoo-drag-q-pod-2.jpg?w=1400&amp;h=737\" alt=\"VOOPOO Drag Q Kit\"><br \/><img decoding=\"async\" src=\"https:\/\/global-hookah.com\/wp-content\/uploads\/2024\/09\/voopoo-drag-q-pod-3.jpg?w=1400&amp;h=818\" alt=\"VOOPOO Drag Q Kit\"><br \/><img decoding=\"async\" src=\"https:\/\/global-hookah.com\/wp-content\/uploads\/2024\/09\/voopoo-drag-q-pod-4.jpg?w=1400&amp;h=763\" alt=\"VOOPOO Drag Q Kit\"><br \/><img decoding=\"async\" src=\"https:\/\/global-hookah.com\/wp-content\/uploads\/2024\/09\/voopoo-drag-q-pod-5.jpg?w=1400&amp;h=639\" alt=\"VOOPOO Drag Q Kit\"><br \/><img decoding=\"async\" src=\"https:\/\/global-hookah.com\/wp-content\/uploads\/2024\/09\/voopoo-drag-q-pod-6.jpg?w=1400&amp;h=765\" alt=\"VOOPOO Drag Q Kit\"><br \/><img decoding=\"async\" src=\"https:\/\/global-hookah.com\/wp-content\/uploads\/2024\/09\/voopoo-drag-q-pod-7.jpg?w=1400&amp;h=740\" alt=\"VOOPOO Drag Q Kit\"><br \/><img decoding=\"async\" src=\"https:\/\/global-hookah.com\/wp-content\/uploads\/2024\/09\/voopoo-drag-q-pod-8.jpg?w=1400&amp;h=712\" alt=\"VOOPOO Drag Q Kit\"><br \/><img decoding=\"async\" src=\"https:\/\/global-hookah.com\/wp-content\/uploads\/2024\/09\/voopoo-drag-q-pod-9.jpg?w=1400&amp;h=854\" alt=\"VOOPOO Drag Q Kit\"><br \/><img decoding=\"async\" src=\"https:\/\/global-hookah.com\/wp-content\/uploads\/2024\/09\/voopoo-drag-q-pod-10.jpg?w=1400&amp;h=822\" alt=\"VOOPOO Drag Q Kit\"><br \/><img decoding=\"async\" src=\"https:\/\/global-hookah.com\/wp-content\/uploads\/2024\/09\/voopoo-drag-q-pod-11.jpg?w=1400&amp;h=728\" alt=\"VOOPOO Drag Q Kit\"><\/p>\n<p><\/p>","protected":false},"excerpt":{"rendered":"<p>VOOPOO Drag Q Kit wird in die T\u00e4tigkeit der MTL und RDL vape. Betrieb bei max 25W Leistung und powered<\/p>","protected":false},"featured_media":29267,"comment_status":"closed","ping_status":"closed","template":"","meta":{"iawp_total_views":0,"_joinchat":[]},"product_brand":[],"product_cat":[415],"product_tag":[],"class_list":{"0":"post-28872","1":"product","2":"type-product","3":"status-publish","4":"has-post-thumbnail","6":"product_cat-accessories","8":"first","9":"instock","10":"sale","11":"shipping-taxable","12":"purchasable","13":"product-type-variable"},"yoast_head":"<!-- This site is optimized with the Yoast SEO Premium plugin v24.7 (Yoast SEO v26.8) - https:\/\/yoast.com\/product\/yoast-seo-premium-wordpress\/ -->\n<title>Global-CN02Clearance Voopoo Drag Q Pod System Kit with ITO-X Pod 1250mAh 3.5ml - Global Hookah<\/title>\n<meta name=\"robots\" content=\"index, follow, max-snippet:-1, max-image-preview:large, max-video-preview:-1\" \/>\n<link rel=\"canonical\" href=\"https:\/\/global-hookah.com\/de\/produkt\/global-cn02clearance-voopoo-drag-q-pod-system-kit-with-ito-x-pod-1250mah-3-5ml\/\" \/>\n<meta property=\"og:locale\" content=\"de_DE\" \/>\n<meta property=\"og:type\" content=\"article\" \/>\n<meta property=\"og:title\" content=\"Global-CN02Clearance Voopoo Drag Q Pod System Kit with ITO-X Pod 1250mAh 3.5ml\" \/>\n<meta property=\"og:description\" content=\"VOOPOO Drag Q Kit gets into the activity of MTL and RDL vape. operating at max 25W output and powered\" \/>\n<meta property=\"og:url\" content=\"https:\/\/global-hookah.com\/de\/produkt\/global-cn02clearance-voopoo-drag-q-pod-system-kit-with-ito-x-pod-1250mah-3-5ml\/\" \/>\n<meta property=\"og:site_name\" content=\"Global Hookah\" \/>\n<meta property=\"article:modified_time\" content=\"2024-09-27T02:23:07+00:00\" \/>\n<meta property=\"og:image\" content=\"https:\/\/global-hookah.com\/wp-content\/uploads\/2024\/09\/Drag-Q-Pod-Kit-1.jpg\" \/>\n\t<meta property=\"og:image:width\" content=\"800\" \/>\n\t<meta property=\"og:image:height\" content=\"800\" \/>\n\t<meta property=\"og:image:type\" content=\"image\/jpeg\" \/>\n<meta name=\"twitter:card\" content=\"summary_large_image\" \/>\n<meta name=\"twitter:label1\" content=\"Gesch\u00e4tzte Lesezeit\" \/>\n\t<meta name=\"twitter:data1\" content=\"1\u00a0Minute\" \/>\n<script type=\"application\/ld+json\" class=\"yoast-schema-graph\">{\"@context\":\"https:\/\/schema.org\",\"@graph\":[{\"@type\":\"WebPage\",\"@id\":\"https:\/\/global-hookah.com\/product\/global-cn02clearance-voopoo-drag-q-pod-system-kit-with-ito-x-pod-1250mah-3-5ml\/\",\"url\":\"https:\/\/global-hookah.com\/product\/global-cn02clearance-voopoo-drag-q-pod-system-kit-with-ito-x-pod-1250mah-3-5ml\/\",\"name\":\"Global-CN02Clearance Voopoo Drag Q Pod System Kit with ITO-X Pod 1250mAh 3.5ml - Global Hookah\",\"isPartOf\":{\"@id\":\"https:\/\/global-hookah.com\/#website\"},\"primaryImageOfPage\":{\"@id\":\"https:\/\/global-hookah.com\/product\/global-cn02clearance-voopoo-drag-q-pod-system-kit-with-ito-x-pod-1250mah-3-5ml\/#primaryimage\"},\"image\":{\"@id\":\"https:\/\/global-hookah.com\/product\/global-cn02clearance-voopoo-drag-q-pod-system-kit-with-ito-x-pod-1250mah-3-5ml\/#primaryimage\"},\"thumbnailUrl\":\"https:\/\/global-hookah.com\/wp-content\/uploads\/2024\/09\/Drag-Q-Pod-Kit-1.jpg\",\"datePublished\":\"2024-09-27T02:10:42+00:00\",\"dateModified\":\"2024-09-27T02:23:07+00:00\",\"breadcrumb\":{\"@id\":\"https:\/\/global-hookah.com\/product\/global-cn02clearance-voopoo-drag-q-pod-system-kit-with-ito-x-pod-1250mah-3-5ml\/#breadcrumb\"},\"inLanguage\":\"de\",\"potentialAction\":[{\"@type\":\"ReadAction\",\"target\":[\"https:\/\/global-hookah.com\/product\/global-cn02clearance-voopoo-drag-q-pod-system-kit-with-ito-x-pod-1250mah-3-5ml\/\"]}]},{\"@type\":\"ImageObject\",\"inLanguage\":\"de\",\"@id\":\"https:\/\/global-hookah.com\/product\/global-cn02clearance-voopoo-drag-q-pod-system-kit-with-ito-x-pod-1250mah-3-5ml\/#primaryimage\",\"url\":\"https:\/\/global-hookah.com\/wp-content\/uploads\/2024\/09\/Drag-Q-Pod-Kit-1.jpg\",\"contentUrl\":\"https:\/\/global-hookah.com\/wp-content\/uploads\/2024\/09\/Drag-Q-Pod-Kit-1.jpg\",\"width\":800,\"height\":800},{\"@type\":\"BreadcrumbList\",\"@id\":\"https:\/\/global-hookah.com\/product\/global-cn02clearance-voopoo-drag-q-pod-system-kit-with-ito-x-pod-1250mah-3-5ml\/#breadcrumb\",\"itemListElement\":[{\"@type\":\"ListItem\",\"position\":1,\"name\":\"Home\",\"item\":\"https:\/\/global-hookah.com\/\"},{\"@type\":\"ListItem\",\"position\":2,\"name\":\"Shop\",\"item\":\"https:\/\/global-hookah.com\/shop\/\"},{\"@type\":\"ListItem\",\"position\":3,\"name\":\"Global-CN02Clearance Voopoo Drag Q Pod System Kit with ITO-X Pod 1250mAh 3.5ml\"}]},{\"@type\":\"WebSite\",\"@id\":\"https:\/\/global-hookah.com\/#website\",\"url\":\"https:\/\/global-hookah.com\/\",\"name\":\"Global Hookah\",\"description\":\"Global Hookah\",\"publisher\":{\"@id\":\"https:\/\/global-hookah.com\/#organization\"},\"potentialAction\":[{\"@type\":\"SearchAction\",\"target\":{\"@type\":\"EntryPoint\",\"urlTemplate\":\"https:\/\/global-hookah.com\/?s={search_term_string}\"},\"query-input\":{\"@type\":\"PropertyValueSpecification\",\"valueRequired\":true,\"valueName\":\"search_term_string\"}}],\"inLanguage\":\"de\"},{\"@type\":\"Organization\",\"@id\":\"https:\/\/global-hookah.com\/#organization\",\"name\":\"Global Hookah\",\"url\":\"https:\/\/global-hookah.com\/\",\"logo\":{\"@type\":\"ImageObject\",\"inLanguage\":\"de\",\"@id\":\"https:\/\/global-hookah.com\/#\/schema\/logo\/image\/\",\"url\":\"https:\/\/global-hookah.com\/wp-content\/uploads\/2021\/10\/cropped-fgg.png\",\"contentUrl\":\"https:\/\/global-hookah.com\/wp-content\/uploads\/2021\/10\/cropped-fgg.png\",\"width\":512,\"height\":512,\"caption\":\"Global Hookah\"},\"image\":{\"@id\":\"https:\/\/global-hookah.com\/#\/schema\/logo\/image\/\"}}]}<\/script>\n<!-- \/ Yoast SEO Premium plugin. -->","yoast_head_json":{"title":"Global-CN02Clearance Voopoo Drag Q Pod System Kit mit ITO-X Pod 1250mAh 3.5ml - Global Hookah","robots":{"index":"index","follow":"follow","max-snippet":"max-snippet:-1","max-image-preview":"max-image-preview:large","max-video-preview":"max-video-preview:-1"},"canonical":"https:\/\/global-hookah.com\/de\/produkt\/global-cn02clearance-voopoo-drag-q-pod-system-kit-with-ito-x-pod-1250mah-3-5ml\/","og_locale":"de_DE","og_type":"article","og_title":"Global-CN02Clearance Voopoo Drag Q Pod System Kit with ITO-X Pod 1250mAh 3.5ml","og_description":"VOOPOO Drag Q Kit gets into the activity of MTL and RDL vape. operating at max 25W output and powered","og_url":"https:\/\/global-hookah.com\/de\/produkt\/global-cn02clearance-voopoo-drag-q-pod-system-kit-with-ito-x-pod-1250mah-3-5ml\/","og_site_name":"Global Hookah","article_modified_time":"2024-09-27T02:23:07+00:00","og_image":[{"width":800,"height":800,"url":"https:\/\/global-hookah.com\/wp-content\/uploads\/2024\/09\/Drag-Q-Pod-Kit-1.jpg","type":"image\/jpeg"}],"twitter_card":"summary_large_image","twitter_misc":{"Gesch\u00e4tzte Lesezeit":"1\u00a0Minute"},"schema":{"@context":"https:\/\/schema.org","@graph":[{"@type":"WebPage","@id":"https:\/\/global-hookah.com\/product\/global-cn02clearance-voopoo-drag-q-pod-system-kit-with-ito-x-pod-1250mah-3-5ml\/","url":"https:\/\/global-hookah.com\/product\/global-cn02clearance-voopoo-drag-q-pod-system-kit-with-ito-x-pod-1250mah-3-5ml\/","name":"Global-CN02Clearance Voopoo Drag Q Pod System Kit mit ITO-X Pod 1250mAh 3.5ml - Global Hookah","isPartOf":{"@id":"https:\/\/global-hookah.com\/#website"},"primaryImageOfPage":{"@id":"https:\/\/global-hookah.com\/product\/global-cn02clearance-voopoo-drag-q-pod-system-kit-with-ito-x-pod-1250mah-3-5ml\/#primaryimage"},"image":{"@id":"https:\/\/global-hookah.com\/product\/global-cn02clearance-voopoo-drag-q-pod-system-kit-with-ito-x-pod-1250mah-3-5ml\/#primaryimage"},"thumbnailUrl":"https:\/\/global-hookah.com\/wp-content\/uploads\/2024\/09\/Drag-Q-Pod-Kit-1.jpg","datePublished":"2024-09-27T02:10:42+00:00","dateModified":"2024-09-27T02:23:07+00:00","breadcrumb":{"@id":"https:\/\/global-hookah.com\/product\/global-cn02clearance-voopoo-drag-q-pod-system-kit-with-ito-x-pod-1250mah-3-5ml\/#breadcrumb"},"inLanguage":"de","potentialAction":[{"@type":"ReadAction","target":["https:\/\/global-hookah.com\/product\/global-cn02clearance-voopoo-drag-q-pod-system-kit-with-ito-x-pod-1250mah-3-5ml\/"]}]},{"@type":"ImageObject","inLanguage":"de","@id":"https:\/\/global-hookah.com\/product\/global-cn02clearance-voopoo-drag-q-pod-system-kit-with-ito-x-pod-1250mah-3-5ml\/#primaryimage","url":"https:\/\/global-hookah.com\/wp-content\/uploads\/2024\/09\/Drag-Q-Pod-Kit-1.jpg","contentUrl":"https:\/\/global-hookah.com\/wp-content\/uploads\/2024\/09\/Drag-Q-Pod-Kit-1.jpg","width":800,"height":800},{"@type":"BreadcrumbList","@id":"https:\/\/global-hookah.com\/product\/global-cn02clearance-voopoo-drag-q-pod-system-kit-with-ito-x-pod-1250mah-3-5ml\/#breadcrumb","itemListElement":[{"@type":"ListItem","position":1,"name":"Home","item":"https:\/\/global-hookah.com\/"},{"@type":"ListItem","position":2,"name":"Shop","item":"https:\/\/global-hookah.com\/shop\/"},{"@type":"ListItem","position":3,"name":"Global-CN02Clearance Voopoo Drag Q Pod System Kit with ITO-X Pod 1250mAh 3.5ml"}]},{"@type":"WebSite","@id":"https:\/\/global-hookah.com\/#website","url":"https:\/\/global-hookah.com\/","name":"Globale Wasserpfeife","description":"Globale Wasserpfeife","publisher":{"@id":"https:\/\/global-hookah.com\/#organization"},"potentialAction":[{"@type":"SearchAction","target":{"@type":"EntryPoint","urlTemplate":"https:\/\/global-hookah.com\/?s={search_term_string}"},"query-input":{"@type":"PropertyValueSpecification","valueRequired":true,"valueName":"search_term_string"}}],"inLanguage":"de"},{"@type":"Organization","@id":"https:\/\/global-hookah.com\/#organization","name":"Globale Wasserpfeife","url":"https:\/\/global-hookah.com\/","logo":{"@type":"ImageObject","inLanguage":"de","@id":"https:\/\/global-hookah.com\/#\/schema\/logo\/image\/","url":"https:\/\/global-hookah.com\/wp-content\/uploads\/2021\/10\/cropped-fgg.png","contentUrl":"https:\/\/global-hookah.com\/wp-content\/uploads\/2021\/10\/cropped-fgg.png","width":512,"height":512,"caption":"Global Hookah"},"image":{"@id":"https:\/\/global-hookah.com\/#\/schema\/logo\/image\/"}}]}},"_links":{"self":[{"href":"https:\/\/global-hookah.com\/de\/wp-json\/wp\/v2\/product\/28872","targetHints":{"allow":["GET"]}}],"collection":[{"href":"https:\/\/global-hookah.com\/de\/wp-json\/wp\/v2\/product"}],"about":[{"href":"https:\/\/global-hookah.com\/de\/wp-json\/wp\/v2\/types\/product"}],"replies":[{"embeddable":true,"href":"https:\/\/global-hookah.com\/de\/wp-json\/wp\/v2\/comments?post=28872"}],"version-history":[{"count":0,"href":"https:\/\/global-hookah.com\/de\/wp-json\/wp\/v2\/product\/28872\/revisions"}],"wp:featuredmedia":[{"embeddable":true,"href":"https:\/\/global-hookah.com\/de\/wp-json\/wp\/v2\/media\/29267"}],"wp:attachment":[{"href":"https:\/\/global-hookah.com\/de\/wp-json\/wp\/v2\/media?parent=28872"}],"wp:term":[{"taxonomy":"product_brand","embeddable":true,"href":"https:\/\/global-hookah.com\/de\/wp-json\/wp\/v2\/product_brand?post=28872"},{"taxonomy":"product_cat","embeddable":true,"href":"https:\/\/global-hookah.com\/de\/wp-json\/wp\/v2\/product_cat?post=28872"},{"taxonomy":"product_tag","embeddable":true,"href":"https:\/\/global-hookah.com\/de\/wp-json\/wp\/v2\/product_tag?post=28872"}],"curies":[{"name":"wp","href":"https:\/\/api.w.org\/{rel}","templated":true}]}}