{"id":28882,"date":"2024-09-27T02:10:44","date_gmt":"2024-09-27T02:10:44","guid":{"rendered":"https:\/\/global-hookah.com\/product\/global-cn02-vaporesso-eco-nano-2-pod-system-kit-1000mah-6ml\/"},"modified":"2024-09-27T02:23:09","modified_gmt":"2024-09-27T02:23:09","slug":"global-cn02-vaporesso-eco-nano-2-pod-system-kit-1000mah-6ml","status":"publish","type":"product","link":"https:\/\/global-hookah.com\/de\/produkt\/global-cn02-vaporesso-eco-nano-2-pod-system-kit-1000mah-6ml\/","title":{"rendered":"Global-CN02 Vaporesso ECO Nano 2 Pod System Kit 1000mAh 6ml"},"content":{"rendered":"<p>Die ECO Nano 2 Pod-System verf\u00fcgt \u00fcber eine 1000mAh interne Batterie und ein 6ml pod designed.Crafted aus langlebigen Zinklegierung. Ideal f\u00fcr MTL vaping. es besch\u00e4ftigt COREX Heizungstechnologie f\u00fcr schnelle. geschmackvolle zieht und eine auslaufsichere SSS design.4 Ebenen Indikator lassen Sie den Batteriestand kennen.the Eco Nano 2 ist sowohl leicht und robust. ideal f\u00fcr vaping unterwegs.<br \/>Ausgestattet mit einem leistungsstarken 1000mAh-Akku, der den anderer Produkte in seiner Kategorie bei weitem \u00fcbertrifft, kann der ECO NANO 2 die Aufladezeiten minimieren und die Akkulaufzeit f\u00fcr ein l\u00e4ngeres Vergn\u00fcgen erh\u00f6hen.<\/p>\n<p>Marke:Vaporesso<br \/>Abmessungen: 44.7*18.0*77.0mm<br \/>Pod Kapazit\u00e4t: 6ml<br \/>Widerstand: 0.6ohm<br \/>Batteriekapazit\u00e4t: 1000mAh<br \/>Aufladen: Typ-C. 1A<br \/>Kompatibel mit ECO NANO Patrone 0.8ohm\/1.2ohm\/0.6ohm<\/p>\n<p><strong><font color=\"#ff7301\" size=\"4px\">Jedes Set enth\u00e4lt:<\/font><\/strong><br \/>1St\u00fcck Eco Nano 2 Akku<br \/>1St\u00fcck Eco Nano 0.6ohm Mesh Pod (vorinstalliert)<br \/>1St\u00fcck Benutzerhandbuch<\/p>\n<p><img decoding=\"async\" src=\"https:\/\/global-hookah.com\/wp-content\/uploads\/2024\/09\/vaporesso-eco-nano-2-pod-1a.jpg?w=1400&amp;h=752\" alt=\"Vaporesso ECO Nano 2 Pod\"><br \/><img decoding=\"async\" src=\"https:\/\/global-hookah.com\/wp-content\/uploads\/2024\/09\/vaporesso-eco-nano-2-pod-10.jpg?w=1400&amp;h=442\" alt=\"Vaporesso ECO Nano 2 Pod\"><br \/><img decoding=\"async\" src=\"https:\/\/global-hookah.com\/wp-content\/uploads\/2024\/09\/vaporesso-eco-nano-2-pod-11.jpg?w=1400&amp;h=309\" alt=\"Vaporesso ECO Nano 2 Pod\"><br \/><img decoding=\"async\" src=\"https:\/\/global-hookah.com\/wp-content\/uploads\/2024\/09\/vaporesso-eco-nano-2-pod-3.jpg?w=1400&amp;h=690\" alt=\"Vaporesso ECO Nano 2 Pod\"><br \/><img decoding=\"async\" src=\"https:\/\/global-hookah.com\/wp-content\/uploads\/2024\/09\/vaporesso-eco-nano-2-pod-4.jpg?w=1400&amp;h=814\" alt=\"Vaporesso ECO Nano 2 Pod\"><br \/><img decoding=\"async\" src=\"https:\/\/global-hookah.com\/wp-content\/uploads\/2024\/09\/vaporesso-eco-nano-2-pod-5.jpg?w=1400&amp;h=780\" alt=\"Vaporesso ECO Nano 2 Pod\"><br \/><img decoding=\"async\" src=\"https:\/\/global-hookah.com\/wp-content\/uploads\/2024\/09\/vaporesso-eco-nano-2-pod-6.jpg?w=1400&amp;h=837\" alt=\"Vaporesso ECO Nano 2 Pod\"><br \/><img decoding=\"async\" src=\"https:\/\/global-hookah.com\/wp-content\/uploads\/2024\/09\/vaporesso-eco-nano-2-pod-7.jpg?w=1400&amp;h=899\" alt=\"Vaporesso ECO Nano 2 Pod\"><br \/><img decoding=\"async\" src=\"https:\/\/global-hookah.com\/wp-content\/uploads\/2024\/09\/vaporesso-eco-nano-2-pod-8.jpg?w=1400&amp;h=781\" alt=\"Vaporesso ECO Nano 2 Pod\"><br \/><img decoding=\"async\" src=\"https:\/\/global-hookah.com\/wp-content\/uploads\/2024\/09\/vaporesso-eco-nano-2-pod-9.jpg?w=1247&amp;h=591\" alt=\"Vaporesso ECO Nano 2 Pod\"><br \/><img decoding=\"async\" src=\"https:\/\/global-hookah.com\/wp-content\/uploads\/2024\/09\/vaporesso-eco-nano-2-pod-101.jpg?w=1400&amp;h=642\" alt=\"Vaporesso ECO Nano 2 Pod\"><\/p>\n<p><\/p>","protected":false},"excerpt":{"rendered":"<p>Die ECO Nano 2 Pod-System verf\u00fcgt \u00fcber eine 1000mAh interne Batterie und ein 6ml pod designed.Crafted von langlebigen Zinklegierung.<\/p>","protected":false},"featured_media":29298,"comment_status":"closed","ping_status":"closed","template":"","meta":{"iawp_total_views":0,"_joinchat":[]},"product_brand":[],"product_cat":[415],"product_tag":[],"class_list":{"0":"post-28882","1":"product","2":"type-product","3":"status-publish","4":"has-post-thumbnail","6":"product_cat-accessories","8":"first","9":"instock","10":"sale","11":"shipping-taxable","12":"purchasable","13":"product-type-variable"},"yoast_head":"<!-- This site is optimized with the Yoast SEO Premium plugin v24.7 (Yoast SEO v26.8) - https:\/\/yoast.com\/product\/yoast-seo-premium-wordpress\/ -->\n<title>Global-CN02 Vaporesso ECO Nano 2 Pod System Kit 1000mAh 6ml - Global Hookah<\/title>\n<meta name=\"robots\" content=\"index, follow, max-snippet:-1, max-image-preview:large, max-video-preview:-1\" \/>\n<link rel=\"canonical\" href=\"https:\/\/global-hookah.com\/de\/produkt\/global-cn02-vaporesso-eco-nano-2-pod-system-kit-1000mah-6ml\/\" \/>\n<meta property=\"og:locale\" content=\"de_DE\" \/>\n<meta property=\"og:type\" content=\"article\" \/>\n<meta property=\"og:title\" content=\"Global-CN02 Vaporesso ECO Nano 2 Pod System Kit 1000mAh 6ml\" \/>\n<meta property=\"og:description\" content=\"The ECO Nano 2 Pod system features a 1000mAh internal battery and a 6ml pod designed.Crafted from durable zinc alloy.\" \/>\n<meta property=\"og:url\" content=\"https:\/\/global-hookah.com\/de\/produkt\/global-cn02-vaporesso-eco-nano-2-pod-system-kit-1000mah-6ml\/\" \/>\n<meta property=\"og:site_name\" content=\"Global Hookah\" \/>\n<meta property=\"article:modified_time\" content=\"2024-09-27T02:23:09+00:00\" \/>\n<meta property=\"og:image\" content=\"https:\/\/global-hookah.com\/wp-content\/uploads\/2024\/09\/vaporesso-eco-nano-2-pod-1.jpg\" \/>\n\t<meta property=\"og:image:width\" content=\"800\" \/>\n\t<meta property=\"og:image:height\" content=\"800\" \/>\n\t<meta property=\"og:image:type\" content=\"image\/jpeg\" \/>\n<meta name=\"twitter:card\" content=\"summary_large_image\" \/>\n<meta name=\"twitter:label1\" content=\"Gesch\u00e4tzte Lesezeit\" \/>\n\t<meta name=\"twitter:data1\" content=\"1\u00a0Minute\" \/>\n<script type=\"application\/ld+json\" class=\"yoast-schema-graph\">{\"@context\":\"https:\/\/schema.org\",\"@graph\":[{\"@type\":\"WebPage\",\"@id\":\"https:\/\/global-hookah.com\/product\/global-cn02-vaporesso-eco-nano-2-pod-system-kit-1000mah-6ml\/\",\"url\":\"https:\/\/global-hookah.com\/product\/global-cn02-vaporesso-eco-nano-2-pod-system-kit-1000mah-6ml\/\",\"name\":\"Global-CN02 Vaporesso ECO Nano 2 Pod System Kit 1000mAh 6ml - Global Hookah\",\"isPartOf\":{\"@id\":\"https:\/\/global-hookah.com\/#website\"},\"primaryImageOfPage\":{\"@id\":\"https:\/\/global-hookah.com\/product\/global-cn02-vaporesso-eco-nano-2-pod-system-kit-1000mah-6ml\/#primaryimage\"},\"image\":{\"@id\":\"https:\/\/global-hookah.com\/product\/global-cn02-vaporesso-eco-nano-2-pod-system-kit-1000mah-6ml\/#primaryimage\"},\"thumbnailUrl\":\"https:\/\/global-hookah.com\/wp-content\/uploads\/2024\/09\/vaporesso-eco-nano-2-pod-1.jpg\",\"datePublished\":\"2024-09-27T02:10:44+00:00\",\"dateModified\":\"2024-09-27T02:23:09+00:00\",\"breadcrumb\":{\"@id\":\"https:\/\/global-hookah.com\/product\/global-cn02-vaporesso-eco-nano-2-pod-system-kit-1000mah-6ml\/#breadcrumb\"},\"inLanguage\":\"de\",\"potentialAction\":[{\"@type\":\"ReadAction\",\"target\":[\"https:\/\/global-hookah.com\/product\/global-cn02-vaporesso-eco-nano-2-pod-system-kit-1000mah-6ml\/\"]}]},{\"@type\":\"ImageObject\",\"inLanguage\":\"de\",\"@id\":\"https:\/\/global-hookah.com\/product\/global-cn02-vaporesso-eco-nano-2-pod-system-kit-1000mah-6ml\/#primaryimage\",\"url\":\"https:\/\/global-hookah.com\/wp-content\/uploads\/2024\/09\/vaporesso-eco-nano-2-pod-1.jpg\",\"contentUrl\":\"https:\/\/global-hookah.com\/wp-content\/uploads\/2024\/09\/vaporesso-eco-nano-2-pod-1.jpg\",\"width\":800,\"height\":800},{\"@type\":\"BreadcrumbList\",\"@id\":\"https:\/\/global-hookah.com\/product\/global-cn02-vaporesso-eco-nano-2-pod-system-kit-1000mah-6ml\/#breadcrumb\",\"itemListElement\":[{\"@type\":\"ListItem\",\"position\":1,\"name\":\"Home\",\"item\":\"https:\/\/global-hookah.com\/\"},{\"@type\":\"ListItem\",\"position\":2,\"name\":\"Shop\",\"item\":\"https:\/\/global-hookah.com\/shop\/\"},{\"@type\":\"ListItem\",\"position\":3,\"name\":\"Global-CN02 Vaporesso ECO Nano 2 Pod System Kit 1000mAh 6ml\"}]},{\"@type\":\"WebSite\",\"@id\":\"https:\/\/global-hookah.com\/#website\",\"url\":\"https:\/\/global-hookah.com\/\",\"name\":\"Global Hookah\",\"description\":\"Global Hookah\",\"publisher\":{\"@id\":\"https:\/\/global-hookah.com\/#organization\"},\"potentialAction\":[{\"@type\":\"SearchAction\",\"target\":{\"@type\":\"EntryPoint\",\"urlTemplate\":\"https:\/\/global-hookah.com\/?s={search_term_string}\"},\"query-input\":{\"@type\":\"PropertyValueSpecification\",\"valueRequired\":true,\"valueName\":\"search_term_string\"}}],\"inLanguage\":\"de\"},{\"@type\":\"Organization\",\"@id\":\"https:\/\/global-hookah.com\/#organization\",\"name\":\"Global Hookah\",\"url\":\"https:\/\/global-hookah.com\/\",\"logo\":{\"@type\":\"ImageObject\",\"inLanguage\":\"de\",\"@id\":\"https:\/\/global-hookah.com\/#\/schema\/logo\/image\/\",\"url\":\"https:\/\/global-hookah.com\/wp-content\/uploads\/2021\/10\/cropped-fgg.png\",\"contentUrl\":\"https:\/\/global-hookah.com\/wp-content\/uploads\/2021\/10\/cropped-fgg.png\",\"width\":512,\"height\":512,\"caption\":\"Global Hookah\"},\"image\":{\"@id\":\"https:\/\/global-hookah.com\/#\/schema\/logo\/image\/\"}}]}<\/script>\n<!-- \/ Yoast SEO Premium plugin. -->","yoast_head_json":{"title":"Global-CN02 Vaporesso ECO Nano 2 Pod System Kit 1000mAh 6ml - Global Hookah","robots":{"index":"index","follow":"follow","max-snippet":"max-snippet:-1","max-image-preview":"max-image-preview:large","max-video-preview":"max-video-preview:-1"},"canonical":"https:\/\/global-hookah.com\/de\/produkt\/global-cn02-vaporesso-eco-nano-2-pod-system-kit-1000mah-6ml\/","og_locale":"de_DE","og_type":"article","og_title":"Global-CN02 Vaporesso ECO Nano 2 Pod System Kit 1000mAh 6ml","og_description":"The ECO Nano 2 Pod system features a 1000mAh internal battery and a 6ml pod designed.Crafted from durable zinc alloy.","og_url":"https:\/\/global-hookah.com\/de\/produkt\/global-cn02-vaporesso-eco-nano-2-pod-system-kit-1000mah-6ml\/","og_site_name":"Global Hookah","article_modified_time":"2024-09-27T02:23:09+00:00","og_image":[{"width":800,"height":800,"url":"https:\/\/global-hookah.com\/wp-content\/uploads\/2024\/09\/vaporesso-eco-nano-2-pod-1.jpg","type":"image\/jpeg"}],"twitter_card":"summary_large_image","twitter_misc":{"Gesch\u00e4tzte Lesezeit":"1\u00a0Minute"},"schema":{"@context":"https:\/\/schema.org","@graph":[{"@type":"WebPage","@id":"https:\/\/global-hookah.com\/product\/global-cn02-vaporesso-eco-nano-2-pod-system-kit-1000mah-6ml\/","url":"https:\/\/global-hookah.com\/product\/global-cn02-vaporesso-eco-nano-2-pod-system-kit-1000mah-6ml\/","name":"Global-CN02 Vaporesso ECO Nano 2 Pod System Kit 1000mAh 6ml - Global Hookah","isPartOf":{"@id":"https:\/\/global-hookah.com\/#website"},"primaryImageOfPage":{"@id":"https:\/\/global-hookah.com\/product\/global-cn02-vaporesso-eco-nano-2-pod-system-kit-1000mah-6ml\/#primaryimage"},"image":{"@id":"https:\/\/global-hookah.com\/product\/global-cn02-vaporesso-eco-nano-2-pod-system-kit-1000mah-6ml\/#primaryimage"},"thumbnailUrl":"https:\/\/global-hookah.com\/wp-content\/uploads\/2024\/09\/vaporesso-eco-nano-2-pod-1.jpg","datePublished":"2024-09-27T02:10:44+00:00","dateModified":"2024-09-27T02:23:09+00:00","breadcrumb":{"@id":"https:\/\/global-hookah.com\/product\/global-cn02-vaporesso-eco-nano-2-pod-system-kit-1000mah-6ml\/#breadcrumb"},"inLanguage":"de","potentialAction":[{"@type":"ReadAction","target":["https:\/\/global-hookah.com\/product\/global-cn02-vaporesso-eco-nano-2-pod-system-kit-1000mah-6ml\/"]}]},{"@type":"ImageObject","inLanguage":"de","@id":"https:\/\/global-hookah.com\/product\/global-cn02-vaporesso-eco-nano-2-pod-system-kit-1000mah-6ml\/#primaryimage","url":"https:\/\/global-hookah.com\/wp-content\/uploads\/2024\/09\/vaporesso-eco-nano-2-pod-1.jpg","contentUrl":"https:\/\/global-hookah.com\/wp-content\/uploads\/2024\/09\/vaporesso-eco-nano-2-pod-1.jpg","width":800,"height":800},{"@type":"BreadcrumbList","@id":"https:\/\/global-hookah.com\/product\/global-cn02-vaporesso-eco-nano-2-pod-system-kit-1000mah-6ml\/#breadcrumb","itemListElement":[{"@type":"ListItem","position":1,"name":"Home","item":"https:\/\/global-hookah.com\/"},{"@type":"ListItem","position":2,"name":"Shop","item":"https:\/\/global-hookah.com\/shop\/"},{"@type":"ListItem","position":3,"name":"Global-CN02 Vaporesso ECO Nano 2 Pod System Kit 1000mAh 6ml"}]},{"@type":"WebSite","@id":"https:\/\/global-hookah.com\/#website","url":"https:\/\/global-hookah.com\/","name":"Globale Wasserpfeife","description":"Globale Wasserpfeife","publisher":{"@id":"https:\/\/global-hookah.com\/#organization"},"potentialAction":[{"@type":"SearchAction","target":{"@type":"EntryPoint","urlTemplate":"https:\/\/global-hookah.com\/?s={search_term_string}"},"query-input":{"@type":"PropertyValueSpecification","valueRequired":true,"valueName":"search_term_string"}}],"inLanguage":"de"},{"@type":"Organization","@id":"https:\/\/global-hookah.com\/#organization","name":"Globale Wasserpfeife","url":"https:\/\/global-hookah.com\/","logo":{"@type":"ImageObject","inLanguage":"de","@id":"https:\/\/global-hookah.com\/#\/schema\/logo\/image\/","url":"https:\/\/global-hookah.com\/wp-content\/uploads\/2021\/10\/cropped-fgg.png","contentUrl":"https:\/\/global-hookah.com\/wp-content\/uploads\/2021\/10\/cropped-fgg.png","width":512,"height":512,"caption":"Global Hookah"},"image":{"@id":"https:\/\/global-hookah.com\/#\/schema\/logo\/image\/"}}]}},"_links":{"self":[{"href":"https:\/\/global-hookah.com\/de\/wp-json\/wp\/v2\/product\/28882","targetHints":{"allow":["GET"]}}],"collection":[{"href":"https:\/\/global-hookah.com\/de\/wp-json\/wp\/v2\/product"}],"about":[{"href":"https:\/\/global-hookah.com\/de\/wp-json\/wp\/v2\/types\/product"}],"replies":[{"embeddable":true,"href":"https:\/\/global-hookah.com\/de\/wp-json\/wp\/v2\/comments?post=28882"}],"version-history":[{"count":0,"href":"https:\/\/global-hookah.com\/de\/wp-json\/wp\/v2\/product\/28882\/revisions"}],"wp:featuredmedia":[{"embeddable":true,"href":"https:\/\/global-hookah.com\/de\/wp-json\/wp\/v2\/media\/29298"}],"wp:attachment":[{"href":"https:\/\/global-hookah.com\/de\/wp-json\/wp\/v2\/media?parent=28882"}],"wp:term":[{"taxonomy":"product_brand","embeddable":true,"href":"https:\/\/global-hookah.com\/de\/wp-json\/wp\/v2\/product_brand?post=28882"},{"taxonomy":"product_cat","embeddable":true,"href":"https:\/\/global-hookah.com\/de\/wp-json\/wp\/v2\/product_cat?post=28882"},{"taxonomy":"product_tag","embeddable":true,"href":"https:\/\/global-hookah.com\/de\/wp-json\/wp\/v2\/product_tag?post=28882"}],"curies":[{"name":"wp","href":"https:\/\/api.w.org\/{rel}","templated":true}]}}