{"id":28894,"date":"2024-09-27T02:10:46","date_gmt":"2024-09-27T02:10:46","guid":{"rendered":"https:\/\/global-hookah.com\/product\/global-cn02-uwell-caliburn-g3-lite-pod-system-kit-1200mah-2-5ml\/"},"modified":"2024-09-27T02:23:11","modified_gmt":"2024-09-27T02:23:11","slug":"global-cn02-uwell-caliburn-g3-lite-pod-system-kit-1200mah-2-5ml","status":"publish","type":"product","link":"https:\/\/global-hookah.com\/de\/produkt\/global-cn02-uwell-caliburn-g3-lite-pod-system-kit-1200mah-2-5ml\/","title":{"rendered":"Global-CN02 Uwell Caliburn G3 Lite Pod System Kit 1200mAh 2.5ml"},"content":{"rendered":"<p>Uwell Caliburn G3 Lite ist die kosteng\u00fcnstigste Wahl f\u00fcr fast alle Anf\u00e4nger, die \u00fcber FLV und Preis k\u00fcmmern. G3 Lite schlie\u00dft sich die H\u00e4nde mit G3 PF pod. bietet zehn FLV Optionen f\u00fcr Benutzer. Au\u00dferdem ist er mit allen G3-Patronen (0,6ohm\/0,9ohm\/1,2ohm) kompatibel und erf\u00fcllt die Bed\u00fcrfnisse von Freebase bis NCT-Salz. Der U\u00b2 Anti-Leck-Mechanismus (Ultraschallverschwei\u00dfung * U-f\u00f6rmiger Kanal) in der Kartusche sorgt f\u00fcr eine 150% Anti-Leck-Verbesserung im Vergleich zu anderen auf dem Markt. Erleben Sie Caliburn FLV 3.0 in seinem gr\u00f6\u00dften Ausma\u00df. es liefern sunmatched FLV Zufriedenheit in jedem Zug. Der fortschrittliche 1200-mAh-Akku verspricht ein l\u00e4nger anhaltendes Dampfen und macht Schluss mit der Angst vor h\u00e4ufigem Aufladen.<\/p>\n<p>Marke: Uwell<br \/>Einheit:1Satz<br \/>Materialien: PCTG. PC<br \/>Abmessungen: 111,4 mm * 28,8 mm * 16,3 mm<br \/>E-LQ Kapazit\u00e4t: 2,5 ml (INT.\/FDA). 2ml (TPD)<br \/>Ausgangsleistung: Maximal 25W<br \/>Patrone Spezifikationen: FeCrAl Meshed 0.6ohm Caliburn G3 Integrated Coil Cartridge (Seite nachf\u00fcllen)(INT.\/FDA). FeCrAl Meshed 0.9ohm Caliburn G3 Integrierte Spule Patrone (top refill)(TPD)<br \/>Batteriekapazit\u00e4t: 1200mAh<br \/>Paket:Geschenke Box<\/p>\n<p><strong><font color=\"#ff7301\" size=\"4px\">Jedes Set enth\u00e4lt:<\/font><\/strong><br \/>1St\u00fcck Caliburn G3 Lite Ger\u00e4t<br \/>1pc 0.6ohm Caliburn G3 Integrierte Spule Patrone (Seite nachf\u00fcllen)<br \/>1St\u00fcck Benutzerhandbuch<\/p>\n<p><img decoding=\"async\" src=\"https:\/\/global-hookah.com\/wp-content\/uploads\/2024\/09\/Caliburn-G3-Lite-Kit-11.jpg?w=1248&amp;h=509\" alt=\"Uwell Caliburn G3 Lite Kit\"><br \/><img decoding=\"async\" src=\"https:\/\/global-hookah.com\/wp-content\/uploads\/2024\/09\/Caliburn-G3-Lite-Kit-12.jpg?w=1248&amp;h=543\" alt=\"Uwell Caliburn G3 Lite Kit\"><br \/><img decoding=\"async\" src=\"https:\/\/global-hookah.com\/wp-content\/uploads\/2024\/09\/Caliburn-G3-Lite-Kit-13.jpg?w=1248&amp;h=532\" alt=\"Uwell Caliburn G3 Lite Kit\"><br \/><img decoding=\"async\" src=\"https:\/\/global-hookah.com\/wp-content\/uploads\/2024\/09\/Caliburn-G3-Lite-Kit-14.jpg?w=1248&amp;h=649\" alt=\"Uwell Caliburn G3 Lite Kit\"><br \/><img decoding=\"async\" src=\"https:\/\/global-hookah.com\/wp-content\/uploads\/2024\/09\/Caliburn-G3-Lite-Kit-15.jpg?w=1248&amp;h=678\" alt=\"Uwell Caliburn G3 Lite Kit\"><br \/><img decoding=\"async\" src=\"https:\/\/global-hookah.com\/wp-content\/uploads\/2024\/09\/Caliburn-G3-Lite-Kit-16.jpg?w=1248&amp;h=623\" alt=\"Uwell Caliburn G3 Lite Kit\"><br \/><img decoding=\"async\" src=\"https:\/\/global-hookah.com\/wp-content\/uploads\/2024\/09\/Caliburn-G3-Lite-Kit-17.jpg?w=1248&amp;h=677\" alt=\"Uwell Caliburn G3 Lite Kit\"><br \/><img decoding=\"async\" src=\"https:\/\/global-hookah.com\/wp-content\/uploads\/2024\/09\/Caliburn-G3-Lite-Kit-18.jpg?w=1248&amp;h=588\" alt=\"Uwell Caliburn G3 Lite Kit\"><br \/><img decoding=\"async\" src=\"https:\/\/global-hookah.com\/wp-content\/uploads\/2024\/09\/Caliburn-G3-Lite-Kit-19.jpg?w=1248&amp;h=501\" alt=\"Uwell Caliburn G3 Lite Kit\"><br \/><img decoding=\"async\" src=\"https:\/\/global-hookah.com\/wp-content\/uploads\/2024\/09\/Caliburn-G3-Lite-Kit-20.jpg?w=1248&amp;h=738\" alt=\"Uwell Caliburn G3 Lite Kit\"><\/p>\n<p><\/p>","protected":false},"excerpt":{"rendered":"<p>Uwell Caliburn G3 Lite ist die kosteng\u00fcnstigste Wahl f\u00fcr fast alle Anf\u00e4nger, die auf FLV und Preis achten. G3<\/p>","protected":false},"featured_media":29330,"comment_status":"closed","ping_status":"closed","template":"","meta":{"iawp_total_views":2,"_joinchat":[]},"product_brand":[],"product_cat":[415],"product_tag":[],"class_list":{"0":"post-28894","1":"product","2":"type-product","3":"status-publish","4":"has-post-thumbnail","6":"product_cat-accessories","8":"first","9":"instock","10":"sale","11":"shipping-taxable","12":"purchasable","13":"product-type-variable"},"yoast_head":"<!-- This site is optimized with the Yoast SEO Premium plugin v24.7 (Yoast SEO v26.8) - https:\/\/yoast.com\/product\/yoast-seo-premium-wordpress\/ -->\n<title>Global-CN02 Uwell Caliburn G3 Lite Pod System Kit 1200mAh 2.5ml - Global Hookah<\/title>\n<meta name=\"robots\" content=\"index, follow, max-snippet:-1, max-image-preview:large, max-video-preview:-1\" \/>\n<link rel=\"canonical\" href=\"https:\/\/global-hookah.com\/de\/produkt\/global-cn02-uwell-caliburn-g3-lite-pod-system-kit-1200mah-2-5ml\/\" \/>\n<meta property=\"og:locale\" content=\"de_DE\" \/>\n<meta property=\"og:type\" content=\"article\" \/>\n<meta property=\"og:title\" content=\"Global-CN02 Uwell Caliburn G3 Lite Pod System Kit 1200mAh 2.5ml\" \/>\n<meta property=\"og:description\" content=\"Uwell Caliburn G3 Lite is the most cost-effective choice for almost all beginners who care about FLV and price. G3\" \/>\n<meta property=\"og:url\" content=\"https:\/\/global-hookah.com\/de\/produkt\/global-cn02-uwell-caliburn-g3-lite-pod-system-kit-1200mah-2-5ml\/\" \/>\n<meta property=\"og:site_name\" content=\"Global Hookah\" \/>\n<meta property=\"article:modified_time\" content=\"2024-09-27T02:23:11+00:00\" \/>\n<meta property=\"og:image\" content=\"https:\/\/global-hookah.com\/wp-content\/uploads\/2024\/09\/Caliburn-G3-Lite-Kit-1.jpg\" \/>\n\t<meta property=\"og:image:width\" content=\"800\" \/>\n\t<meta property=\"og:image:height\" content=\"800\" \/>\n\t<meta property=\"og:image:type\" content=\"image\/jpeg\" \/>\n<meta name=\"twitter:card\" content=\"summary_large_image\" \/>\n<meta name=\"twitter:label1\" content=\"Gesch\u00e4tzte Lesezeit\" \/>\n\t<meta name=\"twitter:data1\" content=\"1\u00a0Minute\" \/>\n<script type=\"application\/ld+json\" class=\"yoast-schema-graph\">{\"@context\":\"https:\/\/schema.org\",\"@graph\":[{\"@type\":\"WebPage\",\"@id\":\"https:\/\/global-hookah.com\/product\/global-cn02-uwell-caliburn-g3-lite-pod-system-kit-1200mah-2-5ml\/\",\"url\":\"https:\/\/global-hookah.com\/product\/global-cn02-uwell-caliburn-g3-lite-pod-system-kit-1200mah-2-5ml\/\",\"name\":\"Global-CN02 Uwell Caliburn G3 Lite Pod System Kit 1200mAh 2.5ml - Global Hookah\",\"isPartOf\":{\"@id\":\"https:\/\/global-hookah.com\/#website\"},\"primaryImageOfPage\":{\"@id\":\"https:\/\/global-hookah.com\/product\/global-cn02-uwell-caliburn-g3-lite-pod-system-kit-1200mah-2-5ml\/#primaryimage\"},\"image\":{\"@id\":\"https:\/\/global-hookah.com\/product\/global-cn02-uwell-caliburn-g3-lite-pod-system-kit-1200mah-2-5ml\/#primaryimage\"},\"thumbnailUrl\":\"https:\/\/global-hookah.com\/wp-content\/uploads\/2024\/09\/Caliburn-G3-Lite-Kit-1.jpg\",\"datePublished\":\"2024-09-27T02:10:46+00:00\",\"dateModified\":\"2024-09-27T02:23:11+00:00\",\"breadcrumb\":{\"@id\":\"https:\/\/global-hookah.com\/product\/global-cn02-uwell-caliburn-g3-lite-pod-system-kit-1200mah-2-5ml\/#breadcrumb\"},\"inLanguage\":\"de\",\"potentialAction\":[{\"@type\":\"ReadAction\",\"target\":[\"https:\/\/global-hookah.com\/product\/global-cn02-uwell-caliburn-g3-lite-pod-system-kit-1200mah-2-5ml\/\"]}]},{\"@type\":\"ImageObject\",\"inLanguage\":\"de\",\"@id\":\"https:\/\/global-hookah.com\/product\/global-cn02-uwell-caliburn-g3-lite-pod-system-kit-1200mah-2-5ml\/#primaryimage\",\"url\":\"https:\/\/global-hookah.com\/wp-content\/uploads\/2024\/09\/Caliburn-G3-Lite-Kit-1.jpg\",\"contentUrl\":\"https:\/\/global-hookah.com\/wp-content\/uploads\/2024\/09\/Caliburn-G3-Lite-Kit-1.jpg\",\"width\":800,\"height\":800},{\"@type\":\"BreadcrumbList\",\"@id\":\"https:\/\/global-hookah.com\/product\/global-cn02-uwell-caliburn-g3-lite-pod-system-kit-1200mah-2-5ml\/#breadcrumb\",\"itemListElement\":[{\"@type\":\"ListItem\",\"position\":1,\"name\":\"Home\",\"item\":\"https:\/\/global-hookah.com\/\"},{\"@type\":\"ListItem\",\"position\":2,\"name\":\"Shop\",\"item\":\"https:\/\/global-hookah.com\/shop\/\"},{\"@type\":\"ListItem\",\"position\":3,\"name\":\"Global-CN02 Uwell Caliburn G3 Lite Pod System Kit 1200mAh 2.5ml\"}]},{\"@type\":\"WebSite\",\"@id\":\"https:\/\/global-hookah.com\/#website\",\"url\":\"https:\/\/global-hookah.com\/\",\"name\":\"Global Hookah\",\"description\":\"Global Hookah\",\"publisher\":{\"@id\":\"https:\/\/global-hookah.com\/#organization\"},\"potentialAction\":[{\"@type\":\"SearchAction\",\"target\":{\"@type\":\"EntryPoint\",\"urlTemplate\":\"https:\/\/global-hookah.com\/?s={search_term_string}\"},\"query-input\":{\"@type\":\"PropertyValueSpecification\",\"valueRequired\":true,\"valueName\":\"search_term_string\"}}],\"inLanguage\":\"de\"},{\"@type\":\"Organization\",\"@id\":\"https:\/\/global-hookah.com\/#organization\",\"name\":\"Global Hookah\",\"url\":\"https:\/\/global-hookah.com\/\",\"logo\":{\"@type\":\"ImageObject\",\"inLanguage\":\"de\",\"@id\":\"https:\/\/global-hookah.com\/#\/schema\/logo\/image\/\",\"url\":\"https:\/\/global-hookah.com\/wp-content\/uploads\/2021\/10\/cropped-fgg.png\",\"contentUrl\":\"https:\/\/global-hookah.com\/wp-content\/uploads\/2021\/10\/cropped-fgg.png\",\"width\":512,\"height\":512,\"caption\":\"Global Hookah\"},\"image\":{\"@id\":\"https:\/\/global-hookah.com\/#\/schema\/logo\/image\/\"}}]}<\/script>\n<!-- \/ Yoast SEO Premium plugin. -->","yoast_head_json":{"title":"Global-CN02 Uwell Caliburn G3 Lite Pod System Kit 1200mAh 2.5ml - Global Hookah","robots":{"index":"index","follow":"follow","max-snippet":"max-snippet:-1","max-image-preview":"max-image-preview:large","max-video-preview":"max-video-preview:-1"},"canonical":"https:\/\/global-hookah.com\/de\/produkt\/global-cn02-uwell-caliburn-g3-lite-pod-system-kit-1200mah-2-5ml\/","og_locale":"de_DE","og_type":"article","og_title":"Global-CN02 Uwell Caliburn G3 Lite Pod System Kit 1200mAh 2.5ml","og_description":"Uwell Caliburn G3 Lite is the most cost-effective choice for almost all beginners who care about FLV and price. G3","og_url":"https:\/\/global-hookah.com\/de\/produkt\/global-cn02-uwell-caliburn-g3-lite-pod-system-kit-1200mah-2-5ml\/","og_site_name":"Global Hookah","article_modified_time":"2024-09-27T02:23:11+00:00","og_image":[{"width":800,"height":800,"url":"https:\/\/global-hookah.com\/wp-content\/uploads\/2024\/09\/Caliburn-G3-Lite-Kit-1.jpg","type":"image\/jpeg"}],"twitter_card":"summary_large_image","twitter_misc":{"Gesch\u00e4tzte Lesezeit":"1\u00a0Minute"},"schema":{"@context":"https:\/\/schema.org","@graph":[{"@type":"WebPage","@id":"https:\/\/global-hookah.com\/product\/global-cn02-uwell-caliburn-g3-lite-pod-system-kit-1200mah-2-5ml\/","url":"https:\/\/global-hookah.com\/product\/global-cn02-uwell-caliburn-g3-lite-pod-system-kit-1200mah-2-5ml\/","name":"Global-CN02 Uwell Caliburn G3 Lite Pod System Kit 1200mAh 2.5ml - Global Hookah","isPartOf":{"@id":"https:\/\/global-hookah.com\/#website"},"primaryImageOfPage":{"@id":"https:\/\/global-hookah.com\/product\/global-cn02-uwell-caliburn-g3-lite-pod-system-kit-1200mah-2-5ml\/#primaryimage"},"image":{"@id":"https:\/\/global-hookah.com\/product\/global-cn02-uwell-caliburn-g3-lite-pod-system-kit-1200mah-2-5ml\/#primaryimage"},"thumbnailUrl":"https:\/\/global-hookah.com\/wp-content\/uploads\/2024\/09\/Caliburn-G3-Lite-Kit-1.jpg","datePublished":"2024-09-27T02:10:46+00:00","dateModified":"2024-09-27T02:23:11+00:00","breadcrumb":{"@id":"https:\/\/global-hookah.com\/product\/global-cn02-uwell-caliburn-g3-lite-pod-system-kit-1200mah-2-5ml\/#breadcrumb"},"inLanguage":"de","potentialAction":[{"@type":"ReadAction","target":["https:\/\/global-hookah.com\/product\/global-cn02-uwell-caliburn-g3-lite-pod-system-kit-1200mah-2-5ml\/"]}]},{"@type":"ImageObject","inLanguage":"de","@id":"https:\/\/global-hookah.com\/product\/global-cn02-uwell-caliburn-g3-lite-pod-system-kit-1200mah-2-5ml\/#primaryimage","url":"https:\/\/global-hookah.com\/wp-content\/uploads\/2024\/09\/Caliburn-G3-Lite-Kit-1.jpg","contentUrl":"https:\/\/global-hookah.com\/wp-content\/uploads\/2024\/09\/Caliburn-G3-Lite-Kit-1.jpg","width":800,"height":800},{"@type":"BreadcrumbList","@id":"https:\/\/global-hookah.com\/product\/global-cn02-uwell-caliburn-g3-lite-pod-system-kit-1200mah-2-5ml\/#breadcrumb","itemListElement":[{"@type":"ListItem","position":1,"name":"Home","item":"https:\/\/global-hookah.com\/"},{"@type":"ListItem","position":2,"name":"Shop","item":"https:\/\/global-hookah.com\/shop\/"},{"@type":"ListItem","position":3,"name":"Global-CN02 Uwell Caliburn G3 Lite Pod System Kit 1200mAh 2.5ml"}]},{"@type":"WebSite","@id":"https:\/\/global-hookah.com\/#website","url":"https:\/\/global-hookah.com\/","name":"Globale Wasserpfeife","description":"Globale Wasserpfeife","publisher":{"@id":"https:\/\/global-hookah.com\/#organization"},"potentialAction":[{"@type":"SearchAction","target":{"@type":"EntryPoint","urlTemplate":"https:\/\/global-hookah.com\/?s={search_term_string}"},"query-input":{"@type":"PropertyValueSpecification","valueRequired":true,"valueName":"search_term_string"}}],"inLanguage":"de"},{"@type":"Organization","@id":"https:\/\/global-hookah.com\/#organization","name":"Globale Wasserpfeife","url":"https:\/\/global-hookah.com\/","logo":{"@type":"ImageObject","inLanguage":"de","@id":"https:\/\/global-hookah.com\/#\/schema\/logo\/image\/","url":"https:\/\/global-hookah.com\/wp-content\/uploads\/2021\/10\/cropped-fgg.png","contentUrl":"https:\/\/global-hookah.com\/wp-content\/uploads\/2021\/10\/cropped-fgg.png","width":512,"height":512,"caption":"Global Hookah"},"image":{"@id":"https:\/\/global-hookah.com\/#\/schema\/logo\/image\/"}}]}},"_links":{"self":[{"href":"https:\/\/global-hookah.com\/de\/wp-json\/wp\/v2\/product\/28894","targetHints":{"allow":["GET"]}}],"collection":[{"href":"https:\/\/global-hookah.com\/de\/wp-json\/wp\/v2\/product"}],"about":[{"href":"https:\/\/global-hookah.com\/de\/wp-json\/wp\/v2\/types\/product"}],"replies":[{"embeddable":true,"href":"https:\/\/global-hookah.com\/de\/wp-json\/wp\/v2\/comments?post=28894"}],"version-history":[{"count":0,"href":"https:\/\/global-hookah.com\/de\/wp-json\/wp\/v2\/product\/28894\/revisions"}],"wp:featuredmedia":[{"embeddable":true,"href":"https:\/\/global-hookah.com\/de\/wp-json\/wp\/v2\/media\/29330"}],"wp:attachment":[{"href":"https:\/\/global-hookah.com\/de\/wp-json\/wp\/v2\/media?parent=28894"}],"wp:term":[{"taxonomy":"product_brand","embeddable":true,"href":"https:\/\/global-hookah.com\/de\/wp-json\/wp\/v2\/product_brand?post=28894"},{"taxonomy":"product_cat","embeddable":true,"href":"https:\/\/global-hookah.com\/de\/wp-json\/wp\/v2\/product_cat?post=28894"},{"taxonomy":"product_tag","embeddable":true,"href":"https:\/\/global-hookah.com\/de\/wp-json\/wp\/v2\/product_tag?post=28894"}],"curies":[{"name":"wp","href":"https:\/\/api.w.org\/{rel}","templated":true}]}}