{"id":28907,"date":"2024-09-27T02:10:47","date_gmt":"2024-09-27T02:10:47","guid":{"rendered":"https:\/\/global-hookah.com\/product\/global-cn02clearance-voopoo-argus-pro-pod-mod-kit-3000mah-4-5ml\/"},"modified":"2024-09-27T02:23:42","modified_gmt":"2024-09-27T02:23:42","slug":"global-cn02clearance-voopoo-argus-pro-pod-mod-kit-3000mah-4-5ml","status":"publish","type":"product","link":"https:\/\/global-hookah.com\/de\/produkt\/global-cn02clearance-voopoo-argus-pro-pod-mod-kit-3000mah-4-5ml\/","title":{"rendered":"Global-CN02Clearance Voopoo Argus Pro Pod Mod Kit 3000mAh 4.5ml"},"content":{"rendered":"<p>Die <strong>Voopoo<\/strong> Argus Pro 80W Pod Mod Kit. mit dem GENE.TT Chipsatz. verschiedene Ausgangsmodi. und die Kompatibilit\u00e4t mit der PnP Coil Serie. Der Argus Pro ist aus langlebiger Zinklegierung gefertigt und mit einem Hauch von Leder akzentuiert und liegt gut in der Hand. Der Argus Pro liegt ergonomisch gut in der Hand und kann dank der Lanyard-Befestigung sicher transportiert werden. Dar\u00fcber hinaus kann der Argus Pro in einer Vielzahl von Modi verwendet werden, um die Spule vor dem Verbrennen zu sch\u00fctzen oder eine individuelle Anpassung der Wattzahl zu erm\u00f6glichen. An der Basis befindet sich ein Typ-C-USB-Anschluss f\u00fcr schnelles Aufladen und Firmware-Updates, w\u00e4hrend sich an der Oberseite ein magnetischer Anschluss f\u00fcr PnP-Pods und Spulen der MTL- oder DTL-Variante befindet.<\/p>\n<p>Marke: VOOPOO<br \/>Einheit: 1 Satz<br \/>GENE.TT-Chipsatz<br \/>Abmessungen - 124 mm x 35 mm x 31 mm<br \/>Integrierter 3000mAh Akku<br \/>Wattzahl Leistungsbereich: 5-80W<br \/>Spannungsausgangsbereich: 3.2-4.2V<br \/>Widerstandsbereich: 0.1-3.0ohm<br \/>Zink-Legierung Chassis Konstruktion<br \/>OLED-Bildschirm<br \/>Zweifach geschlitzte, verschiebbare Luftstromanpassung<br \/>4.5mL Argus Pod<br \/>Bottom Fill System<br \/>Voopoo PnP Spule Serie: 0.3ohm PnP-VM1 Spule. 1.0ohm PnP-R1 Spule<br \/>2mL Argus MTL-Pod<br \/>Bottom Fill System<br \/>Zerst\u00e4uber Kurzschlussschutz<br \/>Niederohmiger Schutz<br \/>\u00dcberstromschutz am Ausgang<br \/>Typ-C-USB-Anschluss<br \/>Verpackung: Geschenkbox<\/p>\n<p><strong><font color=\"#ff7301\" size=\"4px\">Jedes Set enth\u00e4lt:<\/font><\/strong><br \/>1St\u00fcck Argus Pro Pod Mod<br \/>1pc 4.5ml PnP Pod<br \/>1pc Silikon Pod H\u00fclse<br \/>1pc 0.3ohm PnP-VM1 Spule<br \/>1pc 0.15ohm PnP-VM6 Spule<br \/>1St\u00fcck MicroUSB-Kabel<br \/>1St\u00fcck Benutzerhandbuch<\/p>\n<p><img decoding=\"async\" src=\"https:\/\/global-hookah.com\/wp-content\/uploads\/2024\/09\/Argus-Pro-Kit-11.jpg?w=1248&amp;h=718\" alt=\"Voopoo Argus Pro Kit\"><br \/><img decoding=\"async\" src=\"https:\/\/global-hookah.com\/wp-content\/uploads\/2024\/09\/Argus-Pro-Kit-12.jpg?w=1248&amp;h=686\" alt=\"Voopoo Argus Pro Kit\"><br \/><img decoding=\"async\" src=\"https:\/\/global-hookah.com\/wp-content\/uploads\/2024\/09\/Argus-Pro-Kit1-13.jpg?w=1248&amp;h=453\" alt=\"Voopoo Argus Pro Kit\"><br \/><img decoding=\"async\" src=\"https:\/\/global-hookah.com\/wp-content\/uploads\/2024\/09\/Argus-Pro-Kit-13.jpg?w=1248&amp;h=707\" alt=\"Voopoo Argus Pro Kit\"><br \/><img decoding=\"async\" src=\"https:\/\/global-hookah.com\/wp-content\/uploads\/2024\/09\/Argus-Pro-Kit-14.jpg?w=1248&amp;h=649\" alt=\"Voopoo Argus Pro Kit\"><br \/><img decoding=\"async\" src=\"https:\/\/global-hookah.com\/wp-content\/uploads\/2024\/09\/Argus-Pro-Kit-15.jpg?w=1248&amp;h=674\" alt=\"Voopoo Argus Pro Kit\"><br \/><img decoding=\"async\" src=\"https:\/\/global-hookah.com\/wp-content\/uploads\/2024\/09\/Argus-Pro-Kit-16.jpg?w=1248&amp;h=674\" alt=\"Voopoo Argus Pro Kit\"><br \/><img decoding=\"async\" src=\"https:\/\/global-hookah.com\/wp-content\/uploads\/2024\/09\/Argus-Pro-Kit-17.jpg?w=1248&amp;h=800\" alt=\"Voopoo Argus Pro Kit\"><br \/><img decoding=\"async\" src=\"https:\/\/global-hookah.com\/wp-content\/uploads\/2024\/09\/Argus-Pro-Kit-18.jpg?w=1248&amp;h=681\" alt=\"Voopoo Argus Pro Kit\"><br \/><img decoding=\"async\" src=\"https:\/\/global-hookah.com\/wp-content\/uploads\/2024\/09\/Argus-Pro-Kit-19.jpg?w=1248&amp;h=463\" alt=\"Voopoo Argus Pro Kit\"><br \/><img decoding=\"async\" src=\"https:\/\/global-hookah.com\/wp-content\/uploads\/2024\/09\/Argus-Pro-Kit-20.jpg?w=1248&amp;h=800\" alt=\"Voopoo Argus Pro Kit\"><br \/><img decoding=\"async\" src=\"https:\/\/global-hookah.com\/wp-content\/uploads\/2024\/09\/Argus-Pro-Kit-21.jpg?w=1248&amp;h=791\" alt=\"Voopoo Argus Pro Kit\"><br \/><img decoding=\"async\" src=\"https:\/\/global-hookah.com\/wp-content\/uploads\/2024\/09\/Argus-Pro-Kit-22.jpg?w=1248&amp;h=623\" alt=\"Voopoo Argus Pro Kit\"><br \/><img decoding=\"async\" src=\"https:\/\/global-hookah.com\/wp-content\/uploads\/2024\/09\/Argus-Pro-Kit-23.jpg?w=1248&amp;h=689\" alt=\"Voopoo Argus Pro Kit\"><br \/><img decoding=\"async\" src=\"https:\/\/global-hookah.com\/wp-content\/uploads\/2024\/09\/Argus-Pro-Kit-24.jpg?w=1248&amp;h=443\" alt=\"Voopoo Argus Pro Kit\"><br \/><img decoding=\"async\" src=\"https:\/\/global-hookah.com\/wp-content\/uploads\/2024\/09\/Argus-Pro-Kit-25.jpg?w=1248&amp;h=748\" alt=\"Voopoo Argus Pro Kit\"><br \/><img decoding=\"async\" src=\"https:\/\/global-hookah.com\/wp-content\/uploads\/2024\/09\/Argus-Pro-Kit-26.jpg?w=1248&amp;h=378\" alt=\"Voopoo Argus Pro Kit\"><br \/><img decoding=\"async\" src=\"https:\/\/global-hookah.com\/wp-content\/uploads\/2024\/09\/Argus-Pro-Kit-27.jpg?w=1248&amp;h=559\" alt=\"Voopoo Argus Pro Kit\"><br \/><img decoding=\"async\" src=\"https:\/\/global-hookah.com\/wp-content\/uploads\/2024\/09\/Argus-Pro-Kit-28.jpg?w=1248&amp;h=740\" alt=\"Voopoo Argus Pro Kit\"><\/p>\n<p><\/p>","protected":false},"excerpt":{"rendered":"<p>Die Voopoo Argus Pro 80W Pod Mod Kit. mit dem GENE.TT Chipsatz. verschiedene Ausgabe-Modi. und die Kompatibilit\u00e4t mit dem PnP<\/p>","protected":false},"featured_media":29380,"comment_status":"closed","ping_status":"closed","template":"","meta":{"iawp_total_views":4,"_joinchat":[]},"product_brand":[],"product_cat":[415],"product_tag":[],"class_list":{"0":"post-28907","1":"product","2":"type-product","3":"status-publish","4":"has-post-thumbnail","6":"product_cat-accessories","8":"first","9":"instock","10":"sale","11":"shipping-taxable","12":"purchasable","13":"product-type-variable"},"yoast_head":"<!-- This site is optimized with the Yoast SEO Premium plugin v24.7 (Yoast SEO v26.8) - https:\/\/yoast.com\/product\/yoast-seo-premium-wordpress\/ -->\n<title>Global-CN02Clearance Voopoo Argus Pro Pod Mod Kit 3000mAh 4.5ml - Global Hookah<\/title>\n<meta name=\"robots\" content=\"index, follow, max-snippet:-1, max-image-preview:large, max-video-preview:-1\" \/>\n<link rel=\"canonical\" href=\"https:\/\/global-hookah.com\/de\/produkt\/global-cn02clearance-voopoo-argus-pro-pod-mod-kit-3000mah-4-5ml\/\" \/>\n<meta property=\"og:locale\" content=\"de_DE\" \/>\n<meta property=\"og:type\" content=\"article\" \/>\n<meta property=\"og:title\" content=\"Global-CN02Clearance Voopoo Argus Pro Pod Mod Kit 3000mAh 4.5ml\" \/>\n<meta property=\"og:description\" content=\"The Voopoo Argus Pro 80W Pod Mod Kit. featuring the GENE.TT Chipset. various output modes. and compatibility with the PnP\" \/>\n<meta property=\"og:url\" content=\"https:\/\/global-hookah.com\/de\/produkt\/global-cn02clearance-voopoo-argus-pro-pod-mod-kit-3000mah-4-5ml\/\" \/>\n<meta property=\"og:site_name\" content=\"Global Hookah\" \/>\n<meta property=\"article:modified_time\" content=\"2024-09-27T02:23:42+00:00\" \/>\n<meta property=\"og:image\" content=\"https:\/\/global-hookah.com\/wp-content\/uploads\/s2w-placeholder.png\" \/>\n\t<meta property=\"og:image:width\" content=\"1200\" \/>\n\t<meta property=\"og:image:height\" content=\"1200\" \/>\n\t<meta property=\"og:image:type\" content=\"image\/png\" \/>\n<meta name=\"twitter:card\" content=\"summary_large_image\" \/>\n<meta name=\"twitter:label1\" content=\"Gesch\u00e4tzte Lesezeit\" \/>\n\t<meta name=\"twitter:data1\" content=\"1\u00a0Minute\" \/>\n<script type=\"application\/ld+json\" class=\"yoast-schema-graph\">{\"@context\":\"https:\/\/schema.org\",\"@graph\":[{\"@type\":\"WebPage\",\"@id\":\"https:\/\/global-hookah.com\/product\/global-cn02clearance-voopoo-argus-pro-pod-mod-kit-3000mah-4-5ml\/\",\"url\":\"https:\/\/global-hookah.com\/product\/global-cn02clearance-voopoo-argus-pro-pod-mod-kit-3000mah-4-5ml\/\",\"name\":\"Global-CN02Clearance Voopoo Argus Pro Pod Mod Kit 3000mAh 4.5ml - Global Hookah\",\"isPartOf\":{\"@id\":\"https:\/\/global-hookah.com\/#website\"},\"primaryImageOfPage\":{\"@id\":\"https:\/\/global-hookah.com\/product\/global-cn02clearance-voopoo-argus-pro-pod-mod-kit-3000mah-4-5ml\/#primaryimage\"},\"image\":{\"@id\":\"https:\/\/global-hookah.com\/product\/global-cn02clearance-voopoo-argus-pro-pod-mod-kit-3000mah-4-5ml\/#primaryimage\"},\"thumbnailUrl\":\"https:\/\/global-hookah.com\/wp-content\/uploads\/2024\/09\/voopoo-argus-pro-pod-mod-kit-all-colors.jpg\",\"datePublished\":\"2024-09-27T02:10:47+00:00\",\"dateModified\":\"2024-09-27T02:23:42+00:00\",\"breadcrumb\":{\"@id\":\"https:\/\/global-hookah.com\/product\/global-cn02clearance-voopoo-argus-pro-pod-mod-kit-3000mah-4-5ml\/#breadcrumb\"},\"inLanguage\":\"de\",\"potentialAction\":[{\"@type\":\"ReadAction\",\"target\":[\"https:\/\/global-hookah.com\/product\/global-cn02clearance-voopoo-argus-pro-pod-mod-kit-3000mah-4-5ml\/\"]}]},{\"@type\":\"ImageObject\",\"inLanguage\":\"de\",\"@id\":\"https:\/\/global-hookah.com\/product\/global-cn02clearance-voopoo-argus-pro-pod-mod-kit-3000mah-4-5ml\/#primaryimage\",\"url\":\"https:\/\/global-hookah.com\/wp-content\/uploads\/2024\/09\/voopoo-argus-pro-pod-mod-kit-all-colors.jpg\",\"contentUrl\":\"https:\/\/global-hookah.com\/wp-content\/uploads\/2024\/09\/voopoo-argus-pro-pod-mod-kit-all-colors.jpg\",\"width\":800,\"height\":800},{\"@type\":\"BreadcrumbList\",\"@id\":\"https:\/\/global-hookah.com\/product\/global-cn02clearance-voopoo-argus-pro-pod-mod-kit-3000mah-4-5ml\/#breadcrumb\",\"itemListElement\":[{\"@type\":\"ListItem\",\"position\":1,\"name\":\"Home\",\"item\":\"https:\/\/global-hookah.com\/\"},{\"@type\":\"ListItem\",\"position\":2,\"name\":\"Shop\",\"item\":\"https:\/\/global-hookah.com\/shop\/\"},{\"@type\":\"ListItem\",\"position\":3,\"name\":\"Global-CN02Clearance Voopoo Argus Pro Pod Mod Kit 3000mAh 4.5ml\"}]},{\"@type\":\"WebSite\",\"@id\":\"https:\/\/global-hookah.com\/#website\",\"url\":\"https:\/\/global-hookah.com\/\",\"name\":\"Global Hookah\",\"description\":\"Global Hookah\",\"publisher\":{\"@id\":\"https:\/\/global-hookah.com\/#organization\"},\"potentialAction\":[{\"@type\":\"SearchAction\",\"target\":{\"@type\":\"EntryPoint\",\"urlTemplate\":\"https:\/\/global-hookah.com\/?s={search_term_string}\"},\"query-input\":{\"@type\":\"PropertyValueSpecification\",\"valueRequired\":true,\"valueName\":\"search_term_string\"}}],\"inLanguage\":\"de\"},{\"@type\":\"Organization\",\"@id\":\"https:\/\/global-hookah.com\/#organization\",\"name\":\"Global Hookah\",\"url\":\"https:\/\/global-hookah.com\/\",\"logo\":{\"@type\":\"ImageObject\",\"inLanguage\":\"de\",\"@id\":\"https:\/\/global-hookah.com\/#\/schema\/logo\/image\/\",\"url\":\"https:\/\/global-hookah.com\/wp-content\/uploads\/2021\/10\/cropped-fgg.png\",\"contentUrl\":\"https:\/\/global-hookah.com\/wp-content\/uploads\/2021\/10\/cropped-fgg.png\",\"width\":512,\"height\":512,\"caption\":\"Global Hookah\"},\"image\":{\"@id\":\"https:\/\/global-hookah.com\/#\/schema\/logo\/image\/\"}}]}<\/script>\n<!-- \/ Yoast SEO Premium plugin. -->","yoast_head_json":{"title":"Global-CN02Clearance Voopoo Argus Pro Pod Mod Kit 3000mAh 4.5ml - Global Hookah","robots":{"index":"index","follow":"follow","max-snippet":"max-snippet:-1","max-image-preview":"max-image-preview:large","max-video-preview":"max-video-preview:-1"},"canonical":"https:\/\/global-hookah.com\/de\/produkt\/global-cn02clearance-voopoo-argus-pro-pod-mod-kit-3000mah-4-5ml\/","og_locale":"de_DE","og_type":"article","og_title":"Global-CN02Clearance Voopoo Argus Pro Pod Mod Kit 3000mAh 4.5ml","og_description":"The Voopoo Argus Pro 80W Pod Mod Kit. featuring the GENE.TT Chipset. various output modes. and compatibility with the PnP","og_url":"https:\/\/global-hookah.com\/de\/produkt\/global-cn02clearance-voopoo-argus-pro-pod-mod-kit-3000mah-4-5ml\/","og_site_name":"Global Hookah","article_modified_time":"2024-09-27T02:23:42+00:00","og_image":[{"width":1200,"height":1200,"url":"https:\/\/global-hookah.com\/wp-content\/uploads\/s2w-placeholder.png","type":"image\/png"}],"twitter_card":"summary_large_image","twitter_misc":{"Gesch\u00e4tzte Lesezeit":"1\u00a0Minute"},"schema":{"@context":"https:\/\/schema.org","@graph":[{"@type":"WebPage","@id":"https:\/\/global-hookah.com\/product\/global-cn02clearance-voopoo-argus-pro-pod-mod-kit-3000mah-4-5ml\/","url":"https:\/\/global-hookah.com\/product\/global-cn02clearance-voopoo-argus-pro-pod-mod-kit-3000mah-4-5ml\/","name":"Global-CN02Clearance Voopoo Argus Pro Pod Mod Kit 3000mAh 4.5ml - Global Hookah","isPartOf":{"@id":"https:\/\/global-hookah.com\/#website"},"primaryImageOfPage":{"@id":"https:\/\/global-hookah.com\/product\/global-cn02clearance-voopoo-argus-pro-pod-mod-kit-3000mah-4-5ml\/#primaryimage"},"image":{"@id":"https:\/\/global-hookah.com\/product\/global-cn02clearance-voopoo-argus-pro-pod-mod-kit-3000mah-4-5ml\/#primaryimage"},"thumbnailUrl":"https:\/\/global-hookah.com\/wp-content\/uploads\/2024\/09\/voopoo-argus-pro-pod-mod-kit-all-colors.jpg","datePublished":"2024-09-27T02:10:47+00:00","dateModified":"2024-09-27T02:23:42+00:00","breadcrumb":{"@id":"https:\/\/global-hookah.com\/product\/global-cn02clearance-voopoo-argus-pro-pod-mod-kit-3000mah-4-5ml\/#breadcrumb"},"inLanguage":"de","potentialAction":[{"@type":"ReadAction","target":["https:\/\/global-hookah.com\/product\/global-cn02clearance-voopoo-argus-pro-pod-mod-kit-3000mah-4-5ml\/"]}]},{"@type":"ImageObject","inLanguage":"de","@id":"https:\/\/global-hookah.com\/product\/global-cn02clearance-voopoo-argus-pro-pod-mod-kit-3000mah-4-5ml\/#primaryimage","url":"https:\/\/global-hookah.com\/wp-content\/uploads\/2024\/09\/voopoo-argus-pro-pod-mod-kit-all-colors.jpg","contentUrl":"https:\/\/global-hookah.com\/wp-content\/uploads\/2024\/09\/voopoo-argus-pro-pod-mod-kit-all-colors.jpg","width":800,"height":800},{"@type":"BreadcrumbList","@id":"https:\/\/global-hookah.com\/product\/global-cn02clearance-voopoo-argus-pro-pod-mod-kit-3000mah-4-5ml\/#breadcrumb","itemListElement":[{"@type":"ListItem","position":1,"name":"Home","item":"https:\/\/global-hookah.com\/"},{"@type":"ListItem","position":2,"name":"Shop","item":"https:\/\/global-hookah.com\/shop\/"},{"@type":"ListItem","position":3,"name":"Global-CN02Clearance Voopoo Argus Pro Pod Mod Kit 3000mAh 4.5ml"}]},{"@type":"WebSite","@id":"https:\/\/global-hookah.com\/#website","url":"https:\/\/global-hookah.com\/","name":"Globale Wasserpfeife","description":"Globale Wasserpfeife","publisher":{"@id":"https:\/\/global-hookah.com\/#organization"},"potentialAction":[{"@type":"SearchAction","target":{"@type":"EntryPoint","urlTemplate":"https:\/\/global-hookah.com\/?s={search_term_string}"},"query-input":{"@type":"PropertyValueSpecification","valueRequired":true,"valueName":"search_term_string"}}],"inLanguage":"de"},{"@type":"Organization","@id":"https:\/\/global-hookah.com\/#organization","name":"Globale Wasserpfeife","url":"https:\/\/global-hookah.com\/","logo":{"@type":"ImageObject","inLanguage":"de","@id":"https:\/\/global-hookah.com\/#\/schema\/logo\/image\/","url":"https:\/\/global-hookah.com\/wp-content\/uploads\/2021\/10\/cropped-fgg.png","contentUrl":"https:\/\/global-hookah.com\/wp-content\/uploads\/2021\/10\/cropped-fgg.png","width":512,"height":512,"caption":"Global Hookah"},"image":{"@id":"https:\/\/global-hookah.com\/#\/schema\/logo\/image\/"}}]}},"_links":{"self":[{"href":"https:\/\/global-hookah.com\/de\/wp-json\/wp\/v2\/product\/28907","targetHints":{"allow":["GET"]}}],"collection":[{"href":"https:\/\/global-hookah.com\/de\/wp-json\/wp\/v2\/product"}],"about":[{"href":"https:\/\/global-hookah.com\/de\/wp-json\/wp\/v2\/types\/product"}],"replies":[{"embeddable":true,"href":"https:\/\/global-hookah.com\/de\/wp-json\/wp\/v2\/comments?post=28907"}],"version-history":[{"count":0,"href":"https:\/\/global-hookah.com\/de\/wp-json\/wp\/v2\/product\/28907\/revisions"}],"wp:featuredmedia":[{"embeddable":true,"href":"https:\/\/global-hookah.com\/de\/wp-json\/wp\/v2\/media\/29380"}],"wp:attachment":[{"href":"https:\/\/global-hookah.com\/de\/wp-json\/wp\/v2\/media?parent=28907"}],"wp:term":[{"taxonomy":"product_brand","embeddable":true,"href":"https:\/\/global-hookah.com\/de\/wp-json\/wp\/v2\/product_brand?post=28907"},{"taxonomy":"product_cat","embeddable":true,"href":"https:\/\/global-hookah.com\/de\/wp-json\/wp\/v2\/product_cat?post=28907"},{"taxonomy":"product_tag","embeddable":true,"href":"https:\/\/global-hookah.com\/de\/wp-json\/wp\/v2\/product_tag?post=28907"}],"curies":[{"name":"wp","href":"https:\/\/api.w.org\/{rel}","templated":true}]}}