{"id":28988,"date":"2024-09-27T02:11:03","date_gmt":"2024-09-27T02:11:03","guid":{"rendered":"https:\/\/global-hookah.com\/product\/global-cn02-uwell-caliburn-g3-pro-pod-system-kit-1000mah-3ml\/"},"modified":"2024-09-27T02:28:39","modified_gmt":"2024-09-27T02:28:39","slug":"global-cn02-uwell-caliburn-g3-pro-pod-system-kit-1000mah-3ml","status":"publish","type":"product","link":"https:\/\/global-hookah.com\/de\/produkt\/global-cn02-uwell-caliburn-g3-pro-pod-system-kit-1000mah-3ml\/","title":{"rendered":"Global-CN02 UWELL Caliburn G3 Pro Pod System Kit 1000mAh 3ml"},"content":{"rendered":"<p>Mit dem CALIBURN G3 PRO, dem ersten Vollbildschirm-Ger\u00e4t \u00fcberhaupt, k\u00f6nnen Sie alles sehen. Das Vollbild-UI-Design mit seiner dynamischen Benutzeroberfl\u00e4che ist Ausdruck technologischer Raffinesse und Interaktivit\u00e4t und erm\u00f6glicht es Ihnen, alle Vaping-Details auf einen Blick zu sehen. Zusammen mit den neuesten 3ML-0,4ohm CALIBURN G3-Patronen. CALIBURN G3 PRO setzt sich mit unschlagbarem FLV, einstellbarer maximaler Ausgangsleistung von 35 W und unvergleichlichem Sehvergn\u00fcgen durch. <\/p>\n<p>Merkmale:<br \/>1. bildschirmf\u00fcllendes UI-Design. Einfache Sichtbarkeit der Vaping Details auf einen Blick.<br \/>2.New 3ml(0.4ohm).35W Max CALIBURN G3 Cartridge: Befriedigen Sie das Bed\u00fcrfnis nach einer st\u00e4rkeren RDL vape.<br \/>3. die Kompatibilit\u00e4t der G-Pod-Plattform (GPP):<br \/>Kompatibel mit allen CALIBURN G3-Patronen, die von Freebase bis NCT-Salz vielseitig einsetzbar sind.<br \/>4. der erste CALIBURN mit Feinsteuerung des Luftstroms<br \/>Es ist einfach und bequem, sie an Ihre Vorlieben anzupassen. <br \/>5. Auto Draw &amp; Knopfz\u00fcndung<br \/>6. Pro-FOCS FLV Technik<br \/>7. Eingebauter 1000mAh Akku.Einstellbare Spannung (Max 35W)<\/p>\n<p>Marke: Uwell<br \/>Gr\u00f6\u00dfe: 123*27*17mm<br \/>Ausgangsleistung:35W<br \/>Fassungsverm\u00f6gen der Fl\u00fcssigkeit: 3ml<br \/>Art der F\u00fcllung:Seitliche F\u00fcllung<br \/>Batteriekapazit\u00e4t:1000mAh<br \/>Typ-C-Ladung<\/p>\n<p><strong><font color=\"#ff7301\" size=\"4px\">Jedes Set enth\u00e4lt:<\/font><\/strong><br \/>1St\u00fcck CALIBURN G3 PRO Ger\u00e4t<br \/>1pc 0.4ohm CALIBURN G3 Integrierte Spule Patrone (Seite nachf\u00fcllen)<br \/>1pc 0.9ohm CALIBURN G3 Integrierte Spule Patrone (Seite nachf\u00fcllen)<br \/>1St\u00fcck Benutzerhandbuch<br \/>1pc Typ-C-Ladekabel<\/p>\n<p><img decoding=\"async\" src=\"https:\/\/global-hookah.com\/wp-content\/uploads\/2024\/09\/caliburn-g3-pro-kit-1.jpg?w=1400&amp;h=566\" alt=\"UWELL Caliburn G3 Pro Pod\"><br \/><img decoding=\"async\" src=\"https:\/\/global-hookah.com\/wp-content\/uploads\/2024\/09\/caliburn-g3-pro-kit-2.jpg?w=1400&amp;h=484\" alt=\"UWELL Caliburn G3 Pro Pod\"><br \/><img decoding=\"async\" src=\"https:\/\/global-hookah.com\/wp-content\/uploads\/2024\/09\/caliburn-g3-pro-kit-3.jpg?w=1400&amp;h=769\" alt=\"UWELL Caliburn G3 Pro Pod\"><br \/><img decoding=\"async\" src=\"https:\/\/global-hookah.com\/wp-content\/uploads\/2024\/09\/caliburn-g3-pro-kit-4.jpg?w=1400&amp;h=609\" alt=\"UWELL Caliburn G3 Pro Pod\"><br \/><img decoding=\"async\" src=\"https:\/\/global-hookah.com\/wp-content\/uploads\/2024\/09\/caliburn-g3-pro-kit-5.jpg?w=1400&amp;h=858\" alt=\"UWELL Caliburn G3 Pro Pod\"><br \/><img decoding=\"async\" src=\"https:\/\/global-hookah.com\/wp-content\/uploads\/2024\/09\/caliburn-g3-pro-kit-6.jpg?w=1400&amp;h=851\" alt=\"UWELL Caliburn G3 Pro Pod\"><br \/><img decoding=\"async\" src=\"https:\/\/global-hookah.com\/wp-content\/uploads\/2024\/09\/caliburn-g3-pro-kit-7.jpg?w=1400&amp;h=786\" alt=\"UWELL Caliburn G3 Pro Pod\"><br \/><img decoding=\"async\" src=\"https:\/\/global-hookah.com\/wp-content\/uploads\/2024\/09\/caliburn-g3-pro-kit-8.jpg?w=1400&amp;h=783\" alt=\"UWELL Caliburn G3 Pro Pod\"><br \/><img decoding=\"async\" src=\"https:\/\/global-hookah.com\/wp-content\/uploads\/2024\/09\/caliburn-g3-pro-kit-9.jpg?w=1400&amp;h=778\" alt=\"UWELL Caliburn G3 Pro Pod\"><\/p>\n<p><\/p>","protected":false},"excerpt":{"rendered":"<p>Mit dem CALIBURN G3 PRO, dem ersten Vollbildschirm-Ger\u00e4t \u00fcberhaupt, kann man einfach alles sehen. Das bildschirmf\u00fcllende UI-Design mit einer dynamischen<\/p>","protected":false},"featured_media":29563,"comment_status":"closed","ping_status":"closed","template":"","meta":{"iawp_total_views":0,"_joinchat":[]},"product_brand":[],"product_cat":[415],"product_tag":[],"class_list":{"0":"post-28988","1":"product","2":"type-product","3":"status-publish","4":"has-post-thumbnail","6":"product_cat-accessories","8":"first","9":"instock","10":"sale","11":"shipping-taxable","12":"purchasable","13":"product-type-variable"},"yoast_head":"<!-- This site is optimized with the Yoast SEO Premium plugin v24.7 (Yoast SEO v26.8) - https:\/\/yoast.com\/product\/yoast-seo-premium-wordpress\/ -->\n<title>Global-CN02 UWELL Caliburn G3 Pro Pod System Kit 1000mAh 3ml - Global Hookah<\/title>\n<meta name=\"robots\" content=\"index, follow, max-snippet:-1, max-image-preview:large, max-video-preview:-1\" \/>\n<link rel=\"canonical\" href=\"https:\/\/global-hookah.com\/de\/produkt\/global-cn02-uwell-caliburn-g3-pro-pod-system-kit-1000mah-3ml\/\" \/>\n<meta property=\"og:locale\" content=\"de_DE\" \/>\n<meta property=\"og:type\" content=\"article\" \/>\n<meta property=\"og:title\" content=\"Global-CN02 UWELL Caliburn G3 Pro Pod System Kit 1000mAh 3ml\" \/>\n<meta property=\"og:description\" content=\"Grrreat to see all with the CALIBURN G3 PRO. the first-ever full-screen device. The full-screen UI design. featuring a dynamic\" \/>\n<meta property=\"og:url\" content=\"https:\/\/global-hookah.com\/de\/produkt\/global-cn02-uwell-caliburn-g3-pro-pod-system-kit-1000mah-3ml\/\" \/>\n<meta property=\"og:site_name\" content=\"Global Hookah\" \/>\n<meta property=\"article:modified_time\" content=\"2024-09-27T02:28:39+00:00\" \/>\n<meta property=\"og:image\" content=\"https:\/\/global-hookah.com\/wp-content\/uploads\/2024\/09\/uwell-caliburn-g3-pro-pod-1.jpg\" \/>\n\t<meta property=\"og:image:width\" content=\"800\" \/>\n\t<meta property=\"og:image:height\" content=\"800\" \/>\n\t<meta property=\"og:image:type\" content=\"image\/jpeg\" \/>\n<meta name=\"twitter:card\" content=\"summary_large_image\" \/>\n<meta name=\"twitter:label1\" content=\"Gesch\u00e4tzte Lesezeit\" \/>\n\t<meta name=\"twitter:data1\" content=\"1\u00a0Minute\" \/>\n<script type=\"application\/ld+json\" class=\"yoast-schema-graph\">{\"@context\":\"https:\/\/schema.org\",\"@graph\":[{\"@type\":\"WebPage\",\"@id\":\"https:\/\/global-hookah.com\/product\/global-cn02-uwell-caliburn-g3-pro-pod-system-kit-1000mah-3ml\/\",\"url\":\"https:\/\/global-hookah.com\/product\/global-cn02-uwell-caliburn-g3-pro-pod-system-kit-1000mah-3ml\/\",\"name\":\"Global-CN02 UWELL Caliburn G3 Pro Pod System Kit 1000mAh 3ml - Global Hookah\",\"isPartOf\":{\"@id\":\"https:\/\/global-hookah.com\/#website\"},\"primaryImageOfPage\":{\"@id\":\"https:\/\/global-hookah.com\/product\/global-cn02-uwell-caliburn-g3-pro-pod-system-kit-1000mah-3ml\/#primaryimage\"},\"image\":{\"@id\":\"https:\/\/global-hookah.com\/product\/global-cn02-uwell-caliburn-g3-pro-pod-system-kit-1000mah-3ml\/#primaryimage\"},\"thumbnailUrl\":\"https:\/\/global-hookah.com\/wp-content\/uploads\/2024\/09\/uwell-caliburn-g3-pro-pod-1.jpg\",\"datePublished\":\"2024-09-27T02:11:03+00:00\",\"dateModified\":\"2024-09-27T02:28:39+00:00\",\"breadcrumb\":{\"@id\":\"https:\/\/global-hookah.com\/product\/global-cn02-uwell-caliburn-g3-pro-pod-system-kit-1000mah-3ml\/#breadcrumb\"},\"inLanguage\":\"de\",\"potentialAction\":[{\"@type\":\"ReadAction\",\"target\":[\"https:\/\/global-hookah.com\/product\/global-cn02-uwell-caliburn-g3-pro-pod-system-kit-1000mah-3ml\/\"]}]},{\"@type\":\"ImageObject\",\"inLanguage\":\"de\",\"@id\":\"https:\/\/global-hookah.com\/product\/global-cn02-uwell-caliburn-g3-pro-pod-system-kit-1000mah-3ml\/#primaryimage\",\"url\":\"https:\/\/global-hookah.com\/wp-content\/uploads\/2024\/09\/uwell-caliburn-g3-pro-pod-1.jpg\",\"contentUrl\":\"https:\/\/global-hookah.com\/wp-content\/uploads\/2024\/09\/uwell-caliburn-g3-pro-pod-1.jpg\",\"width\":800,\"height\":800},{\"@type\":\"BreadcrumbList\",\"@id\":\"https:\/\/global-hookah.com\/product\/global-cn02-uwell-caliburn-g3-pro-pod-system-kit-1000mah-3ml\/#breadcrumb\",\"itemListElement\":[{\"@type\":\"ListItem\",\"position\":1,\"name\":\"Home\",\"item\":\"https:\/\/global-hookah.com\/\"},{\"@type\":\"ListItem\",\"position\":2,\"name\":\"Shop\",\"item\":\"https:\/\/global-hookah.com\/shop\/\"},{\"@type\":\"ListItem\",\"position\":3,\"name\":\"Global-CN02 UWELL Caliburn G3 Pro Pod System Kit 1000mAh 3ml\"}]},{\"@type\":\"WebSite\",\"@id\":\"https:\/\/global-hookah.com\/#website\",\"url\":\"https:\/\/global-hookah.com\/\",\"name\":\"Global Hookah\",\"description\":\"Global Hookah\",\"publisher\":{\"@id\":\"https:\/\/global-hookah.com\/#organization\"},\"potentialAction\":[{\"@type\":\"SearchAction\",\"target\":{\"@type\":\"EntryPoint\",\"urlTemplate\":\"https:\/\/global-hookah.com\/?s={search_term_string}\"},\"query-input\":{\"@type\":\"PropertyValueSpecification\",\"valueRequired\":true,\"valueName\":\"search_term_string\"}}],\"inLanguage\":\"de\"},{\"@type\":\"Organization\",\"@id\":\"https:\/\/global-hookah.com\/#organization\",\"name\":\"Global Hookah\",\"url\":\"https:\/\/global-hookah.com\/\",\"logo\":{\"@type\":\"ImageObject\",\"inLanguage\":\"de\",\"@id\":\"https:\/\/global-hookah.com\/#\/schema\/logo\/image\/\",\"url\":\"https:\/\/global-hookah.com\/wp-content\/uploads\/2021\/10\/cropped-fgg.png\",\"contentUrl\":\"https:\/\/global-hookah.com\/wp-content\/uploads\/2021\/10\/cropped-fgg.png\",\"width\":512,\"height\":512,\"caption\":\"Global Hookah\"},\"image\":{\"@id\":\"https:\/\/global-hookah.com\/#\/schema\/logo\/image\/\"}}]}<\/script>\n<!-- \/ Yoast SEO Premium plugin. -->","yoast_head_json":{"title":"Global-CN02 UWELL Caliburn G3 Pro Pod System Kit 1000mAh 3ml - Global Hookah","robots":{"index":"index","follow":"follow","max-snippet":"max-snippet:-1","max-image-preview":"max-image-preview:large","max-video-preview":"max-video-preview:-1"},"canonical":"https:\/\/global-hookah.com\/de\/produkt\/global-cn02-uwell-caliburn-g3-pro-pod-system-kit-1000mah-3ml\/","og_locale":"de_DE","og_type":"article","og_title":"Global-CN02 UWELL Caliburn G3 Pro Pod System Kit 1000mAh 3ml","og_description":"Grrreat to see all with the CALIBURN G3 PRO. the first-ever full-screen device. The full-screen UI design. featuring a dynamic","og_url":"https:\/\/global-hookah.com\/de\/produkt\/global-cn02-uwell-caliburn-g3-pro-pod-system-kit-1000mah-3ml\/","og_site_name":"Global Hookah","article_modified_time":"2024-09-27T02:28:39+00:00","og_image":[{"width":800,"height":800,"url":"https:\/\/global-hookah.com\/wp-content\/uploads\/2024\/09\/uwell-caliburn-g3-pro-pod-1.jpg","type":"image\/jpeg"}],"twitter_card":"summary_large_image","twitter_misc":{"Gesch\u00e4tzte Lesezeit":"1\u00a0Minute"},"schema":{"@context":"https:\/\/schema.org","@graph":[{"@type":"WebPage","@id":"https:\/\/global-hookah.com\/product\/global-cn02-uwell-caliburn-g3-pro-pod-system-kit-1000mah-3ml\/","url":"https:\/\/global-hookah.com\/product\/global-cn02-uwell-caliburn-g3-pro-pod-system-kit-1000mah-3ml\/","name":"Global-CN02 UWELL Caliburn G3 Pro Pod System Kit 1000mAh 3ml - Global Hookah","isPartOf":{"@id":"https:\/\/global-hookah.com\/#website"},"primaryImageOfPage":{"@id":"https:\/\/global-hookah.com\/product\/global-cn02-uwell-caliburn-g3-pro-pod-system-kit-1000mah-3ml\/#primaryimage"},"image":{"@id":"https:\/\/global-hookah.com\/product\/global-cn02-uwell-caliburn-g3-pro-pod-system-kit-1000mah-3ml\/#primaryimage"},"thumbnailUrl":"https:\/\/global-hookah.com\/wp-content\/uploads\/2024\/09\/uwell-caliburn-g3-pro-pod-1.jpg","datePublished":"2024-09-27T02:11:03+00:00","dateModified":"2024-09-27T02:28:39+00:00","breadcrumb":{"@id":"https:\/\/global-hookah.com\/product\/global-cn02-uwell-caliburn-g3-pro-pod-system-kit-1000mah-3ml\/#breadcrumb"},"inLanguage":"de","potentialAction":[{"@type":"ReadAction","target":["https:\/\/global-hookah.com\/product\/global-cn02-uwell-caliburn-g3-pro-pod-system-kit-1000mah-3ml\/"]}]},{"@type":"ImageObject","inLanguage":"de","@id":"https:\/\/global-hookah.com\/product\/global-cn02-uwell-caliburn-g3-pro-pod-system-kit-1000mah-3ml\/#primaryimage","url":"https:\/\/global-hookah.com\/wp-content\/uploads\/2024\/09\/uwell-caliburn-g3-pro-pod-1.jpg","contentUrl":"https:\/\/global-hookah.com\/wp-content\/uploads\/2024\/09\/uwell-caliburn-g3-pro-pod-1.jpg","width":800,"height":800},{"@type":"BreadcrumbList","@id":"https:\/\/global-hookah.com\/product\/global-cn02-uwell-caliburn-g3-pro-pod-system-kit-1000mah-3ml\/#breadcrumb","itemListElement":[{"@type":"ListItem","position":1,"name":"Home","item":"https:\/\/global-hookah.com\/"},{"@type":"ListItem","position":2,"name":"Shop","item":"https:\/\/global-hookah.com\/shop\/"},{"@type":"ListItem","position":3,"name":"Global-CN02 UWELL Caliburn G3 Pro Pod System Kit 1000mAh 3ml"}]},{"@type":"WebSite","@id":"https:\/\/global-hookah.com\/#website","url":"https:\/\/global-hookah.com\/","name":"Globale Wasserpfeife","description":"Globale Wasserpfeife","publisher":{"@id":"https:\/\/global-hookah.com\/#organization"},"potentialAction":[{"@type":"SearchAction","target":{"@type":"EntryPoint","urlTemplate":"https:\/\/global-hookah.com\/?s={search_term_string}"},"query-input":{"@type":"PropertyValueSpecification","valueRequired":true,"valueName":"search_term_string"}}],"inLanguage":"de"},{"@type":"Organization","@id":"https:\/\/global-hookah.com\/#organization","name":"Globale Wasserpfeife","url":"https:\/\/global-hookah.com\/","logo":{"@type":"ImageObject","inLanguage":"de","@id":"https:\/\/global-hookah.com\/#\/schema\/logo\/image\/","url":"https:\/\/global-hookah.com\/wp-content\/uploads\/2021\/10\/cropped-fgg.png","contentUrl":"https:\/\/global-hookah.com\/wp-content\/uploads\/2021\/10\/cropped-fgg.png","width":512,"height":512,"caption":"Global Hookah"},"image":{"@id":"https:\/\/global-hookah.com\/#\/schema\/logo\/image\/"}}]}},"_links":{"self":[{"href":"https:\/\/global-hookah.com\/de\/wp-json\/wp\/v2\/product\/28988","targetHints":{"allow":["GET"]}}],"collection":[{"href":"https:\/\/global-hookah.com\/de\/wp-json\/wp\/v2\/product"}],"about":[{"href":"https:\/\/global-hookah.com\/de\/wp-json\/wp\/v2\/types\/product"}],"replies":[{"embeddable":true,"href":"https:\/\/global-hookah.com\/de\/wp-json\/wp\/v2\/comments?post=28988"}],"version-history":[{"count":0,"href":"https:\/\/global-hookah.com\/de\/wp-json\/wp\/v2\/product\/28988\/revisions"}],"wp:featuredmedia":[{"embeddable":true,"href":"https:\/\/global-hookah.com\/de\/wp-json\/wp\/v2\/media\/29563"}],"wp:attachment":[{"href":"https:\/\/global-hookah.com\/de\/wp-json\/wp\/v2\/media?parent=28988"}],"wp:term":[{"taxonomy":"product_brand","embeddable":true,"href":"https:\/\/global-hookah.com\/de\/wp-json\/wp\/v2\/product_brand?post=28988"},{"taxonomy":"product_cat","embeddable":true,"href":"https:\/\/global-hookah.com\/de\/wp-json\/wp\/v2\/product_cat?post=28988"},{"taxonomy":"product_tag","embeddable":true,"href":"https:\/\/global-hookah.com\/de\/wp-json\/wp\/v2\/product_tag?post=28988"}],"curies":[{"name":"wp","href":"https:\/\/api.w.org\/{rel}","templated":true}]}}