{"id":29005,"date":"2024-09-27T02:11:05","date_gmt":"2024-09-27T02:11:05","guid":{"rendered":"https:\/\/global-hookah.com\/product\/global-cn02clearance-uwell-caliburn-x-pod-system-kit-850mah-3ml-auto-power-off-if-no-operation-for-8-minutes\/"},"modified":"2024-09-27T02:29:09","modified_gmt":"2024-09-27T02:29:09","slug":"global-cn02clearance-uwell-caliburn-x-pod-system-kit-850mah-3ml-auto-power-off-if-no-operation-for-8-minutes","status":"publish","type":"product","link":"https:\/\/global-hookah.com\/de\/produkt\/global-cn02clearance-uwell-caliburn-x-pod-system-kit-850mah-3ml-auto-power-off-if-no-operation-for-8-minutes\/","title":{"rendered":"Global-CN02Clearance Uwell Caliburn X Pod System Kit 850mAh 3ml, Auto Power Off wenn keine Operation f\u00fcr 8 Minuten"},"content":{"rendered":"<p><strong><font color=\"#ff7301\" size=\"4px\">Im Vergleich zur normalen Version gibt es einen zus\u00e4tzlichen Schutz f\u00fcr die kindersichere Version - das Ger\u00e4t schaltet sich automatisch aus, wenn es 8 Minuten lang nicht bedient wird. Bitte dr\u00fccken Sie die Feuertaste 5 Mal, um es einzuschalten.<\/font><\/strong><\/p>\n<p>Die Uwell Caliburn X 20W Pod System. mit einem integrierten 850mAh Batterie. 5-20W Ausgangsbereich. und ist kompatibel mit beiden G\/G2 Coils. Das Chassis des Caliburn X Pod Systems ist aus einer haltbaren Aluminiumlegierung gefertigt und bietet ein starkes und widerstandsf\u00e4higes Chassis gegen leichte St\u00fcrze und Tropfen. Dar\u00fcber hinaus fassen die nachf\u00fcllbaren Pods bis zu 3ml. und nutzen ein LQ-Sichtfenster, um einen minimalen F\u00fcllstand zu gew\u00e4hrleisten, um trockene Hits oder das Verbrennen der Spule zu verhindern.<br \/>CALIBURN X ist ein hochwertiges neues Produkt der CALIBURN-Serie. Ausgestattet mit Funktionen zur Einstellung der Ausgangsleistung und des Luftstroms, zwei Ziehwegen und einem OLED-Bildschirm. CALIBURN X ist ein multifunktionales Pod-System mit einem kompakten Geh\u00e4use. Die Pro-FOCS FLV-Einstellungstechnologie von UWELL verleiht dem CALIBURN X einen einzigartigen Vorteil und sorgt f\u00fcr ein authentisches FLV. Entscheiden Sie sich f\u00fcr das CALIBURN X, wenn Sie Wert auf Praktikabilit\u00e4t und \u00c4sthetik legen.<\/p>\n<p><img decoding=\"async\" src=\"https:\/\/global-hookah.com\/wp-content\/uploads\/2024\/09\/Caliburn-X-Pod-Kit-11.jpg?w=1248&amp;h=461\" alt=\"Uwell Caliburn X Kit\"><\/p>\n<p>Marke: Uwell<br \/>Einheit: 1 Satz<br \/>Abmessungen: 107,4 mm x 27,5 mm x 15,6 mm<br \/>Akku: Integrierte 850mAh<br \/>Wattzahl Bereich: 5-20W<br \/>Fahrgestell aus Aluminium-Legierung<br \/>Intuitive Ausl\u00f6setaste<br \/>LQ-Betrachtungsfenster<br \/>OLED-Bildschirm<br \/>Pod Kapazit\u00e4t: 3ml<br \/>Bef\u00fcllungssystem: Obere F\u00fcllung<br \/>Uwell Caliburn G\/G2 Spule Serie<br \/>0.8ohm Caliburn G Spulen<br \/>1.2ohm Caliburn G2 Spulen<br \/>Einpressen der Spule<br \/>Magnetischer Pod-Anschluss<br \/>Intelligente Widerstandserkennung<br \/>Schutz bei niedriger Leistung<br \/>8s Vaping \u00dcberstundenschutz<br \/>Aufladen: Typ-C-Anschluss<br \/>Verpackung: Geschenkbox<\/p>\n<p><strong><font color=\"#ff7301\" size=\"4px\">Jedes Set enth\u00e4lt:<\/font><\/strong><br \/>1St\u00fcck Caliburn X<br \/>1St\u00fcck Caliburn X Pod<br \/>1pc 0.8ohm Caliburn G Spule<br \/>1pc 1.2ohm Caliburn G2 Spule<br \/>1pc Typ-C Kabel<br \/>1St\u00fcck Benutzerhandbuch<\/p>\n<p><img decoding=\"async\" src=\"https:\/\/global-hookah.com\/wp-content\/uploads\/2024\/09\/uwell-caliburn-x-pod-mod-01.jpg?w=1450&amp;h=649\" alt=\"Uwell Caliburn X Kit\"><br \/><img decoding=\"async\" src=\"https:\/\/global-hookah.com\/wp-content\/uploads\/2024\/09\/uwell-caliburn-x-pod-mod-02.jpg?w=1450&amp;h=676\" alt=\"Uwell Caliburn X Kit\"><br \/><img decoding=\"async\" src=\"https:\/\/global-hookah.com\/wp-content\/uploads\/2024\/09\/uwell-caliburn-x-pod-mod-03.jpg?w=1450&amp;h=691\" alt=\"Uwell Caliburn X Kit\"><br \/><img decoding=\"async\" src=\"https:\/\/global-hookah.com\/wp-content\/uploads\/2024\/09\/uwell-caliburn-x-pod-mod-04.jpg?w=1450&amp;h=681\" alt=\"Uwell Caliburn X Kit\"><br \/><img decoding=\"async\" src=\"https:\/\/global-hookah.com\/wp-content\/uploads\/2024\/09\/uwell-caliburn-x-pod-mod-05.jpg?w=1450&amp;h=684\" alt=\"Uwell Caliburn X Kit\"><br \/><img decoding=\"async\" src=\"https:\/\/global-hookah.com\/wp-content\/uploads\/2024\/09\/uwell-caliburn-x-pod-mod-06.jpg?w=1450&amp;h=675\" alt=\"Uwell Caliburn X Kit\"><br \/><img decoding=\"async\" src=\"https:\/\/global-hookah.com\/wp-content\/uploads\/2024\/09\/uwell-caliburn-x-pod-mod-07.jpg?w=1450&amp;h=679\" alt=\"Uwell Caliburn X Kit\"><br \/><img decoding=\"async\" src=\"https:\/\/global-hookah.com\/wp-content\/uploads\/2024\/09\/uwell-caliburn-x-pod-mod-08.jpg?w=1450&amp;h=705\" alt=\"Uwell Caliburn X Kit\"><br \/><img decoding=\"async\" src=\"https:\/\/global-hookah.com\/wp-content\/uploads\/2024\/09\/uwell-caliburn-x-pod-mod-09.jpg?w=1450&amp;h=699\" alt=\"Uwell Caliburn X Kit\"><br \/><img decoding=\"async\" src=\"https:\/\/global-hookah.com\/wp-content\/uploads\/2024\/09\/uwell-caliburn-x-pod-mod-10.jpg?w=1450&amp;h=702\" alt=\"Uwell Caliburn X Kit\"><br \/><img decoding=\"async\" src=\"https:\/\/global-hookah.com\/wp-content\/uploads\/2024\/09\/uwell-caliburn-x-pod-mod-11.jpg?w=1450&amp;h=693\" alt=\"Uwell Caliburn X Kit\"><br \/><img decoding=\"async\" src=\"https:\/\/global-hookah.com\/wp-content\/uploads\/2024\/09\/uwell-caliburn-x-pod-mod-12.jpg?w=1450&amp;h=701\" alt=\"Uwell Caliburn X Kit\"><br \/><img decoding=\"async\" src=\"https:\/\/global-hookah.com\/wp-content\/uploads\/2024\/09\/uwell-caliburn-x-pod-mod-13.jpg?w=1450&amp;h=679\" alt=\"Uwell Caliburn X Kit\"><\/p>","protected":false},"excerpt":{"rendered":"<p>Im Vergleich zur normalen Version gibt es bei der Child Resistant Version noch einen zus\u00e4tzlichen Schutz - das Ger\u00e4t wird<\/p>","protected":false},"featured_media":29607,"comment_status":"closed","ping_status":"closed","template":"","meta":{"iawp_total_views":0,"_joinchat":[]},"product_brand":[],"product_cat":[415],"product_tag":[],"class_list":{"0":"post-29005","1":"product","2":"type-product","3":"status-publish","4":"has-post-thumbnail","6":"product_cat-accessories","8":"first","9":"instock","10":"sale","11":"shipping-taxable","12":"purchasable","13":"product-type-variable"},"yoast_head":"<!-- This site is optimized with the Yoast SEO Premium plugin v24.7 (Yoast SEO v26.8) - https:\/\/yoast.com\/product\/yoast-seo-premium-wordpress\/ -->\n<title>Global-CN02Clearance Uwell Caliburn X Pod System Kit 850mAh 3ml, Auto Power Off if no Operation for 8 Minutes - Global Hookah<\/title>\n<meta name=\"robots\" content=\"index, follow, max-snippet:-1, max-image-preview:large, max-video-preview:-1\" \/>\n<link rel=\"canonical\" href=\"https:\/\/global-hookah.com\/de\/produkt\/global-cn02clearance-uwell-caliburn-x-pod-system-kit-850mah-3ml-auto-power-off-if-no-operation-for-8-minutes\/\" \/>\n<meta property=\"og:locale\" content=\"de_DE\" \/>\n<meta property=\"og:type\" content=\"article\" \/>\n<meta property=\"og:title\" content=\"Global-CN02Clearance Uwell Caliburn X Pod System Kit 850mAh 3ml, Auto Power Off if no Operation for 8 Minutes\" \/>\n<meta property=\"og:description\" content=\"Compared to the regular version. there is one more additional protection for Child Resistant Version &#8211; the device will power\" \/>\n<meta property=\"og:url\" content=\"https:\/\/global-hookah.com\/de\/produkt\/global-cn02clearance-uwell-caliburn-x-pod-system-kit-850mah-3ml-auto-power-off-if-no-operation-for-8-minutes\/\" \/>\n<meta property=\"og:site_name\" content=\"Global Hookah\" \/>\n<meta property=\"article:modified_time\" content=\"2024-09-27T02:29:09+00:00\" \/>\n<meta property=\"og:image\" content=\"https:\/\/global-hookah.com\/wp-content\/uploads\/s2w-placeholder.png\" \/>\n\t<meta property=\"og:image:width\" content=\"1200\" \/>\n\t<meta property=\"og:image:height\" content=\"1200\" \/>\n\t<meta property=\"og:image:type\" content=\"image\/png\" \/>\n<meta name=\"twitter:card\" content=\"summary_large_image\" \/>\n<meta name=\"twitter:label1\" content=\"Gesch\u00e4tzte Lesezeit\" \/>\n\t<meta name=\"twitter:data1\" content=\"1\u00a0Minute\" \/>\n<script type=\"application\/ld+json\" class=\"yoast-schema-graph\">{\"@context\":\"https:\/\/schema.org\",\"@graph\":[{\"@type\":\"WebPage\",\"@id\":\"https:\/\/global-hookah.com\/product\/global-cn02clearance-uwell-caliburn-x-pod-system-kit-850mah-3ml-auto-power-off-if-no-operation-for-8-minutes\/\",\"url\":\"https:\/\/global-hookah.com\/product\/global-cn02clearance-uwell-caliburn-x-pod-system-kit-850mah-3ml-auto-power-off-if-no-operation-for-8-minutes\/\",\"name\":\"Global-CN02Clearance Uwell Caliburn X Pod System Kit 850mAh 3ml, Auto Power Off if no Operation for 8 Minutes - Global Hookah\",\"isPartOf\":{\"@id\":\"https:\/\/global-hookah.com\/#website\"},\"primaryImageOfPage\":{\"@id\":\"https:\/\/global-hookah.com\/product\/global-cn02clearance-uwell-caliburn-x-pod-system-kit-850mah-3ml-auto-power-off-if-no-operation-for-8-minutes\/#primaryimage\"},\"image\":{\"@id\":\"https:\/\/global-hookah.com\/product\/global-cn02clearance-uwell-caliburn-x-pod-system-kit-850mah-3ml-auto-power-off-if-no-operation-for-8-minutes\/#primaryimage\"},\"thumbnailUrl\":\"https:\/\/global-hookah.com\/wp-content\/uploads\/2024\/09\/Caliburn-X-Pod-Kit-1.jpg\",\"datePublished\":\"2024-09-27T02:11:05+00:00\",\"dateModified\":\"2024-09-27T02:29:09+00:00\",\"breadcrumb\":{\"@id\":\"https:\/\/global-hookah.com\/product\/global-cn02clearance-uwell-caliburn-x-pod-system-kit-850mah-3ml-auto-power-off-if-no-operation-for-8-minutes\/#breadcrumb\"},\"inLanguage\":\"de\",\"potentialAction\":[{\"@type\":\"ReadAction\",\"target\":[\"https:\/\/global-hookah.com\/product\/global-cn02clearance-uwell-caliburn-x-pod-system-kit-850mah-3ml-auto-power-off-if-no-operation-for-8-minutes\/\"]}]},{\"@type\":\"ImageObject\",\"inLanguage\":\"de\",\"@id\":\"https:\/\/global-hookah.com\/product\/global-cn02clearance-uwell-caliburn-x-pod-system-kit-850mah-3ml-auto-power-off-if-no-operation-for-8-minutes\/#primaryimage\",\"url\":\"https:\/\/global-hookah.com\/wp-content\/uploads\/2024\/09\/Caliburn-X-Pod-Kit-1.jpg\",\"contentUrl\":\"https:\/\/global-hookah.com\/wp-content\/uploads\/2024\/09\/Caliburn-X-Pod-Kit-1.jpg\",\"width\":800,\"height\":800},{\"@type\":\"BreadcrumbList\",\"@id\":\"https:\/\/global-hookah.com\/product\/global-cn02clearance-uwell-caliburn-x-pod-system-kit-850mah-3ml-auto-power-off-if-no-operation-for-8-minutes\/#breadcrumb\",\"itemListElement\":[{\"@type\":\"ListItem\",\"position\":1,\"name\":\"Home\",\"item\":\"https:\/\/global-hookah.com\/\"},{\"@type\":\"ListItem\",\"position\":2,\"name\":\"Shop\",\"item\":\"https:\/\/global-hookah.com\/shop\/\"},{\"@type\":\"ListItem\",\"position\":3,\"name\":\"Global-CN02Clearance Uwell Caliburn X Pod System Kit 850mAh 3ml, Auto Power Off if no Operation for 8 Minutes\"}]},{\"@type\":\"WebSite\",\"@id\":\"https:\/\/global-hookah.com\/#website\",\"url\":\"https:\/\/global-hookah.com\/\",\"name\":\"Global Hookah\",\"description\":\"Global Hookah\",\"publisher\":{\"@id\":\"https:\/\/global-hookah.com\/#organization\"},\"potentialAction\":[{\"@type\":\"SearchAction\",\"target\":{\"@type\":\"EntryPoint\",\"urlTemplate\":\"https:\/\/global-hookah.com\/?s={search_term_string}\"},\"query-input\":{\"@type\":\"PropertyValueSpecification\",\"valueRequired\":true,\"valueName\":\"search_term_string\"}}],\"inLanguage\":\"de\"},{\"@type\":\"Organization\",\"@id\":\"https:\/\/global-hookah.com\/#organization\",\"name\":\"Global Hookah\",\"url\":\"https:\/\/global-hookah.com\/\",\"logo\":{\"@type\":\"ImageObject\",\"inLanguage\":\"de\",\"@id\":\"https:\/\/global-hookah.com\/#\/schema\/logo\/image\/\",\"url\":\"https:\/\/global-hookah.com\/wp-content\/uploads\/2021\/10\/cropped-fgg.png\",\"contentUrl\":\"https:\/\/global-hookah.com\/wp-content\/uploads\/2021\/10\/cropped-fgg.png\",\"width\":512,\"height\":512,\"caption\":\"Global Hookah\"},\"image\":{\"@id\":\"https:\/\/global-hookah.com\/#\/schema\/logo\/image\/\"}}]}<\/script>\n<!-- \/ Yoast SEO Premium plugin. -->","yoast_head_json":{"title":"Global-CN02Clearance Uwell Caliburn X Pod System Kit 850mAh 3ml, Auto Power Off wenn keine Operation f\u00fcr 8 Minuten - Global Hookah","robots":{"index":"index","follow":"follow","max-snippet":"max-snippet:-1","max-image-preview":"max-image-preview:large","max-video-preview":"max-video-preview:-1"},"canonical":"https:\/\/global-hookah.com\/de\/produkt\/global-cn02clearance-uwell-caliburn-x-pod-system-kit-850mah-3ml-auto-power-off-if-no-operation-for-8-minutes\/","og_locale":"de_DE","og_type":"article","og_title":"Global-CN02Clearance Uwell Caliburn X Pod System Kit 850mAh 3ml, Auto Power Off if no Operation for 8 Minutes","og_description":"Compared to the regular version. there is one more additional protection for Child Resistant Version &#8211; the device will power","og_url":"https:\/\/global-hookah.com\/de\/produkt\/global-cn02clearance-uwell-caliburn-x-pod-system-kit-850mah-3ml-auto-power-off-if-no-operation-for-8-minutes\/","og_site_name":"Global Hookah","article_modified_time":"2024-09-27T02:29:09+00:00","og_image":[{"width":1200,"height":1200,"url":"https:\/\/global-hookah.com\/wp-content\/uploads\/s2w-placeholder.png","type":"image\/png"}],"twitter_card":"summary_large_image","twitter_misc":{"Gesch\u00e4tzte Lesezeit":"1\u00a0Minute"},"schema":{"@context":"https:\/\/schema.org","@graph":[{"@type":"WebPage","@id":"https:\/\/global-hookah.com\/product\/global-cn02clearance-uwell-caliburn-x-pod-system-kit-850mah-3ml-auto-power-off-if-no-operation-for-8-minutes\/","url":"https:\/\/global-hookah.com\/product\/global-cn02clearance-uwell-caliburn-x-pod-system-kit-850mah-3ml-auto-power-off-if-no-operation-for-8-minutes\/","name":"Global-CN02Clearance Uwell Caliburn X Pod System Kit 850mAh 3ml, Auto Power Off wenn keine Operation f\u00fcr 8 Minuten - Global Hookah","isPartOf":{"@id":"https:\/\/global-hookah.com\/#website"},"primaryImageOfPage":{"@id":"https:\/\/global-hookah.com\/product\/global-cn02clearance-uwell-caliburn-x-pod-system-kit-850mah-3ml-auto-power-off-if-no-operation-for-8-minutes\/#primaryimage"},"image":{"@id":"https:\/\/global-hookah.com\/product\/global-cn02clearance-uwell-caliburn-x-pod-system-kit-850mah-3ml-auto-power-off-if-no-operation-for-8-minutes\/#primaryimage"},"thumbnailUrl":"https:\/\/global-hookah.com\/wp-content\/uploads\/2024\/09\/Caliburn-X-Pod-Kit-1.jpg","datePublished":"2024-09-27T02:11:05+00:00","dateModified":"2024-09-27T02:29:09+00:00","breadcrumb":{"@id":"https:\/\/global-hookah.com\/product\/global-cn02clearance-uwell-caliburn-x-pod-system-kit-850mah-3ml-auto-power-off-if-no-operation-for-8-minutes\/#breadcrumb"},"inLanguage":"de","potentialAction":[{"@type":"ReadAction","target":["https:\/\/global-hookah.com\/product\/global-cn02clearance-uwell-caliburn-x-pod-system-kit-850mah-3ml-auto-power-off-if-no-operation-for-8-minutes\/"]}]},{"@type":"ImageObject","inLanguage":"de","@id":"https:\/\/global-hookah.com\/product\/global-cn02clearance-uwell-caliburn-x-pod-system-kit-850mah-3ml-auto-power-off-if-no-operation-for-8-minutes\/#primaryimage","url":"https:\/\/global-hookah.com\/wp-content\/uploads\/2024\/09\/Caliburn-X-Pod-Kit-1.jpg","contentUrl":"https:\/\/global-hookah.com\/wp-content\/uploads\/2024\/09\/Caliburn-X-Pod-Kit-1.jpg","width":800,"height":800},{"@type":"BreadcrumbList","@id":"https:\/\/global-hookah.com\/product\/global-cn02clearance-uwell-caliburn-x-pod-system-kit-850mah-3ml-auto-power-off-if-no-operation-for-8-minutes\/#breadcrumb","itemListElement":[{"@type":"ListItem","position":1,"name":"Home","item":"https:\/\/global-hookah.com\/"},{"@type":"ListItem","position":2,"name":"Shop","item":"https:\/\/global-hookah.com\/shop\/"},{"@type":"ListItem","position":3,"name":"Global-CN02Clearance Uwell Caliburn X Pod System Kit 850mAh 3ml, Auto Power Off if no Operation for 8 Minutes"}]},{"@type":"WebSite","@id":"https:\/\/global-hookah.com\/#website","url":"https:\/\/global-hookah.com\/","name":"Globale Wasserpfeife","description":"Globale Wasserpfeife","publisher":{"@id":"https:\/\/global-hookah.com\/#organization"},"potentialAction":[{"@type":"SearchAction","target":{"@type":"EntryPoint","urlTemplate":"https:\/\/global-hookah.com\/?s={search_term_string}"},"query-input":{"@type":"PropertyValueSpecification","valueRequired":true,"valueName":"search_term_string"}}],"inLanguage":"de"},{"@type":"Organization","@id":"https:\/\/global-hookah.com\/#organization","name":"Globale Wasserpfeife","url":"https:\/\/global-hookah.com\/","logo":{"@type":"ImageObject","inLanguage":"de","@id":"https:\/\/global-hookah.com\/#\/schema\/logo\/image\/","url":"https:\/\/global-hookah.com\/wp-content\/uploads\/2021\/10\/cropped-fgg.png","contentUrl":"https:\/\/global-hookah.com\/wp-content\/uploads\/2021\/10\/cropped-fgg.png","width":512,"height":512,"caption":"Global Hookah"},"image":{"@id":"https:\/\/global-hookah.com\/#\/schema\/logo\/image\/"}}]}},"_links":{"self":[{"href":"https:\/\/global-hookah.com\/de\/wp-json\/wp\/v2\/product\/29005","targetHints":{"allow":["GET"]}}],"collection":[{"href":"https:\/\/global-hookah.com\/de\/wp-json\/wp\/v2\/product"}],"about":[{"href":"https:\/\/global-hookah.com\/de\/wp-json\/wp\/v2\/types\/product"}],"replies":[{"embeddable":true,"href":"https:\/\/global-hookah.com\/de\/wp-json\/wp\/v2\/comments?post=29005"}],"version-history":[{"count":0,"href":"https:\/\/global-hookah.com\/de\/wp-json\/wp\/v2\/product\/29005\/revisions"}],"wp:featuredmedia":[{"embeddable":true,"href":"https:\/\/global-hookah.com\/de\/wp-json\/wp\/v2\/media\/29607"}],"wp:attachment":[{"href":"https:\/\/global-hookah.com\/de\/wp-json\/wp\/v2\/media?parent=29005"}],"wp:term":[{"taxonomy":"product_brand","embeddable":true,"href":"https:\/\/global-hookah.com\/de\/wp-json\/wp\/v2\/product_brand?post=29005"},{"taxonomy":"product_cat","embeddable":true,"href":"https:\/\/global-hookah.com\/de\/wp-json\/wp\/v2\/product_cat?post=29005"},{"taxonomy":"product_tag","embeddable":true,"href":"https:\/\/global-hookah.com\/de\/wp-json\/wp\/v2\/product_tag?post=29005"}],"curies":[{"name":"wp","href":"https:\/\/api.w.org\/{rel}","templated":true}]}}