{"id":29033,"date":"2024-09-27T02:11:13","date_gmt":"2024-09-27T02:11:13","guid":{"rendered":"https:\/\/global-hookah.com\/product\/global-cn02-vaporesso-xros-4-nano-pod-system-kit-1350mah-3ml\/"},"modified":"2024-09-27T02:32:13","modified_gmt":"2024-09-27T02:32:13","slug":"global-cn02-vaporesso-xros-4-nano-pod-system-kit-1350mah-3ml","status":"publish","type":"product","link":"https:\/\/global-hookah.com\/de\/produkt\/global-cn02-vaporesso-xros-4-nano-pod-system-kit-1350mah-3ml\/","title":{"rendered":"Global-CN02 Vaporesso XROS 4 Nano Pod System Kit 1350mAh 3ml"},"content":{"rendered":"<p>Vaporesso Xros Nano 4 pod verf\u00fcgen \u00fcber eine 1,3-Zoll Big TFT-Farbbildschirm. Es bietet eine 1350mAh Batterie und max 30W. 2A Schnellladung. Taste Betrieb. und einstellbare Luftstrom alle in einem Ger\u00e4t. COREX 2.0-Technologie in der 0,4-Ohm-Top-F\u00fcllung pod bietet reichere FLV und l\u00e4ngere pod life.supported durch die stabile Axon-Chip. Es kommt mit 3ml pod und ist voll kompatibel mit allen XROS pods.<\/p>\n<p><strong><font color=\"#ff7301\" size=\"4px\">Merkmale:<\/font><\/strong><br \/>1. Eingebauter 1350mAh. Bis zu 30W <br \/>2. 1,3-Zoll-TFT-Farbdisplay<br \/>3. Wahl der Taste und Aktivierung der Inhalation<br \/>4. Pr\u00e4zise Steuerung des Luftstroms<br \/>5. Schnellladung - volle Ladung in 30 Minuten<br \/>6. Zwei Aktivierungsmodi: Feuer per Knopfdruck oder automatisches Ziehen<br \/>7. XROS Serie Pod-Patrone kompatibel<br \/>8. COREX 2.0-Technologie<\/p>\n<p>Marke: Vaporesso <br \/>Abmessungen: 55.3*20.9*79.9mm<br \/>POD Kapazit\u00e4t: 3ml<br \/>POD-Widerstand\uff1a0.6ohm\/0.8ohm<br \/>Batteriekapazit\u00e4t: 1350mAh<br \/>Ausgangsleistung: 30W MAX<br \/>Ladestrom: Typ-C. 2A<br \/>Farben: Graphite Black.Titanium Silver.Camouflage.Aquamarine.Race Track.Word-pop Yellow.Word-pop Blue.Twilight Purple.<\/p>\n<p><strong><font color=\"#ff7301\" size=\"4px\">Jedes Set enth\u00e4lt:<\/font><\/strong><br \/>1St\u00fcck Xros 4 Nano Ger\u00e4t<br \/>1pc 0.6ohm Xros Mesh Pod (3ml)<br \/>1St\u00fcck 0.8ohm Xros Mesh Pod (3ml)<br \/>1pc USB-C Kabel<br \/>1pc Benutzerhandbuch &amp; Garantiekarte<br \/>1St\u00fcck Schl\u00fcsselband<\/p>\n<p><img decoding=\"async\" src=\"https:\/\/global-hookah.com\/wp-content\/uploads\/2024\/09\/xros-4-nano-pod-01.jpg?w=1300&amp;h=645\" alt=\"Vaporesso Xros Nano 4 pod\"><br \/><img decoding=\"async\" src=\"https:\/\/global-hookah.com\/wp-content\/uploads\/2024\/09\/xros-4-nano-pod-02.jpg?w=1300&amp;h=315\" alt=\"Vaporesso Xros Nano 4 pod\"><br \/><img decoding=\"async\" src=\"https:\/\/global-hookah.com\/wp-content\/uploads\/2024\/09\/xros-4-nano-pod-03.jpg?w=1300&amp;h=357\" alt=\"Vaporesso Xros Nano 4 pod\"><br \/><img decoding=\"async\" src=\"https:\/\/global-hookah.com\/wp-content\/uploads\/2024\/09\/xros-4-nano-pod-04.jpg?w=1300&amp;h=307\" alt=\"Vaporesso Xros Nano 4 pod\"><br \/><img decoding=\"async\" src=\"https:\/\/global-hookah.com\/wp-content\/uploads\/2024\/09\/xros-4-nano-pod-05.jpg?w=1298&amp;h=747\" alt=\"Vaporesso Xros Nano 4 pod\"><br \/><img decoding=\"async\" src=\"https:\/\/global-hookah.com\/wp-content\/uploads\/2024\/09\/xros-4-nano-pod-06.jpg?w=1300&amp;h=754\" alt=\"Vaporesso Xros Nano 4 pod\"><br \/><img decoding=\"async\" src=\"https:\/\/global-hookah.com\/wp-content\/uploads\/2024\/09\/xros-4-nano-pod-07.jpg?w=1300&amp;h=614\" alt=\"Vaporesso Xros Nano 4 pod\"><br \/><img decoding=\"async\" src=\"https:\/\/global-hookah.com\/wp-content\/uploads\/2024\/09\/xros-4-nano-pod-08.jpg?w=1300&amp;h=637\" alt=\"Vaporesso Xros Nano 4 pod\"><br \/><img decoding=\"async\" src=\"https:\/\/global-hookah.com\/wp-content\/uploads\/2024\/09\/xros-4-nano-pod-09.jpg?w=1300&amp;h=574\" alt=\"Vaporesso Xros Nano 4 pod\"><br \/><img decoding=\"async\" src=\"https:\/\/global-hookah.com\/wp-content\/uploads\/2024\/09\/xros-4-nano-pod-10.jpg?w=1300&amp;h=566\" alt=\"Vaporesso Xros Nano 4 pod\"><br \/><img decoding=\"async\" src=\"https:\/\/global-hookah.com\/wp-content\/uploads\/2024\/09\/xros-4-nano-pod-11.jpg?w=1300&amp;h=716\" alt=\"Vaporesso Xros Nano 4 pod\"><\/p>\n<p><\/p>","protected":false},"excerpt":{"rendered":"<p>Vaporesso Xros Nano 4 pod verf\u00fcgen \u00fcber eine 1,3-Zoll Big TFT-Farbbildschirm. Es bietet eine 1350mAh Batterie und max 30W.<\/p>","protected":false},"featured_media":29665,"comment_status":"closed","ping_status":"closed","template":"","meta":{"iawp_total_views":0,"_joinchat":[]},"product_brand":[],"product_cat":[415],"product_tag":[],"class_list":{"0":"post-29033","1":"product","2":"type-product","3":"status-publish","4":"has-post-thumbnail","6":"product_cat-accessories","8":"first","9":"instock","10":"sale","11":"shipping-taxable","12":"purchasable","13":"product-type-variable"},"yoast_head":"<!-- This site is optimized with the Yoast SEO Premium plugin v24.7 (Yoast SEO v26.8) - https:\/\/yoast.com\/product\/yoast-seo-premium-wordpress\/ -->\n<title>Global-CN02 Vaporesso XROS 4 Nano Pod System Kit 1350mAh 3ml - Global Hookah<\/title>\n<meta name=\"robots\" content=\"index, follow, max-snippet:-1, max-image-preview:large, max-video-preview:-1\" \/>\n<link rel=\"canonical\" href=\"https:\/\/global-hookah.com\/de\/produkt\/global-cn02-vaporesso-xros-4-nano-pod-system-kit-1350mah-3ml\/\" \/>\n<meta property=\"og:locale\" content=\"de_DE\" \/>\n<meta property=\"og:type\" content=\"article\" \/>\n<meta property=\"og:title\" content=\"Global-CN02 Vaporesso XROS 4 Nano Pod System Kit 1350mAh 3ml\" \/>\n<meta property=\"og:description\" content=\"Vaporesso Xros Nano 4 pod feature a 1.3inch Big TFT color screen. It offers a 1350mAh battery and max 30W.\" \/>\n<meta property=\"og:url\" content=\"https:\/\/global-hookah.com\/de\/produkt\/global-cn02-vaporesso-xros-4-nano-pod-system-kit-1350mah-3ml\/\" \/>\n<meta property=\"og:site_name\" content=\"Global Hookah\" \/>\n<meta property=\"article:modified_time\" content=\"2024-09-27T02:32:13+00:00\" \/>\n<meta property=\"og:image\" content=\"https:\/\/global-hookah.com\/wp-content\/uploads\/2024\/09\/xros-4-nano-pod-1.jpg\" \/>\n\t<meta property=\"og:image:width\" content=\"800\" \/>\n\t<meta property=\"og:image:height\" content=\"800\" \/>\n\t<meta property=\"og:image:type\" content=\"image\/jpeg\" \/>\n<meta name=\"twitter:card\" content=\"summary_large_image\" \/>\n<meta name=\"twitter:label1\" content=\"Gesch\u00e4tzte Lesezeit\" \/>\n\t<meta name=\"twitter:data1\" content=\"1\u00a0Minute\" \/>\n<script type=\"application\/ld+json\" class=\"yoast-schema-graph\">{\"@context\":\"https:\/\/schema.org\",\"@graph\":[{\"@type\":\"WebPage\",\"@id\":\"https:\/\/global-hookah.com\/product\/global-cn02-vaporesso-xros-4-nano-pod-system-kit-1350mah-3ml\/\",\"url\":\"https:\/\/global-hookah.com\/product\/global-cn02-vaporesso-xros-4-nano-pod-system-kit-1350mah-3ml\/\",\"name\":\"Global-CN02 Vaporesso XROS 4 Nano Pod System Kit 1350mAh 3ml - Global Hookah\",\"isPartOf\":{\"@id\":\"https:\/\/global-hookah.com\/#website\"},\"primaryImageOfPage\":{\"@id\":\"https:\/\/global-hookah.com\/product\/global-cn02-vaporesso-xros-4-nano-pod-system-kit-1350mah-3ml\/#primaryimage\"},\"image\":{\"@id\":\"https:\/\/global-hookah.com\/product\/global-cn02-vaporesso-xros-4-nano-pod-system-kit-1350mah-3ml\/#primaryimage\"},\"thumbnailUrl\":\"https:\/\/global-hookah.com\/wp-content\/uploads\/2024\/09\/xros-4-nano-pod-1.jpg\",\"datePublished\":\"2024-09-27T02:11:13+00:00\",\"dateModified\":\"2024-09-27T02:32:13+00:00\",\"breadcrumb\":{\"@id\":\"https:\/\/global-hookah.com\/product\/global-cn02-vaporesso-xros-4-nano-pod-system-kit-1350mah-3ml\/#breadcrumb\"},\"inLanguage\":\"de\",\"potentialAction\":[{\"@type\":\"ReadAction\",\"target\":[\"https:\/\/global-hookah.com\/product\/global-cn02-vaporesso-xros-4-nano-pod-system-kit-1350mah-3ml\/\"]}]},{\"@type\":\"ImageObject\",\"inLanguage\":\"de\",\"@id\":\"https:\/\/global-hookah.com\/product\/global-cn02-vaporesso-xros-4-nano-pod-system-kit-1350mah-3ml\/#primaryimage\",\"url\":\"https:\/\/global-hookah.com\/wp-content\/uploads\/2024\/09\/xros-4-nano-pod-1.jpg\",\"contentUrl\":\"https:\/\/global-hookah.com\/wp-content\/uploads\/2024\/09\/xros-4-nano-pod-1.jpg\",\"width\":800,\"height\":800},{\"@type\":\"BreadcrumbList\",\"@id\":\"https:\/\/global-hookah.com\/product\/global-cn02-vaporesso-xros-4-nano-pod-system-kit-1350mah-3ml\/#breadcrumb\",\"itemListElement\":[{\"@type\":\"ListItem\",\"position\":1,\"name\":\"Home\",\"item\":\"https:\/\/global-hookah.com\/\"},{\"@type\":\"ListItem\",\"position\":2,\"name\":\"Shop\",\"item\":\"https:\/\/global-hookah.com\/shop\/\"},{\"@type\":\"ListItem\",\"position\":3,\"name\":\"Global-CN02 Vaporesso XROS 4 Nano Pod System Kit 1350mAh 3ml\"}]},{\"@type\":\"WebSite\",\"@id\":\"https:\/\/global-hookah.com\/#website\",\"url\":\"https:\/\/global-hookah.com\/\",\"name\":\"Global Hookah\",\"description\":\"Global Hookah\",\"publisher\":{\"@id\":\"https:\/\/global-hookah.com\/#organization\"},\"potentialAction\":[{\"@type\":\"SearchAction\",\"target\":{\"@type\":\"EntryPoint\",\"urlTemplate\":\"https:\/\/global-hookah.com\/?s={search_term_string}\"},\"query-input\":{\"@type\":\"PropertyValueSpecification\",\"valueRequired\":true,\"valueName\":\"search_term_string\"}}],\"inLanguage\":\"de\"},{\"@type\":\"Organization\",\"@id\":\"https:\/\/global-hookah.com\/#organization\",\"name\":\"Global Hookah\",\"url\":\"https:\/\/global-hookah.com\/\",\"logo\":{\"@type\":\"ImageObject\",\"inLanguage\":\"de\",\"@id\":\"https:\/\/global-hookah.com\/#\/schema\/logo\/image\/\",\"url\":\"https:\/\/global-hookah.com\/wp-content\/uploads\/2021\/10\/cropped-fgg.png\",\"contentUrl\":\"https:\/\/global-hookah.com\/wp-content\/uploads\/2021\/10\/cropped-fgg.png\",\"width\":512,\"height\":512,\"caption\":\"Global Hookah\"},\"image\":{\"@id\":\"https:\/\/global-hookah.com\/#\/schema\/logo\/image\/\"}}]}<\/script>\n<!-- \/ Yoast SEO Premium plugin. -->","yoast_head_json":{"title":"Global-CN02 Vaporesso XROS 4 Nano Pod System Kit 1350mAh 3ml - Global Hookah","robots":{"index":"index","follow":"follow","max-snippet":"max-snippet:-1","max-image-preview":"max-image-preview:large","max-video-preview":"max-video-preview:-1"},"canonical":"https:\/\/global-hookah.com\/de\/produkt\/global-cn02-vaporesso-xros-4-nano-pod-system-kit-1350mah-3ml\/","og_locale":"de_DE","og_type":"article","og_title":"Global-CN02 Vaporesso XROS 4 Nano Pod System Kit 1350mAh 3ml","og_description":"Vaporesso Xros Nano 4 pod feature a 1.3inch Big TFT color screen. It offers a 1350mAh battery and max 30W.","og_url":"https:\/\/global-hookah.com\/de\/produkt\/global-cn02-vaporesso-xros-4-nano-pod-system-kit-1350mah-3ml\/","og_site_name":"Global Hookah","article_modified_time":"2024-09-27T02:32:13+00:00","og_image":[{"width":800,"height":800,"url":"https:\/\/global-hookah.com\/wp-content\/uploads\/2024\/09\/xros-4-nano-pod-1.jpg","type":"image\/jpeg"}],"twitter_card":"summary_large_image","twitter_misc":{"Gesch\u00e4tzte Lesezeit":"1\u00a0Minute"},"schema":{"@context":"https:\/\/schema.org","@graph":[{"@type":"WebPage","@id":"https:\/\/global-hookah.com\/product\/global-cn02-vaporesso-xros-4-nano-pod-system-kit-1350mah-3ml\/","url":"https:\/\/global-hookah.com\/product\/global-cn02-vaporesso-xros-4-nano-pod-system-kit-1350mah-3ml\/","name":"Global-CN02 Vaporesso XROS 4 Nano Pod System Kit 1350mAh 3ml - Global Hookah","isPartOf":{"@id":"https:\/\/global-hookah.com\/#website"},"primaryImageOfPage":{"@id":"https:\/\/global-hookah.com\/product\/global-cn02-vaporesso-xros-4-nano-pod-system-kit-1350mah-3ml\/#primaryimage"},"image":{"@id":"https:\/\/global-hookah.com\/product\/global-cn02-vaporesso-xros-4-nano-pod-system-kit-1350mah-3ml\/#primaryimage"},"thumbnailUrl":"https:\/\/global-hookah.com\/wp-content\/uploads\/2024\/09\/xros-4-nano-pod-1.jpg","datePublished":"2024-09-27T02:11:13+00:00","dateModified":"2024-09-27T02:32:13+00:00","breadcrumb":{"@id":"https:\/\/global-hookah.com\/product\/global-cn02-vaporesso-xros-4-nano-pod-system-kit-1350mah-3ml\/#breadcrumb"},"inLanguage":"de","potentialAction":[{"@type":"ReadAction","target":["https:\/\/global-hookah.com\/product\/global-cn02-vaporesso-xros-4-nano-pod-system-kit-1350mah-3ml\/"]}]},{"@type":"ImageObject","inLanguage":"de","@id":"https:\/\/global-hookah.com\/product\/global-cn02-vaporesso-xros-4-nano-pod-system-kit-1350mah-3ml\/#primaryimage","url":"https:\/\/global-hookah.com\/wp-content\/uploads\/2024\/09\/xros-4-nano-pod-1.jpg","contentUrl":"https:\/\/global-hookah.com\/wp-content\/uploads\/2024\/09\/xros-4-nano-pod-1.jpg","width":800,"height":800},{"@type":"BreadcrumbList","@id":"https:\/\/global-hookah.com\/product\/global-cn02-vaporesso-xros-4-nano-pod-system-kit-1350mah-3ml\/#breadcrumb","itemListElement":[{"@type":"ListItem","position":1,"name":"Home","item":"https:\/\/global-hookah.com\/"},{"@type":"ListItem","position":2,"name":"Shop","item":"https:\/\/global-hookah.com\/shop\/"},{"@type":"ListItem","position":3,"name":"Global-CN02 Vaporesso XROS 4 Nano Pod System Kit 1350mAh 3ml"}]},{"@type":"WebSite","@id":"https:\/\/global-hookah.com\/#website","url":"https:\/\/global-hookah.com\/","name":"Globale Wasserpfeife","description":"Globale Wasserpfeife","publisher":{"@id":"https:\/\/global-hookah.com\/#organization"},"potentialAction":[{"@type":"SearchAction","target":{"@type":"EntryPoint","urlTemplate":"https:\/\/global-hookah.com\/?s={search_term_string}"},"query-input":{"@type":"PropertyValueSpecification","valueRequired":true,"valueName":"search_term_string"}}],"inLanguage":"de"},{"@type":"Organization","@id":"https:\/\/global-hookah.com\/#organization","name":"Globale Wasserpfeife","url":"https:\/\/global-hookah.com\/","logo":{"@type":"ImageObject","inLanguage":"de","@id":"https:\/\/global-hookah.com\/#\/schema\/logo\/image\/","url":"https:\/\/global-hookah.com\/wp-content\/uploads\/2021\/10\/cropped-fgg.png","contentUrl":"https:\/\/global-hookah.com\/wp-content\/uploads\/2021\/10\/cropped-fgg.png","width":512,"height":512,"caption":"Global Hookah"},"image":{"@id":"https:\/\/global-hookah.com\/#\/schema\/logo\/image\/"}}]}},"_links":{"self":[{"href":"https:\/\/global-hookah.com\/de\/wp-json\/wp\/v2\/product\/29033","targetHints":{"allow":["GET"]}}],"collection":[{"href":"https:\/\/global-hookah.com\/de\/wp-json\/wp\/v2\/product"}],"about":[{"href":"https:\/\/global-hookah.com\/de\/wp-json\/wp\/v2\/types\/product"}],"replies":[{"embeddable":true,"href":"https:\/\/global-hookah.com\/de\/wp-json\/wp\/v2\/comments?post=29033"}],"version-history":[{"count":0,"href":"https:\/\/global-hookah.com\/de\/wp-json\/wp\/v2\/product\/29033\/revisions"}],"wp:featuredmedia":[{"embeddable":true,"href":"https:\/\/global-hookah.com\/de\/wp-json\/wp\/v2\/media\/29665"}],"wp:attachment":[{"href":"https:\/\/global-hookah.com\/de\/wp-json\/wp\/v2\/media?parent=29033"}],"wp:term":[{"taxonomy":"product_brand","embeddable":true,"href":"https:\/\/global-hookah.com\/de\/wp-json\/wp\/v2\/product_brand?post=29033"},{"taxonomy":"product_cat","embeddable":true,"href":"https:\/\/global-hookah.com\/de\/wp-json\/wp\/v2\/product_cat?post=29033"},{"taxonomy":"product_tag","embeddable":true,"href":"https:\/\/global-hookah.com\/de\/wp-json\/wp\/v2\/product_tag?post=29033"}],"curies":[{"name":"wp","href":"https:\/\/api.w.org\/{rel}","templated":true}]}}