{"id":29047,"date":"2024-09-27T02:11:15","date_gmt":"2024-09-27T02:11:15","guid":{"rendered":"https:\/\/global-hookah.com\/product\/global-cn02-uwell-caliburn-g3-pod-system-kit-900mah-2-5ml-2ml\/"},"modified":"2024-09-27T02:36:59","modified_gmt":"2024-09-27T02:36:59","slug":"global-cn02-uwell-caliburn-g3-pod-system-kit-900mah-2-5ml-2ml","status":"publish","type":"product","link":"https:\/\/global-hookah.com\/de\/produkt\/global-cn02-uwell-caliburn-g3-pod-system-kit-900mah-2-5ml-2ml\/","title":{"rendered":"Global-CN02 Uwell Caliburn G3 Pod System Kit 900mAh 2.5ml \/ 2ml"},"content":{"rendered":"<p>Hier kommt der CALIBURN G3 Es ist der erste CALIBURN unter der G-Serie, die 0,6 Ohm unterst\u00fctzt. max 25 W Leistung f\u00fcr RDL Freebase Benutzer und lose MTL NCT Salt Benutzer gemacht. Die integrat - ed Spule Patrone bringt die Eigenschaften der auslaufsicheren und mess-free auf die n\u00e4chste Stufe. Sie k\u00f6nnen eine gr\u00f6\u00dfere vaping mit einem FLV-Boost erleben. konstante Stabilit\u00e4t und eine Kehle hit<\/p>\n<p>Im Vergleich zum G2 hat das CALIBURN G3 eine beeindruckende Aufwertung erfahren und die Leistung insgesamt verbessert.<br \/>Erstens. Caliburn G3 ist der erste Caliburn unter der G-Serie, die 0,6 Ohm unterst\u00fctzt. max. 25W Ausgang f\u00fcr RDL Freebase Benutzer und lockere MTL NCT Salt Benutzer gemacht. Eine zus\u00e4tzliche 0,9 Ohm Option ist f\u00fcr engere MTL NCT Salt Benutzer geb\u00fcndelt. <\/p>\n<p>Dann. die integrierte Spule Patrone sorgt f\u00fcr eine luftdichte Umgebung f\u00fcr verbesserte Leck Ausdauer. Benutzer m\u00fcssen nicht die Spule zu ersetzen oder in e-LQ Leckage die ganze Zeit gefangen. die eine leckfreie liefert. mess-free und stressfrei vaping. <\/p>\n<p>Dar\u00fcber hinaus ist dies das erste Pod-System der Caliburn G-Serie mit einem OLED-Display. Die pr\u00e4zise Leistungseinstellung, die Aufzeichnung des Puffs und der Trigger-Lock-Modus helfen dabei, die Vaping-Reise f\u00fcr die Nutzer \u00fcber den gro\u00dfen Trigger-Knopf anzupassen.<\/p>\n<p>Auch. Caliburn G3 kommt jetzt mit einem Trigger-Taste Lock-Modus. Auto ziehen auf und beide auf. Nie mehr Sorgen etwas \u00fcber versehentliche Ausl\u00f6ser beim Tragen es in Jeans oder Taschen. <strong><font color=\"#ff7301\">Klicken Sie zweimal auf die Ausl\u00f6setaste, um zwischen den verschiedenen Modi (Button Draw\/Aoto Draw\/Both) zu wechseln, wobei der aktuelle Modus auf dem OLED angezeigt wird.<\/font><\/strong><\/p>\n<p>Klicken Sie schnell auf den Trigger-Knopf dreimal, um die Wattzahl einzustellen.viermal, um zu puffen klar. f\u00fcnfmal, um ein-\/auszuschalten.<br \/>Was mehr ist. Die Akkukapazit\u00e4t des Caliburn G3 wurde im Vergleich zum G2 auf 900 mAh erh\u00f6ht. Wir behalten weiterhin einen 3-Schicht-K\u00f6rper-Rahmen-Design-Mechanismus bei, um den h\u00f6chstm\u00f6glichen Schutz f\u00fcr alle internen Komponenten zu gew\u00e4hrleisten.<\/p>\n<p>Schlie\u00dflich gibt es zwei Versionen des Nachf\u00fcllmechanismus: Top Refill und Side Refill. Sie werden separat verkauft, und die Benutzer k\u00f6nnen ihre bevorzugte Nachf\u00fcllmethode w\u00e4hlen.<\/p>\n<p><img decoding=\"async\" src=\"https:\/\/global-hookah.com\/wp-content\/uploads\/2024\/09\/uwell-caliburn-g3-pod-all-color3.jpg?w=1420&amp;h=462\" alt=\"Uwell Caliburn G3 Kit\"><\/p>\n<p><strong><font color=\"#ff7301\" size=\"4px\">Merkmale:<\/font><\/strong><br \/>1. Dual Airflow System<br \/>2. 2.5ml E-LQ Kapazit\u00e4t<br \/>3. Breitere ClearView (LQ-Fenster)<br \/>4. 2A Schnellaufladung<br \/>5. Pro-FOCS FLV-Technik<\/p>\n<p>Marke: Uwell<br \/>Einheit: 1Satz<br \/>Batteriekapazit\u00e4t: 900mAh<br \/>Materialien Kartusche: PCTG | Ger\u00e4t: Aluminium-Legierung<br \/>Abmessungen: 115,5 mm * 24 mm * 13,9 mm<br \/>E-LQ Kapazit\u00e4t: 2,5 ml (INT.\/FDA) | 2 ml (TPD)<br \/>Ausgangsleistung: Maximal 25 W<br \/>Verpackung: Geschenkbox<\/p>\n<p><strong><font color=\"#ff7301\" size=\"4px\">Jedes Set enth\u00e4lt:<\/font><\/strong><br \/>1St\u00fcck Caliburn G3 Ger\u00e4t<br \/>1pc 0.6ohm Caliburn G3 integrierte Spule Patrone<br \/>1pc 0.9ohm Caliburn G3 integrierte Spule Patrone<br \/>1pc Typ-C-Ladekabel<br \/>1St\u00fcck Schl\u00fcsselband<br \/>1St\u00fcck Benutzerhandbuch<\/p>\n<p><img decoding=\"async\" src=\"https:\/\/global-hookah.com\/wp-content\/uploads\/2024\/09\/Caliburn-G3-Pod-Kit-11.jpg?w=1248&amp;h=559\" alt=\"Uwell Caliburn G3 Kit\"><br \/><img decoding=\"async\" src=\"https:\/\/global-hookah.com\/wp-content\/uploads\/2024\/09\/Caliburn-G3-Pod-Kit-12.jpg?w=1248&amp;h=531\" alt=\"Uwell Caliburn G3 Kit\"><br \/><img decoding=\"async\" src=\"https:\/\/global-hookah.com\/wp-content\/uploads\/2024\/09\/Caliburn-G3-Pod-Kit-13.jpg?w=1248&amp;h=644\" alt=\"Uwell Caliburn G3 Kit\"><br \/><img decoding=\"async\" src=\"https:\/\/global-hookah.com\/wp-content\/uploads\/2024\/09\/Caliburn-G3-Pod-Kit-14.jpg?w=1248&amp;h=335\" alt=\"Uwell Caliburn G3 Kit\"><br \/><img decoding=\"async\" src=\"https:\/\/global-hookah.com\/wp-content\/uploads\/2024\/09\/Caliburn-G3-Pod-Kit-15.jpg?w=1248&amp;h=750\" alt=\"Uwell Caliburn G3 Kit\"><br \/><img decoding=\"async\" src=\"https:\/\/global-hookah.com\/wp-content\/uploads\/2024\/09\/Caliburn-G3-Pod-Kit-16.jpg?w=1248&amp;h=587\" alt=\"Uwell Caliburn G3 Kit\"><br \/><img decoding=\"async\" src=\"https:\/\/global-hookah.com\/wp-content\/uploads\/2024\/09\/Caliburn-G3-Pod-Kit-17.jpg?w=1248&amp;h=800\" alt=\"Uwell Caliburn G3 Kit\"><br \/><img decoding=\"async\" src=\"https:\/\/global-hookah.com\/wp-content\/uploads\/2024\/09\/Caliburn-G3-Pod-Kit-18.jpg?w=1248&amp;h=591\" alt=\"Uwell Caliburn G3 Kit\"><br \/><img decoding=\"async\" src=\"https:\/\/global-hookah.com\/wp-content\/uploads\/2024\/09\/Caliburn-G3-Pod-Kit-19.jpg?w=1248&amp;h=649\" alt=\"Uwell Caliburn G3 Kit\"><br \/><img decoding=\"async\" src=\"https:\/\/global-hookah.com\/wp-content\/uploads\/2024\/09\/Caliburn-G3-Pod-Kit-20.jpg?w=1248&amp;h=655\" alt=\"Uwell Caliburn G3 Kit\"><br \/><img decoding=\"async\" src=\"https:\/\/global-hookah.com\/wp-content\/uploads\/2024\/09\/Caliburn-G3-Pod-Kit-21.jpg?w=1248&amp;h=629\" alt=\"Uwell Caliburn G3 Kit\"><br \/><img decoding=\"async\" src=\"https:\/\/global-hookah.com\/wp-content\/uploads\/2024\/09\/Caliburn-G3-Pod-Kit-22.jpg?w=1248&amp;h=670\" alt=\"Uwell Caliburn G3 Kit\"><br \/><img decoding=\"async\" src=\"https:\/\/global-hookah.com\/wp-content\/uploads\/2024\/09\/Caliburn-G3-Pod-Kit-23.jpg?w=1248&amp;h=680\" alt=\"Uwell Caliburn G3 Kit\"><br \/><img decoding=\"async\" src=\"https:\/\/global-hookah.com\/wp-content\/uploads\/2024\/09\/Caliburn-G3-Pod-Kit-24.jpg?w=1248&amp;h=618\" alt=\"Uwell Caliburn G3 Kit\"><br \/><img decoding=\"async\" src=\"https:\/\/global-hookah.com\/wp-content\/uploads\/2024\/09\/Caliburn-G3-Pod-Kit-25.jpg?w=1248&amp;h=800\" alt=\"Uwell Caliburn G3 Kit\"><\/p>","protected":false},"excerpt":{"rendered":"<p>Hier kommt der CALIBURN G3, der erste CALIBURN der G-Serie, der 0,6 Ohm unterst\u00fctzt. max 25 W<\/p>","protected":false},"featured_media":29710,"comment_status":"closed","ping_status":"closed","template":"","meta":{"iawp_total_views":0,"_joinchat":[]},"product_brand":[],"product_cat":[415],"product_tag":[],"class_list":{"0":"post-29047","1":"product","2":"type-product","3":"status-publish","4":"has-post-thumbnail","6":"product_cat-accessories","8":"first","9":"instock","10":"sale","11":"shipping-taxable","12":"purchasable","13":"product-type-variable"},"yoast_head":"<!-- This site is optimized with the Yoast SEO Premium plugin v24.7 (Yoast SEO v26.8) - https:\/\/yoast.com\/product\/yoast-seo-premium-wordpress\/ -->\n<title>Global-CN02 Uwell Caliburn G3 Pod System Kit 900mAh 2.5ml \/ 2ml - Global Hookah<\/title>\n<meta name=\"robots\" content=\"index, follow, max-snippet:-1, max-image-preview:large, max-video-preview:-1\" \/>\n<link rel=\"canonical\" href=\"https:\/\/global-hookah.com\/de\/produkt\/global-cn02-uwell-caliburn-g3-pod-system-kit-900mah-2-5ml-2ml\/\" \/>\n<meta property=\"og:locale\" content=\"de_DE\" \/>\n<meta property=\"og:type\" content=\"article\" \/>\n<meta property=\"og:title\" content=\"Global-CN02 Uwell Caliburn G3 Pod System Kit 900mAh 2.5ml \/ 2ml\" \/>\n<meta property=\"og:description\" content=\"Here comes the CALIBURN G3.It is the first CALIBURN among the G series that supports 0.6ohm . max 25 W\" \/>\n<meta property=\"og:url\" content=\"https:\/\/global-hookah.com\/de\/produkt\/global-cn02-uwell-caliburn-g3-pod-system-kit-900mah-2-5ml-2ml\/\" \/>\n<meta property=\"og:site_name\" content=\"Global Hookah\" \/>\n<meta property=\"article:modified_time\" content=\"2024-09-27T02:36:59+00:00\" \/>\n<meta property=\"og:image\" content=\"https:\/\/global-hookah.com\/wp-content\/uploads\/2024\/09\/uwell-caliburn-g3-pod-all-color.jpg\" \/>\n\t<meta property=\"og:image:width\" content=\"800\" \/>\n\t<meta property=\"og:image:height\" content=\"800\" \/>\n\t<meta property=\"og:image:type\" content=\"image\/jpeg\" \/>\n<meta name=\"twitter:card\" content=\"summary_large_image\" \/>\n<meta name=\"twitter:label1\" content=\"Gesch\u00e4tzte Lesezeit\" \/>\n\t<meta name=\"twitter:data1\" content=\"2\u00a0Minuten\" \/>\n<script type=\"application\/ld+json\" class=\"yoast-schema-graph\">{\"@context\":\"https:\/\/schema.org\",\"@graph\":[{\"@type\":\"WebPage\",\"@id\":\"https:\/\/global-hookah.com\/product\/global-cn02-uwell-caliburn-g3-pod-system-kit-900mah-2-5ml-2ml\/\",\"url\":\"https:\/\/global-hookah.com\/product\/global-cn02-uwell-caliburn-g3-pod-system-kit-900mah-2-5ml-2ml\/\",\"name\":\"Global-CN02 Uwell Caliburn G3 Pod System Kit 900mAh 2.5ml \/ 2ml - Global Hookah\",\"isPartOf\":{\"@id\":\"https:\/\/global-hookah.com\/#website\"},\"primaryImageOfPage\":{\"@id\":\"https:\/\/global-hookah.com\/product\/global-cn02-uwell-caliburn-g3-pod-system-kit-900mah-2-5ml-2ml\/#primaryimage\"},\"image\":{\"@id\":\"https:\/\/global-hookah.com\/product\/global-cn02-uwell-caliburn-g3-pod-system-kit-900mah-2-5ml-2ml\/#primaryimage\"},\"thumbnailUrl\":\"https:\/\/global-hookah.com\/wp-content\/uploads\/2024\/09\/uwell-caliburn-g3-pod-all-color.jpg\",\"datePublished\":\"2024-09-27T02:11:15+00:00\",\"dateModified\":\"2024-09-27T02:36:59+00:00\",\"breadcrumb\":{\"@id\":\"https:\/\/global-hookah.com\/product\/global-cn02-uwell-caliburn-g3-pod-system-kit-900mah-2-5ml-2ml\/#breadcrumb\"},\"inLanguage\":\"de\",\"potentialAction\":[{\"@type\":\"ReadAction\",\"target\":[\"https:\/\/global-hookah.com\/product\/global-cn02-uwell-caliburn-g3-pod-system-kit-900mah-2-5ml-2ml\/\"]}]},{\"@type\":\"ImageObject\",\"inLanguage\":\"de\",\"@id\":\"https:\/\/global-hookah.com\/product\/global-cn02-uwell-caliburn-g3-pod-system-kit-900mah-2-5ml-2ml\/#primaryimage\",\"url\":\"https:\/\/global-hookah.com\/wp-content\/uploads\/2024\/09\/uwell-caliburn-g3-pod-all-color.jpg\",\"contentUrl\":\"https:\/\/global-hookah.com\/wp-content\/uploads\/2024\/09\/uwell-caliburn-g3-pod-all-color.jpg\",\"width\":800,\"height\":800},{\"@type\":\"BreadcrumbList\",\"@id\":\"https:\/\/global-hookah.com\/product\/global-cn02-uwell-caliburn-g3-pod-system-kit-900mah-2-5ml-2ml\/#breadcrumb\",\"itemListElement\":[{\"@type\":\"ListItem\",\"position\":1,\"name\":\"Home\",\"item\":\"https:\/\/global-hookah.com\/\"},{\"@type\":\"ListItem\",\"position\":2,\"name\":\"Shop\",\"item\":\"https:\/\/global-hookah.com\/shop\/\"},{\"@type\":\"ListItem\",\"position\":3,\"name\":\"Global-CN02 Uwell Caliburn G3 Pod System Kit 900mAh 2.5ml \/ 2ml\"}]},{\"@type\":\"WebSite\",\"@id\":\"https:\/\/global-hookah.com\/#website\",\"url\":\"https:\/\/global-hookah.com\/\",\"name\":\"Global Hookah\",\"description\":\"Global Hookah\",\"publisher\":{\"@id\":\"https:\/\/global-hookah.com\/#organization\"},\"potentialAction\":[{\"@type\":\"SearchAction\",\"target\":{\"@type\":\"EntryPoint\",\"urlTemplate\":\"https:\/\/global-hookah.com\/?s={search_term_string}\"},\"query-input\":{\"@type\":\"PropertyValueSpecification\",\"valueRequired\":true,\"valueName\":\"search_term_string\"}}],\"inLanguage\":\"de\"},{\"@type\":\"Organization\",\"@id\":\"https:\/\/global-hookah.com\/#organization\",\"name\":\"Global Hookah\",\"url\":\"https:\/\/global-hookah.com\/\",\"logo\":{\"@type\":\"ImageObject\",\"inLanguage\":\"de\",\"@id\":\"https:\/\/global-hookah.com\/#\/schema\/logo\/image\/\",\"url\":\"https:\/\/global-hookah.com\/wp-content\/uploads\/2021\/10\/cropped-fgg.png\",\"contentUrl\":\"https:\/\/global-hookah.com\/wp-content\/uploads\/2021\/10\/cropped-fgg.png\",\"width\":512,\"height\":512,\"caption\":\"Global Hookah\"},\"image\":{\"@id\":\"https:\/\/global-hookah.com\/#\/schema\/logo\/image\/\"}}]}<\/script>\n<!-- \/ Yoast SEO Premium plugin. -->","yoast_head_json":{"title":"Global-CN02 Uwell Caliburn G3 Pod System Kit 900mAh 2.5ml \/ 2ml - Global Hookah","robots":{"index":"index","follow":"follow","max-snippet":"max-snippet:-1","max-image-preview":"max-image-preview:large","max-video-preview":"max-video-preview:-1"},"canonical":"https:\/\/global-hookah.com\/de\/produkt\/global-cn02-uwell-caliburn-g3-pod-system-kit-900mah-2-5ml-2ml\/","og_locale":"de_DE","og_type":"article","og_title":"Global-CN02 Uwell Caliburn G3 Pod System Kit 900mAh 2.5ml \/ 2ml","og_description":"Here comes the CALIBURN G3.It is the first CALIBURN among the G series that supports 0.6ohm . max 25 W","og_url":"https:\/\/global-hookah.com\/de\/produkt\/global-cn02-uwell-caliburn-g3-pod-system-kit-900mah-2-5ml-2ml\/","og_site_name":"Global Hookah","article_modified_time":"2024-09-27T02:36:59+00:00","og_image":[{"width":800,"height":800,"url":"https:\/\/global-hookah.com\/wp-content\/uploads\/2024\/09\/uwell-caliburn-g3-pod-all-color.jpg","type":"image\/jpeg"}],"twitter_card":"summary_large_image","twitter_misc":{"Gesch\u00e4tzte Lesezeit":"2\u00a0Minuten"},"schema":{"@context":"https:\/\/schema.org","@graph":[{"@type":"WebPage","@id":"https:\/\/global-hookah.com\/product\/global-cn02-uwell-caliburn-g3-pod-system-kit-900mah-2-5ml-2ml\/","url":"https:\/\/global-hookah.com\/product\/global-cn02-uwell-caliburn-g3-pod-system-kit-900mah-2-5ml-2ml\/","name":"Global-CN02 Uwell Caliburn G3 Pod System Kit 900mAh 2.5ml \/ 2ml - Global Hookah","isPartOf":{"@id":"https:\/\/global-hookah.com\/#website"},"primaryImageOfPage":{"@id":"https:\/\/global-hookah.com\/product\/global-cn02-uwell-caliburn-g3-pod-system-kit-900mah-2-5ml-2ml\/#primaryimage"},"image":{"@id":"https:\/\/global-hookah.com\/product\/global-cn02-uwell-caliburn-g3-pod-system-kit-900mah-2-5ml-2ml\/#primaryimage"},"thumbnailUrl":"https:\/\/global-hookah.com\/wp-content\/uploads\/2024\/09\/uwell-caliburn-g3-pod-all-color.jpg","datePublished":"2024-09-27T02:11:15+00:00","dateModified":"2024-09-27T02:36:59+00:00","breadcrumb":{"@id":"https:\/\/global-hookah.com\/product\/global-cn02-uwell-caliburn-g3-pod-system-kit-900mah-2-5ml-2ml\/#breadcrumb"},"inLanguage":"de","potentialAction":[{"@type":"ReadAction","target":["https:\/\/global-hookah.com\/product\/global-cn02-uwell-caliburn-g3-pod-system-kit-900mah-2-5ml-2ml\/"]}]},{"@type":"ImageObject","inLanguage":"de","@id":"https:\/\/global-hookah.com\/product\/global-cn02-uwell-caliburn-g3-pod-system-kit-900mah-2-5ml-2ml\/#primaryimage","url":"https:\/\/global-hookah.com\/wp-content\/uploads\/2024\/09\/uwell-caliburn-g3-pod-all-color.jpg","contentUrl":"https:\/\/global-hookah.com\/wp-content\/uploads\/2024\/09\/uwell-caliburn-g3-pod-all-color.jpg","width":800,"height":800},{"@type":"BreadcrumbList","@id":"https:\/\/global-hookah.com\/product\/global-cn02-uwell-caliburn-g3-pod-system-kit-900mah-2-5ml-2ml\/#breadcrumb","itemListElement":[{"@type":"ListItem","position":1,"name":"Home","item":"https:\/\/global-hookah.com\/"},{"@type":"ListItem","position":2,"name":"Shop","item":"https:\/\/global-hookah.com\/shop\/"},{"@type":"ListItem","position":3,"name":"Global-CN02 Uwell Caliburn G3 Pod System Kit 900mAh 2.5ml \/ 2ml"}]},{"@type":"WebSite","@id":"https:\/\/global-hookah.com\/#website","url":"https:\/\/global-hookah.com\/","name":"Globale Wasserpfeife","description":"Globale Wasserpfeife","publisher":{"@id":"https:\/\/global-hookah.com\/#organization"},"potentialAction":[{"@type":"SearchAction","target":{"@type":"EntryPoint","urlTemplate":"https:\/\/global-hookah.com\/?s={search_term_string}"},"query-input":{"@type":"PropertyValueSpecification","valueRequired":true,"valueName":"search_term_string"}}],"inLanguage":"de"},{"@type":"Organization","@id":"https:\/\/global-hookah.com\/#organization","name":"Globale Wasserpfeife","url":"https:\/\/global-hookah.com\/","logo":{"@type":"ImageObject","inLanguage":"de","@id":"https:\/\/global-hookah.com\/#\/schema\/logo\/image\/","url":"https:\/\/global-hookah.com\/wp-content\/uploads\/2021\/10\/cropped-fgg.png","contentUrl":"https:\/\/global-hookah.com\/wp-content\/uploads\/2021\/10\/cropped-fgg.png","width":512,"height":512,"caption":"Global Hookah"},"image":{"@id":"https:\/\/global-hookah.com\/#\/schema\/logo\/image\/"}}]}},"_links":{"self":[{"href":"https:\/\/global-hookah.com\/de\/wp-json\/wp\/v2\/product\/29047","targetHints":{"allow":["GET"]}}],"collection":[{"href":"https:\/\/global-hookah.com\/de\/wp-json\/wp\/v2\/product"}],"about":[{"href":"https:\/\/global-hookah.com\/de\/wp-json\/wp\/v2\/types\/product"}],"replies":[{"embeddable":true,"href":"https:\/\/global-hookah.com\/de\/wp-json\/wp\/v2\/comments?post=29047"}],"version-history":[{"count":0,"href":"https:\/\/global-hookah.com\/de\/wp-json\/wp\/v2\/product\/29047\/revisions"}],"wp:featuredmedia":[{"embeddable":true,"href":"https:\/\/global-hookah.com\/de\/wp-json\/wp\/v2\/media\/29710"}],"wp:attachment":[{"href":"https:\/\/global-hookah.com\/de\/wp-json\/wp\/v2\/media?parent=29047"}],"wp:term":[{"taxonomy":"product_brand","embeddable":true,"href":"https:\/\/global-hookah.com\/de\/wp-json\/wp\/v2\/product_brand?post=29047"},{"taxonomy":"product_cat","embeddable":true,"href":"https:\/\/global-hookah.com\/de\/wp-json\/wp\/v2\/product_cat?post=29047"},{"taxonomy":"product_tag","embeddable":true,"href":"https:\/\/global-hookah.com\/de\/wp-json\/wp\/v2\/product_tag?post=29047"}],"curies":[{"name":"wp","href":"https:\/\/api.w.org\/{rel}","templated":true}]}}