{"id":29083,"date":"2024-09-27T02:11:21","date_gmt":"2024-09-27T02:11:21","guid":{"rendered":"https:\/\/global-hookah.com\/product\/global-cn02clearance-vaporesso-luxe-x-pod-system-kit-1500mah-5ml\/"},"modified":"2024-09-27T02:37:24","modified_gmt":"2024-09-27T02:37:24","slug":"global-cn02clearance-vaporesso-luxe-x-pod-system-kit-1500mah-5ml","status":"publish","type":"product","link":"https:\/\/global-hookah.com\/de\/produkt\/global-cn02clearance-vaporesso-luxe-x-pod-system-kit-1500mah-5ml\/","title":{"rendered":"Global-CN02Clearance Vaporesso LUXE X Pod System Kit 1500mAh 5ml"},"content":{"rendered":"<p>Vaporesso LUXE X Kit, die innovative COREX Heizungstechnologie. angewendet mit einzigartigen Morph-Mesh-Struktur. sorgt f\u00fcr mehr schnell und gleichm\u00e4\u00dfig Heizung. Es verbessert die Verdampfungseffizienz Verh\u00e4ltnis von 30%, um schiere FLV Genauigkeit und l\u00e4ngere Lebensdauer bieten. Es nimmt die neue 0.8ohm\/0.4ohm Mesh LUXE X Pods mit ma\u00dfgeschneiderten Tropfspitzen f\u00fcr MTL\/DTL Erfahrung. Sie k\u00f6nnen leicht den Pod wechseln, um den Luftstrom von MTL zu DTL einzustellen. Seine schlanke und kristallklare K\u00f6rper mit 3 Schichten der Beschichtung ist haltbar genug, um t\u00e4gliche Abrieb und fallen lassen zu widerstehen. Dar\u00fcber hinaus. seine Auto-Lock-Funktion wird das Ger\u00e4t nach 8S dr\u00fccken und gesicherten Modus zum Schutz vor versehentlichen Fehlz\u00fcndungen zu sperren.<\/p>\n<p><img decoding=\"async\" src=\"https:\/\/global-hookah.com\/wp-content\/uploads\/2024\/09\/LUXE-X-Pod-Kit-11.jpg?w=1248&amp;h=418\" alt=\"Vaporesso LUXE X Kit\"><\/p>\n<p><strong><font color=\"#ff7301\" size=\"4px\">Merkmale:<\/font><\/strong><br \/>1. Neue 0.8ohm\/0.4ohm Mesh LUXE X Pods mit ma\u00dfgeschneiderten Tropfspitzen f\u00fcr MTL\/DTL Erfahrung<br \/>2. Schalten Sie einfach den Pod, um den Luftstrom von MTL zu DTL einzustellen<br \/>3. Kristallklarer K\u00f6rper mit 3 Schichten der Beschichtung. langlebig genug, um t\u00e4glichen Abrieb zu widerstehen &amp; fallen lassen<br \/>4. Auto Lock das Ger\u00e4t nach 8S Dr\u00fccken und gesicherten Modus zum Schutz vor versehentlichen Fehlz\u00fcndungen<\/p>\n<p>Marke: Vaporesso<br \/>Einheit: 1 Satz<br \/>Gr\u00f6\u00dfe: 21,5 * 21,6 * 98 mm<br \/>Fassungsverm\u00f6gen: 5ml<br \/>Widerstand: 0.4\/0.8ohm<br \/>Akku: 1500mah<br \/>Ausgangsleistung: max. 40W<br \/>Farbe: Schwarz. Silber. Grau. Blau. Gr\u00fcn. Lila. Rot<br \/>Verpackung: Geschenkbox<\/p>\n<p><strong><font color=\"#ff7301\" size=\"4px\">Jedes Set enth\u00e4lt:<\/font><\/strong><br \/>1St\u00fcck Vaporesso LUXE X Akku<br \/>1pc Vaporesso LUXE X 0.4ohm Mesh Pod<br \/>1pc Vaporesso LUXE X 0.8ohm Mesh Pod<br \/>1pc Typ-C Kabel<br \/>1St\u00fcck Benutzerhandbuch<br \/>1St\u00fcck Garantiekarte<\/p>\n<p><img decoding=\"async\" src=\"https:\/\/global-hookah.com\/wp-content\/uploads\/2024\/09\/LUXE-X-Pod-Kit-12.jpg?w=1248&amp;h=538\" alt=\"Vaporesso LUXE X Kit\"><br \/><img decoding=\"async\" src=\"https:\/\/global-hookah.com\/wp-content\/uploads\/2024\/09\/LUXE-X-Pod-Kit-13.jpg?w=1248&amp;h=595\" alt=\"Vaporesso LUXE X Kit\"><br \/><img decoding=\"async\" src=\"https:\/\/global-hookah.com\/wp-content\/uploads\/2024\/09\/LUXE-X-Pod-Kit-14.jpg?w=1248&amp;h=248\" alt=\"Vaporesso LUXE X Kit\"><br \/><img decoding=\"async\" src=\"https:\/\/global-hookah.com\/wp-content\/uploads\/2024\/09\/LUXE-X-Pod-Kit-15.jpg?w=1248&amp;h=577\" alt=\"Vaporesso LUXE X Kit\"><br \/><img decoding=\"async\" src=\"https:\/\/global-hookah.com\/wp-content\/uploads\/2024\/09\/LUXE-X-Pod-Kit-16.jpg?w=1248&amp;h=434\" alt=\"Vaporesso LUXE X Kit\"><br \/><img decoding=\"async\" src=\"https:\/\/global-hookah.com\/wp-content\/uploads\/2024\/09\/LUXE-X-Pod-Kit-17.jpg?w=1248&amp;h=365\" alt=\"Vaporesso LUXE X Kit\"><br \/><img decoding=\"async\" src=\"https:\/\/global-hookah.com\/wp-content\/uploads\/2024\/09\/LUXE-X-Pod-Kit-18.jpg?w=1248&amp;h=592\" alt=\"Vaporesso LUXE X Kit\"><br \/><img decoding=\"async\" src=\"https:\/\/global-hookah.com\/wp-content\/uploads\/2024\/09\/LUXE-X-Pod-Kit-19.jpg?w=1248&amp;h=375\" alt=\"Vaporesso LUXE X Kit\"><br \/><img decoding=\"async\" src=\"https:\/\/global-hookah.com\/wp-content\/uploads\/2024\/09\/LUXE-X-Pod-Kit-20.jpg?w=1248&amp;h=488\" alt=\"Vaporesso LUXE X Kit\"><br \/><img decoding=\"async\" src=\"https:\/\/global-hookah.com\/wp-content\/uploads\/2024\/09\/LUXE-X-Pod-Kit-21.jpg?w=1248&amp;h=349\" alt=\"Vaporesso LUXE X Kit\"><br \/><img decoding=\"async\" src=\"https:\/\/global-hookah.com\/wp-content\/uploads\/2024\/09\/LUXE-X-Pod-Kit-22.jpg?w=1248&amp;h=532\" alt=\"Vaporesso LUXE X Kit\"><br \/><img decoding=\"async\" src=\"https:\/\/global-hookah.com\/wp-content\/uploads\/2024\/09\/LUXE-X-Pod-Kit-23.jpg?w=1248&amp;h=470\" alt=\"Vaporesso LUXE X Kit\"><br \/><img decoding=\"async\" src=\"https:\/\/global-hookah.com\/wp-content\/uploads\/2024\/09\/LUXE-X-Pod-Kit-24.jpg?w=1248&amp;h=421\" alt=\"Vaporesso LUXE X Kit\"><br \/><img decoding=\"async\" src=\"https:\/\/global-hookah.com\/wp-content\/uploads\/2024\/09\/LUXE-X-Pod-Kit-25.jpg?w=1248&amp;h=625\" alt=\"Vaporesso LUXE X Kit\"><br \/><img decoding=\"async\" src=\"https:\/\/global-hookah.com\/wp-content\/uploads\/2024\/09\/LUXE-X-Pod-Kit-26.jpg?w=1248&amp;h=366\" alt=\"Vaporesso LUXE X Kit\"><br \/><img decoding=\"async\" src=\"https:\/\/global-hookah.com\/wp-content\/uploads\/2024\/09\/LUXE-X-Pod-Kit-27.jpg?w=1248&amp;h=471\" alt=\"Vaporesso LUXE X Kit\"><\/p>\n<p><\/p>","protected":false},"excerpt":{"rendered":"<p>Vaporesso LUXE X Kit, die innovative COREX-Heiztechnologie. mit einzigartigen Morph-Mesh-Struktur angewendet. sorgt f\u00fcr eine schnellere und gleichm\u00e4\u00dfige Erw\u00e4rmung.<\/p>","protected":false},"featured_media":29798,"comment_status":"closed","ping_status":"closed","template":"","meta":{"iawp_total_views":1,"_joinchat":[]},"product_brand":[],"product_cat":[415],"product_tag":[],"class_list":{"0":"post-29083","1":"product","2":"type-product","3":"status-publish","4":"has-post-thumbnail","6":"product_cat-accessories","8":"first","9":"instock","10":"sale","11":"shipping-taxable","12":"purchasable","13":"product-type-variable"},"yoast_head":"<!-- This site is optimized with the Yoast SEO Premium plugin v24.7 (Yoast SEO v26.8) - https:\/\/yoast.com\/product\/yoast-seo-premium-wordpress\/ -->\n<title>Global-CN02Clearance Vaporesso LUXE X Pod System Kit 1500mAh 5ml - Global Hookah<\/title>\n<meta name=\"robots\" content=\"index, follow, max-snippet:-1, max-image-preview:large, max-video-preview:-1\" \/>\n<link rel=\"canonical\" href=\"https:\/\/global-hookah.com\/de\/produkt\/global-cn02clearance-vaporesso-luxe-x-pod-system-kit-1500mah-5ml\/\" \/>\n<meta property=\"og:locale\" content=\"de_DE\" \/>\n<meta property=\"og:type\" content=\"article\" \/>\n<meta property=\"og:title\" content=\"Global-CN02Clearance Vaporesso LUXE X Pod System Kit 1500mAh 5ml\" \/>\n<meta property=\"og:description\" content=\"Vaporesso LUXE X Kit which innovative COREX heating technology. applied with unique Morph-Mesh structure. ensures more rapidly and evenly heating.\" \/>\n<meta property=\"og:url\" content=\"https:\/\/global-hookah.com\/de\/produkt\/global-cn02clearance-vaporesso-luxe-x-pod-system-kit-1500mah-5ml\/\" \/>\n<meta property=\"og:site_name\" content=\"Global Hookah\" \/>\n<meta property=\"article:modified_time\" content=\"2024-09-27T02:37:24+00:00\" \/>\n<meta property=\"og:image\" content=\"https:\/\/global-hookah.com\/wp-content\/uploads\/s2w-placeholder.png\" \/>\n\t<meta property=\"og:image:width\" content=\"1200\" \/>\n\t<meta property=\"og:image:height\" content=\"1200\" \/>\n\t<meta property=\"og:image:type\" content=\"image\/png\" \/>\n<meta name=\"twitter:card\" content=\"summary_large_image\" \/>\n<meta name=\"twitter:label1\" content=\"Gesch\u00e4tzte Lesezeit\" \/>\n\t<meta name=\"twitter:data1\" content=\"1\u00a0Minute\" \/>\n<script type=\"application\/ld+json\" class=\"yoast-schema-graph\">{\"@context\":\"https:\/\/schema.org\",\"@graph\":[{\"@type\":\"WebPage\",\"@id\":\"https:\/\/global-hookah.com\/product\/global-cn02clearance-vaporesso-luxe-x-pod-system-kit-1500mah-5ml\/\",\"url\":\"https:\/\/global-hookah.com\/product\/global-cn02clearance-vaporesso-luxe-x-pod-system-kit-1500mah-5ml\/\",\"name\":\"Global-CN02Clearance Vaporesso LUXE X Pod System Kit 1500mAh 5ml - Global Hookah\",\"isPartOf\":{\"@id\":\"https:\/\/global-hookah.com\/#website\"},\"primaryImageOfPage\":{\"@id\":\"https:\/\/global-hookah.com\/product\/global-cn02clearance-vaporesso-luxe-x-pod-system-kit-1500mah-5ml\/#primaryimage\"},\"image\":{\"@id\":\"https:\/\/global-hookah.com\/product\/global-cn02clearance-vaporesso-luxe-x-pod-system-kit-1500mah-5ml\/#primaryimage\"},\"thumbnailUrl\":\"https:\/\/global-hookah.com\/wp-content\/uploads\/2024\/09\/LUXE-X-Pod-Kit-1.jpg\",\"datePublished\":\"2024-09-27T02:11:21+00:00\",\"dateModified\":\"2024-09-27T02:37:24+00:00\",\"breadcrumb\":{\"@id\":\"https:\/\/global-hookah.com\/product\/global-cn02clearance-vaporesso-luxe-x-pod-system-kit-1500mah-5ml\/#breadcrumb\"},\"inLanguage\":\"de\",\"potentialAction\":[{\"@type\":\"ReadAction\",\"target\":[\"https:\/\/global-hookah.com\/product\/global-cn02clearance-vaporesso-luxe-x-pod-system-kit-1500mah-5ml\/\"]}]},{\"@type\":\"ImageObject\",\"inLanguage\":\"de\",\"@id\":\"https:\/\/global-hookah.com\/product\/global-cn02clearance-vaporesso-luxe-x-pod-system-kit-1500mah-5ml\/#primaryimage\",\"url\":\"https:\/\/global-hookah.com\/wp-content\/uploads\/2024\/09\/LUXE-X-Pod-Kit-1.jpg\",\"contentUrl\":\"https:\/\/global-hookah.com\/wp-content\/uploads\/2024\/09\/LUXE-X-Pod-Kit-1.jpg\",\"width\":800,\"height\":800},{\"@type\":\"BreadcrumbList\",\"@id\":\"https:\/\/global-hookah.com\/product\/global-cn02clearance-vaporesso-luxe-x-pod-system-kit-1500mah-5ml\/#breadcrumb\",\"itemListElement\":[{\"@type\":\"ListItem\",\"position\":1,\"name\":\"Home\",\"item\":\"https:\/\/global-hookah.com\/\"},{\"@type\":\"ListItem\",\"position\":2,\"name\":\"Shop\",\"item\":\"https:\/\/global-hookah.com\/shop\/\"},{\"@type\":\"ListItem\",\"position\":3,\"name\":\"Global-CN02Clearance Vaporesso LUXE X Pod System Kit 1500mAh 5ml\"}]},{\"@type\":\"WebSite\",\"@id\":\"https:\/\/global-hookah.com\/#website\",\"url\":\"https:\/\/global-hookah.com\/\",\"name\":\"Global Hookah\",\"description\":\"Global Hookah\",\"publisher\":{\"@id\":\"https:\/\/global-hookah.com\/#organization\"},\"potentialAction\":[{\"@type\":\"SearchAction\",\"target\":{\"@type\":\"EntryPoint\",\"urlTemplate\":\"https:\/\/global-hookah.com\/?s={search_term_string}\"},\"query-input\":{\"@type\":\"PropertyValueSpecification\",\"valueRequired\":true,\"valueName\":\"search_term_string\"}}],\"inLanguage\":\"de\"},{\"@type\":\"Organization\",\"@id\":\"https:\/\/global-hookah.com\/#organization\",\"name\":\"Global Hookah\",\"url\":\"https:\/\/global-hookah.com\/\",\"logo\":{\"@type\":\"ImageObject\",\"inLanguage\":\"de\",\"@id\":\"https:\/\/global-hookah.com\/#\/schema\/logo\/image\/\",\"url\":\"https:\/\/global-hookah.com\/wp-content\/uploads\/2021\/10\/cropped-fgg.png\",\"contentUrl\":\"https:\/\/global-hookah.com\/wp-content\/uploads\/2021\/10\/cropped-fgg.png\",\"width\":512,\"height\":512,\"caption\":\"Global Hookah\"},\"image\":{\"@id\":\"https:\/\/global-hookah.com\/#\/schema\/logo\/image\/\"}}]}<\/script>\n<!-- \/ Yoast SEO Premium plugin. -->","yoast_head_json":{"title":"Global-CN02Clearance Vaporesso LUXE X Pod System Kit 1500mAh 5ml - Global Hookah","robots":{"index":"index","follow":"follow","max-snippet":"max-snippet:-1","max-image-preview":"max-image-preview:large","max-video-preview":"max-video-preview:-1"},"canonical":"https:\/\/global-hookah.com\/de\/produkt\/global-cn02clearance-vaporesso-luxe-x-pod-system-kit-1500mah-5ml\/","og_locale":"de_DE","og_type":"article","og_title":"Global-CN02Clearance Vaporesso LUXE X Pod System Kit 1500mAh 5ml","og_description":"Vaporesso LUXE X Kit which innovative COREX heating technology. applied with unique Morph-Mesh structure. ensures more rapidly and evenly heating.","og_url":"https:\/\/global-hookah.com\/de\/produkt\/global-cn02clearance-vaporesso-luxe-x-pod-system-kit-1500mah-5ml\/","og_site_name":"Global Hookah","article_modified_time":"2024-09-27T02:37:24+00:00","og_image":[{"width":1200,"height":1200,"url":"https:\/\/global-hookah.com\/wp-content\/uploads\/s2w-placeholder.png","type":"image\/png"}],"twitter_card":"summary_large_image","twitter_misc":{"Gesch\u00e4tzte Lesezeit":"1\u00a0Minute"},"schema":{"@context":"https:\/\/schema.org","@graph":[{"@type":"WebPage","@id":"https:\/\/global-hookah.com\/product\/global-cn02clearance-vaporesso-luxe-x-pod-system-kit-1500mah-5ml\/","url":"https:\/\/global-hookah.com\/product\/global-cn02clearance-vaporesso-luxe-x-pod-system-kit-1500mah-5ml\/","name":"Global-CN02Clearance Vaporesso LUXE X Pod System Kit 1500mAh 5ml - Global Hookah","isPartOf":{"@id":"https:\/\/global-hookah.com\/#website"},"primaryImageOfPage":{"@id":"https:\/\/global-hookah.com\/product\/global-cn02clearance-vaporesso-luxe-x-pod-system-kit-1500mah-5ml\/#primaryimage"},"image":{"@id":"https:\/\/global-hookah.com\/product\/global-cn02clearance-vaporesso-luxe-x-pod-system-kit-1500mah-5ml\/#primaryimage"},"thumbnailUrl":"https:\/\/global-hookah.com\/wp-content\/uploads\/2024\/09\/LUXE-X-Pod-Kit-1.jpg","datePublished":"2024-09-27T02:11:21+00:00","dateModified":"2024-09-27T02:37:24+00:00","breadcrumb":{"@id":"https:\/\/global-hookah.com\/product\/global-cn02clearance-vaporesso-luxe-x-pod-system-kit-1500mah-5ml\/#breadcrumb"},"inLanguage":"de","potentialAction":[{"@type":"ReadAction","target":["https:\/\/global-hookah.com\/product\/global-cn02clearance-vaporesso-luxe-x-pod-system-kit-1500mah-5ml\/"]}]},{"@type":"ImageObject","inLanguage":"de","@id":"https:\/\/global-hookah.com\/product\/global-cn02clearance-vaporesso-luxe-x-pod-system-kit-1500mah-5ml\/#primaryimage","url":"https:\/\/global-hookah.com\/wp-content\/uploads\/2024\/09\/LUXE-X-Pod-Kit-1.jpg","contentUrl":"https:\/\/global-hookah.com\/wp-content\/uploads\/2024\/09\/LUXE-X-Pod-Kit-1.jpg","width":800,"height":800},{"@type":"BreadcrumbList","@id":"https:\/\/global-hookah.com\/product\/global-cn02clearance-vaporesso-luxe-x-pod-system-kit-1500mah-5ml\/#breadcrumb","itemListElement":[{"@type":"ListItem","position":1,"name":"Home","item":"https:\/\/global-hookah.com\/"},{"@type":"ListItem","position":2,"name":"Shop","item":"https:\/\/global-hookah.com\/shop\/"},{"@type":"ListItem","position":3,"name":"Global-CN02Clearance Vaporesso LUXE X Pod System Kit 1500mAh 5ml"}]},{"@type":"WebSite","@id":"https:\/\/global-hookah.com\/#website","url":"https:\/\/global-hookah.com\/","name":"Globale Wasserpfeife","description":"Globale Wasserpfeife","publisher":{"@id":"https:\/\/global-hookah.com\/#organization"},"potentialAction":[{"@type":"SearchAction","target":{"@type":"EntryPoint","urlTemplate":"https:\/\/global-hookah.com\/?s={search_term_string}"},"query-input":{"@type":"PropertyValueSpecification","valueRequired":true,"valueName":"search_term_string"}}],"inLanguage":"de"},{"@type":"Organization","@id":"https:\/\/global-hookah.com\/#organization","name":"Globale Wasserpfeife","url":"https:\/\/global-hookah.com\/","logo":{"@type":"ImageObject","inLanguage":"de","@id":"https:\/\/global-hookah.com\/#\/schema\/logo\/image\/","url":"https:\/\/global-hookah.com\/wp-content\/uploads\/2021\/10\/cropped-fgg.png","contentUrl":"https:\/\/global-hookah.com\/wp-content\/uploads\/2021\/10\/cropped-fgg.png","width":512,"height":512,"caption":"Global Hookah"},"image":{"@id":"https:\/\/global-hookah.com\/#\/schema\/logo\/image\/"}}]}},"_links":{"self":[{"href":"https:\/\/global-hookah.com\/de\/wp-json\/wp\/v2\/product\/29083","targetHints":{"allow":["GET"]}}],"collection":[{"href":"https:\/\/global-hookah.com\/de\/wp-json\/wp\/v2\/product"}],"about":[{"href":"https:\/\/global-hookah.com\/de\/wp-json\/wp\/v2\/types\/product"}],"replies":[{"embeddable":true,"href":"https:\/\/global-hookah.com\/de\/wp-json\/wp\/v2\/comments?post=29083"}],"version-history":[{"count":0,"href":"https:\/\/global-hookah.com\/de\/wp-json\/wp\/v2\/product\/29083\/revisions"}],"wp:featuredmedia":[{"embeddable":true,"href":"https:\/\/global-hookah.com\/de\/wp-json\/wp\/v2\/media\/29798"}],"wp:attachment":[{"href":"https:\/\/global-hookah.com\/de\/wp-json\/wp\/v2\/media?parent=29083"}],"wp:term":[{"taxonomy":"product_brand","embeddable":true,"href":"https:\/\/global-hookah.com\/de\/wp-json\/wp\/v2\/product_brand?post=29083"},{"taxonomy":"product_cat","embeddable":true,"href":"https:\/\/global-hookah.com\/de\/wp-json\/wp\/v2\/product_cat?post=29083"},{"taxonomy":"product_tag","embeddable":true,"href":"https:\/\/global-hookah.com\/de\/wp-json\/wp\/v2\/product_tag?post=29083"}],"curies":[{"name":"wp","href":"https:\/\/api.w.org\/{rel}","templated":true}]}}