{"id":29102,"date":"2024-09-27T02:11:28","date_gmt":"2024-09-27T02:11:28","guid":{"rendered":"https:\/\/global-hookah.com\/product\/global-cn02-vandy-vape-pulse-aio-mini-80w-kit-5ml\/"},"modified":"2024-09-27T02:44:33","modified_gmt":"2024-09-27T02:44:33","slug":"global-cn02-vandy-vape-pulse-aio-mini-80w-kit-5ml","status":"publish","type":"product","link":"https:\/\/global-hookah.com\/de\/produkt\/global-cn02-vandy-vape-pulse-aio-mini-80w-kit-5ml\/","title":{"rendered":"Global-CN02 Vandy Vape Pulse AIO Mini 80W Kit 5ml"},"content":{"rendered":"<p>Vandy Vape Pulse AIO Mini Kit liefert bis zu 80W Leistung. und kleiner als das Original Pulse AIO &amp; der Pulse AIO 0.5. seine Kompatibilit\u00e4t mit einem externen 18650 battery.he Mini hat ein Lexan EXL1414T Polycarbonat verst\u00e4rktem Geh\u00e4use f\u00fcr gro\u00dfen Schutz. Im Lieferumfang enthalten sind ein quadratischer Knopf und ein rundes Paneel sowie ein Knopf und ein rundes Paneel. Sie erhalten die Frosted Panel zusammen mit dem Artsy Panel.  Vessel 2 RBA Tank DIY hat eine 4,6ml Kapazit\u00e4t. sowie bietet Ihnen eine 5ml Vessel Pre-made Coil Tank (VVC Coils). Die Vessel 2 DIY RBA Tank verf\u00fcgt \u00fcber eine gekr\u00fcmmte 180-Grad-Luftstrom f\u00fcr eine luftige vaping Erfahrung. Es ist einfach. intuitiv. und bemerkenswert funktional. der Bildschirm bietet Temp Control. Spannung. Bypass. und Smart Mode. Kompatibel mit VVC Coils. es offensichtlich f\u00fcr alle Arten von vaping konzipiert.<\/p>\n<p><strong><font color=\"#202e78\" size=\"4px\">Merkmale:<\/font><\/strong><br \/>1. Lexan EXL1414T Verst\u00e4rktes Geh\u00e4use aus Polycarbonat.<br \/>2. Bereit f\u00fcr DIY Modifikation. Und Teile sind verf\u00fcgbar.<br \/>3. Gef\u00e4\u00df Vorgefertigter Spulentank.<br \/>4. 18650 Batterie Kompatibel.<br \/>5. Einstellbarer positiver Stift.<br \/>6. Klein und leicht.<br \/>7. Inklusive rundem Knopf. Passende Innenverkleidung und runder Knopf.<br \/>8. 80w Max mit Wattleistung. Temperaturregelung. Spannung. Bypass. und Smart Mode.<br \/>9. Vessel 2 DIY RBA Tank mit gekr\u00fcmmten 180 Grad Airflow. Neue Airflow Anpassung anpassungsf\u00e4hig RBA. Und Kapazit\u00e4t von 4.6ml.<\/p>\n<p>Marke: Vandy Vape<br \/>Einheit: 1 Satz<br \/>Gr\u00f6\u00dfe: 52.5*92.5*26.2mm<br \/>Leistungsbereich: 5-80W<br \/>Ausgangsspannung: 0,5-6,0V<br \/>Maximaler Ausgangsstrom: 32A<br \/>Ladeeingangsspannung: 5+-0,25V<br \/>Widerstand: 0.05-3.0ohm(+-5%)<br \/>Ladestrom: 1000mAh<br \/>RBA Pod Kapazit\u00e4t: 4.6ml<br \/>Vorgefertigter Pod Kapazit\u00e4t: 5ml<br \/>Verpackung: Geschenkbox<\/p>\n<p><strong><font color=\"#202e78\" size=\"4px\">Jedes Set enth\u00e4lt:<\/font><\/strong><br \/>1pc Puls AIO Mini Ger\u00e4t<br \/>1pc Pulsgef\u00e4\u00df RBA Tank<br \/>1pc Pulse Vessel Vorgefertigter Tank<br \/>2pc VVC Spule<br \/>2pc 24ga Ni80 Spule 0.4ohm<br \/>1 Stk. Zubeh\u00f6rtasche<br \/>1St\u00fcck Spulenf\u00fchrung<br \/>1St\u00fcck Schraubenschl\u00fcssel<br \/>1St\u00fcck Gebrauchsanweisung<br \/>1St\u00fcck QC TYPE-C USB Kabel<br \/>1pc Bonus Runde Taste Set<\/p>\n<p><img decoding=\"async\" src=\"https:\/\/global-hookah.com\/wp-content\/uploads\/2024\/09\/Pulse-AIO-Mini-80W-Kit-11.jpg?w=1248&amp;h=458\" alt=\"Vandy Vape Pulse AIO Mini Kit\"><br \/><img decoding=\"async\" src=\"https:\/\/global-hookah.com\/wp-content\/uploads\/2024\/09\/Pulse-AIO-Mini-80W-Kit-12.jpg?w=1248&amp;h=303\" alt=\"Vandy Vape Pulse AIO Mini Kit\"><br \/><img decoding=\"async\" src=\"https:\/\/global-hookah.com\/wp-content\/uploads\/2024\/09\/Pulse-AIO-Mini-80W-Kit-13.jpg?w=1248&amp;h=592\" alt=\"Vandy Vape Pulse AIO Mini Kit\"><br \/><img decoding=\"async\" src=\"https:\/\/global-hookah.com\/wp-content\/uploads\/2024\/09\/Pulse-AIO-Mini-80W-Kit-14.jpg?w=1248&amp;h=472\" alt=\"Vandy Vape Pulse AIO Mini Kit\"><br \/><img decoding=\"async\" src=\"https:\/\/global-hookah.com\/wp-content\/uploads\/2024\/09\/Pulse-AIO-Mini-80W-Kit-15.jpg?w=1248&amp;h=424\" alt=\"Vandy Vape Pulse AIO Mini Kit\"><br \/><img decoding=\"async\" src=\"https:\/\/global-hookah.com\/wp-content\/uploads\/2024\/09\/Pulse-AIO-Mini-80W-Kit-16.jpg?w=1248&amp;h=503\" alt=\"Vandy Vape Pulse AIO Mini Kit\"><br \/><img decoding=\"async\" src=\"https:\/\/global-hookah.com\/wp-content\/uploads\/2024\/09\/Pulse-AIO-Mini-80W-Kit-17.jpg?w=1248&amp;h=428\" alt=\"Vandy Vape Pulse AIO Mini Kit\"><br \/><img decoding=\"async\" src=\"https:\/\/global-hookah.com\/wp-content\/uploads\/2024\/09\/Pulse-AIO-Mini-80W-Kit-18.jpg?w=1248&amp;h=525\" alt=\"Vandy Vape Pulse AIO Mini Kit\"><br \/><img decoding=\"async\" src=\"https:\/\/global-hookah.com\/wp-content\/uploads\/2024\/09\/Pulse-AIO-Mini-80W-Kit-19.jpg?w=1248&amp;h=581\" alt=\"Vandy Vape Pulse AIO Mini Kit\"><br \/><img decoding=\"async\" src=\"https:\/\/global-hookah.com\/wp-content\/uploads\/2024\/09\/Pulse-AIO-Mini-80W-Kit-20.jpg?w=1248&amp;h=521\" alt=\"Vandy Vape Pulse AIO Mini Kit\"><br \/><img decoding=\"async\" src=\"https:\/\/global-hookah.com\/wp-content\/uploads\/2024\/09\/Pulse-AIO-Mini-80W-Kit-21.jpg?w=1248&amp;h=336\" alt=\"Vandy Vape Pulse AIO Mini Kit\"><br \/><img decoding=\"async\" src=\"https:\/\/global-hookah.com\/wp-content\/uploads\/2024\/09\/Pulse-AIO-Mini-80W-Kit-22.jpg?w=1248&amp;h=445\" alt=\"Vandy Vape Pulse AIO Mini Kit\"><br \/><img decoding=\"async\" src=\"https:\/\/global-hookah.com\/wp-content\/uploads\/2024\/09\/Pulse-AIO-Mini-80W-Kit-23.jpg?w=1248&amp;h=441\" alt=\"Vandy Vape Pulse AIO Mini Kit\"><br \/><img decoding=\"async\" src=\"https:\/\/global-hookah.com\/wp-content\/uploads\/2024\/09\/Pulse-AIO-Mini-80W-Kit-24.jpg?w=1248&amp;h=465\" alt=\"Vandy Vape Pulse AIO Mini Kit\"><br \/><img decoding=\"async\" src=\"https:\/\/global-hookah.com\/wp-content\/uploads\/2024\/09\/Pulse-AIO-Mini-80W-Kit-25.jpg?w=1248&amp;h=428\" alt=\"Vandy Vape Pulse AIO Mini Kit\"><br \/><img decoding=\"async\" src=\"https:\/\/global-hookah.com\/wp-content\/uploads\/2024\/09\/Pulse-AIO-Mini-80W-Kit-26.jpg?w=1248&amp;h=434\" alt=\"Vandy Vape Pulse AIO Mini Kit\"><br \/><img decoding=\"async\" src=\"https:\/\/global-hookah.com\/wp-content\/uploads\/2024\/09\/Pulse-AIO-Mini-80W-Kit-27.jpg?w=1248&amp;h=398\" alt=\"Vandy Vape Pulse AIO Mini Kit\"><br \/><img decoding=\"async\" src=\"https:\/\/global-hookah.com\/wp-content\/uploads\/2024\/09\/Pulse-AIO-Mini-80W-Kit-28.jpg?w=1248&amp;h=494\" alt=\"Vandy Vape Pulse AIO Mini Kit\"><br \/><img decoding=\"async\" src=\"https:\/\/global-hookah.com\/wp-content\/uploads\/2024\/09\/Pulse-AIO-Mini-80W-Kit-29.jpg?w=1248&amp;h=823\" alt=\"Vandy Vape Pulse AIO Mini Kit\"><\/p>","protected":false},"excerpt":{"rendered":"<p>Vandy Vape Pulse AIO Mini Kit liefert bis zu 80W Leistung. und kleiner als das Original Pulse AIO &amp; das<\/p>","protected":false},"featured_media":29854,"comment_status":"closed","ping_status":"closed","template":"","meta":{"iawp_total_views":0,"_joinchat":[]},"product_brand":[],"product_cat":[415],"product_tag":[],"class_list":{"0":"post-29102","1":"product","2":"type-product","3":"status-publish","4":"has-post-thumbnail","6":"product_cat-accessories","8":"first","9":"instock","10":"sale","11":"shipping-taxable","12":"purchasable","13":"product-type-variable"},"yoast_head":"<!-- This site is optimized with the Yoast SEO Premium plugin v24.7 (Yoast SEO v26.8) - https:\/\/yoast.com\/product\/yoast-seo-premium-wordpress\/ -->\n<title>Global-CN02 Vandy Vape Pulse AIO Mini 80W Kit 5ml - Global Hookah<\/title>\n<meta name=\"robots\" content=\"index, follow, max-snippet:-1, max-image-preview:large, max-video-preview:-1\" \/>\n<link rel=\"canonical\" href=\"https:\/\/global-hookah.com\/de\/produkt\/global-cn02-vandy-vape-pulse-aio-mini-80w-kit-5ml\/\" \/>\n<meta property=\"og:locale\" content=\"de_DE\" \/>\n<meta property=\"og:type\" content=\"article\" \/>\n<meta property=\"og:title\" content=\"Global-CN02 Vandy Vape Pulse AIO Mini 80W Kit 5ml\" \/>\n<meta property=\"og:description\" content=\"Vandy Vape Pulse AIO Mini Kit delivers up to 80W output. and smaller than the Original Pulse AIO &amp; the\" \/>\n<meta property=\"og:url\" content=\"https:\/\/global-hookah.com\/de\/produkt\/global-cn02-vandy-vape-pulse-aio-mini-80w-kit-5ml\/\" \/>\n<meta property=\"og:site_name\" content=\"Global Hookah\" \/>\n<meta property=\"article:modified_time\" content=\"2024-09-27T02:44:33+00:00\" \/>\n<meta property=\"og:image\" content=\"https:\/\/global-hookah.com\/wp-content\/uploads\/2024\/09\/Pulse-AIO-Mini-80W-Kit-1.jpg\" \/>\n\t<meta property=\"og:image:width\" content=\"800\" \/>\n\t<meta property=\"og:image:height\" content=\"800\" \/>\n\t<meta property=\"og:image:type\" content=\"image\/jpeg\" \/>\n<meta name=\"twitter:card\" content=\"summary_large_image\" \/>\n<meta name=\"twitter:label1\" content=\"Gesch\u00e4tzte Lesezeit\" \/>\n\t<meta name=\"twitter:data1\" content=\"1\u00a0Minute\" \/>\n<script type=\"application\/ld+json\" class=\"yoast-schema-graph\">{\"@context\":\"https:\/\/schema.org\",\"@graph\":[{\"@type\":\"WebPage\",\"@id\":\"https:\/\/global-hookah.com\/product\/global-cn02-vandy-vape-pulse-aio-mini-80w-kit-5ml\/\",\"url\":\"https:\/\/global-hookah.com\/product\/global-cn02-vandy-vape-pulse-aio-mini-80w-kit-5ml\/\",\"name\":\"Global-CN02 Vandy Vape Pulse AIO Mini 80W Kit 5ml - Global Hookah\",\"isPartOf\":{\"@id\":\"https:\/\/global-hookah.com\/#website\"},\"primaryImageOfPage\":{\"@id\":\"https:\/\/global-hookah.com\/product\/global-cn02-vandy-vape-pulse-aio-mini-80w-kit-5ml\/#primaryimage\"},\"image\":{\"@id\":\"https:\/\/global-hookah.com\/product\/global-cn02-vandy-vape-pulse-aio-mini-80w-kit-5ml\/#primaryimage\"},\"thumbnailUrl\":\"https:\/\/global-hookah.com\/wp-content\/uploads\/2024\/09\/Pulse-AIO-Mini-80W-Kit-1.jpg\",\"datePublished\":\"2024-09-27T02:11:28+00:00\",\"dateModified\":\"2024-09-27T02:44:33+00:00\",\"breadcrumb\":{\"@id\":\"https:\/\/global-hookah.com\/product\/global-cn02-vandy-vape-pulse-aio-mini-80w-kit-5ml\/#breadcrumb\"},\"inLanguage\":\"de\",\"potentialAction\":[{\"@type\":\"ReadAction\",\"target\":[\"https:\/\/global-hookah.com\/product\/global-cn02-vandy-vape-pulse-aio-mini-80w-kit-5ml\/\"]}]},{\"@type\":\"ImageObject\",\"inLanguage\":\"de\",\"@id\":\"https:\/\/global-hookah.com\/product\/global-cn02-vandy-vape-pulse-aio-mini-80w-kit-5ml\/#primaryimage\",\"url\":\"https:\/\/global-hookah.com\/wp-content\/uploads\/2024\/09\/Pulse-AIO-Mini-80W-Kit-1.jpg\",\"contentUrl\":\"https:\/\/global-hookah.com\/wp-content\/uploads\/2024\/09\/Pulse-AIO-Mini-80W-Kit-1.jpg\",\"width\":800,\"height\":800},{\"@type\":\"BreadcrumbList\",\"@id\":\"https:\/\/global-hookah.com\/product\/global-cn02-vandy-vape-pulse-aio-mini-80w-kit-5ml\/#breadcrumb\",\"itemListElement\":[{\"@type\":\"ListItem\",\"position\":1,\"name\":\"Home\",\"item\":\"https:\/\/global-hookah.com\/\"},{\"@type\":\"ListItem\",\"position\":2,\"name\":\"Shop\",\"item\":\"https:\/\/global-hookah.com\/shop\/\"},{\"@type\":\"ListItem\",\"position\":3,\"name\":\"Global-CN02 Vandy Vape Pulse AIO Mini 80W Kit 5ml\"}]},{\"@type\":\"WebSite\",\"@id\":\"https:\/\/global-hookah.com\/#website\",\"url\":\"https:\/\/global-hookah.com\/\",\"name\":\"Global Hookah\",\"description\":\"Global Hookah\",\"publisher\":{\"@id\":\"https:\/\/global-hookah.com\/#organization\"},\"potentialAction\":[{\"@type\":\"SearchAction\",\"target\":{\"@type\":\"EntryPoint\",\"urlTemplate\":\"https:\/\/global-hookah.com\/?s={search_term_string}\"},\"query-input\":{\"@type\":\"PropertyValueSpecification\",\"valueRequired\":true,\"valueName\":\"search_term_string\"}}],\"inLanguage\":\"de\"},{\"@type\":\"Organization\",\"@id\":\"https:\/\/global-hookah.com\/#organization\",\"name\":\"Global Hookah\",\"url\":\"https:\/\/global-hookah.com\/\",\"logo\":{\"@type\":\"ImageObject\",\"inLanguage\":\"de\",\"@id\":\"https:\/\/global-hookah.com\/#\/schema\/logo\/image\/\",\"url\":\"https:\/\/global-hookah.com\/wp-content\/uploads\/2021\/10\/cropped-fgg.png\",\"contentUrl\":\"https:\/\/global-hookah.com\/wp-content\/uploads\/2021\/10\/cropped-fgg.png\",\"width\":512,\"height\":512,\"caption\":\"Global Hookah\"},\"image\":{\"@id\":\"https:\/\/global-hookah.com\/#\/schema\/logo\/image\/\"}}]}<\/script>\n<!-- \/ Yoast SEO Premium plugin. -->","yoast_head_json":{"title":"Global-CN02 Vandy Vape Pulse AIO Mini 80W Kit 5ml - Global Hookah","robots":{"index":"index","follow":"follow","max-snippet":"max-snippet:-1","max-image-preview":"max-image-preview:large","max-video-preview":"max-video-preview:-1"},"canonical":"https:\/\/global-hookah.com\/de\/produkt\/global-cn02-vandy-vape-pulse-aio-mini-80w-kit-5ml\/","og_locale":"de_DE","og_type":"article","og_title":"Global-CN02 Vandy Vape Pulse AIO Mini 80W Kit 5ml","og_description":"Vandy Vape Pulse AIO Mini Kit delivers up to 80W output. and smaller than the Original Pulse AIO &amp; the","og_url":"https:\/\/global-hookah.com\/de\/produkt\/global-cn02-vandy-vape-pulse-aio-mini-80w-kit-5ml\/","og_site_name":"Global Hookah","article_modified_time":"2024-09-27T02:44:33+00:00","og_image":[{"width":800,"height":800,"url":"https:\/\/global-hookah.com\/wp-content\/uploads\/2024\/09\/Pulse-AIO-Mini-80W-Kit-1.jpg","type":"image\/jpeg"}],"twitter_card":"summary_large_image","twitter_misc":{"Gesch\u00e4tzte Lesezeit":"1\u00a0Minute"},"schema":{"@context":"https:\/\/schema.org","@graph":[{"@type":"WebPage","@id":"https:\/\/global-hookah.com\/product\/global-cn02-vandy-vape-pulse-aio-mini-80w-kit-5ml\/","url":"https:\/\/global-hookah.com\/product\/global-cn02-vandy-vape-pulse-aio-mini-80w-kit-5ml\/","name":"Global-CN02 Vandy Vape Pulse AIO Mini 80W Kit 5ml - Global Hookah","isPartOf":{"@id":"https:\/\/global-hookah.com\/#website"},"primaryImageOfPage":{"@id":"https:\/\/global-hookah.com\/product\/global-cn02-vandy-vape-pulse-aio-mini-80w-kit-5ml\/#primaryimage"},"image":{"@id":"https:\/\/global-hookah.com\/product\/global-cn02-vandy-vape-pulse-aio-mini-80w-kit-5ml\/#primaryimage"},"thumbnailUrl":"https:\/\/global-hookah.com\/wp-content\/uploads\/2024\/09\/Pulse-AIO-Mini-80W-Kit-1.jpg","datePublished":"2024-09-27T02:11:28+00:00","dateModified":"2024-09-27T02:44:33+00:00","breadcrumb":{"@id":"https:\/\/global-hookah.com\/product\/global-cn02-vandy-vape-pulse-aio-mini-80w-kit-5ml\/#breadcrumb"},"inLanguage":"de","potentialAction":[{"@type":"ReadAction","target":["https:\/\/global-hookah.com\/product\/global-cn02-vandy-vape-pulse-aio-mini-80w-kit-5ml\/"]}]},{"@type":"ImageObject","inLanguage":"de","@id":"https:\/\/global-hookah.com\/product\/global-cn02-vandy-vape-pulse-aio-mini-80w-kit-5ml\/#primaryimage","url":"https:\/\/global-hookah.com\/wp-content\/uploads\/2024\/09\/Pulse-AIO-Mini-80W-Kit-1.jpg","contentUrl":"https:\/\/global-hookah.com\/wp-content\/uploads\/2024\/09\/Pulse-AIO-Mini-80W-Kit-1.jpg","width":800,"height":800},{"@type":"BreadcrumbList","@id":"https:\/\/global-hookah.com\/product\/global-cn02-vandy-vape-pulse-aio-mini-80w-kit-5ml\/#breadcrumb","itemListElement":[{"@type":"ListItem","position":1,"name":"Home","item":"https:\/\/global-hookah.com\/"},{"@type":"ListItem","position":2,"name":"Shop","item":"https:\/\/global-hookah.com\/shop\/"},{"@type":"ListItem","position":3,"name":"Global-CN02 Vandy Vape Pulse AIO Mini 80W Kit 5ml"}]},{"@type":"WebSite","@id":"https:\/\/global-hookah.com\/#website","url":"https:\/\/global-hookah.com\/","name":"Globale Wasserpfeife","description":"Globale Wasserpfeife","publisher":{"@id":"https:\/\/global-hookah.com\/#organization"},"potentialAction":[{"@type":"SearchAction","target":{"@type":"EntryPoint","urlTemplate":"https:\/\/global-hookah.com\/?s={search_term_string}"},"query-input":{"@type":"PropertyValueSpecification","valueRequired":true,"valueName":"search_term_string"}}],"inLanguage":"de"},{"@type":"Organization","@id":"https:\/\/global-hookah.com\/#organization","name":"Globale Wasserpfeife","url":"https:\/\/global-hookah.com\/","logo":{"@type":"ImageObject","inLanguage":"de","@id":"https:\/\/global-hookah.com\/#\/schema\/logo\/image\/","url":"https:\/\/global-hookah.com\/wp-content\/uploads\/2021\/10\/cropped-fgg.png","contentUrl":"https:\/\/global-hookah.com\/wp-content\/uploads\/2021\/10\/cropped-fgg.png","width":512,"height":512,"caption":"Global Hookah"},"image":{"@id":"https:\/\/global-hookah.com\/#\/schema\/logo\/image\/"}}]}},"_links":{"self":[{"href":"https:\/\/global-hookah.com\/de\/wp-json\/wp\/v2\/product\/29102","targetHints":{"allow":["GET"]}}],"collection":[{"href":"https:\/\/global-hookah.com\/de\/wp-json\/wp\/v2\/product"}],"about":[{"href":"https:\/\/global-hookah.com\/de\/wp-json\/wp\/v2\/types\/product"}],"replies":[{"embeddable":true,"href":"https:\/\/global-hookah.com\/de\/wp-json\/wp\/v2\/comments?post=29102"}],"version-history":[{"count":0,"href":"https:\/\/global-hookah.com\/de\/wp-json\/wp\/v2\/product\/29102\/revisions"}],"wp:featuredmedia":[{"embeddable":true,"href":"https:\/\/global-hookah.com\/de\/wp-json\/wp\/v2\/media\/29854"}],"wp:attachment":[{"href":"https:\/\/global-hookah.com\/de\/wp-json\/wp\/v2\/media?parent=29102"}],"wp:term":[{"taxonomy":"product_brand","embeddable":true,"href":"https:\/\/global-hookah.com\/de\/wp-json\/wp\/v2\/product_brand?post=29102"},{"taxonomy":"product_cat","embeddable":true,"href":"https:\/\/global-hookah.com\/de\/wp-json\/wp\/v2\/product_cat?post=29102"},{"taxonomy":"product_tag","embeddable":true,"href":"https:\/\/global-hookah.com\/de\/wp-json\/wp\/v2\/product_tag?post=29102"}],"curies":[{"name":"wp","href":"https:\/\/api.w.org\/{rel}","templated":true}]}}