{"id":29117,"date":"2024-09-27T02:11:29","date_gmt":"2024-09-27T02:11:29","guid":{"rendered":"https:\/\/global-hookah.com\/product\/global-cn02pre-order-uwell-cozi-pod-system-kit-800mah-6ml\/"},"modified":"2024-09-27T02:44:34","modified_gmt":"2024-09-27T02:44:34","slug":"global-cn02pre-order-uwell-cozi-pod-system-kit-800mah-6ml","status":"publish","type":"product","link":"https:\/\/global-hookah.com\/de\/produkt\/global-cn02pre-order-uwell-cozi-pod-system-kit-800mah-6ml\/","title":{"rendered":"Global-CN02Vorbestellung Uwell COZI Pod System Kit 800mAh 6ml"},"content":{"rendered":"<p>Uwell COZI Pod System Kit ist ein ultra-kompaktes Pod-Kit ideal f\u00fcr Anf\u00e4nger. Angetrieben von einem 800mAh Akku.das Ger\u00e4t verf\u00fcgt auch \u00fcber schnelle Typ-C-Ladung sicherzustellen, dass Sie immer bereit zu verdampfen. Das Kit kommt mit einem gro\u00dfen 6ml Kapazit\u00e4t pod mit einem integrierten 0,6ohm Spule.  Erh\u00e4ltlich in verschiedenen leuchtenden Farben. die COZI Pod Kit bietet eine frische und lebendige look.simple und einfach zu bedienen f\u00fcr starters.get es schnell und genie\u00dfen Sie Ihre vape.<\/p>\n<p><strong><font color=\"#ff7301\" size=\"4px\">Merkmale:<\/font><\/strong><br \/>1. Tell-every-thing HD Screen Animation: 0,96-Zoll-HD-Bildschirm zeigt alle Ihre vaping Details<br \/>2. H\u00f6chste Pod-Wechsel-Flexibilit\u00e4t: Machen Sie nie etwas falsch mit den PF-Pods oder f\u00fcgen Sie Ihren eigenen Lieblings-LQ in offenen Pods hinzu<br \/>3. Einstellbare Ausgangsleistung . Von 8W bis 25W: Passen Sie Ihre Pr\u00e4ferenzen. machen jeden Zug ideal und befriedigend<br \/>4. Einstellbare Luftstr\u00f6mung. Passen Sie Ihre Vaping Vorliebe: Entweder glatter oder fester vape . es ist bis zu Ihnen<br \/>5. Einzigartige Plattenspieler-\u00c4sthetik: Heben Sie dieses kleine Ger\u00e4t mit einem verspielten Retro-Symbol hervor<br \/>6. 800 mah Akku-Kapazit\u00e4t: Erm\u00f6glicht tagelanges Dampfen ohne Batterieprobleme<br \/>7. Pro-focs FLV Technik: So unterscheidet FLV die Produkte von UWELL<\/p>\n<p>Marke:Uwell<br \/>Werkstoffe: PCTG Aluminium Allo<br \/>Abmessungen: 47 * 23 * 44 mm (Nachf\u00fcllbare H\u00fclse)<br \/>47 * 24 * 45 mm (Ger\u00e4t)<br \/>47 * 24 * 79 mm (offenes Podsystem)<br \/>Kompatibel mit Uwell COZI Pod-Patrone (6ml)\/COZI PF Pod-Patrone<br \/>Batteriekapazit\u00e4t: 800 mah<br \/>E-LQ Kapazit\u00e4t 6ml<br \/>Ausgangsleistung: 8-25W<br \/>Widerstand: 0.6ohm<br \/>Ladeanschluss: TYPE-C<\/p>\n<p><strong><font color=\"#ff7301\" size=\"4px\">Jedes Set enth\u00e4lt:<\/font><\/strong><br \/>1St\u00fcck Uwell COZI Pod System Kit<br \/>1St\u00fcck Handbuch<br \/><img decoding=\"async\" src=\"https:\/\/global-hookah.com\/wp-content\/uploads\/2024\/09\/uwell-cozi-pod-kit-01.jpg?w=1250&amp;h=599\" alt=\"Uwell COZI Pod Kit \"><br \/><img decoding=\"async\" src=\"https:\/\/global-hookah.com\/wp-content\/uploads\/2024\/09\/uwell-cozi-pod-kit-03.jpg?w=1250&amp;h=169\" alt=\"Uwell COZI Pod Kit \"><br \/><img decoding=\"async\" src=\"https:\/\/global-hookah.com\/wp-content\/uploads\/2024\/09\/uwell-cozi-pod-kit-05.jpg?w=1250&amp;h=598\" alt=\"Uwell COZI Pod Kit \"><br \/><img decoding=\"async\" src=\"https:\/\/global-hookah.com\/wp-content\/uploads\/2024\/09\/uwell-cozi-pod-kit-06.jpg?w=1250&amp;h=597\" alt=\"Uwell COZI Pod Kit \"><br \/><img decoding=\"async\" src=\"https:\/\/global-hookah.com\/wp-content\/uploads\/2024\/09\/uwell-cozi-pod-kit-07.jpg?w=1250&amp;h=599\" alt=\"Uwell COZI Pod Kit \"><br \/><img decoding=\"async\" src=\"https:\/\/global-hookah.com\/wp-content\/uploads\/2024\/09\/uwell-cozi-pod-kit-08.jpg?w=1250&amp;h=715\" alt=\"Uwell COZI Pod Kit \"><br \/><img decoding=\"async\" src=\"https:\/\/global-hookah.com\/wp-content\/uploads\/2024\/09\/uwell-cozi-pod-kit-09.jpg?w=1250&amp;h=601\" alt=\"Uwell COZI Pod Kit \"><br \/><img decoding=\"async\" src=\"https:\/\/global-hookah.com\/wp-content\/uploads\/2024\/09\/uwell-cozi-pod-kit-10.jpg?w=1250&amp;h=599\" alt=\"Uwell COZI Pod Kit \"><br \/><img decoding=\"async\" src=\"https:\/\/global-hookah.com\/wp-content\/uploads\/2024\/09\/uwell-cozi-pod-kit-11.jpg?w=1250&amp;h=598\" alt=\"Uwell COZI Pod Kit \"><\/p>\n<p><\/p>","protected":false},"excerpt":{"rendered":"<p>Uwell COZI Pod System Kit ist ein ultra-kompaktes Pod-Kit ideal f\u00fcr Anf\u00e4nger. Angetrieben von einem 800mAh Akku.das Ger\u00e4t<\/p>","protected":false},"featured_media":29886,"comment_status":"closed","ping_status":"closed","template":"","meta":{"iawp_total_views":2,"_joinchat":[]},"product_brand":[],"product_cat":[415],"product_tag":[],"class_list":{"0":"post-29117","1":"product","2":"type-product","3":"status-publish","4":"has-post-thumbnail","6":"product_cat-accessories","8":"first","9":"instock","10":"sale","11":"shipping-taxable","12":"purchasable","13":"product-type-variable"},"yoast_head":"<!-- This site is optimized with the Yoast SEO Premium plugin v24.7 (Yoast SEO v26.8) - https:\/\/yoast.com\/product\/yoast-seo-premium-wordpress\/ -->\n<title>Global-CN02Pre-order Uwell COZI Pod System Kit 800mAh 6ml - Global Hookah<\/title>\n<meta name=\"robots\" content=\"index, follow, max-snippet:-1, max-image-preview:large, max-video-preview:-1\" \/>\n<link rel=\"canonical\" href=\"https:\/\/global-hookah.com\/de\/produkt\/global-cn02pre-order-uwell-cozi-pod-system-kit-800mah-6ml\/\" \/>\n<meta property=\"og:locale\" content=\"de_DE\" \/>\n<meta property=\"og:type\" content=\"article\" \/>\n<meta property=\"og:title\" content=\"Global-CN02Pre-order Uwell COZI Pod System Kit 800mAh 6ml\" \/>\n<meta property=\"og:description\" content=\"Uwell COZI Pod System Kit is an ultra-compact pod kit ideal for beginners. Powered by an 800mAh rechargeable battery.The device\" \/>\n<meta property=\"og:url\" content=\"https:\/\/global-hookah.com\/de\/produkt\/global-cn02pre-order-uwell-cozi-pod-system-kit-800mah-6ml\/\" \/>\n<meta property=\"og:site_name\" content=\"Global Hookah\" \/>\n<meta property=\"article:modified_time\" content=\"2024-09-27T02:44:34+00:00\" \/>\n<meta property=\"og:image\" content=\"https:\/\/global-hookah.com\/wp-content\/uploads\/2024\/09\/uwell-cozi-kit-2.jpg\" \/>\n\t<meta property=\"og:image:width\" content=\"800\" \/>\n\t<meta property=\"og:image:height\" content=\"800\" \/>\n\t<meta property=\"og:image:type\" content=\"image\/jpeg\" \/>\n<meta name=\"twitter:card\" content=\"summary_large_image\" \/>\n<meta name=\"twitter:label1\" content=\"Gesch\u00e4tzte Lesezeit\" \/>\n\t<meta name=\"twitter:data1\" content=\"1\u00a0Minute\" \/>\n<script type=\"application\/ld+json\" class=\"yoast-schema-graph\">{\"@context\":\"https:\/\/schema.org\",\"@graph\":[{\"@type\":\"WebPage\",\"@id\":\"https:\/\/global-hookah.com\/product\/global-cn02pre-order-uwell-cozi-pod-system-kit-800mah-6ml\/\",\"url\":\"https:\/\/global-hookah.com\/product\/global-cn02pre-order-uwell-cozi-pod-system-kit-800mah-6ml\/\",\"name\":\"Global-CN02Pre-order Uwell COZI Pod System Kit 800mAh 6ml - Global Hookah\",\"isPartOf\":{\"@id\":\"https:\/\/global-hookah.com\/#website\"},\"primaryImageOfPage\":{\"@id\":\"https:\/\/global-hookah.com\/product\/global-cn02pre-order-uwell-cozi-pod-system-kit-800mah-6ml\/#primaryimage\"},\"image\":{\"@id\":\"https:\/\/global-hookah.com\/product\/global-cn02pre-order-uwell-cozi-pod-system-kit-800mah-6ml\/#primaryimage\"},\"thumbnailUrl\":\"https:\/\/global-hookah.com\/wp-content\/uploads\/2024\/09\/uwell-cozi-kit-2.jpg\",\"datePublished\":\"2024-09-27T02:11:29+00:00\",\"dateModified\":\"2024-09-27T02:44:34+00:00\",\"breadcrumb\":{\"@id\":\"https:\/\/global-hookah.com\/product\/global-cn02pre-order-uwell-cozi-pod-system-kit-800mah-6ml\/#breadcrumb\"},\"inLanguage\":\"de\",\"potentialAction\":[{\"@type\":\"ReadAction\",\"target\":[\"https:\/\/global-hookah.com\/product\/global-cn02pre-order-uwell-cozi-pod-system-kit-800mah-6ml\/\"]}]},{\"@type\":\"ImageObject\",\"inLanguage\":\"de\",\"@id\":\"https:\/\/global-hookah.com\/product\/global-cn02pre-order-uwell-cozi-pod-system-kit-800mah-6ml\/#primaryimage\",\"url\":\"https:\/\/global-hookah.com\/wp-content\/uploads\/2024\/09\/uwell-cozi-kit-2.jpg\",\"contentUrl\":\"https:\/\/global-hookah.com\/wp-content\/uploads\/2024\/09\/uwell-cozi-kit-2.jpg\",\"width\":800,\"height\":800},{\"@type\":\"BreadcrumbList\",\"@id\":\"https:\/\/global-hookah.com\/product\/global-cn02pre-order-uwell-cozi-pod-system-kit-800mah-6ml\/#breadcrumb\",\"itemListElement\":[{\"@type\":\"ListItem\",\"position\":1,\"name\":\"Home\",\"item\":\"https:\/\/global-hookah.com\/\"},{\"@type\":\"ListItem\",\"position\":2,\"name\":\"Shop\",\"item\":\"https:\/\/global-hookah.com\/shop\/\"},{\"@type\":\"ListItem\",\"position\":3,\"name\":\"Global-CN02Pre-order Uwell COZI Pod System Kit 800mAh 6ml\"}]},{\"@type\":\"WebSite\",\"@id\":\"https:\/\/global-hookah.com\/#website\",\"url\":\"https:\/\/global-hookah.com\/\",\"name\":\"Global Hookah\",\"description\":\"Global Hookah\",\"publisher\":{\"@id\":\"https:\/\/global-hookah.com\/#organization\"},\"potentialAction\":[{\"@type\":\"SearchAction\",\"target\":{\"@type\":\"EntryPoint\",\"urlTemplate\":\"https:\/\/global-hookah.com\/?s={search_term_string}\"},\"query-input\":{\"@type\":\"PropertyValueSpecification\",\"valueRequired\":true,\"valueName\":\"search_term_string\"}}],\"inLanguage\":\"de\"},{\"@type\":\"Organization\",\"@id\":\"https:\/\/global-hookah.com\/#organization\",\"name\":\"Global Hookah\",\"url\":\"https:\/\/global-hookah.com\/\",\"logo\":{\"@type\":\"ImageObject\",\"inLanguage\":\"de\",\"@id\":\"https:\/\/global-hookah.com\/#\/schema\/logo\/image\/\",\"url\":\"https:\/\/global-hookah.com\/wp-content\/uploads\/2021\/10\/cropped-fgg.png\",\"contentUrl\":\"https:\/\/global-hookah.com\/wp-content\/uploads\/2021\/10\/cropped-fgg.png\",\"width\":512,\"height\":512,\"caption\":\"Global Hookah\"},\"image\":{\"@id\":\"https:\/\/global-hookah.com\/#\/schema\/logo\/image\/\"}}]}<\/script>\n<!-- \/ Yoast SEO Premium plugin. -->","yoast_head_json":{"title":"Global-CN02Vorbestellung Uwell COZI Pod System Kit 800mAh 6ml - Global Hookah","robots":{"index":"index","follow":"follow","max-snippet":"max-snippet:-1","max-image-preview":"max-image-preview:large","max-video-preview":"max-video-preview:-1"},"canonical":"https:\/\/global-hookah.com\/de\/produkt\/global-cn02pre-order-uwell-cozi-pod-system-kit-800mah-6ml\/","og_locale":"de_DE","og_type":"article","og_title":"Global-CN02Pre-order Uwell COZI Pod System Kit 800mAh 6ml","og_description":"Uwell COZI Pod System Kit is an ultra-compact pod kit ideal for beginners. Powered by an 800mAh rechargeable battery.The device","og_url":"https:\/\/global-hookah.com\/de\/produkt\/global-cn02pre-order-uwell-cozi-pod-system-kit-800mah-6ml\/","og_site_name":"Global Hookah","article_modified_time":"2024-09-27T02:44:34+00:00","og_image":[{"width":800,"height":800,"url":"https:\/\/global-hookah.com\/wp-content\/uploads\/2024\/09\/uwell-cozi-kit-2.jpg","type":"image\/jpeg"}],"twitter_card":"summary_large_image","twitter_misc":{"Gesch\u00e4tzte Lesezeit":"1\u00a0Minute"},"schema":{"@context":"https:\/\/schema.org","@graph":[{"@type":"WebPage","@id":"https:\/\/global-hookah.com\/product\/global-cn02pre-order-uwell-cozi-pod-system-kit-800mah-6ml\/","url":"https:\/\/global-hookah.com\/product\/global-cn02pre-order-uwell-cozi-pod-system-kit-800mah-6ml\/","name":"Global-CN02Vorbestellung Uwell COZI Pod System Kit 800mAh 6ml - Global Hookah","isPartOf":{"@id":"https:\/\/global-hookah.com\/#website"},"primaryImageOfPage":{"@id":"https:\/\/global-hookah.com\/product\/global-cn02pre-order-uwell-cozi-pod-system-kit-800mah-6ml\/#primaryimage"},"image":{"@id":"https:\/\/global-hookah.com\/product\/global-cn02pre-order-uwell-cozi-pod-system-kit-800mah-6ml\/#primaryimage"},"thumbnailUrl":"https:\/\/global-hookah.com\/wp-content\/uploads\/2024\/09\/uwell-cozi-kit-2.jpg","datePublished":"2024-09-27T02:11:29+00:00","dateModified":"2024-09-27T02:44:34+00:00","breadcrumb":{"@id":"https:\/\/global-hookah.com\/product\/global-cn02pre-order-uwell-cozi-pod-system-kit-800mah-6ml\/#breadcrumb"},"inLanguage":"de","potentialAction":[{"@type":"ReadAction","target":["https:\/\/global-hookah.com\/product\/global-cn02pre-order-uwell-cozi-pod-system-kit-800mah-6ml\/"]}]},{"@type":"ImageObject","inLanguage":"de","@id":"https:\/\/global-hookah.com\/product\/global-cn02pre-order-uwell-cozi-pod-system-kit-800mah-6ml\/#primaryimage","url":"https:\/\/global-hookah.com\/wp-content\/uploads\/2024\/09\/uwell-cozi-kit-2.jpg","contentUrl":"https:\/\/global-hookah.com\/wp-content\/uploads\/2024\/09\/uwell-cozi-kit-2.jpg","width":800,"height":800},{"@type":"BreadcrumbList","@id":"https:\/\/global-hookah.com\/product\/global-cn02pre-order-uwell-cozi-pod-system-kit-800mah-6ml\/#breadcrumb","itemListElement":[{"@type":"ListItem","position":1,"name":"Home","item":"https:\/\/global-hookah.com\/"},{"@type":"ListItem","position":2,"name":"Shop","item":"https:\/\/global-hookah.com\/shop\/"},{"@type":"ListItem","position":3,"name":"Global-CN02Pre-order Uwell COZI Pod System Kit 800mAh 6ml"}]},{"@type":"WebSite","@id":"https:\/\/global-hookah.com\/#website","url":"https:\/\/global-hookah.com\/","name":"Globale Wasserpfeife","description":"Globale Wasserpfeife","publisher":{"@id":"https:\/\/global-hookah.com\/#organization"},"potentialAction":[{"@type":"SearchAction","target":{"@type":"EntryPoint","urlTemplate":"https:\/\/global-hookah.com\/?s={search_term_string}"},"query-input":{"@type":"PropertyValueSpecification","valueRequired":true,"valueName":"search_term_string"}}],"inLanguage":"de"},{"@type":"Organization","@id":"https:\/\/global-hookah.com\/#organization","name":"Globale Wasserpfeife","url":"https:\/\/global-hookah.com\/","logo":{"@type":"ImageObject","inLanguage":"de","@id":"https:\/\/global-hookah.com\/#\/schema\/logo\/image\/","url":"https:\/\/global-hookah.com\/wp-content\/uploads\/2021\/10\/cropped-fgg.png","contentUrl":"https:\/\/global-hookah.com\/wp-content\/uploads\/2021\/10\/cropped-fgg.png","width":512,"height":512,"caption":"Global Hookah"},"image":{"@id":"https:\/\/global-hookah.com\/#\/schema\/logo\/image\/"}}]}},"_links":{"self":[{"href":"https:\/\/global-hookah.com\/de\/wp-json\/wp\/v2\/product\/29117","targetHints":{"allow":["GET"]}}],"collection":[{"href":"https:\/\/global-hookah.com\/de\/wp-json\/wp\/v2\/product"}],"about":[{"href":"https:\/\/global-hookah.com\/de\/wp-json\/wp\/v2\/types\/product"}],"replies":[{"embeddable":true,"href":"https:\/\/global-hookah.com\/de\/wp-json\/wp\/v2\/comments?post=29117"}],"version-history":[{"count":0,"href":"https:\/\/global-hookah.com\/de\/wp-json\/wp\/v2\/product\/29117\/revisions"}],"wp:featuredmedia":[{"embeddable":true,"href":"https:\/\/global-hookah.com\/de\/wp-json\/wp\/v2\/media\/29886"}],"wp:attachment":[{"href":"https:\/\/global-hookah.com\/de\/wp-json\/wp\/v2\/media?parent=29117"}],"wp:term":[{"taxonomy":"product_brand","embeddable":true,"href":"https:\/\/global-hookah.com\/de\/wp-json\/wp\/v2\/product_brand?post=29117"},{"taxonomy":"product_cat","embeddable":true,"href":"https:\/\/global-hookah.com\/de\/wp-json\/wp\/v2\/product_cat?post=29117"},{"taxonomy":"product_tag","embeddable":true,"href":"https:\/\/global-hookah.com\/de\/wp-json\/wp\/v2\/product_tag?post=29117"}],"curies":[{"name":"wp","href":"https:\/\/api.w.org\/{rel}","templated":true}]}}