{"id":29128,"date":"2024-09-27T02:11:31","date_gmt":"2024-09-27T02:11:31","guid":{"rendered":"https:\/\/global-hookah.com\/product\/global-cn02clearance-moti-x-mini-pod-system-kit-1150mah-4ml\/"},"modified":"2024-09-27T02:44:36","modified_gmt":"2024-09-27T02:44:36","slug":"global-cn02clearance-moti-x-mini-pod-system-kit-1150mah-4ml","status":"publish","type":"product","link":"https:\/\/global-hookah.com\/de\/produkt\/global-cn02clearance-moti-x-mini-pod-system-kit-1150mah-4ml\/","title":{"rendered":"Global-CN02Clearance Moti X Mini Pod System Kit 1150mAh 4ml"},"content":{"rendered":"<p>Moti X Mini ist ein bahnbrechendes Produkt f\u00fcr Restricted DTL-Starter. Ausgestattet mit einem 1150mAh Akku in einem Mini-K\u00f6rper. es kann auch bis zu 29W mit gro\u00dfer Macht gehen. Vor allem mit dem einzigartigen Aussehen. es kann von der Norm abheben. Die Wabe MESH Spule mit patentierten MCU-Chip. die Moti X Mini bietet konsistente gro\u00dfe FLV wie immer.<\/p>\n<p><img decoding=\"async\" src=\"https:\/\/global-hookah.com\/wp-content\/uploads\/2024\/09\/moti-products-line.jpg?w=1200&amp;h=462\" alt=\"MOTI Play Kit\"><\/p>\n<p>Marke: Vaporesso<br \/>Einheit: 1 Satz<br \/>Akku: 1150mAh<br \/>Fassungsverm\u00f6gen: 4ml \/ 2ml (TPD)<br \/>Wattleistung: 10-29W<br \/>Material: Aluminium-Legierung<br \/>Verpackung: Geschenkbox<\/p>\n<p><strong><font color=\"#ff7301\" size=\"4px\">Jedes Set enth\u00e4lt:<\/font><\/strong><br \/>1St\u00fcck Moti X Mini Ger\u00e4t<br \/>1pc X Pod 4ml (leer)<br \/>1pc X35 Spule (0.35ohm)<br \/>1pc Typ-C Kabel<br \/>1St\u00fcck Benutzerhandbuch<br \/>1St\u00fcck Garantiekarte<\/p>\n<p><img decoding=\"async\" src=\"https:\/\/global-hookah.com\/wp-content\/uploads\/2024\/09\/Moti-X-Mini-Pod-Kit-11.jpg?w=1248&amp;h=562\" alt=\"Vaporesso Moti X Mini Pod Kit\"><br \/><img decoding=\"async\" src=\"https:\/\/global-hookah.com\/wp-content\/uploads\/2024\/09\/Moti-X-Mini-Pod-Kit-12.jpg?w=1248&amp;h=745\" alt=\"Vaporesso Moti X Mini Pod Kit\"><br \/><img decoding=\"async\" src=\"https:\/\/global-hookah.com\/wp-content\/uploads\/2024\/09\/Moti-X-Mini-Pod-Kit-13.jpg?w=1248&amp;h=619\" alt=\"Vaporesso Moti X Mini Pod Kit\"><br \/><img decoding=\"async\" src=\"https:\/\/global-hookah.com\/wp-content\/uploads\/2024\/09\/Moti-X-Mini-Pod-Kit-14.jpg?w=1248&amp;h=632\" alt=\"Vaporesso Moti X Mini Pod Kit\"><br \/><img decoding=\"async\" src=\"https:\/\/global-hookah.com\/wp-content\/uploads\/2024\/09\/Moti-X-Mini-Pod-Kit-15.jpg?w=1248&amp;h=598\" alt=\"Vaporesso Moti X Mini Pod Kit\"><br \/><img decoding=\"async\" src=\"https:\/\/global-hookah.com\/wp-content\/uploads\/2024\/09\/Moti-X-Mini-Pod-Kit-16.jpg?w=1248&amp;h=622\" alt=\"Vaporesso Moti X Mini Pod Kit\"><br \/><img decoding=\"async\" src=\"https:\/\/global-hookah.com\/wp-content\/uploads\/2024\/09\/Moti-X-Mini-Pod-Kit-17.jpg?w=1248&amp;h=608\" alt=\"Vaporesso Moti X Mini Pod Kit\"><br \/><img decoding=\"async\" src=\"https:\/\/global-hookah.com\/wp-content\/uploads\/2024\/09\/Moti-X-Mini-Pod-Kit-18.jpg?w=1248&amp;h=676\" alt=\"Vaporesso Moti X Mini Pod Kit\"><br \/><img decoding=\"async\" src=\"https:\/\/global-hookah.com\/wp-content\/uploads\/2024\/09\/Moti-X-Mini-Pod-Kit-19.jpg?w=1248&amp;h=685\" alt=\"Vaporesso Moti X Mini Pod Kit\"><br \/><img decoding=\"async\" src=\"https:\/\/global-hookah.com\/wp-content\/uploads\/2024\/09\/Moti-X-Mini-Pod-Kit-20.jpg?w=1248&amp;h=637\" alt=\"Vaporesso Moti X Mini Pod Kit\"><br \/><img decoding=\"async\" src=\"https:\/\/global-hookah.com\/wp-content\/uploads\/2024\/09\/Moti-X-Mini-Pod-Kit-21.jpg?w=1248&amp;h=647\" alt=\"Vaporesso Moti X Mini Pod Kit\"><br \/><img decoding=\"async\" src=\"https:\/\/global-hookah.com\/wp-content\/uploads\/2024\/09\/Moti-X-Mini-Pod-Kit-22.jpg?w=1248&amp;h=521\" alt=\"Vaporesso Moti X Mini Pod Kit\"><br \/><img decoding=\"async\" src=\"https:\/\/global-hookah.com\/wp-content\/uploads\/2024\/09\/Moti-X-Mini-Pod-Kit-23.jpg?w=1248&amp;h=617\" alt=\"Vaporesso Moti X Mini Pod Kit\"><br \/><img decoding=\"async\" src=\"https:\/\/global-hookah.com\/wp-content\/uploads\/2024\/09\/Moti-X-Mini-Pod-Kit-24.jpg?w=1248&amp;h=408\" alt=\"Vaporesso Moti X Mini Pod Kit\"><br \/><img decoding=\"async\" src=\"https:\/\/global-hookah.com\/wp-content\/uploads\/2024\/09\/Moti-X-Mini-Pod-Kit-25.jpg?w=1248&amp;h=493\" alt=\"Vaporesso Moti X Mini Pod Kit\"><\/p>\n<p><\/p>","protected":false},"excerpt":{"rendered":"<p>Moti X Mini ist ein bahnbrechendes Produkt f\u00fcr eingeschr\u00e4nkte DTL-Starter. Ausgestattet mit einem 1150mAh Akku in einem Mini-Geh\u00e4use.<\/p>","protected":false},"featured_media":29928,"comment_status":"closed","ping_status":"closed","template":"","meta":{"iawp_total_views":1,"_joinchat":[]},"product_brand":[],"product_cat":[415],"product_tag":[],"class_list":{"0":"post-29128","1":"product","2":"type-product","3":"status-publish","4":"has-post-thumbnail","6":"product_cat-accessories","8":"first","9":"instock","10":"sale","11":"shipping-taxable","12":"purchasable","13":"product-type-variable"},"yoast_head":"<!-- This site is optimized with the Yoast SEO Premium plugin v24.7 (Yoast SEO v26.8) - https:\/\/yoast.com\/product\/yoast-seo-premium-wordpress\/ -->\n<title>Global-CN02Clearance Moti X Mini Pod System Kit 1150mAh 4ml - Global Hookah<\/title>\n<meta name=\"robots\" content=\"index, follow, max-snippet:-1, max-image-preview:large, max-video-preview:-1\" \/>\n<link rel=\"canonical\" href=\"https:\/\/global-hookah.com\/de\/produkt\/global-cn02clearance-moti-x-mini-pod-system-kit-1150mah-4ml\/\" \/>\n<meta property=\"og:locale\" content=\"de_DE\" \/>\n<meta property=\"og:type\" content=\"article\" \/>\n<meta property=\"og:title\" content=\"Global-CN02Clearance Moti X Mini Pod System Kit 1150mAh 4ml\" \/>\n<meta property=\"og:description\" content=\"Moti X Mini is a breakthrough product for Restricted DTL starters. Featured a 1150mAh battery in a mini body. it\" \/>\n<meta property=\"og:url\" content=\"https:\/\/global-hookah.com\/de\/produkt\/global-cn02clearance-moti-x-mini-pod-system-kit-1150mah-4ml\/\" \/>\n<meta property=\"og:site_name\" content=\"Global Hookah\" \/>\n<meta property=\"article:modified_time\" content=\"2024-09-27T02:44:36+00:00\" \/>\n<meta property=\"og:image\" content=\"https:\/\/global-hookah.com\/wp-content\/uploads\/2024\/09\/Moti-X-Mini-Pod-Kit-1.jpg\" \/>\n\t<meta property=\"og:image:width\" content=\"800\" \/>\n\t<meta property=\"og:image:height\" content=\"800\" \/>\n\t<meta property=\"og:image:type\" content=\"image\/jpeg\" \/>\n<meta name=\"twitter:card\" content=\"summary_large_image\" \/>\n<script type=\"application\/ld+json\" class=\"yoast-schema-graph\">{\"@context\":\"https:\/\/schema.org\",\"@graph\":[{\"@type\":\"WebPage\",\"@id\":\"https:\/\/global-hookah.com\/product\/global-cn02clearance-moti-x-mini-pod-system-kit-1150mah-4ml\/\",\"url\":\"https:\/\/global-hookah.com\/product\/global-cn02clearance-moti-x-mini-pod-system-kit-1150mah-4ml\/\",\"name\":\"Global-CN02Clearance Moti X Mini Pod System Kit 1150mAh 4ml - Global Hookah\",\"isPartOf\":{\"@id\":\"https:\/\/global-hookah.com\/#website\"},\"primaryImageOfPage\":{\"@id\":\"https:\/\/global-hookah.com\/product\/global-cn02clearance-moti-x-mini-pod-system-kit-1150mah-4ml\/#primaryimage\"},\"image\":{\"@id\":\"https:\/\/global-hookah.com\/product\/global-cn02clearance-moti-x-mini-pod-system-kit-1150mah-4ml\/#primaryimage\"},\"thumbnailUrl\":\"https:\/\/global-hookah.com\/wp-content\/uploads\/2024\/09\/Moti-X-Mini-Pod-Kit-1.jpg\",\"datePublished\":\"2024-09-27T02:11:31+00:00\",\"dateModified\":\"2024-09-27T02:44:36+00:00\",\"breadcrumb\":{\"@id\":\"https:\/\/global-hookah.com\/product\/global-cn02clearance-moti-x-mini-pod-system-kit-1150mah-4ml\/#breadcrumb\"},\"inLanguage\":\"de\",\"potentialAction\":[{\"@type\":\"ReadAction\",\"target\":[\"https:\/\/global-hookah.com\/product\/global-cn02clearance-moti-x-mini-pod-system-kit-1150mah-4ml\/\"]}]},{\"@type\":\"ImageObject\",\"inLanguage\":\"de\",\"@id\":\"https:\/\/global-hookah.com\/product\/global-cn02clearance-moti-x-mini-pod-system-kit-1150mah-4ml\/#primaryimage\",\"url\":\"https:\/\/global-hookah.com\/wp-content\/uploads\/2024\/09\/Moti-X-Mini-Pod-Kit-1.jpg\",\"contentUrl\":\"https:\/\/global-hookah.com\/wp-content\/uploads\/2024\/09\/Moti-X-Mini-Pod-Kit-1.jpg\",\"width\":800,\"height\":800},{\"@type\":\"BreadcrumbList\",\"@id\":\"https:\/\/global-hookah.com\/product\/global-cn02clearance-moti-x-mini-pod-system-kit-1150mah-4ml\/#breadcrumb\",\"itemListElement\":[{\"@type\":\"ListItem\",\"position\":1,\"name\":\"Home\",\"item\":\"https:\/\/global-hookah.com\/\"},{\"@type\":\"ListItem\",\"position\":2,\"name\":\"Shop\",\"item\":\"https:\/\/global-hookah.com\/shop\/\"},{\"@type\":\"ListItem\",\"position\":3,\"name\":\"Global-CN02Clearance Moti X Mini Pod System Kit 1150mAh 4ml\"}]},{\"@type\":\"WebSite\",\"@id\":\"https:\/\/global-hookah.com\/#website\",\"url\":\"https:\/\/global-hookah.com\/\",\"name\":\"Global Hookah\",\"description\":\"Global Hookah\",\"publisher\":{\"@id\":\"https:\/\/global-hookah.com\/#organization\"},\"potentialAction\":[{\"@type\":\"SearchAction\",\"target\":{\"@type\":\"EntryPoint\",\"urlTemplate\":\"https:\/\/global-hookah.com\/?s={search_term_string}\"},\"query-input\":{\"@type\":\"PropertyValueSpecification\",\"valueRequired\":true,\"valueName\":\"search_term_string\"}}],\"inLanguage\":\"de\"},{\"@type\":\"Organization\",\"@id\":\"https:\/\/global-hookah.com\/#organization\",\"name\":\"Global Hookah\",\"url\":\"https:\/\/global-hookah.com\/\",\"logo\":{\"@type\":\"ImageObject\",\"inLanguage\":\"de\",\"@id\":\"https:\/\/global-hookah.com\/#\/schema\/logo\/image\/\",\"url\":\"https:\/\/global-hookah.com\/wp-content\/uploads\/2021\/10\/cropped-fgg.png\",\"contentUrl\":\"https:\/\/global-hookah.com\/wp-content\/uploads\/2021\/10\/cropped-fgg.png\",\"width\":512,\"height\":512,\"caption\":\"Global Hookah\"},\"image\":{\"@id\":\"https:\/\/global-hookah.com\/#\/schema\/logo\/image\/\"}}]}<\/script>\n<!-- \/ Yoast SEO Premium plugin. -->","yoast_head_json":{"title":"Global-CN02Clearance Moti X Mini Pod System Kit 1150mAh 4ml - Global Hookah","robots":{"index":"index","follow":"follow","max-snippet":"max-snippet:-1","max-image-preview":"max-image-preview:large","max-video-preview":"max-video-preview:-1"},"canonical":"https:\/\/global-hookah.com\/de\/produkt\/global-cn02clearance-moti-x-mini-pod-system-kit-1150mah-4ml\/","og_locale":"de_DE","og_type":"article","og_title":"Global-CN02Clearance Moti X Mini Pod System Kit 1150mAh 4ml","og_description":"Moti X Mini is a breakthrough product for Restricted DTL starters. Featured a 1150mAh battery in a mini body. it","og_url":"https:\/\/global-hookah.com\/de\/produkt\/global-cn02clearance-moti-x-mini-pod-system-kit-1150mah-4ml\/","og_site_name":"Global Hookah","article_modified_time":"2024-09-27T02:44:36+00:00","og_image":[{"width":800,"height":800,"url":"https:\/\/global-hookah.com\/wp-content\/uploads\/2024\/09\/Moti-X-Mini-Pod-Kit-1.jpg","type":"image\/jpeg"}],"twitter_card":"summary_large_image","schema":{"@context":"https:\/\/schema.org","@graph":[{"@type":"WebPage","@id":"https:\/\/global-hookah.com\/product\/global-cn02clearance-moti-x-mini-pod-system-kit-1150mah-4ml\/","url":"https:\/\/global-hookah.com\/product\/global-cn02clearance-moti-x-mini-pod-system-kit-1150mah-4ml\/","name":"Global-CN02Clearance Moti X Mini Pod System Kit 1150mAh 4ml - Global Hookah","isPartOf":{"@id":"https:\/\/global-hookah.com\/#website"},"primaryImageOfPage":{"@id":"https:\/\/global-hookah.com\/product\/global-cn02clearance-moti-x-mini-pod-system-kit-1150mah-4ml\/#primaryimage"},"image":{"@id":"https:\/\/global-hookah.com\/product\/global-cn02clearance-moti-x-mini-pod-system-kit-1150mah-4ml\/#primaryimage"},"thumbnailUrl":"https:\/\/global-hookah.com\/wp-content\/uploads\/2024\/09\/Moti-X-Mini-Pod-Kit-1.jpg","datePublished":"2024-09-27T02:11:31+00:00","dateModified":"2024-09-27T02:44:36+00:00","breadcrumb":{"@id":"https:\/\/global-hookah.com\/product\/global-cn02clearance-moti-x-mini-pod-system-kit-1150mah-4ml\/#breadcrumb"},"inLanguage":"de","potentialAction":[{"@type":"ReadAction","target":["https:\/\/global-hookah.com\/product\/global-cn02clearance-moti-x-mini-pod-system-kit-1150mah-4ml\/"]}]},{"@type":"ImageObject","inLanguage":"de","@id":"https:\/\/global-hookah.com\/product\/global-cn02clearance-moti-x-mini-pod-system-kit-1150mah-4ml\/#primaryimage","url":"https:\/\/global-hookah.com\/wp-content\/uploads\/2024\/09\/Moti-X-Mini-Pod-Kit-1.jpg","contentUrl":"https:\/\/global-hookah.com\/wp-content\/uploads\/2024\/09\/Moti-X-Mini-Pod-Kit-1.jpg","width":800,"height":800},{"@type":"BreadcrumbList","@id":"https:\/\/global-hookah.com\/product\/global-cn02clearance-moti-x-mini-pod-system-kit-1150mah-4ml\/#breadcrumb","itemListElement":[{"@type":"ListItem","position":1,"name":"Home","item":"https:\/\/global-hookah.com\/"},{"@type":"ListItem","position":2,"name":"Shop","item":"https:\/\/global-hookah.com\/shop\/"},{"@type":"ListItem","position":3,"name":"Global-CN02Clearance Moti X Mini Pod System Kit 1150mAh 4ml"}]},{"@type":"WebSite","@id":"https:\/\/global-hookah.com\/#website","url":"https:\/\/global-hookah.com\/","name":"Globale Wasserpfeife","description":"Globale Wasserpfeife","publisher":{"@id":"https:\/\/global-hookah.com\/#organization"},"potentialAction":[{"@type":"SearchAction","target":{"@type":"EntryPoint","urlTemplate":"https:\/\/global-hookah.com\/?s={search_term_string}"},"query-input":{"@type":"PropertyValueSpecification","valueRequired":true,"valueName":"search_term_string"}}],"inLanguage":"de"},{"@type":"Organization","@id":"https:\/\/global-hookah.com\/#organization","name":"Globale Wasserpfeife","url":"https:\/\/global-hookah.com\/","logo":{"@type":"ImageObject","inLanguage":"de","@id":"https:\/\/global-hookah.com\/#\/schema\/logo\/image\/","url":"https:\/\/global-hookah.com\/wp-content\/uploads\/2021\/10\/cropped-fgg.png","contentUrl":"https:\/\/global-hookah.com\/wp-content\/uploads\/2021\/10\/cropped-fgg.png","width":512,"height":512,"caption":"Global Hookah"},"image":{"@id":"https:\/\/global-hookah.com\/#\/schema\/logo\/image\/"}}]}},"_links":{"self":[{"href":"https:\/\/global-hookah.com\/de\/wp-json\/wp\/v2\/product\/29128","targetHints":{"allow":["GET"]}}],"collection":[{"href":"https:\/\/global-hookah.com\/de\/wp-json\/wp\/v2\/product"}],"about":[{"href":"https:\/\/global-hookah.com\/de\/wp-json\/wp\/v2\/types\/product"}],"replies":[{"embeddable":true,"href":"https:\/\/global-hookah.com\/de\/wp-json\/wp\/v2\/comments?post=29128"}],"version-history":[{"count":0,"href":"https:\/\/global-hookah.com\/de\/wp-json\/wp\/v2\/product\/29128\/revisions"}],"wp:featuredmedia":[{"embeddable":true,"href":"https:\/\/global-hookah.com\/de\/wp-json\/wp\/v2\/media\/29928"}],"wp:attachment":[{"href":"https:\/\/global-hookah.com\/de\/wp-json\/wp\/v2\/media?parent=29128"}],"wp:term":[{"taxonomy":"product_brand","embeddable":true,"href":"https:\/\/global-hookah.com\/de\/wp-json\/wp\/v2\/product_brand?post=29128"},{"taxonomy":"product_cat","embeddable":true,"href":"https:\/\/global-hookah.com\/de\/wp-json\/wp\/v2\/product_cat?post=29128"},{"taxonomy":"product_tag","embeddable":true,"href":"https:\/\/global-hookah.com\/de\/wp-json\/wp\/v2\/product_tag?post=29128"}],"curies":[{"name":"wp","href":"https:\/\/api.w.org\/{rel}","templated":true}]}}