{"id":29151,"date":"2024-09-27T02:11:34","date_gmt":"2024-09-27T02:11:34","guid":{"rendered":"https:\/\/global-hookah.com\/product\/global-cn02clearance-uwell-caliburn-gz2-cyber-pod-system-kit-850mah-2ml\/"},"modified":"2024-09-27T02:46:58","modified_gmt":"2024-09-27T02:46:58","slug":"global-cn02clearance-uwell-caliburn-gz2-cyber-pod-system-kit-850mah-2ml","status":"publish","type":"product","link":"https:\/\/global-hookah.com\/de\/produkt\/global-cn02clearance-uwell-caliburn-gz2-cyber-pod-system-kit-850mah-2ml\/","title":{"rendered":"Global-CN02Clearance Uwell Caliburn GZ2 Cyber Pod System Kit 850mAh 2ml"},"content":{"rendered":"<p>Uwell hat es einen Schritt weiter mit dem Caliburn GZ2 Cyber-Version genommen. Es ist ein j\u00fcngeres und k\u00fchneres Pod-System, das nicht nur besseres Vaping FLV bringt, sondern es auch zu einem modischen Accessoire macht. Angefangen mit dem Stylus. dann der Tube. gefolgt vom Square. und jetzt. Zega hat sich als seri\u00f6ser Formfaktor etabliert. Heute. ZEGA leuchtet heller mit einem verst\u00e4rkten RGB-Display im TRON-Stil, das seinen befreiten und grenzenlosen Cyberpunk-Geist zur Schau stellt. Das verst\u00e4rkte RGB-Licht funkelt bei jedem Zug und fungiert als pumpendes Herz dieses Ger\u00e4ts. Seine Kompatibilit\u00e4t mit G- und G2-Coils macht ihn zu einem Muss, um eine Alternative zu sein. Seine Leistung auf 0,8 Ohm \/ 1,2 Ohm Coils macht den Caliburn GZ2 Cyber zum idealen Einsteigerger\u00e4t f\u00fcr Neulinge und Nutzer geschlossener Systeme. Zus\u00e4tzlich haben wir Uwells exklusives U-Valve, den 3-stufigen Nachf\u00fcllmechanismus, iAFC, die pr\u00e4zise Luftstromsteuerung und ClearView, das sichtbare LQ-Fenster, integriert. Mit diesen 3 Technologien wird die Vaping-Erfahrung dieser Cyber-Version garantiert au\u00dfergew\u00f6hnlich sein.<\/p>\n<p><img decoding=\"async\" src=\"https:\/\/global-hookah.com\/wp-content\/uploads\/2024\/09\/Caliburn-GZ2-Cyber-Kit-11.jpg?w=1248&amp;h=366\" alt=\"Uwell Caliburn GZ2 Cyber Kit\"><\/p>\n<p><strong><font color=\"#ff7301\" size=\"4px\">Merkmale:<\/font><\/strong><br \/>1. 850mAh Akku-Kapazit\u00e4t<br \/>2. 2ml E-LQ Kapazit\u00e4t<br \/>3. ClearView (LQ-Fenster)<br \/>4. 2A Schnellaufladung<br \/>5. Pro-FOCS FLV-Technik<\/p>\n<p>Marke: Uwell<br \/>Einheit: 1Satz<br \/>Materialien Kartusche: PCTG | Ger\u00e4t: Aluminium-Legierung + PC<br \/>Abmessungen: 28,9 mm * 22,9 mm * 72,5 mm<br \/>E-LQ Kapazit\u00e4t: 2ml (INT.\/FDA) | 1,6ml (TPD)<br \/>Ausgangsleistung: Maximal 17W<br \/>Spulenspezifikationen (INT.\/FDA):<br \/>FeCrAl UN2 Meshed 0.8ohm Caliburn G Coil (vorinstalliert)<br \/>FeCrAl UN2 Meshed 1.2ohm Caliburn G2 Coil (Ersatz)<br \/>Akku-Kapazit\u00e4t: 850 mAh<br \/>Verpackung: Geschenkbox<\/p>\n<p><strong><font color=\"#ff7301\" size=\"4px\">Jedes Set enth\u00e4lt:<\/font><\/strong><br \/>1St\u00fcck Caliburn GZ2 Cyber-Ger\u00e4t<br \/>1pc UN2 Meshed 0.8ohm Caliburn G2 Pod Kartusche (vorinstalliert)<br \/>1pc UN2 Meshed 1.2ohm Caliburn G2 Pod Kartusche (Ersatz)<br \/>1pc Typ-C-Ladekabel<br \/>1St\u00fcck Benutzerhandbuch<\/p>\n<p><img decoding=\"async\" src=\"https:\/\/global-hookah.com\/wp-content\/uploads\/2024\/09\/caliburn-gz2-cyber-1.jpg?w=1370&amp;h=720\" alt=\"Uwell Caliburn GZ2 Cyber Kit\"><br \/><img decoding=\"async\" src=\"https:\/\/global-hookah.com\/wp-content\/uploads\/2024\/09\/caliburn-gz2-cyber-2.jpg?w=1370&amp;h=753\" alt=\"Uwell Caliburn GZ2 Cyber Kit\"><br \/><img decoding=\"async\" src=\"https:\/\/global-hookah.com\/wp-content\/uploads\/2024\/09\/caliburn-gz2-cyber-3.jpg?w=1370&amp;h=780\" alt=\"Uwell Caliburn GZ2 Cyber Kit\"><br \/><img decoding=\"async\" src=\"https:\/\/global-hookah.com\/wp-content\/uploads\/2024\/09\/caliburn-gz2-cyber-4.jpg?w=1370&amp;h=725\" alt=\"Uwell Caliburn GZ2 Cyber Kit\"><br \/><img decoding=\"async\" src=\"https:\/\/global-hookah.com\/wp-content\/uploads\/2024\/09\/caliburn-gz2-cyber-5.jpg?w=1370&amp;h=775\" alt=\"Uwell Caliburn GZ2 Cyber Kit\"><br \/><img decoding=\"async\" src=\"https:\/\/global-hookah.com\/wp-content\/uploads\/2024\/09\/caliburn-gz2-cyber-6.jpg?w=1371&amp;h=758\" alt=\"Uwell Caliburn GZ2 Cyber Kit\"><br \/><img decoding=\"async\" src=\"https:\/\/global-hookah.com\/wp-content\/uploads\/2024\/09\/caliburn-gz2-cyber-7.jpg?w=1370&amp;h=750\" alt=\"Uwell Caliburn GZ2 Cyber Kit\"><br \/><img decoding=\"async\" src=\"https:\/\/global-hookah.com\/wp-content\/uploads\/2024\/09\/caliburn-gz2-cyber-8.jpg?w=1370&amp;h=781\" alt=\"Uwell Caliburn GZ2 Cyber Kit\"><br \/><img decoding=\"async\" src=\"https:\/\/global-hookah.com\/wp-content\/uploads\/2024\/09\/caliburn-gz2-cyber-9-1.jpg?w=1368&amp;h=782\" alt=\"Uwell Caliburn GZ2 Cyber Kit\"><br \/><img decoding=\"async\" src=\"https:\/\/global-hookah.com\/wp-content\/uploads\/2024\/09\/caliburn-gz2-cyber-10.jpg?w=1370&amp;h=590\" alt=\"Uwell Caliburn GZ2 Cyber Kit\"><br \/><img decoding=\"async\" src=\"https:\/\/global-hookah.com\/wp-content\/uploads\/2024\/09\/caliburn-gz2-cyber-11.jpg?w=1370&amp;h=752\" alt=\"Uwell Caliburn GZ2 Cyber Kit\"><\/p>\n<p><\/p>","protected":false},"excerpt":{"rendered":"<p>Uwell ist mit der Caliburn GZ2 Cyber Version noch einen Schritt weiter gegangen. Es ist ein j\u00fcngeres und k\u00fchneres Pod<\/p>","protected":false},"featured_media":30002,"comment_status":"closed","ping_status":"closed","template":"","meta":{"iawp_total_views":1,"_joinchat":[]},"product_brand":[],"product_cat":[415],"product_tag":[],"class_list":{"0":"post-29151","1":"product","2":"type-product","3":"status-publish","4":"has-post-thumbnail","6":"product_cat-accessories","8":"first","9":"instock","10":"sale","11":"shipping-taxable","12":"purchasable","13":"product-type-variable"},"yoast_head":"<!-- This site is optimized with the Yoast SEO Premium plugin v24.7 (Yoast SEO v26.8) - https:\/\/yoast.com\/product\/yoast-seo-premium-wordpress\/ -->\n<title>Global-CN02Clearance Uwell Caliburn GZ2 Cyber Pod System Kit 850mAh 2ml - Global Hookah<\/title>\n<meta name=\"robots\" content=\"index, follow, max-snippet:-1, max-image-preview:large, max-video-preview:-1\" \/>\n<link rel=\"canonical\" href=\"https:\/\/global-hookah.com\/de\/produkt\/global-cn02clearance-uwell-caliburn-gz2-cyber-pod-system-kit-850mah-2ml\/\" \/>\n<meta property=\"og:locale\" content=\"de_DE\" \/>\n<meta property=\"og:type\" content=\"article\" \/>\n<meta property=\"og:title\" content=\"Global-CN02Clearance Uwell Caliburn GZ2 Cyber Pod System Kit 850mAh 2ml\" \/>\n<meta property=\"og:description\" content=\"Uwell has taken it a step further with the Caliburn GZ2 Cyber version. It is a younger and bolder pod\" \/>\n<meta property=\"og:url\" content=\"https:\/\/global-hookah.com\/de\/produkt\/global-cn02clearance-uwell-caliburn-gz2-cyber-pod-system-kit-850mah-2ml\/\" \/>\n<meta property=\"og:site_name\" content=\"Global Hookah\" \/>\n<meta property=\"article:modified_time\" content=\"2024-09-27T02:46:58+00:00\" \/>\n<meta property=\"og:image\" content=\"https:\/\/global-hookah.com\/wp-content\/uploads\/s2w-placeholder.png\" \/>\n\t<meta property=\"og:image:width\" content=\"1200\" \/>\n\t<meta property=\"og:image:height\" content=\"1200\" \/>\n\t<meta property=\"og:image:type\" content=\"image\/png\" \/>\n<meta name=\"twitter:card\" content=\"summary_large_image\" \/>\n<meta name=\"twitter:label1\" content=\"Gesch\u00e4tzte Lesezeit\" \/>\n\t<meta name=\"twitter:data1\" content=\"1\u00a0Minute\" \/>\n<script type=\"application\/ld+json\" class=\"yoast-schema-graph\">{\"@context\":\"https:\/\/schema.org\",\"@graph\":[{\"@type\":\"WebPage\",\"@id\":\"https:\/\/global-hookah.com\/product\/global-cn02clearance-uwell-caliburn-gz2-cyber-pod-system-kit-850mah-2ml\/\",\"url\":\"https:\/\/global-hookah.com\/product\/global-cn02clearance-uwell-caliburn-gz2-cyber-pod-system-kit-850mah-2ml\/\",\"name\":\"Global-CN02Clearance Uwell Caliburn GZ2 Cyber Pod System Kit 850mAh 2ml - Global Hookah\",\"isPartOf\":{\"@id\":\"https:\/\/global-hookah.com\/#website\"},\"primaryImageOfPage\":{\"@id\":\"https:\/\/global-hookah.com\/product\/global-cn02clearance-uwell-caliburn-gz2-cyber-pod-system-kit-850mah-2ml\/#primaryimage\"},\"image\":{\"@id\":\"https:\/\/global-hookah.com\/product\/global-cn02clearance-uwell-caliburn-gz2-cyber-pod-system-kit-850mah-2ml\/#primaryimage\"},\"thumbnailUrl\":\"https:\/\/global-hookah.com\/wp-content\/uploads\/2024\/09\/Caliburn-GZ2-Cyber-Kit-1.jpg\",\"datePublished\":\"2024-09-27T02:11:34+00:00\",\"dateModified\":\"2024-09-27T02:46:58+00:00\",\"breadcrumb\":{\"@id\":\"https:\/\/global-hookah.com\/product\/global-cn02clearance-uwell-caliburn-gz2-cyber-pod-system-kit-850mah-2ml\/#breadcrumb\"},\"inLanguage\":\"de\",\"potentialAction\":[{\"@type\":\"ReadAction\",\"target\":[\"https:\/\/global-hookah.com\/product\/global-cn02clearance-uwell-caliburn-gz2-cyber-pod-system-kit-850mah-2ml\/\"]}]},{\"@type\":\"ImageObject\",\"inLanguage\":\"de\",\"@id\":\"https:\/\/global-hookah.com\/product\/global-cn02clearance-uwell-caliburn-gz2-cyber-pod-system-kit-850mah-2ml\/#primaryimage\",\"url\":\"https:\/\/global-hookah.com\/wp-content\/uploads\/2024\/09\/Caliburn-GZ2-Cyber-Kit-1.jpg\",\"contentUrl\":\"https:\/\/global-hookah.com\/wp-content\/uploads\/2024\/09\/Caliburn-GZ2-Cyber-Kit-1.jpg\",\"width\":800,\"height\":800},{\"@type\":\"BreadcrumbList\",\"@id\":\"https:\/\/global-hookah.com\/product\/global-cn02clearance-uwell-caliburn-gz2-cyber-pod-system-kit-850mah-2ml\/#breadcrumb\",\"itemListElement\":[{\"@type\":\"ListItem\",\"position\":1,\"name\":\"Home\",\"item\":\"https:\/\/global-hookah.com\/\"},{\"@type\":\"ListItem\",\"position\":2,\"name\":\"Shop\",\"item\":\"https:\/\/global-hookah.com\/shop\/\"},{\"@type\":\"ListItem\",\"position\":3,\"name\":\"Global-CN02Clearance Uwell Caliburn GZ2 Cyber Pod System Kit 850mAh 2ml\"}]},{\"@type\":\"WebSite\",\"@id\":\"https:\/\/global-hookah.com\/#website\",\"url\":\"https:\/\/global-hookah.com\/\",\"name\":\"Global Hookah\",\"description\":\"Global Hookah\",\"publisher\":{\"@id\":\"https:\/\/global-hookah.com\/#organization\"},\"potentialAction\":[{\"@type\":\"SearchAction\",\"target\":{\"@type\":\"EntryPoint\",\"urlTemplate\":\"https:\/\/global-hookah.com\/?s={search_term_string}\"},\"query-input\":{\"@type\":\"PropertyValueSpecification\",\"valueRequired\":true,\"valueName\":\"search_term_string\"}}],\"inLanguage\":\"de\"},{\"@type\":\"Organization\",\"@id\":\"https:\/\/global-hookah.com\/#organization\",\"name\":\"Global Hookah\",\"url\":\"https:\/\/global-hookah.com\/\",\"logo\":{\"@type\":\"ImageObject\",\"inLanguage\":\"de\",\"@id\":\"https:\/\/global-hookah.com\/#\/schema\/logo\/image\/\",\"url\":\"https:\/\/global-hookah.com\/wp-content\/uploads\/2021\/10\/cropped-fgg.png\",\"contentUrl\":\"https:\/\/global-hookah.com\/wp-content\/uploads\/2021\/10\/cropped-fgg.png\",\"width\":512,\"height\":512,\"caption\":\"Global Hookah\"},\"image\":{\"@id\":\"https:\/\/global-hookah.com\/#\/schema\/logo\/image\/\"}}]}<\/script>\n<!-- \/ Yoast SEO Premium plugin. -->","yoast_head_json":{"title":"Global-CN02Clearance Uwell Caliburn GZ2 Cyber Pod System Kit 850mAh 2ml - Global Hookah","robots":{"index":"index","follow":"follow","max-snippet":"max-snippet:-1","max-image-preview":"max-image-preview:large","max-video-preview":"max-video-preview:-1"},"canonical":"https:\/\/global-hookah.com\/de\/produkt\/global-cn02clearance-uwell-caliburn-gz2-cyber-pod-system-kit-850mah-2ml\/","og_locale":"de_DE","og_type":"article","og_title":"Global-CN02Clearance Uwell Caliburn GZ2 Cyber Pod System Kit 850mAh 2ml","og_description":"Uwell has taken it a step further with the Caliburn GZ2 Cyber version. It is a younger and bolder pod","og_url":"https:\/\/global-hookah.com\/de\/produkt\/global-cn02clearance-uwell-caliburn-gz2-cyber-pod-system-kit-850mah-2ml\/","og_site_name":"Global Hookah","article_modified_time":"2024-09-27T02:46:58+00:00","og_image":[{"width":1200,"height":1200,"url":"https:\/\/global-hookah.com\/wp-content\/uploads\/s2w-placeholder.png","type":"image\/png"}],"twitter_card":"summary_large_image","twitter_misc":{"Gesch\u00e4tzte Lesezeit":"1\u00a0Minute"},"schema":{"@context":"https:\/\/schema.org","@graph":[{"@type":"WebPage","@id":"https:\/\/global-hookah.com\/product\/global-cn02clearance-uwell-caliburn-gz2-cyber-pod-system-kit-850mah-2ml\/","url":"https:\/\/global-hookah.com\/product\/global-cn02clearance-uwell-caliburn-gz2-cyber-pod-system-kit-850mah-2ml\/","name":"Global-CN02Clearance Uwell Caliburn GZ2 Cyber Pod System Kit 850mAh 2ml - Global Hookah","isPartOf":{"@id":"https:\/\/global-hookah.com\/#website"},"primaryImageOfPage":{"@id":"https:\/\/global-hookah.com\/product\/global-cn02clearance-uwell-caliburn-gz2-cyber-pod-system-kit-850mah-2ml\/#primaryimage"},"image":{"@id":"https:\/\/global-hookah.com\/product\/global-cn02clearance-uwell-caliburn-gz2-cyber-pod-system-kit-850mah-2ml\/#primaryimage"},"thumbnailUrl":"https:\/\/global-hookah.com\/wp-content\/uploads\/2024\/09\/Caliburn-GZ2-Cyber-Kit-1.jpg","datePublished":"2024-09-27T02:11:34+00:00","dateModified":"2024-09-27T02:46:58+00:00","breadcrumb":{"@id":"https:\/\/global-hookah.com\/product\/global-cn02clearance-uwell-caliburn-gz2-cyber-pod-system-kit-850mah-2ml\/#breadcrumb"},"inLanguage":"de","potentialAction":[{"@type":"ReadAction","target":["https:\/\/global-hookah.com\/product\/global-cn02clearance-uwell-caliburn-gz2-cyber-pod-system-kit-850mah-2ml\/"]}]},{"@type":"ImageObject","inLanguage":"de","@id":"https:\/\/global-hookah.com\/product\/global-cn02clearance-uwell-caliburn-gz2-cyber-pod-system-kit-850mah-2ml\/#primaryimage","url":"https:\/\/global-hookah.com\/wp-content\/uploads\/2024\/09\/Caliburn-GZ2-Cyber-Kit-1.jpg","contentUrl":"https:\/\/global-hookah.com\/wp-content\/uploads\/2024\/09\/Caliburn-GZ2-Cyber-Kit-1.jpg","width":800,"height":800},{"@type":"BreadcrumbList","@id":"https:\/\/global-hookah.com\/product\/global-cn02clearance-uwell-caliburn-gz2-cyber-pod-system-kit-850mah-2ml\/#breadcrumb","itemListElement":[{"@type":"ListItem","position":1,"name":"Home","item":"https:\/\/global-hookah.com\/"},{"@type":"ListItem","position":2,"name":"Shop","item":"https:\/\/global-hookah.com\/shop\/"},{"@type":"ListItem","position":3,"name":"Global-CN02Clearance Uwell Caliburn GZ2 Cyber Pod System Kit 850mAh 2ml"}]},{"@type":"WebSite","@id":"https:\/\/global-hookah.com\/#website","url":"https:\/\/global-hookah.com\/","name":"Globale Wasserpfeife","description":"Globale Wasserpfeife","publisher":{"@id":"https:\/\/global-hookah.com\/#organization"},"potentialAction":[{"@type":"SearchAction","target":{"@type":"EntryPoint","urlTemplate":"https:\/\/global-hookah.com\/?s={search_term_string}"},"query-input":{"@type":"PropertyValueSpecification","valueRequired":true,"valueName":"search_term_string"}}],"inLanguage":"de"},{"@type":"Organization","@id":"https:\/\/global-hookah.com\/#organization","name":"Globale Wasserpfeife","url":"https:\/\/global-hookah.com\/","logo":{"@type":"ImageObject","inLanguage":"de","@id":"https:\/\/global-hookah.com\/#\/schema\/logo\/image\/","url":"https:\/\/global-hookah.com\/wp-content\/uploads\/2021\/10\/cropped-fgg.png","contentUrl":"https:\/\/global-hookah.com\/wp-content\/uploads\/2021\/10\/cropped-fgg.png","width":512,"height":512,"caption":"Global Hookah"},"image":{"@id":"https:\/\/global-hookah.com\/#\/schema\/logo\/image\/"}}]}},"_links":{"self":[{"href":"https:\/\/global-hookah.com\/de\/wp-json\/wp\/v2\/product\/29151","targetHints":{"allow":["GET"]}}],"collection":[{"href":"https:\/\/global-hookah.com\/de\/wp-json\/wp\/v2\/product"}],"about":[{"href":"https:\/\/global-hookah.com\/de\/wp-json\/wp\/v2\/types\/product"}],"replies":[{"embeddable":true,"href":"https:\/\/global-hookah.com\/de\/wp-json\/wp\/v2\/comments?post=29151"}],"version-history":[{"count":0,"href":"https:\/\/global-hookah.com\/de\/wp-json\/wp\/v2\/product\/29151\/revisions"}],"wp:featuredmedia":[{"embeddable":true,"href":"https:\/\/global-hookah.com\/de\/wp-json\/wp\/v2\/media\/30002"}],"wp:attachment":[{"href":"https:\/\/global-hookah.com\/de\/wp-json\/wp\/v2\/media?parent=29151"}],"wp:term":[{"taxonomy":"product_brand","embeddable":true,"href":"https:\/\/global-hookah.com\/de\/wp-json\/wp\/v2\/product_brand?post=29151"},{"taxonomy":"product_cat","embeddable":true,"href":"https:\/\/global-hookah.com\/de\/wp-json\/wp\/v2\/product_cat?post=29151"},{"taxonomy":"product_tag","embeddable":true,"href":"https:\/\/global-hookah.com\/de\/wp-json\/wp\/v2\/product_tag?post=29151"}],"curies":[{"name":"wp","href":"https:\/\/api.w.org\/{rel}","templated":true}]}}