{"id":29163,"date":"2024-09-27T02:11:40","date_gmt":"2024-09-27T02:11:40","guid":{"rendered":"https:\/\/global-hookah.com\/product\/global-cn02-geekvape-wenax-q-pod-system-kit-1000mah-2ml\/"},"modified":"2024-09-27T02:54:00","modified_gmt":"2024-09-27T02:54:00","slug":"global-cn02-geekvape-wenax-q-pod-system-kit-1000mah-2ml","status":"publish","type":"product","link":"https:\/\/global-hookah.com\/de\/produkt\/global-cn02-geekvape-wenax-q-pod-system-kit-1000mah-2ml\/","title":{"rendered":"Global-CN02 Geekvape Wenax Q Pod System Kit 1000mAh 2ml"},"content":{"rendered":"<p>Die Geekvape Wenax Q Pod kann Benutzererfahrung-basierte entworfene Pod-System bringt au\u00dfergew\u00f6hnliche vape Erfahrung mit einer pr\u00e4zisen 3-Level-Luftstromsteuerung. eine ganzt\u00e4gige Batterie verwenden und eine intuitive Ger\u00e4testeuerung mit einem HD-OLED-Display.es erm\u00f6glicht Ihnen, zu bedienen und Ihre vaping Daten \u00fcberwachen. Das Kit verf\u00fcgt \u00fcber eine 1000mAh interne Batterie mit 25W Ausgang. kompatibel mit einem 2ml Geekvape Q Pod Patrone. die ein Top-F\u00fcllsystem verf\u00fcgt. Zusammen mit seiner Drei-Loch-Airflow-Steuerung und einstellbare Leistung. genie\u00dfen Sie eine dichte Wolke und starke FLV mit entweder NCT-Salze oder Freebase an Ihrem will.With die Unterst\u00fctzung von Smart-Modus - eine automatische Widerstandserkennung.do genie\u00dfen MTL &amp; RDL an Ihrem will!<\/p>\n<p><strong><font color=\"#ff7301\" size=\"4px\">Merkmale:<\/font><\/strong><br \/>1. Kompatibel mit 2ml Geekvape Q Pod Patrone<br \/>2. Eingebauter 1000mAh Akku<br \/>3. 5-25W Leistung<br \/>4. HD OLED-Bildschirm<br \/>5. Knopfz\u00fcndung und automatisches Ziehen<br \/>6. Luftstromkontrolle<br \/>7. Top-F\u00fcllsystem<br \/>8. Sowohl f\u00fcr MTL als auch f\u00fcr RDL<br \/>9. Schutz der Sicherheit<\/p>\n<p>Gr\u00f6\u00dfe: 110.9*25.7*13.5mm<br \/>Akku: 1000mAh eingebauter Akku<br \/>Leistungsbereich: 5-25W<br \/>Eingangsspannung: 3,2V-4,2V<br \/>Coil Resistance:0.6ohm(18-25W).0.8ohm(12-18W).1.2ohm(8-12W)<br \/>Ladespannung: 5V\/1A<br \/>Widerstandsbereich: 0.5-3.0ohm<br \/>Anzeige: HD OLED-Display LED-Anzeige auf der Taste<br \/>Fassungsverm\u00f6gen: 2ml<br \/>Art der F\u00fcllung: Obere F\u00fcllung<br \/>Kompatibel mit: Geekvape Q Pod-Patrone<br \/>Anweisungen zum Batteriestatus: Rotes Licht (70%)<br \/>Arbeitstemperatur:0-60C<br \/>\u00dcberstundenschutz: Wenn ein Puff l\u00e4nger als 10s\u00b11s dauert, blinkt das rote Licht 2 Mal und das Ger\u00e4t h\u00f6rt auf zu arbeiten.<br \/>Kurzschlussschutz: Rotes Licht blinkt 8 Mal und das Ger\u00e4t schaltet sich ab<br \/>Schutz bei niedrigem Batteriestand: Rotes Licht blinkt 5 Mal und das Ger\u00e4t wechselt nach 30 Sekunden in den Stand-by-Modus<\/p>\n<p><strong><font color=\"#ff7301\" size=\"4px\">Jedes Set enth\u00e4lt:<\/font><\/strong><br \/>1pc Geekvape Wenax Q Pod<br \/>1pc Geekvape Q Kartusche 0.6ohm<br \/>1pc Geekvape Q Kartusche 1.2ohm<br \/>1pc Typ-C Kabel<br \/>1St\u00fcck Benutzerhandbuch<\/p>\n<p><img decoding=\"async\" src=\"https:\/\/global-hookah.com\/wp-content\/uploads\/2024\/09\/geekvape-wenax-q-kit-22.jpg?w=1350&amp;h=626\" alt=\"Geekvape Wenax Q Pod System Kit\"><br \/><img decoding=\"async\" src=\"https:\/\/global-hookah.com\/wp-content\/uploads\/2024\/09\/geekvape-wenax-q-kit-21.jpg?w=1350&amp;h=214\" alt=\"Geekvape Wenax Q Pod System Kit\"><br \/><img decoding=\"async\" src=\"https:\/\/global-hookah.com\/wp-content\/uploads\/2024\/09\/geekvape-wenax-q-kit-23.jpg?w=1350&amp;h=449\" alt=\"Geekvape Wenax Q Pod System Kit\"><br \/><img decoding=\"async\" src=\"https:\/\/global-hookah.com\/wp-content\/uploads\/2024\/09\/geekvape-wenax-q-kit-24.jpg?w=1350&amp;h=539\" alt=\"Geekvape Wenax Q Pod System Kit\"><br \/><img decoding=\"async\" src=\"https:\/\/global-hookah.com\/wp-content\/uploads\/2024\/09\/geekvape-wenax-q-kit-25.jpg?w=1350&amp;h=565\" alt=\"Geekvape Wenax Q Pod System Kit\"><br \/><img decoding=\"async\" src=\"https:\/\/global-hookah.com\/wp-content\/uploads\/2024\/09\/geekvape-wenax-q-kit-26.jpg?w=1350&amp;h=518\" alt=\"Geekvape Wenax Q Pod System Kit\"><br \/><img decoding=\"async\" src=\"https:\/\/global-hookah.com\/wp-content\/uploads\/2024\/09\/geekvape-wenax-q-kit-27.jpg?w=1350&amp;h=583\" alt=\"Geekvape Wenax Q Pod System Kit\"><br \/><img decoding=\"async\" src=\"https:\/\/global-hookah.com\/wp-content\/uploads\/2024\/09\/geekvape-wenax-q-kit-28.jpg?w=1350&amp;h=554\" alt=\"Geekvape Wenax Q Pod System Kit\"><br \/><img decoding=\"async\" src=\"https:\/\/global-hookah.com\/wp-content\/uploads\/2024\/09\/geekvape-wenax-q-kit-29.jpg?w=1350&amp;h=458\" alt=\"Geekvape Wenax Q Pod System Kit\"><\/p>\n<p><\/p>","protected":false},"excerpt":{"rendered":"<p>Die Geekvape Wenax Q Pod kann Benutzer-Erfahrung-basierte konzipiert Pod-System bringt au\u00dfergew\u00f6hnliche vape Erfahrung mit einer pr\u00e4zisen 3-Level-Luftstrom<\/p>","protected":false},"featured_media":30032,"comment_status":"closed","ping_status":"closed","template":"","meta":{"iawp_total_views":3,"_joinchat":[]},"product_brand":[],"product_cat":[415],"product_tag":[],"class_list":{"0":"post-29163","1":"product","2":"type-product","3":"status-publish","4":"has-post-thumbnail","6":"product_cat-accessories","8":"first","9":"instock","10":"sale","11":"shipping-taxable","12":"purchasable","13":"product-type-variable"},"yoast_head":"<!-- This site is optimized with the Yoast SEO Premium plugin v24.7 (Yoast SEO v26.8) - https:\/\/yoast.com\/product\/yoast-seo-premium-wordpress\/ -->\n<title>Global-CN02 Geekvape Wenax Q Pod System Kit 1000mAh 2ml - Global Hookah<\/title>\n<meta name=\"robots\" content=\"index, follow, max-snippet:-1, max-image-preview:large, max-video-preview:-1\" \/>\n<link rel=\"canonical\" href=\"https:\/\/global-hookah.com\/de\/produkt\/global-cn02-geekvape-wenax-q-pod-system-kit-1000mah-2ml\/\" \/>\n<meta property=\"og:locale\" content=\"de_DE\" \/>\n<meta property=\"og:type\" content=\"article\" \/>\n<meta property=\"og:title\" content=\"Global-CN02 Geekvape Wenax Q Pod System Kit 1000mAh 2ml\" \/>\n<meta property=\"og:description\" content=\"The Geekvape Wenax Q Pod can give user-experience-based designed pod system brings extraordinary vape experience with a precise 3-level airflow\" \/>\n<meta property=\"og:url\" content=\"https:\/\/global-hookah.com\/de\/produkt\/global-cn02-geekvape-wenax-q-pod-system-kit-1000mah-2ml\/\" \/>\n<meta property=\"og:site_name\" content=\"Global Hookah\" \/>\n<meta property=\"article:modified_time\" content=\"2024-09-27T02:54:00+00:00\" \/>\n<meta property=\"og:image\" content=\"https:\/\/global-hookah.com\/wp-content\/uploads\/2024\/09\/geekvape-wenax-q-pod-kit-1.jpg\" \/>\n\t<meta property=\"og:image:width\" content=\"800\" \/>\n\t<meta property=\"og:image:height\" content=\"800\" \/>\n\t<meta property=\"og:image:type\" content=\"image\/jpeg\" \/>\n<meta name=\"twitter:card\" content=\"summary_large_image\" \/>\n<meta name=\"twitter:label1\" content=\"Gesch\u00e4tzte Lesezeit\" \/>\n\t<meta name=\"twitter:data1\" content=\"1\u00a0Minute\" \/>\n<script type=\"application\/ld+json\" class=\"yoast-schema-graph\">{\"@context\":\"https:\/\/schema.org\",\"@graph\":[{\"@type\":\"WebPage\",\"@id\":\"https:\/\/global-hookah.com\/product\/global-cn02-geekvape-wenax-q-pod-system-kit-1000mah-2ml\/\",\"url\":\"https:\/\/global-hookah.com\/product\/global-cn02-geekvape-wenax-q-pod-system-kit-1000mah-2ml\/\",\"name\":\"Global-CN02 Geekvape Wenax Q Pod System Kit 1000mAh 2ml - Global Hookah\",\"isPartOf\":{\"@id\":\"https:\/\/global-hookah.com\/#website\"},\"primaryImageOfPage\":{\"@id\":\"https:\/\/global-hookah.com\/product\/global-cn02-geekvape-wenax-q-pod-system-kit-1000mah-2ml\/#primaryimage\"},\"image\":{\"@id\":\"https:\/\/global-hookah.com\/product\/global-cn02-geekvape-wenax-q-pod-system-kit-1000mah-2ml\/#primaryimage\"},\"thumbnailUrl\":\"https:\/\/global-hookah.com\/wp-content\/uploads\/2024\/09\/geekvape-wenax-q-pod-kit-1.jpg\",\"datePublished\":\"2024-09-27T02:11:40+00:00\",\"dateModified\":\"2024-09-27T02:54:00+00:00\",\"breadcrumb\":{\"@id\":\"https:\/\/global-hookah.com\/product\/global-cn02-geekvape-wenax-q-pod-system-kit-1000mah-2ml\/#breadcrumb\"},\"inLanguage\":\"de\",\"potentialAction\":[{\"@type\":\"ReadAction\",\"target\":[\"https:\/\/global-hookah.com\/product\/global-cn02-geekvape-wenax-q-pod-system-kit-1000mah-2ml\/\"]}]},{\"@type\":\"ImageObject\",\"inLanguage\":\"de\",\"@id\":\"https:\/\/global-hookah.com\/product\/global-cn02-geekvape-wenax-q-pod-system-kit-1000mah-2ml\/#primaryimage\",\"url\":\"https:\/\/global-hookah.com\/wp-content\/uploads\/2024\/09\/geekvape-wenax-q-pod-kit-1.jpg\",\"contentUrl\":\"https:\/\/global-hookah.com\/wp-content\/uploads\/2024\/09\/geekvape-wenax-q-pod-kit-1.jpg\",\"width\":800,\"height\":800},{\"@type\":\"BreadcrumbList\",\"@id\":\"https:\/\/global-hookah.com\/product\/global-cn02-geekvape-wenax-q-pod-system-kit-1000mah-2ml\/#breadcrumb\",\"itemListElement\":[{\"@type\":\"ListItem\",\"position\":1,\"name\":\"Home\",\"item\":\"https:\/\/global-hookah.com\/\"},{\"@type\":\"ListItem\",\"position\":2,\"name\":\"Shop\",\"item\":\"https:\/\/global-hookah.com\/shop\/\"},{\"@type\":\"ListItem\",\"position\":3,\"name\":\"Global-CN02 Geekvape Wenax Q Pod System Kit 1000mAh 2ml\"}]},{\"@type\":\"WebSite\",\"@id\":\"https:\/\/global-hookah.com\/#website\",\"url\":\"https:\/\/global-hookah.com\/\",\"name\":\"Global Hookah\",\"description\":\"Global Hookah\",\"publisher\":{\"@id\":\"https:\/\/global-hookah.com\/#organization\"},\"potentialAction\":[{\"@type\":\"SearchAction\",\"target\":{\"@type\":\"EntryPoint\",\"urlTemplate\":\"https:\/\/global-hookah.com\/?s={search_term_string}\"},\"query-input\":{\"@type\":\"PropertyValueSpecification\",\"valueRequired\":true,\"valueName\":\"search_term_string\"}}],\"inLanguage\":\"de\"},{\"@type\":\"Organization\",\"@id\":\"https:\/\/global-hookah.com\/#organization\",\"name\":\"Global Hookah\",\"url\":\"https:\/\/global-hookah.com\/\",\"logo\":{\"@type\":\"ImageObject\",\"inLanguage\":\"de\",\"@id\":\"https:\/\/global-hookah.com\/#\/schema\/logo\/image\/\",\"url\":\"https:\/\/global-hookah.com\/wp-content\/uploads\/2021\/10\/cropped-fgg.png\",\"contentUrl\":\"https:\/\/global-hookah.com\/wp-content\/uploads\/2021\/10\/cropped-fgg.png\",\"width\":512,\"height\":512,\"caption\":\"Global Hookah\"},\"image\":{\"@id\":\"https:\/\/global-hookah.com\/#\/schema\/logo\/image\/\"}}]}<\/script>\n<!-- \/ Yoast SEO Premium plugin. -->","yoast_head_json":{"title":"Global-CN02 Geekvape Wenax Q Pod System Kit 1000mAh 2ml - Global Hookah","robots":{"index":"index","follow":"follow","max-snippet":"max-snippet:-1","max-image-preview":"max-image-preview:large","max-video-preview":"max-video-preview:-1"},"canonical":"https:\/\/global-hookah.com\/de\/produkt\/global-cn02-geekvape-wenax-q-pod-system-kit-1000mah-2ml\/","og_locale":"de_DE","og_type":"article","og_title":"Global-CN02 Geekvape Wenax Q Pod System Kit 1000mAh 2ml","og_description":"The Geekvape Wenax Q Pod can give user-experience-based designed pod system brings extraordinary vape experience with a precise 3-level airflow","og_url":"https:\/\/global-hookah.com\/de\/produkt\/global-cn02-geekvape-wenax-q-pod-system-kit-1000mah-2ml\/","og_site_name":"Global Hookah","article_modified_time":"2024-09-27T02:54:00+00:00","og_image":[{"width":800,"height":800,"url":"https:\/\/global-hookah.com\/wp-content\/uploads\/2024\/09\/geekvape-wenax-q-pod-kit-1.jpg","type":"image\/jpeg"}],"twitter_card":"summary_large_image","twitter_misc":{"Gesch\u00e4tzte Lesezeit":"1\u00a0Minute"},"schema":{"@context":"https:\/\/schema.org","@graph":[{"@type":"WebPage","@id":"https:\/\/global-hookah.com\/product\/global-cn02-geekvape-wenax-q-pod-system-kit-1000mah-2ml\/","url":"https:\/\/global-hookah.com\/product\/global-cn02-geekvape-wenax-q-pod-system-kit-1000mah-2ml\/","name":"Global-CN02 Geekvape Wenax Q Pod System Kit 1000mAh 2ml - Global Hookah","isPartOf":{"@id":"https:\/\/global-hookah.com\/#website"},"primaryImageOfPage":{"@id":"https:\/\/global-hookah.com\/product\/global-cn02-geekvape-wenax-q-pod-system-kit-1000mah-2ml\/#primaryimage"},"image":{"@id":"https:\/\/global-hookah.com\/product\/global-cn02-geekvape-wenax-q-pod-system-kit-1000mah-2ml\/#primaryimage"},"thumbnailUrl":"https:\/\/global-hookah.com\/wp-content\/uploads\/2024\/09\/geekvape-wenax-q-pod-kit-1.jpg","datePublished":"2024-09-27T02:11:40+00:00","dateModified":"2024-09-27T02:54:00+00:00","breadcrumb":{"@id":"https:\/\/global-hookah.com\/product\/global-cn02-geekvape-wenax-q-pod-system-kit-1000mah-2ml\/#breadcrumb"},"inLanguage":"de","potentialAction":[{"@type":"ReadAction","target":["https:\/\/global-hookah.com\/product\/global-cn02-geekvape-wenax-q-pod-system-kit-1000mah-2ml\/"]}]},{"@type":"ImageObject","inLanguage":"de","@id":"https:\/\/global-hookah.com\/product\/global-cn02-geekvape-wenax-q-pod-system-kit-1000mah-2ml\/#primaryimage","url":"https:\/\/global-hookah.com\/wp-content\/uploads\/2024\/09\/geekvape-wenax-q-pod-kit-1.jpg","contentUrl":"https:\/\/global-hookah.com\/wp-content\/uploads\/2024\/09\/geekvape-wenax-q-pod-kit-1.jpg","width":800,"height":800},{"@type":"BreadcrumbList","@id":"https:\/\/global-hookah.com\/product\/global-cn02-geekvape-wenax-q-pod-system-kit-1000mah-2ml\/#breadcrumb","itemListElement":[{"@type":"ListItem","position":1,"name":"Home","item":"https:\/\/global-hookah.com\/"},{"@type":"ListItem","position":2,"name":"Shop","item":"https:\/\/global-hookah.com\/shop\/"},{"@type":"ListItem","position":3,"name":"Global-CN02 Geekvape Wenax Q Pod System Kit 1000mAh 2ml"}]},{"@type":"WebSite","@id":"https:\/\/global-hookah.com\/#website","url":"https:\/\/global-hookah.com\/","name":"Globale Wasserpfeife","description":"Globale Wasserpfeife","publisher":{"@id":"https:\/\/global-hookah.com\/#organization"},"potentialAction":[{"@type":"SearchAction","target":{"@type":"EntryPoint","urlTemplate":"https:\/\/global-hookah.com\/?s={search_term_string}"},"query-input":{"@type":"PropertyValueSpecification","valueRequired":true,"valueName":"search_term_string"}}],"inLanguage":"de"},{"@type":"Organization","@id":"https:\/\/global-hookah.com\/#organization","name":"Globale Wasserpfeife","url":"https:\/\/global-hookah.com\/","logo":{"@type":"ImageObject","inLanguage":"de","@id":"https:\/\/global-hookah.com\/#\/schema\/logo\/image\/","url":"https:\/\/global-hookah.com\/wp-content\/uploads\/2021\/10\/cropped-fgg.png","contentUrl":"https:\/\/global-hookah.com\/wp-content\/uploads\/2021\/10\/cropped-fgg.png","width":512,"height":512,"caption":"Global Hookah"},"image":{"@id":"https:\/\/global-hookah.com\/#\/schema\/logo\/image\/"}}]}},"_links":{"self":[{"href":"https:\/\/global-hookah.com\/de\/wp-json\/wp\/v2\/product\/29163","targetHints":{"allow":["GET"]}}],"collection":[{"href":"https:\/\/global-hookah.com\/de\/wp-json\/wp\/v2\/product"}],"about":[{"href":"https:\/\/global-hookah.com\/de\/wp-json\/wp\/v2\/types\/product"}],"replies":[{"embeddable":true,"href":"https:\/\/global-hookah.com\/de\/wp-json\/wp\/v2\/comments?post=29163"}],"version-history":[{"count":0,"href":"https:\/\/global-hookah.com\/de\/wp-json\/wp\/v2\/product\/29163\/revisions"}],"wp:featuredmedia":[{"embeddable":true,"href":"https:\/\/global-hookah.com\/de\/wp-json\/wp\/v2\/media\/30032"}],"wp:attachment":[{"href":"https:\/\/global-hookah.com\/de\/wp-json\/wp\/v2\/media?parent=29163"}],"wp:term":[{"taxonomy":"product_brand","embeddable":true,"href":"https:\/\/global-hookah.com\/de\/wp-json\/wp\/v2\/product_brand?post=29163"},{"taxonomy":"product_cat","embeddable":true,"href":"https:\/\/global-hookah.com\/de\/wp-json\/wp\/v2\/product_cat?post=29163"},{"taxonomy":"product_tag","embeddable":true,"href":"https:\/\/global-hookah.com\/de\/wp-json\/wp\/v2\/product_tag?post=29163"}],"curies":[{"name":"wp","href":"https:\/\/api.w.org\/{rel}","templated":true}]}}