{"id":29180,"date":"2024-09-27T02:11:42","date_gmt":"2024-09-27T02:11:42","guid":{"rendered":"https:\/\/global-hookah.com\/product\/global-cn02-voopoo-argus-g2-pod-system-kit-1000mah-3ml\/"},"modified":"2024-09-27T02:54:01","modified_gmt":"2024-09-27T02:54:01","slug":"global-cn02-voopoo-argus-g2-pod-system-kit-1000mah-3ml","status":"publish","type":"product","link":"https:\/\/global-hookah.com\/de\/produkt\/global-cn02-voopoo-argus-g2-pod-system-kit-1000mah-3ml\/","title":{"rendered":"Global-CN02 VOOPOO Argus G2 Pod System Kit 1000mAh 3ml"},"content":{"rendered":"<p>Argus G2 setzt die glatte FLV und das Gef\u00fchl von Argus G fort und bietet gleichzeitig flexible und lustige interaktive Funktionen. Es bietet 3 UI-Schnittstelle Entscheidungen und pr\u00e4sentiert 3 Animationen einschlie\u00dflich Flammen. fliegende Untertassen. und bunte Tassen mit 3 Leistungsregelung Modi (Smart. Super. und ECO).  Argus G2 Kit kommt mit einem vollst\u00e4ndig aktualisierten neuen Patrone. die Argus Top Fill Cartridge, die eine 3ml Kapazit\u00e4t verf\u00fcgt. 30 Tage ohne Leckage. 90ml Lebensdauer der Spule.  Au\u00dferdem ist es auch kompatibel mit Argus Pod Familie Ger\u00e4te (Side-Fill Argus Pod 1,2ohm\/0,7ohm).  Entworfen mit iCOSM CODE. VOOPOO Argus G2 wird Ihnen ein vielf\u00e4ltiges Dampferlebnis von MTL bis RDL bieten.  Ausgestattet mit 1000mAh eingebauten Akku. es kann lang anhaltende Leistung f\u00fcr bis zu 30W bieten.<\/p>\n<p><strong><font color=\"#202e78\" size=\"4px\">Pod-Parameter:<\/font><\/strong><br \/>Fassungsverm\u00f6gen: 3,0ml \/ 2,0ml (TPD)<br \/>Material: PCTG<br \/>Widerstand: 0.4ohm \/ 0.7ohm<br \/>Empfohlene E-LQ: NCT \u226450 mg<\/p>\n<p><strong><font color=\"#202e78\" size=\"4px\">Ger\u00e4teparameter:<\/font><\/strong><br \/>Material: Zink-Legierung + PC<br \/>Gr\u00f6\u00dfe: 121*26,4*15,2 mm (Standard)<br \/>116*26,4*15,2 mm (TPD)<br \/>Ausgangsleistung: 5-30 W<br \/>Ausgangsspannung: 3,2-4,2 V<br \/>Widerstand: 0.4-3.0ohm<br \/>Akkukapazit\u00e4t: 1000 mAh Eingebauter Akku<\/p>\n<p>Marke: VOOPOO<br \/>Einheit: 1 Satz<br \/>Verpackung: Geschenkbox<\/p>\n<p><strong><font color=\"#202e78\" size=\"4px\">Jedes Set enth\u00e4lt:<\/font><\/strong><br \/>1St\u00fcck Argus G2 Ger\u00e4t<br \/>1pc Argus Top Fill Kartusche 0.4ohm (3ml)<br \/>1pc Argus Top Fill Kartusche 0.7ohm (3ml)<br \/>1pc Typ-C Kabel<br \/>1St\u00fcck Benutzerhandbuch<br \/>1St\u00fcck Schl\u00fcsselband<\/p>\n<p><img decoding=\"async\" src=\"https:\/\/global-hookah.com\/wp-content\/uploads\/2024\/09\/Argus-G2-Pod-Kit-11.jpg?w=1248&amp;h=658\" alt=\"VOOPOO Argus G2 Kit\"><br \/><img decoding=\"async\" src=\"https:\/\/global-hookah.com\/wp-content\/uploads\/2024\/09\/Argus-G2-Pod-Kit-12.jpg?w=1248&amp;h=506\" alt=\"VOOPOO Argus G2 Kit\"><br \/><img decoding=\"async\" src=\"https:\/\/global-hookah.com\/wp-content\/uploads\/2024\/09\/Argus-G2-Pod-Kit-13.jpg?w=1248&amp;h=460\" alt=\"VOOPOO Argus G2 Kit\"><br \/><img decoding=\"async\" src=\"https:\/\/global-hookah.com\/wp-content\/uploads\/2024\/09\/Argus-G2-Pod-Kit-14.jpg?w=1248&amp;h=506\" alt=\"VOOPOO Argus G2 Kit\"><br \/><img decoding=\"async\" src=\"https:\/\/global-hookah.com\/wp-content\/uploads\/2024\/09\/Argus-G2-Pod-Kit-15.jpg?w=1248&amp;h=685\" alt=\"VOOPOO Argus G2 Kit\"><br \/><img decoding=\"async\" src=\"https:\/\/global-hookah.com\/wp-content\/uploads\/2024\/09\/Argus-G2-Pod-Kit-16.jpg?w=1248&amp;h=458\" alt=\"VOOPOO Argus G2 Kit\"><\/p>\n<p><\/p>","protected":false},"excerpt":{"rendered":"<p>Argus G2 setzt das fl\u00fcssige FLV und die Haptik von Argus G fort und bietet gleichzeitig flexible und unterhaltsame interaktive Funktionen. Es bietet<\/p>","protected":false},"featured_media":30060,"comment_status":"closed","ping_status":"closed","template":"","meta":{"iawp_total_views":3,"_joinchat":[]},"product_brand":[],"product_cat":[415],"product_tag":[],"class_list":{"0":"post-29180","1":"product","2":"type-product","3":"status-publish","4":"has-post-thumbnail","6":"product_cat-accessories","8":"first","9":"instock","10":"sale","11":"shipping-taxable","12":"purchasable","13":"product-type-variable"},"yoast_head":"<!-- This site is optimized with the Yoast SEO Premium plugin v24.7 (Yoast SEO v26.8) - https:\/\/yoast.com\/product\/yoast-seo-premium-wordpress\/ -->\n<title>Global-CN02 VOOPOO Argus G2 Pod System Kit 1000mAh 3ml - Global Hookah<\/title>\n<meta name=\"robots\" content=\"index, follow, max-snippet:-1, max-image-preview:large, max-video-preview:-1\" \/>\n<link rel=\"canonical\" href=\"https:\/\/global-hookah.com\/de\/produkt\/global-cn02-voopoo-argus-g2-pod-system-kit-1000mah-3ml\/\" \/>\n<meta property=\"og:locale\" content=\"de_DE\" \/>\n<meta property=\"og:type\" content=\"article\" \/>\n<meta property=\"og:title\" content=\"Global-CN02 VOOPOO Argus G2 Pod System Kit 1000mAh 3ml\" \/>\n<meta property=\"og:description\" content=\"Argus G2 continues the smooth FLV and feel of Argus G while delivering flexible and fun interactive features. It provides\" \/>\n<meta property=\"og:url\" content=\"https:\/\/global-hookah.com\/de\/produkt\/global-cn02-voopoo-argus-g2-pod-system-kit-1000mah-3ml\/\" \/>\n<meta property=\"og:site_name\" content=\"Global Hookah\" \/>\n<meta property=\"article:modified_time\" content=\"2024-09-27T02:54:01+00:00\" \/>\n<meta property=\"og:image\" content=\"https:\/\/global-hookah.com\/wp-content\/uploads\/2024\/09\/Argus-G2-Pod-Kit-a1.jpg\" \/>\n\t<meta property=\"og:image:width\" content=\"800\" \/>\n\t<meta property=\"og:image:height\" content=\"800\" \/>\n\t<meta property=\"og:image:type\" content=\"image\/jpeg\" \/>\n<meta name=\"twitter:card\" content=\"summary_large_image\" \/>\n<meta name=\"twitter:label1\" content=\"Gesch\u00e4tzte Lesezeit\" \/>\n\t<meta name=\"twitter:data1\" content=\"1\u00a0Minute\" \/>\n<script type=\"application\/ld+json\" class=\"yoast-schema-graph\">{\"@context\":\"https:\/\/schema.org\",\"@graph\":[{\"@type\":\"WebPage\",\"@id\":\"https:\/\/global-hookah.com\/product\/global-cn02-voopoo-argus-g2-pod-system-kit-1000mah-3ml\/\",\"url\":\"https:\/\/global-hookah.com\/product\/global-cn02-voopoo-argus-g2-pod-system-kit-1000mah-3ml\/\",\"name\":\"Global-CN02 VOOPOO Argus G2 Pod System Kit 1000mAh 3ml - Global Hookah\",\"isPartOf\":{\"@id\":\"https:\/\/global-hookah.com\/#website\"},\"primaryImageOfPage\":{\"@id\":\"https:\/\/global-hookah.com\/product\/global-cn02-voopoo-argus-g2-pod-system-kit-1000mah-3ml\/#primaryimage\"},\"image\":{\"@id\":\"https:\/\/global-hookah.com\/product\/global-cn02-voopoo-argus-g2-pod-system-kit-1000mah-3ml\/#primaryimage\"},\"thumbnailUrl\":\"https:\/\/global-hookah.com\/wp-content\/uploads\/2024\/09\/Argus-G2-Pod-Kit-a1.jpg\",\"datePublished\":\"2024-09-27T02:11:42+00:00\",\"dateModified\":\"2024-09-27T02:54:01+00:00\",\"breadcrumb\":{\"@id\":\"https:\/\/global-hookah.com\/product\/global-cn02-voopoo-argus-g2-pod-system-kit-1000mah-3ml\/#breadcrumb\"},\"inLanguage\":\"de\",\"potentialAction\":[{\"@type\":\"ReadAction\",\"target\":[\"https:\/\/global-hookah.com\/product\/global-cn02-voopoo-argus-g2-pod-system-kit-1000mah-3ml\/\"]}]},{\"@type\":\"ImageObject\",\"inLanguage\":\"de\",\"@id\":\"https:\/\/global-hookah.com\/product\/global-cn02-voopoo-argus-g2-pod-system-kit-1000mah-3ml\/#primaryimage\",\"url\":\"https:\/\/global-hookah.com\/wp-content\/uploads\/2024\/09\/Argus-G2-Pod-Kit-a1.jpg\",\"contentUrl\":\"https:\/\/global-hookah.com\/wp-content\/uploads\/2024\/09\/Argus-G2-Pod-Kit-a1.jpg\",\"width\":800,\"height\":800},{\"@type\":\"BreadcrumbList\",\"@id\":\"https:\/\/global-hookah.com\/product\/global-cn02-voopoo-argus-g2-pod-system-kit-1000mah-3ml\/#breadcrumb\",\"itemListElement\":[{\"@type\":\"ListItem\",\"position\":1,\"name\":\"Home\",\"item\":\"https:\/\/global-hookah.com\/\"},{\"@type\":\"ListItem\",\"position\":2,\"name\":\"Shop\",\"item\":\"https:\/\/global-hookah.com\/shop\/\"},{\"@type\":\"ListItem\",\"position\":3,\"name\":\"Global-CN02 VOOPOO Argus G2 Pod System Kit 1000mAh 3ml\"}]},{\"@type\":\"WebSite\",\"@id\":\"https:\/\/global-hookah.com\/#website\",\"url\":\"https:\/\/global-hookah.com\/\",\"name\":\"Global Hookah\",\"description\":\"Global Hookah\",\"publisher\":{\"@id\":\"https:\/\/global-hookah.com\/#organization\"},\"potentialAction\":[{\"@type\":\"SearchAction\",\"target\":{\"@type\":\"EntryPoint\",\"urlTemplate\":\"https:\/\/global-hookah.com\/?s={search_term_string}\"},\"query-input\":{\"@type\":\"PropertyValueSpecification\",\"valueRequired\":true,\"valueName\":\"search_term_string\"}}],\"inLanguage\":\"de\"},{\"@type\":\"Organization\",\"@id\":\"https:\/\/global-hookah.com\/#organization\",\"name\":\"Global Hookah\",\"url\":\"https:\/\/global-hookah.com\/\",\"logo\":{\"@type\":\"ImageObject\",\"inLanguage\":\"de\",\"@id\":\"https:\/\/global-hookah.com\/#\/schema\/logo\/image\/\",\"url\":\"https:\/\/global-hookah.com\/wp-content\/uploads\/2021\/10\/cropped-fgg.png\",\"contentUrl\":\"https:\/\/global-hookah.com\/wp-content\/uploads\/2021\/10\/cropped-fgg.png\",\"width\":512,\"height\":512,\"caption\":\"Global Hookah\"},\"image\":{\"@id\":\"https:\/\/global-hookah.com\/#\/schema\/logo\/image\/\"}}]}<\/script>\n<!-- \/ Yoast SEO Premium plugin. -->","yoast_head_json":{"title":"Global-CN02 VOOPOO Argus G2 Pod System Kit 1000mAh 3ml - Global Hookah","robots":{"index":"index","follow":"follow","max-snippet":"max-snippet:-1","max-image-preview":"max-image-preview:large","max-video-preview":"max-video-preview:-1"},"canonical":"https:\/\/global-hookah.com\/de\/produkt\/global-cn02-voopoo-argus-g2-pod-system-kit-1000mah-3ml\/","og_locale":"de_DE","og_type":"article","og_title":"Global-CN02 VOOPOO Argus G2 Pod System Kit 1000mAh 3ml","og_description":"Argus G2 continues the smooth FLV and feel of Argus G while delivering flexible and fun interactive features. It provides","og_url":"https:\/\/global-hookah.com\/de\/produkt\/global-cn02-voopoo-argus-g2-pod-system-kit-1000mah-3ml\/","og_site_name":"Global Hookah","article_modified_time":"2024-09-27T02:54:01+00:00","og_image":[{"width":800,"height":800,"url":"https:\/\/global-hookah.com\/wp-content\/uploads\/2024\/09\/Argus-G2-Pod-Kit-a1.jpg","type":"image\/jpeg"}],"twitter_card":"summary_large_image","twitter_misc":{"Gesch\u00e4tzte Lesezeit":"1\u00a0Minute"},"schema":{"@context":"https:\/\/schema.org","@graph":[{"@type":"WebPage","@id":"https:\/\/global-hookah.com\/product\/global-cn02-voopoo-argus-g2-pod-system-kit-1000mah-3ml\/","url":"https:\/\/global-hookah.com\/product\/global-cn02-voopoo-argus-g2-pod-system-kit-1000mah-3ml\/","name":"Global-CN02 VOOPOO Argus G2 Pod System Kit 1000mAh 3ml - Global Hookah","isPartOf":{"@id":"https:\/\/global-hookah.com\/#website"},"primaryImageOfPage":{"@id":"https:\/\/global-hookah.com\/product\/global-cn02-voopoo-argus-g2-pod-system-kit-1000mah-3ml\/#primaryimage"},"image":{"@id":"https:\/\/global-hookah.com\/product\/global-cn02-voopoo-argus-g2-pod-system-kit-1000mah-3ml\/#primaryimage"},"thumbnailUrl":"https:\/\/global-hookah.com\/wp-content\/uploads\/2024\/09\/Argus-G2-Pod-Kit-a1.jpg","datePublished":"2024-09-27T02:11:42+00:00","dateModified":"2024-09-27T02:54:01+00:00","breadcrumb":{"@id":"https:\/\/global-hookah.com\/product\/global-cn02-voopoo-argus-g2-pod-system-kit-1000mah-3ml\/#breadcrumb"},"inLanguage":"de","potentialAction":[{"@type":"ReadAction","target":["https:\/\/global-hookah.com\/product\/global-cn02-voopoo-argus-g2-pod-system-kit-1000mah-3ml\/"]}]},{"@type":"ImageObject","inLanguage":"de","@id":"https:\/\/global-hookah.com\/product\/global-cn02-voopoo-argus-g2-pod-system-kit-1000mah-3ml\/#primaryimage","url":"https:\/\/global-hookah.com\/wp-content\/uploads\/2024\/09\/Argus-G2-Pod-Kit-a1.jpg","contentUrl":"https:\/\/global-hookah.com\/wp-content\/uploads\/2024\/09\/Argus-G2-Pod-Kit-a1.jpg","width":800,"height":800},{"@type":"BreadcrumbList","@id":"https:\/\/global-hookah.com\/product\/global-cn02-voopoo-argus-g2-pod-system-kit-1000mah-3ml\/#breadcrumb","itemListElement":[{"@type":"ListItem","position":1,"name":"Home","item":"https:\/\/global-hookah.com\/"},{"@type":"ListItem","position":2,"name":"Shop","item":"https:\/\/global-hookah.com\/shop\/"},{"@type":"ListItem","position":3,"name":"Global-CN02 VOOPOO Argus G2 Pod System Kit 1000mAh 3ml"}]},{"@type":"WebSite","@id":"https:\/\/global-hookah.com\/#website","url":"https:\/\/global-hookah.com\/","name":"Globale Wasserpfeife","description":"Globale Wasserpfeife","publisher":{"@id":"https:\/\/global-hookah.com\/#organization"},"potentialAction":[{"@type":"SearchAction","target":{"@type":"EntryPoint","urlTemplate":"https:\/\/global-hookah.com\/?s={search_term_string}"},"query-input":{"@type":"PropertyValueSpecification","valueRequired":true,"valueName":"search_term_string"}}],"inLanguage":"de"},{"@type":"Organization","@id":"https:\/\/global-hookah.com\/#organization","name":"Globale Wasserpfeife","url":"https:\/\/global-hookah.com\/","logo":{"@type":"ImageObject","inLanguage":"de","@id":"https:\/\/global-hookah.com\/#\/schema\/logo\/image\/","url":"https:\/\/global-hookah.com\/wp-content\/uploads\/2021\/10\/cropped-fgg.png","contentUrl":"https:\/\/global-hookah.com\/wp-content\/uploads\/2021\/10\/cropped-fgg.png","width":512,"height":512,"caption":"Global Hookah"},"image":{"@id":"https:\/\/global-hookah.com\/#\/schema\/logo\/image\/"}}]}},"_links":{"self":[{"href":"https:\/\/global-hookah.com\/de\/wp-json\/wp\/v2\/product\/29180","targetHints":{"allow":["GET"]}}],"collection":[{"href":"https:\/\/global-hookah.com\/de\/wp-json\/wp\/v2\/product"}],"about":[{"href":"https:\/\/global-hookah.com\/de\/wp-json\/wp\/v2\/types\/product"}],"replies":[{"embeddable":true,"href":"https:\/\/global-hookah.com\/de\/wp-json\/wp\/v2\/comments?post=29180"}],"version-history":[{"count":0,"href":"https:\/\/global-hookah.com\/de\/wp-json\/wp\/v2\/product\/29180\/revisions"}],"wp:featuredmedia":[{"embeddable":true,"href":"https:\/\/global-hookah.com\/de\/wp-json\/wp\/v2\/media\/30060"}],"wp:attachment":[{"href":"https:\/\/global-hookah.com\/de\/wp-json\/wp\/v2\/media?parent=29180"}],"wp:term":[{"taxonomy":"product_brand","embeddable":true,"href":"https:\/\/global-hookah.com\/de\/wp-json\/wp\/v2\/product_brand?post=29180"},{"taxonomy":"product_cat","embeddable":true,"href":"https:\/\/global-hookah.com\/de\/wp-json\/wp\/v2\/product_cat?post=29180"},{"taxonomy":"product_tag","embeddable":true,"href":"https:\/\/global-hookah.com\/de\/wp-json\/wp\/v2\/product_tag?post=29180"}],"curies":[{"name":"wp","href":"https:\/\/api.w.org\/{rel}","templated":true}]}}