{"id":30279,"date":"2024-09-29T01:33:45","date_gmt":"2024-09-29T01:33:45","guid":{"rendered":"https:\/\/global-hookah.com\/product\/wooden-4-layer-high-grade-and-aluminum-alloy-herb-grinder-wholesale\/"},"modified":"2024-10-16T09:04:06","modified_gmt":"2024-10-16T09:04:06","slug":"wooden-4-layer-high-grade-and-aluminum-alloy-herb-grinder-wholesale","status":"publish","type":"product","link":"https:\/\/global-hookah.com\/de\/produkt\/wooden-4-layer-high-grade-and-aluminum-alloy-herb-grinder-wholesale\/","title":{"rendered":"H\u00f6lzerne 4 Schicht High-Grade und Aluminiumlegierung Kr\u00e4uterm\u00fchle Gro\u00dfhandel"},"content":{"rendered":"<p>Weil wir ausschlie\u00dflich nat\u00fcrliches Holz f\u00fcr diese <strong>H\u00f6lzerne 4-Schicht-Hochschleifmaschine<\/strong>Er bietet ein sehr komfortables Gef\u00fchl, vor allem das vierteilige Design, das Cannabisliebhabern hilft, Cannabis besser zu sichten und zu sammeln.<\/p>\n<p>Diese<strong> H\u00f6lzerne 4-Schicht-Schleifer<\/strong> Die ultrascharfen, diamantf\u00f6rmigen Metallz\u00e4hne in Luftfahrtqualit\u00e4t zermahlen Cannabis m\u00fchelos zu der perfekten, glatten Konsistenz, die Sie w\u00fcnschen. Du verschwendest keine Zeit mehr mit minderwertigen Produkten, und die \u00fcbergro\u00dfe untere Kammer kann mehr Kief und Kr\u00e4uterfragmente aufnehmen.<\/p>\n<p><img decoding=\"async\" src=\"https:\/\/ae01.alicdn.com\/kf\/Sc2192a51918d4bc8b32869db2e897d02O.jpg\" \/><img decoding=\"async\" src=\"https:\/\/ae01.alicdn.com\/kf\/Sb66b18435c5e48e6821b4aa3a407d257K.jpg\" \/><img decoding=\"async\" src=\"https:\/\/ae01.alicdn.com\/kf\/S42f3ff9401234dac804c7717afcfa61bT.jpg\" \/><img decoding=\"async\" src=\"https:\/\/ae01.alicdn.com\/kf\/S2d4e32c1f1ba41eb93cba2d209a2ad74i.jpg\" \/><img decoding=\"async\" src=\"https:\/\/ae01.alicdn.com\/kf\/Sdaa9270fff2c4ada880ac3542570dd69Z.jpg\" \/><\/p>","protected":false},"excerpt":{"rendered":"<p>Da wir f\u00fcr diesen 4-Schicht-Hochgrill aus Holz ausschlie\u00dflich nat\u00fcrliches Holz verwenden, kann er Ihnen ein sehr angenehmes Gef\u00fchl vermitteln, insbesondere<\/p>","protected":false},"featured_media":30280,"comment_status":"closed","ping_status":"closed","template":"","meta":{"iawp_total_views":1,"_joinchat":[]},"product_brand":[],"product_cat":[894,770],"product_tag":[],"class_list":{"0":"post-30279","1":"product","2":"type-product","3":"status-publish","4":"has-post-thumbnail","6":"product_cat-4-piece-grinder-wholesale","7":"product_cat-wholesale-grinder","9":"first","10":"instock","11":"shipping-taxable","12":"product-type-external"},"yoast_head":"<!-- This site is optimized with the Yoast SEO Premium plugin v24.7 (Yoast SEO v26.8) - https:\/\/yoast.com\/product\/yoast-seo-premium-wordpress\/ -->\n<title>Wooden 4 Layer High-Grade And Aluminum Alloy Herb Grinder Wholesale - Global Hookah<\/title>\n<meta name=\"robots\" content=\"index, follow, max-snippet:-1, max-image-preview:large, max-video-preview:-1\" \/>\n<link rel=\"canonical\" href=\"https:\/\/global-hookah.com\/de\/produkt\/wooden-4-layer-high-grade-and-aluminum-alloy-herb-grinder-wholesale\/\" \/>\n<meta property=\"og:locale\" content=\"de_DE\" \/>\n<meta property=\"og:type\" content=\"article\" \/>\n<meta property=\"og:title\" content=\"Wooden 4 Layer High-Grade And Aluminum Alloy Herb Grinder Wholesale\" \/>\n<meta property=\"og:description\" content=\"Because we use all-natural wood for this Wooden 4 Layer High-Grinder, it can bring you a very comfortable feel, especially\" \/>\n<meta property=\"og:url\" content=\"https:\/\/global-hookah.com\/de\/produkt\/wooden-4-layer-high-grade-and-aluminum-alloy-herb-grinder-wholesale\/\" \/>\n<meta property=\"og:site_name\" content=\"Global Hookah\" \/>\n<meta property=\"article:modified_time\" content=\"2024-10-16T09:04:06+00:00\" \/>\n<meta property=\"og:image\" content=\"https:\/\/global-hookah.com\/wp-content\/uploads\/2024\/09\/kf-Sdaa9270fff2c4ada880ac3542570dd69Z-Wooden-4-layer-High-grade-and-aluminium-alloy-herb-grinder-63mm-smoke-herb-grinders-spice-mill.webp\" \/>\n\t<meta property=\"og:image:width\" content=\"1600\" \/>\n\t<meta property=\"og:image:height\" content=\"1600\" \/>\n\t<meta property=\"og:image:type\" content=\"image\/webp\" \/>\n<meta name=\"twitter:card\" content=\"summary_large_image\" \/>\n<script type=\"application\/ld+json\" class=\"yoast-schema-graph\">{\"@context\":\"https:\/\/schema.org\",\"@graph\":[{\"@type\":\"WebPage\",\"@id\":\"https:\/\/global-hookah.com\/product\/wooden-4-layer-high-grade-and-aluminum-alloy-herb-grinder-wholesale\/\",\"url\":\"https:\/\/global-hookah.com\/product\/wooden-4-layer-high-grade-and-aluminum-alloy-herb-grinder-wholesale\/\",\"name\":\"Wooden 4 Layer High-Grade And Aluminum Alloy Herb Grinder Wholesale - Global Hookah\",\"isPartOf\":{\"@id\":\"https:\/\/global-hookah.com\/#website\"},\"primaryImageOfPage\":{\"@id\":\"https:\/\/global-hookah.com\/product\/wooden-4-layer-high-grade-and-aluminum-alloy-herb-grinder-wholesale\/#primaryimage\"},\"image\":{\"@id\":\"https:\/\/global-hookah.com\/product\/wooden-4-layer-high-grade-and-aluminum-alloy-herb-grinder-wholesale\/#primaryimage\"},\"thumbnailUrl\":\"https:\/\/global-hookah.com\/wp-content\/uploads\/2024\/09\/kf-Sdaa9270fff2c4ada880ac3542570dd69Z-Wooden-4-layer-High-grade-and-aluminium-alloy-herb-grinder-63mm-smoke-herb-grinders-spice-mill.webp\",\"datePublished\":\"2024-09-29T01:33:45+00:00\",\"dateModified\":\"2024-10-16T09:04:06+00:00\",\"breadcrumb\":{\"@id\":\"https:\/\/global-hookah.com\/product\/wooden-4-layer-high-grade-and-aluminum-alloy-herb-grinder-wholesale\/#breadcrumb\"},\"inLanguage\":\"de\",\"potentialAction\":[{\"@type\":\"ReadAction\",\"target\":[\"https:\/\/global-hookah.com\/product\/wooden-4-layer-high-grade-and-aluminum-alloy-herb-grinder-wholesale\/\"]}]},{\"@type\":\"ImageObject\",\"inLanguage\":\"de\",\"@id\":\"https:\/\/global-hookah.com\/product\/wooden-4-layer-high-grade-and-aluminum-alloy-herb-grinder-wholesale\/#primaryimage\",\"url\":\"https:\/\/global-hookah.com\/wp-content\/uploads\/2024\/09\/kf-Sdaa9270fff2c4ada880ac3542570dd69Z-Wooden-4-layer-High-grade-and-aluminium-alloy-herb-grinder-63mm-smoke-herb-grinders-spice-mill.webp\",\"contentUrl\":\"https:\/\/global-hookah.com\/wp-content\/uploads\/2024\/09\/kf-Sdaa9270fff2c4ada880ac3542570dd69Z-Wooden-4-layer-High-grade-and-aluminium-alloy-herb-grinder-63mm-smoke-herb-grinders-spice-mill.webp\",\"width\":1600,\"height\":1600,\"caption\":\"Wooden 4 Layer High-Grinder\"},{\"@type\":\"BreadcrumbList\",\"@id\":\"https:\/\/global-hookah.com\/product\/wooden-4-layer-high-grade-and-aluminum-alloy-herb-grinder-wholesale\/#breadcrumb\",\"itemListElement\":[{\"@type\":\"ListItem\",\"position\":1,\"name\":\"Home\",\"item\":\"https:\/\/global-hookah.com\/\"},{\"@type\":\"ListItem\",\"position\":2,\"name\":\"Shop\",\"item\":\"https:\/\/global-hookah.com\/shop\/\"},{\"@type\":\"ListItem\",\"position\":3,\"name\":\"Wooden 4 Layer High-Grade And Aluminum Alloy Herb Grinder Wholesale\"}]},{\"@type\":\"WebSite\",\"@id\":\"https:\/\/global-hookah.com\/#website\",\"url\":\"https:\/\/global-hookah.com\/\",\"name\":\"Global Hookah\",\"description\":\"Global Hookah\",\"publisher\":{\"@id\":\"https:\/\/global-hookah.com\/#organization\"},\"potentialAction\":[{\"@type\":\"SearchAction\",\"target\":{\"@type\":\"EntryPoint\",\"urlTemplate\":\"https:\/\/global-hookah.com\/?s={search_term_string}\"},\"query-input\":{\"@type\":\"PropertyValueSpecification\",\"valueRequired\":true,\"valueName\":\"search_term_string\"}}],\"inLanguage\":\"de\"},{\"@type\":\"Organization\",\"@id\":\"https:\/\/global-hookah.com\/#organization\",\"name\":\"Global Hookah\",\"url\":\"https:\/\/global-hookah.com\/\",\"logo\":{\"@type\":\"ImageObject\",\"inLanguage\":\"de\",\"@id\":\"https:\/\/global-hookah.com\/#\/schema\/logo\/image\/\",\"url\":\"https:\/\/global-hookah.com\/wp-content\/uploads\/2021\/10\/cropped-fgg.png\",\"contentUrl\":\"https:\/\/global-hookah.com\/wp-content\/uploads\/2021\/10\/cropped-fgg.png\",\"width\":512,\"height\":512,\"caption\":\"Global Hookah\"},\"image\":{\"@id\":\"https:\/\/global-hookah.com\/#\/schema\/logo\/image\/\"}}]}<\/script>\n<!-- \/ Yoast SEO Premium plugin. -->","yoast_head_json":{"title":"H\u00f6lzerne 4 Schicht High-Grade und Aluminiumlegierung Kr\u00e4uterm\u00fchle Gro\u00dfhandel - Global Hookah","robots":{"index":"index","follow":"follow","max-snippet":"max-snippet:-1","max-image-preview":"max-image-preview:large","max-video-preview":"max-video-preview:-1"},"canonical":"https:\/\/global-hookah.com\/de\/produkt\/wooden-4-layer-high-grade-and-aluminum-alloy-herb-grinder-wholesale\/","og_locale":"de_DE","og_type":"article","og_title":"Wooden 4 Layer High-Grade And Aluminum Alloy Herb Grinder Wholesale","og_description":"Because we use all-natural wood for this Wooden 4 Layer High-Grinder, it can bring you a very comfortable feel, especially","og_url":"https:\/\/global-hookah.com\/de\/produkt\/wooden-4-layer-high-grade-and-aluminum-alloy-herb-grinder-wholesale\/","og_site_name":"Global Hookah","article_modified_time":"2024-10-16T09:04:06+00:00","og_image":[{"width":1600,"height":1600,"url":"https:\/\/global-hookah.com\/wp-content\/uploads\/2024\/09\/kf-Sdaa9270fff2c4ada880ac3542570dd69Z-Wooden-4-layer-High-grade-and-aluminium-alloy-herb-grinder-63mm-smoke-herb-grinders-spice-mill.webp","type":"image\/webp"}],"twitter_card":"summary_large_image","schema":{"@context":"https:\/\/schema.org","@graph":[{"@type":"WebPage","@id":"https:\/\/global-hookah.com\/product\/wooden-4-layer-high-grade-and-aluminum-alloy-herb-grinder-wholesale\/","url":"https:\/\/global-hookah.com\/product\/wooden-4-layer-high-grade-and-aluminum-alloy-herb-grinder-wholesale\/","name":"H\u00f6lzerne 4 Schicht High-Grade und Aluminiumlegierung Kr\u00e4uterm\u00fchle Gro\u00dfhandel - Global Hookah","isPartOf":{"@id":"https:\/\/global-hookah.com\/#website"},"primaryImageOfPage":{"@id":"https:\/\/global-hookah.com\/product\/wooden-4-layer-high-grade-and-aluminum-alloy-herb-grinder-wholesale\/#primaryimage"},"image":{"@id":"https:\/\/global-hookah.com\/product\/wooden-4-layer-high-grade-and-aluminum-alloy-herb-grinder-wholesale\/#primaryimage"},"thumbnailUrl":"https:\/\/global-hookah.com\/wp-content\/uploads\/2024\/09\/kf-Sdaa9270fff2c4ada880ac3542570dd69Z-Wooden-4-layer-High-grade-and-aluminium-alloy-herb-grinder-63mm-smoke-herb-grinders-spice-mill.webp","datePublished":"2024-09-29T01:33:45+00:00","dateModified":"2024-10-16T09:04:06+00:00","breadcrumb":{"@id":"https:\/\/global-hookah.com\/product\/wooden-4-layer-high-grade-and-aluminum-alloy-herb-grinder-wholesale\/#breadcrumb"},"inLanguage":"de","potentialAction":[{"@type":"ReadAction","target":["https:\/\/global-hookah.com\/product\/wooden-4-layer-high-grade-and-aluminum-alloy-herb-grinder-wholesale\/"]}]},{"@type":"ImageObject","inLanguage":"de","@id":"https:\/\/global-hookah.com\/product\/wooden-4-layer-high-grade-and-aluminum-alloy-herb-grinder-wholesale\/#primaryimage","url":"https:\/\/global-hookah.com\/wp-content\/uploads\/2024\/09\/kf-Sdaa9270fff2c4ada880ac3542570dd69Z-Wooden-4-layer-High-grade-and-aluminium-alloy-herb-grinder-63mm-smoke-herb-grinders-spice-mill.webp","contentUrl":"https:\/\/global-hookah.com\/wp-content\/uploads\/2024\/09\/kf-Sdaa9270fff2c4ada880ac3542570dd69Z-Wooden-4-layer-High-grade-and-aluminium-alloy-herb-grinder-63mm-smoke-herb-grinders-spice-mill.webp","width":1600,"height":1600,"caption":"Wooden 4 Layer High-Grinder"},{"@type":"BreadcrumbList","@id":"https:\/\/global-hookah.com\/product\/wooden-4-layer-high-grade-and-aluminum-alloy-herb-grinder-wholesale\/#breadcrumb","itemListElement":[{"@type":"ListItem","position":1,"name":"Home","item":"https:\/\/global-hookah.com\/"},{"@type":"ListItem","position":2,"name":"Shop","item":"https:\/\/global-hookah.com\/shop\/"},{"@type":"ListItem","position":3,"name":"Wooden 4 Layer High-Grade And Aluminum Alloy Herb Grinder Wholesale"}]},{"@type":"WebSite","@id":"https:\/\/global-hookah.com\/#website","url":"https:\/\/global-hookah.com\/","name":"Globale Wasserpfeife","description":"Globale Wasserpfeife","publisher":{"@id":"https:\/\/global-hookah.com\/#organization"},"potentialAction":[{"@type":"SearchAction","target":{"@type":"EntryPoint","urlTemplate":"https:\/\/global-hookah.com\/?s={search_term_string}"},"query-input":{"@type":"PropertyValueSpecification","valueRequired":true,"valueName":"search_term_string"}}],"inLanguage":"de"},{"@type":"Organization","@id":"https:\/\/global-hookah.com\/#organization","name":"Globale Wasserpfeife","url":"https:\/\/global-hookah.com\/","logo":{"@type":"ImageObject","inLanguage":"de","@id":"https:\/\/global-hookah.com\/#\/schema\/logo\/image\/","url":"https:\/\/global-hookah.com\/wp-content\/uploads\/2021\/10\/cropped-fgg.png","contentUrl":"https:\/\/global-hookah.com\/wp-content\/uploads\/2021\/10\/cropped-fgg.png","width":512,"height":512,"caption":"Global Hookah"},"image":{"@id":"https:\/\/global-hookah.com\/#\/schema\/logo\/image\/"}}]}},"_links":{"self":[{"href":"https:\/\/global-hookah.com\/de\/wp-json\/wp\/v2\/product\/30279","targetHints":{"allow":["GET"]}}],"collection":[{"href":"https:\/\/global-hookah.com\/de\/wp-json\/wp\/v2\/product"}],"about":[{"href":"https:\/\/global-hookah.com\/de\/wp-json\/wp\/v2\/types\/product"}],"replies":[{"embeddable":true,"href":"https:\/\/global-hookah.com\/de\/wp-json\/wp\/v2\/comments?post=30279"}],"version-history":[{"count":0,"href":"https:\/\/global-hookah.com\/de\/wp-json\/wp\/v2\/product\/30279\/revisions"}],"wp:featuredmedia":[{"embeddable":true,"href":"https:\/\/global-hookah.com\/de\/wp-json\/wp\/v2\/media\/30280"}],"wp:attachment":[{"href":"https:\/\/global-hookah.com\/de\/wp-json\/wp\/v2\/media?parent=30279"}],"wp:term":[{"taxonomy":"product_brand","embeddable":true,"href":"https:\/\/global-hookah.com\/de\/wp-json\/wp\/v2\/product_brand?post=30279"},{"taxonomy":"product_cat","embeddable":true,"href":"https:\/\/global-hookah.com\/de\/wp-json\/wp\/v2\/product_cat?post=30279"},{"taxonomy":"product_tag","embeddable":true,"href":"https:\/\/global-hookah.com\/de\/wp-json\/wp\/v2\/product_tag?post=30279"}],"curies":[{"name":"wp","href":"https:\/\/api.w.org\/{rel}","templated":true}]}}