{"id":30396,"date":"2024-09-29T12:33:02","date_gmt":"2024-09-29T12:33:02","guid":{"rendered":"https:\/\/global-hookah.com\/?post_type=product&#038;p=30396"},"modified":"2024-09-29T12:41:31","modified_gmt":"2024-09-29T12:41:31","slug":"hexagonal-color-printed-plastic-herb-grinder-wholesale","status":"publish","type":"product","link":"https:\/\/global-hookah.com\/de\/produkt\/hexagonal-color-printed-plastic-herb-grinder-wholesale\/","title":{"rendered":"Sechseckige farbbedruckte Kunststoff-Kr\u00e4uterm\u00fchle Gro\u00dfhandel"},"content":{"rendered":"<h3><strong>Wesentliche Merkmale:<\/strong><\/h3>\n<ul>\n<li><strong>Material:<\/strong>\u00a0Eisen + Kunststoff<\/li>\n<li><strong>Gr\u00f6\u00dfe:<\/strong>\u00a0Durchmesser 69 mm (2,7 Zoll) x H\u00f6he 47 mm (1,85 Zoll)<\/li>\n<li><strong>Gewicht:<\/strong>\u00a0100g<\/li>\n<li><strong>Schichten:<\/strong>\u00a04-teiliges Design f\u00fcr effizientes Mahlen, Filtern und Aufbewahren<\/li>\n<li><strong>Modellnummer:<\/strong>\u00a0GP106M552<\/li>\n<li><strong>Oberfl\u00e4che:<\/strong>\u00a0Spritzlackierung f\u00fcr ein lebendiges und dauerhaftes Aussehen<\/li>\n<li><strong>Verpackung:<\/strong>\u00a0Display-Kasten<\/li>\n<li><strong>Box Anzahl:<\/strong>\u00a0192 St\u00fcck pro Karton<\/li>\n<li><strong>Bruttogewicht:<\/strong>\u00a022kg pro Karton<\/li>\n<li><strong>\u00c4u\u00dfere Abmessungen der Box:<\/strong>\u00a045 x 35 x 42 cm<\/li>\n<li>Die\u00a0<strong>Unkrautschleifer aus Kunststoff<\/strong>\u00a0ist schick und realistisch, soweit es die\u00a0<strong>effizientes Mahlen von Kr\u00e4utern<\/strong>\u00a0betroffen ist. Die Website\u00a0<strong>Struktur des <a href=\"https:\/\/global-hookah.com\/product-category\/wholesale-grinders\/\">Schleifer<\/a><\/strong>\u00a0ist klar definiert und einzigartig, da es in einer\u00a0<strong>sechseckige Form<\/strong>\u00a0entworfen in\u00a0<strong>Bunte Spr\u00fchfarbe<\/strong>und setzt damit ein k\u00fchnes Design-Statement unter den anderen. Diese\u00a0<strong>Kunststoff-Kr\u00e4uterm\u00fchle<\/strong>\u00a0wird auch in\u00a0<strong>Eisen und Kunststoff<\/strong>daher\u00a0<strong>leichtes Gewicht<\/strong>\u00a0und sehr stark. Es verwendet eine\u00a0<strong>4-teilige Struktur<\/strong>\u00a0bestehend aus einer\u00a0<strong>Mahlkammer<\/strong>, a\u00a0<strong>Speicherplatz<\/strong>und eine\u00a0<strong>Pollenf\u00e4nger<\/strong>\u00a0die f\u00fcr eine bessere Benutzerfreundlichkeit meisterhaft integriert ist.\u00a0<strong>4-teiliger Unkrautschleifer<\/strong>\u00a0ist konzipiert mit\u00a0<strong>scharfe Mahlz\u00e4hne<\/strong>\u00a0die die perfekte Zerkleinerung der gew\u00fcnschten Kr\u00e4uter in den\u00a0<strong>Sperrige Lagerkammer<\/strong>was \u00e4u\u00dferst n\u00fctzlich ist. Dies bietet auch eine optionale\u00a0<strong>Abstreifwerkzeug<\/strong>\u00a0mit dem verpackten Pollenbeh\u00e4lter, um zus\u00e4tzlich gesammelten Pollen aufzubewahren. Diese\u00a0<strong>Unkrautschleifer aus Kunststoff<\/strong>\u00a0k\u00f6nnen personalisiert werden, so dass Ihre\u00a0<strong>Markenlogo<\/strong>\u00a0auf den oberen und unteren Deckel der M\u00fchle zu drucken. Daher ist es ideal f\u00fcr\u00a0<strong>F\u00f6rderung Ihrer Marke<\/strong>Es kann leicht in eine flache Form gefaltet werden, wenn diese\u00a0<strong>4-teiliger Unkrautschleifer<\/strong>\u00a0ist bereit f\u00fcr die Anzeige f\u00fcr entweder\u00a0<strong>Gro\u00dfhandel<\/strong>\u00a0oder\u00a0<strong>Einzelhandel<\/strong>. Doch mit einer Gr\u00f6\u00dfe von\u00a0<strong>69 mm Durchmesser<\/strong>\u00a0und\u00a0<strong>47 mm H\u00f6he<\/strong>Es ist recht klein, was auch gut f\u00fcr den Gebrauch ist, wenn\u00a0<strong>Reisen<\/strong>\u00a0oder f\u00fcr den Gebrauch zu Hause.<\/li>\n<\/ul>","protected":false},"excerpt":{"rendered":"<p>Wesentliche Merkmale: Material: Eisen + Kunststoff Gr\u00f6\u00dfe: Durchmesser 69mm (2,7 Zoll) x H\u00f6he 47mm (1,85 Zoll) Gewicht: 100g Schichten: 4-teiliges Design f\u00fcr effizientes Schleifen,<\/p>","protected":false},"featured_media":30404,"comment_status":"closed","ping_status":"closed","template":"","meta":{"iawp_total_views":0,"_joinchat":[]},"product_brand":[],"product_cat":[894,770],"product_tag":[],"class_list":{"0":"post-30396","1":"product","2":"type-product","3":"status-publish","4":"has-post-thumbnail","6":"product_cat-4-piece-grinder-wholesale","7":"product_cat-wholesale-grinder","9":"first","10":"instock","11":"shipping-taxable","12":"product-type-simple"},"yoast_head":"<!-- This site is optimized with the Yoast SEO Premium plugin v24.7 (Yoast SEO v26.8) - https:\/\/yoast.com\/product\/yoast-seo-premium-wordpress\/ -->\n<title>Hexagonal Color-Printed Plastic Herb Grinder Wholesale - Global Hookah<\/title>\n<meta name=\"robots\" content=\"index, follow, max-snippet:-1, max-image-preview:large, max-video-preview:-1\" \/>\n<link rel=\"canonical\" href=\"https:\/\/global-hookah.com\/de\/produkt\/hexagonal-color-printed-plastic-herb-grinder-wholesale\/\" \/>\n<meta property=\"og:locale\" content=\"de_DE\" \/>\n<meta property=\"og:type\" content=\"article\" \/>\n<meta property=\"og:title\" content=\"Hexagonal Color-Printed Plastic Herb Grinder Wholesale\" \/>\n<meta property=\"og:description\" content=\"Key Features: Material:\u00a0Iron + Plastic Size:\u00a0Diameter 69mm (2.7 inches) x Height 47mm (1.85 inches) Weight:\u00a0100g Layers:\u00a04-piece design for efficient grinding,\" \/>\n<meta property=\"og:url\" content=\"https:\/\/global-hookah.com\/de\/produkt\/hexagonal-color-printed-plastic-herb-grinder-wholesale\/\" \/>\n<meta property=\"og:site_name\" content=\"Global Hookah\" \/>\n<meta property=\"article:modified_time\" content=\"2024-09-29T12:41:31+00:00\" \/>\n<meta property=\"og:image\" content=\"https:\/\/global-hookah.com\/wp-content\/uploads\/2024\/09\/02e79ff5-c441-4004-b712-6180d3ce5d9c.jpg\" \/>\n\t<meta property=\"og:image:width\" content=\"800\" \/>\n\t<meta property=\"og:image:height\" content=\"800\" \/>\n\t<meta property=\"og:image:type\" content=\"image\/jpeg\" \/>\n<meta name=\"twitter:card\" content=\"summary_large_image\" \/>\n<meta name=\"twitter:label1\" content=\"Gesch\u00e4tzte Lesezeit\" \/>\n\t<meta name=\"twitter:data1\" content=\"1\u00a0Minute\" \/>\n<script type=\"application\/ld+json\" class=\"yoast-schema-graph\">{\"@context\":\"https:\/\/schema.org\",\"@graph\":[{\"@type\":\"WebPage\",\"@id\":\"https:\/\/global-hookah.com\/product\/hexagonal-color-printed-plastic-herb-grinder-wholesale\/\",\"url\":\"https:\/\/global-hookah.com\/product\/hexagonal-color-printed-plastic-herb-grinder-wholesale\/\",\"name\":\"Hexagonal Color-Printed Plastic Herb Grinder Wholesale - Global Hookah\",\"isPartOf\":{\"@id\":\"https:\/\/global-hookah.com\/#website\"},\"primaryImageOfPage\":{\"@id\":\"https:\/\/global-hookah.com\/product\/hexagonal-color-printed-plastic-herb-grinder-wholesale\/#primaryimage\"},\"image\":{\"@id\":\"https:\/\/global-hookah.com\/product\/hexagonal-color-printed-plastic-herb-grinder-wholesale\/#primaryimage\"},\"thumbnailUrl\":\"https:\/\/global-hookah.com\/wp-content\/uploads\/2024\/09\/02e79ff5-c441-4004-b712-6180d3ce5d9c.jpg\",\"datePublished\":\"2024-09-29T12:33:02+00:00\",\"dateModified\":\"2024-09-29T12:41:31+00:00\",\"breadcrumb\":{\"@id\":\"https:\/\/global-hookah.com\/product\/hexagonal-color-printed-plastic-herb-grinder-wholesale\/#breadcrumb\"},\"inLanguage\":\"de\",\"potentialAction\":[{\"@type\":\"ReadAction\",\"target\":[\"https:\/\/global-hookah.com\/product\/hexagonal-color-printed-plastic-herb-grinder-wholesale\/\"]}]},{\"@type\":\"ImageObject\",\"inLanguage\":\"de\",\"@id\":\"https:\/\/global-hookah.com\/product\/hexagonal-color-printed-plastic-herb-grinder-wholesale\/#primaryimage\",\"url\":\"https:\/\/global-hookah.com\/wp-content\/uploads\/2024\/09\/02e79ff5-c441-4004-b712-6180d3ce5d9c.jpg\",\"contentUrl\":\"https:\/\/global-hookah.com\/wp-content\/uploads\/2024\/09\/02e79ff5-c441-4004-b712-6180d3ce5d9c.jpg\",\"width\":800,\"height\":800,\"caption\":\"Hexagonal Color-Printed Plastic Herb Grinder Wholesale\"},{\"@type\":\"BreadcrumbList\",\"@id\":\"https:\/\/global-hookah.com\/product\/hexagonal-color-printed-plastic-herb-grinder-wholesale\/#breadcrumb\",\"itemListElement\":[{\"@type\":\"ListItem\",\"position\":1,\"name\":\"Home\",\"item\":\"https:\/\/global-hookah.com\/\"},{\"@type\":\"ListItem\",\"position\":2,\"name\":\"Shop\",\"item\":\"https:\/\/global-hookah.com\/shop\/\"},{\"@type\":\"ListItem\",\"position\":3,\"name\":\"Hexagonal Color-Printed Plastic Herb Grinder Wholesale\"}]},{\"@type\":\"WebSite\",\"@id\":\"https:\/\/global-hookah.com\/#website\",\"url\":\"https:\/\/global-hookah.com\/\",\"name\":\"Global Hookah\",\"description\":\"Global Hookah\",\"publisher\":{\"@id\":\"https:\/\/global-hookah.com\/#organization\"},\"potentialAction\":[{\"@type\":\"SearchAction\",\"target\":{\"@type\":\"EntryPoint\",\"urlTemplate\":\"https:\/\/global-hookah.com\/?s={search_term_string}\"},\"query-input\":{\"@type\":\"PropertyValueSpecification\",\"valueRequired\":true,\"valueName\":\"search_term_string\"}}],\"inLanguage\":\"de\"},{\"@type\":\"Organization\",\"@id\":\"https:\/\/global-hookah.com\/#organization\",\"name\":\"Global Hookah\",\"url\":\"https:\/\/global-hookah.com\/\",\"logo\":{\"@type\":\"ImageObject\",\"inLanguage\":\"de\",\"@id\":\"https:\/\/global-hookah.com\/#\/schema\/logo\/image\/\",\"url\":\"https:\/\/global-hookah.com\/wp-content\/uploads\/2021\/10\/cropped-fgg.png\",\"contentUrl\":\"https:\/\/global-hookah.com\/wp-content\/uploads\/2021\/10\/cropped-fgg.png\",\"width\":512,\"height\":512,\"caption\":\"Global Hookah\"},\"image\":{\"@id\":\"https:\/\/global-hookah.com\/#\/schema\/logo\/image\/\"}}]}<\/script>\n<!-- \/ Yoast SEO Premium plugin. -->","yoast_head_json":{"title":"Sechseckige farbig bedruckte Kunststoff-Kr\u00e4uterm\u00fchle Gro\u00dfhandel - Global Hookah","robots":{"index":"index","follow":"follow","max-snippet":"max-snippet:-1","max-image-preview":"max-image-preview:large","max-video-preview":"max-video-preview:-1"},"canonical":"https:\/\/global-hookah.com\/de\/produkt\/hexagonal-color-printed-plastic-herb-grinder-wholesale\/","og_locale":"de_DE","og_type":"article","og_title":"Hexagonal Color-Printed Plastic Herb Grinder Wholesale","og_description":"Key Features: Material:\u00a0Iron + Plastic Size:\u00a0Diameter 69mm (2.7 inches) x Height 47mm (1.85 inches) Weight:\u00a0100g Layers:\u00a04-piece design for efficient grinding,","og_url":"https:\/\/global-hookah.com\/de\/produkt\/hexagonal-color-printed-plastic-herb-grinder-wholesale\/","og_site_name":"Global Hookah","article_modified_time":"2024-09-29T12:41:31+00:00","og_image":[{"width":800,"height":800,"url":"https:\/\/global-hookah.com\/wp-content\/uploads\/2024\/09\/02e79ff5-c441-4004-b712-6180d3ce5d9c.jpg","type":"image\/jpeg"}],"twitter_card":"summary_large_image","twitter_misc":{"Gesch\u00e4tzte Lesezeit":"1\u00a0Minute"},"schema":{"@context":"https:\/\/schema.org","@graph":[{"@type":"WebPage","@id":"https:\/\/global-hookah.com\/product\/hexagonal-color-printed-plastic-herb-grinder-wholesale\/","url":"https:\/\/global-hookah.com\/product\/hexagonal-color-printed-plastic-herb-grinder-wholesale\/","name":"Sechseckige farbig bedruckte Kunststoff-Kr\u00e4uterm\u00fchle Gro\u00dfhandel - Global Hookah","isPartOf":{"@id":"https:\/\/global-hookah.com\/#website"},"primaryImageOfPage":{"@id":"https:\/\/global-hookah.com\/product\/hexagonal-color-printed-plastic-herb-grinder-wholesale\/#primaryimage"},"image":{"@id":"https:\/\/global-hookah.com\/product\/hexagonal-color-printed-plastic-herb-grinder-wholesale\/#primaryimage"},"thumbnailUrl":"https:\/\/global-hookah.com\/wp-content\/uploads\/2024\/09\/02e79ff5-c441-4004-b712-6180d3ce5d9c.jpg","datePublished":"2024-09-29T12:33:02+00:00","dateModified":"2024-09-29T12:41:31+00:00","breadcrumb":{"@id":"https:\/\/global-hookah.com\/product\/hexagonal-color-printed-plastic-herb-grinder-wholesale\/#breadcrumb"},"inLanguage":"de","potentialAction":[{"@type":"ReadAction","target":["https:\/\/global-hookah.com\/product\/hexagonal-color-printed-plastic-herb-grinder-wholesale\/"]}]},{"@type":"ImageObject","inLanguage":"de","@id":"https:\/\/global-hookah.com\/product\/hexagonal-color-printed-plastic-herb-grinder-wholesale\/#primaryimage","url":"https:\/\/global-hookah.com\/wp-content\/uploads\/2024\/09\/02e79ff5-c441-4004-b712-6180d3ce5d9c.jpg","contentUrl":"https:\/\/global-hookah.com\/wp-content\/uploads\/2024\/09\/02e79ff5-c441-4004-b712-6180d3ce5d9c.jpg","width":800,"height":800,"caption":"Hexagonal Color-Printed Plastic Herb Grinder Wholesale"},{"@type":"BreadcrumbList","@id":"https:\/\/global-hookah.com\/product\/hexagonal-color-printed-plastic-herb-grinder-wholesale\/#breadcrumb","itemListElement":[{"@type":"ListItem","position":1,"name":"Home","item":"https:\/\/global-hookah.com\/"},{"@type":"ListItem","position":2,"name":"Shop","item":"https:\/\/global-hookah.com\/shop\/"},{"@type":"ListItem","position":3,"name":"Hexagonal Color-Printed Plastic Herb Grinder Wholesale"}]},{"@type":"WebSite","@id":"https:\/\/global-hookah.com\/#website","url":"https:\/\/global-hookah.com\/","name":"Globale Wasserpfeife","description":"Globale Wasserpfeife","publisher":{"@id":"https:\/\/global-hookah.com\/#organization"},"potentialAction":[{"@type":"SearchAction","target":{"@type":"EntryPoint","urlTemplate":"https:\/\/global-hookah.com\/?s={search_term_string}"},"query-input":{"@type":"PropertyValueSpecification","valueRequired":true,"valueName":"search_term_string"}}],"inLanguage":"de"},{"@type":"Organization","@id":"https:\/\/global-hookah.com\/#organization","name":"Globale Wasserpfeife","url":"https:\/\/global-hookah.com\/","logo":{"@type":"ImageObject","inLanguage":"de","@id":"https:\/\/global-hookah.com\/#\/schema\/logo\/image\/","url":"https:\/\/global-hookah.com\/wp-content\/uploads\/2021\/10\/cropped-fgg.png","contentUrl":"https:\/\/global-hookah.com\/wp-content\/uploads\/2021\/10\/cropped-fgg.png","width":512,"height":512,"caption":"Global Hookah"},"image":{"@id":"https:\/\/global-hookah.com\/#\/schema\/logo\/image\/"}}]}},"_links":{"self":[{"href":"https:\/\/global-hookah.com\/de\/wp-json\/wp\/v2\/product\/30396","targetHints":{"allow":["GET"]}}],"collection":[{"href":"https:\/\/global-hookah.com\/de\/wp-json\/wp\/v2\/product"}],"about":[{"href":"https:\/\/global-hookah.com\/de\/wp-json\/wp\/v2\/types\/product"}],"replies":[{"embeddable":true,"href":"https:\/\/global-hookah.com\/de\/wp-json\/wp\/v2\/comments?post=30396"}],"version-history":[{"count":0,"href":"https:\/\/global-hookah.com\/de\/wp-json\/wp\/v2\/product\/30396\/revisions"}],"wp:featuredmedia":[{"embeddable":true,"href":"https:\/\/global-hookah.com\/de\/wp-json\/wp\/v2\/media\/30404"}],"wp:attachment":[{"href":"https:\/\/global-hookah.com\/de\/wp-json\/wp\/v2\/media?parent=30396"}],"wp:term":[{"taxonomy":"product_brand","embeddable":true,"href":"https:\/\/global-hookah.com\/de\/wp-json\/wp\/v2\/product_brand?post=30396"},{"taxonomy":"product_cat","embeddable":true,"href":"https:\/\/global-hookah.com\/de\/wp-json\/wp\/v2\/product_cat?post=30396"},{"taxonomy":"product_tag","embeddable":true,"href":"https:\/\/global-hookah.com\/de\/wp-json\/wp\/v2\/product_tag?post=30396"}],"curies":[{"name":"wp","href":"https:\/\/api.w.org\/{rel}","templated":true}]}}