{"id":30479,"date":"2024-10-09T08:15:52","date_gmt":"2024-10-09T08:15:52","guid":{"rendered":"https:\/\/global-hookah.com\/?post_type=product&#038;p=30479"},"modified":"2024-10-09T08:28:40","modified_gmt":"2024-10-09T08:28:40","slug":"2024-new-four-layer-fluid-bear-marijuana-grinder-wholesale","status":"publish","type":"product","link":"https:\/\/global-hookah.com\/de\/produkt\/2024-new-four-layer-fluid-bear-marijuana-grinder-wholesale\/","title":{"rendered":"2024 Neue Vier-Schicht-Fluid-B\u00e4r Marihuana Grinder Gro\u00dfhandel"},"content":{"rendered":"<div data-elementor-type=\"wp-post\" data-elementor-id=\"30479\" class=\"elementor elementor-30479\">\n\t\t\t\t\t\t<section class=\"elementor-section elementor-top-section elementor-element elementor-element-fe8c7e8 elementor-section-boxed elementor-section-height-default elementor-section-height-default\" data-id=\"fe8c7e8\" data-element_type=\"section\" data-e-type=\"section\">\n\t\t\t\t\t\t<div class=\"elementor-container elementor-column-gap-default\">\n\t\t\t\t\t<div class=\"elementor-column elementor-col-100 elementor-top-column elementor-element elementor-element-eb6c3e7\" data-id=\"eb6c3e7\" data-element_type=\"column\" data-e-type=\"column\">\n\t\t\t<div class=\"elementor-widget-wrap elementor-element-populated\">\n\t\t\t\t\t\t<div class=\"elementor-element elementor-element-5fb33af elementor-widget elementor-widget-video\" data-id=\"5fb33af\" data-element_type=\"widget\" data-e-type=\"widget\" data-settings=\"{&quot;youtube_url&quot;:&quot;https:\\\/\\\/www.youtube.com\\\/watch?v=uMIKnp-DCTI&quot;,&quot;video_type&quot;:&quot;youtube&quot;,&quot;controls&quot;:&quot;yes&quot;}\" data-widget_type=\"video.default\">\n\t\t\t\t<div class=\"elementor-widget-container\">\n\t\t\t\t\t\t\t<div class=\"elementor-wrapper elementor-open-inline\">\n\t\t\t<div class=\"elementor-video\"><\/div>\t\t<\/div>\n\t\t\t\t\t\t<\/div>\n\t\t\t\t<\/div>\n\t\t\t\t\t<\/div>\n\t\t<\/div>\n\t\t\t\t\t<\/div>\n\t\t<\/section>\n\t\t\t\t<section class=\"elementor-section elementor-top-section elementor-element elementor-element-4572272f elementor-section-boxed elementor-section-height-default elementor-section-height-default\" data-id=\"4572272f\" data-element_type=\"section\" data-e-type=\"section\">\n\t\t\t\t\t\t<div class=\"elementor-container elementor-column-gap-default\">\n\t\t\t\t\t<div class=\"elementor-column elementor-col-100 elementor-top-column elementor-element elementor-element-3f65c932\" data-id=\"3f65c932\" data-element_type=\"column\" data-e-type=\"column\">\n\t\t\t<div class=\"elementor-widget-wrap elementor-element-populated\">\n\t\t\t\t\t\t<div class=\"elementor-element elementor-element-552404dc color-scheme-inherit text-left elementor-widget elementor-widget-text-editor\" data-id=\"552404dc\" data-element_type=\"widget\" data-e-type=\"widget\" data-widget_type=\"text-editor.default\">\n\t\t\t\t<div class=\"elementor-widget-container\">\n\t\t\t\t\t\t\t\t\t<p><strong>Produktspezifikationen<\/strong>:<\/p><ul><li><strong>Gewicht<\/strong>: Ungef\u00e4hr 202g<\/li><li><strong>Gr\u00f6\u00dfe<\/strong>: Durchmesser 82mm \u00d7 H\u00f6he 140mm<\/li><li><strong>Menge pro Box<\/strong>: 72 St\u00fcck<\/li><li><strong>Abmessungen der Box<\/strong>: 55 \u00d7 38 \u00d7 45,5 cm \/ 17kg<\/li><li><strong>Material<\/strong>: Zink-Legierung<\/li><\/ul>\t\t\t\t\t\t\t\t<\/div>\n\t\t\t\t<\/div>\n\t\t\t\t\t<\/div>\n\t\t<\/div>\n\t\t\t\t\t<\/div>\n\t\t<\/section>\n\t\t\t\t<\/div>","protected":false},"excerpt":{"rendered":"<p>https:\/\/www.youtube.com\/watch?v=uMIKnp-DCTI Produktspezifikationen: Gewicht: Ungef\u00e4hr 202g Gr\u00f6\u00dfe: Durchmesser 82mm \u00d7 H\u00f6he 140mm Menge pro Box: 72 St\u00fcck Schachtelabmessungen: 55<\/p>","protected":false},"featured_media":30485,"comment_status":"closed","ping_status":"closed","template":"","meta":{"iawp_total_views":3,"_joinchat":[]},"product_brand":[],"product_cat":[894],"product_tag":[],"class_list":{"0":"post-30479","1":"product","2":"type-product","3":"status-publish","4":"has-post-thumbnail","6":"product_cat-4-piece-grinder-wholesale","8":"first","9":"instock","10":"shipping-taxable","11":"product-type-external"},"yoast_head":"<!-- This site is optimized with the Yoast SEO Premium plugin v24.7 (Yoast SEO v26.8) - https:\/\/yoast.com\/product\/yoast-seo-premium-wordpress\/ -->\n<title>2024 New Four-layer Fluid Bear Marijuana Grinder Wholesale - Global Hookah<\/title>\n<meta name=\"robots\" content=\"index, follow, max-snippet:-1, max-image-preview:large, max-video-preview:-1\" \/>\n<link rel=\"canonical\" href=\"https:\/\/global-hookah.com\/de\/produkt\/2024-new-four-layer-fluid-bear-marijuana-grinder-wholesale\/\" \/>\n<meta property=\"og:locale\" content=\"de_DE\" \/>\n<meta property=\"og:type\" content=\"article\" \/>\n<meta property=\"og:title\" content=\"2024 New Four-layer Fluid Bear Marijuana Grinder Wholesale\" \/>\n<meta property=\"og:description\" content=\"https:\/\/www.youtube.com\/watch?v=uMIKnp-DCTI Product Specifications: Weight: Approximately 202g Size: Diameter 82mm \u00d7 Height 140mm Quantity per Box: 72 pieces Box Dimensions: 55\" \/>\n<meta property=\"og:url\" content=\"https:\/\/global-hookah.com\/de\/produkt\/2024-new-four-layer-fluid-bear-marijuana-grinder-wholesale\/\" \/>\n<meta property=\"og:site_name\" content=\"Global Hookah\" \/>\n<meta property=\"article:modified_time\" content=\"2024-10-09T08:28:40+00:00\" \/>\n<meta property=\"og:image\" content=\"https:\/\/global-hookah.com\/wp-content\/uploads\/2024\/10\/0da2acf6-bbb8-4229-b35c-767b5418d8e1.jpg\" \/>\n\t<meta property=\"og:image:width\" content=\"1000\" \/>\n\t<meta property=\"og:image:height\" content=\"1000\" \/>\n\t<meta property=\"og:image:type\" content=\"image\/jpeg\" \/>\n<meta name=\"twitter:card\" content=\"summary_large_image\" \/>\n<script type=\"application\/ld+json\" class=\"yoast-schema-graph\">{\"@context\":\"https:\/\/schema.org\",\"@graph\":[{\"@type\":\"WebPage\",\"@id\":\"https:\/\/global-hookah.com\/product\/2024-new-four-layer-fluid-bear-marijuana-grinder-wholesale\/\",\"url\":\"https:\/\/global-hookah.com\/product\/2024-new-four-layer-fluid-bear-marijuana-grinder-wholesale\/\",\"name\":\"2024 New Four-layer Fluid Bear Marijuana Grinder Wholesale - Global Hookah\",\"isPartOf\":{\"@id\":\"https:\/\/global-hookah.com\/#website\"},\"primaryImageOfPage\":{\"@id\":\"https:\/\/global-hookah.com\/product\/2024-new-four-layer-fluid-bear-marijuana-grinder-wholesale\/#primaryimage\"},\"image\":{\"@id\":\"https:\/\/global-hookah.com\/product\/2024-new-four-layer-fluid-bear-marijuana-grinder-wholesale\/#primaryimage\"},\"thumbnailUrl\":\"https:\/\/global-hookah.com\/wp-content\/uploads\/2024\/10\/0da2acf6-bbb8-4229-b35c-767b5418d8e1.jpg\",\"datePublished\":\"2024-10-09T08:15:52+00:00\",\"dateModified\":\"2024-10-09T08:28:40+00:00\",\"breadcrumb\":{\"@id\":\"https:\/\/global-hookah.com\/product\/2024-new-four-layer-fluid-bear-marijuana-grinder-wholesale\/#breadcrumb\"},\"inLanguage\":\"de\",\"potentialAction\":[{\"@type\":\"ReadAction\",\"target\":[\"https:\/\/global-hookah.com\/product\/2024-new-four-layer-fluid-bear-marijuana-grinder-wholesale\/\"]}]},{\"@type\":\"ImageObject\",\"inLanguage\":\"de\",\"@id\":\"https:\/\/global-hookah.com\/product\/2024-new-four-layer-fluid-bear-marijuana-grinder-wholesale\/#primaryimage\",\"url\":\"https:\/\/global-hookah.com\/wp-content\/uploads\/2024\/10\/0da2acf6-bbb8-4229-b35c-767b5418d8e1.jpg\",\"contentUrl\":\"https:\/\/global-hookah.com\/wp-content\/uploads\/2024\/10\/0da2acf6-bbb8-4229-b35c-767b5418d8e1.jpg\",\"width\":1000,\"height\":1000,\"caption\":\"2024 New Four-layer Fluid Bear Marijuana Grinder Wholesale\"},{\"@type\":\"BreadcrumbList\",\"@id\":\"https:\/\/global-hookah.com\/product\/2024-new-four-layer-fluid-bear-marijuana-grinder-wholesale\/#breadcrumb\",\"itemListElement\":[{\"@type\":\"ListItem\",\"position\":1,\"name\":\"Home\",\"item\":\"https:\/\/global-hookah.com\/\"},{\"@type\":\"ListItem\",\"position\":2,\"name\":\"Shop\",\"item\":\"https:\/\/global-hookah.com\/shop\/\"},{\"@type\":\"ListItem\",\"position\":3,\"name\":\"2024 New Four-layer Fluid Bear Marijuana Grinder Wholesale\"}]},{\"@type\":\"WebSite\",\"@id\":\"https:\/\/global-hookah.com\/#website\",\"url\":\"https:\/\/global-hookah.com\/\",\"name\":\"Global Hookah\",\"description\":\"Global Hookah\",\"publisher\":{\"@id\":\"https:\/\/global-hookah.com\/#organization\"},\"potentialAction\":[{\"@type\":\"SearchAction\",\"target\":{\"@type\":\"EntryPoint\",\"urlTemplate\":\"https:\/\/global-hookah.com\/?s={search_term_string}\"},\"query-input\":{\"@type\":\"PropertyValueSpecification\",\"valueRequired\":true,\"valueName\":\"search_term_string\"}}],\"inLanguage\":\"de\"},{\"@type\":\"Organization\",\"@id\":\"https:\/\/global-hookah.com\/#organization\",\"name\":\"Global Hookah\",\"url\":\"https:\/\/global-hookah.com\/\",\"logo\":{\"@type\":\"ImageObject\",\"inLanguage\":\"de\",\"@id\":\"https:\/\/global-hookah.com\/#\/schema\/logo\/image\/\",\"url\":\"https:\/\/global-hookah.com\/wp-content\/uploads\/2021\/10\/cropped-fgg.png\",\"contentUrl\":\"https:\/\/global-hookah.com\/wp-content\/uploads\/2021\/10\/cropped-fgg.png\",\"width\":512,\"height\":512,\"caption\":\"Global Hookah\"},\"image\":{\"@id\":\"https:\/\/global-hookah.com\/#\/schema\/logo\/image\/\"}}]}<\/script>\n<!-- \/ Yoast SEO Premium plugin. -->","yoast_head_json":{"title":"2024 Neue vierschichtige Fl\u00fcssigkeit B\u00e4r Marihuana Grinder Gro\u00dfhandel - Global Hookah","robots":{"index":"index","follow":"follow","max-snippet":"max-snippet:-1","max-image-preview":"max-image-preview:large","max-video-preview":"max-video-preview:-1"},"canonical":"https:\/\/global-hookah.com\/de\/produkt\/2024-new-four-layer-fluid-bear-marijuana-grinder-wholesale\/","og_locale":"de_DE","og_type":"article","og_title":"2024 New Four-layer Fluid Bear Marijuana Grinder Wholesale","og_description":"https:\/\/www.youtube.com\/watch?v=uMIKnp-DCTI Product Specifications: Weight: Approximately 202g Size: Diameter 82mm \u00d7 Height 140mm Quantity per Box: 72 pieces Box Dimensions: 55","og_url":"https:\/\/global-hookah.com\/de\/produkt\/2024-new-four-layer-fluid-bear-marijuana-grinder-wholesale\/","og_site_name":"Global Hookah","article_modified_time":"2024-10-09T08:28:40+00:00","og_image":[{"width":1000,"height":1000,"url":"https:\/\/global-hookah.com\/wp-content\/uploads\/2024\/10\/0da2acf6-bbb8-4229-b35c-767b5418d8e1.jpg","type":"image\/jpeg"}],"twitter_card":"summary_large_image","schema":{"@context":"https:\/\/schema.org","@graph":[{"@type":"WebPage","@id":"https:\/\/global-hookah.com\/product\/2024-new-four-layer-fluid-bear-marijuana-grinder-wholesale\/","url":"https:\/\/global-hookah.com\/product\/2024-new-four-layer-fluid-bear-marijuana-grinder-wholesale\/","name":"2024 Neue vierschichtige Fl\u00fcssigkeit B\u00e4r Marihuana Grinder Gro\u00dfhandel - Global Hookah","isPartOf":{"@id":"https:\/\/global-hookah.com\/#website"},"primaryImageOfPage":{"@id":"https:\/\/global-hookah.com\/product\/2024-new-four-layer-fluid-bear-marijuana-grinder-wholesale\/#primaryimage"},"image":{"@id":"https:\/\/global-hookah.com\/product\/2024-new-four-layer-fluid-bear-marijuana-grinder-wholesale\/#primaryimage"},"thumbnailUrl":"https:\/\/global-hookah.com\/wp-content\/uploads\/2024\/10\/0da2acf6-bbb8-4229-b35c-767b5418d8e1.jpg","datePublished":"2024-10-09T08:15:52+00:00","dateModified":"2024-10-09T08:28:40+00:00","breadcrumb":{"@id":"https:\/\/global-hookah.com\/product\/2024-new-four-layer-fluid-bear-marijuana-grinder-wholesale\/#breadcrumb"},"inLanguage":"de","potentialAction":[{"@type":"ReadAction","target":["https:\/\/global-hookah.com\/product\/2024-new-four-layer-fluid-bear-marijuana-grinder-wholesale\/"]}]},{"@type":"ImageObject","inLanguage":"de","@id":"https:\/\/global-hookah.com\/product\/2024-new-four-layer-fluid-bear-marijuana-grinder-wholesale\/#primaryimage","url":"https:\/\/global-hookah.com\/wp-content\/uploads\/2024\/10\/0da2acf6-bbb8-4229-b35c-767b5418d8e1.jpg","contentUrl":"https:\/\/global-hookah.com\/wp-content\/uploads\/2024\/10\/0da2acf6-bbb8-4229-b35c-767b5418d8e1.jpg","width":1000,"height":1000,"caption":"2024 New Four-layer Fluid Bear Marijuana Grinder Wholesale"},{"@type":"BreadcrumbList","@id":"https:\/\/global-hookah.com\/product\/2024-new-four-layer-fluid-bear-marijuana-grinder-wholesale\/#breadcrumb","itemListElement":[{"@type":"ListItem","position":1,"name":"Home","item":"https:\/\/global-hookah.com\/"},{"@type":"ListItem","position":2,"name":"Shop","item":"https:\/\/global-hookah.com\/shop\/"},{"@type":"ListItem","position":3,"name":"2024 New Four-layer Fluid Bear Marijuana Grinder Wholesale"}]},{"@type":"WebSite","@id":"https:\/\/global-hookah.com\/#website","url":"https:\/\/global-hookah.com\/","name":"Globale Wasserpfeife","description":"Globale Wasserpfeife","publisher":{"@id":"https:\/\/global-hookah.com\/#organization"},"potentialAction":[{"@type":"SearchAction","target":{"@type":"EntryPoint","urlTemplate":"https:\/\/global-hookah.com\/?s={search_term_string}"},"query-input":{"@type":"PropertyValueSpecification","valueRequired":true,"valueName":"search_term_string"}}],"inLanguage":"de"},{"@type":"Organization","@id":"https:\/\/global-hookah.com\/#organization","name":"Globale Wasserpfeife","url":"https:\/\/global-hookah.com\/","logo":{"@type":"ImageObject","inLanguage":"de","@id":"https:\/\/global-hookah.com\/#\/schema\/logo\/image\/","url":"https:\/\/global-hookah.com\/wp-content\/uploads\/2021\/10\/cropped-fgg.png","contentUrl":"https:\/\/global-hookah.com\/wp-content\/uploads\/2021\/10\/cropped-fgg.png","width":512,"height":512,"caption":"Global Hookah"},"image":{"@id":"https:\/\/global-hookah.com\/#\/schema\/logo\/image\/"}}]}},"_links":{"self":[{"href":"https:\/\/global-hookah.com\/de\/wp-json\/wp\/v2\/product\/30479","targetHints":{"allow":["GET"]}}],"collection":[{"href":"https:\/\/global-hookah.com\/de\/wp-json\/wp\/v2\/product"}],"about":[{"href":"https:\/\/global-hookah.com\/de\/wp-json\/wp\/v2\/types\/product"}],"replies":[{"embeddable":true,"href":"https:\/\/global-hookah.com\/de\/wp-json\/wp\/v2\/comments?post=30479"}],"version-history":[{"count":0,"href":"https:\/\/global-hookah.com\/de\/wp-json\/wp\/v2\/product\/30479\/revisions"}],"wp:featuredmedia":[{"embeddable":true,"href":"https:\/\/global-hookah.com\/de\/wp-json\/wp\/v2\/media\/30485"}],"wp:attachment":[{"href":"https:\/\/global-hookah.com\/de\/wp-json\/wp\/v2\/media?parent=30479"}],"wp:term":[{"taxonomy":"product_brand","embeddable":true,"href":"https:\/\/global-hookah.com\/de\/wp-json\/wp\/v2\/product_brand?post=30479"},{"taxonomy":"product_cat","embeddable":true,"href":"https:\/\/global-hookah.com\/de\/wp-json\/wp\/v2\/product_cat?post=30479"},{"taxonomy":"product_tag","embeddable":true,"href":"https:\/\/global-hookah.com\/de\/wp-json\/wp\/v2\/product_tag?post=30479"}],"curies":[{"name":"wp","href":"https:\/\/api.w.org\/{rel}","templated":true}]}}