{"id":30782,"date":"2024-10-20T07:32:18","date_gmt":"2024-10-20T07:32:18","guid":{"rendered":"https:\/\/global-hookah.com\/?post_type=product&#038;p=30782"},"modified":"2024-10-20T07:32:18","modified_gmt":"2024-10-20T07:32:18","slug":"customizable-cartoon-small-silicone-bong","status":"publish","type":"product","link":"https:\/\/global-hookah.com\/de\/produkt\/customizable-cartoon-small-silicone-bong\/","title":{"rendered":"Anpassbare Cartoon kleine Silikonbong"},"content":{"rendered":"<ul>\n<li><strong>Farbe<\/strong>: Gemischt<\/li>\n<li>Art: <a href=\"https:\/\/global-hookah.com\/product-category\/bong-wholesale\/silicone-bong-wholesale\/\">Silikonbong<\/a><\/li>\n<li><strong>Gr\u00f6\u00dfe<\/strong>: Gro\u00dfes Format 120mm<\/li>\n<li><strong>Stil<\/strong>: Cartoon, Amerikanisch, Niedlich, Einfach<\/li>\n<\/ul>","protected":false},"excerpt":{"rendered":"<p>Farbe: Gemischt Typ: Silikonbong Gr\u00f6\u00dfe: Gro\u00dfe Gr\u00f6\u00dfe 120mm Stil: Cartoon, Amerikanisch, Niedlich, Einfach<\/p>","protected":false},"featured_media":30786,"comment_status":"closed","ping_status":"closed","template":"","meta":{"iawp_total_views":0,"_joinchat":[]},"product_brand":[],"product_cat":[249,534],"product_tag":[],"class_list":{"0":"post-30782","1":"product","2":"type-product","3":"status-publish","4":"has-post-thumbnail","6":"product_cat-bong-wholesale","7":"product_cat-silicone-bong-wholesale","9":"first","10":"instock","11":"shipping-taxable","12":"product-type-simple"},"yoast_head":"<!-- This site is optimized with the Yoast SEO Premium plugin v24.7 (Yoast SEO v26.8) - https:\/\/yoast.com\/product\/yoast-seo-premium-wordpress\/ -->\n<title>Customizable Cartoon Small Silicone Bong - Global Hookah<\/title>\n<meta name=\"robots\" content=\"index, follow, max-snippet:-1, max-image-preview:large, max-video-preview:-1\" \/>\n<link rel=\"canonical\" href=\"https:\/\/global-hookah.com\/de\/produkt\/customizable-cartoon-small-silicone-bong\/\" \/>\n<meta property=\"og:locale\" content=\"de_DE\" \/>\n<meta property=\"og:type\" content=\"article\" \/>\n<meta property=\"og:title\" content=\"Customizable Cartoon Small Silicone Bong\" \/>\n<meta property=\"og:description\" content=\"Color: Mixed Type: Silicone bong Size: Large size 120mm Style: Cartoon, American, Cute, Simple\" \/>\n<meta property=\"og:url\" content=\"https:\/\/global-hookah.com\/de\/produkt\/customizable-cartoon-small-silicone-bong\/\" \/>\n<meta property=\"og:site_name\" content=\"Global Hookah\" \/>\n<meta property=\"og:image\" content=\"https:\/\/global-hookah.com\/wp-content\/uploads\/2024\/10\/e236b5bb-567f-488c-960f-1868b5978265.jpg\" \/>\n\t<meta property=\"og:image:width\" content=\"800\" \/>\n\t<meta property=\"og:image:height\" content=\"800\" \/>\n\t<meta property=\"og:image:type\" content=\"image\/jpeg\" \/>\n<meta name=\"twitter:card\" content=\"summary_large_image\" \/>\n<script type=\"application\/ld+json\" class=\"yoast-schema-graph\">{\"@context\":\"https:\/\/schema.org\",\"@graph\":[{\"@type\":\"WebPage\",\"@id\":\"https:\/\/global-hookah.com\/product\/customizable-cartoon-small-silicone-bong\/\",\"url\":\"https:\/\/global-hookah.com\/product\/customizable-cartoon-small-silicone-bong\/\",\"name\":\"Customizable Cartoon Small Silicone Bong - Global Hookah\",\"isPartOf\":{\"@id\":\"https:\/\/global-hookah.com\/#website\"},\"primaryImageOfPage\":{\"@id\":\"https:\/\/global-hookah.com\/product\/customizable-cartoon-small-silicone-bong\/#primaryimage\"},\"image\":{\"@id\":\"https:\/\/global-hookah.com\/product\/customizable-cartoon-small-silicone-bong\/#primaryimage\"},\"thumbnailUrl\":\"https:\/\/global-hookah.com\/wp-content\/uploads\/2024\/10\/e236b5bb-567f-488c-960f-1868b5978265.jpg\",\"datePublished\":\"2024-10-20T07:32:18+00:00\",\"breadcrumb\":{\"@id\":\"https:\/\/global-hookah.com\/product\/customizable-cartoon-small-silicone-bong\/#breadcrumb\"},\"inLanguage\":\"de\",\"potentialAction\":[{\"@type\":\"ReadAction\",\"target\":[\"https:\/\/global-hookah.com\/product\/customizable-cartoon-small-silicone-bong\/\"]}]},{\"@type\":\"ImageObject\",\"inLanguage\":\"de\",\"@id\":\"https:\/\/global-hookah.com\/product\/customizable-cartoon-small-silicone-bong\/#primaryimage\",\"url\":\"https:\/\/global-hookah.com\/wp-content\/uploads\/2024\/10\/e236b5bb-567f-488c-960f-1868b5978265.jpg\",\"contentUrl\":\"https:\/\/global-hookah.com\/wp-content\/uploads\/2024\/10\/e236b5bb-567f-488c-960f-1868b5978265.jpg\",\"width\":800,\"height\":800,\"caption\":\"Small Silicone Bong\"},{\"@type\":\"BreadcrumbList\",\"@id\":\"https:\/\/global-hookah.com\/product\/customizable-cartoon-small-silicone-bong\/#breadcrumb\",\"itemListElement\":[{\"@type\":\"ListItem\",\"position\":1,\"name\":\"Home\",\"item\":\"https:\/\/global-hookah.com\/\"},{\"@type\":\"ListItem\",\"position\":2,\"name\":\"Shop\",\"item\":\"https:\/\/global-hookah.com\/shop\/\"},{\"@type\":\"ListItem\",\"position\":3,\"name\":\"Customizable Cartoon Small Silicone Bong\"}]},{\"@type\":\"WebSite\",\"@id\":\"https:\/\/global-hookah.com\/#website\",\"url\":\"https:\/\/global-hookah.com\/\",\"name\":\"Global Hookah\",\"description\":\"Global Hookah\",\"publisher\":{\"@id\":\"https:\/\/global-hookah.com\/#organization\"},\"potentialAction\":[{\"@type\":\"SearchAction\",\"target\":{\"@type\":\"EntryPoint\",\"urlTemplate\":\"https:\/\/global-hookah.com\/?s={search_term_string}\"},\"query-input\":{\"@type\":\"PropertyValueSpecification\",\"valueRequired\":true,\"valueName\":\"search_term_string\"}}],\"inLanguage\":\"de\"},{\"@type\":\"Organization\",\"@id\":\"https:\/\/global-hookah.com\/#organization\",\"name\":\"Global Hookah\",\"url\":\"https:\/\/global-hookah.com\/\",\"logo\":{\"@type\":\"ImageObject\",\"inLanguage\":\"de\",\"@id\":\"https:\/\/global-hookah.com\/#\/schema\/logo\/image\/\",\"url\":\"https:\/\/global-hookah.com\/wp-content\/uploads\/2021\/10\/cropped-fgg.png\",\"contentUrl\":\"https:\/\/global-hookah.com\/wp-content\/uploads\/2021\/10\/cropped-fgg.png\",\"width\":512,\"height\":512,\"caption\":\"Global Hookah\"},\"image\":{\"@id\":\"https:\/\/global-hookah.com\/#\/schema\/logo\/image\/\"}}]}<\/script>\n<!-- \/ Yoast SEO Premium plugin. -->","yoast_head_json":{"title":"Anpassbare Cartoon kleine Silikon Bong - Global Hookah","robots":{"index":"index","follow":"follow","max-snippet":"max-snippet:-1","max-image-preview":"max-image-preview:large","max-video-preview":"max-video-preview:-1"},"canonical":"https:\/\/global-hookah.com\/de\/produkt\/customizable-cartoon-small-silicone-bong\/","og_locale":"de_DE","og_type":"article","og_title":"Customizable Cartoon Small Silicone Bong","og_description":"Color: Mixed Type: Silicone bong Size: Large size 120mm Style: Cartoon, American, Cute, Simple","og_url":"https:\/\/global-hookah.com\/de\/produkt\/customizable-cartoon-small-silicone-bong\/","og_site_name":"Global Hookah","og_image":[{"width":800,"height":800,"url":"https:\/\/global-hookah.com\/wp-content\/uploads\/2024\/10\/e236b5bb-567f-488c-960f-1868b5978265.jpg","type":"image\/jpeg"}],"twitter_card":"summary_large_image","schema":{"@context":"https:\/\/schema.org","@graph":[{"@type":"WebPage","@id":"https:\/\/global-hookah.com\/product\/customizable-cartoon-small-silicone-bong\/","url":"https:\/\/global-hookah.com\/product\/customizable-cartoon-small-silicone-bong\/","name":"Anpassbare Cartoon kleine Silikon Bong - Global Hookah","isPartOf":{"@id":"https:\/\/global-hookah.com\/#website"},"primaryImageOfPage":{"@id":"https:\/\/global-hookah.com\/product\/customizable-cartoon-small-silicone-bong\/#primaryimage"},"image":{"@id":"https:\/\/global-hookah.com\/product\/customizable-cartoon-small-silicone-bong\/#primaryimage"},"thumbnailUrl":"https:\/\/global-hookah.com\/wp-content\/uploads\/2024\/10\/e236b5bb-567f-488c-960f-1868b5978265.jpg","datePublished":"2024-10-20T07:32:18+00:00","breadcrumb":{"@id":"https:\/\/global-hookah.com\/product\/customizable-cartoon-small-silicone-bong\/#breadcrumb"},"inLanguage":"de","potentialAction":[{"@type":"ReadAction","target":["https:\/\/global-hookah.com\/product\/customizable-cartoon-small-silicone-bong\/"]}]},{"@type":"ImageObject","inLanguage":"de","@id":"https:\/\/global-hookah.com\/product\/customizable-cartoon-small-silicone-bong\/#primaryimage","url":"https:\/\/global-hookah.com\/wp-content\/uploads\/2024\/10\/e236b5bb-567f-488c-960f-1868b5978265.jpg","contentUrl":"https:\/\/global-hookah.com\/wp-content\/uploads\/2024\/10\/e236b5bb-567f-488c-960f-1868b5978265.jpg","width":800,"height":800,"caption":"Small Silicone Bong"},{"@type":"BreadcrumbList","@id":"https:\/\/global-hookah.com\/product\/customizable-cartoon-small-silicone-bong\/#breadcrumb","itemListElement":[{"@type":"ListItem","position":1,"name":"Home","item":"https:\/\/global-hookah.com\/"},{"@type":"ListItem","position":2,"name":"Shop","item":"https:\/\/global-hookah.com\/shop\/"},{"@type":"ListItem","position":3,"name":"Customizable Cartoon Small Silicone Bong"}]},{"@type":"WebSite","@id":"https:\/\/global-hookah.com\/#website","url":"https:\/\/global-hookah.com\/","name":"Globale Wasserpfeife","description":"Globale Wasserpfeife","publisher":{"@id":"https:\/\/global-hookah.com\/#organization"},"potentialAction":[{"@type":"SearchAction","target":{"@type":"EntryPoint","urlTemplate":"https:\/\/global-hookah.com\/?s={search_term_string}"},"query-input":{"@type":"PropertyValueSpecification","valueRequired":true,"valueName":"search_term_string"}}],"inLanguage":"de"},{"@type":"Organization","@id":"https:\/\/global-hookah.com\/#organization","name":"Globale Wasserpfeife","url":"https:\/\/global-hookah.com\/","logo":{"@type":"ImageObject","inLanguage":"de","@id":"https:\/\/global-hookah.com\/#\/schema\/logo\/image\/","url":"https:\/\/global-hookah.com\/wp-content\/uploads\/2021\/10\/cropped-fgg.png","contentUrl":"https:\/\/global-hookah.com\/wp-content\/uploads\/2021\/10\/cropped-fgg.png","width":512,"height":512,"caption":"Global Hookah"},"image":{"@id":"https:\/\/global-hookah.com\/#\/schema\/logo\/image\/"}}]}},"_links":{"self":[{"href":"https:\/\/global-hookah.com\/de\/wp-json\/wp\/v2\/product\/30782","targetHints":{"allow":["GET"]}}],"collection":[{"href":"https:\/\/global-hookah.com\/de\/wp-json\/wp\/v2\/product"}],"about":[{"href":"https:\/\/global-hookah.com\/de\/wp-json\/wp\/v2\/types\/product"}],"replies":[{"embeddable":true,"href":"https:\/\/global-hookah.com\/de\/wp-json\/wp\/v2\/comments?post=30782"}],"version-history":[{"count":0,"href":"https:\/\/global-hookah.com\/de\/wp-json\/wp\/v2\/product\/30782\/revisions"}],"wp:featuredmedia":[{"embeddable":true,"href":"https:\/\/global-hookah.com\/de\/wp-json\/wp\/v2\/media\/30786"}],"wp:attachment":[{"href":"https:\/\/global-hookah.com\/de\/wp-json\/wp\/v2\/media?parent=30782"}],"wp:term":[{"taxonomy":"product_brand","embeddable":true,"href":"https:\/\/global-hookah.com\/de\/wp-json\/wp\/v2\/product_brand?post=30782"},{"taxonomy":"product_cat","embeddable":true,"href":"https:\/\/global-hookah.com\/de\/wp-json\/wp\/v2\/product_cat?post=30782"},{"taxonomy":"product_tag","embeddable":true,"href":"https:\/\/global-hookah.com\/de\/wp-json\/wp\/v2\/product_tag?post=30782"}],"curies":[{"name":"wp","href":"https:\/\/api.w.org\/{rel}","templated":true}]}}