{"id":30798,"date":"2024-10-20T07:46:16","date_gmt":"2024-10-20T07:46:16","guid":{"rendered":"https:\/\/global-hookah.com\/?post_type=product&#038;p=30798"},"modified":"2024-10-20T07:52:51","modified_gmt":"2024-10-20T07:52:51","slug":"devil-fruit-shape-silicone-weed-bong-wholesale","status":"publish","type":"product","link":"https:\/\/global-hookah.com\/de\/produkt\/devil-fruit-shape-silicone-weed-bong-wholesale\/","title":{"rendered":"Devil Fruit Form Silikon Weed Bong Gro\u00dfhandel"},"content":{"rendered":"<p>Material: Der K\u00f6rper ist aus hochwertigem Silikon und kommt mit einem Glas-Downstem und Bowl, um eine effektive Rauchfilterung und K\u00fchlung zu gew\u00e4hrleisten.<\/p>\n<p>Art: <a href=\"https:\/\/global-hookah.com\/product-category\/bong-wholesale\/silicone-bong-wholesale\/\">Silikonbong<\/a><\/p>\n<p>Gr\u00f6\u00dfe: Tragbares Design, ergonomisch geformt<\/p>\n<p>Design-Stil: Das \u00c4u\u00dfere erinnert an die \"Teufelsfrucht\" aus dem Anime, mit einzigartigen, strukturierten Mustern auf der Oberfl\u00e4che.<\/p>","protected":false},"excerpt":{"rendered":"<p>Material: Der K\u00f6rper ist aus hochwertigem Silikon gefertigt und kommt mit einem Glas Downstem und Bowl, um effektiven Rauch zu gew\u00e4hrleisten<\/p>","protected":false},"featured_media":30799,"comment_status":"closed","ping_status":"closed","template":"","meta":{"iawp_total_views":76,"_joinchat":[]},"product_brand":[],"product_cat":[249,534],"product_tag":[],"class_list":{"0":"post-30798","1":"product","2":"type-product","3":"status-publish","4":"has-post-thumbnail","6":"product_cat-bong-wholesale","7":"product_cat-silicone-bong-wholesale","9":"first","10":"instock","11":"shipping-taxable","12":"product-type-external"},"yoast_head":"<!-- This site is optimized with the Yoast SEO Premium plugin v24.7 (Yoast SEO v26.8) - https:\/\/yoast.com\/product\/yoast-seo-premium-wordpress\/ -->\n<title>Devil Fruit Shape Silicone Weed Bong Wholesale - Global Hookah<\/title>\n<meta name=\"robots\" content=\"index, follow, max-snippet:-1, max-image-preview:large, max-video-preview:-1\" \/>\n<link rel=\"canonical\" href=\"https:\/\/global-hookah.com\/de\/produkt\/devil-fruit-shape-silicone-weed-bong-wholesale\/\" \/>\n<meta property=\"og:locale\" content=\"de_DE\" \/>\n<meta property=\"og:type\" content=\"article\" \/>\n<meta property=\"og:title\" content=\"Devil Fruit Shape Silicone Weed Bong Wholesale\" \/>\n<meta property=\"og:description\" content=\"Material: The body is made of high-quality silicone and comes with a glass downstem and bowl to ensure effective smoke\" \/>\n<meta property=\"og:url\" content=\"https:\/\/global-hookah.com\/de\/produkt\/devil-fruit-shape-silicone-weed-bong-wholesale\/\" \/>\n<meta property=\"og:site_name\" content=\"Global Hookah\" \/>\n<meta property=\"article:modified_time\" content=\"2024-10-20T07:52:51+00:00\" \/>\n<meta property=\"og:image\" content=\"https:\/\/global-hookah.com\/wp-content\/uploads\/2024\/10\/fb5cb600-14f9-4deb-878c-329b5595d198.jpg\" \/>\n\t<meta property=\"og:image:width\" content=\"636\" \/>\n\t<meta property=\"og:image:height\" content=\"636\" \/>\n\t<meta property=\"og:image:type\" content=\"image\/jpeg\" \/>\n<meta name=\"twitter:card\" content=\"summary_large_image\" \/>\n<script type=\"application\/ld+json\" class=\"yoast-schema-graph\">{\"@context\":\"https:\/\/schema.org\",\"@graph\":[{\"@type\":\"WebPage\",\"@id\":\"https:\/\/global-hookah.com\/product\/devil-fruit-shape-silicone-weed-bong-wholesale\/\",\"url\":\"https:\/\/global-hookah.com\/product\/devil-fruit-shape-silicone-weed-bong-wholesale\/\",\"name\":\"Devil Fruit Shape Silicone Weed Bong Wholesale - Global Hookah\",\"isPartOf\":{\"@id\":\"https:\/\/global-hookah.com\/#website\"},\"primaryImageOfPage\":{\"@id\":\"https:\/\/global-hookah.com\/product\/devil-fruit-shape-silicone-weed-bong-wholesale\/#primaryimage\"},\"image\":{\"@id\":\"https:\/\/global-hookah.com\/product\/devil-fruit-shape-silicone-weed-bong-wholesale\/#primaryimage\"},\"thumbnailUrl\":\"https:\/\/global-hookah.com\/wp-content\/uploads\/2024\/10\/fb5cb600-14f9-4deb-878c-329b5595d198.jpg\",\"datePublished\":\"2024-10-20T07:46:16+00:00\",\"dateModified\":\"2024-10-20T07:52:51+00:00\",\"breadcrumb\":{\"@id\":\"https:\/\/global-hookah.com\/product\/devil-fruit-shape-silicone-weed-bong-wholesale\/#breadcrumb\"},\"inLanguage\":\"de\",\"potentialAction\":[{\"@type\":\"ReadAction\",\"target\":[\"https:\/\/global-hookah.com\/product\/devil-fruit-shape-silicone-weed-bong-wholesale\/\"]}]},{\"@type\":\"ImageObject\",\"inLanguage\":\"de\",\"@id\":\"https:\/\/global-hookah.com\/product\/devil-fruit-shape-silicone-weed-bong-wholesale\/#primaryimage\",\"url\":\"https:\/\/global-hookah.com\/wp-content\/uploads\/2024\/10\/fb5cb600-14f9-4deb-878c-329b5595d198.jpg\",\"contentUrl\":\"https:\/\/global-hookah.com\/wp-content\/uploads\/2024\/10\/fb5cb600-14f9-4deb-878c-329b5595d198.jpg\",\"width\":636,\"height\":636},{\"@type\":\"BreadcrumbList\",\"@id\":\"https:\/\/global-hookah.com\/product\/devil-fruit-shape-silicone-weed-bong-wholesale\/#breadcrumb\",\"itemListElement\":[{\"@type\":\"ListItem\",\"position\":1,\"name\":\"Home\",\"item\":\"https:\/\/global-hookah.com\/\"},{\"@type\":\"ListItem\",\"position\":2,\"name\":\"Shop\",\"item\":\"https:\/\/global-hookah.com\/shop\/\"},{\"@type\":\"ListItem\",\"position\":3,\"name\":\"Devil Fruit Shape Silicone Weed Bong Wholesale\"}]},{\"@type\":\"WebSite\",\"@id\":\"https:\/\/global-hookah.com\/#website\",\"url\":\"https:\/\/global-hookah.com\/\",\"name\":\"Global Hookah\",\"description\":\"Global Hookah\",\"publisher\":{\"@id\":\"https:\/\/global-hookah.com\/#organization\"},\"potentialAction\":[{\"@type\":\"SearchAction\",\"target\":{\"@type\":\"EntryPoint\",\"urlTemplate\":\"https:\/\/global-hookah.com\/?s={search_term_string}\"},\"query-input\":{\"@type\":\"PropertyValueSpecification\",\"valueRequired\":true,\"valueName\":\"search_term_string\"}}],\"inLanguage\":\"de\"},{\"@type\":\"Organization\",\"@id\":\"https:\/\/global-hookah.com\/#organization\",\"name\":\"Global Hookah\",\"url\":\"https:\/\/global-hookah.com\/\",\"logo\":{\"@type\":\"ImageObject\",\"inLanguage\":\"de\",\"@id\":\"https:\/\/global-hookah.com\/#\/schema\/logo\/image\/\",\"url\":\"https:\/\/global-hookah.com\/wp-content\/uploads\/2021\/10\/cropped-fgg.png\",\"contentUrl\":\"https:\/\/global-hookah.com\/wp-content\/uploads\/2021\/10\/cropped-fgg.png\",\"width\":512,\"height\":512,\"caption\":\"Global Hookah\"},\"image\":{\"@id\":\"https:\/\/global-hookah.com\/#\/schema\/logo\/image\/\"}}]}<\/script>\n<!-- \/ Yoast SEO Premium plugin. -->","yoast_head_json":{"title":"Devil Fruit Form Silikon Weed Bong Gro\u00dfhandel - Global Hookah","robots":{"index":"index","follow":"follow","max-snippet":"max-snippet:-1","max-image-preview":"max-image-preview:large","max-video-preview":"max-video-preview:-1"},"canonical":"https:\/\/global-hookah.com\/de\/produkt\/devil-fruit-shape-silicone-weed-bong-wholesale\/","og_locale":"de_DE","og_type":"article","og_title":"Devil Fruit Shape Silicone Weed Bong Wholesale","og_description":"Material: The body is made of high-quality silicone and comes with a glass downstem and bowl to ensure effective smoke","og_url":"https:\/\/global-hookah.com\/de\/produkt\/devil-fruit-shape-silicone-weed-bong-wholesale\/","og_site_name":"Global Hookah","article_modified_time":"2024-10-20T07:52:51+00:00","og_image":[{"width":636,"height":636,"url":"https:\/\/global-hookah.com\/wp-content\/uploads\/2024\/10\/fb5cb600-14f9-4deb-878c-329b5595d198.jpg","type":"image\/jpeg"}],"twitter_card":"summary_large_image","schema":{"@context":"https:\/\/schema.org","@graph":[{"@type":"WebPage","@id":"https:\/\/global-hookah.com\/product\/devil-fruit-shape-silicone-weed-bong-wholesale\/","url":"https:\/\/global-hookah.com\/product\/devil-fruit-shape-silicone-weed-bong-wholesale\/","name":"Devil Fruit Form Silikon Weed Bong Gro\u00dfhandel - Global Hookah","isPartOf":{"@id":"https:\/\/global-hookah.com\/#website"},"primaryImageOfPage":{"@id":"https:\/\/global-hookah.com\/product\/devil-fruit-shape-silicone-weed-bong-wholesale\/#primaryimage"},"image":{"@id":"https:\/\/global-hookah.com\/product\/devil-fruit-shape-silicone-weed-bong-wholesale\/#primaryimage"},"thumbnailUrl":"https:\/\/global-hookah.com\/wp-content\/uploads\/2024\/10\/fb5cb600-14f9-4deb-878c-329b5595d198.jpg","datePublished":"2024-10-20T07:46:16+00:00","dateModified":"2024-10-20T07:52:51+00:00","breadcrumb":{"@id":"https:\/\/global-hookah.com\/product\/devil-fruit-shape-silicone-weed-bong-wholesale\/#breadcrumb"},"inLanguage":"de","potentialAction":[{"@type":"ReadAction","target":["https:\/\/global-hookah.com\/product\/devil-fruit-shape-silicone-weed-bong-wholesale\/"]}]},{"@type":"ImageObject","inLanguage":"de","@id":"https:\/\/global-hookah.com\/product\/devil-fruit-shape-silicone-weed-bong-wholesale\/#primaryimage","url":"https:\/\/global-hookah.com\/wp-content\/uploads\/2024\/10\/fb5cb600-14f9-4deb-878c-329b5595d198.jpg","contentUrl":"https:\/\/global-hookah.com\/wp-content\/uploads\/2024\/10\/fb5cb600-14f9-4deb-878c-329b5595d198.jpg","width":636,"height":636},{"@type":"BreadcrumbList","@id":"https:\/\/global-hookah.com\/product\/devil-fruit-shape-silicone-weed-bong-wholesale\/#breadcrumb","itemListElement":[{"@type":"ListItem","position":1,"name":"Home","item":"https:\/\/global-hookah.com\/"},{"@type":"ListItem","position":2,"name":"Shop","item":"https:\/\/global-hookah.com\/shop\/"},{"@type":"ListItem","position":3,"name":"Devil Fruit Shape Silicone Weed Bong Wholesale"}]},{"@type":"WebSite","@id":"https:\/\/global-hookah.com\/#website","url":"https:\/\/global-hookah.com\/","name":"Globale Wasserpfeife","description":"Globale Wasserpfeife","publisher":{"@id":"https:\/\/global-hookah.com\/#organization"},"potentialAction":[{"@type":"SearchAction","target":{"@type":"EntryPoint","urlTemplate":"https:\/\/global-hookah.com\/?s={search_term_string}"},"query-input":{"@type":"PropertyValueSpecification","valueRequired":true,"valueName":"search_term_string"}}],"inLanguage":"de"},{"@type":"Organization","@id":"https:\/\/global-hookah.com\/#organization","name":"Globale Wasserpfeife","url":"https:\/\/global-hookah.com\/","logo":{"@type":"ImageObject","inLanguage":"de","@id":"https:\/\/global-hookah.com\/#\/schema\/logo\/image\/","url":"https:\/\/global-hookah.com\/wp-content\/uploads\/2021\/10\/cropped-fgg.png","contentUrl":"https:\/\/global-hookah.com\/wp-content\/uploads\/2021\/10\/cropped-fgg.png","width":512,"height":512,"caption":"Global Hookah"},"image":{"@id":"https:\/\/global-hookah.com\/#\/schema\/logo\/image\/"}}]}},"_links":{"self":[{"href":"https:\/\/global-hookah.com\/de\/wp-json\/wp\/v2\/product\/30798","targetHints":{"allow":["GET"]}}],"collection":[{"href":"https:\/\/global-hookah.com\/de\/wp-json\/wp\/v2\/product"}],"about":[{"href":"https:\/\/global-hookah.com\/de\/wp-json\/wp\/v2\/types\/product"}],"replies":[{"embeddable":true,"href":"https:\/\/global-hookah.com\/de\/wp-json\/wp\/v2\/comments?post=30798"}],"version-history":[{"count":0,"href":"https:\/\/global-hookah.com\/de\/wp-json\/wp\/v2\/product\/30798\/revisions"}],"wp:featuredmedia":[{"embeddable":true,"href":"https:\/\/global-hookah.com\/de\/wp-json\/wp\/v2\/media\/30799"}],"wp:attachment":[{"href":"https:\/\/global-hookah.com\/de\/wp-json\/wp\/v2\/media?parent=30798"}],"wp:term":[{"taxonomy":"product_brand","embeddable":true,"href":"https:\/\/global-hookah.com\/de\/wp-json\/wp\/v2\/product_brand?post=30798"},{"taxonomy":"product_cat","embeddable":true,"href":"https:\/\/global-hookah.com\/de\/wp-json\/wp\/v2\/product_cat?post=30798"},{"taxonomy":"product_tag","embeddable":true,"href":"https:\/\/global-hookah.com\/de\/wp-json\/wp\/v2\/product_tag?post=30798"}],"curies":[{"name":"wp","href":"https:\/\/api.w.org\/{rel}","templated":true}]}}