{"id":30872,"date":"2024-10-23T03:29:35","date_gmt":"2024-10-23T03:29:35","guid":{"rendered":"https:\/\/global-hookah.com\/?post_type=product&#038;p=30872"},"modified":"2024-10-24T08:13:34","modified_gmt":"2024-10-24T08:13:34","slug":"lion-head-design-resin-weed-hookah-wholesale","status":"publish","type":"product","link":"https:\/\/global-hookah.com\/de\/produkt\/lion-head-design-resin-weed-hookah-wholesale\/","title":{"rendered":"Lion Head Design Harz Unkraut Wasserpfeife Gro\u00dfhandel"},"content":{"rendered":"<p>Vermutlich haben Sie, wie ich, eine besondere Vorliebe f\u00fcr L\u00f6wen. Heute empfehle ich Ihnen dringend die <strong>Handgefertigte L\u00f6wen Kopf Harz Wasserpfeife<\/strong> von unserem Designer Jesse. Diese einzigartige L\u00f6wenkopf Wasserpfeife, ich denke, es kann definitiv bringen Sie eine ganz neue Erfahrung zu rauchen.<\/p>\n<p>Meiner Meinung nach ist jedes Detail dieser <strong>L\u00f6wenkopf Design Harz Wasserpfeife<\/strong> wurde von unseren Designern sorgf\u00e4ltig entworfen. Sie k\u00f6nnen sehen, dass die Form des L\u00f6wenkopfes sehr sch\u00f6n ist. Wir wissen, dass eine gute Wasserpfeife muss gut in jedem Detail gestaltet werden, so dass diese Wasserpfeife ist eine erfolgreiche Arbeit.<\/p>\n<p>Wenn Sie keine M\u00f6glichkeit gefunden haben, eine <a href=\"https:\/\/global-hookah.com\/product-category\/wholesale-hookah\/\">unverwechselbare Wasserpfeife<\/a>Ich hoffe wirklich, dass Sie sich mit uns in Verbindung setzen k\u00f6nnen, um diese Wasserpfeife in Chargen zu fertigen, damit Sie Ihren Bekanntheitsgrad steigern k\u00f6nnen.<\/p>","protected":false},"excerpt":{"rendered":"<p>Vermutlich haben Sie, wie ich, eine besondere Vorliebe f\u00fcr L\u00f6wen. Heute empfehle ich Ihnen unbedingt den handgefertigten L\u00f6wenkopf<\/p>","protected":false},"featured_media":30873,"comment_status":"closed","ping_status":"closed","template":"","meta":{"iawp_total_views":5,"_joinchat":[]},"product_brand":[],"product_cat":[119],"product_tag":[],"class_list":{"0":"post-30872","1":"product","2":"type-product","3":"status-publish","4":"has-post-thumbnail","6":"product_cat-wholesale-hookah","8":"first","9":"instock","10":"shipping-taxable","11":"product-type-external"},"yoast_head":"<!-- This site is optimized with the Yoast SEO Premium plugin v24.7 (Yoast SEO v26.8) - https:\/\/yoast.com\/product\/yoast-seo-premium-wordpress\/ -->\n<title>Lion Head Design Resin Weed Hookah Wholesale - Global Hookah<\/title>\n<meta name=\"robots\" content=\"index, follow, max-snippet:-1, max-image-preview:large, max-video-preview:-1\" \/>\n<link rel=\"canonical\" href=\"https:\/\/global-hookah.com\/de\/produkt\/lion-head-design-resin-weed-hookah-wholesale\/\" \/>\n<meta property=\"og:locale\" content=\"de_DE\" \/>\n<meta property=\"og:type\" content=\"article\" \/>\n<meta property=\"og:title\" content=\"Lion Head Design Resin Weed Hookah Wholesale\" \/>\n<meta property=\"og:description\" content=\"Presumably, you, like me, have a special liking for lions. Today, I strongly recommend to you the handmade lion head\" \/>\n<meta property=\"og:url\" content=\"https:\/\/global-hookah.com\/de\/produkt\/lion-head-design-resin-weed-hookah-wholesale\/\" \/>\n<meta property=\"og:site_name\" content=\"Global Hookah\" \/>\n<meta property=\"article:modified_time\" content=\"2024-10-24T08:13:34+00:00\" \/>\n<meta property=\"og:image\" content=\"https:\/\/global-hookah.com\/wp-content\/uploads\/2024\/10\/81bf1605be39340fd7275c959b823cd.jpg\" \/>\n\t<meta property=\"og:image:width\" content=\"1080\" \/>\n\t<meta property=\"og:image:height\" content=\"1439\" \/>\n\t<meta property=\"og:image:type\" content=\"image\/jpeg\" \/>\n<meta name=\"twitter:card\" content=\"summary_large_image\" \/>\n<meta name=\"twitter:label1\" content=\"Gesch\u00e4tzte Lesezeit\" \/>\n\t<meta name=\"twitter:data1\" content=\"1\u00a0Minute\" \/>\n<script type=\"application\/ld+json\" class=\"yoast-schema-graph\">{\"@context\":\"https:\/\/schema.org\",\"@graph\":[{\"@type\":\"WebPage\",\"@id\":\"https:\/\/global-hookah.com\/product\/lion-head-design-resin-weed-hookah-wholesale\/\",\"url\":\"https:\/\/global-hookah.com\/product\/lion-head-design-resin-weed-hookah-wholesale\/\",\"name\":\"Lion Head Design Resin Weed Hookah Wholesale - Global Hookah\",\"isPartOf\":{\"@id\":\"https:\/\/global-hookah.com\/#website\"},\"primaryImageOfPage\":{\"@id\":\"https:\/\/global-hookah.com\/product\/lion-head-design-resin-weed-hookah-wholesale\/#primaryimage\"},\"image\":{\"@id\":\"https:\/\/global-hookah.com\/product\/lion-head-design-resin-weed-hookah-wholesale\/#primaryimage\"},\"thumbnailUrl\":\"https:\/\/global-hookah.com\/wp-content\/uploads\/2024\/10\/81bf1605be39340fd7275c959b823cd.jpg\",\"datePublished\":\"2024-10-23T03:29:35+00:00\",\"dateModified\":\"2024-10-24T08:13:34+00:00\",\"breadcrumb\":{\"@id\":\"https:\/\/global-hookah.com\/product\/lion-head-design-resin-weed-hookah-wholesale\/#breadcrumb\"},\"inLanguage\":\"de\",\"potentialAction\":[{\"@type\":\"ReadAction\",\"target\":[\"https:\/\/global-hookah.com\/product\/lion-head-design-resin-weed-hookah-wholesale\/\"]}]},{\"@type\":\"ImageObject\",\"inLanguage\":\"de\",\"@id\":\"https:\/\/global-hookah.com\/product\/lion-head-design-resin-weed-hookah-wholesale\/#primaryimage\",\"url\":\"https:\/\/global-hookah.com\/wp-content\/uploads\/2024\/10\/81bf1605be39340fd7275c959b823cd.jpg\",\"contentUrl\":\"https:\/\/global-hookah.com\/wp-content\/uploads\/2024\/10\/81bf1605be39340fd7275c959b823cd.jpg\",\"width\":1080,\"height\":1439},{\"@type\":\"BreadcrumbList\",\"@id\":\"https:\/\/global-hookah.com\/product\/lion-head-design-resin-weed-hookah-wholesale\/#breadcrumb\",\"itemListElement\":[{\"@type\":\"ListItem\",\"position\":1,\"name\":\"Home\",\"item\":\"https:\/\/global-hookah.com\/\"},{\"@type\":\"ListItem\",\"position\":2,\"name\":\"Shop\",\"item\":\"https:\/\/global-hookah.com\/shop\/\"},{\"@type\":\"ListItem\",\"position\":3,\"name\":\"Lion Head Design Resin Weed Hookah Wholesale\"}]},{\"@type\":\"WebSite\",\"@id\":\"https:\/\/global-hookah.com\/#website\",\"url\":\"https:\/\/global-hookah.com\/\",\"name\":\"Global Hookah\",\"description\":\"Global Hookah\",\"publisher\":{\"@id\":\"https:\/\/global-hookah.com\/#organization\"},\"potentialAction\":[{\"@type\":\"SearchAction\",\"target\":{\"@type\":\"EntryPoint\",\"urlTemplate\":\"https:\/\/global-hookah.com\/?s={search_term_string}\"},\"query-input\":{\"@type\":\"PropertyValueSpecification\",\"valueRequired\":true,\"valueName\":\"search_term_string\"}}],\"inLanguage\":\"de\"},{\"@type\":\"Organization\",\"@id\":\"https:\/\/global-hookah.com\/#organization\",\"name\":\"Global Hookah\",\"url\":\"https:\/\/global-hookah.com\/\",\"logo\":{\"@type\":\"ImageObject\",\"inLanguage\":\"de\",\"@id\":\"https:\/\/global-hookah.com\/#\/schema\/logo\/image\/\",\"url\":\"https:\/\/global-hookah.com\/wp-content\/uploads\/2021\/10\/cropped-fgg.png\",\"contentUrl\":\"https:\/\/global-hookah.com\/wp-content\/uploads\/2021\/10\/cropped-fgg.png\",\"width\":512,\"height\":512,\"caption\":\"Global Hookah\"},\"image\":{\"@id\":\"https:\/\/global-hookah.com\/#\/schema\/logo\/image\/\"}}]}<\/script>\n<!-- \/ Yoast SEO Premium plugin. -->","yoast_head_json":{"title":"Lion Head Design Harz Unkraut Wasserpfeife Gro\u00dfhandel - Global Hookah","robots":{"index":"index","follow":"follow","max-snippet":"max-snippet:-1","max-image-preview":"max-image-preview:large","max-video-preview":"max-video-preview:-1"},"canonical":"https:\/\/global-hookah.com\/de\/produkt\/lion-head-design-resin-weed-hookah-wholesale\/","og_locale":"de_DE","og_type":"article","og_title":"Lion Head Design Resin Weed Hookah Wholesale","og_description":"Presumably, you, like me, have a special liking for lions. Today, I strongly recommend to you the handmade lion head","og_url":"https:\/\/global-hookah.com\/de\/produkt\/lion-head-design-resin-weed-hookah-wholesale\/","og_site_name":"Global Hookah","article_modified_time":"2024-10-24T08:13:34+00:00","og_image":[{"width":1080,"height":1439,"url":"https:\/\/global-hookah.com\/wp-content\/uploads\/2024\/10\/81bf1605be39340fd7275c959b823cd.jpg","type":"image\/jpeg"}],"twitter_card":"summary_large_image","twitter_misc":{"Gesch\u00e4tzte Lesezeit":"1\u00a0Minute"},"schema":{"@context":"https:\/\/schema.org","@graph":[{"@type":"WebPage","@id":"https:\/\/global-hookah.com\/product\/lion-head-design-resin-weed-hookah-wholesale\/","url":"https:\/\/global-hookah.com\/product\/lion-head-design-resin-weed-hookah-wholesale\/","name":"Lion Head Design Harz Unkraut Wasserpfeife Gro\u00dfhandel - Global Hookah","isPartOf":{"@id":"https:\/\/global-hookah.com\/#website"},"primaryImageOfPage":{"@id":"https:\/\/global-hookah.com\/product\/lion-head-design-resin-weed-hookah-wholesale\/#primaryimage"},"image":{"@id":"https:\/\/global-hookah.com\/product\/lion-head-design-resin-weed-hookah-wholesale\/#primaryimage"},"thumbnailUrl":"https:\/\/global-hookah.com\/wp-content\/uploads\/2024\/10\/81bf1605be39340fd7275c959b823cd.jpg","datePublished":"2024-10-23T03:29:35+00:00","dateModified":"2024-10-24T08:13:34+00:00","breadcrumb":{"@id":"https:\/\/global-hookah.com\/product\/lion-head-design-resin-weed-hookah-wholesale\/#breadcrumb"},"inLanguage":"de","potentialAction":[{"@type":"ReadAction","target":["https:\/\/global-hookah.com\/product\/lion-head-design-resin-weed-hookah-wholesale\/"]}]},{"@type":"ImageObject","inLanguage":"de","@id":"https:\/\/global-hookah.com\/product\/lion-head-design-resin-weed-hookah-wholesale\/#primaryimage","url":"https:\/\/global-hookah.com\/wp-content\/uploads\/2024\/10\/81bf1605be39340fd7275c959b823cd.jpg","contentUrl":"https:\/\/global-hookah.com\/wp-content\/uploads\/2024\/10\/81bf1605be39340fd7275c959b823cd.jpg","width":1080,"height":1439},{"@type":"BreadcrumbList","@id":"https:\/\/global-hookah.com\/product\/lion-head-design-resin-weed-hookah-wholesale\/#breadcrumb","itemListElement":[{"@type":"ListItem","position":1,"name":"Home","item":"https:\/\/global-hookah.com\/"},{"@type":"ListItem","position":2,"name":"Shop","item":"https:\/\/global-hookah.com\/shop\/"},{"@type":"ListItem","position":3,"name":"Lion Head Design Resin Weed Hookah Wholesale"}]},{"@type":"WebSite","@id":"https:\/\/global-hookah.com\/#website","url":"https:\/\/global-hookah.com\/","name":"Globale Wasserpfeife","description":"Globale Wasserpfeife","publisher":{"@id":"https:\/\/global-hookah.com\/#organization"},"potentialAction":[{"@type":"SearchAction","target":{"@type":"EntryPoint","urlTemplate":"https:\/\/global-hookah.com\/?s={search_term_string}"},"query-input":{"@type":"PropertyValueSpecification","valueRequired":true,"valueName":"search_term_string"}}],"inLanguage":"de"},{"@type":"Organization","@id":"https:\/\/global-hookah.com\/#organization","name":"Globale Wasserpfeife","url":"https:\/\/global-hookah.com\/","logo":{"@type":"ImageObject","inLanguage":"de","@id":"https:\/\/global-hookah.com\/#\/schema\/logo\/image\/","url":"https:\/\/global-hookah.com\/wp-content\/uploads\/2021\/10\/cropped-fgg.png","contentUrl":"https:\/\/global-hookah.com\/wp-content\/uploads\/2021\/10\/cropped-fgg.png","width":512,"height":512,"caption":"Global Hookah"},"image":{"@id":"https:\/\/global-hookah.com\/#\/schema\/logo\/image\/"}}]}},"_links":{"self":[{"href":"https:\/\/global-hookah.com\/de\/wp-json\/wp\/v2\/product\/30872","targetHints":{"allow":["GET"]}}],"collection":[{"href":"https:\/\/global-hookah.com\/de\/wp-json\/wp\/v2\/product"}],"about":[{"href":"https:\/\/global-hookah.com\/de\/wp-json\/wp\/v2\/types\/product"}],"replies":[{"embeddable":true,"href":"https:\/\/global-hookah.com\/de\/wp-json\/wp\/v2\/comments?post=30872"}],"version-history":[{"count":0,"href":"https:\/\/global-hookah.com\/de\/wp-json\/wp\/v2\/product\/30872\/revisions"}],"wp:featuredmedia":[{"embeddable":true,"href":"https:\/\/global-hookah.com\/de\/wp-json\/wp\/v2\/media\/30873"}],"wp:attachment":[{"href":"https:\/\/global-hookah.com\/de\/wp-json\/wp\/v2\/media?parent=30872"}],"wp:term":[{"taxonomy":"product_brand","embeddable":true,"href":"https:\/\/global-hookah.com\/de\/wp-json\/wp\/v2\/product_brand?post=30872"},{"taxonomy":"product_cat","embeddable":true,"href":"https:\/\/global-hookah.com\/de\/wp-json\/wp\/v2\/product_cat?post=30872"},{"taxonomy":"product_tag","embeddable":true,"href":"https:\/\/global-hookah.com\/de\/wp-json\/wp\/v2\/product_tag?post=30872"}],"curies":[{"name":"wp","href":"https:\/\/api.w.org\/{rel}","templated":true}]}}