{"id":30877,"date":"2024-10-23T08:46:36","date_gmt":"2024-10-23T08:46:36","guid":{"rendered":"https:\/\/global-hookah.com\/?post_type=product&#038;p=30877"},"modified":"2024-10-23T08:50:16","modified_gmt":"2024-10-23T08:50:16","slug":"blue-and-white-porcelain-pattern-ceramic-weed-grinder-wholesale","status":"publish","type":"product","link":"https:\/\/global-hookah.com\/de\/produkt\/blue-and-white-porcelain-pattern-ceramic-weed-grinder-wholesale\/","title":{"rendered":"Blau und wei\u00df Porzellan Muster Keramik Unkraut Grinder Gro\u00dfhandel"},"content":{"rendered":"<ul>\n<li><strong>Produktgewicht:<\/strong> 122g<\/li>\n<li>Material: Keramik<\/li>\n<li>Art: <a href=\"https:\/\/global-hookah.com\/product-category\/wholesale-grinder\/\">R\u00e4ucherm\u00fchle<\/a><\/li>\n<li><strong>Produkt Abmessungen:<\/strong> 55 x 37 mm<\/li>\n<li><strong>Bruttogewicht:<\/strong> 15 kg<\/li>\n<li><strong>\u00c4u\u00dfere Abmessungen der Box:<\/strong> 25 x 24,5 x 31 cm<\/li>\n<li>Merkmale:<br \/>\nLanglebige Konstruktion<br \/>\nFein schleifende Z\u00e4hne<br \/>\nIntegriertes Pollensieb<br \/>\nSicherer Magnetdeckel<\/li>\n<\/ul>","protected":false},"excerpt":{"rendered":"<p>Produktgewicht: 122g Material: Keramik Typ: R\u00e4ucherm\u00fchle Produktabmessungen: 55 x 37 mm Bruttogewicht: 15 kg Au\u00dfenkarton<\/p>","protected":false},"featured_media":30881,"comment_status":"closed","ping_status":"closed","template":"","meta":{"iawp_total_views":0,"_joinchat":[]},"product_brand":[],"product_cat":[909],"product_tag":[],"class_list":{"0":"post-30877","1":"product","2":"type-product","3":"status-publish","4":"has-post-thumbnail","6":"product_cat-portable-weed-grinder-wholesale","8":"first","9":"instock","10":"shipping-taxable","11":"product-type-external"},"yoast_head":"<!-- This site is optimized with the Yoast SEO Premium plugin v24.7 (Yoast SEO v26.8) - https:\/\/yoast.com\/product\/yoast-seo-premium-wordpress\/ -->\n<title>Blue and White Porcelain Pattern Ceramic Weed Grinder Wholesale - Global Hookah<\/title>\n<meta name=\"robots\" content=\"index, follow, max-snippet:-1, max-image-preview:large, max-video-preview:-1\" \/>\n<link rel=\"canonical\" href=\"https:\/\/global-hookah.com\/de\/produkt\/blue-and-white-porcelain-pattern-ceramic-weed-grinder-wholesale\/\" \/>\n<meta property=\"og:locale\" content=\"de_DE\" \/>\n<meta property=\"og:type\" content=\"article\" \/>\n<meta property=\"og:title\" content=\"Blue and White Porcelain Pattern Ceramic Weed Grinder Wholesale\" \/>\n<meta property=\"og:description\" content=\"Product Weight: 122g Material: Ceramic Type: Smoke grinder Product Dimensions: 55 x 37 mm Gross Weight: 15 kg Outer Box\" \/>\n<meta property=\"og:url\" content=\"https:\/\/global-hookah.com\/de\/produkt\/blue-and-white-porcelain-pattern-ceramic-weed-grinder-wholesale\/\" \/>\n<meta property=\"og:site_name\" content=\"Global Hookah\" \/>\n<meta property=\"article:modified_time\" content=\"2024-10-23T08:50:16+00:00\" \/>\n<meta property=\"og:image\" content=\"https:\/\/global-hookah.com\/wp-content\/uploads\/2024\/10\/9ea8dd30-5759-4f7b-b733-3937bee1fbd6.jpg\" \/>\n\t<meta property=\"og:image:width\" content=\"689\" \/>\n\t<meta property=\"og:image:height\" content=\"688\" \/>\n\t<meta property=\"og:image:type\" content=\"image\/jpeg\" \/>\n<meta name=\"twitter:card\" content=\"summary_large_image\" \/>\n<script type=\"application\/ld+json\" class=\"yoast-schema-graph\">{\"@context\":\"https:\/\/schema.org\",\"@graph\":[{\"@type\":\"WebPage\",\"@id\":\"https:\/\/global-hookah.com\/product\/blue-and-white-porcelain-pattern-ceramic-weed-grinder-wholesale\/\",\"url\":\"https:\/\/global-hookah.com\/product\/blue-and-white-porcelain-pattern-ceramic-weed-grinder-wholesale\/\",\"name\":\"Blue and White Porcelain Pattern Ceramic Weed Grinder Wholesale - Global Hookah\",\"isPartOf\":{\"@id\":\"https:\/\/global-hookah.com\/#website\"},\"primaryImageOfPage\":{\"@id\":\"https:\/\/global-hookah.com\/product\/blue-and-white-porcelain-pattern-ceramic-weed-grinder-wholesale\/#primaryimage\"},\"image\":{\"@id\":\"https:\/\/global-hookah.com\/product\/blue-and-white-porcelain-pattern-ceramic-weed-grinder-wholesale\/#primaryimage\"},\"thumbnailUrl\":\"https:\/\/global-hookah.com\/wp-content\/uploads\/2024\/10\/9ea8dd30-5759-4f7b-b733-3937bee1fbd6.jpg\",\"datePublished\":\"2024-10-23T08:46:36+00:00\",\"dateModified\":\"2024-10-23T08:50:16+00:00\",\"breadcrumb\":{\"@id\":\"https:\/\/global-hookah.com\/product\/blue-and-white-porcelain-pattern-ceramic-weed-grinder-wholesale\/#breadcrumb\"},\"inLanguage\":\"de\",\"potentialAction\":[{\"@type\":\"ReadAction\",\"target\":[\"https:\/\/global-hookah.com\/product\/blue-and-white-porcelain-pattern-ceramic-weed-grinder-wholesale\/\"]}]},{\"@type\":\"ImageObject\",\"inLanguage\":\"de\",\"@id\":\"https:\/\/global-hookah.com\/product\/blue-and-white-porcelain-pattern-ceramic-weed-grinder-wholesale\/#primaryimage\",\"url\":\"https:\/\/global-hookah.com\/wp-content\/uploads\/2024\/10\/9ea8dd30-5759-4f7b-b733-3937bee1fbd6.jpg\",\"contentUrl\":\"https:\/\/global-hookah.com\/wp-content\/uploads\/2024\/10\/9ea8dd30-5759-4f7b-b733-3937bee1fbd6.jpg\",\"width\":689,\"height\":688,\"caption\":\"Blue and White Porcelain Pattern Ceramic Weed Grinder Wholesale\"},{\"@type\":\"BreadcrumbList\",\"@id\":\"https:\/\/global-hookah.com\/product\/blue-and-white-porcelain-pattern-ceramic-weed-grinder-wholesale\/#breadcrumb\",\"itemListElement\":[{\"@type\":\"ListItem\",\"position\":1,\"name\":\"Home\",\"item\":\"https:\/\/global-hookah.com\/\"},{\"@type\":\"ListItem\",\"position\":2,\"name\":\"Shop\",\"item\":\"https:\/\/global-hookah.com\/shop\/\"},{\"@type\":\"ListItem\",\"position\":3,\"name\":\"Blue and White Porcelain Pattern Ceramic Weed Grinder Wholesale\"}]},{\"@type\":\"WebSite\",\"@id\":\"https:\/\/global-hookah.com\/#website\",\"url\":\"https:\/\/global-hookah.com\/\",\"name\":\"Global Hookah\",\"description\":\"Global Hookah\",\"publisher\":{\"@id\":\"https:\/\/global-hookah.com\/#organization\"},\"potentialAction\":[{\"@type\":\"SearchAction\",\"target\":{\"@type\":\"EntryPoint\",\"urlTemplate\":\"https:\/\/global-hookah.com\/?s={search_term_string}\"},\"query-input\":{\"@type\":\"PropertyValueSpecification\",\"valueRequired\":true,\"valueName\":\"search_term_string\"}}],\"inLanguage\":\"de\"},{\"@type\":\"Organization\",\"@id\":\"https:\/\/global-hookah.com\/#organization\",\"name\":\"Global Hookah\",\"url\":\"https:\/\/global-hookah.com\/\",\"logo\":{\"@type\":\"ImageObject\",\"inLanguage\":\"de\",\"@id\":\"https:\/\/global-hookah.com\/#\/schema\/logo\/image\/\",\"url\":\"https:\/\/global-hookah.com\/wp-content\/uploads\/2021\/10\/cropped-fgg.png\",\"contentUrl\":\"https:\/\/global-hookah.com\/wp-content\/uploads\/2021\/10\/cropped-fgg.png\",\"width\":512,\"height\":512,\"caption\":\"Global Hookah\"},\"image\":{\"@id\":\"https:\/\/global-hookah.com\/#\/schema\/logo\/image\/\"}}]}<\/script>\n<!-- \/ Yoast SEO Premium plugin. -->","yoast_head_json":{"title":"Blaues und wei\u00dfes Porzellan Muster Keramik Unkraut Grinder Gro\u00dfhandel - Global Hookah","robots":{"index":"index","follow":"follow","max-snippet":"max-snippet:-1","max-image-preview":"max-image-preview:large","max-video-preview":"max-video-preview:-1"},"canonical":"https:\/\/global-hookah.com\/de\/produkt\/blue-and-white-porcelain-pattern-ceramic-weed-grinder-wholesale\/","og_locale":"de_DE","og_type":"article","og_title":"Blue and White Porcelain Pattern Ceramic Weed Grinder Wholesale","og_description":"Product Weight: 122g Material: Ceramic Type: Smoke grinder Product Dimensions: 55 x 37 mm Gross Weight: 15 kg Outer Box","og_url":"https:\/\/global-hookah.com\/de\/produkt\/blue-and-white-porcelain-pattern-ceramic-weed-grinder-wholesale\/","og_site_name":"Global Hookah","article_modified_time":"2024-10-23T08:50:16+00:00","og_image":[{"width":689,"height":688,"url":"https:\/\/global-hookah.com\/wp-content\/uploads\/2024\/10\/9ea8dd30-5759-4f7b-b733-3937bee1fbd6.jpg","type":"image\/jpeg"}],"twitter_card":"summary_large_image","schema":{"@context":"https:\/\/schema.org","@graph":[{"@type":"WebPage","@id":"https:\/\/global-hookah.com\/product\/blue-and-white-porcelain-pattern-ceramic-weed-grinder-wholesale\/","url":"https:\/\/global-hookah.com\/product\/blue-and-white-porcelain-pattern-ceramic-weed-grinder-wholesale\/","name":"Blaues und wei\u00dfes Porzellan Muster Keramik Unkraut Grinder Gro\u00dfhandel - Global Hookah","isPartOf":{"@id":"https:\/\/global-hookah.com\/#website"},"primaryImageOfPage":{"@id":"https:\/\/global-hookah.com\/product\/blue-and-white-porcelain-pattern-ceramic-weed-grinder-wholesale\/#primaryimage"},"image":{"@id":"https:\/\/global-hookah.com\/product\/blue-and-white-porcelain-pattern-ceramic-weed-grinder-wholesale\/#primaryimage"},"thumbnailUrl":"https:\/\/global-hookah.com\/wp-content\/uploads\/2024\/10\/9ea8dd30-5759-4f7b-b733-3937bee1fbd6.jpg","datePublished":"2024-10-23T08:46:36+00:00","dateModified":"2024-10-23T08:50:16+00:00","breadcrumb":{"@id":"https:\/\/global-hookah.com\/product\/blue-and-white-porcelain-pattern-ceramic-weed-grinder-wholesale\/#breadcrumb"},"inLanguage":"de","potentialAction":[{"@type":"ReadAction","target":["https:\/\/global-hookah.com\/product\/blue-and-white-porcelain-pattern-ceramic-weed-grinder-wholesale\/"]}]},{"@type":"ImageObject","inLanguage":"de","@id":"https:\/\/global-hookah.com\/product\/blue-and-white-porcelain-pattern-ceramic-weed-grinder-wholesale\/#primaryimage","url":"https:\/\/global-hookah.com\/wp-content\/uploads\/2024\/10\/9ea8dd30-5759-4f7b-b733-3937bee1fbd6.jpg","contentUrl":"https:\/\/global-hookah.com\/wp-content\/uploads\/2024\/10\/9ea8dd30-5759-4f7b-b733-3937bee1fbd6.jpg","width":689,"height":688,"caption":"Blue and White Porcelain Pattern Ceramic Weed Grinder Wholesale"},{"@type":"BreadcrumbList","@id":"https:\/\/global-hookah.com\/product\/blue-and-white-porcelain-pattern-ceramic-weed-grinder-wholesale\/#breadcrumb","itemListElement":[{"@type":"ListItem","position":1,"name":"Home","item":"https:\/\/global-hookah.com\/"},{"@type":"ListItem","position":2,"name":"Shop","item":"https:\/\/global-hookah.com\/shop\/"},{"@type":"ListItem","position":3,"name":"Blue and White Porcelain Pattern Ceramic Weed Grinder Wholesale"}]},{"@type":"WebSite","@id":"https:\/\/global-hookah.com\/#website","url":"https:\/\/global-hookah.com\/","name":"Globale Wasserpfeife","description":"Globale Wasserpfeife","publisher":{"@id":"https:\/\/global-hookah.com\/#organization"},"potentialAction":[{"@type":"SearchAction","target":{"@type":"EntryPoint","urlTemplate":"https:\/\/global-hookah.com\/?s={search_term_string}"},"query-input":{"@type":"PropertyValueSpecification","valueRequired":true,"valueName":"search_term_string"}}],"inLanguage":"de"},{"@type":"Organization","@id":"https:\/\/global-hookah.com\/#organization","name":"Globale Wasserpfeife","url":"https:\/\/global-hookah.com\/","logo":{"@type":"ImageObject","inLanguage":"de","@id":"https:\/\/global-hookah.com\/#\/schema\/logo\/image\/","url":"https:\/\/global-hookah.com\/wp-content\/uploads\/2021\/10\/cropped-fgg.png","contentUrl":"https:\/\/global-hookah.com\/wp-content\/uploads\/2021\/10\/cropped-fgg.png","width":512,"height":512,"caption":"Global Hookah"},"image":{"@id":"https:\/\/global-hookah.com\/#\/schema\/logo\/image\/"}}]}},"_links":{"self":[{"href":"https:\/\/global-hookah.com\/de\/wp-json\/wp\/v2\/product\/30877","targetHints":{"allow":["GET"]}}],"collection":[{"href":"https:\/\/global-hookah.com\/de\/wp-json\/wp\/v2\/product"}],"about":[{"href":"https:\/\/global-hookah.com\/de\/wp-json\/wp\/v2\/types\/product"}],"replies":[{"embeddable":true,"href":"https:\/\/global-hookah.com\/de\/wp-json\/wp\/v2\/comments?post=30877"}],"version-history":[{"count":0,"href":"https:\/\/global-hookah.com\/de\/wp-json\/wp\/v2\/product\/30877\/revisions"}],"wp:featuredmedia":[{"embeddable":true,"href":"https:\/\/global-hookah.com\/de\/wp-json\/wp\/v2\/media\/30881"}],"wp:attachment":[{"href":"https:\/\/global-hookah.com\/de\/wp-json\/wp\/v2\/media?parent=30877"}],"wp:term":[{"taxonomy":"product_brand","embeddable":true,"href":"https:\/\/global-hookah.com\/de\/wp-json\/wp\/v2\/product_brand?post=30877"},{"taxonomy":"product_cat","embeddable":true,"href":"https:\/\/global-hookah.com\/de\/wp-json\/wp\/v2\/product_cat?post=30877"},{"taxonomy":"product_tag","embeddable":true,"href":"https:\/\/global-hookah.com\/de\/wp-json\/wp\/v2\/product_tag?post=30877"}],"curies":[{"name":"wp","href":"https:\/\/api.w.org\/{rel}","templated":true}]}}