{"id":30885,"date":"2024-10-24T02:59:22","date_gmt":"2024-10-24T02:59:22","guid":{"rendered":"https:\/\/global-hookah.com\/?post_type=product&#038;p=30885"},"modified":"2024-10-24T07:44:35","modified_gmt":"2024-10-24T07:44:35","slug":"football-helmet-small-weed-grinder-wholesale","status":"publish","type":"product","link":"https:\/\/global-hookah.com\/de\/produkt\/football-helmet-small-weed-grinder-wholesale\/","title":{"rendered":"Fu\u00dfballhelm Klein Unkraut Grinder Gro\u00dfhandel"},"content":{"rendered":"<p>heute werden wir Ihnen dieses Produkt vorstellen <strong>Fu\u00dfballhelm Kleiner Unkrautschleifer<\/strong>! Als \u00e4lterer Cannabis-Liebhaber wei\u00df ich, dass die Suche nach einem <a href=\"https:\/\/global-hookah.com\/product-category\/wholesale-grinder\/wholesale-grinder-with-kief-catcher\/\"><strong>hochwertige Unkrautschleifer<\/strong><\/a> hat mir schon immer Kopfzerbrechen bereitet, aber was mich \u00fcberrascht hat, ist, dass viele Grinder auf dem Markt entweder aus schlechten Materialien hergestellt sind oder ein sehr gew\u00f6hnliches Design haben, was es dem Benutzer unm\u00f6glich macht, einen individuellen und praktischen Grinder zu finden. Daher haben unsere Designer dieses Problem f\u00fcr Sie gel\u00f6st und diese<strong> kleine Metall-Unkrautschleifer<\/strong><\/p>\n<p>Erinnert sich noch jemand an die Fu\u00dfballspieler auf dem Campus? Ja, diese kleine Unkrautzerkleinerer Design-Inspiration kommt von den Helmen des Fu\u00dfballs, und es ist von gemacht <a href=\"https:\/\/global-hookah.com\/product\/aluminum-alloy-hookah-wholesale\/\">Aluminiumlegierung<\/a>, also sieht es sehr cool aus<\/p>\n<p>Glauben Sie, dass das schon alle Vorteile sind? Nein. Wir haben ausgepr\u00e4gtere gerippte Kanten hinzugef\u00fcgt, die die Traktion und den Grip beim Drehen der Schleifkappe verbessern und es Ihnen erm\u00f6glichen, ein gr\u00f6\u00dferes Drehmoment und einen h\u00f6heren Druck auf die <a href=\"https:\/\/global-hookah.com\/product\/1pc-creative-maple-leaf-pattern-63mm-grinder-spice-grinder-grinding-machine-herb-grinder-spice-crusher-kitchen-supplies-christmas-gifts-halloween-gifts-halloween-decoration\/\">mahlen Sie Ihre Kr\u00e4uter<\/a> zu einer feineren Konsistenz.<\/p>\n<p>Diese <strong>Kleine Unkrautschleifer<\/strong> Die feine Konstruktion erleichtert das Mahlen von trockenen Kr\u00e4utern zu einer einheitlichen Mischung, was die Extraktion der Wirkstoffe erleichtert. Feine Grind-Partikel vergr\u00f6\u00dfern die erhitzte Oberfl\u00e4che von Kr\u00e4utermaterialien und erm\u00f6glichen eine bessere W\u00e4rmeleitung und Verdampfung w\u00e4hrend des Verdampfungsprozesses im Vergleich zu groben Grinds.<\/p>\n<p>Zus\u00e4tzlich zu den \u00e4u\u00dferen und haptischen Verbesserungen haben wir auch die Schleifz\u00e4hne \u00fcberzogen. Die Schleifz\u00e4hne, die bisher nur nackte silberne Klingen waren, haben nun eine kosmetische Ver\u00e4nderung erfahren und wurden aus \u00e4sthetischen Gr\u00fcnden und zum besseren Schutz der Pr\u00e4zisionsschnittkanten vor Besch\u00e4digungen schwarz lackiert. Dies erm\u00f6glicht eine weitere Verst\u00e4rkung der Schneidez\u00e4hne gegen Abnutzung und Verschlei\u00df, was dem Zweck einer langfristigen Nutzung am besten dient.<\/p>\n<p>&nbsp;<\/p>","protected":false},"excerpt":{"rendered":"<p>heute bringen wir Dir diesen Football Helmet Small Weed Grinder! Als \u00e4lterer Cannabis-Liebhaber wei\u00df ich.<\/p>","protected":false},"featured_media":30889,"comment_status":"closed","ping_status":"closed","template":"","meta":{"iawp_total_views":2,"_joinchat":[]},"product_brand":[],"product_cat":[894,770],"product_tag":[],"class_list":{"0":"post-30885","1":"product","2":"type-product","3":"status-publish","4":"has-post-thumbnail","6":"product_cat-4-piece-grinder-wholesale","7":"product_cat-wholesale-grinder","9":"first","10":"instock","11":"shipping-taxable","12":"product-type-external"},"yoast_head":"<!-- This site is optimized with the Yoast SEO Premium plugin v24.7 (Yoast SEO v26.8) - https:\/\/yoast.com\/product\/yoast-seo-premium-wordpress\/ -->\n<title>Football Helmet Small Weed Grinder Wholesale - Global Hookah<\/title>\n<meta name=\"robots\" content=\"index, follow, max-snippet:-1, max-image-preview:large, max-video-preview:-1\" \/>\n<link rel=\"canonical\" href=\"https:\/\/global-hookah.com\/de\/produkt\/football-helmet-small-weed-grinder-wholesale\/\" \/>\n<meta property=\"og:locale\" content=\"de_DE\" \/>\n<meta property=\"og:type\" content=\"article\" \/>\n<meta property=\"og:title\" content=\"Football Helmet Small Weed Grinder Wholesale\" \/>\n<meta property=\"og:description\" content=\"today, we are going to bring you this Football Helmet Small Weed Grinder! As a senior cannabis lover, I know\" \/>\n<meta property=\"og:url\" content=\"https:\/\/global-hookah.com\/de\/produkt\/football-helmet-small-weed-grinder-wholesale\/\" \/>\n<meta property=\"og:site_name\" content=\"Global Hookah\" \/>\n<meta property=\"article:modified_time\" content=\"2024-10-24T07:44:35+00:00\" \/>\n<meta property=\"og:image\" content=\"https:\/\/global-hookah.com\/wp-content\/uploads\/2024\/10\/f6f28f98-32b8-4bc0-8dc8-da65e88495ff.jpg\" \/>\n\t<meta property=\"og:image:width\" content=\"1000\" \/>\n\t<meta property=\"og:image:height\" content=\"1000\" \/>\n\t<meta property=\"og:image:type\" content=\"image\/jpeg\" \/>\n<meta name=\"twitter:card\" content=\"summary_large_image\" \/>\n<meta name=\"twitter:label1\" content=\"Gesch\u00e4tzte Lesezeit\" \/>\n\t<meta name=\"twitter:data1\" content=\"1\u00a0Minute\" \/>\n<script type=\"application\/ld+json\" class=\"yoast-schema-graph\">{\"@context\":\"https:\/\/schema.org\",\"@graph\":[{\"@type\":\"WebPage\",\"@id\":\"https:\/\/global-hookah.com\/product\/football-helmet-small-weed-grinder-wholesale\/\",\"url\":\"https:\/\/global-hookah.com\/product\/football-helmet-small-weed-grinder-wholesale\/\",\"name\":\"Football Helmet Small Weed Grinder Wholesale - Global Hookah\",\"isPartOf\":{\"@id\":\"https:\/\/global-hookah.com\/#website\"},\"primaryImageOfPage\":{\"@id\":\"https:\/\/global-hookah.com\/product\/football-helmet-small-weed-grinder-wholesale\/#primaryimage\"},\"image\":{\"@id\":\"https:\/\/global-hookah.com\/product\/football-helmet-small-weed-grinder-wholesale\/#primaryimage\"},\"thumbnailUrl\":\"https:\/\/global-hookah.com\/wp-content\/uploads\/2024\/10\/f6f28f98-32b8-4bc0-8dc8-da65e88495ff.jpg\",\"datePublished\":\"2024-10-24T02:59:22+00:00\",\"dateModified\":\"2024-10-24T07:44:35+00:00\",\"breadcrumb\":{\"@id\":\"https:\/\/global-hookah.com\/product\/football-helmet-small-weed-grinder-wholesale\/#breadcrumb\"},\"inLanguage\":\"de\",\"potentialAction\":[{\"@type\":\"ReadAction\",\"target\":[\"https:\/\/global-hookah.com\/product\/football-helmet-small-weed-grinder-wholesale\/\"]}]},{\"@type\":\"ImageObject\",\"inLanguage\":\"de\",\"@id\":\"https:\/\/global-hookah.com\/product\/football-helmet-small-weed-grinder-wholesale\/#primaryimage\",\"url\":\"https:\/\/global-hookah.com\/wp-content\/uploads\/2024\/10\/f6f28f98-32b8-4bc0-8dc8-da65e88495ff.jpg\",\"contentUrl\":\"https:\/\/global-hookah.com\/wp-content\/uploads\/2024\/10\/f6f28f98-32b8-4bc0-8dc8-da65e88495ff.jpg\",\"width\":1000,\"height\":1000,\"caption\":\"Football Helmet Small Weed Grinder Wholesale\"},{\"@type\":\"BreadcrumbList\",\"@id\":\"https:\/\/global-hookah.com\/product\/football-helmet-small-weed-grinder-wholesale\/#breadcrumb\",\"itemListElement\":[{\"@type\":\"ListItem\",\"position\":1,\"name\":\"Home\",\"item\":\"https:\/\/global-hookah.com\/\"},{\"@type\":\"ListItem\",\"position\":2,\"name\":\"Shop\",\"item\":\"https:\/\/global-hookah.com\/shop\/\"},{\"@type\":\"ListItem\",\"position\":3,\"name\":\"Football Helmet Small Weed Grinder Wholesale\"}]},{\"@type\":\"WebSite\",\"@id\":\"https:\/\/global-hookah.com\/#website\",\"url\":\"https:\/\/global-hookah.com\/\",\"name\":\"Global Hookah\",\"description\":\"Global Hookah\",\"publisher\":{\"@id\":\"https:\/\/global-hookah.com\/#organization\"},\"potentialAction\":[{\"@type\":\"SearchAction\",\"target\":{\"@type\":\"EntryPoint\",\"urlTemplate\":\"https:\/\/global-hookah.com\/?s={search_term_string}\"},\"query-input\":{\"@type\":\"PropertyValueSpecification\",\"valueRequired\":true,\"valueName\":\"search_term_string\"}}],\"inLanguage\":\"de\"},{\"@type\":\"Organization\",\"@id\":\"https:\/\/global-hookah.com\/#organization\",\"name\":\"Global Hookah\",\"url\":\"https:\/\/global-hookah.com\/\",\"logo\":{\"@type\":\"ImageObject\",\"inLanguage\":\"de\",\"@id\":\"https:\/\/global-hookah.com\/#\/schema\/logo\/image\/\",\"url\":\"https:\/\/global-hookah.com\/wp-content\/uploads\/2021\/10\/cropped-fgg.png\",\"contentUrl\":\"https:\/\/global-hookah.com\/wp-content\/uploads\/2021\/10\/cropped-fgg.png\",\"width\":512,\"height\":512,\"caption\":\"Global Hookah\"},\"image\":{\"@id\":\"https:\/\/global-hookah.com\/#\/schema\/logo\/image\/\"}}]}<\/script>\n<!-- \/ Yoast SEO Premium plugin. -->","yoast_head_json":{"title":"Fu\u00dfball-Helm kleine Unkraut Grinder Gro\u00dfhandel - Global Hookah","robots":{"index":"index","follow":"follow","max-snippet":"max-snippet:-1","max-image-preview":"max-image-preview:large","max-video-preview":"max-video-preview:-1"},"canonical":"https:\/\/global-hookah.com\/de\/produkt\/football-helmet-small-weed-grinder-wholesale\/","og_locale":"de_DE","og_type":"article","og_title":"Football Helmet Small Weed Grinder Wholesale","og_description":"today, we are going to bring you this Football Helmet Small Weed Grinder! As a senior cannabis lover, I know","og_url":"https:\/\/global-hookah.com\/de\/produkt\/football-helmet-small-weed-grinder-wholesale\/","og_site_name":"Global Hookah","article_modified_time":"2024-10-24T07:44:35+00:00","og_image":[{"width":1000,"height":1000,"url":"https:\/\/global-hookah.com\/wp-content\/uploads\/2024\/10\/f6f28f98-32b8-4bc0-8dc8-da65e88495ff.jpg","type":"image\/jpeg"}],"twitter_card":"summary_large_image","twitter_misc":{"Gesch\u00e4tzte Lesezeit":"1\u00a0Minute"},"schema":{"@context":"https:\/\/schema.org","@graph":[{"@type":"WebPage","@id":"https:\/\/global-hookah.com\/product\/football-helmet-small-weed-grinder-wholesale\/","url":"https:\/\/global-hookah.com\/product\/football-helmet-small-weed-grinder-wholesale\/","name":"Fu\u00dfball-Helm kleine Unkraut Grinder Gro\u00dfhandel - Global Hookah","isPartOf":{"@id":"https:\/\/global-hookah.com\/#website"},"primaryImageOfPage":{"@id":"https:\/\/global-hookah.com\/product\/football-helmet-small-weed-grinder-wholesale\/#primaryimage"},"image":{"@id":"https:\/\/global-hookah.com\/product\/football-helmet-small-weed-grinder-wholesale\/#primaryimage"},"thumbnailUrl":"https:\/\/global-hookah.com\/wp-content\/uploads\/2024\/10\/f6f28f98-32b8-4bc0-8dc8-da65e88495ff.jpg","datePublished":"2024-10-24T02:59:22+00:00","dateModified":"2024-10-24T07:44:35+00:00","breadcrumb":{"@id":"https:\/\/global-hookah.com\/product\/football-helmet-small-weed-grinder-wholesale\/#breadcrumb"},"inLanguage":"de","potentialAction":[{"@type":"ReadAction","target":["https:\/\/global-hookah.com\/product\/football-helmet-small-weed-grinder-wholesale\/"]}]},{"@type":"ImageObject","inLanguage":"de","@id":"https:\/\/global-hookah.com\/product\/football-helmet-small-weed-grinder-wholesale\/#primaryimage","url":"https:\/\/global-hookah.com\/wp-content\/uploads\/2024\/10\/f6f28f98-32b8-4bc0-8dc8-da65e88495ff.jpg","contentUrl":"https:\/\/global-hookah.com\/wp-content\/uploads\/2024\/10\/f6f28f98-32b8-4bc0-8dc8-da65e88495ff.jpg","width":1000,"height":1000,"caption":"Football Helmet Small Weed Grinder Wholesale"},{"@type":"BreadcrumbList","@id":"https:\/\/global-hookah.com\/product\/football-helmet-small-weed-grinder-wholesale\/#breadcrumb","itemListElement":[{"@type":"ListItem","position":1,"name":"Home","item":"https:\/\/global-hookah.com\/"},{"@type":"ListItem","position":2,"name":"Shop","item":"https:\/\/global-hookah.com\/shop\/"},{"@type":"ListItem","position":3,"name":"Football Helmet Small Weed Grinder Wholesale"}]},{"@type":"WebSite","@id":"https:\/\/global-hookah.com\/#website","url":"https:\/\/global-hookah.com\/","name":"Globale Wasserpfeife","description":"Globale Wasserpfeife","publisher":{"@id":"https:\/\/global-hookah.com\/#organization"},"potentialAction":[{"@type":"SearchAction","target":{"@type":"EntryPoint","urlTemplate":"https:\/\/global-hookah.com\/?s={search_term_string}"},"query-input":{"@type":"PropertyValueSpecification","valueRequired":true,"valueName":"search_term_string"}}],"inLanguage":"de"},{"@type":"Organization","@id":"https:\/\/global-hookah.com\/#organization","name":"Globale Wasserpfeife","url":"https:\/\/global-hookah.com\/","logo":{"@type":"ImageObject","inLanguage":"de","@id":"https:\/\/global-hookah.com\/#\/schema\/logo\/image\/","url":"https:\/\/global-hookah.com\/wp-content\/uploads\/2021\/10\/cropped-fgg.png","contentUrl":"https:\/\/global-hookah.com\/wp-content\/uploads\/2021\/10\/cropped-fgg.png","width":512,"height":512,"caption":"Global Hookah"},"image":{"@id":"https:\/\/global-hookah.com\/#\/schema\/logo\/image\/"}}]}},"_links":{"self":[{"href":"https:\/\/global-hookah.com\/de\/wp-json\/wp\/v2\/product\/30885","targetHints":{"allow":["GET"]}}],"collection":[{"href":"https:\/\/global-hookah.com\/de\/wp-json\/wp\/v2\/product"}],"about":[{"href":"https:\/\/global-hookah.com\/de\/wp-json\/wp\/v2\/types\/product"}],"replies":[{"embeddable":true,"href":"https:\/\/global-hookah.com\/de\/wp-json\/wp\/v2\/comments?post=30885"}],"version-history":[{"count":0,"href":"https:\/\/global-hookah.com\/de\/wp-json\/wp\/v2\/product\/30885\/revisions"}],"wp:featuredmedia":[{"embeddable":true,"href":"https:\/\/global-hookah.com\/de\/wp-json\/wp\/v2\/media\/30889"}],"wp:attachment":[{"href":"https:\/\/global-hookah.com\/de\/wp-json\/wp\/v2\/media?parent=30885"}],"wp:term":[{"taxonomy":"product_brand","embeddable":true,"href":"https:\/\/global-hookah.com\/de\/wp-json\/wp\/v2\/product_brand?post=30885"},{"taxonomy":"product_cat","embeddable":true,"href":"https:\/\/global-hookah.com\/de\/wp-json\/wp\/v2\/product_cat?post=30885"},{"taxonomy":"product_tag","embeddable":true,"href":"https:\/\/global-hookah.com\/de\/wp-json\/wp\/v2\/product_tag?post=30885"}],"curies":[{"name":"wp","href":"https:\/\/api.w.org\/{rel}","templated":true}]}}