{"id":30942,"date":"2024-10-24T03:54:49","date_gmt":"2024-10-24T03:54:49","guid":{"rendered":"https:\/\/global-hookah.com\/product\/flower-mill-weed-grinder-with-customizable-logo\/"},"modified":"2024-10-26T01:04:53","modified_gmt":"2024-10-26T01:04:53","slug":"flower-mill-weed-grinder-with-customizable-logo","status":"publish","type":"product","link":"https:\/\/global-hookah.com\/de\/produkt\/flower-mill-weed-grinder-with-customizable-logo\/","title":{"rendered":"Blumenm\u00fchle Unkrautschleifer mit anpassbarem Logo"},"content":{"rendered":"<div id=\"ds_div\" style=\"text-align: start;\" align=\"start\">\n<p>&nbsp;<\/p>\n<ul>\n<li>Farbe: Gr\u00fcn<\/li>\n<li>2,5\u2033 Durchmesser x 1,8\u2033 H\u00f6he<\/li>\n<li>Material: Aluminium<\/li>\n<li>Rasiermesserscharfe Diamantz\u00e4hne<\/li>\n<li>Magnetisches Top-Geh\u00e4use<\/li>\n<li>Kann es angepasst werden: Kann das Logo angepasst werden<\/li>\n<li>Mikrogeflecht aus Stahl <a href=\"https:\/\/global-hookah.com\/product\/4-layer-marijuana-grinder-with-screen-pollen-catcher-wholesale\/\">Sieb zum Filtern von Pollen<\/a><\/li>\n<li>Separate Pollenkammer<\/li>\n<li>Inklusive kostenlosem Pollenabstreifer<\/li>\n<li>Inklusive kostenloser Geschenkbox<\/li>\n<li>Ich glaube, Sie werden schockiert sein, wenn Sie dies sehen <strong>Blumenm\u00fchle Unkrautschleifer<\/strong>. Die hochwertige Aluminiumlegierung Material ist nicht nur leicht und langlebig, sondern auch sehr einfach, Ihr Markenlogo auf zu drucken, um Ihre Marke awareness.Those Sharp Z\u00e4hne mahlen m\u00fchelos klebrige Knospen auf die perfekte flauschige Textur zu f\u00f6rdern. Ich liebe besonders die grobe Einstellung, die genau die richtige Menge an Harzdr\u00fcsen f\u00fcr den vollen Geschmack bewahrt. Das Kraut ist nie in ein Pulver wie einige M\u00fchlen pulverisiert - nur gleichm\u00e4\u00dfig gehackt f\u00fcr glatte burns.As die Popularit\u00e4t der gew\u00f6hnlichen M\u00fchlen langsam abnimmt,<strong> Sonderschleifmaschinen<\/strong> werden allm\u00e4hlich unter jungen Cannabis-Enthusiasten immer beliebter. Obwohl ich bereits ein Dutzend Grinder besitze, konnte ich nicht umhin, diesen Flower Mill Weed Grinder erneut zu kaufen.<strong> Blumenm\u00fchle Mahlwerk<\/strong>Dank der Vierteldrehung l\u00e4sst er sich durch einfaches Drehen um eine Vierteldrehung abnehmen. Dies macht die Demontage und Reinigung zu einem Kinderspiel. Wir empfehlen eine gr\u00fcndliche Reinigung der einzelnen Teile mit Isopropylalkohol, um alle R\u00fcckst\u00e4nde zu entfernen. Ich habe festgestellt, dass eine gr\u00fcndliche <a href=\"https:\/\/global-hookah.com\/the-ultimate-hookah-cleaning-tutorial-how-to-keep-your-hookah-in-top-condition\/\">Monatlich sauber halten<\/a> der Schleifer sieht brandneu aus,\n<p>Wenn Sie sich f\u00fcr dieses Thema interessieren<strong> Blumenm\u00fchle Kr\u00e4uterm\u00fchle<\/strong>Sie k\u00f6nnen sich mit uns in Verbindung setzen, um Ihr Markenlogo zu drucken und Ihre eigene Marke zu personalisieren. <a href=\"https:\/\/global-hookah.com\/product-category\/wholesale-grinder\/\">Unkraut<\/a><br \/>\nSchleifer<\/li>\n<li><img decoding=\"async\" src=\"https:\/\/ae01.alicdn.com\/kf\/Af272acd4d6a64f9190f1b4e10c03fca3l.jpg\" \/><\/li>\n<\/ul>\n<div id=\"ds_div\" style=\"text-align: start;\" align=\"start\">\n<div>\n<div><\/div>\n<\/div>\n<\/div>\n<\/div>\n<p>&nbsp;<\/p>","protected":false},"excerpt":{"rendered":"<p>&nbsp; Farbe: Gr\u00fcn 2,5\u2033 Durchmesser x 1,8\u2033 H\u00f6he Material: Aluminium Rasiermesserscharfe Diamantz\u00e4hne Magnetisches Top-Geh\u00e4use Kann es sein<\/p>","protected":false},"featured_media":30943,"comment_status":"closed","ping_status":"closed","template":"","meta":{"iawp_total_views":0,"_joinchat":[]},"product_brand":[],"product_cat":[894,770],"product_tag":[],"class_list":{"0":"post-30942","1":"product","2":"type-product","3":"status-publish","4":"has-post-thumbnail","6":"product_cat-4-piece-grinder-wholesale","7":"product_cat-wholesale-grinder","9":"first","10":"instock","11":"shipping-taxable","12":"product-type-external"},"yoast_head":"<!-- This site is optimized with the Yoast SEO Premium plugin v24.7 (Yoast SEO v26.8) - https:\/\/yoast.com\/product\/yoast-seo-premium-wordpress\/ -->\n<title>Flower Mill Weed Grinder With Customizable Logo - Global Hookah<\/title>\n<meta name=\"robots\" content=\"index, follow, max-snippet:-1, max-image-preview:large, max-video-preview:-1\" \/>\n<link rel=\"canonical\" href=\"https:\/\/global-hookah.com\/de\/produkt\/flower-mill-weed-grinder-with-customizable-logo\/\" \/>\n<meta property=\"og:locale\" content=\"de_DE\" \/>\n<meta property=\"og:type\" content=\"article\" \/>\n<meta property=\"og:title\" content=\"Flower Mill Weed Grinder With Customizable Logo\" \/>\n<meta property=\"og:description\" content=\"&nbsp; Color: Green 2.5&#8243; diameter x 1.8&#8243; height Material: Aluminum Razor sharp diamond teeth Magnetic Top Enclosure Can it be\" \/>\n<meta property=\"og:url\" content=\"https:\/\/global-hookah.com\/de\/produkt\/flower-mill-weed-grinder-with-customizable-logo\/\" \/>\n<meta property=\"og:site_name\" content=\"Global Hookah\" \/>\n<meta property=\"article:modified_time\" content=\"2024-10-26T01:04:53+00:00\" \/>\n<meta property=\"og:image\" content=\"https:\/\/global-hookah.com\/wp-content\/uploads\/2024\/10\/kf-A39e27f3d3bf3492e938fe3459918b7d3T-Viking-Axe-2-5-Herb-Spice-Crusher-Smoke-Tobacco-Aluminum-Grinder-Large-Storage-W-Gift-Box-scaled.webp\" \/>\n\t<meta property=\"og:image:width\" content=\"2385\" \/>\n\t<meta property=\"og:image:height\" content=\"2560\" \/>\n\t<meta property=\"og:image:type\" content=\"image\/webp\" \/>\n<meta name=\"twitter:card\" content=\"summary_large_image\" \/>\n<meta name=\"twitter:label1\" content=\"Gesch\u00e4tzte Lesezeit\" \/>\n\t<meta name=\"twitter:data1\" content=\"1\u00a0Minute\" \/>\n<script type=\"application\/ld+json\" class=\"yoast-schema-graph\">{\"@context\":\"https:\/\/schema.org\",\"@graph\":[{\"@type\":\"WebPage\",\"@id\":\"https:\/\/global-hookah.com\/product\/flower-mill-weed-grinder-with-customizable-logo\/\",\"url\":\"https:\/\/global-hookah.com\/product\/flower-mill-weed-grinder-with-customizable-logo\/\",\"name\":\"Flower Mill Weed Grinder With Customizable Logo - Global Hookah\",\"isPartOf\":{\"@id\":\"https:\/\/global-hookah.com\/#website\"},\"primaryImageOfPage\":{\"@id\":\"https:\/\/global-hookah.com\/product\/flower-mill-weed-grinder-with-customizable-logo\/#primaryimage\"},\"image\":{\"@id\":\"https:\/\/global-hookah.com\/product\/flower-mill-weed-grinder-with-customizable-logo\/#primaryimage\"},\"thumbnailUrl\":\"https:\/\/global-hookah.com\/wp-content\/uploads\/2024\/10\/kf-A39e27f3d3bf3492e938fe3459918b7d3T-Viking-Axe-2-5-Herb-Spice-Crusher-Smoke-Tobacco-Aluminum-Grinder-Large-Storage-W-Gift-Box-scaled.webp\",\"datePublished\":\"2024-10-24T03:54:49+00:00\",\"dateModified\":\"2024-10-26T01:04:53+00:00\",\"breadcrumb\":{\"@id\":\"https:\/\/global-hookah.com\/product\/flower-mill-weed-grinder-with-customizable-logo\/#breadcrumb\"},\"inLanguage\":\"de\",\"potentialAction\":[{\"@type\":\"ReadAction\",\"target\":[\"https:\/\/global-hookah.com\/product\/flower-mill-weed-grinder-with-customizable-logo\/\"]}]},{\"@type\":\"ImageObject\",\"inLanguage\":\"de\",\"@id\":\"https:\/\/global-hookah.com\/product\/flower-mill-weed-grinder-with-customizable-logo\/#primaryimage\",\"url\":\"https:\/\/global-hookah.com\/wp-content\/uploads\/2024\/10\/kf-A39e27f3d3bf3492e938fe3459918b7d3T-Viking-Axe-2-5-Herb-Spice-Crusher-Smoke-Tobacco-Aluminum-Grinder-Large-Storage-W-Gift-Box-scaled.webp\",\"contentUrl\":\"https:\/\/global-hookah.com\/wp-content\/uploads\/2024\/10\/kf-A39e27f3d3bf3492e938fe3459918b7d3T-Viking-Axe-2-5-Herb-Spice-Crusher-Smoke-Tobacco-Aluminum-Grinder-Large-Storage-W-Gift-Box-scaled.webp\",\"width\":2385,\"height\":2560,\"caption\":\"Flower Mill Weed Grinder With Customizable Logo\"},{\"@type\":\"BreadcrumbList\",\"@id\":\"https:\/\/global-hookah.com\/product\/flower-mill-weed-grinder-with-customizable-logo\/#breadcrumb\",\"itemListElement\":[{\"@type\":\"ListItem\",\"position\":1,\"name\":\"Home\",\"item\":\"https:\/\/global-hookah.com\/\"},{\"@type\":\"ListItem\",\"position\":2,\"name\":\"Shop\",\"item\":\"https:\/\/global-hookah.com\/shop\/\"},{\"@type\":\"ListItem\",\"position\":3,\"name\":\"Flower Mill Weed Grinder With Customizable Logo\"}]},{\"@type\":\"WebSite\",\"@id\":\"https:\/\/global-hookah.com\/#website\",\"url\":\"https:\/\/global-hookah.com\/\",\"name\":\"Global Hookah\",\"description\":\"Global Hookah\",\"publisher\":{\"@id\":\"https:\/\/global-hookah.com\/#organization\"},\"potentialAction\":[{\"@type\":\"SearchAction\",\"target\":{\"@type\":\"EntryPoint\",\"urlTemplate\":\"https:\/\/global-hookah.com\/?s={search_term_string}\"},\"query-input\":{\"@type\":\"PropertyValueSpecification\",\"valueRequired\":true,\"valueName\":\"search_term_string\"}}],\"inLanguage\":\"de\"},{\"@type\":\"Organization\",\"@id\":\"https:\/\/global-hookah.com\/#organization\",\"name\":\"Global Hookah\",\"url\":\"https:\/\/global-hookah.com\/\",\"logo\":{\"@type\":\"ImageObject\",\"inLanguage\":\"de\",\"@id\":\"https:\/\/global-hookah.com\/#\/schema\/logo\/image\/\",\"url\":\"https:\/\/global-hookah.com\/wp-content\/uploads\/2021\/10\/cropped-fgg.png\",\"contentUrl\":\"https:\/\/global-hookah.com\/wp-content\/uploads\/2021\/10\/cropped-fgg.png\",\"width\":512,\"height\":512,\"caption\":\"Global Hookah\"},\"image\":{\"@id\":\"https:\/\/global-hookah.com\/#\/schema\/logo\/image\/\"}}]}<\/script>\n<!-- \/ Yoast SEO Premium plugin. -->","yoast_head_json":{"title":"Blumenm\u00fchle Unkraut Grinder mit anpassbarem Logo - Global Hookah","robots":{"index":"index","follow":"follow","max-snippet":"max-snippet:-1","max-image-preview":"max-image-preview:large","max-video-preview":"max-video-preview:-1"},"canonical":"https:\/\/global-hookah.com\/de\/produkt\/flower-mill-weed-grinder-with-customizable-logo\/","og_locale":"de_DE","og_type":"article","og_title":"Flower Mill Weed Grinder With Customizable Logo","og_description":"&nbsp; Color: Green 2.5&#8243; diameter x 1.8&#8243; height Material: Aluminum Razor sharp diamond teeth Magnetic Top Enclosure Can it be","og_url":"https:\/\/global-hookah.com\/de\/produkt\/flower-mill-weed-grinder-with-customizable-logo\/","og_site_name":"Global Hookah","article_modified_time":"2024-10-26T01:04:53+00:00","og_image":[{"width":2385,"height":2560,"url":"https:\/\/global-hookah.com\/wp-content\/uploads\/2024\/10\/kf-A39e27f3d3bf3492e938fe3459918b7d3T-Viking-Axe-2-5-Herb-Spice-Crusher-Smoke-Tobacco-Aluminum-Grinder-Large-Storage-W-Gift-Box-scaled.webp","type":"image\/webp"}],"twitter_card":"summary_large_image","twitter_misc":{"Gesch\u00e4tzte Lesezeit":"1\u00a0Minute"},"schema":{"@context":"https:\/\/schema.org","@graph":[{"@type":"WebPage","@id":"https:\/\/global-hookah.com\/product\/flower-mill-weed-grinder-with-customizable-logo\/","url":"https:\/\/global-hookah.com\/product\/flower-mill-weed-grinder-with-customizable-logo\/","name":"Blumenm\u00fchle Unkraut Grinder mit anpassbarem Logo - Global Hookah","isPartOf":{"@id":"https:\/\/global-hookah.com\/#website"},"primaryImageOfPage":{"@id":"https:\/\/global-hookah.com\/product\/flower-mill-weed-grinder-with-customizable-logo\/#primaryimage"},"image":{"@id":"https:\/\/global-hookah.com\/product\/flower-mill-weed-grinder-with-customizable-logo\/#primaryimage"},"thumbnailUrl":"https:\/\/global-hookah.com\/wp-content\/uploads\/2024\/10\/kf-A39e27f3d3bf3492e938fe3459918b7d3T-Viking-Axe-2-5-Herb-Spice-Crusher-Smoke-Tobacco-Aluminum-Grinder-Large-Storage-W-Gift-Box-scaled.webp","datePublished":"2024-10-24T03:54:49+00:00","dateModified":"2024-10-26T01:04:53+00:00","breadcrumb":{"@id":"https:\/\/global-hookah.com\/product\/flower-mill-weed-grinder-with-customizable-logo\/#breadcrumb"},"inLanguage":"de","potentialAction":[{"@type":"ReadAction","target":["https:\/\/global-hookah.com\/product\/flower-mill-weed-grinder-with-customizable-logo\/"]}]},{"@type":"ImageObject","inLanguage":"de","@id":"https:\/\/global-hookah.com\/product\/flower-mill-weed-grinder-with-customizable-logo\/#primaryimage","url":"https:\/\/global-hookah.com\/wp-content\/uploads\/2024\/10\/kf-A39e27f3d3bf3492e938fe3459918b7d3T-Viking-Axe-2-5-Herb-Spice-Crusher-Smoke-Tobacco-Aluminum-Grinder-Large-Storage-W-Gift-Box-scaled.webp","contentUrl":"https:\/\/global-hookah.com\/wp-content\/uploads\/2024\/10\/kf-A39e27f3d3bf3492e938fe3459918b7d3T-Viking-Axe-2-5-Herb-Spice-Crusher-Smoke-Tobacco-Aluminum-Grinder-Large-Storage-W-Gift-Box-scaled.webp","width":2385,"height":2560,"caption":"Flower Mill Weed Grinder With Customizable Logo"},{"@type":"BreadcrumbList","@id":"https:\/\/global-hookah.com\/product\/flower-mill-weed-grinder-with-customizable-logo\/#breadcrumb","itemListElement":[{"@type":"ListItem","position":1,"name":"Home","item":"https:\/\/global-hookah.com\/"},{"@type":"ListItem","position":2,"name":"Shop","item":"https:\/\/global-hookah.com\/shop\/"},{"@type":"ListItem","position":3,"name":"Flower Mill Weed Grinder With Customizable Logo"}]},{"@type":"WebSite","@id":"https:\/\/global-hookah.com\/#website","url":"https:\/\/global-hookah.com\/","name":"Globale Wasserpfeife","description":"Globale Wasserpfeife","publisher":{"@id":"https:\/\/global-hookah.com\/#organization"},"potentialAction":[{"@type":"SearchAction","target":{"@type":"EntryPoint","urlTemplate":"https:\/\/global-hookah.com\/?s={search_term_string}"},"query-input":{"@type":"PropertyValueSpecification","valueRequired":true,"valueName":"search_term_string"}}],"inLanguage":"de"},{"@type":"Organization","@id":"https:\/\/global-hookah.com\/#organization","name":"Globale Wasserpfeife","url":"https:\/\/global-hookah.com\/","logo":{"@type":"ImageObject","inLanguage":"de","@id":"https:\/\/global-hookah.com\/#\/schema\/logo\/image\/","url":"https:\/\/global-hookah.com\/wp-content\/uploads\/2021\/10\/cropped-fgg.png","contentUrl":"https:\/\/global-hookah.com\/wp-content\/uploads\/2021\/10\/cropped-fgg.png","width":512,"height":512,"caption":"Global Hookah"},"image":{"@id":"https:\/\/global-hookah.com\/#\/schema\/logo\/image\/"}}]}},"_links":{"self":[{"href":"https:\/\/global-hookah.com\/de\/wp-json\/wp\/v2\/product\/30942","targetHints":{"allow":["GET"]}}],"collection":[{"href":"https:\/\/global-hookah.com\/de\/wp-json\/wp\/v2\/product"}],"about":[{"href":"https:\/\/global-hookah.com\/de\/wp-json\/wp\/v2\/types\/product"}],"replies":[{"embeddable":true,"href":"https:\/\/global-hookah.com\/de\/wp-json\/wp\/v2\/comments?post=30942"}],"version-history":[{"count":0,"href":"https:\/\/global-hookah.com\/de\/wp-json\/wp\/v2\/product\/30942\/revisions"}],"wp:featuredmedia":[{"embeddable":true,"href":"https:\/\/global-hookah.com\/de\/wp-json\/wp\/v2\/media\/30943"}],"wp:attachment":[{"href":"https:\/\/global-hookah.com\/de\/wp-json\/wp\/v2\/media?parent=30942"}],"wp:term":[{"taxonomy":"product_brand","embeddable":true,"href":"https:\/\/global-hookah.com\/de\/wp-json\/wp\/v2\/product_brand?post=30942"},{"taxonomy":"product_cat","embeddable":true,"href":"https:\/\/global-hookah.com\/de\/wp-json\/wp\/v2\/product_cat?post=30942"},{"taxonomy":"product_tag","embeddable":true,"href":"https:\/\/global-hookah.com\/de\/wp-json\/wp\/v2\/product_tag?post=30942"}],"curies":[{"name":"wp","href":"https:\/\/api.w.org\/{rel}","templated":true}]}}