{"id":30958,"date":"2024-10-24T03:59:04","date_gmt":"2024-10-24T03:59:04","guid":{"rendered":"https:\/\/global-hookah.com\/product\/anime-figure-pikachu-marijuana-grinder-wholesale\/"},"modified":"2024-10-24T06:13:47","modified_gmt":"2024-10-24T06:13:47","slug":"anime-figure-pikachu-marijuana-grinder-wholesale","status":"publish","type":"product","link":"https:\/\/global-hookah.com\/de\/produkt\/anime-figure-pikachu-marijuana-grinder-wholesale\/","title":{"rendered":"Anime Figur Pikachu Marihuana Grinder Gro\u00dfhandel"},"content":{"rendered":"<div class=\"detailmodule_html\">\n<div class=\"detail-desc-decorate-richtext\">\n<p>Wir haben dieses Konzept <strong>Anime Unkrautschleifer<\/strong> in der bezaubernden Form von Pikachu, aber lass dich nicht von dem niedlichen Design t\u00e4uschen - er funktioniert auch beim Zerkleinern von Cannabis sehr gut.<\/p>\n<p>Die <a href=\"https:\/\/global-hookah.com\/product-category\/wholesale-grinder\/3-piece-grinder-wholesale\/\"><strong>3-teilige Ausf\u00fchrung<\/strong><\/a> mit langlebigen, diamantgeschliffenen Z\u00e4hnen f\u00fcr feines und fluffiges Mahlen. Drei interne Maschensiebe filtern Verunreinigungen heraus und sorgen f\u00fcr ein gleichm\u00e4\u00dfigeres Ergebnis. Die leistungsstarken Neodym-Magnete sorgen f\u00fcr eine schnelle Wirkung bei geringem Kraftaufwand.<\/p>\n<p>Verglichen mit Marken wie Santa Cruz, ist dieses <strong>Anime Marihuana Grinder<\/strong> bietet einen mittelgroben Mahlgrad, der Harze besser bewahrt und eine l\u00e4ngere Lebensdauer hat - selbst bei klebrigen Materialien gibt es keine Probleme mit klebrigen Ablagerungen. Vielleicht haben Sie andere gute M\u00f6glichkeiten, aber ich empfehle Ihnen trotzdem dieses Mahlwerk, vor allem f\u00fcr Anime-Fans, das niedliche Aussehen ist genug, um Sie anzuziehen.<\/p>\n<p><img decoding=\"async\" src=\"https:\/\/ae01.alicdn.com\/kf\/S62540c8cebbb424684feb9a46be03dc92.jpg\" \/><br \/>\n<img decoding=\"async\" src=\"https:\/\/ae01.alicdn.com\/kf\/Sf0b036cef2ef43269edd06a52745b903J.jpg\" \/><br \/>\n<img decoding=\"async\" src=\"https:\/\/ae01.alicdn.com\/kf\/Sa68a247bec324c9f849045ff8184e92aZ.jpg\" \/><br \/>\n<img decoding=\"async\" src=\"https:\/\/ae01.alicdn.com\/kf\/Sa22564e5dcfb4fc4a3200227ba64b922T.jpg\" \/><br \/>\n<img decoding=\"async\" src=\"https:\/\/ae01.alicdn.com\/kf\/S4732220a14d6475eae1a1ed464582a62M.jpg\" \/><br \/>\n<img decoding=\"async\" src=\"https:\/\/ae01.alicdn.com\/kf\/S379c52247e3d4cb399b207467dd0cd1es.jpg\" \/><br \/>\n<img decoding=\"async\" src=\"https:\/\/ae01.alicdn.com\/kf\/S23129df83e974db3ba0996bc1f24b82b9.jpg\" \/><br \/>\n<img decoding=\"async\" src=\"https:\/\/ae01.alicdn.com\/kf\/S346c27833da3450ebac3868434f793b2D.jpg\" \/><br \/>\n<img decoding=\"async\" src=\"https:\/\/ae01.alicdn.com\/kf\/S447c58c904fb4508a4a83bc5e937e633S.jpg\" \/><\/p>\n<p>&nbsp;<\/p>\n<\/div>\n<\/div>","protected":false},"excerpt":{"rendered":"<p>Wir haben diese Anime Unkrautm\u00fchle in der bezaubernden Form von Pikachu entworfen, aber lass dich von dem niedlichen Design nicht t\u00e4uschen<\/p>","protected":false},"featured_media":30959,"comment_status":"closed","ping_status":"closed","template":"","meta":{"iawp_total_views":1,"_joinchat":[]},"product_brand":[],"product_cat":[770],"product_tag":[],"class_list":{"0":"post-30958","1":"product","2":"type-product","3":"status-publish","4":"has-post-thumbnail","6":"product_cat-wholesale-grinder","8":"first","9":"instock","10":"shipping-taxable","11":"product-type-external"},"yoast_head":"<!-- This site is optimized with the Yoast SEO Premium plugin v24.7 (Yoast SEO v26.8) - https:\/\/yoast.com\/product\/yoast-seo-premium-wordpress\/ -->\n<title>Anime Figure Pikachu Marijuana Grinder Wholesale - Global Hookah<\/title>\n<meta name=\"robots\" content=\"index, follow, max-snippet:-1, max-image-preview:large, max-video-preview:-1\" \/>\n<link rel=\"canonical\" href=\"https:\/\/global-hookah.com\/de\/produkt\/anime-figure-pikachu-marijuana-grinder-wholesale\/\" \/>\n<meta property=\"og:locale\" content=\"de_DE\" \/>\n<meta property=\"og:type\" content=\"article\" \/>\n<meta property=\"og:title\" content=\"Anime Figure Pikachu Marijuana Grinder Wholesale\" \/>\n<meta property=\"og:description\" content=\"We have designed this Anime weed grinder in the adorable shape of Pikachu, but don&#8217;t let the cute design fool\" \/>\n<meta property=\"og:url\" content=\"https:\/\/global-hookah.com\/de\/produkt\/anime-figure-pikachu-marijuana-grinder-wholesale\/\" \/>\n<meta property=\"og:site_name\" content=\"Global Hookah\" \/>\n<meta property=\"article:modified_time\" content=\"2024-10-24T06:13:47+00:00\" \/>\n<meta property=\"og:image\" content=\"https:\/\/global-hookah.com\/wp-content\/uploads\/2024\/10\/kf-S8d503070bf4b4b1cb130ac6e7343fe295.webp\" \/>\n\t<meta property=\"og:image:width\" content=\"800\" \/>\n\t<meta property=\"og:image:height\" content=\"800\" \/>\n\t<meta property=\"og:image:type\" content=\"image\/webp\" \/>\n<meta name=\"twitter:card\" content=\"summary_large_image\" \/>\n<meta name=\"twitter:label1\" content=\"Gesch\u00e4tzte Lesezeit\" \/>\n\t<meta name=\"twitter:data1\" content=\"1\u00a0Minute\" \/>\n<script type=\"application\/ld+json\" class=\"yoast-schema-graph\">{\"@context\":\"https:\/\/schema.org\",\"@graph\":[{\"@type\":\"WebPage\",\"@id\":\"https:\/\/global-hookah.com\/product\/anime-figure-pikachu-marijuana-grinder-wholesale\/\",\"url\":\"https:\/\/global-hookah.com\/product\/anime-figure-pikachu-marijuana-grinder-wholesale\/\",\"name\":\"Anime Figure Pikachu Marijuana Grinder Wholesale - Global Hookah\",\"isPartOf\":{\"@id\":\"https:\/\/global-hookah.com\/#website\"},\"primaryImageOfPage\":{\"@id\":\"https:\/\/global-hookah.com\/product\/anime-figure-pikachu-marijuana-grinder-wholesale\/#primaryimage\"},\"image\":{\"@id\":\"https:\/\/global-hookah.com\/product\/anime-figure-pikachu-marijuana-grinder-wholesale\/#primaryimage\"},\"thumbnailUrl\":\"https:\/\/global-hookah.com\/wp-content\/uploads\/2024\/10\/kf-S8d503070bf4b4b1cb130ac6e7343fe295.webp\",\"datePublished\":\"2024-10-24T03:59:04+00:00\",\"dateModified\":\"2024-10-24T06:13:47+00:00\",\"breadcrumb\":{\"@id\":\"https:\/\/global-hookah.com\/product\/anime-figure-pikachu-marijuana-grinder-wholesale\/#breadcrumb\"},\"inLanguage\":\"de\",\"potentialAction\":[{\"@type\":\"ReadAction\",\"target\":[\"https:\/\/global-hookah.com\/product\/anime-figure-pikachu-marijuana-grinder-wholesale\/\"]}]},{\"@type\":\"ImageObject\",\"inLanguage\":\"de\",\"@id\":\"https:\/\/global-hookah.com\/product\/anime-figure-pikachu-marijuana-grinder-wholesale\/#primaryimage\",\"url\":\"https:\/\/global-hookah.com\/wp-content\/uploads\/2024\/10\/kf-S8d503070bf4b4b1cb130ac6e7343fe295.webp\",\"contentUrl\":\"https:\/\/global-hookah.com\/wp-content\/uploads\/2024\/10\/kf-S8d503070bf4b4b1cb130ac6e7343fe295.webp\",\"width\":800,\"height\":800,\"caption\":\"Anime Figure Pikachu Marijuana Grinder Wholesale\"},{\"@type\":\"BreadcrumbList\",\"@id\":\"https:\/\/global-hookah.com\/product\/anime-figure-pikachu-marijuana-grinder-wholesale\/#breadcrumb\",\"itemListElement\":[{\"@type\":\"ListItem\",\"position\":1,\"name\":\"Home\",\"item\":\"https:\/\/global-hookah.com\/\"},{\"@type\":\"ListItem\",\"position\":2,\"name\":\"Shop\",\"item\":\"https:\/\/global-hookah.com\/shop\/\"},{\"@type\":\"ListItem\",\"position\":3,\"name\":\"Anime Figure Pikachu Marijuana Grinder Wholesale\"}]},{\"@type\":\"WebSite\",\"@id\":\"https:\/\/global-hookah.com\/#website\",\"url\":\"https:\/\/global-hookah.com\/\",\"name\":\"Global Hookah\",\"description\":\"Global Hookah\",\"publisher\":{\"@id\":\"https:\/\/global-hookah.com\/#organization\"},\"potentialAction\":[{\"@type\":\"SearchAction\",\"target\":{\"@type\":\"EntryPoint\",\"urlTemplate\":\"https:\/\/global-hookah.com\/?s={search_term_string}\"},\"query-input\":{\"@type\":\"PropertyValueSpecification\",\"valueRequired\":true,\"valueName\":\"search_term_string\"}}],\"inLanguage\":\"de\"},{\"@type\":\"Organization\",\"@id\":\"https:\/\/global-hookah.com\/#organization\",\"name\":\"Global Hookah\",\"url\":\"https:\/\/global-hookah.com\/\",\"logo\":{\"@type\":\"ImageObject\",\"inLanguage\":\"de\",\"@id\":\"https:\/\/global-hookah.com\/#\/schema\/logo\/image\/\",\"url\":\"https:\/\/global-hookah.com\/wp-content\/uploads\/2021\/10\/cropped-fgg.png\",\"contentUrl\":\"https:\/\/global-hookah.com\/wp-content\/uploads\/2021\/10\/cropped-fgg.png\",\"width\":512,\"height\":512,\"caption\":\"Global Hookah\"},\"image\":{\"@id\":\"https:\/\/global-hookah.com\/#\/schema\/logo\/image\/\"}}]}<\/script>\n<!-- \/ Yoast SEO Premium plugin. -->","yoast_head_json":{"title":"Anime Figur Pikachu Marihuana Grinder Gro\u00dfhandel - Global Hookah","robots":{"index":"index","follow":"follow","max-snippet":"max-snippet:-1","max-image-preview":"max-image-preview:large","max-video-preview":"max-video-preview:-1"},"canonical":"https:\/\/global-hookah.com\/de\/produkt\/anime-figure-pikachu-marijuana-grinder-wholesale\/","og_locale":"de_DE","og_type":"article","og_title":"Anime Figure Pikachu Marijuana Grinder Wholesale","og_description":"We have designed this Anime weed grinder in the adorable shape of Pikachu, but don&#8217;t let the cute design fool","og_url":"https:\/\/global-hookah.com\/de\/produkt\/anime-figure-pikachu-marijuana-grinder-wholesale\/","og_site_name":"Global Hookah","article_modified_time":"2024-10-24T06:13:47+00:00","og_image":[{"width":800,"height":800,"url":"https:\/\/global-hookah.com\/wp-content\/uploads\/2024\/10\/kf-S8d503070bf4b4b1cb130ac6e7343fe295.webp","type":"image\/webp"}],"twitter_card":"summary_large_image","twitter_misc":{"Gesch\u00e4tzte Lesezeit":"1\u00a0Minute"},"schema":{"@context":"https:\/\/schema.org","@graph":[{"@type":"WebPage","@id":"https:\/\/global-hookah.com\/product\/anime-figure-pikachu-marijuana-grinder-wholesale\/","url":"https:\/\/global-hookah.com\/product\/anime-figure-pikachu-marijuana-grinder-wholesale\/","name":"Anime Figur Pikachu Marihuana Grinder Gro\u00dfhandel - Global Hookah","isPartOf":{"@id":"https:\/\/global-hookah.com\/#website"},"primaryImageOfPage":{"@id":"https:\/\/global-hookah.com\/product\/anime-figure-pikachu-marijuana-grinder-wholesale\/#primaryimage"},"image":{"@id":"https:\/\/global-hookah.com\/product\/anime-figure-pikachu-marijuana-grinder-wholesale\/#primaryimage"},"thumbnailUrl":"https:\/\/global-hookah.com\/wp-content\/uploads\/2024\/10\/kf-S8d503070bf4b4b1cb130ac6e7343fe295.webp","datePublished":"2024-10-24T03:59:04+00:00","dateModified":"2024-10-24T06:13:47+00:00","breadcrumb":{"@id":"https:\/\/global-hookah.com\/product\/anime-figure-pikachu-marijuana-grinder-wholesale\/#breadcrumb"},"inLanguage":"de","potentialAction":[{"@type":"ReadAction","target":["https:\/\/global-hookah.com\/product\/anime-figure-pikachu-marijuana-grinder-wholesale\/"]}]},{"@type":"ImageObject","inLanguage":"de","@id":"https:\/\/global-hookah.com\/product\/anime-figure-pikachu-marijuana-grinder-wholesale\/#primaryimage","url":"https:\/\/global-hookah.com\/wp-content\/uploads\/2024\/10\/kf-S8d503070bf4b4b1cb130ac6e7343fe295.webp","contentUrl":"https:\/\/global-hookah.com\/wp-content\/uploads\/2024\/10\/kf-S8d503070bf4b4b1cb130ac6e7343fe295.webp","width":800,"height":800,"caption":"Anime Figure Pikachu Marijuana Grinder Wholesale"},{"@type":"BreadcrumbList","@id":"https:\/\/global-hookah.com\/product\/anime-figure-pikachu-marijuana-grinder-wholesale\/#breadcrumb","itemListElement":[{"@type":"ListItem","position":1,"name":"Home","item":"https:\/\/global-hookah.com\/"},{"@type":"ListItem","position":2,"name":"Shop","item":"https:\/\/global-hookah.com\/shop\/"},{"@type":"ListItem","position":3,"name":"Anime Figure Pikachu Marijuana Grinder Wholesale"}]},{"@type":"WebSite","@id":"https:\/\/global-hookah.com\/#website","url":"https:\/\/global-hookah.com\/","name":"Globale Wasserpfeife","description":"Globale Wasserpfeife","publisher":{"@id":"https:\/\/global-hookah.com\/#organization"},"potentialAction":[{"@type":"SearchAction","target":{"@type":"EntryPoint","urlTemplate":"https:\/\/global-hookah.com\/?s={search_term_string}"},"query-input":{"@type":"PropertyValueSpecification","valueRequired":true,"valueName":"search_term_string"}}],"inLanguage":"de"},{"@type":"Organization","@id":"https:\/\/global-hookah.com\/#organization","name":"Globale Wasserpfeife","url":"https:\/\/global-hookah.com\/","logo":{"@type":"ImageObject","inLanguage":"de","@id":"https:\/\/global-hookah.com\/#\/schema\/logo\/image\/","url":"https:\/\/global-hookah.com\/wp-content\/uploads\/2021\/10\/cropped-fgg.png","contentUrl":"https:\/\/global-hookah.com\/wp-content\/uploads\/2021\/10\/cropped-fgg.png","width":512,"height":512,"caption":"Global Hookah"},"image":{"@id":"https:\/\/global-hookah.com\/#\/schema\/logo\/image\/"}}]}},"_links":{"self":[{"href":"https:\/\/global-hookah.com\/de\/wp-json\/wp\/v2\/product\/30958","targetHints":{"allow":["GET"]}}],"collection":[{"href":"https:\/\/global-hookah.com\/de\/wp-json\/wp\/v2\/product"}],"about":[{"href":"https:\/\/global-hookah.com\/de\/wp-json\/wp\/v2\/types\/product"}],"replies":[{"embeddable":true,"href":"https:\/\/global-hookah.com\/de\/wp-json\/wp\/v2\/comments?post=30958"}],"version-history":[{"count":0,"href":"https:\/\/global-hookah.com\/de\/wp-json\/wp\/v2\/product\/30958\/revisions"}],"wp:featuredmedia":[{"embeddable":true,"href":"https:\/\/global-hookah.com\/de\/wp-json\/wp\/v2\/media\/30959"}],"wp:attachment":[{"href":"https:\/\/global-hookah.com\/de\/wp-json\/wp\/v2\/media?parent=30958"}],"wp:term":[{"taxonomy":"product_brand","embeddable":true,"href":"https:\/\/global-hookah.com\/de\/wp-json\/wp\/v2\/product_brand?post=30958"},{"taxonomy":"product_cat","embeddable":true,"href":"https:\/\/global-hookah.com\/de\/wp-json\/wp\/v2\/product_cat?post=30958"},{"taxonomy":"product_tag","embeddable":true,"href":"https:\/\/global-hookah.com\/de\/wp-json\/wp\/v2\/product_tag?post=30958"}],"curies":[{"name":"wp","href":"https:\/\/api.w.org\/{rel}","templated":true}]}}