{"id":30971,"date":"2024-10-24T05:15:18","date_gmt":"2024-10-24T05:15:18","guid":{"rendered":"https:\/\/global-hookah.com\/product\/cute-cat-shaped-weed-grinder-wholesale\/"},"modified":"2024-10-24T05:20:47","modified_gmt":"2024-10-24T05:20:47","slug":"cute-cat-shaped-weed-grinder-wholesale","status":"publish","type":"product","link":"https:\/\/global-hookah.com\/de\/produkt\/cute-cat-shaped-weed-grinder-wholesale\/","title":{"rendered":"Niedliche Katze geformt Unkraut Grinder Gro\u00dfhandel"},"content":{"rendered":"<p><strong>Produktspezifikationen<\/strong>:<\/p>\n<div style=\"font-family: Arial; font-size: large; font-weight: 400; letter-spacing: normal; text-align: start;\" align=\"start\">\n<ul style=\"font-size: 18.6667px;\">\n<li>Qualit\u00e4t: 1<\/li>\n<li>Farbe: Gold<\/li>\n<li>Art: <a href=\"https:\/\/global-hookah.com\/product-category\/wholesale-grinder\/metal-grinder-wholesale\/\">R\u00e4ucherm\u00fchle<\/a><\/li>\n<li>1,5\u2033 Durchmesser (innen) x 4\u2033 H\u00f6he<\/li>\n<li>Material: Hochwertige Zinklegierung und Kunststoff<\/li>\n<li>Rasiermesserscharfe Diamant-Flachz\u00e4hne<\/li>\n<li>Magnetisches Top-Geh\u00e4use<\/li>\n<li>Mikro-Maschensieb aus Stahl zum Filtern von Pollen<\/li>\n<li>Separate Pollenkammer<\/li>\n<\/ul>\n<div id=\"ds_div\" style=\"text-align: start;\" align=\"start\">\n<div><strong>R\u00fcckmeldung:<\/strong><\/div>\n<div>\n<ul>\n<li>Kundenservice ist unsere Priorit\u00e4t, Ihre Zufriedenheit ist unser Ziel.<\/li>\n<li>Wenn Sie mit dem Kauferlebnis und dem Produkt, das Sie erhalten haben, zufrieden sind, bitten wir Sie, uns ein positives Feedback zu hinterlassen. Wir sch\u00e4tzen das sehr!<\/li>\n<li>Nat\u00fcrlich laufen die Dinge nicht immer wie geplant. Wenn Sie aus irgendeinem Grund mit Ihrem Kauf oder Ihrer Erfahrung unzufrieden sind, wenden Sie sich bitte an uns, bevor Sie eine Bewertung abgeben, und wir werden alles tun, was wir k\u00f6nnen, um die Dinge richtig zu machen.<\/li>\n<\/ul>\n<\/div>\n<div>\n<p class=\"MsoNormal\" style=\"line-height: normal;\"><strong><span style=\"font-size: 13.5pt;\">Versand:<\/span><\/strong><\/p>\n<ul>\n<li class=\"MsoNormal\" style=\"line-height: normal;\"><span style=\"font-size: 13.5pt;\">Bestellungen werden innerhalb von 1-2 Werktagen versandt, wobei wir uns bem\u00fchen, die Bestellungen am selben oder n\u00e4chsten Tag nach Zahlungseingang zu versenden.<\/span><\/li>\n<li class=\"MsoNormal\" style=\"line-height: normal;\"><span style=\"font-size: 13.5pt;\">Der Versand richtet sich nach unseren Gesch\u00e4ftszeiten (Montag-Freitag, 10-17 Uhr, au\u00dfer an Feiertagen). Dies bedeutet, dass Bestellungen, die nach den Gesch\u00e4ftszeiten, am Wochenende oder an Feiertagen aufgegeben werden, am n\u00e4chsten Werktag versandt werden.<\/span><\/li>\n<li class=\"MsoNormal\" style=\"line-height: normal;\"><span style=\"font-size: 13.5pt;\">Bei Bestellungen mit kostenlosem Versand behalten wir uns das Recht vor, jedes uns geeignet erscheinende Transportunternehmen zu verwenden.<\/span><\/li>\n<\/ul>\n<div><\/div>\n<\/div>\n<\/div>\n<\/div>\n<p>&nbsp;<\/p>","protected":false},"excerpt":{"rendered":"<p>Produktspezifikationen: Qualit\u00e4t: 1 Farbe: Gold Typ: Smoke Grinder 1.5\u2033 Durchmesser (Innen)x 4\u2033 H\u00f6he Material: Hochwertige Zink-Legierung und Kunststoff<\/p>","protected":false},"featured_media":30972,"comment_status":"closed","ping_status":"closed","template":"","meta":{"iawp_total_views":0,"_joinchat":[]},"product_brand":[],"product_cat":[770],"product_tag":[],"class_list":{"0":"post-30971","1":"product","2":"type-product","3":"status-publish","4":"has-post-thumbnail","6":"product_cat-wholesale-grinder","8":"first","9":"instock","10":"shipping-taxable","11":"product-type-external"},"yoast_head":"<!-- This site is optimized with the Yoast SEO Premium plugin v24.7 (Yoast SEO v26.8) - https:\/\/yoast.com\/product\/yoast-seo-premium-wordpress\/ -->\n<title>Cute Cat Shaped Weed Grinder Wholesale - Global Hookah<\/title>\n<meta name=\"robots\" content=\"index, follow, max-snippet:-1, max-image-preview:large, max-video-preview:-1\" \/>\n<link rel=\"canonical\" href=\"https:\/\/global-hookah.com\/de\/produkt\/cute-cat-shaped-weed-grinder-wholesale\/\" \/>\n<meta property=\"og:locale\" content=\"de_DE\" \/>\n<meta property=\"og:type\" content=\"article\" \/>\n<meta property=\"og:title\" content=\"Cute Cat Shaped Weed Grinder Wholesale\" \/>\n<meta property=\"og:description\" content=\"Product Specifications: Quality: 1 Color: Gold Type: Smoke grinder 1.5&#8243; diameter (Inner)x 4&#8243; height Material:\u00a0High Grade Zinc Alloy and Plastic\" \/>\n<meta property=\"og:url\" content=\"https:\/\/global-hookah.com\/de\/produkt\/cute-cat-shaped-weed-grinder-wholesale\/\" \/>\n<meta property=\"og:site_name\" content=\"Global Hookah\" \/>\n<meta property=\"article:modified_time\" content=\"2024-10-24T05:20:47+00:00\" \/>\n<meta property=\"og:image\" content=\"https:\/\/global-hookah.com\/wp-content\/uploads\/2024\/10\/kf-A1a5e3efd7ac44171815fa3d87beb9d4a8.webp\" \/>\n\t<meta property=\"og:image:width\" content=\"1000\" \/>\n\t<meta property=\"og:image:height\" content=\"1000\" \/>\n\t<meta property=\"og:image:type\" content=\"image\/webp\" \/>\n<meta name=\"twitter:card\" content=\"summary_large_image\" \/>\n<meta name=\"twitter:label1\" content=\"Gesch\u00e4tzte Lesezeit\" \/>\n\t<meta name=\"twitter:data1\" content=\"1\u00a0Minute\" \/>\n<script type=\"application\/ld+json\" class=\"yoast-schema-graph\">{\"@context\":\"https:\/\/schema.org\",\"@graph\":[{\"@type\":\"WebPage\",\"@id\":\"https:\/\/global-hookah.com\/product\/cute-cat-shaped-weed-grinder-wholesale\/\",\"url\":\"https:\/\/global-hookah.com\/product\/cute-cat-shaped-weed-grinder-wholesale\/\",\"name\":\"Cute Cat Shaped Weed Grinder Wholesale - Global Hookah\",\"isPartOf\":{\"@id\":\"https:\/\/global-hookah.com\/#website\"},\"primaryImageOfPage\":{\"@id\":\"https:\/\/global-hookah.com\/product\/cute-cat-shaped-weed-grinder-wholesale\/#primaryimage\"},\"image\":{\"@id\":\"https:\/\/global-hookah.com\/product\/cute-cat-shaped-weed-grinder-wholesale\/#primaryimage\"},\"thumbnailUrl\":\"https:\/\/global-hookah.com\/wp-content\/uploads\/2024\/10\/kf-A1a5e3efd7ac44171815fa3d87beb9d4a8.webp\",\"datePublished\":\"2024-10-24T05:15:18+00:00\",\"dateModified\":\"2024-10-24T05:20:47+00:00\",\"breadcrumb\":{\"@id\":\"https:\/\/global-hookah.com\/product\/cute-cat-shaped-weed-grinder-wholesale\/#breadcrumb\"},\"inLanguage\":\"de\",\"potentialAction\":[{\"@type\":\"ReadAction\",\"target\":[\"https:\/\/global-hookah.com\/product\/cute-cat-shaped-weed-grinder-wholesale\/\"]}]},{\"@type\":\"ImageObject\",\"inLanguage\":\"de\",\"@id\":\"https:\/\/global-hookah.com\/product\/cute-cat-shaped-weed-grinder-wholesale\/#primaryimage\",\"url\":\"https:\/\/global-hookah.com\/wp-content\/uploads\/2024\/10\/kf-A1a5e3efd7ac44171815fa3d87beb9d4a8.webp\",\"contentUrl\":\"https:\/\/global-hookah.com\/wp-content\/uploads\/2024\/10\/kf-A1a5e3efd7ac44171815fa3d87beb9d4a8.webp\",\"width\":1000,\"height\":1000,\"caption\":\"Cute Cat Shaped Weed Grinder Wholesale\"},{\"@type\":\"BreadcrumbList\",\"@id\":\"https:\/\/global-hookah.com\/product\/cute-cat-shaped-weed-grinder-wholesale\/#breadcrumb\",\"itemListElement\":[{\"@type\":\"ListItem\",\"position\":1,\"name\":\"Home\",\"item\":\"https:\/\/global-hookah.com\/\"},{\"@type\":\"ListItem\",\"position\":2,\"name\":\"Shop\",\"item\":\"https:\/\/global-hookah.com\/shop\/\"},{\"@type\":\"ListItem\",\"position\":3,\"name\":\"Cute Cat Shaped Weed Grinder Wholesale\"}]},{\"@type\":\"WebSite\",\"@id\":\"https:\/\/global-hookah.com\/#website\",\"url\":\"https:\/\/global-hookah.com\/\",\"name\":\"Global Hookah\",\"description\":\"Global Hookah\",\"publisher\":{\"@id\":\"https:\/\/global-hookah.com\/#organization\"},\"potentialAction\":[{\"@type\":\"SearchAction\",\"target\":{\"@type\":\"EntryPoint\",\"urlTemplate\":\"https:\/\/global-hookah.com\/?s={search_term_string}\"},\"query-input\":{\"@type\":\"PropertyValueSpecification\",\"valueRequired\":true,\"valueName\":\"search_term_string\"}}],\"inLanguage\":\"de\"},{\"@type\":\"Organization\",\"@id\":\"https:\/\/global-hookah.com\/#organization\",\"name\":\"Global Hookah\",\"url\":\"https:\/\/global-hookah.com\/\",\"logo\":{\"@type\":\"ImageObject\",\"inLanguage\":\"de\",\"@id\":\"https:\/\/global-hookah.com\/#\/schema\/logo\/image\/\",\"url\":\"https:\/\/global-hookah.com\/wp-content\/uploads\/2021\/10\/cropped-fgg.png\",\"contentUrl\":\"https:\/\/global-hookah.com\/wp-content\/uploads\/2021\/10\/cropped-fgg.png\",\"width\":512,\"height\":512,\"caption\":\"Global Hookah\"},\"image\":{\"@id\":\"https:\/\/global-hookah.com\/#\/schema\/logo\/image\/\"}}]}<\/script>\n<!-- \/ Yoast SEO Premium plugin. -->","yoast_head_json":{"title":"Niedliche Katze geformt Unkraut Grinder Gro\u00dfhandel - Global Hookah","robots":{"index":"index","follow":"follow","max-snippet":"max-snippet:-1","max-image-preview":"max-image-preview:large","max-video-preview":"max-video-preview:-1"},"canonical":"https:\/\/global-hookah.com\/de\/produkt\/cute-cat-shaped-weed-grinder-wholesale\/","og_locale":"de_DE","og_type":"article","og_title":"Cute Cat Shaped Weed Grinder Wholesale","og_description":"Product Specifications: Quality: 1 Color: Gold Type: Smoke grinder 1.5&#8243; diameter (Inner)x 4&#8243; height Material:\u00a0High Grade Zinc Alloy and Plastic","og_url":"https:\/\/global-hookah.com\/de\/produkt\/cute-cat-shaped-weed-grinder-wholesale\/","og_site_name":"Global Hookah","article_modified_time":"2024-10-24T05:20:47+00:00","og_image":[{"width":1000,"height":1000,"url":"https:\/\/global-hookah.com\/wp-content\/uploads\/2024\/10\/kf-A1a5e3efd7ac44171815fa3d87beb9d4a8.webp","type":"image\/webp"}],"twitter_card":"summary_large_image","twitter_misc":{"Gesch\u00e4tzte Lesezeit":"1\u00a0Minute"},"schema":{"@context":"https:\/\/schema.org","@graph":[{"@type":"WebPage","@id":"https:\/\/global-hookah.com\/product\/cute-cat-shaped-weed-grinder-wholesale\/","url":"https:\/\/global-hookah.com\/product\/cute-cat-shaped-weed-grinder-wholesale\/","name":"Niedliche Katze geformt Unkraut Grinder Gro\u00dfhandel - Global Hookah","isPartOf":{"@id":"https:\/\/global-hookah.com\/#website"},"primaryImageOfPage":{"@id":"https:\/\/global-hookah.com\/product\/cute-cat-shaped-weed-grinder-wholesale\/#primaryimage"},"image":{"@id":"https:\/\/global-hookah.com\/product\/cute-cat-shaped-weed-grinder-wholesale\/#primaryimage"},"thumbnailUrl":"https:\/\/global-hookah.com\/wp-content\/uploads\/2024\/10\/kf-A1a5e3efd7ac44171815fa3d87beb9d4a8.webp","datePublished":"2024-10-24T05:15:18+00:00","dateModified":"2024-10-24T05:20:47+00:00","breadcrumb":{"@id":"https:\/\/global-hookah.com\/product\/cute-cat-shaped-weed-grinder-wholesale\/#breadcrumb"},"inLanguage":"de","potentialAction":[{"@type":"ReadAction","target":["https:\/\/global-hookah.com\/product\/cute-cat-shaped-weed-grinder-wholesale\/"]}]},{"@type":"ImageObject","inLanguage":"de","@id":"https:\/\/global-hookah.com\/product\/cute-cat-shaped-weed-grinder-wholesale\/#primaryimage","url":"https:\/\/global-hookah.com\/wp-content\/uploads\/2024\/10\/kf-A1a5e3efd7ac44171815fa3d87beb9d4a8.webp","contentUrl":"https:\/\/global-hookah.com\/wp-content\/uploads\/2024\/10\/kf-A1a5e3efd7ac44171815fa3d87beb9d4a8.webp","width":1000,"height":1000,"caption":"Cute Cat Shaped Weed Grinder Wholesale"},{"@type":"BreadcrumbList","@id":"https:\/\/global-hookah.com\/product\/cute-cat-shaped-weed-grinder-wholesale\/#breadcrumb","itemListElement":[{"@type":"ListItem","position":1,"name":"Home","item":"https:\/\/global-hookah.com\/"},{"@type":"ListItem","position":2,"name":"Shop","item":"https:\/\/global-hookah.com\/shop\/"},{"@type":"ListItem","position":3,"name":"Cute Cat Shaped Weed Grinder Wholesale"}]},{"@type":"WebSite","@id":"https:\/\/global-hookah.com\/#website","url":"https:\/\/global-hookah.com\/","name":"Globale Wasserpfeife","description":"Globale Wasserpfeife","publisher":{"@id":"https:\/\/global-hookah.com\/#organization"},"potentialAction":[{"@type":"SearchAction","target":{"@type":"EntryPoint","urlTemplate":"https:\/\/global-hookah.com\/?s={search_term_string}"},"query-input":{"@type":"PropertyValueSpecification","valueRequired":true,"valueName":"search_term_string"}}],"inLanguage":"de"},{"@type":"Organization","@id":"https:\/\/global-hookah.com\/#organization","name":"Globale Wasserpfeife","url":"https:\/\/global-hookah.com\/","logo":{"@type":"ImageObject","inLanguage":"de","@id":"https:\/\/global-hookah.com\/#\/schema\/logo\/image\/","url":"https:\/\/global-hookah.com\/wp-content\/uploads\/2021\/10\/cropped-fgg.png","contentUrl":"https:\/\/global-hookah.com\/wp-content\/uploads\/2021\/10\/cropped-fgg.png","width":512,"height":512,"caption":"Global Hookah"},"image":{"@id":"https:\/\/global-hookah.com\/#\/schema\/logo\/image\/"}}]}},"_links":{"self":[{"href":"https:\/\/global-hookah.com\/de\/wp-json\/wp\/v2\/product\/30971","targetHints":{"allow":["GET"]}}],"collection":[{"href":"https:\/\/global-hookah.com\/de\/wp-json\/wp\/v2\/product"}],"about":[{"href":"https:\/\/global-hookah.com\/de\/wp-json\/wp\/v2\/types\/product"}],"replies":[{"embeddable":true,"href":"https:\/\/global-hookah.com\/de\/wp-json\/wp\/v2\/comments?post=30971"}],"version-history":[{"count":0,"href":"https:\/\/global-hookah.com\/de\/wp-json\/wp\/v2\/product\/30971\/revisions"}],"wp:featuredmedia":[{"embeddable":true,"href":"https:\/\/global-hookah.com\/de\/wp-json\/wp\/v2\/media\/30972"}],"wp:attachment":[{"href":"https:\/\/global-hookah.com\/de\/wp-json\/wp\/v2\/media?parent=30971"}],"wp:term":[{"taxonomy":"product_brand","embeddable":true,"href":"https:\/\/global-hookah.com\/de\/wp-json\/wp\/v2\/product_brand?post=30971"},{"taxonomy":"product_cat","embeddable":true,"href":"https:\/\/global-hookah.com\/de\/wp-json\/wp\/v2\/product_cat?post=30971"},{"taxonomy":"product_tag","embeddable":true,"href":"https:\/\/global-hookah.com\/de\/wp-json\/wp\/v2\/product_tag?post=30971"}],"curies":[{"name":"wp","href":"https:\/\/api.w.org\/{rel}","templated":true}]}}