{"id":30998,"date":"2024-10-26T01:34:50","date_gmt":"2024-10-26T01:34:50","guid":{"rendered":"https:\/\/global-hookah.com\/?post_type=product&#038;p=30998"},"modified":"2024-10-26T01:49:32","modified_gmt":"2024-10-26T01:49:32","slug":"golden-quick-lighting-hookah-charcoal-wholesale","status":"publish","type":"product","link":"https:\/\/global-hookah.com\/de\/produkt\/golden-quick-lighting-hookah-charcoal-wholesale\/","title":{"rendered":"22 mm Golden Quick-Lighting Hookah Holzkohle Gro\u00dfhandel"},"content":{"rendered":"<ul>\n<li><strong>Name<\/strong>: 22MM <a href=\"https:\/\/global-hookah.com\/product-category\/hookah-charcoal-wholesale\/\">Wasserpfeifenkohle<\/a> Kokosnuss-Schale<\/li>\n<li><strong>Material<\/strong>: Kokosnuss-Schale<\/li>\n<li><strong>Brenndauer<\/strong>: 60-120 Minuten<\/li>\n<li><strong>Gr\u00f6\u00dfe<\/strong>: Durchmesser 22mm<\/li>\n<li><strong>Gewicht<\/strong>: Ungef\u00e4hr 10,7 Gramm<\/li>\n<li><strong>Verpackung<\/strong>96 St\u00fcck pro Schachtel, 18 Schachteln pro Karton<\/li>\n<li><strong>Anwendungen<\/strong>: BBQ, Wasserpfeife, Heizung, etc.<\/li>\n<li><strong>Eigenschaften<\/strong>:\n<ul>\n<li>Lange Brenndauer<\/li>\n<li>Wei\u00dfe Asche, geringer R\u00fcckstand<\/li>\n<\/ul>\n<\/li>\n<\/ul>\n<p>Unser Unternehmen ist auf die Herstellung von Wasserpfeifenkohle spezialisiert und verkauft j\u00e4hrlich mehr als 30.000 Tonnen. Wir halten uns an die Gesch\u00e4ftsphilosophie \u201cIntegrit\u00e4t und Win-Win-Kooperation\u201d und haben langfristige und stabile Partnerschaften mit zahlreichen Unternehmen im ganzen Land aufgebaut. Unsere Produkte haben an internationalen Messen wie dem World Halal Industry Forum, Ausstellungen in den Vereinigten Arabischen Emiraten und der Canton Fair teilgenommen. Wir exportieren in \u00fcber 60 L\u00e4nder und Regionen, darunter Asien<\/p>","protected":false},"excerpt":{"rendered":"<p>Name: 22MM Wasserpfeife Holzkohle Kokosnuss-Schale Material: Kokosnuss-Schale Brenndauer: 60-120 Minuten Gr\u00f6\u00dfe: Durchmesser 22mm Gewicht: Ungef\u00e4hr 10,7 Gramm<\/p>","protected":false},"featured_media":31002,"comment_status":"closed","ping_status":"closed","template":"","meta":{"iawp_total_views":3,"_joinchat":[]},"product_brand":[],"product_cat":[994],"product_tag":[],"class_list":{"0":"post-30998","1":"product","2":"type-product","3":"status-publish","4":"has-post-thumbnail","6":"product_cat-hookah-charcoal-wholesale","8":"first","9":"instock","10":"shipping-taxable","11":"product-type-simple"},"yoast_head":"<!-- This site is optimized with the Yoast SEO Premium plugin v24.7 (Yoast SEO v26.8) - https:\/\/yoast.com\/product\/yoast-seo-premium-wordpress\/ -->\n<title>22 mm Golden Quick-Lighting Hookah Charcoal Wholesale - Global Hookah<\/title>\n<meta name=\"robots\" content=\"index, follow, max-snippet:-1, max-image-preview:large, max-video-preview:-1\" \/>\n<link rel=\"canonical\" href=\"https:\/\/global-hookah.com\/de\/produkt\/golden-quick-lighting-hookah-charcoal-wholesale\/\" \/>\n<meta property=\"og:locale\" content=\"de_DE\" \/>\n<meta property=\"og:type\" content=\"article\" \/>\n<meta property=\"og:title\" content=\"22 mm Golden Quick-Lighting Hookah Charcoal Wholesale\" \/>\n<meta property=\"og:description\" content=\"Name: 22MM Hookah Charcoal Coconut Shell Material: Coconut Shell Burn Time: 60-120 minutes Size: Diameter 22mm Weight: Approximately 10.7 grams\" \/>\n<meta property=\"og:url\" content=\"https:\/\/global-hookah.com\/de\/produkt\/golden-quick-lighting-hookah-charcoal-wholesale\/\" \/>\n<meta property=\"og:site_name\" content=\"Global Hookah\" \/>\n<meta property=\"article:modified_time\" content=\"2024-10-26T01:49:32+00:00\" \/>\n<meta property=\"og:image\" content=\"https:\/\/global-hookah.com\/wp-content\/uploads\/2024\/10\/cde31e139b9b5bc1e3adbe76f7702d5.jpg\" \/>\n\t<meta property=\"og:image:width\" content=\"800\" \/>\n\t<meta property=\"og:image:height\" content=\"800\" \/>\n\t<meta property=\"og:image:type\" content=\"image\/jpeg\" \/>\n<meta name=\"twitter:card\" content=\"summary_large_image\" \/>\n<meta name=\"twitter:label1\" content=\"Gesch\u00e4tzte Lesezeit\" \/>\n\t<meta name=\"twitter:data1\" content=\"1\u00a0Minute\" \/>\n<script type=\"application\/ld+json\" class=\"yoast-schema-graph\">{\"@context\":\"https:\/\/schema.org\",\"@graph\":[{\"@type\":\"WebPage\",\"@id\":\"https:\/\/global-hookah.com\/product\/golden-quick-lighting-hookah-charcoal-wholesale\/\",\"url\":\"https:\/\/global-hookah.com\/product\/golden-quick-lighting-hookah-charcoal-wholesale\/\",\"name\":\"22 mm Golden Quick-Lighting Hookah Charcoal Wholesale - Global Hookah\",\"isPartOf\":{\"@id\":\"https:\/\/global-hookah.com\/#website\"},\"primaryImageOfPage\":{\"@id\":\"https:\/\/global-hookah.com\/product\/golden-quick-lighting-hookah-charcoal-wholesale\/#primaryimage\"},\"image\":{\"@id\":\"https:\/\/global-hookah.com\/product\/golden-quick-lighting-hookah-charcoal-wholesale\/#primaryimage\"},\"thumbnailUrl\":\"https:\/\/global-hookah.com\/wp-content\/uploads\/2024\/10\/cde31e139b9b5bc1e3adbe76f7702d5.jpg\",\"datePublished\":\"2024-10-26T01:34:50+00:00\",\"dateModified\":\"2024-10-26T01:49:32+00:00\",\"breadcrumb\":{\"@id\":\"https:\/\/global-hookah.com\/product\/golden-quick-lighting-hookah-charcoal-wholesale\/#breadcrumb\"},\"inLanguage\":\"de\",\"potentialAction\":[{\"@type\":\"ReadAction\",\"target\":[\"https:\/\/global-hookah.com\/product\/golden-quick-lighting-hookah-charcoal-wholesale\/\"]}]},{\"@type\":\"ImageObject\",\"inLanguage\":\"de\",\"@id\":\"https:\/\/global-hookah.com\/product\/golden-quick-lighting-hookah-charcoal-wholesale\/#primaryimage\",\"url\":\"https:\/\/global-hookah.com\/wp-content\/uploads\/2024\/10\/cde31e139b9b5bc1e3adbe76f7702d5.jpg\",\"contentUrl\":\"https:\/\/global-hookah.com\/wp-content\/uploads\/2024\/10\/cde31e139b9b5bc1e3adbe76f7702d5.jpg\",\"width\":800,\"height\":800,\"caption\":\"22 mm Golden Quick-Lighting Hookah Charcoal Wholesale\"},{\"@type\":\"BreadcrumbList\",\"@id\":\"https:\/\/global-hookah.com\/product\/golden-quick-lighting-hookah-charcoal-wholesale\/#breadcrumb\",\"itemListElement\":[{\"@type\":\"ListItem\",\"position\":1,\"name\":\"Home\",\"item\":\"https:\/\/global-hookah.com\/\"},{\"@type\":\"ListItem\",\"position\":2,\"name\":\"Shop\",\"item\":\"https:\/\/global-hookah.com\/shop\/\"},{\"@type\":\"ListItem\",\"position\":3,\"name\":\"22 mm Golden Quick-Lighting Hookah Charcoal Wholesale\"}]},{\"@type\":\"WebSite\",\"@id\":\"https:\/\/global-hookah.com\/#website\",\"url\":\"https:\/\/global-hookah.com\/\",\"name\":\"Global Hookah\",\"description\":\"Global Hookah\",\"publisher\":{\"@id\":\"https:\/\/global-hookah.com\/#organization\"},\"potentialAction\":[{\"@type\":\"SearchAction\",\"target\":{\"@type\":\"EntryPoint\",\"urlTemplate\":\"https:\/\/global-hookah.com\/?s={search_term_string}\"},\"query-input\":{\"@type\":\"PropertyValueSpecification\",\"valueRequired\":true,\"valueName\":\"search_term_string\"}}],\"inLanguage\":\"de\"},{\"@type\":\"Organization\",\"@id\":\"https:\/\/global-hookah.com\/#organization\",\"name\":\"Global Hookah\",\"url\":\"https:\/\/global-hookah.com\/\",\"logo\":{\"@type\":\"ImageObject\",\"inLanguage\":\"de\",\"@id\":\"https:\/\/global-hookah.com\/#\/schema\/logo\/image\/\",\"url\":\"https:\/\/global-hookah.com\/wp-content\/uploads\/2021\/10\/cropped-fgg.png\",\"contentUrl\":\"https:\/\/global-hookah.com\/wp-content\/uploads\/2021\/10\/cropped-fgg.png\",\"width\":512,\"height\":512,\"caption\":\"Global Hookah\"},\"image\":{\"@id\":\"https:\/\/global-hookah.com\/#\/schema\/logo\/image\/\"}}]}<\/script>\n<!-- \/ Yoast SEO Premium plugin. -->","yoast_head_json":{"title":"22 mm Goldene schnellanz\u00fcndende Wasserpfeifenkohle Gro\u00dfhandel - Global Hookah","robots":{"index":"index","follow":"follow","max-snippet":"max-snippet:-1","max-image-preview":"max-image-preview:large","max-video-preview":"max-video-preview:-1"},"canonical":"https:\/\/global-hookah.com\/de\/produkt\/golden-quick-lighting-hookah-charcoal-wholesale\/","og_locale":"de_DE","og_type":"article","og_title":"22 mm Golden Quick-Lighting Hookah Charcoal Wholesale","og_description":"Name: 22MM Hookah Charcoal Coconut Shell Material: Coconut Shell Burn Time: 60-120 minutes Size: Diameter 22mm Weight: Approximately 10.7 grams","og_url":"https:\/\/global-hookah.com\/de\/produkt\/golden-quick-lighting-hookah-charcoal-wholesale\/","og_site_name":"Global Hookah","article_modified_time":"2024-10-26T01:49:32+00:00","og_image":[{"width":800,"height":800,"url":"https:\/\/global-hookah.com\/wp-content\/uploads\/2024\/10\/cde31e139b9b5bc1e3adbe76f7702d5.jpg","type":"image\/jpeg"}],"twitter_card":"summary_large_image","twitter_misc":{"Gesch\u00e4tzte Lesezeit":"1\u00a0Minute"},"schema":{"@context":"https:\/\/schema.org","@graph":[{"@type":"WebPage","@id":"https:\/\/global-hookah.com\/product\/golden-quick-lighting-hookah-charcoal-wholesale\/","url":"https:\/\/global-hookah.com\/product\/golden-quick-lighting-hookah-charcoal-wholesale\/","name":"22 mm Goldene schnellanz\u00fcndende Wasserpfeifenkohle Gro\u00dfhandel - Global Hookah","isPartOf":{"@id":"https:\/\/global-hookah.com\/#website"},"primaryImageOfPage":{"@id":"https:\/\/global-hookah.com\/product\/golden-quick-lighting-hookah-charcoal-wholesale\/#primaryimage"},"image":{"@id":"https:\/\/global-hookah.com\/product\/golden-quick-lighting-hookah-charcoal-wholesale\/#primaryimage"},"thumbnailUrl":"https:\/\/global-hookah.com\/wp-content\/uploads\/2024\/10\/cde31e139b9b5bc1e3adbe76f7702d5.jpg","datePublished":"2024-10-26T01:34:50+00:00","dateModified":"2024-10-26T01:49:32+00:00","breadcrumb":{"@id":"https:\/\/global-hookah.com\/product\/golden-quick-lighting-hookah-charcoal-wholesale\/#breadcrumb"},"inLanguage":"de","potentialAction":[{"@type":"ReadAction","target":["https:\/\/global-hookah.com\/product\/golden-quick-lighting-hookah-charcoal-wholesale\/"]}]},{"@type":"ImageObject","inLanguage":"de","@id":"https:\/\/global-hookah.com\/product\/golden-quick-lighting-hookah-charcoal-wholesale\/#primaryimage","url":"https:\/\/global-hookah.com\/wp-content\/uploads\/2024\/10\/cde31e139b9b5bc1e3adbe76f7702d5.jpg","contentUrl":"https:\/\/global-hookah.com\/wp-content\/uploads\/2024\/10\/cde31e139b9b5bc1e3adbe76f7702d5.jpg","width":800,"height":800,"caption":"22 mm Golden Quick-Lighting Hookah Charcoal Wholesale"},{"@type":"BreadcrumbList","@id":"https:\/\/global-hookah.com\/product\/golden-quick-lighting-hookah-charcoal-wholesale\/#breadcrumb","itemListElement":[{"@type":"ListItem","position":1,"name":"Home","item":"https:\/\/global-hookah.com\/"},{"@type":"ListItem","position":2,"name":"Shop","item":"https:\/\/global-hookah.com\/shop\/"},{"@type":"ListItem","position":3,"name":"22 mm Golden Quick-Lighting Hookah Charcoal Wholesale"}]},{"@type":"WebSite","@id":"https:\/\/global-hookah.com\/#website","url":"https:\/\/global-hookah.com\/","name":"Globale Wasserpfeife","description":"Globale Wasserpfeife","publisher":{"@id":"https:\/\/global-hookah.com\/#organization"},"potentialAction":[{"@type":"SearchAction","target":{"@type":"EntryPoint","urlTemplate":"https:\/\/global-hookah.com\/?s={search_term_string}"},"query-input":{"@type":"PropertyValueSpecification","valueRequired":true,"valueName":"search_term_string"}}],"inLanguage":"de"},{"@type":"Organization","@id":"https:\/\/global-hookah.com\/#organization","name":"Globale Wasserpfeife","url":"https:\/\/global-hookah.com\/","logo":{"@type":"ImageObject","inLanguage":"de","@id":"https:\/\/global-hookah.com\/#\/schema\/logo\/image\/","url":"https:\/\/global-hookah.com\/wp-content\/uploads\/2021\/10\/cropped-fgg.png","contentUrl":"https:\/\/global-hookah.com\/wp-content\/uploads\/2021\/10\/cropped-fgg.png","width":512,"height":512,"caption":"Global Hookah"},"image":{"@id":"https:\/\/global-hookah.com\/#\/schema\/logo\/image\/"}}]}},"_links":{"self":[{"href":"https:\/\/global-hookah.com\/de\/wp-json\/wp\/v2\/product\/30998","targetHints":{"allow":["GET"]}}],"collection":[{"href":"https:\/\/global-hookah.com\/de\/wp-json\/wp\/v2\/product"}],"about":[{"href":"https:\/\/global-hookah.com\/de\/wp-json\/wp\/v2\/types\/product"}],"replies":[{"embeddable":true,"href":"https:\/\/global-hookah.com\/de\/wp-json\/wp\/v2\/comments?post=30998"}],"version-history":[{"count":0,"href":"https:\/\/global-hookah.com\/de\/wp-json\/wp\/v2\/product\/30998\/revisions"}],"wp:featuredmedia":[{"embeddable":true,"href":"https:\/\/global-hookah.com\/de\/wp-json\/wp\/v2\/media\/31002"}],"wp:attachment":[{"href":"https:\/\/global-hookah.com\/de\/wp-json\/wp\/v2\/media?parent=30998"}],"wp:term":[{"taxonomy":"product_brand","embeddable":true,"href":"https:\/\/global-hookah.com\/de\/wp-json\/wp\/v2\/product_brand?post=30998"},{"taxonomy":"product_cat","embeddable":true,"href":"https:\/\/global-hookah.com\/de\/wp-json\/wp\/v2\/product_cat?post=30998"},{"taxonomy":"product_tag","embeddable":true,"href":"https:\/\/global-hookah.com\/de\/wp-json\/wp\/v2\/product_tag?post=30998"}],"curies":[{"name":"wp","href":"https:\/\/api.w.org\/{rel}","templated":true}]}}