{"id":31032,"date":"2024-10-26T02:23:14","date_gmt":"2024-10-26T02:23:14","guid":{"rendered":"https:\/\/global-hookah.com\/?post_type=product&#038;p=31032"},"modified":"2024-10-26T02:33:05","modified_gmt":"2024-10-26T02:33:05","slug":"arabic-hookah-charcoal-wholesale","status":"publish","type":"product","link":"https:\/\/global-hookah.com\/de\/produkt\/arabic-hookah-charcoal-wholesale\/","title":{"rendered":"Arabische Wasserpfeifenkohle Gro\u00dfhandel"},"content":{"rendered":"<p>Gr\u00f6\u00dfenoptionen:<br \/>\n96 St\u00fcck pro Schachtel: 22x22x22 mm<br \/>\n72 St\u00fcck pro Schachtel: 25x25x25 mm<br \/>\n48 St\u00fcck pro Schachtel: Dreieckige Form<br \/>\nMaterial: Kokosnuss-Schale<br \/>\nEinzelverpackung Gewicht: 1000g\/Karton<br \/>\nVerpackungsmethode: Schachtel<br \/>\nKarton Verpackung:<br \/>\n96 St\u00fcck: 1 Schachtel x 18 Schachteln pro Karton<br \/>\n72 St\u00fcck: 1 Schachtel x 15 Schachteln pro Karton<br \/>\n48 St\u00fcck: 1 Schachtel x 24 Schachteln pro Karton<br \/>\nAbmessungen des Kartons:<br \/>\n96 St\u00fcck: 47x31x20,5 cm<br \/>\n72 St\u00fcck: 43x34x16 cm<br \/>\n48 St\u00fcck: 42\u00d731,5\u00d721,5 cm<br \/>\nBruttogewicht:<br \/>\n96 St\u00fcck: 19 kg<br \/>\n72 St\u00fcck: 16 kg<br \/>\n48 St\u00fcck: 15 kg<\/p>\n<p>&nbsp;<\/p>\n<p>Verbrennt gleichm\u00e4\u00dfig: Unser<strong> Arabische Wasserpfeifen-Holzkohle<\/strong> kann gleichm\u00e4\u00dfig abbrennen und eine konstante Temperatur aufrechterhalten, wodurch der Geschmack der Wasserpfeife weicher und stabiler wird. Vor allem, wenn Sie unsere ausprobiert haben <a href=\"https:\/\/global-hookah.com\/product-category\/hookah-charcoal-wholesale\/\">Shisha-Kohle<\/a>Wenn Sie eine minderwertige Wasserpfeifenkohle verwenden, werden Sie sp\u00fcren, dass der Geschmack rein ist und es keine Verunreinigungen gibt, was ein Vorteil ist, den minderwertige Wasserpfeifenkohle nicht hat. Wenn Sie immer noch nicht beurteilen k\u00f6nnen, ob die von Ihnen verwendete Wasserpfeifenkohle minderwertig ist, k\u00f6nnen Sie das am einfachsten daran erkennen, ob ein scharfer chemischer Geruch vorhanden ist.<\/p>\n<p>Au\u00dferdem ist unser <strong>Arabische Wasserpfeifen-Holzkohle<\/strong> enth\u00e4lt keine chemischen Beschleuniger oder Zusatzstoffe und ist somit ges\u00fcnder und umweltfreundlicher in der Anwendung.<\/p>","protected":false},"excerpt":{"rendered":"<p>Gr\u00f6\u00dfenoptionen: 96 St\u00fcck pro Schachtel: 22x22x22 mm 72 St\u00fcck pro Schachtel: 25x25x25 mm 48 St\u00fcck pro Schachtel: Dreieckige Form<\/p>","protected":false},"featured_media":31035,"comment_status":"closed","ping_status":"closed","template":"","meta":{"iawp_total_views":3,"_joinchat":[]},"product_brand":[],"product_cat":[994],"product_tag":[],"class_list":{"0":"post-31032","1":"product","2":"type-product","3":"status-publish","4":"has-post-thumbnail","6":"product_cat-hookah-charcoal-wholesale","8":"first","9":"instock","10":"shipping-taxable","11":"product-type-external"},"yoast_head":"<!-- This site is optimized with the Yoast SEO Premium plugin v24.7 (Yoast SEO v26.8) - https:\/\/yoast.com\/product\/yoast-seo-premium-wordpress\/ -->\n<title>Arabic Hookah Charcoal Wholesale - Global Hookah<\/title>\n<meta name=\"robots\" content=\"index, follow, max-snippet:-1, max-image-preview:large, max-video-preview:-1\" \/>\n<link rel=\"canonical\" href=\"https:\/\/global-hookah.com\/de\/produkt\/arabic-hookah-charcoal-wholesale\/\" \/>\n<meta property=\"og:locale\" content=\"de_DE\" \/>\n<meta property=\"og:type\" content=\"article\" \/>\n<meta property=\"og:title\" content=\"Arabic Hookah Charcoal Wholesale\" \/>\n<meta property=\"og:description\" content=\"Size Options: 96 pieces per box: 22x22x22 mm 72 pieces per box: 25x25x25 mm 48 pieces per box: Triangle shape\" \/>\n<meta property=\"og:url\" content=\"https:\/\/global-hookah.com\/de\/produkt\/arabic-hookah-charcoal-wholesale\/\" \/>\n<meta property=\"og:site_name\" content=\"Global Hookah\" \/>\n<meta property=\"article:modified_time\" content=\"2024-10-26T02:33:05+00:00\" \/>\n<meta property=\"og:image\" content=\"https:\/\/global-hookah.com\/wp-content\/uploads\/2024\/10\/ebe0326eab307db95f2dec901c3e42c.jpg\" \/>\n\t<meta property=\"og:image:width\" content=\"800\" \/>\n\t<meta property=\"og:image:height\" content=\"800\" \/>\n\t<meta property=\"og:image:type\" content=\"image\/jpeg\" \/>\n<meta name=\"twitter:card\" content=\"summary_large_image\" \/>\n<meta name=\"twitter:label1\" content=\"Gesch\u00e4tzte Lesezeit\" \/>\n\t<meta name=\"twitter:data1\" content=\"1\u00a0Minute\" \/>\n<script type=\"application\/ld+json\" class=\"yoast-schema-graph\">{\"@context\":\"https:\/\/schema.org\",\"@graph\":[{\"@type\":\"WebPage\",\"@id\":\"https:\/\/global-hookah.com\/product\/arabic-hookah-charcoal-wholesale\/\",\"url\":\"https:\/\/global-hookah.com\/product\/arabic-hookah-charcoal-wholesale\/\",\"name\":\"Arabic Hookah Charcoal Wholesale - Global Hookah\",\"isPartOf\":{\"@id\":\"https:\/\/global-hookah.com\/#website\"},\"primaryImageOfPage\":{\"@id\":\"https:\/\/global-hookah.com\/product\/arabic-hookah-charcoal-wholesale\/#primaryimage\"},\"image\":{\"@id\":\"https:\/\/global-hookah.com\/product\/arabic-hookah-charcoal-wholesale\/#primaryimage\"},\"thumbnailUrl\":\"https:\/\/global-hookah.com\/wp-content\/uploads\/2024\/10\/ebe0326eab307db95f2dec901c3e42c.jpg\",\"datePublished\":\"2024-10-26T02:23:14+00:00\",\"dateModified\":\"2024-10-26T02:33:05+00:00\",\"breadcrumb\":{\"@id\":\"https:\/\/global-hookah.com\/product\/arabic-hookah-charcoal-wholesale\/#breadcrumb\"},\"inLanguage\":\"de\",\"potentialAction\":[{\"@type\":\"ReadAction\",\"target\":[\"https:\/\/global-hookah.com\/product\/arabic-hookah-charcoal-wholesale\/\"]}]},{\"@type\":\"ImageObject\",\"inLanguage\":\"de\",\"@id\":\"https:\/\/global-hookah.com\/product\/arabic-hookah-charcoal-wholesale\/#primaryimage\",\"url\":\"https:\/\/global-hookah.com\/wp-content\/uploads\/2024\/10\/ebe0326eab307db95f2dec901c3e42c.jpg\",\"contentUrl\":\"https:\/\/global-hookah.com\/wp-content\/uploads\/2024\/10\/ebe0326eab307db95f2dec901c3e42c.jpg\",\"width\":800,\"height\":800,\"caption\":\"Arabic Hookah Charcoal Wholesale\"},{\"@type\":\"BreadcrumbList\",\"@id\":\"https:\/\/global-hookah.com\/product\/arabic-hookah-charcoal-wholesale\/#breadcrumb\",\"itemListElement\":[{\"@type\":\"ListItem\",\"position\":1,\"name\":\"Home\",\"item\":\"https:\/\/global-hookah.com\/\"},{\"@type\":\"ListItem\",\"position\":2,\"name\":\"Shop\",\"item\":\"https:\/\/global-hookah.com\/shop\/\"},{\"@type\":\"ListItem\",\"position\":3,\"name\":\"Arabic Hookah Charcoal Wholesale\"}]},{\"@type\":\"WebSite\",\"@id\":\"https:\/\/global-hookah.com\/#website\",\"url\":\"https:\/\/global-hookah.com\/\",\"name\":\"Global Hookah\",\"description\":\"Global Hookah\",\"publisher\":{\"@id\":\"https:\/\/global-hookah.com\/#organization\"},\"potentialAction\":[{\"@type\":\"SearchAction\",\"target\":{\"@type\":\"EntryPoint\",\"urlTemplate\":\"https:\/\/global-hookah.com\/?s={search_term_string}\"},\"query-input\":{\"@type\":\"PropertyValueSpecification\",\"valueRequired\":true,\"valueName\":\"search_term_string\"}}],\"inLanguage\":\"de\"},{\"@type\":\"Organization\",\"@id\":\"https:\/\/global-hookah.com\/#organization\",\"name\":\"Global Hookah\",\"url\":\"https:\/\/global-hookah.com\/\",\"logo\":{\"@type\":\"ImageObject\",\"inLanguage\":\"de\",\"@id\":\"https:\/\/global-hookah.com\/#\/schema\/logo\/image\/\",\"url\":\"https:\/\/global-hookah.com\/wp-content\/uploads\/2021\/10\/cropped-fgg.png\",\"contentUrl\":\"https:\/\/global-hookah.com\/wp-content\/uploads\/2021\/10\/cropped-fgg.png\",\"width\":512,\"height\":512,\"caption\":\"Global Hookah\"},\"image\":{\"@id\":\"https:\/\/global-hookah.com\/#\/schema\/logo\/image\/\"}}]}<\/script>\n<!-- \/ Yoast SEO Premium plugin. -->","yoast_head_json":{"title":"Arabische Wasserpfeifenkohle Gro\u00dfhandel - Global Hookah","robots":{"index":"index","follow":"follow","max-snippet":"max-snippet:-1","max-image-preview":"max-image-preview:large","max-video-preview":"max-video-preview:-1"},"canonical":"https:\/\/global-hookah.com\/de\/produkt\/arabic-hookah-charcoal-wholesale\/","og_locale":"de_DE","og_type":"article","og_title":"Arabic Hookah Charcoal Wholesale","og_description":"Size Options: 96 pieces per box: 22x22x22 mm 72 pieces per box: 25x25x25 mm 48 pieces per box: Triangle shape","og_url":"https:\/\/global-hookah.com\/de\/produkt\/arabic-hookah-charcoal-wholesale\/","og_site_name":"Global Hookah","article_modified_time":"2024-10-26T02:33:05+00:00","og_image":[{"width":800,"height":800,"url":"https:\/\/global-hookah.com\/wp-content\/uploads\/2024\/10\/ebe0326eab307db95f2dec901c3e42c.jpg","type":"image\/jpeg"}],"twitter_card":"summary_large_image","twitter_misc":{"Gesch\u00e4tzte Lesezeit":"1\u00a0Minute"},"schema":{"@context":"https:\/\/schema.org","@graph":[{"@type":"WebPage","@id":"https:\/\/global-hookah.com\/product\/arabic-hookah-charcoal-wholesale\/","url":"https:\/\/global-hookah.com\/product\/arabic-hookah-charcoal-wholesale\/","name":"Arabische Wasserpfeifenkohle Gro\u00dfhandel - Global Hookah","isPartOf":{"@id":"https:\/\/global-hookah.com\/#website"},"primaryImageOfPage":{"@id":"https:\/\/global-hookah.com\/product\/arabic-hookah-charcoal-wholesale\/#primaryimage"},"image":{"@id":"https:\/\/global-hookah.com\/product\/arabic-hookah-charcoal-wholesale\/#primaryimage"},"thumbnailUrl":"https:\/\/global-hookah.com\/wp-content\/uploads\/2024\/10\/ebe0326eab307db95f2dec901c3e42c.jpg","datePublished":"2024-10-26T02:23:14+00:00","dateModified":"2024-10-26T02:33:05+00:00","breadcrumb":{"@id":"https:\/\/global-hookah.com\/product\/arabic-hookah-charcoal-wholesale\/#breadcrumb"},"inLanguage":"de","potentialAction":[{"@type":"ReadAction","target":["https:\/\/global-hookah.com\/product\/arabic-hookah-charcoal-wholesale\/"]}]},{"@type":"ImageObject","inLanguage":"de","@id":"https:\/\/global-hookah.com\/product\/arabic-hookah-charcoal-wholesale\/#primaryimage","url":"https:\/\/global-hookah.com\/wp-content\/uploads\/2024\/10\/ebe0326eab307db95f2dec901c3e42c.jpg","contentUrl":"https:\/\/global-hookah.com\/wp-content\/uploads\/2024\/10\/ebe0326eab307db95f2dec901c3e42c.jpg","width":800,"height":800,"caption":"Arabic Hookah Charcoal Wholesale"},{"@type":"BreadcrumbList","@id":"https:\/\/global-hookah.com\/product\/arabic-hookah-charcoal-wholesale\/#breadcrumb","itemListElement":[{"@type":"ListItem","position":1,"name":"Home","item":"https:\/\/global-hookah.com\/"},{"@type":"ListItem","position":2,"name":"Shop","item":"https:\/\/global-hookah.com\/shop\/"},{"@type":"ListItem","position":3,"name":"Arabic Hookah Charcoal Wholesale"}]},{"@type":"WebSite","@id":"https:\/\/global-hookah.com\/#website","url":"https:\/\/global-hookah.com\/","name":"Globale Wasserpfeife","description":"Globale Wasserpfeife","publisher":{"@id":"https:\/\/global-hookah.com\/#organization"},"potentialAction":[{"@type":"SearchAction","target":{"@type":"EntryPoint","urlTemplate":"https:\/\/global-hookah.com\/?s={search_term_string}"},"query-input":{"@type":"PropertyValueSpecification","valueRequired":true,"valueName":"search_term_string"}}],"inLanguage":"de"},{"@type":"Organization","@id":"https:\/\/global-hookah.com\/#organization","name":"Globale Wasserpfeife","url":"https:\/\/global-hookah.com\/","logo":{"@type":"ImageObject","inLanguage":"de","@id":"https:\/\/global-hookah.com\/#\/schema\/logo\/image\/","url":"https:\/\/global-hookah.com\/wp-content\/uploads\/2021\/10\/cropped-fgg.png","contentUrl":"https:\/\/global-hookah.com\/wp-content\/uploads\/2021\/10\/cropped-fgg.png","width":512,"height":512,"caption":"Global Hookah"},"image":{"@id":"https:\/\/global-hookah.com\/#\/schema\/logo\/image\/"}}]}},"_links":{"self":[{"href":"https:\/\/global-hookah.com\/de\/wp-json\/wp\/v2\/product\/31032","targetHints":{"allow":["GET"]}}],"collection":[{"href":"https:\/\/global-hookah.com\/de\/wp-json\/wp\/v2\/product"}],"about":[{"href":"https:\/\/global-hookah.com\/de\/wp-json\/wp\/v2\/types\/product"}],"replies":[{"embeddable":true,"href":"https:\/\/global-hookah.com\/de\/wp-json\/wp\/v2\/comments?post=31032"}],"version-history":[{"count":0,"href":"https:\/\/global-hookah.com\/de\/wp-json\/wp\/v2\/product\/31032\/revisions"}],"wp:featuredmedia":[{"embeddable":true,"href":"https:\/\/global-hookah.com\/de\/wp-json\/wp\/v2\/media\/31035"}],"wp:attachment":[{"href":"https:\/\/global-hookah.com\/de\/wp-json\/wp\/v2\/media?parent=31032"}],"wp:term":[{"taxonomy":"product_brand","embeddable":true,"href":"https:\/\/global-hookah.com\/de\/wp-json\/wp\/v2\/product_brand?post=31032"},{"taxonomy":"product_cat","embeddable":true,"href":"https:\/\/global-hookah.com\/de\/wp-json\/wp\/v2\/product_cat?post=31032"},{"taxonomy":"product_tag","embeddable":true,"href":"https:\/\/global-hookah.com\/de\/wp-json\/wp\/v2\/product_tag?post=31032"}],"curies":[{"name":"wp","href":"https:\/\/api.w.org\/{rel}","templated":true}]}}