{"id":31053,"date":"2024-10-26T02:46:15","date_gmt":"2024-10-26T02:46:15","guid":{"rendered":"https:\/\/global-hookah.com\/?post_type=product&#038;p=31053"},"modified":"2024-10-26T05:17:41","modified_gmt":"2024-10-26T05:17:41","slug":"wholesale-indonesia-imported-coconut-hookah-charcoal","status":"publish","type":"product","link":"https:\/\/global-hookah.com\/de\/produkt\/wholesale-indonesia-imported-coconut-hookah-charcoal\/","title":{"rendered":"Gro\u00dfhandel Indonesien importiert Kokosnuss Hookah Holzkohle"},"content":{"rendered":"<p>Wenn ich also diese <a href=\"https:\/\/global-hookah.com\/product-category\/hookah-charcoal-wholesale\/\">Shisha-Kohle<\/a> Allein, um ehrlich zu sein, brauche ich weniger als ein paar Minuten, um es vollst\u00e4ndig zu entz\u00fcnden, und es kann bis zu 45 Minuten lang bei hoher Temperatur brennen. F\u00fcr diejenigen, die ungeduldig sind, ist dies definitiv eine gute Wahl<\/p>","protected":false},"excerpt":{"rendered":"<p>Wenn ich also diese Wasserpfeifenkohle allein benutze, brauche ich, um ehrlich zu sein, nur weniger als ein paar Minuten<\/p>","protected":false},"featured_media":31055,"comment_status":"closed","ping_status":"closed","template":"","meta":{"iawp_total_views":4,"_joinchat":[]},"product_brand":[],"product_cat":[994],"product_tag":[],"class_list":{"0":"post-31053","1":"product","2":"type-product","3":"status-publish","4":"has-post-thumbnail","6":"product_cat-hookah-charcoal-wholesale","8":"first","9":"instock","10":"shipping-taxable","11":"product-type-external"},"yoast_head":"<!-- This site is optimized with the Yoast SEO Premium plugin v24.7 (Yoast SEO v26.8) - https:\/\/yoast.com\/product\/yoast-seo-premium-wordpress\/ -->\n<title>Wholesale Indonesia imported Coconut Hookah Charcoal - Global Hookah<\/title>\n<meta name=\"robots\" content=\"index, follow, max-snippet:-1, max-image-preview:large, max-video-preview:-1\" \/>\n<link rel=\"canonical\" href=\"https:\/\/global-hookah.com\/de\/produkt\/wholesale-indonesia-imported-coconut-hookah-charcoal\/\" \/>\n<meta property=\"og:locale\" content=\"de_DE\" \/>\n<meta property=\"og:type\" content=\"article\" \/>\n<meta property=\"og:title\" content=\"Wholesale Indonesia imported Coconut Hookah Charcoal\" \/>\n<meta property=\"og:description\" content=\"So when I use this hookah charcoal alone, to be honest, it only takes me less than a few minutes\" \/>\n<meta property=\"og:url\" content=\"https:\/\/global-hookah.com\/de\/produkt\/wholesale-indonesia-imported-coconut-hookah-charcoal\/\" \/>\n<meta property=\"og:site_name\" content=\"Global Hookah\" \/>\n<meta property=\"article:modified_time\" content=\"2024-10-26T05:17:41+00:00\" \/>\n<meta property=\"og:image\" content=\"https:\/\/global-hookah.com\/wp-content\/uploads\/2024\/10\/7c2446a1ebd2e305da5f23680ea382a.jpg\" \/>\n\t<meta property=\"og:image:width\" content=\"1280\" \/>\n\t<meta property=\"og:image:height\" content=\"1280\" \/>\n\t<meta property=\"og:image:type\" content=\"image\/jpeg\" \/>\n<meta name=\"twitter:card\" content=\"summary_large_image\" \/>\n<script type=\"application\/ld+json\" class=\"yoast-schema-graph\">{\"@context\":\"https:\/\/schema.org\",\"@graph\":[{\"@type\":\"WebPage\",\"@id\":\"https:\/\/global-hookah.com\/product\/wholesale-indonesia-imported-coconut-hookah-charcoal\/\",\"url\":\"https:\/\/global-hookah.com\/product\/wholesale-indonesia-imported-coconut-hookah-charcoal\/\",\"name\":\"Wholesale Indonesia imported Coconut Hookah Charcoal - Global Hookah\",\"isPartOf\":{\"@id\":\"https:\/\/global-hookah.com\/#website\"},\"primaryImageOfPage\":{\"@id\":\"https:\/\/global-hookah.com\/product\/wholesale-indonesia-imported-coconut-hookah-charcoal\/#primaryimage\"},\"image\":{\"@id\":\"https:\/\/global-hookah.com\/product\/wholesale-indonesia-imported-coconut-hookah-charcoal\/#primaryimage\"},\"thumbnailUrl\":\"https:\/\/global-hookah.com\/wp-content\/uploads\/2024\/10\/7c2446a1ebd2e305da5f23680ea382a.jpg\",\"datePublished\":\"2024-10-26T02:46:15+00:00\",\"dateModified\":\"2024-10-26T05:17:41+00:00\",\"breadcrumb\":{\"@id\":\"https:\/\/global-hookah.com\/product\/wholesale-indonesia-imported-coconut-hookah-charcoal\/#breadcrumb\"},\"inLanguage\":\"de\",\"potentialAction\":[{\"@type\":\"ReadAction\",\"target\":[\"https:\/\/global-hookah.com\/product\/wholesale-indonesia-imported-coconut-hookah-charcoal\/\"]}]},{\"@type\":\"ImageObject\",\"inLanguage\":\"de\",\"@id\":\"https:\/\/global-hookah.com\/product\/wholesale-indonesia-imported-coconut-hookah-charcoal\/#primaryimage\",\"url\":\"https:\/\/global-hookah.com\/wp-content\/uploads\/2024\/10\/7c2446a1ebd2e305da5f23680ea382a.jpg\",\"contentUrl\":\"https:\/\/global-hookah.com\/wp-content\/uploads\/2024\/10\/7c2446a1ebd2e305da5f23680ea382a.jpg\",\"width\":1280,\"height\":1280,\"caption\":\"Wholesale Indonesia imported Coconut Hookah Charcoal\"},{\"@type\":\"BreadcrumbList\",\"@id\":\"https:\/\/global-hookah.com\/product\/wholesale-indonesia-imported-coconut-hookah-charcoal\/#breadcrumb\",\"itemListElement\":[{\"@type\":\"ListItem\",\"position\":1,\"name\":\"Home\",\"item\":\"https:\/\/global-hookah.com\/\"},{\"@type\":\"ListItem\",\"position\":2,\"name\":\"Shop\",\"item\":\"https:\/\/global-hookah.com\/shop\/\"},{\"@type\":\"ListItem\",\"position\":3,\"name\":\"Wholesale Indonesia imported Coconut Hookah Charcoal\"}]},{\"@type\":\"WebSite\",\"@id\":\"https:\/\/global-hookah.com\/#website\",\"url\":\"https:\/\/global-hookah.com\/\",\"name\":\"Global Hookah\",\"description\":\"Global Hookah\",\"publisher\":{\"@id\":\"https:\/\/global-hookah.com\/#organization\"},\"potentialAction\":[{\"@type\":\"SearchAction\",\"target\":{\"@type\":\"EntryPoint\",\"urlTemplate\":\"https:\/\/global-hookah.com\/?s={search_term_string}\"},\"query-input\":{\"@type\":\"PropertyValueSpecification\",\"valueRequired\":true,\"valueName\":\"search_term_string\"}}],\"inLanguage\":\"de\"},{\"@type\":\"Organization\",\"@id\":\"https:\/\/global-hookah.com\/#organization\",\"name\":\"Global Hookah\",\"url\":\"https:\/\/global-hookah.com\/\",\"logo\":{\"@type\":\"ImageObject\",\"inLanguage\":\"de\",\"@id\":\"https:\/\/global-hookah.com\/#\/schema\/logo\/image\/\",\"url\":\"https:\/\/global-hookah.com\/wp-content\/uploads\/2021\/10\/cropped-fgg.png\",\"contentUrl\":\"https:\/\/global-hookah.com\/wp-content\/uploads\/2021\/10\/cropped-fgg.png\",\"width\":512,\"height\":512,\"caption\":\"Global Hookah\"},\"image\":{\"@id\":\"https:\/\/global-hookah.com\/#\/schema\/logo\/image\/\"}}]}<\/script>\n<!-- \/ Yoast SEO Premium plugin. -->","yoast_head_json":{"title":"Gro\u00dfhandel Indonesien importiert Kokosnuss Hookah Holzkohle - Global Hookah","robots":{"index":"index","follow":"follow","max-snippet":"max-snippet:-1","max-image-preview":"max-image-preview:large","max-video-preview":"max-video-preview:-1"},"canonical":"https:\/\/global-hookah.com\/de\/produkt\/wholesale-indonesia-imported-coconut-hookah-charcoal\/","og_locale":"de_DE","og_type":"article","og_title":"Wholesale Indonesia imported Coconut Hookah Charcoal","og_description":"So when I use this hookah charcoal alone, to be honest, it only takes me less than a few minutes","og_url":"https:\/\/global-hookah.com\/de\/produkt\/wholesale-indonesia-imported-coconut-hookah-charcoal\/","og_site_name":"Global Hookah","article_modified_time":"2024-10-26T05:17:41+00:00","og_image":[{"width":1280,"height":1280,"url":"https:\/\/global-hookah.com\/wp-content\/uploads\/2024\/10\/7c2446a1ebd2e305da5f23680ea382a.jpg","type":"image\/jpeg"}],"twitter_card":"summary_large_image","schema":{"@context":"https:\/\/schema.org","@graph":[{"@type":"WebPage","@id":"https:\/\/global-hookah.com\/product\/wholesale-indonesia-imported-coconut-hookah-charcoal\/","url":"https:\/\/global-hookah.com\/product\/wholesale-indonesia-imported-coconut-hookah-charcoal\/","name":"Gro\u00dfhandel Indonesien importiert Kokosnuss Hookah Holzkohle - Global Hookah","isPartOf":{"@id":"https:\/\/global-hookah.com\/#website"},"primaryImageOfPage":{"@id":"https:\/\/global-hookah.com\/product\/wholesale-indonesia-imported-coconut-hookah-charcoal\/#primaryimage"},"image":{"@id":"https:\/\/global-hookah.com\/product\/wholesale-indonesia-imported-coconut-hookah-charcoal\/#primaryimage"},"thumbnailUrl":"https:\/\/global-hookah.com\/wp-content\/uploads\/2024\/10\/7c2446a1ebd2e305da5f23680ea382a.jpg","datePublished":"2024-10-26T02:46:15+00:00","dateModified":"2024-10-26T05:17:41+00:00","breadcrumb":{"@id":"https:\/\/global-hookah.com\/product\/wholesale-indonesia-imported-coconut-hookah-charcoal\/#breadcrumb"},"inLanguage":"de","potentialAction":[{"@type":"ReadAction","target":["https:\/\/global-hookah.com\/product\/wholesale-indonesia-imported-coconut-hookah-charcoal\/"]}]},{"@type":"ImageObject","inLanguage":"de","@id":"https:\/\/global-hookah.com\/product\/wholesale-indonesia-imported-coconut-hookah-charcoal\/#primaryimage","url":"https:\/\/global-hookah.com\/wp-content\/uploads\/2024\/10\/7c2446a1ebd2e305da5f23680ea382a.jpg","contentUrl":"https:\/\/global-hookah.com\/wp-content\/uploads\/2024\/10\/7c2446a1ebd2e305da5f23680ea382a.jpg","width":1280,"height":1280,"caption":"Wholesale Indonesia imported Coconut Hookah Charcoal"},{"@type":"BreadcrumbList","@id":"https:\/\/global-hookah.com\/product\/wholesale-indonesia-imported-coconut-hookah-charcoal\/#breadcrumb","itemListElement":[{"@type":"ListItem","position":1,"name":"Home","item":"https:\/\/global-hookah.com\/"},{"@type":"ListItem","position":2,"name":"Shop","item":"https:\/\/global-hookah.com\/shop\/"},{"@type":"ListItem","position":3,"name":"Wholesale Indonesia imported Coconut Hookah Charcoal"}]},{"@type":"WebSite","@id":"https:\/\/global-hookah.com\/#website","url":"https:\/\/global-hookah.com\/","name":"Globale Wasserpfeife","description":"Globale Wasserpfeife","publisher":{"@id":"https:\/\/global-hookah.com\/#organization"},"potentialAction":[{"@type":"SearchAction","target":{"@type":"EntryPoint","urlTemplate":"https:\/\/global-hookah.com\/?s={search_term_string}"},"query-input":{"@type":"PropertyValueSpecification","valueRequired":true,"valueName":"search_term_string"}}],"inLanguage":"de"},{"@type":"Organization","@id":"https:\/\/global-hookah.com\/#organization","name":"Globale Wasserpfeife","url":"https:\/\/global-hookah.com\/","logo":{"@type":"ImageObject","inLanguage":"de","@id":"https:\/\/global-hookah.com\/#\/schema\/logo\/image\/","url":"https:\/\/global-hookah.com\/wp-content\/uploads\/2021\/10\/cropped-fgg.png","contentUrl":"https:\/\/global-hookah.com\/wp-content\/uploads\/2021\/10\/cropped-fgg.png","width":512,"height":512,"caption":"Global Hookah"},"image":{"@id":"https:\/\/global-hookah.com\/#\/schema\/logo\/image\/"}}]}},"_links":{"self":[{"href":"https:\/\/global-hookah.com\/de\/wp-json\/wp\/v2\/product\/31053","targetHints":{"allow":["GET"]}}],"collection":[{"href":"https:\/\/global-hookah.com\/de\/wp-json\/wp\/v2\/product"}],"about":[{"href":"https:\/\/global-hookah.com\/de\/wp-json\/wp\/v2\/types\/product"}],"replies":[{"embeddable":true,"href":"https:\/\/global-hookah.com\/de\/wp-json\/wp\/v2\/comments?post=31053"}],"version-history":[{"count":0,"href":"https:\/\/global-hookah.com\/de\/wp-json\/wp\/v2\/product\/31053\/revisions"}],"wp:featuredmedia":[{"embeddable":true,"href":"https:\/\/global-hookah.com\/de\/wp-json\/wp\/v2\/media\/31055"}],"wp:attachment":[{"href":"https:\/\/global-hookah.com\/de\/wp-json\/wp\/v2\/media?parent=31053"}],"wp:term":[{"taxonomy":"product_brand","embeddable":true,"href":"https:\/\/global-hookah.com\/de\/wp-json\/wp\/v2\/product_brand?post=31053"},{"taxonomy":"product_cat","embeddable":true,"href":"https:\/\/global-hookah.com\/de\/wp-json\/wp\/v2\/product_cat?post=31053"},{"taxonomy":"product_tag","embeddable":true,"href":"https:\/\/global-hookah.com\/de\/wp-json\/wp\/v2\/product_tag?post=31053"}],"curies":[{"name":"wp","href":"https:\/\/api.w.org\/{rel}","templated":true}]}}