{"id":31115,"date":"2024-10-29T01:40:05","date_gmt":"2024-10-29T01:40:05","guid":{"rendered":"https:\/\/global-hookah.com\/?post_type=product&#038;p=31115"},"modified":"2024-11-18T03:56:03","modified_gmt":"2024-11-18T03:56:03","slug":"new-hookah-smoke-pipe-wholesale","status":"publish","type":"product","link":"https:\/\/global-hookah.com\/de\/produkt\/new-hookah-smoke-pipe-wholesale\/","title":{"rendered":"Neue Hookah-Rauchpfeife Gro\u00dfhandel"},"content":{"rendered":"<p>Liebe Freunde, wollt ihr <a href=\"https:\/\/global-hookah.com\/product-category\/wholesale-hookah\/\"><strong>Gro\u00dfhandel einige neue Wasserpfeife<\/strong><\/a> f\u00fcr Ihren Shisha-Shop oder Ihre Shisha-Bar? Ich verstehe Ihre momentane Stimmung, deshalb haben wir dieses neue Design <strong>Wasserpfeifen-Gro\u00dfhandelsset<\/strong> mit h\u00f6chster Kosteneffizienz.<\/p>\n<p>Diese neue<strong> sozialer Rauch Wasserpfeife<\/strong> verf\u00fcgt \u00fcber ein einzigartiges Design und einen exquisiten geschnitzten Glassockel. W\u00e4hrend das innovative Design mit vier Anschl\u00fcssen ein gro\u00dfartiges Erlebnis bietet, empfehle ich, nur zwei Schl\u00e4uche f\u00fcr eine optimale Absaugung und Geschmack zu verwenden. So k\u00f6nnen Sie nicht nur weiterhin k\u00f6stlichen Rauch genie\u00dfen. Es kann auch die Saugwirkung und den Geschmack verbessern. Aus diesem Grund hat unser Testteam eine umfassende Bewertung durchgef\u00fchrt und verschiedene Standards perfekt erf\u00fcllt.<\/p>\n<p>Dar\u00fcber hinaus ist das integrierte Luftkammersystem in diesem <strong>sozialer Rauch Wasserpfeife<\/strong> ist etwas anders als die meisten Wasserpfeifen. Dieses Design kann leicht wegblasen den Restrauch in der R\u00f6hre, vollst\u00e4ndig das Problem der Gasblockade bei der Verwendung von l\u00f6sen <a href=\"https:\/\/global-hookah.com\/\"><strong>traditionelle Wasserpfeifen<\/strong><\/a>. Aber um ehrlich zu sein, bevorzuge ich den Drehschalld\u00e4mpfer an der Unterseite, die die stumme Wirkung der Wasserpfeife jederzeit nach meinen Bed\u00fcrfnissen einstellen kann, so dass ich auch eine extrem ruhige Atmosph\u00e4re w\u00e4hrend des Prozesses der Wasserpfeife rauchen genie\u00dfen k\u00f6nnen.<\/p>","protected":false},"excerpt":{"rendered":"<p>Liebe Freunde, wollen Sie Gro\u00dfhandel einige neue Wasserpfeife f\u00fcr Ihre Wasserpfeife Shop oder Wasserpfeife Bar? Ich verstehe<\/p>","protected":false},"featured_media":31116,"comment_status":"closed","ping_status":"closed","template":"","meta":{"iawp_total_views":8,"_joinchat":[]},"product_brand":[],"product_cat":[560,119],"product_tag":[],"class_list":{"0":"post-31115","1":"product","2":"type-product","3":"status-publish","4":"has-post-thumbnail","6":"product_cat-glass-hookah-wholesale","7":"product_cat-wholesale-hookah","9":"first","10":"instock","11":"shipping-taxable","12":"product-type-external"},"yoast_head":"<!-- This site is optimized with the Yoast SEO Premium plugin v24.7 (Yoast SEO v26.8) - https:\/\/yoast.com\/product\/yoast-seo-premium-wordpress\/ -->\n<title>New Hookah Smoke Pipe Wholesale - Global Hookah<\/title>\n<meta name=\"robots\" content=\"index, follow, max-snippet:-1, max-image-preview:large, max-video-preview:-1\" \/>\n<link rel=\"canonical\" href=\"https:\/\/global-hookah.com\/de\/produkt\/new-hookah-smoke-pipe-wholesale\/\" \/>\n<meta property=\"og:locale\" content=\"de_DE\" \/>\n<meta property=\"og:type\" content=\"article\" \/>\n<meta property=\"og:title\" content=\"New Hookah Smoke Pipe Wholesale\" \/>\n<meta property=\"og:description\" content=\"Dear friends, do you want to wholesale some new hookah pipe for your hookah shop or hookah bar? I understand\" \/>\n<meta property=\"og:url\" content=\"https:\/\/global-hookah.com\/de\/produkt\/new-hookah-smoke-pipe-wholesale\/\" \/>\n<meta property=\"og:site_name\" content=\"Global Hookah\" \/>\n<meta property=\"article:modified_time\" content=\"2024-11-18T03:56:03+00:00\" \/>\n<meta property=\"og:image\" content=\"https:\/\/global-hookah.com\/wp-content\/uploads\/2024\/10\/bad7dbafce9b990ee3ff76e484583a1.jpg\" \/>\n\t<meta property=\"og:image:width\" content=\"1080\" \/>\n\t<meta property=\"og:image:height\" content=\"1440\" \/>\n\t<meta property=\"og:image:type\" content=\"image\/jpeg\" \/>\n<meta name=\"twitter:card\" content=\"summary_large_image\" \/>\n<meta name=\"twitter:label1\" content=\"Gesch\u00e4tzte Lesezeit\" \/>\n\t<meta name=\"twitter:data1\" content=\"1\u00a0Minute\" \/>\n<script type=\"application\/ld+json\" class=\"yoast-schema-graph\">{\"@context\":\"https:\/\/schema.org\",\"@graph\":[{\"@type\":\"WebPage\",\"@id\":\"https:\/\/global-hookah.com\/product\/new-hookah-smoke-pipe-wholesale\/\",\"url\":\"https:\/\/global-hookah.com\/product\/new-hookah-smoke-pipe-wholesale\/\",\"name\":\"New Hookah Smoke Pipe Wholesale - Global Hookah\",\"isPartOf\":{\"@id\":\"https:\/\/global-hookah.com\/#website\"},\"primaryImageOfPage\":{\"@id\":\"https:\/\/global-hookah.com\/product\/new-hookah-smoke-pipe-wholesale\/#primaryimage\"},\"image\":{\"@id\":\"https:\/\/global-hookah.com\/product\/new-hookah-smoke-pipe-wholesale\/#primaryimage\"},\"thumbnailUrl\":\"https:\/\/global-hookah.com\/wp-content\/uploads\/2024\/10\/bad7dbafce9b990ee3ff76e484583a1.jpg\",\"datePublished\":\"2024-10-29T01:40:05+00:00\",\"dateModified\":\"2024-11-18T03:56:03+00:00\",\"breadcrumb\":{\"@id\":\"https:\/\/global-hookah.com\/product\/new-hookah-smoke-pipe-wholesale\/#breadcrumb\"},\"inLanguage\":\"de\",\"potentialAction\":[{\"@type\":\"ReadAction\",\"target\":[\"https:\/\/global-hookah.com\/product\/new-hookah-smoke-pipe-wholesale\/\"]}]},{\"@type\":\"ImageObject\",\"inLanguage\":\"de\",\"@id\":\"https:\/\/global-hookah.com\/product\/new-hookah-smoke-pipe-wholesale\/#primaryimage\",\"url\":\"https:\/\/global-hookah.com\/wp-content\/uploads\/2024\/10\/bad7dbafce9b990ee3ff76e484583a1.jpg\",\"contentUrl\":\"https:\/\/global-hookah.com\/wp-content\/uploads\/2024\/10\/bad7dbafce9b990ee3ff76e484583a1.jpg\",\"width\":1080,\"height\":1440,\"caption\":\"Hookah Smoke Pipe Wholesale\"},{\"@type\":\"BreadcrumbList\",\"@id\":\"https:\/\/global-hookah.com\/product\/new-hookah-smoke-pipe-wholesale\/#breadcrumb\",\"itemListElement\":[{\"@type\":\"ListItem\",\"position\":1,\"name\":\"Home\",\"item\":\"https:\/\/global-hookah.com\/\"},{\"@type\":\"ListItem\",\"position\":2,\"name\":\"Shop\",\"item\":\"https:\/\/global-hookah.com\/shop\/\"},{\"@type\":\"ListItem\",\"position\":3,\"name\":\"New Hookah Smoke Pipe Wholesale\"}]},{\"@type\":\"WebSite\",\"@id\":\"https:\/\/global-hookah.com\/#website\",\"url\":\"https:\/\/global-hookah.com\/\",\"name\":\"Global Hookah\",\"description\":\"Global Hookah\",\"publisher\":{\"@id\":\"https:\/\/global-hookah.com\/#organization\"},\"potentialAction\":[{\"@type\":\"SearchAction\",\"target\":{\"@type\":\"EntryPoint\",\"urlTemplate\":\"https:\/\/global-hookah.com\/?s={search_term_string}\"},\"query-input\":{\"@type\":\"PropertyValueSpecification\",\"valueRequired\":true,\"valueName\":\"search_term_string\"}}],\"inLanguage\":\"de\"},{\"@type\":\"Organization\",\"@id\":\"https:\/\/global-hookah.com\/#organization\",\"name\":\"Global Hookah\",\"url\":\"https:\/\/global-hookah.com\/\",\"logo\":{\"@type\":\"ImageObject\",\"inLanguage\":\"de\",\"@id\":\"https:\/\/global-hookah.com\/#\/schema\/logo\/image\/\",\"url\":\"https:\/\/global-hookah.com\/wp-content\/uploads\/2021\/10\/cropped-fgg.png\",\"contentUrl\":\"https:\/\/global-hookah.com\/wp-content\/uploads\/2021\/10\/cropped-fgg.png\",\"width\":512,\"height\":512,\"caption\":\"Global Hookah\"},\"image\":{\"@id\":\"https:\/\/global-hookah.com\/#\/schema\/logo\/image\/\"}}]}<\/script>\n<!-- \/ Yoast SEO Premium plugin. -->","yoast_head_json":{"title":"Neue Hookah-Rauchpfeife Gro\u00dfhandel - Global Hookah","robots":{"index":"index","follow":"follow","max-snippet":"max-snippet:-1","max-image-preview":"max-image-preview:large","max-video-preview":"max-video-preview:-1"},"canonical":"https:\/\/global-hookah.com\/de\/produkt\/new-hookah-smoke-pipe-wholesale\/","og_locale":"de_DE","og_type":"article","og_title":"New Hookah Smoke Pipe Wholesale","og_description":"Dear friends, do you want to wholesale some new hookah pipe for your hookah shop or hookah bar? I understand","og_url":"https:\/\/global-hookah.com\/de\/produkt\/new-hookah-smoke-pipe-wholesale\/","og_site_name":"Global Hookah","article_modified_time":"2024-11-18T03:56:03+00:00","og_image":[{"width":1080,"height":1440,"url":"https:\/\/global-hookah.com\/wp-content\/uploads\/2024\/10\/bad7dbafce9b990ee3ff76e484583a1.jpg","type":"image\/jpeg"}],"twitter_card":"summary_large_image","twitter_misc":{"Gesch\u00e4tzte Lesezeit":"1\u00a0Minute"},"schema":{"@context":"https:\/\/schema.org","@graph":[{"@type":"WebPage","@id":"https:\/\/global-hookah.com\/product\/new-hookah-smoke-pipe-wholesale\/","url":"https:\/\/global-hookah.com\/product\/new-hookah-smoke-pipe-wholesale\/","name":"Neue Hookah-Rauchpfeife Gro\u00dfhandel - Global Hookah","isPartOf":{"@id":"https:\/\/global-hookah.com\/#website"},"primaryImageOfPage":{"@id":"https:\/\/global-hookah.com\/product\/new-hookah-smoke-pipe-wholesale\/#primaryimage"},"image":{"@id":"https:\/\/global-hookah.com\/product\/new-hookah-smoke-pipe-wholesale\/#primaryimage"},"thumbnailUrl":"https:\/\/global-hookah.com\/wp-content\/uploads\/2024\/10\/bad7dbafce9b990ee3ff76e484583a1.jpg","datePublished":"2024-10-29T01:40:05+00:00","dateModified":"2024-11-18T03:56:03+00:00","breadcrumb":{"@id":"https:\/\/global-hookah.com\/product\/new-hookah-smoke-pipe-wholesale\/#breadcrumb"},"inLanguage":"de","potentialAction":[{"@type":"ReadAction","target":["https:\/\/global-hookah.com\/product\/new-hookah-smoke-pipe-wholesale\/"]}]},{"@type":"ImageObject","inLanguage":"de","@id":"https:\/\/global-hookah.com\/product\/new-hookah-smoke-pipe-wholesale\/#primaryimage","url":"https:\/\/global-hookah.com\/wp-content\/uploads\/2024\/10\/bad7dbafce9b990ee3ff76e484583a1.jpg","contentUrl":"https:\/\/global-hookah.com\/wp-content\/uploads\/2024\/10\/bad7dbafce9b990ee3ff76e484583a1.jpg","width":1080,"height":1440,"caption":"Hookah Smoke Pipe Wholesale"},{"@type":"BreadcrumbList","@id":"https:\/\/global-hookah.com\/product\/new-hookah-smoke-pipe-wholesale\/#breadcrumb","itemListElement":[{"@type":"ListItem","position":1,"name":"Home","item":"https:\/\/global-hookah.com\/"},{"@type":"ListItem","position":2,"name":"Shop","item":"https:\/\/global-hookah.com\/shop\/"},{"@type":"ListItem","position":3,"name":"New Hookah Smoke Pipe Wholesale"}]},{"@type":"WebSite","@id":"https:\/\/global-hookah.com\/#website","url":"https:\/\/global-hookah.com\/","name":"Globale Wasserpfeife","description":"Globale Wasserpfeife","publisher":{"@id":"https:\/\/global-hookah.com\/#organization"},"potentialAction":[{"@type":"SearchAction","target":{"@type":"EntryPoint","urlTemplate":"https:\/\/global-hookah.com\/?s={search_term_string}"},"query-input":{"@type":"PropertyValueSpecification","valueRequired":true,"valueName":"search_term_string"}}],"inLanguage":"de"},{"@type":"Organization","@id":"https:\/\/global-hookah.com\/#organization","name":"Globale Wasserpfeife","url":"https:\/\/global-hookah.com\/","logo":{"@type":"ImageObject","inLanguage":"de","@id":"https:\/\/global-hookah.com\/#\/schema\/logo\/image\/","url":"https:\/\/global-hookah.com\/wp-content\/uploads\/2021\/10\/cropped-fgg.png","contentUrl":"https:\/\/global-hookah.com\/wp-content\/uploads\/2021\/10\/cropped-fgg.png","width":512,"height":512,"caption":"Global Hookah"},"image":{"@id":"https:\/\/global-hookah.com\/#\/schema\/logo\/image\/"}}]}},"_links":{"self":[{"href":"https:\/\/global-hookah.com\/de\/wp-json\/wp\/v2\/product\/31115","targetHints":{"allow":["GET"]}}],"collection":[{"href":"https:\/\/global-hookah.com\/de\/wp-json\/wp\/v2\/product"}],"about":[{"href":"https:\/\/global-hookah.com\/de\/wp-json\/wp\/v2\/types\/product"}],"replies":[{"embeddable":true,"href":"https:\/\/global-hookah.com\/de\/wp-json\/wp\/v2\/comments?post=31115"}],"version-history":[{"count":0,"href":"https:\/\/global-hookah.com\/de\/wp-json\/wp\/v2\/product\/31115\/revisions"}],"wp:featuredmedia":[{"embeddable":true,"href":"https:\/\/global-hookah.com\/de\/wp-json\/wp\/v2\/media\/31116"}],"wp:attachment":[{"href":"https:\/\/global-hookah.com\/de\/wp-json\/wp\/v2\/media?parent=31115"}],"wp:term":[{"taxonomy":"product_brand","embeddable":true,"href":"https:\/\/global-hookah.com\/de\/wp-json\/wp\/v2\/product_brand?post=31115"},{"taxonomy":"product_cat","embeddable":true,"href":"https:\/\/global-hookah.com\/de\/wp-json\/wp\/v2\/product_cat?post=31115"},{"taxonomy":"product_tag","embeddable":true,"href":"https:\/\/global-hookah.com\/de\/wp-json\/wp\/v2\/product_tag?post=31115"}],"curies":[{"name":"wp","href":"https:\/\/api.w.org\/{rel}","templated":true}]}}