{"id":31167,"date":"2024-10-29T02:32:33","date_gmt":"2024-10-29T02:32:33","guid":{"rendered":"https:\/\/global-hookah.com\/?post_type=product&#038;p=31167"},"modified":"2024-11-18T03:29:19","modified_gmt":"2024-11-18T03:29:19","slug":"wholesale-portable-acrylic-hookah-with-led-light-base","status":"publish","type":"product","link":"https:\/\/global-hookah.com\/de\/produkt\/wholesale-portable-acrylic-hookah-with-led-light-base\/","title":{"rendered":"Gro\u00dfhandel Portable Acryl Wasserpfeife mit Led Licht Basis"},"content":{"rendered":"<p>Ich glaube, eine der gr\u00f6\u00dften Freuden in unserem Leben ist das Rauchen von fruchtigen Wasserpfeifen, deshalb haben wir diese <strong>Tragbare Acryl Wasserpfeife<\/strong>. Diese <strong>Tragbare Acryl Wasserpfeife<\/strong> ist aus hochwertigem Acrylmaterial gefertigt, insbesondere das fortschrittliche Bel\u00fcftungssystem auf der <a href=\"https:\/\/global-hookah.com\/product-category\/wholesale-hookah\/portable-hookah-wholesale\/\"><strong>tragbare Wasserpfeife<\/strong><\/a>die die Hitze der Wasserpfeife reduzieren kann, um eine perfekte Hitzekontrolle zu erreichen<\/p>\n<p>Sie bietet nicht nur eine hervorragende Isolierung, sondern ist auch sehr bequem zu benutzen. Sie brauchen nur eine kleine Menge Shisha-Tabak hinzuzuf\u00fcgen, um ein wunderbares Raucherlebnis zu erhalten. Nat\u00fcrlich, wenn Sie nicht wollen, dass der Geschmack von Shisha-Tabak zu kompliziert ist, empfehlen wir, dass Sie kaufen<strong> Al Fakher's Wasserpfeifentabak mit Apfelgeschmack<\/strong><\/p>\n<p>Wenn Sie auch ein Liebhaber der Wasserpfeife sind, sollten Sie sich das nicht entgehen lassen <strong>Acryl Wasserpfeife mit LED Licht<\/strong>! Es ist definitiv die perfekte Wahl f\u00fcr Ihre Indoor-Party.<\/p>\n<p>Die <strong>Tragbares Wasserpfeifen-Set<\/strong> enth\u00e4lt 1 transparente Acryl Wasserpfeife Flasche, 1 Silikon-Schale, 1 bunte LED-Atmosph\u00e4re Licht, 1 Fernbedienung mit Batterien, und ein komplettes Set von auslaufsicheren Gummidichtungen, vor allem die eingebaute LED-Lichtleiste, die Farbe durch die Fernbedienung \u00e4ndern kann, so dass Sie cooler auf der Wasserpfeife Partei in der Nacht.<\/p>\n<p>Insbesondere diese <strong>Acryl Wasserpfeife mit Led Licht<\/strong> nimmt ein spezielles Rauchabzugsdesign an, das die hei\u00dfe Luft optimal zum Kochen von Tabak nutzen kann. Ich garantiere, dass dieses einzigartige Design sehr beliebt sein wird, wenn Sie es auf einer Party verwenden!<\/p>\n<p><strong>Produktspezifikationen<\/strong>:<\/p>\n<ul>\n<li><strong>Material<\/strong>: Acryl + Metall (Edelstahl)<\/li>\n<li><strong>Basis-Design<\/strong>: Holzmaserung Furnier Design mit LED-Licht Basis, Farbe einstellbar<\/li>\n<li>Art:<a href=\"https:\/\/global-hookah.com\/\">Wasserpfeife<\/a><\/li>\n<li><strong>H\u00f6he<\/strong>: 45 cm<\/li>\n<li><strong>Gewicht<\/strong>: 1,5 kg<\/li>\n<li><strong>Schlauch<\/strong>: Abnehmbarer weicher Kunststoffschlauch<\/li>\n<li><strong>Schale<\/strong>: Hochwertige Keramikschale, hitzebest\u00e4ndig<\/li>\n<li><strong>LED-Lichtsteuerung<\/strong>: Ferngesteuerte, einstellbare Farben und Lichteffekte<\/li>\n<li><strong>Tragbarkeit<\/strong>: Leichtes Design, geeignet f\u00fcr den Innen- und Au\u00dfeneinsatz<\/li>\n<\/ul>\n<p><strong>Zubeh\u00f6r<\/strong>:<\/p>\n<ul>\n<li>1 Keramikschale<\/li>\n<li>1 weicher Schlauch<\/li>\n<li>1 LED-Leuchtsockel mit Fernbedienung<\/li>\n<li>1 Holzkohlezange<\/li>\n<li>1 Metall-Mundst\u00fcck<\/li>\n<\/ul>","protected":false},"excerpt":{"rendered":"<p>Ich glaube, eine der gr\u00f6\u00dften Freuden in unserem Leben ist das Rauchen von fruchtigen Wasserpfeifen, deshalb haben wir diese tragbare<\/p>","protected":false},"featured_media":31171,"comment_status":"closed","ping_status":"closed","template":"","meta":{"iawp_total_views":12,"_joinchat":[]},"product_brand":[],"product_cat":[559,119],"product_tag":[],"class_list":{"0":"post-31167","1":"product","2":"type-product","3":"status-publish","4":"has-post-thumbnail","6":"product_cat-portable-hookah-wholesale","7":"product_cat-wholesale-hookah","9":"first","10":"instock","11":"shipping-taxable","12":"product-type-external"},"yoast_head":"<!-- This site is optimized with the Yoast SEO Premium plugin v24.7 (Yoast SEO v26.8) - https:\/\/yoast.com\/product\/yoast-seo-premium-wordpress\/ -->\n<title>Wholesale Portable Acrylic Hookah With Led Light Base - Global Hookah<\/title>\n<meta name=\"robots\" content=\"index, follow, max-snippet:-1, max-image-preview:large, max-video-preview:-1\" \/>\n<link rel=\"canonical\" href=\"https:\/\/global-hookah.com\/de\/produkt\/wholesale-portable-acrylic-hookah-with-led-light-base\/\" \/>\n<meta property=\"og:locale\" content=\"de_DE\" \/>\n<meta property=\"og:type\" content=\"article\" \/>\n<meta property=\"og:title\" content=\"Wholesale Portable Acrylic Hookah With Led Light Base\" \/>\n<meta property=\"og:description\" content=\"I think one of the greatest pleasures in our lives is to smoke fruity hookahs, so we designed this Portable\" \/>\n<meta property=\"og:url\" content=\"https:\/\/global-hookah.com\/de\/produkt\/wholesale-portable-acrylic-hookah-with-led-light-base\/\" \/>\n<meta property=\"og:site_name\" content=\"Global Hookah\" \/>\n<meta property=\"article:modified_time\" content=\"2024-11-18T03:29:19+00:00\" \/>\n<meta property=\"og:image\" content=\"https:\/\/global-hookah.com\/wp-content\/uploads\/2024\/10\/4b9a7d4fae58cb8573f506f4821030f.jpg\" \/>\n\t<meta property=\"og:image:width\" content=\"1000\" \/>\n\t<meta property=\"og:image:height\" content=\"1000\" \/>\n\t<meta property=\"og:image:type\" content=\"image\/jpeg\" \/>\n<meta name=\"twitter:card\" content=\"summary_large_image\" \/>\n<meta name=\"twitter:label1\" content=\"Gesch\u00e4tzte Lesezeit\" \/>\n\t<meta name=\"twitter:data1\" content=\"2\u00a0Minuten\" \/>\n<script type=\"application\/ld+json\" class=\"yoast-schema-graph\">{\"@context\":\"https:\/\/schema.org\",\"@graph\":[{\"@type\":\"WebPage\",\"@id\":\"https:\/\/global-hookah.com\/product\/wholesale-portable-acrylic-hookah-with-led-light-base\/\",\"url\":\"https:\/\/global-hookah.com\/product\/wholesale-portable-acrylic-hookah-with-led-light-base\/\",\"name\":\"Wholesale Portable Acrylic Hookah With Led Light Base - Global Hookah\",\"isPartOf\":{\"@id\":\"https:\/\/global-hookah.com\/#website\"},\"primaryImageOfPage\":{\"@id\":\"https:\/\/global-hookah.com\/product\/wholesale-portable-acrylic-hookah-with-led-light-base\/#primaryimage\"},\"image\":{\"@id\":\"https:\/\/global-hookah.com\/product\/wholesale-portable-acrylic-hookah-with-led-light-base\/#primaryimage\"},\"thumbnailUrl\":\"https:\/\/global-hookah.com\/wp-content\/uploads\/2024\/10\/4b9a7d4fae58cb8573f506f4821030f.jpg\",\"datePublished\":\"2024-10-29T02:32:33+00:00\",\"dateModified\":\"2024-11-18T03:29:19+00:00\",\"breadcrumb\":{\"@id\":\"https:\/\/global-hookah.com\/product\/wholesale-portable-acrylic-hookah-with-led-light-base\/#breadcrumb\"},\"inLanguage\":\"de\",\"potentialAction\":[{\"@type\":\"ReadAction\",\"target\":[\"https:\/\/global-hookah.com\/product\/wholesale-portable-acrylic-hookah-with-led-light-base\/\"]}]},{\"@type\":\"ImageObject\",\"inLanguage\":\"de\",\"@id\":\"https:\/\/global-hookah.com\/product\/wholesale-portable-acrylic-hookah-with-led-light-base\/#primaryimage\",\"url\":\"https:\/\/global-hookah.com\/wp-content\/uploads\/2024\/10\/4b9a7d4fae58cb8573f506f4821030f.jpg\",\"contentUrl\":\"https:\/\/global-hookah.com\/wp-content\/uploads\/2024\/10\/4b9a7d4fae58cb8573f506f4821030f.jpg\",\"width\":1000,\"height\":1000,\"caption\":\"Wholesale Portable Acrylic Hookah With Led Light Base\"},{\"@type\":\"BreadcrumbList\",\"@id\":\"https:\/\/global-hookah.com\/product\/wholesale-portable-acrylic-hookah-with-led-light-base\/#breadcrumb\",\"itemListElement\":[{\"@type\":\"ListItem\",\"position\":1,\"name\":\"Home\",\"item\":\"https:\/\/global-hookah.com\/\"},{\"@type\":\"ListItem\",\"position\":2,\"name\":\"Shop\",\"item\":\"https:\/\/global-hookah.com\/shop\/\"},{\"@type\":\"ListItem\",\"position\":3,\"name\":\"Wholesale Portable Acrylic Hookah With Led Light Base\"}]},{\"@type\":\"WebSite\",\"@id\":\"https:\/\/global-hookah.com\/#website\",\"url\":\"https:\/\/global-hookah.com\/\",\"name\":\"Global Hookah\",\"description\":\"Global Hookah\",\"publisher\":{\"@id\":\"https:\/\/global-hookah.com\/#organization\"},\"potentialAction\":[{\"@type\":\"SearchAction\",\"target\":{\"@type\":\"EntryPoint\",\"urlTemplate\":\"https:\/\/global-hookah.com\/?s={search_term_string}\"},\"query-input\":{\"@type\":\"PropertyValueSpecification\",\"valueRequired\":true,\"valueName\":\"search_term_string\"}}],\"inLanguage\":\"de\"},{\"@type\":\"Organization\",\"@id\":\"https:\/\/global-hookah.com\/#organization\",\"name\":\"Global Hookah\",\"url\":\"https:\/\/global-hookah.com\/\",\"logo\":{\"@type\":\"ImageObject\",\"inLanguage\":\"de\",\"@id\":\"https:\/\/global-hookah.com\/#\/schema\/logo\/image\/\",\"url\":\"https:\/\/global-hookah.com\/wp-content\/uploads\/2021\/10\/cropped-fgg.png\",\"contentUrl\":\"https:\/\/global-hookah.com\/wp-content\/uploads\/2021\/10\/cropped-fgg.png\",\"width\":512,\"height\":512,\"caption\":\"Global Hookah\"},\"image\":{\"@id\":\"https:\/\/global-hookah.com\/#\/schema\/logo\/image\/\"}}]}<\/script>\n<!-- \/ Yoast SEO Premium plugin. -->","yoast_head_json":{"title":"Gro\u00dfhandel Portable Acryl Wasserpfeife mit Led Licht Basis - Global Hookah","robots":{"index":"index","follow":"follow","max-snippet":"max-snippet:-1","max-image-preview":"max-image-preview:large","max-video-preview":"max-video-preview:-1"},"canonical":"https:\/\/global-hookah.com\/de\/produkt\/wholesale-portable-acrylic-hookah-with-led-light-base\/","og_locale":"de_DE","og_type":"article","og_title":"Wholesale Portable Acrylic Hookah With Led Light Base","og_description":"I think one of the greatest pleasures in our lives is to smoke fruity hookahs, so we designed this Portable","og_url":"https:\/\/global-hookah.com\/de\/produkt\/wholesale-portable-acrylic-hookah-with-led-light-base\/","og_site_name":"Global Hookah","article_modified_time":"2024-11-18T03:29:19+00:00","og_image":[{"width":1000,"height":1000,"url":"https:\/\/global-hookah.com\/wp-content\/uploads\/2024\/10\/4b9a7d4fae58cb8573f506f4821030f.jpg","type":"image\/jpeg"}],"twitter_card":"summary_large_image","twitter_misc":{"Gesch\u00e4tzte Lesezeit":"2\u00a0Minuten"},"schema":{"@context":"https:\/\/schema.org","@graph":[{"@type":"WebPage","@id":"https:\/\/global-hookah.com\/product\/wholesale-portable-acrylic-hookah-with-led-light-base\/","url":"https:\/\/global-hookah.com\/product\/wholesale-portable-acrylic-hookah-with-led-light-base\/","name":"Gro\u00dfhandel Portable Acryl Wasserpfeife mit Led Licht Basis - Global Hookah","isPartOf":{"@id":"https:\/\/global-hookah.com\/#website"},"primaryImageOfPage":{"@id":"https:\/\/global-hookah.com\/product\/wholesale-portable-acrylic-hookah-with-led-light-base\/#primaryimage"},"image":{"@id":"https:\/\/global-hookah.com\/product\/wholesale-portable-acrylic-hookah-with-led-light-base\/#primaryimage"},"thumbnailUrl":"https:\/\/global-hookah.com\/wp-content\/uploads\/2024\/10\/4b9a7d4fae58cb8573f506f4821030f.jpg","datePublished":"2024-10-29T02:32:33+00:00","dateModified":"2024-11-18T03:29:19+00:00","breadcrumb":{"@id":"https:\/\/global-hookah.com\/product\/wholesale-portable-acrylic-hookah-with-led-light-base\/#breadcrumb"},"inLanguage":"de","potentialAction":[{"@type":"ReadAction","target":["https:\/\/global-hookah.com\/product\/wholesale-portable-acrylic-hookah-with-led-light-base\/"]}]},{"@type":"ImageObject","inLanguage":"de","@id":"https:\/\/global-hookah.com\/product\/wholesale-portable-acrylic-hookah-with-led-light-base\/#primaryimage","url":"https:\/\/global-hookah.com\/wp-content\/uploads\/2024\/10\/4b9a7d4fae58cb8573f506f4821030f.jpg","contentUrl":"https:\/\/global-hookah.com\/wp-content\/uploads\/2024\/10\/4b9a7d4fae58cb8573f506f4821030f.jpg","width":1000,"height":1000,"caption":"Wholesale Portable Acrylic Hookah With Led Light Base"},{"@type":"BreadcrumbList","@id":"https:\/\/global-hookah.com\/product\/wholesale-portable-acrylic-hookah-with-led-light-base\/#breadcrumb","itemListElement":[{"@type":"ListItem","position":1,"name":"Home","item":"https:\/\/global-hookah.com\/"},{"@type":"ListItem","position":2,"name":"Shop","item":"https:\/\/global-hookah.com\/shop\/"},{"@type":"ListItem","position":3,"name":"Wholesale Portable Acrylic Hookah With Led Light Base"}]},{"@type":"WebSite","@id":"https:\/\/global-hookah.com\/#website","url":"https:\/\/global-hookah.com\/","name":"Globale Wasserpfeife","description":"Globale Wasserpfeife","publisher":{"@id":"https:\/\/global-hookah.com\/#organization"},"potentialAction":[{"@type":"SearchAction","target":{"@type":"EntryPoint","urlTemplate":"https:\/\/global-hookah.com\/?s={search_term_string}"},"query-input":{"@type":"PropertyValueSpecification","valueRequired":true,"valueName":"search_term_string"}}],"inLanguage":"de"},{"@type":"Organization","@id":"https:\/\/global-hookah.com\/#organization","name":"Globale Wasserpfeife","url":"https:\/\/global-hookah.com\/","logo":{"@type":"ImageObject","inLanguage":"de","@id":"https:\/\/global-hookah.com\/#\/schema\/logo\/image\/","url":"https:\/\/global-hookah.com\/wp-content\/uploads\/2021\/10\/cropped-fgg.png","contentUrl":"https:\/\/global-hookah.com\/wp-content\/uploads\/2021\/10\/cropped-fgg.png","width":512,"height":512,"caption":"Global Hookah"},"image":{"@id":"https:\/\/global-hookah.com\/#\/schema\/logo\/image\/"}}]}},"_links":{"self":[{"href":"https:\/\/global-hookah.com\/de\/wp-json\/wp\/v2\/product\/31167","targetHints":{"allow":["GET"]}}],"collection":[{"href":"https:\/\/global-hookah.com\/de\/wp-json\/wp\/v2\/product"}],"about":[{"href":"https:\/\/global-hookah.com\/de\/wp-json\/wp\/v2\/types\/product"}],"replies":[{"embeddable":true,"href":"https:\/\/global-hookah.com\/de\/wp-json\/wp\/v2\/comments?post=31167"}],"version-history":[{"count":0,"href":"https:\/\/global-hookah.com\/de\/wp-json\/wp\/v2\/product\/31167\/revisions"}],"wp:featuredmedia":[{"embeddable":true,"href":"https:\/\/global-hookah.com\/de\/wp-json\/wp\/v2\/media\/31171"}],"wp:attachment":[{"href":"https:\/\/global-hookah.com\/de\/wp-json\/wp\/v2\/media?parent=31167"}],"wp:term":[{"taxonomy":"product_brand","embeddable":true,"href":"https:\/\/global-hookah.com\/de\/wp-json\/wp\/v2\/product_brand?post=31167"},{"taxonomy":"product_cat","embeddable":true,"href":"https:\/\/global-hookah.com\/de\/wp-json\/wp\/v2\/product_cat?post=31167"},{"taxonomy":"product_tag","embeddable":true,"href":"https:\/\/global-hookah.com\/de\/wp-json\/wp\/v2\/product_tag?post=31167"}],"curies":[{"name":"wp","href":"https:\/\/api.w.org\/{rel}","templated":true}]}}