{"id":31175,"date":"2024-10-31T03:51:55","date_gmt":"2024-10-31T03:51:55","guid":{"rendered":"https:\/\/global-hookah.com\/?post_type=product&#038;p=31175"},"modified":"2024-11-16T07:59:53","modified_gmt":"2024-11-16T07:59:53","slug":"cartoon-bomber-shape-silicone-weed-bong-wholesale","status":"publish","type":"product","link":"https:\/\/global-hookah.com\/de\/produkt\/cartoon-bomber-shape-silicone-weed-bong-wholesale\/","title":{"rendered":"Cartoon Bomber Form Silikon Weed Bong Gro\u00dfhandel"},"content":{"rendered":"<p>Ich verspreche, dass dieser bombenf\u00f6rmige Cartoon<strong> Silikon-Kifferbong<\/strong> werden Sie mit Sicherheit der auff\u00e4lligste Gast auf der Party sein. Unsere Fabrik entwarf urspr\u00fcnglich die Zeichnungen von diesem <a href=\"https:\/\/global-hookah.com\/product-category\/bong-wholesale\/silicone-bong-wholesale\/\">Silikonbong<\/a> im Jahr 2023.<\/p>\n<p>Was ich an dieser Bong am meisten mag, ist, dass sie im Vergleich zu den sperrigen <a href=\"https:\/\/global-hookah.com\/product-category\/bong-wholesale\/wholesale-glass-bong\/\">Glasbong<\/a>Das ultraleichte Silikonmaterial erlaubt es mir, ihn \u00fcberall hin mitzunehmen. Ob zu Hause oder im Freien, es erlaubt mir, das Vergn\u00fcgen des Rauchens Marihuana jederzeit und \u00fcberall zu genie\u00dfen. Insbesondere die 360-Grad-Drehung der Verbindung Design weiter erh\u00f6ht seine Bequemlichkeit.<\/p>\n<p>F\u00fcr die beste Benutzererfahrung verwenden wir hochwertiges Silikonmaterial mit sehr hoher Hitzebest\u00e4ndigkeit, und seine Hitzebest\u00e4ndigkeitstemperatur betr\u00e4gt bis zu 1200\u00b0F. Das bedeutet, dass es auch bei hohen Temperaturen gewaschen werden kann, und ich schw\u00f6re, dass es keine Probleme geben wird, auch wenn Sie es viele Jahre lang benutzen.<\/p>\n<p>Dar\u00fcber hinaus ber\u00fccksichtigen wir die Bed\u00fcrfnisse der Nutzer in vollem Umfang, so dass diese <strong>Silikon Weed Bong<\/strong>Ein weiteres einzigartiges Merkmal ist, dass es leicht zerlegt werden kann, so dass Sie den Boden der Bong beim Reinigen schnell reinigen k\u00f6nnen.<\/p>","protected":false},"excerpt":{"rendered":"<p>Ich verspreche dir, dass diese weiche Silikonbong in Form einer Cartoon-Bombe dich definitiv zum auff\u00e4lligsten Gast auf der Party machen wird.<\/p>","protected":false},"featured_media":31180,"comment_status":"closed","ping_status":"closed","template":"","meta":{"iawp_total_views":19,"_joinchat":[]},"product_brand":[],"product_cat":[534],"product_tag":[],"class_list":{"0":"post-31175","1":"product","2":"type-product","3":"status-publish","4":"has-post-thumbnail","6":"product_cat-silicone-bong-wholesale","8":"first","9":"instock","10":"shipping-taxable","11":"product-type-external"},"yoast_head":"<!-- This site is optimized with the Yoast SEO Premium plugin v24.7 (Yoast SEO v26.8) - https:\/\/yoast.com\/product\/yoast-seo-premium-wordpress\/ -->\n<title>Cartoon Bomber Shape Silicone Weed Bong Wholesale - Global Hookah<\/title>\n<meta name=\"robots\" content=\"index, follow, max-snippet:-1, max-image-preview:large, max-video-preview:-1\" \/>\n<link rel=\"canonical\" href=\"https:\/\/global-hookah.com\/de\/produkt\/cartoon-bomber-shape-silicone-weed-bong-wholesale\/\" \/>\n<meta property=\"og:locale\" content=\"de_DE\" \/>\n<meta property=\"og:type\" content=\"article\" \/>\n<meta property=\"og:title\" content=\"Cartoon Bomber Shape Silicone Weed Bong Wholesale\" \/>\n<meta property=\"og:description\" content=\"I promise that this cartoon bomb-shaped soft silicone weed bong will definitely make you the most eye-catching presence at the\" \/>\n<meta property=\"og:url\" content=\"https:\/\/global-hookah.com\/de\/produkt\/cartoon-bomber-shape-silicone-weed-bong-wholesale\/\" \/>\n<meta property=\"og:site_name\" content=\"Global Hookah\" \/>\n<meta property=\"article:modified_time\" content=\"2024-11-16T07:59:53+00:00\" \/>\n<meta property=\"og:image\" content=\"https:\/\/global-hookah.com\/wp-content\/uploads\/2024\/10\/af27f4c19150fa1265f89fcac4296d9.jpg\" \/>\n\t<meta property=\"og:image:width\" content=\"729\" \/>\n\t<meta property=\"og:image:height\" content=\"725\" \/>\n\t<meta property=\"og:image:type\" content=\"image\/jpeg\" \/>\n<meta name=\"twitter:card\" content=\"summary_large_image\" \/>\n<meta name=\"twitter:label1\" content=\"Gesch\u00e4tzte Lesezeit\" \/>\n\t<meta name=\"twitter:data1\" content=\"1\u00a0Minute\" \/>\n<script type=\"application\/ld+json\" class=\"yoast-schema-graph\">{\"@context\":\"https:\/\/schema.org\",\"@graph\":[{\"@type\":\"WebPage\",\"@id\":\"https:\/\/global-hookah.com\/product\/cartoon-bomber-shape-silicone-weed-bong-wholesale\/\",\"url\":\"https:\/\/global-hookah.com\/product\/cartoon-bomber-shape-silicone-weed-bong-wholesale\/\",\"name\":\"Cartoon Bomber Shape Silicone Weed Bong Wholesale - Global Hookah\",\"isPartOf\":{\"@id\":\"https:\/\/global-hookah.com\/#website\"},\"primaryImageOfPage\":{\"@id\":\"https:\/\/global-hookah.com\/product\/cartoon-bomber-shape-silicone-weed-bong-wholesale\/#primaryimage\"},\"image\":{\"@id\":\"https:\/\/global-hookah.com\/product\/cartoon-bomber-shape-silicone-weed-bong-wholesale\/#primaryimage\"},\"thumbnailUrl\":\"https:\/\/global-hookah.com\/wp-content\/uploads\/2024\/10\/af27f4c19150fa1265f89fcac4296d9.jpg\",\"datePublished\":\"2024-10-31T03:51:55+00:00\",\"dateModified\":\"2024-11-16T07:59:53+00:00\",\"breadcrumb\":{\"@id\":\"https:\/\/global-hookah.com\/product\/cartoon-bomber-shape-silicone-weed-bong-wholesale\/#breadcrumb\"},\"inLanguage\":\"de\",\"potentialAction\":[{\"@type\":\"ReadAction\",\"target\":[\"https:\/\/global-hookah.com\/product\/cartoon-bomber-shape-silicone-weed-bong-wholesale\/\"]}]},{\"@type\":\"ImageObject\",\"inLanguage\":\"de\",\"@id\":\"https:\/\/global-hookah.com\/product\/cartoon-bomber-shape-silicone-weed-bong-wholesale\/#primaryimage\",\"url\":\"https:\/\/global-hookah.com\/wp-content\/uploads\/2024\/10\/af27f4c19150fa1265f89fcac4296d9.jpg\",\"contentUrl\":\"https:\/\/global-hookah.com\/wp-content\/uploads\/2024\/10\/af27f4c19150fa1265f89fcac4296d9.jpg\",\"width\":729,\"height\":725,\"caption\":\"Silicone Weed Bong Wholesale\"},{\"@type\":\"BreadcrumbList\",\"@id\":\"https:\/\/global-hookah.com\/product\/cartoon-bomber-shape-silicone-weed-bong-wholesale\/#breadcrumb\",\"itemListElement\":[{\"@type\":\"ListItem\",\"position\":1,\"name\":\"Home\",\"item\":\"https:\/\/global-hookah.com\/\"},{\"@type\":\"ListItem\",\"position\":2,\"name\":\"Shop\",\"item\":\"https:\/\/global-hookah.com\/shop\/\"},{\"@type\":\"ListItem\",\"position\":3,\"name\":\"Cartoon Bomber Shape Silicone Weed Bong Wholesale\"}]},{\"@type\":\"WebSite\",\"@id\":\"https:\/\/global-hookah.com\/#website\",\"url\":\"https:\/\/global-hookah.com\/\",\"name\":\"Global Hookah\",\"description\":\"Global Hookah\",\"publisher\":{\"@id\":\"https:\/\/global-hookah.com\/#organization\"},\"potentialAction\":[{\"@type\":\"SearchAction\",\"target\":{\"@type\":\"EntryPoint\",\"urlTemplate\":\"https:\/\/global-hookah.com\/?s={search_term_string}\"},\"query-input\":{\"@type\":\"PropertyValueSpecification\",\"valueRequired\":true,\"valueName\":\"search_term_string\"}}],\"inLanguage\":\"de\"},{\"@type\":\"Organization\",\"@id\":\"https:\/\/global-hookah.com\/#organization\",\"name\":\"Global Hookah\",\"url\":\"https:\/\/global-hookah.com\/\",\"logo\":{\"@type\":\"ImageObject\",\"inLanguage\":\"de\",\"@id\":\"https:\/\/global-hookah.com\/#\/schema\/logo\/image\/\",\"url\":\"https:\/\/global-hookah.com\/wp-content\/uploads\/2021\/10\/cropped-fgg.png\",\"contentUrl\":\"https:\/\/global-hookah.com\/wp-content\/uploads\/2021\/10\/cropped-fgg.png\",\"width\":512,\"height\":512,\"caption\":\"Global Hookah\"},\"image\":{\"@id\":\"https:\/\/global-hookah.com\/#\/schema\/logo\/image\/\"}}]}<\/script>\n<!-- \/ Yoast SEO Premium plugin. -->","yoast_head_json":{"title":"Cartoon Bomber Form Silikon Weed Bong Gro\u00dfhandel - Global Hookah","robots":{"index":"index","follow":"follow","max-snippet":"max-snippet:-1","max-image-preview":"max-image-preview:large","max-video-preview":"max-video-preview:-1"},"canonical":"https:\/\/global-hookah.com\/de\/produkt\/cartoon-bomber-shape-silicone-weed-bong-wholesale\/","og_locale":"de_DE","og_type":"article","og_title":"Cartoon Bomber Shape Silicone Weed Bong Wholesale","og_description":"I promise that this cartoon bomb-shaped soft silicone weed bong will definitely make you the most eye-catching presence at the","og_url":"https:\/\/global-hookah.com\/de\/produkt\/cartoon-bomber-shape-silicone-weed-bong-wholesale\/","og_site_name":"Global Hookah","article_modified_time":"2024-11-16T07:59:53+00:00","og_image":[{"width":729,"height":725,"url":"https:\/\/global-hookah.com\/wp-content\/uploads\/2024\/10\/af27f4c19150fa1265f89fcac4296d9.jpg","type":"image\/jpeg"}],"twitter_card":"summary_large_image","twitter_misc":{"Gesch\u00e4tzte Lesezeit":"1\u00a0Minute"},"schema":{"@context":"https:\/\/schema.org","@graph":[{"@type":"WebPage","@id":"https:\/\/global-hookah.com\/product\/cartoon-bomber-shape-silicone-weed-bong-wholesale\/","url":"https:\/\/global-hookah.com\/product\/cartoon-bomber-shape-silicone-weed-bong-wholesale\/","name":"Cartoon Bomber Form Silikon Weed Bong Gro\u00dfhandel - Global Hookah","isPartOf":{"@id":"https:\/\/global-hookah.com\/#website"},"primaryImageOfPage":{"@id":"https:\/\/global-hookah.com\/product\/cartoon-bomber-shape-silicone-weed-bong-wholesale\/#primaryimage"},"image":{"@id":"https:\/\/global-hookah.com\/product\/cartoon-bomber-shape-silicone-weed-bong-wholesale\/#primaryimage"},"thumbnailUrl":"https:\/\/global-hookah.com\/wp-content\/uploads\/2024\/10\/af27f4c19150fa1265f89fcac4296d9.jpg","datePublished":"2024-10-31T03:51:55+00:00","dateModified":"2024-11-16T07:59:53+00:00","breadcrumb":{"@id":"https:\/\/global-hookah.com\/product\/cartoon-bomber-shape-silicone-weed-bong-wholesale\/#breadcrumb"},"inLanguage":"de","potentialAction":[{"@type":"ReadAction","target":["https:\/\/global-hookah.com\/product\/cartoon-bomber-shape-silicone-weed-bong-wholesale\/"]}]},{"@type":"ImageObject","inLanguage":"de","@id":"https:\/\/global-hookah.com\/product\/cartoon-bomber-shape-silicone-weed-bong-wholesale\/#primaryimage","url":"https:\/\/global-hookah.com\/wp-content\/uploads\/2024\/10\/af27f4c19150fa1265f89fcac4296d9.jpg","contentUrl":"https:\/\/global-hookah.com\/wp-content\/uploads\/2024\/10\/af27f4c19150fa1265f89fcac4296d9.jpg","width":729,"height":725,"caption":"Silicone Weed Bong Wholesale"},{"@type":"BreadcrumbList","@id":"https:\/\/global-hookah.com\/product\/cartoon-bomber-shape-silicone-weed-bong-wholesale\/#breadcrumb","itemListElement":[{"@type":"ListItem","position":1,"name":"Home","item":"https:\/\/global-hookah.com\/"},{"@type":"ListItem","position":2,"name":"Shop","item":"https:\/\/global-hookah.com\/shop\/"},{"@type":"ListItem","position":3,"name":"Cartoon Bomber Shape Silicone Weed Bong Wholesale"}]},{"@type":"WebSite","@id":"https:\/\/global-hookah.com\/#website","url":"https:\/\/global-hookah.com\/","name":"Globale Wasserpfeife","description":"Globale Wasserpfeife","publisher":{"@id":"https:\/\/global-hookah.com\/#organization"},"potentialAction":[{"@type":"SearchAction","target":{"@type":"EntryPoint","urlTemplate":"https:\/\/global-hookah.com\/?s={search_term_string}"},"query-input":{"@type":"PropertyValueSpecification","valueRequired":true,"valueName":"search_term_string"}}],"inLanguage":"de"},{"@type":"Organization","@id":"https:\/\/global-hookah.com\/#organization","name":"Globale Wasserpfeife","url":"https:\/\/global-hookah.com\/","logo":{"@type":"ImageObject","inLanguage":"de","@id":"https:\/\/global-hookah.com\/#\/schema\/logo\/image\/","url":"https:\/\/global-hookah.com\/wp-content\/uploads\/2021\/10\/cropped-fgg.png","contentUrl":"https:\/\/global-hookah.com\/wp-content\/uploads\/2021\/10\/cropped-fgg.png","width":512,"height":512,"caption":"Global Hookah"},"image":{"@id":"https:\/\/global-hookah.com\/#\/schema\/logo\/image\/"}}]}},"_links":{"self":[{"href":"https:\/\/global-hookah.com\/de\/wp-json\/wp\/v2\/product\/31175","targetHints":{"allow":["GET"]}}],"collection":[{"href":"https:\/\/global-hookah.com\/de\/wp-json\/wp\/v2\/product"}],"about":[{"href":"https:\/\/global-hookah.com\/de\/wp-json\/wp\/v2\/types\/product"}],"replies":[{"embeddable":true,"href":"https:\/\/global-hookah.com\/de\/wp-json\/wp\/v2\/comments?post=31175"}],"version-history":[{"count":0,"href":"https:\/\/global-hookah.com\/de\/wp-json\/wp\/v2\/product\/31175\/revisions"}],"wp:featuredmedia":[{"embeddable":true,"href":"https:\/\/global-hookah.com\/de\/wp-json\/wp\/v2\/media\/31180"}],"wp:attachment":[{"href":"https:\/\/global-hookah.com\/de\/wp-json\/wp\/v2\/media?parent=31175"}],"wp:term":[{"taxonomy":"product_brand","embeddable":true,"href":"https:\/\/global-hookah.com\/de\/wp-json\/wp\/v2\/product_brand?post=31175"},{"taxonomy":"product_cat","embeddable":true,"href":"https:\/\/global-hookah.com\/de\/wp-json\/wp\/v2\/product_cat?post=31175"},{"taxonomy":"product_tag","embeddable":true,"href":"https:\/\/global-hookah.com\/de\/wp-json\/wp\/v2\/product_tag?post=31175"}],"curies":[{"name":"wp","href":"https:\/\/api.w.org\/{rel}","templated":true}]}}