{"id":31409,"date":"2025-01-10T08:08:03","date_gmt":"2025-01-10T08:08:03","guid":{"rendered":"https:\/\/global-hookah.com\/?post_type=product&#038;p=31409"},"modified":"2026-02-03T05:46:08","modified_gmt":"2026-02-03T05:46:08","slug":"nose-vape-wholesale","status":"publish","type":"product","link":"https:\/\/global-hookah.com\/de\/produkt\/nose-vape-wholesale\/","title":{"rendered":"Nose Vape Gro\u00dfhandel"},"content":{"rendered":"<p>PRODUKTPARAMETER<br \/>\nAbmessung:93*16*16mm<br \/>\nWiderstand:1,6 Ohm<br \/>\nNachf\u00fcllbarer Pod Kapazit\u00e4t:2mlPuf:600+Puf<br \/>\nGeh\u00e4use:ss304<br \/>\nBatteriekapazit\u00e4t:400mAh<br \/>\nSpule:Mesh&amp;Baumwolle<br \/>\nGr\u00f6\u00dfe des Geschenkkartons:21*25*110mm<br \/>\nGr\u00f6\u00dfe des inneren Kartons: 110*52*113mm<\/p>\n<p>Diese <strong>NOSE VAPE<\/strong> ist tragbar und integriert nahtlos leistungsstarke Funktionen, um Kunden ein au\u00dfergew\u00f6hnliches Erlebnis zu bieten<\/p>\n<p>Die aus den frischen Bl\u00e4ttern von 0Elsholtzia, einer Pflanze aus der Familie der Asteraceae, extrahierten und verarbeiteten levorotatorischen Borneole besitzen antibakterielle, entz\u00fcndungshemmende, belebende, hitzeabbauende und schmerzlindernde Eigenschaften sowie kardioprotektive und krebshemmende Wirkungen.\"In der \"Newly Revised Materia Medica\" wird seine Wirkung wie folgt beschrieben: \"Zur Behandlung von Herz- und Magenbeschwerden, Rheuma, Taubheit, zur Verbesserung des Aussehens und zur Entfernung von Augenschatten\".<\/p>\n<p>Bumea Balsamifera-Extrakt, Ceriveo aus<br \/>\nPflanzen aus der Familie der Korbbl\u00fctler (Asteraceae), die eine nasorotische Wirkung auf die Atemwege und die Schleimh\u00e4ute haben. Sie werden traditionell zur Vorbeugung von Erk\u00e4ltungen verwendet, die durch Wind und K\u00e4lte verursacht werden.Bei Tieren kann der Extrakt eine Senkung des Blutdrucks, eine Gef\u00e4\u00dferweiterung und eine Anregung des sympathischen Nervensystems bewirken, was ihn f\u00fcr Patienten mit Erregbarkeit, Schlaflosigkeit oder Bluthochdruck interessant macht.<br \/>\nDressur.<\/p>","protected":false},"excerpt":{"rendered":"<p>PRODUKTPARAMETER Abmessung:93*16*16mm Widerstand:1,6 Ohm Nachf\u00fcllbare Pod-Kapazit\u00e4t:2mlPuf:600+Puf Shell:ss304 Batteriekapazit\u00e4t:400mAh Coil:Mesh&amp;cotton Geschenkbox Gr\u00f6\u00dfe:21*25*110mm Innere Box Gr\u00f6\u00dfe:110*52*113mm Diese Nase<\/p>","protected":false},"featured_media":31418,"comment_status":"closed","ping_status":"closed","template":"","meta":{"iawp_total_views":17,"_joinchat":[]},"product_brand":[],"product_cat":[1090,933],"product_tag":[],"class_list":{"0":"post-31409","1":"product","2":"type-product","3":"status-publish","4":"has-post-thumbnail","6":"product_cat-nose-vape","7":"product_cat-vape-wholesale","9":"first","10":"instock","11":"shipping-taxable","12":"product-type-external"},"yoast_head":"<!-- This site is optimized with the Yoast SEO Premium plugin v24.7 (Yoast SEO v26.8) - https:\/\/yoast.com\/product\/yoast-seo-premium-wordpress\/ -->\n<title>Nose Vape Wholesale - Global Hookah<\/title>\n<meta name=\"robots\" content=\"index, follow, max-snippet:-1, max-image-preview:large, max-video-preview:-1\" \/>\n<link rel=\"canonical\" href=\"https:\/\/global-hookah.com\/de\/produkt\/nose-vape-wholesale\/\" \/>\n<meta property=\"og:locale\" content=\"de_DE\" \/>\n<meta property=\"og:type\" content=\"article\" \/>\n<meta property=\"og:title\" content=\"Nose Vape Wholesale\" \/>\n<meta property=\"og:description\" content=\"PRODUCT PARAMETERS Dimension:93*16*16mm Resistance:1.6 ohm Refillable pod capacity:2mlPuf:600+Puf Shell:ss304 Battery capacity:400mAh Coil:Mesh&amp;cotton Gift box size:21*25*110mm Inner box size:110*52*113mm This NOSE\" \/>\n<meta property=\"og:url\" content=\"https:\/\/global-hookah.com\/de\/produkt\/nose-vape-wholesale\/\" \/>\n<meta property=\"og:site_name\" content=\"Global Hookah\" \/>\n<meta property=\"article:modified_time\" content=\"2026-02-03T05:46:08+00:00\" \/>\n<meta property=\"og:image\" content=\"https:\/\/global-hookah.com\/wp-content\/uploads\/2025\/01\/42ef51d8c9ea391524c07e4fffb0617-scaled.jpg\" \/>\n\t<meta property=\"og:image:width\" content=\"1707\" \/>\n\t<meta property=\"og:image:height\" content=\"2560\" \/>\n\t<meta property=\"og:image:type\" content=\"image\/jpeg\" \/>\n<meta name=\"twitter:card\" content=\"summary_large_image\" \/>\n<meta name=\"twitter:label1\" content=\"Gesch\u00e4tzte Lesezeit\" \/>\n\t<meta name=\"twitter:data1\" content=\"1\u00a0Minute\" \/>\n<script type=\"application\/ld+json\" class=\"yoast-schema-graph\">{\"@context\":\"https:\/\/schema.org\",\"@graph\":[{\"@type\":\"WebPage\",\"@id\":\"https:\/\/global-hookah.com\/product\/nose-vape-wholesale\/\",\"url\":\"https:\/\/global-hookah.com\/product\/nose-vape-wholesale\/\",\"name\":\"Nose Vape Wholesale - Global Hookah\",\"isPartOf\":{\"@id\":\"https:\/\/global-hookah.com\/#website\"},\"primaryImageOfPage\":{\"@id\":\"https:\/\/global-hookah.com\/product\/nose-vape-wholesale\/#primaryimage\"},\"image\":{\"@id\":\"https:\/\/global-hookah.com\/product\/nose-vape-wholesale\/#primaryimage\"},\"thumbnailUrl\":\"https:\/\/global-hookah.com\/wp-content\/uploads\/2025\/01\/42ef51d8c9ea391524c07e4fffb0617-scaled.jpg\",\"datePublished\":\"2025-01-10T08:08:03+00:00\",\"dateModified\":\"2026-02-03T05:46:08+00:00\",\"breadcrumb\":{\"@id\":\"https:\/\/global-hookah.com\/product\/nose-vape-wholesale\/#breadcrumb\"},\"inLanguage\":\"de\",\"potentialAction\":[{\"@type\":\"ReadAction\",\"target\":[\"https:\/\/global-hookah.com\/product\/nose-vape-wholesale\/\"]}]},{\"@type\":\"ImageObject\",\"inLanguage\":\"de\",\"@id\":\"https:\/\/global-hookah.com\/product\/nose-vape-wholesale\/#primaryimage\",\"url\":\"https:\/\/global-hookah.com\/wp-content\/uploads\/2025\/01\/42ef51d8c9ea391524c07e4fffb0617-scaled.jpg\",\"contentUrl\":\"https:\/\/global-hookah.com\/wp-content\/uploads\/2025\/01\/42ef51d8c9ea391524c07e4fffb0617-scaled.jpg\",\"width\":1707,\"height\":2560,\"caption\":\"Nose Vape Wholesal\"},{\"@type\":\"BreadcrumbList\",\"@id\":\"https:\/\/global-hookah.com\/product\/nose-vape-wholesale\/#breadcrumb\",\"itemListElement\":[{\"@type\":\"ListItem\",\"position\":1,\"name\":\"Home\",\"item\":\"https:\/\/global-hookah.com\/\"},{\"@type\":\"ListItem\",\"position\":2,\"name\":\"Shop\",\"item\":\"https:\/\/global-hookah.com\/shop\/\"},{\"@type\":\"ListItem\",\"position\":3,\"name\":\"Nose Vape Wholesale\"}]},{\"@type\":\"WebSite\",\"@id\":\"https:\/\/global-hookah.com\/#website\",\"url\":\"https:\/\/global-hookah.com\/\",\"name\":\"Global Hookah\",\"description\":\"Global Hookah\",\"publisher\":{\"@id\":\"https:\/\/global-hookah.com\/#organization\"},\"potentialAction\":[{\"@type\":\"SearchAction\",\"target\":{\"@type\":\"EntryPoint\",\"urlTemplate\":\"https:\/\/global-hookah.com\/?s={search_term_string}\"},\"query-input\":{\"@type\":\"PropertyValueSpecification\",\"valueRequired\":true,\"valueName\":\"search_term_string\"}}],\"inLanguage\":\"de\"},{\"@type\":\"Organization\",\"@id\":\"https:\/\/global-hookah.com\/#organization\",\"name\":\"Global Hookah\",\"url\":\"https:\/\/global-hookah.com\/\",\"logo\":{\"@type\":\"ImageObject\",\"inLanguage\":\"de\",\"@id\":\"https:\/\/global-hookah.com\/#\/schema\/logo\/image\/\",\"url\":\"https:\/\/global-hookah.com\/wp-content\/uploads\/2021\/10\/cropped-fgg.png\",\"contentUrl\":\"https:\/\/global-hookah.com\/wp-content\/uploads\/2021\/10\/cropped-fgg.png\",\"width\":512,\"height\":512,\"caption\":\"Global Hookah\"},\"image\":{\"@id\":\"https:\/\/global-hookah.com\/#\/schema\/logo\/image\/\"}}]}<\/script>\n<!-- \/ Yoast SEO Premium plugin. -->","yoast_head_json":{"title":"Nose Vape Gro\u00dfhandel - Global Hookah","robots":{"index":"index","follow":"follow","max-snippet":"max-snippet:-1","max-image-preview":"max-image-preview:large","max-video-preview":"max-video-preview:-1"},"canonical":"https:\/\/global-hookah.com\/de\/produkt\/nose-vape-wholesale\/","og_locale":"de_DE","og_type":"article","og_title":"Nose Vape Wholesale","og_description":"PRODUCT PARAMETERS Dimension:93*16*16mm Resistance:1.6 ohm Refillable pod capacity:2mlPuf:600+Puf Shell:ss304 Battery capacity:400mAh Coil:Mesh&amp;cotton Gift box size:21*25*110mm Inner box size:110*52*113mm This NOSE","og_url":"https:\/\/global-hookah.com\/de\/produkt\/nose-vape-wholesale\/","og_site_name":"Global Hookah","article_modified_time":"2026-02-03T05:46:08+00:00","og_image":[{"width":1707,"height":2560,"url":"https:\/\/global-hookah.com\/wp-content\/uploads\/2025\/01\/42ef51d8c9ea391524c07e4fffb0617-scaled.jpg","type":"image\/jpeg"}],"twitter_card":"summary_large_image","twitter_misc":{"Gesch\u00e4tzte Lesezeit":"1\u00a0Minute"},"schema":{"@context":"https:\/\/schema.org","@graph":[{"@type":"WebPage","@id":"https:\/\/global-hookah.com\/product\/nose-vape-wholesale\/","url":"https:\/\/global-hookah.com\/product\/nose-vape-wholesale\/","name":"Nose Vape Gro\u00dfhandel - Global Hookah","isPartOf":{"@id":"https:\/\/global-hookah.com\/#website"},"primaryImageOfPage":{"@id":"https:\/\/global-hookah.com\/product\/nose-vape-wholesale\/#primaryimage"},"image":{"@id":"https:\/\/global-hookah.com\/product\/nose-vape-wholesale\/#primaryimage"},"thumbnailUrl":"https:\/\/global-hookah.com\/wp-content\/uploads\/2025\/01\/42ef51d8c9ea391524c07e4fffb0617-scaled.jpg","datePublished":"2025-01-10T08:08:03+00:00","dateModified":"2026-02-03T05:46:08+00:00","breadcrumb":{"@id":"https:\/\/global-hookah.com\/product\/nose-vape-wholesale\/#breadcrumb"},"inLanguage":"de","potentialAction":[{"@type":"ReadAction","target":["https:\/\/global-hookah.com\/product\/nose-vape-wholesale\/"]}]},{"@type":"ImageObject","inLanguage":"de","@id":"https:\/\/global-hookah.com\/product\/nose-vape-wholesale\/#primaryimage","url":"https:\/\/global-hookah.com\/wp-content\/uploads\/2025\/01\/42ef51d8c9ea391524c07e4fffb0617-scaled.jpg","contentUrl":"https:\/\/global-hookah.com\/wp-content\/uploads\/2025\/01\/42ef51d8c9ea391524c07e4fffb0617-scaled.jpg","width":1707,"height":2560,"caption":"Nose Vape Wholesal"},{"@type":"BreadcrumbList","@id":"https:\/\/global-hookah.com\/product\/nose-vape-wholesale\/#breadcrumb","itemListElement":[{"@type":"ListItem","position":1,"name":"Home","item":"https:\/\/global-hookah.com\/"},{"@type":"ListItem","position":2,"name":"Shop","item":"https:\/\/global-hookah.com\/shop\/"},{"@type":"ListItem","position":3,"name":"Nose Vape Wholesale"}]},{"@type":"WebSite","@id":"https:\/\/global-hookah.com\/#website","url":"https:\/\/global-hookah.com\/","name":"Globale Wasserpfeife","description":"Globale Wasserpfeife","publisher":{"@id":"https:\/\/global-hookah.com\/#organization"},"potentialAction":[{"@type":"SearchAction","target":{"@type":"EntryPoint","urlTemplate":"https:\/\/global-hookah.com\/?s={search_term_string}"},"query-input":{"@type":"PropertyValueSpecification","valueRequired":true,"valueName":"search_term_string"}}],"inLanguage":"de"},{"@type":"Organization","@id":"https:\/\/global-hookah.com\/#organization","name":"Globale Wasserpfeife","url":"https:\/\/global-hookah.com\/","logo":{"@type":"ImageObject","inLanguage":"de","@id":"https:\/\/global-hookah.com\/#\/schema\/logo\/image\/","url":"https:\/\/global-hookah.com\/wp-content\/uploads\/2021\/10\/cropped-fgg.png","contentUrl":"https:\/\/global-hookah.com\/wp-content\/uploads\/2021\/10\/cropped-fgg.png","width":512,"height":512,"caption":"Global Hookah"},"image":{"@id":"https:\/\/global-hookah.com\/#\/schema\/logo\/image\/"}}]}},"_links":{"self":[{"href":"https:\/\/global-hookah.com\/de\/wp-json\/wp\/v2\/product\/31409","targetHints":{"allow":["GET"]}}],"collection":[{"href":"https:\/\/global-hookah.com\/de\/wp-json\/wp\/v2\/product"}],"about":[{"href":"https:\/\/global-hookah.com\/de\/wp-json\/wp\/v2\/types\/product"}],"replies":[{"embeddable":true,"href":"https:\/\/global-hookah.com\/de\/wp-json\/wp\/v2\/comments?post=31409"}],"version-history":[{"count":1,"href":"https:\/\/global-hookah.com\/de\/wp-json\/wp\/v2\/product\/31409\/revisions"}],"predecessor-version":[{"id":33061,"href":"https:\/\/global-hookah.com\/de\/wp-json\/wp\/v2\/product\/31409\/revisions\/33061"}],"wp:featuredmedia":[{"embeddable":true,"href":"https:\/\/global-hookah.com\/de\/wp-json\/wp\/v2\/media\/31418"}],"wp:attachment":[{"href":"https:\/\/global-hookah.com\/de\/wp-json\/wp\/v2\/media?parent=31409"}],"wp:term":[{"taxonomy":"product_brand","embeddable":true,"href":"https:\/\/global-hookah.com\/de\/wp-json\/wp\/v2\/product_brand?post=31409"},{"taxonomy":"product_cat","embeddable":true,"href":"https:\/\/global-hookah.com\/de\/wp-json\/wp\/v2\/product_cat?post=31409"},{"taxonomy":"product_tag","embeddable":true,"href":"https:\/\/global-hookah.com\/de\/wp-json\/wp\/v2\/product_tag?post=31409"}],"curies":[{"name":"wp","href":"https:\/\/api.w.org\/{rel}","templated":true}]}}