{"id":31425,"date":"2025-01-15T03:59:50","date_gmt":"2025-01-15T03:59:50","guid":{"rendered":"https:\/\/global-hookah.com\/product\/wholesale-58mm-grinder-with-magnetic-closure\/"},"modified":"2025-01-15T07:16:03","modified_gmt":"2025-01-15T07:16:03","slug":"wholesale-58mm-grinder-with-magnetic-closure","status":"publish","type":"product","link":"https:\/\/global-hookah.com\/de\/produkt\/wholesale-58mm-grinder-with-magnetic-closure\/","title":{"rendered":"Gro\u00dfhandel 58mm Grinder mit magnetischem Verschluss"},"content":{"rendered":"<div class=\"product-specs-list-container\">\n<ul class=\"product-specs-list util-clearfix\">\n<li class=\"product-prop line-limit-length\">Unser<strong> 58mm Magnetverschluss-Schleifer<\/strong> ist perfekt f\u00fcr alle Arten von Cannabis-Enthusiasten, einschlie\u00dflich Heimanwender, Outdoor-Enthusiasten und professionelle Tabakl\u00e4den. Unsere Global-Hookah verwendet hervorragende Metallmaterialien und -designs, und diese <strong>Magnetische Verschluss-Schleifmaschine<\/strong> ist auf dem Gro\u00dfhandelsmarkt wettbewerbsf\u00e4hig und ist eine ideale Kaufentscheidung f\u00fcr Einzelh\u00e4ndler und Distributoren.Magnetverschluss: Sie sollten wissen, dass dieser Grinder mit Magnetverschluss tats\u00e4chlich seit mehreren Jahren von unseren Designern gebraut wird. Wir waren noch nie so zufrieden mit einem Grinder. I<strong>4-teilige 58-mm-Schleifmaschine<\/strong> ist nicht nur gut durchdacht, sondern auch mit einem starken Magnetverschluss ausgestattet, um sicherzustellen, dass er w\u00e4hrend des Gebrauchs nicht versehentlich ge\u00f6ffnet wird. Dieses Design verbessert nicht nur die Sicherheit, sondern bewahrt auch effektiv die Frische und das Aroma der Gew\u00fcrze.Effiziente Mahlfunktion<br \/>\nDie <strong>Antihaftbeschichtung <\/strong><a href=\"https:\/\/global-hookah.com\/product\/63mm-herb-grinder-smoke-cigarette-accessories-tobacco-miller-crusher-5-layer-dry-herb-spices-grass-metal-grinders-diamond-rudder\/\">Kr\u00e4uterm\u00fchle<\/a> ist im Inneren mit scharfen Klingen ausgestattet, die verschiedene Gew\u00fcrze, getrocknete Kr\u00e4uter und andere Zutaten m\u00fchelos zerkleinern k\u00f6nnen. Seine feine <a href=\"https:\/\/global-hookah.com\/product\/1pc-creative-5-layer-grinder-with-storage-tank-spice-grinder-grinding-machine-kitchen-grinder-spice-crusher-kitchen-supplies-household-gadgets-holiday-gift-birthday-gift-gift-for-friends\/\">Mit dem Mahleffekt k\u00f6nnen Sie die Grobheit der Gew\u00fcrze einstellen<\/a> je nach Ihren pers\u00f6nlichen Vorlieben, um den Bed\u00fcrfnissen der verschiedenen Gerichte gerecht zu werden. Dies sind zweifelsohne unsere<a href=\"https:\/\/global-hookah.com\/product-category\/wholesale-grinder\/wholesale-grinder-with-kief-catcher\/\"> M\u00fchlen mit dem besten Design<\/a> noch nicht! Diesmal haben wir es geschafft - sie werden dem Hype wirklich gerecht.<\/p>\n<p>Multifunktionales Design: Das interne Sieb kann leicht feines Pulver (Kief) auffangen, so dass der Benutzer jede Zutat voll ausnutzen kann. Dar\u00fcber hinaus erm\u00f6glicht das vierschichtige Design eine effektive Trennung verschiedener Partikel, was die Effizienz der Nutzung verbessert<\/li>\n<\/ul>\n<\/div>\n<div class=\"detailmodule_text-image\"><img decoding=\"async\" class=\"detail-desc-decorate-image\" src=\"https:\/\/ae01.alicdn.com\/kf\/S3dd154b6888d4392aed175623c2caa3fd.jpg\" \/><img decoding=\"async\" class=\"detail-desc-decorate-image\" src=\"https:\/\/ae01.alicdn.com\/kf\/S33685e7479c84b619e3ce3aac0f48cd6q.jpg\" \/><img decoding=\"async\" class=\"detail-desc-decorate-image\" src=\"https:\/\/ae01.alicdn.com\/kf\/S3278a1fa951942c584a20fa8df9012485.jpg\" \/><img decoding=\"async\" class=\"detail-desc-decorate-image\" src=\"https:\/\/ae01.alicdn.com\/kf\/Sf3a5b7f95151439a997cfbe38b84d4eez.jpg\" \/><img decoding=\"async\" class=\"detail-desc-decorate-image\" src=\"https:\/\/ae01.alicdn.com\/kf\/S0294468d74e844ad8384911f32128756k.jpg\" \/><img decoding=\"async\" class=\"detail-desc-decorate-image\" src=\"https:\/\/ae01.alicdn.com\/kf\/S725674eade8441a688a69a213db717105.jpg\" \/><\/div>","protected":false},"excerpt":{"rendered":"<p>Unser 58mm Magnetic Closure Grinder ist perfekt f\u00fcr alle Arten von Cannabis-Enthusiasten, einschlie\u00dflich Heimanwender, Outdoor-Enthusiasten und professionelle<\/p>","protected":false},"featured_media":31426,"comment_status":"closed","ping_status":"closed","template":"","meta":{"iawp_total_views":2,"_joinchat":[]},"product_brand":[],"product_cat":[890],"product_tag":[],"class_list":{"0":"post-31425","1":"product","2":"type-product","3":"status-publish","4":"has-post-thumbnail","6":"product_cat-metal-grinder-wholesale","8":"first","9":"instock","10":"shipping-taxable","11":"product-type-external"},"yoast_head":"<!-- This site is optimized with the Yoast SEO Premium plugin v24.7 (Yoast SEO v26.8) - https:\/\/yoast.com\/product\/yoast-seo-premium-wordpress\/ -->\n<title>Wholesale 58mm Grinder with Magnetic Closure - Global Hookah<\/title>\n<meta name=\"robots\" content=\"index, follow, max-snippet:-1, max-image-preview:large, max-video-preview:-1\" \/>\n<link rel=\"canonical\" href=\"https:\/\/global-hookah.com\/de\/produkt\/wholesale-58mm-grinder-with-magnetic-closure\/\" \/>\n<meta property=\"og:locale\" content=\"de_DE\" \/>\n<meta property=\"og:type\" content=\"article\" \/>\n<meta property=\"og:title\" content=\"Wholesale 58mm Grinder with Magnetic Closure\" \/>\n<meta property=\"og:description\" content=\"Our 58mm Magnetic Closure Grinder is perfect for all types of cannabis enthusiasts, including home users, outdoor enthusiasts and professional\" \/>\n<meta property=\"og:url\" content=\"https:\/\/global-hookah.com\/de\/produkt\/wholesale-58mm-grinder-with-magnetic-closure\/\" \/>\n<meta property=\"og:site_name\" content=\"Global Hookah\" \/>\n<meta property=\"article:modified_time\" content=\"2025-01-15T07:16:03+00:00\" \/>\n<meta property=\"og:image\" content=\"https:\/\/global-hookah.com\/wp-content\/uploads\/2025\/01\/kf-S3dd154b6888d4392aed175623c2caa3fd-58mm-Grinder-with-Magnetic-Closure-and-Kief-Catcher-Rose-Spice-Crusher-Kitchen-Accessories-Gold-Black.webp\" \/>\n\t<meta property=\"og:image:width\" content=\"800\" \/>\n\t<meta property=\"og:image:height\" content=\"800\" \/>\n\t<meta property=\"og:image:type\" content=\"image\/webp\" \/>\n<meta name=\"twitter:card\" content=\"summary_large_image\" \/>\n<meta name=\"twitter:label1\" content=\"Gesch\u00e4tzte Lesezeit\" \/>\n\t<meta name=\"twitter:data1\" content=\"1\u00a0Minute\" \/>\n<script type=\"application\/ld+json\" class=\"yoast-schema-graph\">{\"@context\":\"https:\/\/schema.org\",\"@graph\":[{\"@type\":\"WebPage\",\"@id\":\"https:\/\/global-hookah.com\/product\/wholesale-58mm-grinder-with-magnetic-closure\/\",\"url\":\"https:\/\/global-hookah.com\/product\/wholesale-58mm-grinder-with-magnetic-closure\/\",\"name\":\"Wholesale 58mm Grinder with Magnetic Closure - Global Hookah\",\"isPartOf\":{\"@id\":\"https:\/\/global-hookah.com\/#website\"},\"primaryImageOfPage\":{\"@id\":\"https:\/\/global-hookah.com\/product\/wholesale-58mm-grinder-with-magnetic-closure\/#primaryimage\"},\"image\":{\"@id\":\"https:\/\/global-hookah.com\/product\/wholesale-58mm-grinder-with-magnetic-closure\/#primaryimage\"},\"thumbnailUrl\":\"https:\/\/global-hookah.com\/wp-content\/uploads\/2025\/01\/kf-S3dd154b6888d4392aed175623c2caa3fd-58mm-Grinder-with-Magnetic-Closure-and-Kief-Catcher-Rose-Spice-Crusher-Kitchen-Accessories-Gold-Black.webp\",\"datePublished\":\"2025-01-15T03:59:50+00:00\",\"dateModified\":\"2025-01-15T07:16:03+00:00\",\"breadcrumb\":{\"@id\":\"https:\/\/global-hookah.com\/product\/wholesale-58mm-grinder-with-magnetic-closure\/#breadcrumb\"},\"inLanguage\":\"de\",\"potentialAction\":[{\"@type\":\"ReadAction\",\"target\":[\"https:\/\/global-hookah.com\/product\/wholesale-58mm-grinder-with-magnetic-closure\/\"]}]},{\"@type\":\"ImageObject\",\"inLanguage\":\"de\",\"@id\":\"https:\/\/global-hookah.com\/product\/wholesale-58mm-grinder-with-magnetic-closure\/#primaryimage\",\"url\":\"https:\/\/global-hookah.com\/wp-content\/uploads\/2025\/01\/kf-S3dd154b6888d4392aed175623c2caa3fd-58mm-Grinder-with-Magnetic-Closure-and-Kief-Catcher-Rose-Spice-Crusher-Kitchen-Accessories-Gold-Black.webp\",\"contentUrl\":\"https:\/\/global-hookah.com\/wp-content\/uploads\/2025\/01\/kf-S3dd154b6888d4392aed175623c2caa3fd-58mm-Grinder-with-Magnetic-Closure-and-Kief-Catcher-Rose-Spice-Crusher-Kitchen-Accessories-Gold-Black.webp\",\"width\":800,\"height\":800,\"caption\":\"Wholesale 58mm Grinder with Magnetic Closure\"},{\"@type\":\"BreadcrumbList\",\"@id\":\"https:\/\/global-hookah.com\/product\/wholesale-58mm-grinder-with-magnetic-closure\/#breadcrumb\",\"itemListElement\":[{\"@type\":\"ListItem\",\"position\":1,\"name\":\"Home\",\"item\":\"https:\/\/global-hookah.com\/\"},{\"@type\":\"ListItem\",\"position\":2,\"name\":\"Shop\",\"item\":\"https:\/\/global-hookah.com\/shop\/\"},{\"@type\":\"ListItem\",\"position\":3,\"name\":\"Wholesale 58mm Grinder with Magnetic Closure\"}]},{\"@type\":\"WebSite\",\"@id\":\"https:\/\/global-hookah.com\/#website\",\"url\":\"https:\/\/global-hookah.com\/\",\"name\":\"Global Hookah\",\"description\":\"Global Hookah\",\"publisher\":{\"@id\":\"https:\/\/global-hookah.com\/#organization\"},\"potentialAction\":[{\"@type\":\"SearchAction\",\"target\":{\"@type\":\"EntryPoint\",\"urlTemplate\":\"https:\/\/global-hookah.com\/?s={search_term_string}\"},\"query-input\":{\"@type\":\"PropertyValueSpecification\",\"valueRequired\":true,\"valueName\":\"search_term_string\"}}],\"inLanguage\":\"de\"},{\"@type\":\"Organization\",\"@id\":\"https:\/\/global-hookah.com\/#organization\",\"name\":\"Global Hookah\",\"url\":\"https:\/\/global-hookah.com\/\",\"logo\":{\"@type\":\"ImageObject\",\"inLanguage\":\"de\",\"@id\":\"https:\/\/global-hookah.com\/#\/schema\/logo\/image\/\",\"url\":\"https:\/\/global-hookah.com\/wp-content\/uploads\/2021\/10\/cropped-fgg.png\",\"contentUrl\":\"https:\/\/global-hookah.com\/wp-content\/uploads\/2021\/10\/cropped-fgg.png\",\"width\":512,\"height\":512,\"caption\":\"Global Hookah\"},\"image\":{\"@id\":\"https:\/\/global-hookah.com\/#\/schema\/logo\/image\/\"}}]}<\/script>\n<!-- \/ Yoast SEO Premium plugin. -->","yoast_head_json":{"title":"Gro\u00dfhandel 58mm Grinder mit magnetischem Verschluss - Global Hookah","robots":{"index":"index","follow":"follow","max-snippet":"max-snippet:-1","max-image-preview":"max-image-preview:large","max-video-preview":"max-video-preview:-1"},"canonical":"https:\/\/global-hookah.com\/de\/produkt\/wholesale-58mm-grinder-with-magnetic-closure\/","og_locale":"de_DE","og_type":"article","og_title":"Wholesale 58mm Grinder with Magnetic Closure","og_description":"Our 58mm Magnetic Closure Grinder is perfect for all types of cannabis enthusiasts, including home users, outdoor enthusiasts and professional","og_url":"https:\/\/global-hookah.com\/de\/produkt\/wholesale-58mm-grinder-with-magnetic-closure\/","og_site_name":"Global Hookah","article_modified_time":"2025-01-15T07:16:03+00:00","og_image":[{"width":800,"height":800,"url":"https:\/\/global-hookah.com\/wp-content\/uploads\/2025\/01\/kf-S3dd154b6888d4392aed175623c2caa3fd-58mm-Grinder-with-Magnetic-Closure-and-Kief-Catcher-Rose-Spice-Crusher-Kitchen-Accessories-Gold-Black.webp","type":"image\/webp"}],"twitter_card":"summary_large_image","twitter_misc":{"Gesch\u00e4tzte Lesezeit":"1\u00a0Minute"},"schema":{"@context":"https:\/\/schema.org","@graph":[{"@type":"WebPage","@id":"https:\/\/global-hookah.com\/product\/wholesale-58mm-grinder-with-magnetic-closure\/","url":"https:\/\/global-hookah.com\/product\/wholesale-58mm-grinder-with-magnetic-closure\/","name":"Gro\u00dfhandel 58mm Grinder mit magnetischem Verschluss - Global Hookah","isPartOf":{"@id":"https:\/\/global-hookah.com\/#website"},"primaryImageOfPage":{"@id":"https:\/\/global-hookah.com\/product\/wholesale-58mm-grinder-with-magnetic-closure\/#primaryimage"},"image":{"@id":"https:\/\/global-hookah.com\/product\/wholesale-58mm-grinder-with-magnetic-closure\/#primaryimage"},"thumbnailUrl":"https:\/\/global-hookah.com\/wp-content\/uploads\/2025\/01\/kf-S3dd154b6888d4392aed175623c2caa3fd-58mm-Grinder-with-Magnetic-Closure-and-Kief-Catcher-Rose-Spice-Crusher-Kitchen-Accessories-Gold-Black.webp","datePublished":"2025-01-15T03:59:50+00:00","dateModified":"2025-01-15T07:16:03+00:00","breadcrumb":{"@id":"https:\/\/global-hookah.com\/product\/wholesale-58mm-grinder-with-magnetic-closure\/#breadcrumb"},"inLanguage":"de","potentialAction":[{"@type":"ReadAction","target":["https:\/\/global-hookah.com\/product\/wholesale-58mm-grinder-with-magnetic-closure\/"]}]},{"@type":"ImageObject","inLanguage":"de","@id":"https:\/\/global-hookah.com\/product\/wholesale-58mm-grinder-with-magnetic-closure\/#primaryimage","url":"https:\/\/global-hookah.com\/wp-content\/uploads\/2025\/01\/kf-S3dd154b6888d4392aed175623c2caa3fd-58mm-Grinder-with-Magnetic-Closure-and-Kief-Catcher-Rose-Spice-Crusher-Kitchen-Accessories-Gold-Black.webp","contentUrl":"https:\/\/global-hookah.com\/wp-content\/uploads\/2025\/01\/kf-S3dd154b6888d4392aed175623c2caa3fd-58mm-Grinder-with-Magnetic-Closure-and-Kief-Catcher-Rose-Spice-Crusher-Kitchen-Accessories-Gold-Black.webp","width":800,"height":800,"caption":"Wholesale 58mm Grinder with Magnetic Closure"},{"@type":"BreadcrumbList","@id":"https:\/\/global-hookah.com\/product\/wholesale-58mm-grinder-with-magnetic-closure\/#breadcrumb","itemListElement":[{"@type":"ListItem","position":1,"name":"Home","item":"https:\/\/global-hookah.com\/"},{"@type":"ListItem","position":2,"name":"Shop","item":"https:\/\/global-hookah.com\/shop\/"},{"@type":"ListItem","position":3,"name":"Wholesale 58mm Grinder with Magnetic Closure"}]},{"@type":"WebSite","@id":"https:\/\/global-hookah.com\/#website","url":"https:\/\/global-hookah.com\/","name":"Globale Wasserpfeife","description":"Globale Wasserpfeife","publisher":{"@id":"https:\/\/global-hookah.com\/#organization"},"potentialAction":[{"@type":"SearchAction","target":{"@type":"EntryPoint","urlTemplate":"https:\/\/global-hookah.com\/?s={search_term_string}"},"query-input":{"@type":"PropertyValueSpecification","valueRequired":true,"valueName":"search_term_string"}}],"inLanguage":"de"},{"@type":"Organization","@id":"https:\/\/global-hookah.com\/#organization","name":"Globale Wasserpfeife","url":"https:\/\/global-hookah.com\/","logo":{"@type":"ImageObject","inLanguage":"de","@id":"https:\/\/global-hookah.com\/#\/schema\/logo\/image\/","url":"https:\/\/global-hookah.com\/wp-content\/uploads\/2021\/10\/cropped-fgg.png","contentUrl":"https:\/\/global-hookah.com\/wp-content\/uploads\/2021\/10\/cropped-fgg.png","width":512,"height":512,"caption":"Global Hookah"},"image":{"@id":"https:\/\/global-hookah.com\/#\/schema\/logo\/image\/"}}]}},"_links":{"self":[{"href":"https:\/\/global-hookah.com\/de\/wp-json\/wp\/v2\/product\/31425","targetHints":{"allow":["GET"]}}],"collection":[{"href":"https:\/\/global-hookah.com\/de\/wp-json\/wp\/v2\/product"}],"about":[{"href":"https:\/\/global-hookah.com\/de\/wp-json\/wp\/v2\/types\/product"}],"replies":[{"embeddable":true,"href":"https:\/\/global-hookah.com\/de\/wp-json\/wp\/v2\/comments?post=31425"}],"version-history":[{"count":0,"href":"https:\/\/global-hookah.com\/de\/wp-json\/wp\/v2\/product\/31425\/revisions"}],"wp:featuredmedia":[{"embeddable":true,"href":"https:\/\/global-hookah.com\/de\/wp-json\/wp\/v2\/media\/31426"}],"wp:attachment":[{"href":"https:\/\/global-hookah.com\/de\/wp-json\/wp\/v2\/media?parent=31425"}],"wp:term":[{"taxonomy":"product_brand","embeddable":true,"href":"https:\/\/global-hookah.com\/de\/wp-json\/wp\/v2\/product_brand?post=31425"},{"taxonomy":"product_cat","embeddable":true,"href":"https:\/\/global-hookah.com\/de\/wp-json\/wp\/v2\/product_cat?post=31425"},{"taxonomy":"product_tag","embeddable":true,"href":"https:\/\/global-hookah.com\/de\/wp-json\/wp\/v2\/product_tag?post=31425"}],"curies":[{"name":"wp","href":"https:\/\/api.w.org\/{rel}","templated":true}]}}