{"id":31502,"date":"2025-01-21T01:13:53","date_gmt":"2025-01-21T01:13:53","guid":{"rendered":"https:\/\/global-hookah.com\/?post_type=product&#038;p=31502"},"modified":"2025-01-22T00:55:18","modified_gmt":"2025-01-22T00:55:18","slug":"goat-gas-mask-bong-with-acrylic-tube-wholesale","status":"publish","type":"product","link":"https:\/\/global-hookah.com\/de\/produkt\/goat-gas-mask-bong-with-acrylic-tube-wholesale\/","title":{"rendered":"Ziege Gasmaske Bong mit Acrylrohr Gro\u00dfhandel"},"content":{"rendered":"<p>Durch das klassische Design der<strong> Ziege Gasmaske Bong<\/strong>k\u00f6nnen die Benutzer den gesamten Rauch inhalieren, was zu einer intensiveren Wirkung im Vergleich zu herk\u00f6mmlichen Bongs f\u00fchrt. Allerdings ist diese Eigenschaft nicht unbedingt anf\u00e4ngerfreundlich. Wenn Sie also neu im Rauchen sind, empfehle ich Ihnen, mit einer <a href=\"https:\/\/global-hookah.com\/product-category\/bong-wholesale\/wholesale-glass-bong\/\">traditionelle Bong<\/a>.<\/p>\n<p>Die <strong>Ziege Gasmaske Bong<\/strong> die von den Designern auf unserer Global-Hookah-Website entworfen wurde, wird von vielen Nutzern auch als lustige Requisite angesehen. Das Beste daran ist, dass Sie bei Partys und anderen Anl\u00e4ssen schnell im Mittelpunkt stehen werden, wenn Sie sie benutzen. Sie k\u00f6nnen sich sogar den Rauch in der Umgebung vorstellen, und Ihre Freunde um Sie herum k\u00f6nnen es auf Facebook teilen, indem sie Videos oder Fotos machen.<\/p>\n<p>Die immersive Erfahrung, die das<a href=\"https:\/\/global-hookah.com\/product-category\/bong-wholesale\/gas-mask-bong-wholesale\/\"><strong> Gasmaske Bong<\/strong><\/a> ist bemerkenswert: Dichter Rauch umh\u00fcllt den Benutzer und schafft ein einzigartiges Gef\u00fchl, ganz in den Moment einzutauchen.<\/p>\n<p>Einzigartiges Design: Mit einer Ziegenmaske Form, f\u00fcgt es Spa\u00df und Pers\u00f6nlichkeit, so dass jede Rauchsitzung angenehm.<\/p>\n<p>Hochwertige Materialien: Hergestellt aus strapazierf\u00e4higem Acryl und Silikon, gew\u00e4hrleisten diese Materialien Langlebigkeit und Benutzerfreundlichkeit. Das Acrylrohr hilft, den Rauch zu k\u00fchlen und gleichzeitig die Luftdichtigkeit w\u00e4hrend des Tragens zu gew\u00e4hrleisten.<\/p>\n<p>Verstellbarer Kopfriemen: Der verstellbare Kopfriemen sorgt f\u00fcr eine bequeme Passform f\u00fcr verschiedene Kopfgr\u00f6\u00dfen und bietet eine hervorragende Abdichtung, um das Austreten von Rauch zu verhindern.<\/p>\n<p>Wasser-Filtrations-System: Das eingebaute Wasserpfeifendesign filtert den Rauch durch Wasser und sorgt so f\u00fcr ein sanfteres und frischeres Raucherlebnis und reduziert gleichzeitig die Reizung des Rachens.<\/p>","protected":false},"excerpt":{"rendered":"<p>Dank des klassischen Designs der Goat Gas Mask Bong kann der Benutzer den gesamten Rauch inhalieren, was zu einem<\/p>","protected":false},"featured_media":31503,"comment_status":"closed","ping_status":"closed","template":"","meta":{"iawp_total_views":11,"_joinchat":[]},"product_brand":[],"product_cat":[249,204],"product_tag":[],"class_list":{"0":"post-31502","1":"product","2":"type-product","3":"status-publish","4":"has-post-thumbnail","6":"product_cat-bong-wholesale","7":"product_cat-gas-mask-bong-wholesale","9":"first","10":"instock","11":"shipping-taxable","12":"product-type-external"},"yoast_head":"<!-- This site is optimized with the Yoast SEO Premium plugin v24.7 (Yoast SEO v26.8) - https:\/\/yoast.com\/product\/yoast-seo-premium-wordpress\/ -->\n<title>Goat Gas Mask Bong with Acrylic Tube Wholesale - Global Hookah<\/title>\n<meta name=\"robots\" content=\"index, follow, max-snippet:-1, max-image-preview:large, max-video-preview:-1\" \/>\n<link rel=\"canonical\" href=\"https:\/\/global-hookah.com\/de\/produkt\/goat-gas-mask-bong-with-acrylic-tube-wholesale\/\" \/>\n<meta property=\"og:locale\" content=\"de_DE\" \/>\n<meta property=\"og:type\" content=\"article\" \/>\n<meta property=\"og:title\" content=\"Goat Gas Mask Bong with Acrylic Tube Wholesale\" \/>\n<meta property=\"og:description\" content=\"Due to the classic design of the Goat Gas Mask Bong, users can inhale all the smoke, resulting in a\" \/>\n<meta property=\"og:url\" content=\"https:\/\/global-hookah.com\/de\/produkt\/goat-gas-mask-bong-with-acrylic-tube-wholesale\/\" \/>\n<meta property=\"og:site_name\" content=\"Global Hookah\" \/>\n<meta property=\"article:modified_time\" content=\"2025-01-22T00:55:18+00:00\" \/>\n<meta property=\"og:image\" content=\"https:\/\/global-hookah.com\/wp-content\/uploads\/2025\/01\/f196899c-8b62-4ff7-802d-bd35875241a7.webp\" \/>\n\t<meta property=\"og:image:width\" content=\"1000\" \/>\n\t<meta property=\"og:image:height\" content=\"1000\" \/>\n\t<meta property=\"og:image:type\" content=\"image\/webp\" \/>\n<meta name=\"twitter:card\" content=\"summary_large_image\" \/>\n<meta name=\"twitter:label1\" content=\"Gesch\u00e4tzte Lesezeit\" \/>\n\t<meta name=\"twitter:data1\" content=\"1\u00a0Minute\" \/>\n<script type=\"application\/ld+json\" class=\"yoast-schema-graph\">{\"@context\":\"https:\/\/schema.org\",\"@graph\":[{\"@type\":\"WebPage\",\"@id\":\"https:\/\/global-hookah.com\/product\/goat-gas-mask-bong-with-acrylic-tube-wholesale\/\",\"url\":\"https:\/\/global-hookah.com\/product\/goat-gas-mask-bong-with-acrylic-tube-wholesale\/\",\"name\":\"Goat Gas Mask Bong with Acrylic Tube Wholesale - Global Hookah\",\"isPartOf\":{\"@id\":\"https:\/\/global-hookah.com\/#website\"},\"primaryImageOfPage\":{\"@id\":\"https:\/\/global-hookah.com\/product\/goat-gas-mask-bong-with-acrylic-tube-wholesale\/#primaryimage\"},\"image\":{\"@id\":\"https:\/\/global-hookah.com\/product\/goat-gas-mask-bong-with-acrylic-tube-wholesale\/#primaryimage\"},\"thumbnailUrl\":\"https:\/\/global-hookah.com\/wp-content\/uploads\/2025\/01\/f196899c-8b62-4ff7-802d-bd35875241a7.webp\",\"datePublished\":\"2025-01-21T01:13:53+00:00\",\"dateModified\":\"2025-01-22T00:55:18+00:00\",\"breadcrumb\":{\"@id\":\"https:\/\/global-hookah.com\/product\/goat-gas-mask-bong-with-acrylic-tube-wholesale\/#breadcrumb\"},\"inLanguage\":\"de\",\"potentialAction\":[{\"@type\":\"ReadAction\",\"target\":[\"https:\/\/global-hookah.com\/product\/goat-gas-mask-bong-with-acrylic-tube-wholesale\/\"]}]},{\"@type\":\"ImageObject\",\"inLanguage\":\"de\",\"@id\":\"https:\/\/global-hookah.com\/product\/goat-gas-mask-bong-with-acrylic-tube-wholesale\/#primaryimage\",\"url\":\"https:\/\/global-hookah.com\/wp-content\/uploads\/2025\/01\/f196899c-8b62-4ff7-802d-bd35875241a7.webp\",\"contentUrl\":\"https:\/\/global-hookah.com\/wp-content\/uploads\/2025\/01\/f196899c-8b62-4ff7-802d-bd35875241a7.webp\",\"width\":1000,\"height\":1000,\"caption\":\"Goat Gas Mask Bong with Acrylic Tube Wholesale\"},{\"@type\":\"BreadcrumbList\",\"@id\":\"https:\/\/global-hookah.com\/product\/goat-gas-mask-bong-with-acrylic-tube-wholesale\/#breadcrumb\",\"itemListElement\":[{\"@type\":\"ListItem\",\"position\":1,\"name\":\"Home\",\"item\":\"https:\/\/global-hookah.com\/\"},{\"@type\":\"ListItem\",\"position\":2,\"name\":\"Shop\",\"item\":\"https:\/\/global-hookah.com\/shop\/\"},{\"@type\":\"ListItem\",\"position\":3,\"name\":\"Goat Gas Mask Bong with Acrylic Tube Wholesale\"}]},{\"@type\":\"WebSite\",\"@id\":\"https:\/\/global-hookah.com\/#website\",\"url\":\"https:\/\/global-hookah.com\/\",\"name\":\"Global Hookah\",\"description\":\"Global Hookah\",\"publisher\":{\"@id\":\"https:\/\/global-hookah.com\/#organization\"},\"potentialAction\":[{\"@type\":\"SearchAction\",\"target\":{\"@type\":\"EntryPoint\",\"urlTemplate\":\"https:\/\/global-hookah.com\/?s={search_term_string}\"},\"query-input\":{\"@type\":\"PropertyValueSpecification\",\"valueRequired\":true,\"valueName\":\"search_term_string\"}}],\"inLanguage\":\"de\"},{\"@type\":\"Organization\",\"@id\":\"https:\/\/global-hookah.com\/#organization\",\"name\":\"Global Hookah\",\"url\":\"https:\/\/global-hookah.com\/\",\"logo\":{\"@type\":\"ImageObject\",\"inLanguage\":\"de\",\"@id\":\"https:\/\/global-hookah.com\/#\/schema\/logo\/image\/\",\"url\":\"https:\/\/global-hookah.com\/wp-content\/uploads\/2021\/10\/cropped-fgg.png\",\"contentUrl\":\"https:\/\/global-hookah.com\/wp-content\/uploads\/2021\/10\/cropped-fgg.png\",\"width\":512,\"height\":512,\"caption\":\"Global Hookah\"},\"image\":{\"@id\":\"https:\/\/global-hookah.com\/#\/schema\/logo\/image\/\"}}]}<\/script>\n<!-- \/ Yoast SEO Premium plugin. -->","yoast_head_json":{"title":"Ziege Gasmaske Bong mit Acrylrohr Gro\u00dfhandel - Global Hookah","robots":{"index":"index","follow":"follow","max-snippet":"max-snippet:-1","max-image-preview":"max-image-preview:large","max-video-preview":"max-video-preview:-1"},"canonical":"https:\/\/global-hookah.com\/de\/produkt\/goat-gas-mask-bong-with-acrylic-tube-wholesale\/","og_locale":"de_DE","og_type":"article","og_title":"Goat Gas Mask Bong with Acrylic Tube Wholesale","og_description":"Due to the classic design of the Goat Gas Mask Bong, users can inhale all the smoke, resulting in a","og_url":"https:\/\/global-hookah.com\/de\/produkt\/goat-gas-mask-bong-with-acrylic-tube-wholesale\/","og_site_name":"Global Hookah","article_modified_time":"2025-01-22T00:55:18+00:00","og_image":[{"width":1000,"height":1000,"url":"https:\/\/global-hookah.com\/wp-content\/uploads\/2025\/01\/f196899c-8b62-4ff7-802d-bd35875241a7.webp","type":"image\/webp"}],"twitter_card":"summary_large_image","twitter_misc":{"Gesch\u00e4tzte Lesezeit":"1\u00a0Minute"},"schema":{"@context":"https:\/\/schema.org","@graph":[{"@type":"WebPage","@id":"https:\/\/global-hookah.com\/product\/goat-gas-mask-bong-with-acrylic-tube-wholesale\/","url":"https:\/\/global-hookah.com\/product\/goat-gas-mask-bong-with-acrylic-tube-wholesale\/","name":"Ziege Gasmaske Bong mit Acrylrohr Gro\u00dfhandel - Global Hookah","isPartOf":{"@id":"https:\/\/global-hookah.com\/#website"},"primaryImageOfPage":{"@id":"https:\/\/global-hookah.com\/product\/goat-gas-mask-bong-with-acrylic-tube-wholesale\/#primaryimage"},"image":{"@id":"https:\/\/global-hookah.com\/product\/goat-gas-mask-bong-with-acrylic-tube-wholesale\/#primaryimage"},"thumbnailUrl":"https:\/\/global-hookah.com\/wp-content\/uploads\/2025\/01\/f196899c-8b62-4ff7-802d-bd35875241a7.webp","datePublished":"2025-01-21T01:13:53+00:00","dateModified":"2025-01-22T00:55:18+00:00","breadcrumb":{"@id":"https:\/\/global-hookah.com\/product\/goat-gas-mask-bong-with-acrylic-tube-wholesale\/#breadcrumb"},"inLanguage":"de","potentialAction":[{"@type":"ReadAction","target":["https:\/\/global-hookah.com\/product\/goat-gas-mask-bong-with-acrylic-tube-wholesale\/"]}]},{"@type":"ImageObject","inLanguage":"de","@id":"https:\/\/global-hookah.com\/product\/goat-gas-mask-bong-with-acrylic-tube-wholesale\/#primaryimage","url":"https:\/\/global-hookah.com\/wp-content\/uploads\/2025\/01\/f196899c-8b62-4ff7-802d-bd35875241a7.webp","contentUrl":"https:\/\/global-hookah.com\/wp-content\/uploads\/2025\/01\/f196899c-8b62-4ff7-802d-bd35875241a7.webp","width":1000,"height":1000,"caption":"Goat Gas Mask Bong with Acrylic Tube Wholesale"},{"@type":"BreadcrumbList","@id":"https:\/\/global-hookah.com\/product\/goat-gas-mask-bong-with-acrylic-tube-wholesale\/#breadcrumb","itemListElement":[{"@type":"ListItem","position":1,"name":"Home","item":"https:\/\/global-hookah.com\/"},{"@type":"ListItem","position":2,"name":"Shop","item":"https:\/\/global-hookah.com\/shop\/"},{"@type":"ListItem","position":3,"name":"Goat Gas Mask Bong with Acrylic Tube Wholesale"}]},{"@type":"WebSite","@id":"https:\/\/global-hookah.com\/#website","url":"https:\/\/global-hookah.com\/","name":"Globale Wasserpfeife","description":"Globale Wasserpfeife","publisher":{"@id":"https:\/\/global-hookah.com\/#organization"},"potentialAction":[{"@type":"SearchAction","target":{"@type":"EntryPoint","urlTemplate":"https:\/\/global-hookah.com\/?s={search_term_string}"},"query-input":{"@type":"PropertyValueSpecification","valueRequired":true,"valueName":"search_term_string"}}],"inLanguage":"de"},{"@type":"Organization","@id":"https:\/\/global-hookah.com\/#organization","name":"Globale Wasserpfeife","url":"https:\/\/global-hookah.com\/","logo":{"@type":"ImageObject","inLanguage":"de","@id":"https:\/\/global-hookah.com\/#\/schema\/logo\/image\/","url":"https:\/\/global-hookah.com\/wp-content\/uploads\/2021\/10\/cropped-fgg.png","contentUrl":"https:\/\/global-hookah.com\/wp-content\/uploads\/2021\/10\/cropped-fgg.png","width":512,"height":512,"caption":"Global Hookah"},"image":{"@id":"https:\/\/global-hookah.com\/#\/schema\/logo\/image\/"}}]}},"_links":{"self":[{"href":"https:\/\/global-hookah.com\/de\/wp-json\/wp\/v2\/product\/31502","targetHints":{"allow":["GET"]}}],"collection":[{"href":"https:\/\/global-hookah.com\/de\/wp-json\/wp\/v2\/product"}],"about":[{"href":"https:\/\/global-hookah.com\/de\/wp-json\/wp\/v2\/types\/product"}],"replies":[{"embeddable":true,"href":"https:\/\/global-hookah.com\/de\/wp-json\/wp\/v2\/comments?post=31502"}],"version-history":[{"count":0,"href":"https:\/\/global-hookah.com\/de\/wp-json\/wp\/v2\/product\/31502\/revisions"}],"wp:featuredmedia":[{"embeddable":true,"href":"https:\/\/global-hookah.com\/de\/wp-json\/wp\/v2\/media\/31503"}],"wp:attachment":[{"href":"https:\/\/global-hookah.com\/de\/wp-json\/wp\/v2\/media?parent=31502"}],"wp:term":[{"taxonomy":"product_brand","embeddable":true,"href":"https:\/\/global-hookah.com\/de\/wp-json\/wp\/v2\/product_brand?post=31502"},{"taxonomy":"product_cat","embeddable":true,"href":"https:\/\/global-hookah.com\/de\/wp-json\/wp\/v2\/product_cat?post=31502"},{"taxonomy":"product_tag","embeddable":true,"href":"https:\/\/global-hookah.com\/de\/wp-json\/wp\/v2\/product_tag?post=31502"}],"curies":[{"name":"wp","href":"https:\/\/api.w.org\/{rel}","templated":true}]}}