{"id":31594,"date":"2025-02-12T05:48:41","date_gmt":"2025-02-12T05:48:41","guid":{"rendered":"https:\/\/global-hookah.com\/product\/new-2-in-1-wine-barrel-marijuana-grinder-wholesale\/"},"modified":"2025-02-12T08:22:17","modified_gmt":"2025-02-12T08:22:17","slug":"new-2-in-1-wine-barrel-marijuana-grinder-wholesale","status":"publish","type":"product","link":"https:\/\/global-hookah.com\/de\/produkt\/new-2-in-1-wine-barrel-marijuana-grinder-wholesale\/","title":{"rendered":"Neue 2 in 1 Weinfass Marihuana Grinder Gro\u00dfhandel"},"content":{"rendered":"<div class=\"product-specs-list-container\"><\/div>\n<div class=\"detailmodule_html\">\n<div class=\"detail-desc-decorate-richtext\">\n<div>Diese <strong>2 in 1 Weinfass Marihuana Grinder<\/strong> besitzt ein einzigartiges Weinfassdesign mit einem exquisiten und eleganten Aussehen. Mit einem Durchmesser von ca. 45 mm und einer H\u00f6he von 80 mm ist es kompakt und tragbar. Die \u00e4u\u00dfere H\u00fclle besteht aus hochwertigem Kunststoff, der einen unverwechselbaren Metalleffekt mit einer au\u00dfergew\u00f6hnlichen Textur aufweist. Die Ober- und Unterseite sind mit starken Magneten verschlossen, die eine sichere Aufbewahrung des Inhalts gew\u00e4hrleisten. Diese <strong>2-in-1-Schleifer in Form eines Weinfasses<\/strong> ist nicht nur f\u00fcr Cannabis geeignet, sondern kann auch zum Mahlen verschiedener getrockneter Blumen und Kr\u00e4uter verwendet werden.<\/div>\n<div><\/div>\n<div>Doppelte Funktionalit\u00e4t:<\/p>\n<ul class=\"marker:text-textOff list-disc\">\n<li>Der obere Teil dient als Mahlkammer, ausgestattet mit scharfen Mahlz\u00e4hnen zum effizienten Mahlen von getrockneten Kr\u00e4utern<\/li>\n<li>Der untere Teil dient als Lagerbeh\u00e4lter f\u00fcr Rohstoffe oder gemahlene Produkte<\/li>\n<\/ul>\n<p><span style=\"font-size: 16px;\">In dem eingebauten Vorratsbeh\u00e4lter k\u00f6nnen verschiedene getrocknete Blumen oder gemahlene Produkte aufbewahrt werden, um ihre Frische zu erhalten.<\/span><\/div>\n<div><\/div>\n<div><span style=\"font-size: 16px;\">Informationen zum Produkt<br \/>\n\u2606 Gewicht\/H\u00f6he: 33,2g<br \/>\n\u2606 Durchmesser: 45 mm<br \/>\n\u2606 H\u00f6he: 80 mm<br \/>\n\u2606 Material\/Werkstoff: Kunststoff<\/span><\/div>\n<p style=\"text-align: left; margin: 0px;\" align=\"left\"><img decoding=\"async\" src=\"https:\/\/ae01.alicdn.com\/kf\/Sba679eaed10a478e9fe0e75fe60bc5661.jpg?width=800&amp;height=5730&amp;hash=6530\" \/><\/p>\n<p>Warme Aufforderung:<br \/>\n1. unterst\u00fctzen f\u00fcr Gro\u00dfhandel, Dropshipping, Logo anpassen, OEM!<br \/>\n2.+Folgen Sie dem Gesch\u00e4ft und erhalten Sie Rabatte oder Gutscheine.<br \/>\n3.about Farbe: Ein Teil der Produkte sind zuf\u00e4llige Farbe geschickt, um schnelle Versandgeschwindigkeit zu halten (wenn Sie wollen, welche Farbe, lassen Sie bitte Hinweis oder Nachricht).<br \/>\n4. \u00fcber Stecker: Egal, welches Land Sie sind aus, wir alle senden Sie Standard-Konvertierung Stecker passt Ihr nationales.Shipping:<br \/>\n1. wir garantieren, dass wir die Ware innerhalb von 24 Stunden nach Zahlungsbest\u00e4tigung versenden, au\u00dfer an Feiertagen.<br \/>\n2. wir versenden durch AliExpress Standard Versand, DHL, Fedex, haupts\u00e4chlich entsprechend der Versandmethode Ihrer Wahl.<br \/>\n3. wir haben reiche Erfahrung im Versand, Sie werden keine Probleme mit dem Zoll haben, bitte 100% Garantie glauben Sie uns.<br \/>\n4. wenn Sie den Artikel nach 15-45 Tagen nicht erhalten haben, kontaktieren Sie uns bitte, wir werden alles tun, um das Problem zu l\u00f6sen.<br \/>\nR\u00fcckgabe &amp; R\u00fcckerstattung:<br \/>\nWenn irgendeine Frage \u00fcber Einzelteile, nehmen Sie bitte Fotos oder Videos, kontaktieren Sie uns, um erneut zu senden, R\u00fcckkehr oder R\u00fcckerstattung, brauchen Sie nicht \u00f6ffnen den Streit oder \u00dcberpr\u00fcfung.<br \/>\nGarantie:<br \/>\n100% Original und Qualit\u00e4tsgarantie! Alle Artikel haben 1-3 Jahre Garantie.<\/p>\n<\/div>\n<\/div>","protected":false},"excerpt":{"rendered":"<p>Diese 2-in-1-Weinfass-Marihuana-M\u00fchle hat ein einzigartiges Weinfass-Design mit einem exquisiten und eleganten Aussehen.<\/p>","protected":false},"featured_media":31595,"comment_status":"closed","ping_status":"closed","template":"","meta":{"iawp_total_views":1,"_joinchat":[]},"product_brand":[],"product_cat":[894],"product_tag":[],"class_list":{"0":"post-31594","1":"product","2":"type-product","3":"status-publish","4":"has-post-thumbnail","6":"product_cat-4-piece-grinder-wholesale","8":"first","9":"instock","10":"shipping-taxable","11":"purchasable","12":"product-type-variable"},"yoast_head":"<!-- This site is optimized with the Yoast SEO Premium plugin v24.7 (Yoast SEO v26.8) - https:\/\/yoast.com\/product\/yoast-seo-premium-wordpress\/ -->\n<title>New 2 In 1 Wine Barrel Marijuana Grinder Wholesale - Global Hookah<\/title>\n<meta name=\"robots\" content=\"index, follow, max-snippet:-1, max-image-preview:large, max-video-preview:-1\" \/>\n<link rel=\"canonical\" href=\"https:\/\/global-hookah.com\/de\/produkt\/new-2-in-1-wine-barrel-marijuana-grinder-wholesale\/\" \/>\n<meta property=\"og:locale\" content=\"de_DE\" \/>\n<meta property=\"og:type\" content=\"article\" \/>\n<meta property=\"og:title\" content=\"New 2 In 1 Wine Barrel Marijuana Grinder Wholesale\" \/>\n<meta property=\"og:description\" content=\"This 2 In 1 Wine Barrel Marijuana Grinder features a unique wine barrel design, with an exquisite and elegant appearance.\" \/>\n<meta property=\"og:url\" content=\"https:\/\/global-hookah.com\/de\/produkt\/new-2-in-1-wine-barrel-marijuana-grinder-wholesale\/\" \/>\n<meta property=\"og:site_name\" content=\"Global Hookah\" \/>\n<meta property=\"article:modified_time\" content=\"2025-02-12T08:22:17+00:00\" \/>\n<meta property=\"og:image\" content=\"https:\/\/global-hookah.com\/wp-content\/uploads\/2025\/02\/kf-S03e3fc290c5341e688cee26606f79c95D-New-2-In-1-Wine-Barrel-Shaped-Tobacco-Grinder-with-Herb-Storage-Jar-Portable-45-80mm.webp\" \/>\n\t<meta property=\"og:image:width\" content=\"800\" \/>\n\t<meta property=\"og:image:height\" content=\"800\" \/>\n\t<meta property=\"og:image:type\" content=\"image\/webp\" \/>\n<meta name=\"twitter:card\" content=\"summary_large_image\" \/>\n<meta name=\"twitter:label1\" content=\"Gesch\u00e4tzte Lesezeit\" \/>\n\t<meta name=\"twitter:data1\" content=\"2\u00a0Minuten\" \/>\n<script type=\"application\/ld+json\" class=\"yoast-schema-graph\">{\"@context\":\"https:\/\/schema.org\",\"@graph\":[{\"@type\":\"WebPage\",\"@id\":\"https:\/\/global-hookah.com\/product\/new-2-in-1-wine-barrel-marijuana-grinder-wholesale\/\",\"url\":\"https:\/\/global-hookah.com\/product\/new-2-in-1-wine-barrel-marijuana-grinder-wholesale\/\",\"name\":\"New 2 In 1 Wine Barrel Marijuana Grinder Wholesale - Global Hookah\",\"isPartOf\":{\"@id\":\"https:\/\/global-hookah.com\/#website\"},\"primaryImageOfPage\":{\"@id\":\"https:\/\/global-hookah.com\/product\/new-2-in-1-wine-barrel-marijuana-grinder-wholesale\/#primaryimage\"},\"image\":{\"@id\":\"https:\/\/global-hookah.com\/product\/new-2-in-1-wine-barrel-marijuana-grinder-wholesale\/#primaryimage\"},\"thumbnailUrl\":\"https:\/\/global-hookah.com\/wp-content\/uploads\/2025\/02\/kf-S03e3fc290c5341e688cee26606f79c95D-New-2-In-1-Wine-Barrel-Shaped-Tobacco-Grinder-with-Herb-Storage-Jar-Portable-45-80mm.webp\",\"datePublished\":\"2025-02-12T05:48:41+00:00\",\"dateModified\":\"2025-02-12T08:22:17+00:00\",\"breadcrumb\":{\"@id\":\"https:\/\/global-hookah.com\/product\/new-2-in-1-wine-barrel-marijuana-grinder-wholesale\/#breadcrumb\"},\"inLanguage\":\"de\",\"potentialAction\":[{\"@type\":\"ReadAction\",\"target\":[\"https:\/\/global-hookah.com\/product\/new-2-in-1-wine-barrel-marijuana-grinder-wholesale\/\"]}]},{\"@type\":\"ImageObject\",\"inLanguage\":\"de\",\"@id\":\"https:\/\/global-hookah.com\/product\/new-2-in-1-wine-barrel-marijuana-grinder-wholesale\/#primaryimage\",\"url\":\"https:\/\/global-hookah.com\/wp-content\/uploads\/2025\/02\/kf-S03e3fc290c5341e688cee26606f79c95D-New-2-In-1-Wine-Barrel-Shaped-Tobacco-Grinder-with-Herb-Storage-Jar-Portable-45-80mm.webp\",\"contentUrl\":\"https:\/\/global-hookah.com\/wp-content\/uploads\/2025\/02\/kf-S03e3fc290c5341e688cee26606f79c95D-New-2-In-1-Wine-Barrel-Shaped-Tobacco-Grinder-with-Herb-Storage-Jar-Portable-45-80mm.webp\",\"width\":800,\"height\":800,\"caption\":\"New 2 In 1 Wine Barrel Marijuana Grinder Wholesale\"},{\"@type\":\"BreadcrumbList\",\"@id\":\"https:\/\/global-hookah.com\/product\/new-2-in-1-wine-barrel-marijuana-grinder-wholesale\/#breadcrumb\",\"itemListElement\":[{\"@type\":\"ListItem\",\"position\":1,\"name\":\"Home\",\"item\":\"https:\/\/global-hookah.com\/\"},{\"@type\":\"ListItem\",\"position\":2,\"name\":\"Shop\",\"item\":\"https:\/\/global-hookah.com\/shop\/\"},{\"@type\":\"ListItem\",\"position\":3,\"name\":\"New 2 In 1 Wine Barrel Marijuana Grinder Wholesale\"}]},{\"@type\":\"WebSite\",\"@id\":\"https:\/\/global-hookah.com\/#website\",\"url\":\"https:\/\/global-hookah.com\/\",\"name\":\"Global Hookah\",\"description\":\"Global Hookah\",\"publisher\":{\"@id\":\"https:\/\/global-hookah.com\/#organization\"},\"potentialAction\":[{\"@type\":\"SearchAction\",\"target\":{\"@type\":\"EntryPoint\",\"urlTemplate\":\"https:\/\/global-hookah.com\/?s={search_term_string}\"},\"query-input\":{\"@type\":\"PropertyValueSpecification\",\"valueRequired\":true,\"valueName\":\"search_term_string\"}}],\"inLanguage\":\"de\"},{\"@type\":\"Organization\",\"@id\":\"https:\/\/global-hookah.com\/#organization\",\"name\":\"Global Hookah\",\"url\":\"https:\/\/global-hookah.com\/\",\"logo\":{\"@type\":\"ImageObject\",\"inLanguage\":\"de\",\"@id\":\"https:\/\/global-hookah.com\/#\/schema\/logo\/image\/\",\"url\":\"https:\/\/global-hookah.com\/wp-content\/uploads\/2021\/10\/cropped-fgg.png\",\"contentUrl\":\"https:\/\/global-hookah.com\/wp-content\/uploads\/2021\/10\/cropped-fgg.png\",\"width\":512,\"height\":512,\"caption\":\"Global Hookah\"},\"image\":{\"@id\":\"https:\/\/global-hookah.com\/#\/schema\/logo\/image\/\"}}]}<\/script>\n<!-- \/ Yoast SEO Premium plugin. -->","yoast_head_json":{"title":"Neue 2 in 1 Weinfass Marihuana Grinder Gro\u00dfhandel - Global Hookah","robots":{"index":"index","follow":"follow","max-snippet":"max-snippet:-1","max-image-preview":"max-image-preview:large","max-video-preview":"max-video-preview:-1"},"canonical":"https:\/\/global-hookah.com\/de\/produkt\/new-2-in-1-wine-barrel-marijuana-grinder-wholesale\/","og_locale":"de_DE","og_type":"article","og_title":"New 2 In 1 Wine Barrel Marijuana Grinder Wholesale","og_description":"This 2 In 1 Wine Barrel Marijuana Grinder features a unique wine barrel design, with an exquisite and elegant appearance.","og_url":"https:\/\/global-hookah.com\/de\/produkt\/new-2-in-1-wine-barrel-marijuana-grinder-wholesale\/","og_site_name":"Global Hookah","article_modified_time":"2025-02-12T08:22:17+00:00","og_image":[{"width":800,"height":800,"url":"https:\/\/global-hookah.com\/wp-content\/uploads\/2025\/02\/kf-S03e3fc290c5341e688cee26606f79c95D-New-2-In-1-Wine-Barrel-Shaped-Tobacco-Grinder-with-Herb-Storage-Jar-Portable-45-80mm.webp","type":"image\/webp"}],"twitter_card":"summary_large_image","twitter_misc":{"Gesch\u00e4tzte Lesezeit":"2\u00a0Minuten"},"schema":{"@context":"https:\/\/schema.org","@graph":[{"@type":"WebPage","@id":"https:\/\/global-hookah.com\/product\/new-2-in-1-wine-barrel-marijuana-grinder-wholesale\/","url":"https:\/\/global-hookah.com\/product\/new-2-in-1-wine-barrel-marijuana-grinder-wholesale\/","name":"Neue 2 in 1 Weinfass Marihuana Grinder Gro\u00dfhandel - Global Hookah","isPartOf":{"@id":"https:\/\/global-hookah.com\/#website"},"primaryImageOfPage":{"@id":"https:\/\/global-hookah.com\/product\/new-2-in-1-wine-barrel-marijuana-grinder-wholesale\/#primaryimage"},"image":{"@id":"https:\/\/global-hookah.com\/product\/new-2-in-1-wine-barrel-marijuana-grinder-wholesale\/#primaryimage"},"thumbnailUrl":"https:\/\/global-hookah.com\/wp-content\/uploads\/2025\/02\/kf-S03e3fc290c5341e688cee26606f79c95D-New-2-In-1-Wine-Barrel-Shaped-Tobacco-Grinder-with-Herb-Storage-Jar-Portable-45-80mm.webp","datePublished":"2025-02-12T05:48:41+00:00","dateModified":"2025-02-12T08:22:17+00:00","breadcrumb":{"@id":"https:\/\/global-hookah.com\/product\/new-2-in-1-wine-barrel-marijuana-grinder-wholesale\/#breadcrumb"},"inLanguage":"de","potentialAction":[{"@type":"ReadAction","target":["https:\/\/global-hookah.com\/product\/new-2-in-1-wine-barrel-marijuana-grinder-wholesale\/"]}]},{"@type":"ImageObject","inLanguage":"de","@id":"https:\/\/global-hookah.com\/product\/new-2-in-1-wine-barrel-marijuana-grinder-wholesale\/#primaryimage","url":"https:\/\/global-hookah.com\/wp-content\/uploads\/2025\/02\/kf-S03e3fc290c5341e688cee26606f79c95D-New-2-In-1-Wine-Barrel-Shaped-Tobacco-Grinder-with-Herb-Storage-Jar-Portable-45-80mm.webp","contentUrl":"https:\/\/global-hookah.com\/wp-content\/uploads\/2025\/02\/kf-S03e3fc290c5341e688cee26606f79c95D-New-2-In-1-Wine-Barrel-Shaped-Tobacco-Grinder-with-Herb-Storage-Jar-Portable-45-80mm.webp","width":800,"height":800,"caption":"New 2 In 1 Wine Barrel Marijuana Grinder Wholesale"},{"@type":"BreadcrumbList","@id":"https:\/\/global-hookah.com\/product\/new-2-in-1-wine-barrel-marijuana-grinder-wholesale\/#breadcrumb","itemListElement":[{"@type":"ListItem","position":1,"name":"Home","item":"https:\/\/global-hookah.com\/"},{"@type":"ListItem","position":2,"name":"Shop","item":"https:\/\/global-hookah.com\/shop\/"},{"@type":"ListItem","position":3,"name":"New 2 In 1 Wine Barrel Marijuana Grinder Wholesale"}]},{"@type":"WebSite","@id":"https:\/\/global-hookah.com\/#website","url":"https:\/\/global-hookah.com\/","name":"Globale Wasserpfeife","description":"Globale Wasserpfeife","publisher":{"@id":"https:\/\/global-hookah.com\/#organization"},"potentialAction":[{"@type":"SearchAction","target":{"@type":"EntryPoint","urlTemplate":"https:\/\/global-hookah.com\/?s={search_term_string}"},"query-input":{"@type":"PropertyValueSpecification","valueRequired":true,"valueName":"search_term_string"}}],"inLanguage":"de"},{"@type":"Organization","@id":"https:\/\/global-hookah.com\/#organization","name":"Globale Wasserpfeife","url":"https:\/\/global-hookah.com\/","logo":{"@type":"ImageObject","inLanguage":"de","@id":"https:\/\/global-hookah.com\/#\/schema\/logo\/image\/","url":"https:\/\/global-hookah.com\/wp-content\/uploads\/2021\/10\/cropped-fgg.png","contentUrl":"https:\/\/global-hookah.com\/wp-content\/uploads\/2021\/10\/cropped-fgg.png","width":512,"height":512,"caption":"Global Hookah"},"image":{"@id":"https:\/\/global-hookah.com\/#\/schema\/logo\/image\/"}}]}},"_links":{"self":[{"href":"https:\/\/global-hookah.com\/de\/wp-json\/wp\/v2\/product\/31594","targetHints":{"allow":["GET"]}}],"collection":[{"href":"https:\/\/global-hookah.com\/de\/wp-json\/wp\/v2\/product"}],"about":[{"href":"https:\/\/global-hookah.com\/de\/wp-json\/wp\/v2\/types\/product"}],"replies":[{"embeddable":true,"href":"https:\/\/global-hookah.com\/de\/wp-json\/wp\/v2\/comments?post=31594"}],"version-history":[{"count":0,"href":"https:\/\/global-hookah.com\/de\/wp-json\/wp\/v2\/product\/31594\/revisions"}],"wp:featuredmedia":[{"embeddable":true,"href":"https:\/\/global-hookah.com\/de\/wp-json\/wp\/v2\/media\/31595"}],"wp:attachment":[{"href":"https:\/\/global-hookah.com\/de\/wp-json\/wp\/v2\/media?parent=31594"}],"wp:term":[{"taxonomy":"product_brand","embeddable":true,"href":"https:\/\/global-hookah.com\/de\/wp-json\/wp\/v2\/product_brand?post=31594"},{"taxonomy":"product_cat","embeddable":true,"href":"https:\/\/global-hookah.com\/de\/wp-json\/wp\/v2\/product_cat?post=31594"},{"taxonomy":"product_tag","embeddable":true,"href":"https:\/\/global-hookah.com\/de\/wp-json\/wp\/v2\/product_tag?post=31594"}],"curies":[{"name":"wp","href":"https:\/\/api.w.org\/{rel}","templated":true}]}}