{"id":31603,"date":"2025-02-12T06:58:13","date_gmt":"2025-02-12T06:58:13","guid":{"rendered":"https:\/\/global-hookah.com\/product\/wholesale-bulldog-shaped-marijuana-grinders\/"},"modified":"2025-02-12T08:04:08","modified_gmt":"2025-02-12T08:04:08","slug":"wholesale-bulldog-shaped-marijuana-grinders","status":"publish","type":"product","link":"https:\/\/global-hookah.com\/de\/produkt\/wholesale-bulldog-shaped-marijuana-grinders\/","title":{"rendered":"Gro\u00dfhandel Bulldog-f\u00f6rmigen Marihuana Schleifer"},"content":{"rendered":"<p>A<a href=\"https:\/\/global-hookah.com\/product-category\/wholesale-grinder\/wholesale-grinder-with-kief-catcher\/\"> <em><strong>Marihuana-Schleifer<\/strong><\/em> <\/a>ist ein unverzichtbares Hilfsmittel f\u00fcr den modernen Cannabiskonsumenten, zumal das Harz (Trichome) beim Hantieren mit der Hand oft an den Fingern kleben bleibt, was zu einer frustrierenden Erfahrung f\u00fchrt. Doch mit dem <strong>Marihuana-Grinder in Bulldog-Form<\/strong>ist dieses Problem perfekt gel\u00f6st.<\/p>\n<p>Unsere scharfen Metallz\u00e4hne k\u00f6nnen die Partikelgr\u00f6\u00dfe nach Ihren Bed\u00fcrfnissen einstellen, so dass Ihre Kunden den am besten geeigneten Partikelzustand finden k\u00f6nnen, egal ob es sich um Zigaretten oder Vaping handelt.<\/p>\n<p>Und der Boden dieses <strong>Marihuana-Grinder in Bulldog-Form<\/strong> hat ein Sieb. Es kann extrem feine Pollen abtrennen, was einen zus\u00e4tzlichen Mehrwert f\u00fcr die Nutzer darstellt. Insbesondere das beim Mahlen entstehende \"lose Pulver\" (Kief) kann zur Herstellung von Konzentraten weiterverwendet werden oder den Raucheffekt mit diesen hochkonzentrierten Harztrichomen verst\u00e4rken<\/p>\n<p>&nbsp;<\/p>\n<p><img decoding=\"async\" src=\"https:\/\/ae01.alicdn.com\/kf\/S81329f7ef5834b4f9ee7af31d3110b0ad.jpg\" \/><img decoding=\"async\" src=\"https:\/\/ae01.alicdn.com\/kf\/S2bb768b971624f4fa0fb81fa560ffd66I.jpg\" \/><img decoding=\"async\" src=\"https:\/\/ae01.alicdn.com\/kf\/Sae7813f441d1463ebe6212b5ad43c7f9J.jpg\" \/><img decoding=\"async\" src=\"https:\/\/ae01.alicdn.com\/kf\/Sbe8ddd344b234400ade354e2ef090c9cW.jpg\" \/><img decoding=\"async\" src=\"https:\/\/ae01.alicdn.com\/kf\/S51874ba7df2847179daf2963fc34359fh.jpg\" \/><img decoding=\"async\" src=\"https:\/\/ae01.alicdn.com\/kf\/S26cc72902e4844a4a7765034cf2a3c35P.jpg\" \/><img decoding=\"async\" src=\"https:\/\/ae01.alicdn.com\/kf\/S70a32c50e316446aafc02cd93d73e72bD.jpg\" \/><img decoding=\"async\" src=\"https:\/\/ae01.alicdn.com\/kf\/S4a8a33695c954e4e96ba55d690c3abbfJ.jpg\" \/><img decoding=\"async\" src=\"https:\/\/ae01.alicdn.com\/kf\/Sd6c7e508be0c455aa70a64bfc24b16d0r.jpg\" \/><img decoding=\"async\" src=\"https:\/\/ae01.alicdn.com\/kf\/S9aae5d87ea7b499baff969d72da2eff3B.jpg\" \/><img decoding=\"async\" src=\"https:\/\/ae01.alicdn.com\/kf\/S941d4cf4f3a94eacb41b2de5a9300aa5a.jpg\" \/><img decoding=\"async\" src=\"https:\/\/ae01.alicdn.com\/kf\/S842a9899cc1748e3ac28316fce6784beS.jpg\" \/><\/p>","protected":false},"excerpt":{"rendered":"<p>Eine Marihuanam\u00fchle ist ein unverzichtbares Hilfsmittel f\u00fcr den modernen Cannabiskonsumenten, zumal die Handhabung von Cannabis mit der Hand oft zu<\/p>","protected":false},"featured_media":31604,"comment_status":"closed","ping_status":"closed","template":"","meta":{"iawp_total_views":5,"_joinchat":[]},"product_brand":[],"product_cat":[892],"product_tag":[],"class_list":{"0":"post-31603","1":"product","2":"type-product","3":"status-publish","4":"has-post-thumbnail","6":"product_cat-3-piece-grinder-wholesale","8":"first","9":"instock","10":"shipping-taxable","11":"purchasable","12":"product-type-variable"},"yoast_head":"<!-- This site is optimized with the Yoast SEO Premium plugin v24.7 (Yoast SEO v26.8) - https:\/\/yoast.com\/product\/yoast-seo-premium-wordpress\/ -->\n<title>Wholesale Bulldog-Shaped Marijuana Grinders - Global Hookah<\/title>\n<meta name=\"robots\" content=\"index, follow, max-snippet:-1, max-image-preview:large, max-video-preview:-1\" \/>\n<link rel=\"canonical\" href=\"https:\/\/global-hookah.com\/de\/produkt\/wholesale-bulldog-shaped-marijuana-grinders\/\" \/>\n<meta property=\"og:locale\" content=\"de_DE\" \/>\n<meta property=\"og:type\" content=\"article\" \/>\n<meta property=\"og:title\" content=\"Wholesale Bulldog-Shaped Marijuana Grinders\" \/>\n<meta property=\"og:description\" content=\"A marijuana grinder is an essential tool for modern cannabis consumers, especially since handling cannabis by hand often causes the\" \/>\n<meta property=\"og:url\" content=\"https:\/\/global-hookah.com\/de\/produkt\/wholesale-bulldog-shaped-marijuana-grinders\/\" \/>\n<meta property=\"og:site_name\" content=\"Global Hookah\" \/>\n<meta property=\"article:modified_time\" content=\"2025-02-12T08:04:08+00:00\" \/>\n<meta property=\"og:image\" content=\"https:\/\/global-hookah.com\/wp-content\/uploads\/2025\/02\/kf-S81329f7ef5834b4f9ee7af31d3110b0ad-63mm-Zinc-Alloy-Herbal-Grinder-Herb-Crusher-Wearing-Sunglasses-Bulldog-with-Drawer-Tobacco-Grinder-3-layer.webp\" \/>\n\t<meta property=\"og:image:width\" content=\"1000\" \/>\n\t<meta property=\"og:image:height\" content=\"1000\" \/>\n\t<meta property=\"og:image:type\" content=\"image\/webp\" \/>\n<meta name=\"twitter:card\" content=\"summary_large_image\" \/>\n<meta name=\"twitter:label1\" content=\"Gesch\u00e4tzte Lesezeit\" \/>\n\t<meta name=\"twitter:data1\" content=\"1\u00a0Minute\" \/>\n<script type=\"application\/ld+json\" class=\"yoast-schema-graph\">{\"@context\":\"https:\/\/schema.org\",\"@graph\":[{\"@type\":\"WebPage\",\"@id\":\"https:\/\/global-hookah.com\/product\/wholesale-bulldog-shaped-marijuana-grinders\/\",\"url\":\"https:\/\/global-hookah.com\/product\/wholesale-bulldog-shaped-marijuana-grinders\/\",\"name\":\"Wholesale Bulldog-Shaped Marijuana Grinders - Global Hookah\",\"isPartOf\":{\"@id\":\"https:\/\/global-hookah.com\/#website\"},\"primaryImageOfPage\":{\"@id\":\"https:\/\/global-hookah.com\/product\/wholesale-bulldog-shaped-marijuana-grinders\/#primaryimage\"},\"image\":{\"@id\":\"https:\/\/global-hookah.com\/product\/wholesale-bulldog-shaped-marijuana-grinders\/#primaryimage\"},\"thumbnailUrl\":\"https:\/\/global-hookah.com\/wp-content\/uploads\/2025\/02\/kf-S81329f7ef5834b4f9ee7af31d3110b0ad-63mm-Zinc-Alloy-Herbal-Grinder-Herb-Crusher-Wearing-Sunglasses-Bulldog-with-Drawer-Tobacco-Grinder-3-layer.webp\",\"datePublished\":\"2025-02-12T06:58:13+00:00\",\"dateModified\":\"2025-02-12T08:04:08+00:00\",\"breadcrumb\":{\"@id\":\"https:\/\/global-hookah.com\/product\/wholesale-bulldog-shaped-marijuana-grinders\/#breadcrumb\"},\"inLanguage\":\"de\",\"potentialAction\":[{\"@type\":\"ReadAction\",\"target\":[\"https:\/\/global-hookah.com\/product\/wholesale-bulldog-shaped-marijuana-grinders\/\"]}]},{\"@type\":\"ImageObject\",\"inLanguage\":\"de\",\"@id\":\"https:\/\/global-hookah.com\/product\/wholesale-bulldog-shaped-marijuana-grinders\/#primaryimage\",\"url\":\"https:\/\/global-hookah.com\/wp-content\/uploads\/2025\/02\/kf-S81329f7ef5834b4f9ee7af31d3110b0ad-63mm-Zinc-Alloy-Herbal-Grinder-Herb-Crusher-Wearing-Sunglasses-Bulldog-with-Drawer-Tobacco-Grinder-3-layer.webp\",\"contentUrl\":\"https:\/\/global-hookah.com\/wp-content\/uploads\/2025\/02\/kf-S81329f7ef5834b4f9ee7af31d3110b0ad-63mm-Zinc-Alloy-Herbal-Grinder-Herb-Crusher-Wearing-Sunglasses-Bulldog-with-Drawer-Tobacco-Grinder-3-layer.webp\",\"width\":1000,\"height\":1000},{\"@type\":\"BreadcrumbList\",\"@id\":\"https:\/\/global-hookah.com\/product\/wholesale-bulldog-shaped-marijuana-grinders\/#breadcrumb\",\"itemListElement\":[{\"@type\":\"ListItem\",\"position\":1,\"name\":\"Home\",\"item\":\"https:\/\/global-hookah.com\/\"},{\"@type\":\"ListItem\",\"position\":2,\"name\":\"Shop\",\"item\":\"https:\/\/global-hookah.com\/shop\/\"},{\"@type\":\"ListItem\",\"position\":3,\"name\":\"Wholesale Bulldog-Shaped Marijuana Grinders\"}]},{\"@type\":\"WebSite\",\"@id\":\"https:\/\/global-hookah.com\/#website\",\"url\":\"https:\/\/global-hookah.com\/\",\"name\":\"Global Hookah\",\"description\":\"Global Hookah\",\"publisher\":{\"@id\":\"https:\/\/global-hookah.com\/#organization\"},\"potentialAction\":[{\"@type\":\"SearchAction\",\"target\":{\"@type\":\"EntryPoint\",\"urlTemplate\":\"https:\/\/global-hookah.com\/?s={search_term_string}\"},\"query-input\":{\"@type\":\"PropertyValueSpecification\",\"valueRequired\":true,\"valueName\":\"search_term_string\"}}],\"inLanguage\":\"de\"},{\"@type\":\"Organization\",\"@id\":\"https:\/\/global-hookah.com\/#organization\",\"name\":\"Global Hookah\",\"url\":\"https:\/\/global-hookah.com\/\",\"logo\":{\"@type\":\"ImageObject\",\"inLanguage\":\"de\",\"@id\":\"https:\/\/global-hookah.com\/#\/schema\/logo\/image\/\",\"url\":\"https:\/\/global-hookah.com\/wp-content\/uploads\/2021\/10\/cropped-fgg.png\",\"contentUrl\":\"https:\/\/global-hookah.com\/wp-content\/uploads\/2021\/10\/cropped-fgg.png\",\"width\":512,\"height\":512,\"caption\":\"Global Hookah\"},\"image\":{\"@id\":\"https:\/\/global-hookah.com\/#\/schema\/logo\/image\/\"}}]}<\/script>\n<!-- \/ Yoast SEO Premium plugin. -->","yoast_head_json":{"title":"Gro\u00dfhandel Bulldog-f\u00f6rmigen Marihuana Schleifer - Global Hookah","robots":{"index":"index","follow":"follow","max-snippet":"max-snippet:-1","max-image-preview":"max-image-preview:large","max-video-preview":"max-video-preview:-1"},"canonical":"https:\/\/global-hookah.com\/de\/produkt\/wholesale-bulldog-shaped-marijuana-grinders\/","og_locale":"de_DE","og_type":"article","og_title":"Wholesale Bulldog-Shaped Marijuana Grinders","og_description":"A marijuana grinder is an essential tool for modern cannabis consumers, especially since handling cannabis by hand often causes the","og_url":"https:\/\/global-hookah.com\/de\/produkt\/wholesale-bulldog-shaped-marijuana-grinders\/","og_site_name":"Global Hookah","article_modified_time":"2025-02-12T08:04:08+00:00","og_image":[{"width":1000,"height":1000,"url":"https:\/\/global-hookah.com\/wp-content\/uploads\/2025\/02\/kf-S81329f7ef5834b4f9ee7af31d3110b0ad-63mm-Zinc-Alloy-Herbal-Grinder-Herb-Crusher-Wearing-Sunglasses-Bulldog-with-Drawer-Tobacco-Grinder-3-layer.webp","type":"image\/webp"}],"twitter_card":"summary_large_image","twitter_misc":{"Gesch\u00e4tzte Lesezeit":"1\u00a0Minute"},"schema":{"@context":"https:\/\/schema.org","@graph":[{"@type":"WebPage","@id":"https:\/\/global-hookah.com\/product\/wholesale-bulldog-shaped-marijuana-grinders\/","url":"https:\/\/global-hookah.com\/product\/wholesale-bulldog-shaped-marijuana-grinders\/","name":"Gro\u00dfhandel Bulldog-f\u00f6rmigen Marihuana Schleifer - Global Hookah","isPartOf":{"@id":"https:\/\/global-hookah.com\/#website"},"primaryImageOfPage":{"@id":"https:\/\/global-hookah.com\/product\/wholesale-bulldog-shaped-marijuana-grinders\/#primaryimage"},"image":{"@id":"https:\/\/global-hookah.com\/product\/wholesale-bulldog-shaped-marijuana-grinders\/#primaryimage"},"thumbnailUrl":"https:\/\/global-hookah.com\/wp-content\/uploads\/2025\/02\/kf-S81329f7ef5834b4f9ee7af31d3110b0ad-63mm-Zinc-Alloy-Herbal-Grinder-Herb-Crusher-Wearing-Sunglasses-Bulldog-with-Drawer-Tobacco-Grinder-3-layer.webp","datePublished":"2025-02-12T06:58:13+00:00","dateModified":"2025-02-12T08:04:08+00:00","breadcrumb":{"@id":"https:\/\/global-hookah.com\/product\/wholesale-bulldog-shaped-marijuana-grinders\/#breadcrumb"},"inLanguage":"de","potentialAction":[{"@type":"ReadAction","target":["https:\/\/global-hookah.com\/product\/wholesale-bulldog-shaped-marijuana-grinders\/"]}]},{"@type":"ImageObject","inLanguage":"de","@id":"https:\/\/global-hookah.com\/product\/wholesale-bulldog-shaped-marijuana-grinders\/#primaryimage","url":"https:\/\/global-hookah.com\/wp-content\/uploads\/2025\/02\/kf-S81329f7ef5834b4f9ee7af31d3110b0ad-63mm-Zinc-Alloy-Herbal-Grinder-Herb-Crusher-Wearing-Sunglasses-Bulldog-with-Drawer-Tobacco-Grinder-3-layer.webp","contentUrl":"https:\/\/global-hookah.com\/wp-content\/uploads\/2025\/02\/kf-S81329f7ef5834b4f9ee7af31d3110b0ad-63mm-Zinc-Alloy-Herbal-Grinder-Herb-Crusher-Wearing-Sunglasses-Bulldog-with-Drawer-Tobacco-Grinder-3-layer.webp","width":1000,"height":1000},{"@type":"BreadcrumbList","@id":"https:\/\/global-hookah.com\/product\/wholesale-bulldog-shaped-marijuana-grinders\/#breadcrumb","itemListElement":[{"@type":"ListItem","position":1,"name":"Home","item":"https:\/\/global-hookah.com\/"},{"@type":"ListItem","position":2,"name":"Shop","item":"https:\/\/global-hookah.com\/shop\/"},{"@type":"ListItem","position":3,"name":"Wholesale Bulldog-Shaped Marijuana Grinders"}]},{"@type":"WebSite","@id":"https:\/\/global-hookah.com\/#website","url":"https:\/\/global-hookah.com\/","name":"Globale Wasserpfeife","description":"Globale Wasserpfeife","publisher":{"@id":"https:\/\/global-hookah.com\/#organization"},"potentialAction":[{"@type":"SearchAction","target":{"@type":"EntryPoint","urlTemplate":"https:\/\/global-hookah.com\/?s={search_term_string}"},"query-input":{"@type":"PropertyValueSpecification","valueRequired":true,"valueName":"search_term_string"}}],"inLanguage":"de"},{"@type":"Organization","@id":"https:\/\/global-hookah.com\/#organization","name":"Globale Wasserpfeife","url":"https:\/\/global-hookah.com\/","logo":{"@type":"ImageObject","inLanguage":"de","@id":"https:\/\/global-hookah.com\/#\/schema\/logo\/image\/","url":"https:\/\/global-hookah.com\/wp-content\/uploads\/2021\/10\/cropped-fgg.png","contentUrl":"https:\/\/global-hookah.com\/wp-content\/uploads\/2021\/10\/cropped-fgg.png","width":512,"height":512,"caption":"Global Hookah"},"image":{"@id":"https:\/\/global-hookah.com\/#\/schema\/logo\/image\/"}}]}},"_links":{"self":[{"href":"https:\/\/global-hookah.com\/de\/wp-json\/wp\/v2\/product\/31603","targetHints":{"allow":["GET"]}}],"collection":[{"href":"https:\/\/global-hookah.com\/de\/wp-json\/wp\/v2\/product"}],"about":[{"href":"https:\/\/global-hookah.com\/de\/wp-json\/wp\/v2\/types\/product"}],"replies":[{"embeddable":true,"href":"https:\/\/global-hookah.com\/de\/wp-json\/wp\/v2\/comments?post=31603"}],"version-history":[{"count":0,"href":"https:\/\/global-hookah.com\/de\/wp-json\/wp\/v2\/product\/31603\/revisions"}],"wp:featuredmedia":[{"embeddable":true,"href":"https:\/\/global-hookah.com\/de\/wp-json\/wp\/v2\/media\/31604"}],"wp:attachment":[{"href":"https:\/\/global-hookah.com\/de\/wp-json\/wp\/v2\/media?parent=31603"}],"wp:term":[{"taxonomy":"product_brand","embeddable":true,"href":"https:\/\/global-hookah.com\/de\/wp-json\/wp\/v2\/product_brand?post=31603"},{"taxonomy":"product_cat","embeddable":true,"href":"https:\/\/global-hookah.com\/de\/wp-json\/wp\/v2\/product_cat?post=31603"},{"taxonomy":"product_tag","embeddable":true,"href":"https:\/\/global-hookah.com\/de\/wp-json\/wp\/v2\/product_tag?post=31603"}],"curies":[{"name":"wp","href":"https:\/\/api.w.org\/{rel}","templated":true}]}}