{"id":31612,"date":"2025-02-12T07:01:15","date_gmt":"2025-02-12T07:01:15","guid":{"rendered":"https:\/\/global-hookah.com\/product\/2-3-4-pc-3d-metal-skull-marijuana-grinder-wholesale\/"},"modified":"2025-02-12T07:16:47","modified_gmt":"2025-02-12T07:16:47","slug":"2-3-4-pc-3d-metal-skull-marijuana-grinder-wholesale","status":"publish","type":"product","link":"https:\/\/global-hookah.com\/de\/produkt\/2-3-4-pc-3d-metal-skull-marijuana-grinder-wholesale\/","title":{"rendered":"2.3\u2033 4 PC 3D Metall Sch\u00e4del Marihuana Grinder Gro\u00dfhandel"},"content":{"rendered":"<p>F\u00fcr Gro\u00dfh\u00e4ndler ist die <strong>Metall-Totenkopf Marihuana Grinder<\/strong> ist eines der beliebtesten Produkte in Cannabisl\u00e4den. Es zeichnet sich durch ein einzigartiges Totenkopf-Design aus, darunter klassische Totenk\u00f6pfe, leuchtende Totenk\u00f6pfe und andere Varianten. Einige Modelle bieten auch mehrere Farboptionen oder leuchtende Effekte.<br \/>\nWesentliche Merkmale:<\/p>\n<p>Mehrschichtiger Aufbau: Diese <strong>Sch\u00e4del Marihuana Grinder <\/strong>hat eine vierschichtige Struktur mit Mahl-, Sammel- und Filterschichten, die Kr\u00e4uter und feine Partikel wie Kief effizient trennen.<\/p>\n<p>Diese <strong>Sch\u00e4del Marihuana Grinder<\/strong> ist nicht nur cool im Aussehen, sondern auch sehr praktisch. Die scharfen Zahnr\u00e4der k\u00f6nnen trockene Kr\u00e4uter leicht mahlen, und das mehrschichtige Design erleichtert die Trennung und Sammlung. Der magnetische Deckel und die pr\u00e4zise Verarbeitung sorgen f\u00fcr Dichtigkeit und Gl\u00e4tte w\u00e4hrend des Gebrauchs. Als Gro\u00dfhandelsprodukt ist unser<a href=\"https:\/\/global-hookah.com\"> Globale Wasserpfeife<\/a> kann auch nach Ihren Bed\u00fcrfnissen angepasst werden<\/p>\n<p>&nbsp;<\/p>\n<div style=\"font-family: 'Market Sans', Arial, sans-serif; font-size: medium; font-weight: 400; letter-spacing: normal; text-align: start; white-space: normal; color: #000000;\" align=\"start\"><strong>Produktspezifikationen<\/strong>:<\/div>\n<div id=\"ds_div\" style=\"text-align: start;\" align=\"start\">\n<ul>\n<li>Menge: 1<\/li>\n<li>Farben des Helms: Orange<\/li>\n<li>Schleiferteil Innenma\u00dfe: 2,3\u2033 Durchmesser x 3,4\u2033 H\u00f6he<\/li>\n<li>Material: Hochwertige Zink-Legierung<\/li>\n<li>Rasiermesserscharfe diamantf\u00f6rmige Schleifz\u00e4hne<\/li>\n<li>Magnetisches Top-Geh\u00e4use<\/li>\n<li>Mikro-Maschensieb aus Stahl zum Filtern von Pollen<\/li>\n<li>Separate Pollenkammer<\/li>\n<li>Inklusive kostenlosem Pollenabstreifer<\/li>\n<li><\/li>\n<\/ul>\n<div style=\"font-size: 14pt;\">\n<div style=\"font-family: 'Times New Roman'; font-size: medium;\">\n<div><\/div>\n<\/div>\n<\/div>\n<\/div>\n<p>&nbsp;<\/p>","protected":false},"excerpt":{"rendered":"<p>F\u00fcr Gro\u00dfh\u00e4ndler ist der Metal Skull Marijuana Grinder eines der beliebtesten Produkte in Cannabisgesch\u00e4ften. Er verf\u00fcgt \u00fcber einen<\/p>","protected":false},"featured_media":31613,"comment_status":"closed","ping_status":"closed","template":"","meta":{"iawp_total_views":1,"_joinchat":[]},"product_brand":[],"product_cat":[894],"product_tag":[],"class_list":{"0":"post-31612","1":"product","2":"type-product","3":"status-publish","4":"has-post-thumbnail","6":"product_cat-4-piece-grinder-wholesale","8":"first","9":"instock","10":"shipping-taxable","11":"purchasable","12":"product-type-variable"},"yoast_head":"<!-- This site is optimized with the Yoast SEO Premium plugin v24.7 (Yoast SEO v26.8) - https:\/\/yoast.com\/product\/yoast-seo-premium-wordpress\/ -->\n<title>2.3&quot; 4 PC 3D Metal Skull Marijuana Grinder Wholesale - Global Hookah<\/title>\n<meta name=\"robots\" content=\"index, follow, max-snippet:-1, max-image-preview:large, max-video-preview:-1\" \/>\n<link rel=\"canonical\" href=\"https:\/\/global-hookah.com\/de\/produkt\/2-3-4-pc-3d-metal-skull-marijuana-grinder-wholesale\/\" \/>\n<meta property=\"og:locale\" content=\"de_DE\" \/>\n<meta property=\"og:type\" content=\"article\" \/>\n<meta property=\"og:title\" content=\"2.3&quot; 4 PC 3D Metal Skull Marijuana Grinder Wholesale\" \/>\n<meta property=\"og:description\" content=\"For wholesalers, the Metal Skull Marijuana Grinder is one of the most popular products in cannabis shops. It features a\" \/>\n<meta property=\"og:url\" content=\"https:\/\/global-hookah.com\/de\/produkt\/2-3-4-pc-3d-metal-skull-marijuana-grinder-wholesale\/\" \/>\n<meta property=\"og:site_name\" content=\"Global Hookah\" \/>\n<meta property=\"article:modified_time\" content=\"2025-02-12T07:16:47+00:00\" \/>\n<meta property=\"og:image\" content=\"https:\/\/global-hookah.com\/wp-content\/uploads\/2025\/02\/kf-A2414177271f84ef288fbdd249bc62b8fA-2-3-4-PC-3D-Metal-Skull-in-Helmet-Tobacco-Herb-Spice-Grinder-Smoke-Crusher-Orange.webp\" \/>\n\t<meta property=\"og:image:width\" content=\"1000\" \/>\n\t<meta property=\"og:image:height\" content=\"1000\" \/>\n\t<meta property=\"og:image:type\" content=\"image\/webp\" \/>\n<meta name=\"twitter:card\" content=\"summary_large_image\" \/>\n<meta name=\"twitter:label1\" content=\"Gesch\u00e4tzte Lesezeit\" \/>\n\t<meta name=\"twitter:data1\" content=\"1\u00a0Minute\" \/>\n<script type=\"application\/ld+json\" class=\"yoast-schema-graph\">{\"@context\":\"https:\/\/schema.org\",\"@graph\":[{\"@type\":\"WebPage\",\"@id\":\"https:\/\/global-hookah.com\/product\/2-3-4-pc-3d-metal-skull-marijuana-grinder-wholesale\/\",\"url\":\"https:\/\/global-hookah.com\/product\/2-3-4-pc-3d-metal-skull-marijuana-grinder-wholesale\/\",\"name\":\"2.3\\\" 4 PC 3D Metal Skull Marijuana Grinder Wholesale - Global Hookah\",\"isPartOf\":{\"@id\":\"https:\/\/global-hookah.com\/#website\"},\"primaryImageOfPage\":{\"@id\":\"https:\/\/global-hookah.com\/product\/2-3-4-pc-3d-metal-skull-marijuana-grinder-wholesale\/#primaryimage\"},\"image\":{\"@id\":\"https:\/\/global-hookah.com\/product\/2-3-4-pc-3d-metal-skull-marijuana-grinder-wholesale\/#primaryimage\"},\"thumbnailUrl\":\"https:\/\/global-hookah.com\/wp-content\/uploads\/2025\/02\/kf-A2414177271f84ef288fbdd249bc62b8fA-2-3-4-PC-3D-Metal-Skull-in-Helmet-Tobacco-Herb-Spice-Grinder-Smoke-Crusher-Orange.webp\",\"datePublished\":\"2025-02-12T07:01:15+00:00\",\"dateModified\":\"2025-02-12T07:16:47+00:00\",\"breadcrumb\":{\"@id\":\"https:\/\/global-hookah.com\/product\/2-3-4-pc-3d-metal-skull-marijuana-grinder-wholesale\/#breadcrumb\"},\"inLanguage\":\"de\",\"potentialAction\":[{\"@type\":\"ReadAction\",\"target\":[\"https:\/\/global-hookah.com\/product\/2-3-4-pc-3d-metal-skull-marijuana-grinder-wholesale\/\"]}]},{\"@type\":\"ImageObject\",\"inLanguage\":\"de\",\"@id\":\"https:\/\/global-hookah.com\/product\/2-3-4-pc-3d-metal-skull-marijuana-grinder-wholesale\/#primaryimage\",\"url\":\"https:\/\/global-hookah.com\/wp-content\/uploads\/2025\/02\/kf-A2414177271f84ef288fbdd249bc62b8fA-2-3-4-PC-3D-Metal-Skull-in-Helmet-Tobacco-Herb-Spice-Grinder-Smoke-Crusher-Orange.webp\",\"contentUrl\":\"https:\/\/global-hookah.com\/wp-content\/uploads\/2025\/02\/kf-A2414177271f84ef288fbdd249bc62b8fA-2-3-4-PC-3D-Metal-Skull-in-Helmet-Tobacco-Herb-Spice-Grinder-Smoke-Crusher-Orange.webp\",\"width\":1000,\"height\":1000,\"caption\":\"2.3\\\" 4 PC 3D Metal Skull Marijuana Grinder Wholesale\"},{\"@type\":\"BreadcrumbList\",\"@id\":\"https:\/\/global-hookah.com\/product\/2-3-4-pc-3d-metal-skull-marijuana-grinder-wholesale\/#breadcrumb\",\"itemListElement\":[{\"@type\":\"ListItem\",\"position\":1,\"name\":\"Home\",\"item\":\"https:\/\/global-hookah.com\/\"},{\"@type\":\"ListItem\",\"position\":2,\"name\":\"Shop\",\"item\":\"https:\/\/global-hookah.com\/shop\/\"},{\"@type\":\"ListItem\",\"position\":3,\"name\":\"2.3&#8243; 4 PC 3D Metal Skull Marijuana Grinder Wholesale\"}]},{\"@type\":\"WebSite\",\"@id\":\"https:\/\/global-hookah.com\/#website\",\"url\":\"https:\/\/global-hookah.com\/\",\"name\":\"Global Hookah\",\"description\":\"Global Hookah\",\"publisher\":{\"@id\":\"https:\/\/global-hookah.com\/#organization\"},\"potentialAction\":[{\"@type\":\"SearchAction\",\"target\":{\"@type\":\"EntryPoint\",\"urlTemplate\":\"https:\/\/global-hookah.com\/?s={search_term_string}\"},\"query-input\":{\"@type\":\"PropertyValueSpecification\",\"valueRequired\":true,\"valueName\":\"search_term_string\"}}],\"inLanguage\":\"de\"},{\"@type\":\"Organization\",\"@id\":\"https:\/\/global-hookah.com\/#organization\",\"name\":\"Global Hookah\",\"url\":\"https:\/\/global-hookah.com\/\",\"logo\":{\"@type\":\"ImageObject\",\"inLanguage\":\"de\",\"@id\":\"https:\/\/global-hookah.com\/#\/schema\/logo\/image\/\",\"url\":\"https:\/\/global-hookah.com\/wp-content\/uploads\/2021\/10\/cropped-fgg.png\",\"contentUrl\":\"https:\/\/global-hookah.com\/wp-content\/uploads\/2021\/10\/cropped-fgg.png\",\"width\":512,\"height\":512,\"caption\":\"Global Hookah\"},\"image\":{\"@id\":\"https:\/\/global-hookah.com\/#\/schema\/logo\/image\/\"}}]}<\/script>\n<!-- \/ Yoast SEO Premium plugin. -->","yoast_head_json":{"title":"2,3\" 4 PC 3D Metall Sch\u00e4del Marihuana Grinder Gro\u00dfhandel - Global Hookah","robots":{"index":"index","follow":"follow","max-snippet":"max-snippet:-1","max-image-preview":"max-image-preview:large","max-video-preview":"max-video-preview:-1"},"canonical":"https:\/\/global-hookah.com\/de\/produkt\/2-3-4-pc-3d-metal-skull-marijuana-grinder-wholesale\/","og_locale":"de_DE","og_type":"article","og_title":"2.3\" 4 PC 3D Metal Skull Marijuana Grinder Wholesale","og_description":"For wholesalers, the Metal Skull Marijuana Grinder is one of the most popular products in cannabis shops. It features a","og_url":"https:\/\/global-hookah.com\/de\/produkt\/2-3-4-pc-3d-metal-skull-marijuana-grinder-wholesale\/","og_site_name":"Global Hookah","article_modified_time":"2025-02-12T07:16:47+00:00","og_image":[{"width":1000,"height":1000,"url":"https:\/\/global-hookah.com\/wp-content\/uploads\/2025\/02\/kf-A2414177271f84ef288fbdd249bc62b8fA-2-3-4-PC-3D-Metal-Skull-in-Helmet-Tobacco-Herb-Spice-Grinder-Smoke-Crusher-Orange.webp","type":"image\/webp"}],"twitter_card":"summary_large_image","twitter_misc":{"Gesch\u00e4tzte Lesezeit":"1\u00a0Minute"},"schema":{"@context":"https:\/\/schema.org","@graph":[{"@type":"WebPage","@id":"https:\/\/global-hookah.com\/product\/2-3-4-pc-3d-metal-skull-marijuana-grinder-wholesale\/","url":"https:\/\/global-hookah.com\/product\/2-3-4-pc-3d-metal-skull-marijuana-grinder-wholesale\/","name":"2,3\" 4 PC 3D Metall Sch\u00e4del Marihuana Grinder Gro\u00dfhandel - Global Hookah","isPartOf":{"@id":"https:\/\/global-hookah.com\/#website"},"primaryImageOfPage":{"@id":"https:\/\/global-hookah.com\/product\/2-3-4-pc-3d-metal-skull-marijuana-grinder-wholesale\/#primaryimage"},"image":{"@id":"https:\/\/global-hookah.com\/product\/2-3-4-pc-3d-metal-skull-marijuana-grinder-wholesale\/#primaryimage"},"thumbnailUrl":"https:\/\/global-hookah.com\/wp-content\/uploads\/2025\/02\/kf-A2414177271f84ef288fbdd249bc62b8fA-2-3-4-PC-3D-Metal-Skull-in-Helmet-Tobacco-Herb-Spice-Grinder-Smoke-Crusher-Orange.webp","datePublished":"2025-02-12T07:01:15+00:00","dateModified":"2025-02-12T07:16:47+00:00","breadcrumb":{"@id":"https:\/\/global-hookah.com\/product\/2-3-4-pc-3d-metal-skull-marijuana-grinder-wholesale\/#breadcrumb"},"inLanguage":"de","potentialAction":[{"@type":"ReadAction","target":["https:\/\/global-hookah.com\/product\/2-3-4-pc-3d-metal-skull-marijuana-grinder-wholesale\/"]}]},{"@type":"ImageObject","inLanguage":"de","@id":"https:\/\/global-hookah.com\/product\/2-3-4-pc-3d-metal-skull-marijuana-grinder-wholesale\/#primaryimage","url":"https:\/\/global-hookah.com\/wp-content\/uploads\/2025\/02\/kf-A2414177271f84ef288fbdd249bc62b8fA-2-3-4-PC-3D-Metal-Skull-in-Helmet-Tobacco-Herb-Spice-Grinder-Smoke-Crusher-Orange.webp","contentUrl":"https:\/\/global-hookah.com\/wp-content\/uploads\/2025\/02\/kf-A2414177271f84ef288fbdd249bc62b8fA-2-3-4-PC-3D-Metal-Skull-in-Helmet-Tobacco-Herb-Spice-Grinder-Smoke-Crusher-Orange.webp","width":1000,"height":1000,"caption":"2.3\" 4 PC 3D Metal Skull Marijuana Grinder Wholesale"},{"@type":"BreadcrumbList","@id":"https:\/\/global-hookah.com\/product\/2-3-4-pc-3d-metal-skull-marijuana-grinder-wholesale\/#breadcrumb","itemListElement":[{"@type":"ListItem","position":1,"name":"Home","item":"https:\/\/global-hookah.com\/"},{"@type":"ListItem","position":2,"name":"Shop","item":"https:\/\/global-hookah.com\/shop\/"},{"@type":"ListItem","position":3,"name":"2.3&#8243; 4 PC 3D Metal Skull Marijuana Grinder Wholesale"}]},{"@type":"WebSite","@id":"https:\/\/global-hookah.com\/#website","url":"https:\/\/global-hookah.com\/","name":"Globale Wasserpfeife","description":"Globale Wasserpfeife","publisher":{"@id":"https:\/\/global-hookah.com\/#organization"},"potentialAction":[{"@type":"SearchAction","target":{"@type":"EntryPoint","urlTemplate":"https:\/\/global-hookah.com\/?s={search_term_string}"},"query-input":{"@type":"PropertyValueSpecification","valueRequired":true,"valueName":"search_term_string"}}],"inLanguage":"de"},{"@type":"Organization","@id":"https:\/\/global-hookah.com\/#organization","name":"Globale Wasserpfeife","url":"https:\/\/global-hookah.com\/","logo":{"@type":"ImageObject","inLanguage":"de","@id":"https:\/\/global-hookah.com\/#\/schema\/logo\/image\/","url":"https:\/\/global-hookah.com\/wp-content\/uploads\/2021\/10\/cropped-fgg.png","contentUrl":"https:\/\/global-hookah.com\/wp-content\/uploads\/2021\/10\/cropped-fgg.png","width":512,"height":512,"caption":"Global Hookah"},"image":{"@id":"https:\/\/global-hookah.com\/#\/schema\/logo\/image\/"}}]}},"_links":{"self":[{"href":"https:\/\/global-hookah.com\/de\/wp-json\/wp\/v2\/product\/31612","targetHints":{"allow":["GET"]}}],"collection":[{"href":"https:\/\/global-hookah.com\/de\/wp-json\/wp\/v2\/product"}],"about":[{"href":"https:\/\/global-hookah.com\/de\/wp-json\/wp\/v2\/types\/product"}],"replies":[{"embeddable":true,"href":"https:\/\/global-hookah.com\/de\/wp-json\/wp\/v2\/comments?post=31612"}],"version-history":[{"count":0,"href":"https:\/\/global-hookah.com\/de\/wp-json\/wp\/v2\/product\/31612\/revisions"}],"wp:featuredmedia":[{"embeddable":true,"href":"https:\/\/global-hookah.com\/de\/wp-json\/wp\/v2\/media\/31613"}],"wp:attachment":[{"href":"https:\/\/global-hookah.com\/de\/wp-json\/wp\/v2\/media?parent=31612"}],"wp:term":[{"taxonomy":"product_brand","embeddable":true,"href":"https:\/\/global-hookah.com\/de\/wp-json\/wp\/v2\/product_brand?post=31612"},{"taxonomy":"product_cat","embeddable":true,"href":"https:\/\/global-hookah.com\/de\/wp-json\/wp\/v2\/product_cat?post=31612"},{"taxonomy":"product_tag","embeddable":true,"href":"https:\/\/global-hookah.com\/de\/wp-json\/wp\/v2\/product_tag?post=31612"}],"curies":[{"name":"wp","href":"https:\/\/api.w.org\/{rel}","templated":true}]}}