{"id":31672,"date":"2025-02-13T07:46:47","date_gmt":"2025-02-13T07:46:47","guid":{"rendered":"https:\/\/global-hookah.com\/?post_type=product&#038;p=31672"},"modified":"2025-02-15T04:04:39","modified_gmt":"2025-02-15T04:04:39","slug":"wholesale-modern-luxury-hookah-set","status":"publish","type":"product","link":"https:\/\/global-hookah.com\/de\/produkt\/wholesale-modern-luxury-hookah-set\/","title":{"rendered":"Gro\u00dfhandel Moderne Luxus Hookah Set"},"content":{"rendered":"<p>Diese <strong>modernes Luxus-Wasserpfeifen-Set<\/strong> entworfen von dem Designer unserer <a href=\"https:\/\/global-hookah.com\/\">Globale Wasserpfeife<\/a> Website definiert das High-End-Raucherlebnis f\u00fcr Sie durch Materialinnovation und modisches Design neu. Die folgenden Merkmale sind<\/p>\n<p>1. <strong>Modernes Luxus-Hookah-Set<\/strong> wiegt nur 2,5 kg, hat eine Sto\u00dffestigkeit von 200 MPa und ist 53 cm hoch. Das Geh\u00e4use ist aus 5 mm dickem Glas mundgeblasen. Das Spannendste ist nat\u00fcrlich, dass es perfekt mit der Lasergravur kompatibel ist.<\/p>\n<p>2. Der bionische Schlauchgriff hat einen ergonomischen Griffwinkel von 30\u00b0, was die Benutzung komfortabler macht.<\/p>\n<p>3. Die mit deutscher Pr\u00e4zision gefertigte Armatur besteht aus einem einzigen Schlauch und einem handgefertigten Glasfu\u00df. Der hochwertige Glask\u00f6rper ist mit einer Epoxidharz-Holzmaserung verziert, die ein hochwertiges Gef\u00fchl vermittelt. \u00dcberraschenderweise ist diese <strong>Modernes Luxus-Hookah-Set<\/strong> zu einem Gro\u00dfhandelspreis von nur $39.9.<\/p>\n<p>&nbsp;<\/p>","protected":false},"excerpt":{"rendered":"<p>Dieses moderne, luxuri\u00f6se Shisha-Set, das vom Designer unserer globalen Shisha-Website entworfen wurde, definiert das High-End-Raucherlebnis neu f\u00fcr<\/p>","protected":false},"featured_media":31676,"comment_status":"closed","ping_status":"closed","template":"","meta":{"iawp_total_views":0,"_joinchat":[]},"product_brand":[],"product_cat":[415,119],"product_tag":[],"class_list":{"0":"post-31672","1":"product","2":"type-product","3":"status-publish","4":"has-post-thumbnail","6":"product_cat-accessories","7":"product_cat-wholesale-hookah","9":"first","10":"instock","11":"shipping-taxable","12":"product-type-external"},"yoast_head":"<!-- This site is optimized with the Yoast SEO Premium plugin v24.7 (Yoast SEO v26.8) - https:\/\/yoast.com\/product\/yoast-seo-premium-wordpress\/ -->\n<title>Wholesale Modern Luxury Hookah Set - Global Hookah<\/title>\n<meta name=\"robots\" content=\"index, follow, max-snippet:-1, max-image-preview:large, max-video-preview:-1\" \/>\n<link rel=\"canonical\" href=\"https:\/\/global-hookah.com\/de\/produkt\/wholesale-modern-luxury-hookah-set\/\" \/>\n<meta property=\"og:locale\" content=\"de_DE\" \/>\n<meta property=\"og:type\" content=\"article\" \/>\n<meta property=\"og:title\" content=\"Wholesale Modern Luxury Hookah Set\" \/>\n<meta property=\"og:description\" content=\"This modern luxury hookah set designed by the designer of our global hookah website redefines the high-end smoking experience for\" \/>\n<meta property=\"og:url\" content=\"https:\/\/global-hookah.com\/de\/produkt\/wholesale-modern-luxury-hookah-set\/\" \/>\n<meta property=\"og:site_name\" content=\"Global Hookah\" \/>\n<meta property=\"article:modified_time\" content=\"2025-02-15T04:04:39+00:00\" \/>\n<meta property=\"og:image\" content=\"https:\/\/global-hookah.com\/wp-content\/uploads\/2025\/02\/be699ecca7fdf453de1fb54356e2028.jpg\" \/>\n\t<meta property=\"og:image:width\" content=\"1280\" \/>\n\t<meta property=\"og:image:height\" content=\"1280\" \/>\n\t<meta property=\"og:image:type\" content=\"image\/jpeg\" \/>\n<meta name=\"twitter:card\" content=\"summary_large_image\" \/>\n<meta name=\"twitter:label1\" content=\"Gesch\u00e4tzte Lesezeit\" \/>\n\t<meta name=\"twitter:data1\" content=\"1\u00a0Minute\" \/>\n<script type=\"application\/ld+json\" class=\"yoast-schema-graph\">{\"@context\":\"https:\/\/schema.org\",\"@graph\":[{\"@type\":\"WebPage\",\"@id\":\"https:\/\/global-hookah.com\/product\/wholesale-modern-luxury-hookah-set\/\",\"url\":\"https:\/\/global-hookah.com\/product\/wholesale-modern-luxury-hookah-set\/\",\"name\":\"Wholesale Modern Luxury Hookah Set - Global Hookah\",\"isPartOf\":{\"@id\":\"https:\/\/global-hookah.com\/#website\"},\"primaryImageOfPage\":{\"@id\":\"https:\/\/global-hookah.com\/product\/wholesale-modern-luxury-hookah-set\/#primaryimage\"},\"image\":{\"@id\":\"https:\/\/global-hookah.com\/product\/wholesale-modern-luxury-hookah-set\/#primaryimage\"},\"thumbnailUrl\":\"https:\/\/global-hookah.com\/wp-content\/uploads\/2025\/02\/be699ecca7fdf453de1fb54356e2028.jpg\",\"datePublished\":\"2025-02-13T07:46:47+00:00\",\"dateModified\":\"2025-02-15T04:04:39+00:00\",\"breadcrumb\":{\"@id\":\"https:\/\/global-hookah.com\/product\/wholesale-modern-luxury-hookah-set\/#breadcrumb\"},\"inLanguage\":\"de\",\"potentialAction\":[{\"@type\":\"ReadAction\",\"target\":[\"https:\/\/global-hookah.com\/product\/wholesale-modern-luxury-hookah-set\/\"]}]},{\"@type\":\"ImageObject\",\"inLanguage\":\"de\",\"@id\":\"https:\/\/global-hookah.com\/product\/wholesale-modern-luxury-hookah-set\/#primaryimage\",\"url\":\"https:\/\/global-hookah.com\/wp-content\/uploads\/2025\/02\/be699ecca7fdf453de1fb54356e2028.jpg\",\"contentUrl\":\"https:\/\/global-hookah.com\/wp-content\/uploads\/2025\/02\/be699ecca7fdf453de1fb54356e2028.jpg\",\"width\":1280,\"height\":1280,\"caption\":\"Wholesale Modern Luxury Hookah Set\"},{\"@type\":\"BreadcrumbList\",\"@id\":\"https:\/\/global-hookah.com\/product\/wholesale-modern-luxury-hookah-set\/#breadcrumb\",\"itemListElement\":[{\"@type\":\"ListItem\",\"position\":1,\"name\":\"Home\",\"item\":\"https:\/\/global-hookah.com\/\"},{\"@type\":\"ListItem\",\"position\":2,\"name\":\"Shop\",\"item\":\"https:\/\/global-hookah.com\/shop\/\"},{\"@type\":\"ListItem\",\"position\":3,\"name\":\"Wholesale Modern Luxury Hookah Set\"}]},{\"@type\":\"WebSite\",\"@id\":\"https:\/\/global-hookah.com\/#website\",\"url\":\"https:\/\/global-hookah.com\/\",\"name\":\"Global Hookah\",\"description\":\"Global Hookah\",\"publisher\":{\"@id\":\"https:\/\/global-hookah.com\/#organization\"},\"potentialAction\":[{\"@type\":\"SearchAction\",\"target\":{\"@type\":\"EntryPoint\",\"urlTemplate\":\"https:\/\/global-hookah.com\/?s={search_term_string}\"},\"query-input\":{\"@type\":\"PropertyValueSpecification\",\"valueRequired\":true,\"valueName\":\"search_term_string\"}}],\"inLanguage\":\"de\"},{\"@type\":\"Organization\",\"@id\":\"https:\/\/global-hookah.com\/#organization\",\"name\":\"Global Hookah\",\"url\":\"https:\/\/global-hookah.com\/\",\"logo\":{\"@type\":\"ImageObject\",\"inLanguage\":\"de\",\"@id\":\"https:\/\/global-hookah.com\/#\/schema\/logo\/image\/\",\"url\":\"https:\/\/global-hookah.com\/wp-content\/uploads\/2021\/10\/cropped-fgg.png\",\"contentUrl\":\"https:\/\/global-hookah.com\/wp-content\/uploads\/2021\/10\/cropped-fgg.png\",\"width\":512,\"height\":512,\"caption\":\"Global Hookah\"},\"image\":{\"@id\":\"https:\/\/global-hookah.com\/#\/schema\/logo\/image\/\"}}]}<\/script>\n<!-- \/ Yoast SEO Premium plugin. -->","yoast_head_json":{"title":"Gro\u00dfhandel Moderne Luxus Hookah Set - Global Hookah","robots":{"index":"index","follow":"follow","max-snippet":"max-snippet:-1","max-image-preview":"max-image-preview:large","max-video-preview":"max-video-preview:-1"},"canonical":"https:\/\/global-hookah.com\/de\/produkt\/wholesale-modern-luxury-hookah-set\/","og_locale":"de_DE","og_type":"article","og_title":"Wholesale Modern Luxury Hookah Set","og_description":"This modern luxury hookah set designed by the designer of our global hookah website redefines the high-end smoking experience for","og_url":"https:\/\/global-hookah.com\/de\/produkt\/wholesale-modern-luxury-hookah-set\/","og_site_name":"Global Hookah","article_modified_time":"2025-02-15T04:04:39+00:00","og_image":[{"width":1280,"height":1280,"url":"https:\/\/global-hookah.com\/wp-content\/uploads\/2025\/02\/be699ecca7fdf453de1fb54356e2028.jpg","type":"image\/jpeg"}],"twitter_card":"summary_large_image","twitter_misc":{"Gesch\u00e4tzte Lesezeit":"1\u00a0Minute"},"schema":{"@context":"https:\/\/schema.org","@graph":[{"@type":"WebPage","@id":"https:\/\/global-hookah.com\/product\/wholesale-modern-luxury-hookah-set\/","url":"https:\/\/global-hookah.com\/product\/wholesale-modern-luxury-hookah-set\/","name":"Gro\u00dfhandel Moderne Luxus Hookah Set - Global Hookah","isPartOf":{"@id":"https:\/\/global-hookah.com\/#website"},"primaryImageOfPage":{"@id":"https:\/\/global-hookah.com\/product\/wholesale-modern-luxury-hookah-set\/#primaryimage"},"image":{"@id":"https:\/\/global-hookah.com\/product\/wholesale-modern-luxury-hookah-set\/#primaryimage"},"thumbnailUrl":"https:\/\/global-hookah.com\/wp-content\/uploads\/2025\/02\/be699ecca7fdf453de1fb54356e2028.jpg","datePublished":"2025-02-13T07:46:47+00:00","dateModified":"2025-02-15T04:04:39+00:00","breadcrumb":{"@id":"https:\/\/global-hookah.com\/product\/wholesale-modern-luxury-hookah-set\/#breadcrumb"},"inLanguage":"de","potentialAction":[{"@type":"ReadAction","target":["https:\/\/global-hookah.com\/product\/wholesale-modern-luxury-hookah-set\/"]}]},{"@type":"ImageObject","inLanguage":"de","@id":"https:\/\/global-hookah.com\/product\/wholesale-modern-luxury-hookah-set\/#primaryimage","url":"https:\/\/global-hookah.com\/wp-content\/uploads\/2025\/02\/be699ecca7fdf453de1fb54356e2028.jpg","contentUrl":"https:\/\/global-hookah.com\/wp-content\/uploads\/2025\/02\/be699ecca7fdf453de1fb54356e2028.jpg","width":1280,"height":1280,"caption":"Wholesale Modern Luxury Hookah Set"},{"@type":"BreadcrumbList","@id":"https:\/\/global-hookah.com\/product\/wholesale-modern-luxury-hookah-set\/#breadcrumb","itemListElement":[{"@type":"ListItem","position":1,"name":"Home","item":"https:\/\/global-hookah.com\/"},{"@type":"ListItem","position":2,"name":"Shop","item":"https:\/\/global-hookah.com\/shop\/"},{"@type":"ListItem","position":3,"name":"Wholesale Modern Luxury Hookah Set"}]},{"@type":"WebSite","@id":"https:\/\/global-hookah.com\/#website","url":"https:\/\/global-hookah.com\/","name":"Globale Wasserpfeife","description":"Globale Wasserpfeife","publisher":{"@id":"https:\/\/global-hookah.com\/#organization"},"potentialAction":[{"@type":"SearchAction","target":{"@type":"EntryPoint","urlTemplate":"https:\/\/global-hookah.com\/?s={search_term_string}"},"query-input":{"@type":"PropertyValueSpecification","valueRequired":true,"valueName":"search_term_string"}}],"inLanguage":"de"},{"@type":"Organization","@id":"https:\/\/global-hookah.com\/#organization","name":"Globale Wasserpfeife","url":"https:\/\/global-hookah.com\/","logo":{"@type":"ImageObject","inLanguage":"de","@id":"https:\/\/global-hookah.com\/#\/schema\/logo\/image\/","url":"https:\/\/global-hookah.com\/wp-content\/uploads\/2021\/10\/cropped-fgg.png","contentUrl":"https:\/\/global-hookah.com\/wp-content\/uploads\/2021\/10\/cropped-fgg.png","width":512,"height":512,"caption":"Global Hookah"},"image":{"@id":"https:\/\/global-hookah.com\/#\/schema\/logo\/image\/"}}]}},"_links":{"self":[{"href":"https:\/\/global-hookah.com\/de\/wp-json\/wp\/v2\/product\/31672","targetHints":{"allow":["GET"]}}],"collection":[{"href":"https:\/\/global-hookah.com\/de\/wp-json\/wp\/v2\/product"}],"about":[{"href":"https:\/\/global-hookah.com\/de\/wp-json\/wp\/v2\/types\/product"}],"replies":[{"embeddable":true,"href":"https:\/\/global-hookah.com\/de\/wp-json\/wp\/v2\/comments?post=31672"}],"version-history":[{"count":0,"href":"https:\/\/global-hookah.com\/de\/wp-json\/wp\/v2\/product\/31672\/revisions"}],"wp:featuredmedia":[{"embeddable":true,"href":"https:\/\/global-hookah.com\/de\/wp-json\/wp\/v2\/media\/31676"}],"wp:attachment":[{"href":"https:\/\/global-hookah.com\/de\/wp-json\/wp\/v2\/media?parent=31672"}],"wp:term":[{"taxonomy":"product_brand","embeddable":true,"href":"https:\/\/global-hookah.com\/de\/wp-json\/wp\/v2\/product_brand?post=31672"},{"taxonomy":"product_cat","embeddable":true,"href":"https:\/\/global-hookah.com\/de\/wp-json\/wp\/v2\/product_cat?post=31672"},{"taxonomy":"product_tag","embeddable":true,"href":"https:\/\/global-hookah.com\/de\/wp-json\/wp\/v2\/product_tag?post=31672"}],"curies":[{"name":"wp","href":"https:\/\/api.w.org\/{rel}","templated":true}]}}