{"id":31794,"date":"2025-03-03T01:25:35","date_gmt":"2025-03-03T01:25:35","guid":{"rendered":"https:\/\/global-hookah.com\/?post_type=product&#038;p=31794"},"modified":"2025-03-03T03:16:20","modified_gmt":"2025-03-03T03:16:20","slug":"wholesale-of-the-latest-2025-silicone-water-bong-styles","status":"publish","type":"product","link":"https:\/\/global-hookah.com\/de\/produkt\/wholesale-of-the-latest-2025-silicone-water-bong-styles\/","title":{"rendered":"Gro\u00dfhandel der neuesten 2025 Silikon Wasserbong Styles"},"content":{"rendered":"<p>Unser <strong>neueste 2025 Silikon-Wasserbongs<\/strong> sind absolut geeignet, den Trend anzuf\u00fchren. Sie sehen, viele <a href=\"https:\/\/global-hookah.com\/product-category\/bong-wholesale\/wholesale-glass-bong\/\">Glasbongs<\/a> auf dem heutigen Markt k\u00f6nnen bei einer unvorsichtigen Bewegung leicht zerbrechen. Aber das ist kein Problem mit unseren Silikonmodellen. Das macht diese Wasserpfeifen perfekt f\u00fcr den Gebrauch im Freien.<\/p>\n<p>Stilvolle modulare Konstruktion: Sie k\u00f6nnen die austauschbaren Sockel oder Downstems der <strong>Silikon-Wasserbongs-Bausatz<\/strong> um ein individuelles Gef\u00fchl zu bekommen - passen Sie es nach Ihrem Geschmack an.<\/p>\n<p>Ergonomisch geformt: Ein gebogener Hals und eine breitere Basis verbessern die Stabilit\u00e4t und Griffigkeit - Form und Funktion gehen nahtlos ineinander \u00fcber.<\/p>\n<p>Im Dunkeln leuchtende Optionen: Einige Modelle sind mit langnachleuchtendem Silikon ausgestattet, um den optischen Reiz zu erh\u00f6hen.<\/p>\n<p>Bequeme Ber\u00fchrung: Einige <strong>Silikon-Wasserbongs<\/strong> Die Modelle verf\u00fcgen \u00fcber eingebaute Eiskerben und Perkolations-Upgrades f\u00fcr sanftere Treffer.<\/p>\n<p>Nat\u00fcrlich k\u00f6nnten einige Cannabis-Enthusiasten anfangs einen leichten Silikongeschmack bem\u00e4ngeln, aber keine Sorge - lassen Sie Ihre Cannabis-Silikonbong einfach kurz in Essig einweichen, und dieses Problem wird perfekt gel\u00f6st.<\/p>","protected":false},"excerpt":{"rendered":"<p>Unsere neuesten 2025 Silikon-Wasserbongs sind absolut bereit, den Trend anzuf\u00fchren. Sie sehen, viele Glasbongs auf dem Markt<\/p>","protected":false},"featured_media":31796,"comment_status":"closed","ping_status":"closed","template":"","meta":{"iawp_total_views":40,"_joinchat":[]},"product_brand":[],"product_cat":[249,534],"product_tag":[],"class_list":{"0":"post-31794","1":"product","2":"type-product","3":"status-publish","4":"has-post-thumbnail","6":"product_cat-bong-wholesale","7":"product_cat-silicone-bong-wholesale","9":"first","10":"instock","11":"shipping-taxable","12":"product-type-external"},"yoast_head":"<!-- This site is optimized with the Yoast SEO Premium plugin v24.7 (Yoast SEO v26.8) - https:\/\/yoast.com\/product\/yoast-seo-premium-wordpress\/ -->\n<title>Wholesale Of The Latest 2025 Silicone Water Bong Styles - Global Hookah<\/title>\n<meta name=\"robots\" content=\"index, follow, max-snippet:-1, max-image-preview:large, max-video-preview:-1\" \/>\n<link rel=\"canonical\" href=\"https:\/\/global-hookah.com\/de\/produkt\/wholesale-of-the-latest-2025-silicone-water-bong-styles\/\" \/>\n<meta property=\"og:locale\" content=\"de_DE\" \/>\n<meta property=\"og:type\" content=\"article\" \/>\n<meta property=\"og:title\" content=\"Wholesale Of The Latest 2025 Silicone Water Bong Styles\" \/>\n<meta property=\"og:description\" content=\"Our latest 2025 silicone water bongs are absolutely set to lead the trend. You see, many glass bongs on the\" \/>\n<meta property=\"og:url\" content=\"https:\/\/global-hookah.com\/de\/produkt\/wholesale-of-the-latest-2025-silicone-water-bong-styles\/\" \/>\n<meta property=\"og:site_name\" content=\"Global Hookah\" \/>\n<meta property=\"article:modified_time\" content=\"2025-03-03T03:16:20+00:00\" \/>\n<meta property=\"og:image\" content=\"https:\/\/global-hookah.com\/wp-content\/uploads\/2025\/03\/661f49f6f90765ad2a412c7475aa2a8.jpg\" \/>\n\t<meta property=\"og:image:width\" content=\"1000\" \/>\n\t<meta property=\"og:image:height\" content=\"1000\" \/>\n\t<meta property=\"og:image:type\" content=\"image\/jpeg\" \/>\n<meta name=\"twitter:card\" content=\"summary_large_image\" \/>\n<meta name=\"twitter:label1\" content=\"Gesch\u00e4tzte Lesezeit\" \/>\n\t<meta name=\"twitter:data1\" content=\"1\u00a0Minute\" \/>\n<script type=\"application\/ld+json\" class=\"yoast-schema-graph\">{\"@context\":\"https:\/\/schema.org\",\"@graph\":[{\"@type\":\"WebPage\",\"@id\":\"https:\/\/global-hookah.com\/product\/wholesale-of-the-latest-2025-silicone-water-bong-styles\/\",\"url\":\"https:\/\/global-hookah.com\/product\/wholesale-of-the-latest-2025-silicone-water-bong-styles\/\",\"name\":\"Wholesale Of The Latest 2025 Silicone Water Bong Styles - Global Hookah\",\"isPartOf\":{\"@id\":\"https:\/\/global-hookah.com\/#website\"},\"primaryImageOfPage\":{\"@id\":\"https:\/\/global-hookah.com\/product\/wholesale-of-the-latest-2025-silicone-water-bong-styles\/#primaryimage\"},\"image\":{\"@id\":\"https:\/\/global-hookah.com\/product\/wholesale-of-the-latest-2025-silicone-water-bong-styles\/#primaryimage\"},\"thumbnailUrl\":\"https:\/\/global-hookah.com\/wp-content\/uploads\/2025\/03\/661f49f6f90765ad2a412c7475aa2a8.jpg\",\"datePublished\":\"2025-03-03T01:25:35+00:00\",\"dateModified\":\"2025-03-03T03:16:20+00:00\",\"breadcrumb\":{\"@id\":\"https:\/\/global-hookah.com\/product\/wholesale-of-the-latest-2025-silicone-water-bong-styles\/#breadcrumb\"},\"inLanguage\":\"de\",\"potentialAction\":[{\"@type\":\"ReadAction\",\"target\":[\"https:\/\/global-hookah.com\/product\/wholesale-of-the-latest-2025-silicone-water-bong-styles\/\"]}]},{\"@type\":\"ImageObject\",\"inLanguage\":\"de\",\"@id\":\"https:\/\/global-hookah.com\/product\/wholesale-of-the-latest-2025-silicone-water-bong-styles\/#primaryimage\",\"url\":\"https:\/\/global-hookah.com\/wp-content\/uploads\/2025\/03\/661f49f6f90765ad2a412c7475aa2a8.jpg\",\"contentUrl\":\"https:\/\/global-hookah.com\/wp-content\/uploads\/2025\/03\/661f49f6f90765ad2a412c7475aa2a8.jpg\",\"width\":1000,\"height\":1000,\"caption\":\"2025 Silicone Water Bong\"},{\"@type\":\"BreadcrumbList\",\"@id\":\"https:\/\/global-hookah.com\/product\/wholesale-of-the-latest-2025-silicone-water-bong-styles\/#breadcrumb\",\"itemListElement\":[{\"@type\":\"ListItem\",\"position\":1,\"name\":\"Home\",\"item\":\"https:\/\/global-hookah.com\/\"},{\"@type\":\"ListItem\",\"position\":2,\"name\":\"Shop\",\"item\":\"https:\/\/global-hookah.com\/shop\/\"},{\"@type\":\"ListItem\",\"position\":3,\"name\":\"Wholesale Of The Latest 2025 Silicone Water Bong Styles\"}]},{\"@type\":\"WebSite\",\"@id\":\"https:\/\/global-hookah.com\/#website\",\"url\":\"https:\/\/global-hookah.com\/\",\"name\":\"Global Hookah\",\"description\":\"Global Hookah\",\"publisher\":{\"@id\":\"https:\/\/global-hookah.com\/#organization\"},\"potentialAction\":[{\"@type\":\"SearchAction\",\"target\":{\"@type\":\"EntryPoint\",\"urlTemplate\":\"https:\/\/global-hookah.com\/?s={search_term_string}\"},\"query-input\":{\"@type\":\"PropertyValueSpecification\",\"valueRequired\":true,\"valueName\":\"search_term_string\"}}],\"inLanguage\":\"de\"},{\"@type\":\"Organization\",\"@id\":\"https:\/\/global-hookah.com\/#organization\",\"name\":\"Global Hookah\",\"url\":\"https:\/\/global-hookah.com\/\",\"logo\":{\"@type\":\"ImageObject\",\"inLanguage\":\"de\",\"@id\":\"https:\/\/global-hookah.com\/#\/schema\/logo\/image\/\",\"url\":\"https:\/\/global-hookah.com\/wp-content\/uploads\/2021\/10\/cropped-fgg.png\",\"contentUrl\":\"https:\/\/global-hookah.com\/wp-content\/uploads\/2021\/10\/cropped-fgg.png\",\"width\":512,\"height\":512,\"caption\":\"Global Hookah\"},\"image\":{\"@id\":\"https:\/\/global-hookah.com\/#\/schema\/logo\/image\/\"}}]}<\/script>\n<!-- \/ Yoast SEO Premium plugin. -->","yoast_head_json":{"title":"Gro\u00dfhandel der neuesten 2025 Silikon Wasserbong Stile - Global Hookah","robots":{"index":"index","follow":"follow","max-snippet":"max-snippet:-1","max-image-preview":"max-image-preview:large","max-video-preview":"max-video-preview:-1"},"canonical":"https:\/\/global-hookah.com\/de\/produkt\/wholesale-of-the-latest-2025-silicone-water-bong-styles\/","og_locale":"de_DE","og_type":"article","og_title":"Wholesale Of The Latest 2025 Silicone Water Bong Styles","og_description":"Our latest 2025 silicone water bongs are absolutely set to lead the trend. You see, many glass bongs on the","og_url":"https:\/\/global-hookah.com\/de\/produkt\/wholesale-of-the-latest-2025-silicone-water-bong-styles\/","og_site_name":"Global Hookah","article_modified_time":"2025-03-03T03:16:20+00:00","og_image":[{"width":1000,"height":1000,"url":"https:\/\/global-hookah.com\/wp-content\/uploads\/2025\/03\/661f49f6f90765ad2a412c7475aa2a8.jpg","type":"image\/jpeg"}],"twitter_card":"summary_large_image","twitter_misc":{"Gesch\u00e4tzte Lesezeit":"1\u00a0Minute"},"schema":{"@context":"https:\/\/schema.org","@graph":[{"@type":"WebPage","@id":"https:\/\/global-hookah.com\/product\/wholesale-of-the-latest-2025-silicone-water-bong-styles\/","url":"https:\/\/global-hookah.com\/product\/wholesale-of-the-latest-2025-silicone-water-bong-styles\/","name":"Gro\u00dfhandel der neuesten 2025 Silikon Wasserbong Stile - Global Hookah","isPartOf":{"@id":"https:\/\/global-hookah.com\/#website"},"primaryImageOfPage":{"@id":"https:\/\/global-hookah.com\/product\/wholesale-of-the-latest-2025-silicone-water-bong-styles\/#primaryimage"},"image":{"@id":"https:\/\/global-hookah.com\/product\/wholesale-of-the-latest-2025-silicone-water-bong-styles\/#primaryimage"},"thumbnailUrl":"https:\/\/global-hookah.com\/wp-content\/uploads\/2025\/03\/661f49f6f90765ad2a412c7475aa2a8.jpg","datePublished":"2025-03-03T01:25:35+00:00","dateModified":"2025-03-03T03:16:20+00:00","breadcrumb":{"@id":"https:\/\/global-hookah.com\/product\/wholesale-of-the-latest-2025-silicone-water-bong-styles\/#breadcrumb"},"inLanguage":"de","potentialAction":[{"@type":"ReadAction","target":["https:\/\/global-hookah.com\/product\/wholesale-of-the-latest-2025-silicone-water-bong-styles\/"]}]},{"@type":"ImageObject","inLanguage":"de","@id":"https:\/\/global-hookah.com\/product\/wholesale-of-the-latest-2025-silicone-water-bong-styles\/#primaryimage","url":"https:\/\/global-hookah.com\/wp-content\/uploads\/2025\/03\/661f49f6f90765ad2a412c7475aa2a8.jpg","contentUrl":"https:\/\/global-hookah.com\/wp-content\/uploads\/2025\/03\/661f49f6f90765ad2a412c7475aa2a8.jpg","width":1000,"height":1000,"caption":"2025 Silicone Water Bong"},{"@type":"BreadcrumbList","@id":"https:\/\/global-hookah.com\/product\/wholesale-of-the-latest-2025-silicone-water-bong-styles\/#breadcrumb","itemListElement":[{"@type":"ListItem","position":1,"name":"Home","item":"https:\/\/global-hookah.com\/"},{"@type":"ListItem","position":2,"name":"Shop","item":"https:\/\/global-hookah.com\/shop\/"},{"@type":"ListItem","position":3,"name":"Wholesale Of The Latest 2025 Silicone Water Bong Styles"}]},{"@type":"WebSite","@id":"https:\/\/global-hookah.com\/#website","url":"https:\/\/global-hookah.com\/","name":"Globale Wasserpfeife","description":"Globale Wasserpfeife","publisher":{"@id":"https:\/\/global-hookah.com\/#organization"},"potentialAction":[{"@type":"SearchAction","target":{"@type":"EntryPoint","urlTemplate":"https:\/\/global-hookah.com\/?s={search_term_string}"},"query-input":{"@type":"PropertyValueSpecification","valueRequired":true,"valueName":"search_term_string"}}],"inLanguage":"de"},{"@type":"Organization","@id":"https:\/\/global-hookah.com\/#organization","name":"Globale Wasserpfeife","url":"https:\/\/global-hookah.com\/","logo":{"@type":"ImageObject","inLanguage":"de","@id":"https:\/\/global-hookah.com\/#\/schema\/logo\/image\/","url":"https:\/\/global-hookah.com\/wp-content\/uploads\/2021\/10\/cropped-fgg.png","contentUrl":"https:\/\/global-hookah.com\/wp-content\/uploads\/2021\/10\/cropped-fgg.png","width":512,"height":512,"caption":"Global Hookah"},"image":{"@id":"https:\/\/global-hookah.com\/#\/schema\/logo\/image\/"}}]}},"_links":{"self":[{"href":"https:\/\/global-hookah.com\/de\/wp-json\/wp\/v2\/product\/31794","targetHints":{"allow":["GET"]}}],"collection":[{"href":"https:\/\/global-hookah.com\/de\/wp-json\/wp\/v2\/product"}],"about":[{"href":"https:\/\/global-hookah.com\/de\/wp-json\/wp\/v2\/types\/product"}],"replies":[{"embeddable":true,"href":"https:\/\/global-hookah.com\/de\/wp-json\/wp\/v2\/comments?post=31794"}],"version-history":[{"count":0,"href":"https:\/\/global-hookah.com\/de\/wp-json\/wp\/v2\/product\/31794\/revisions"}],"wp:featuredmedia":[{"embeddable":true,"href":"https:\/\/global-hookah.com\/de\/wp-json\/wp\/v2\/media\/31796"}],"wp:attachment":[{"href":"https:\/\/global-hookah.com\/de\/wp-json\/wp\/v2\/media?parent=31794"}],"wp:term":[{"taxonomy":"product_brand","embeddable":true,"href":"https:\/\/global-hookah.com\/de\/wp-json\/wp\/v2\/product_brand?post=31794"},{"taxonomy":"product_cat","embeddable":true,"href":"https:\/\/global-hookah.com\/de\/wp-json\/wp\/v2\/product_cat?post=31794"},{"taxonomy":"product_tag","embeddable":true,"href":"https:\/\/global-hookah.com\/de\/wp-json\/wp\/v2\/product_tag?post=31794"}],"curies":[{"name":"wp","href":"https:\/\/api.w.org\/{rel}","templated":true}]}}