{"id":32026,"date":"2025-03-20T02:43:10","date_gmt":"2025-03-20T02:43:10","guid":{"rendered":"https:\/\/global-hookah.com\/?post_type=product&#038;p=32026"},"modified":"2025-03-21T00:47:24","modified_gmt":"2025-03-21T00:47:24","slug":"wholesale-gravity-electric-hookah","status":"publish","type":"product","link":"https:\/\/global-hookah.com\/de\/produkt\/wholesale-gravity-electric-hookah\/","title":{"rendered":"Gro\u00dfhandel Schwerkraft elektrische Wasserpfeife"},"content":{"rendered":"<p>Dies ist definitiv die <strong>beste elektrische Wasserpfeife mit Schwerkraft<\/strong> und zwar aus zwei Gr\u00fcnden: Die komplizierte Vorbereitung von <a href=\"https:\/\/global-hookah.com\/product-category\/wholesale-hookah\/\"><strong>traditionelle Wasserpfeifen<\/strong> <\/a>und kann Ihnen ein gro\u00dfartiges Benutzererlebnis bieten. Sie m\u00fcssen nur die Erzeugung und Inhalation von Rauch nach Belieben durch die einzigartige Gravity-Sensing-Technologie zu steuern! Ich wei\u00df, dass viele Neulinge das Prinzip dieser E-Gravity-Bong etwas seltsam finden, aber solange Sie einige einfache Techniken beherrschen, m\u00fcssen Sie sich nicht die M\u00fche machen, Wasserpfeifenkohlen zu verbrennen. Sie wissen, dass traditionelle Wasserpfeifen nicht nur zeitaufwendig sind, um Holzkohlefeuer vorzubereiten, sondern auch das Problem des instabilen Rauchs haben und sehr schwer zu reinigen sind.<\/p>\n<p>Aber unser neu gestaltetes <strong>Schwerkraft Elektrische Wasserpfeife<\/strong> l\u00f6st diese Probleme. Sie m\u00fcssen sich keine Sorgen mehr machen, dass die Holzkohlenasche den Boden verschmutzt, und haben dar\u00fcber hinaus folgende Vorteile<\/p>\n<p>Technologie zur Erfassung der Schwerkraft: Das Herzst\u00fcck des <strong>e Schwerkraftbong<\/strong> ist sein einzigartiges Schwerkraftkontrollsystem. Neigen Sie das Ger\u00e4t einfach leicht, und der Rauch wird auf nat\u00fcrliche Weise erzeugt und flie\u00dft entsprechend Ihren Bewegungen. Diese intuitive Bedienmethode erm\u00f6glicht es den Benutzern, eine fast instinktive Interaktion mit dem Ger\u00e4t zu bilden, so dass sie die Kraft der Natur sp\u00fcren k\u00f6nnen.<\/p>\n<p>Er verf\u00fcgt \u00fcber eine 360\u00b0-Drehaktivierung, eine ber\u00fchrungslose Rauchabgabe und eine durchl\u00e4ssige Wasserfilterung.<\/p>\n<p>Elektrische Keramikheizung: Das eingebaute hochwertige Keramikheizelement erreicht in Sekundenschnelle die ideale Temperatur und gibt das Aroma von Tabak oder Shisha-Paste gleichm\u00e4\u00dfig ab.<\/p>\n<p>Lang anhaltende Energieunterst\u00fctzung: Ausgestattet mit einem wiederaufladbaren Akku mit gro\u00dfer Kapazit\u00e4t, kann eine einzige Ladung mehrere Stunden ununterbrochene Nutzung erm\u00f6glichen,<\/p>\n<p>Tragbar und \u00e4sthetisch: ein stromlinienf\u00f6rmiges Design mit hochwertigen Materialien, l\u00e4sst Sie die High-End-Qualit\u00e4t sp\u00fcren.<\/p>","protected":false},"excerpt":{"rendered":"<p>Dies ist definitiv die beste Gravity Electric Hookah, die es je gab, und zwar aus zwei Gr\u00fcnden: Sie verabschiedet sich von der komplizierten Zubereitung von<\/p>","protected":false},"featured_media":32029,"comment_status":"closed","ping_status":"closed","template":"","meta":{"iawp_total_views":31,"_joinchat":[]},"product_brand":[],"product_cat":[561,920,119],"product_tag":[],"class_list":{"0":"post-32026","1":"product","2":"type-product","3":"status-publish","4":"has-post-thumbnail","6":"product_cat-electric-hookah-wholesale","7":"product_cat-gravity-hookah-wholesale","8":"product_cat-wholesale-hookah","10":"first","11":"instock","12":"shipping-taxable","13":"product-type-external"},"yoast_head":"<!-- This site is optimized with the Yoast SEO Premium plugin v24.7 (Yoast SEO v26.8) - https:\/\/yoast.com\/product\/yoast-seo-premium-wordpress\/ -->\n<title>Wholesale Gravity Electric Hookah - Global Hookah<\/title>\n<meta name=\"robots\" content=\"index, follow, max-snippet:-1, max-image-preview:large, max-video-preview:-1\" \/>\n<link rel=\"canonical\" href=\"https:\/\/global-hookah.com\/de\/produkt\/wholesale-gravity-electric-hookah\/\" \/>\n<meta property=\"og:locale\" content=\"de_DE\" \/>\n<meta property=\"og:type\" content=\"article\" \/>\n<meta property=\"og:title\" content=\"Wholesale Gravity Electric Hookah\" \/>\n<meta property=\"og:description\" content=\"This is definitely the best Gravity Electric Hookah ever, for two reasons: it says goodbye to the complicated preparation of\" \/>\n<meta property=\"og:url\" content=\"https:\/\/global-hookah.com\/de\/produkt\/wholesale-gravity-electric-hookah\/\" \/>\n<meta property=\"og:site_name\" content=\"Global Hookah\" \/>\n<meta property=\"article:modified_time\" content=\"2025-03-21T00:47:24+00:00\" \/>\n<meta property=\"og:image\" content=\"https:\/\/global-hookah.com\/wp-content\/uploads\/2025\/03\/H9fa817c1555947c7b9eec3f6f05a6fb2H.png\" \/>\n\t<meta property=\"og:image:width\" content=\"800\" \/>\n\t<meta property=\"og:image:height\" content=\"800\" \/>\n\t<meta property=\"og:image:type\" content=\"image\/png\" \/>\n<meta name=\"twitter:card\" content=\"summary_large_image\" \/>\n<meta name=\"twitter:label1\" content=\"Gesch\u00e4tzte Lesezeit\" \/>\n\t<meta name=\"twitter:data1\" content=\"1\u00a0Minute\" \/>\n<script type=\"application\/ld+json\" class=\"yoast-schema-graph\">{\"@context\":\"https:\/\/schema.org\",\"@graph\":[{\"@type\":\"WebPage\",\"@id\":\"https:\/\/global-hookah.com\/product\/wholesale-gravity-electric-hookah\/\",\"url\":\"https:\/\/global-hookah.com\/product\/wholesale-gravity-electric-hookah\/\",\"name\":\"Wholesale Gravity Electric Hookah - Global Hookah\",\"isPartOf\":{\"@id\":\"https:\/\/global-hookah.com\/#website\"},\"primaryImageOfPage\":{\"@id\":\"https:\/\/global-hookah.com\/product\/wholesale-gravity-electric-hookah\/#primaryimage\"},\"image\":{\"@id\":\"https:\/\/global-hookah.com\/product\/wholesale-gravity-electric-hookah\/#primaryimage\"},\"thumbnailUrl\":\"https:\/\/global-hookah.com\/wp-content\/uploads\/2025\/03\/H9fa817c1555947c7b9eec3f6f05a6fb2H.png\",\"datePublished\":\"2025-03-20T02:43:10+00:00\",\"dateModified\":\"2025-03-21T00:47:24+00:00\",\"breadcrumb\":{\"@id\":\"https:\/\/global-hookah.com\/product\/wholesale-gravity-electric-hookah\/#breadcrumb\"},\"inLanguage\":\"de\",\"potentialAction\":[{\"@type\":\"ReadAction\",\"target\":[\"https:\/\/global-hookah.com\/product\/wholesale-gravity-electric-hookah\/\"]}]},{\"@type\":\"ImageObject\",\"inLanguage\":\"de\",\"@id\":\"https:\/\/global-hookah.com\/product\/wholesale-gravity-electric-hookah\/#primaryimage\",\"url\":\"https:\/\/global-hookah.com\/wp-content\/uploads\/2025\/03\/H9fa817c1555947c7b9eec3f6f05a6fb2H.png\",\"contentUrl\":\"https:\/\/global-hookah.com\/wp-content\/uploads\/2025\/03\/H9fa817c1555947c7b9eec3f6f05a6fb2H.png\",\"width\":800,\"height\":800,\"caption\":\"Wholesale Gravity Electric Hookah\"},{\"@type\":\"BreadcrumbList\",\"@id\":\"https:\/\/global-hookah.com\/product\/wholesale-gravity-electric-hookah\/#breadcrumb\",\"itemListElement\":[{\"@type\":\"ListItem\",\"position\":1,\"name\":\"Home\",\"item\":\"https:\/\/global-hookah.com\/\"},{\"@type\":\"ListItem\",\"position\":2,\"name\":\"Shop\",\"item\":\"https:\/\/global-hookah.com\/shop\/\"},{\"@type\":\"ListItem\",\"position\":3,\"name\":\"Wholesale Gravity Electric Hookah\"}]},{\"@type\":\"WebSite\",\"@id\":\"https:\/\/global-hookah.com\/#website\",\"url\":\"https:\/\/global-hookah.com\/\",\"name\":\"Global Hookah\",\"description\":\"Global Hookah\",\"publisher\":{\"@id\":\"https:\/\/global-hookah.com\/#organization\"},\"potentialAction\":[{\"@type\":\"SearchAction\",\"target\":{\"@type\":\"EntryPoint\",\"urlTemplate\":\"https:\/\/global-hookah.com\/?s={search_term_string}\"},\"query-input\":{\"@type\":\"PropertyValueSpecification\",\"valueRequired\":true,\"valueName\":\"search_term_string\"}}],\"inLanguage\":\"de\"},{\"@type\":\"Organization\",\"@id\":\"https:\/\/global-hookah.com\/#organization\",\"name\":\"Global Hookah\",\"url\":\"https:\/\/global-hookah.com\/\",\"logo\":{\"@type\":\"ImageObject\",\"inLanguage\":\"de\",\"@id\":\"https:\/\/global-hookah.com\/#\/schema\/logo\/image\/\",\"url\":\"https:\/\/global-hookah.com\/wp-content\/uploads\/2021\/10\/cropped-fgg.png\",\"contentUrl\":\"https:\/\/global-hookah.com\/wp-content\/uploads\/2021\/10\/cropped-fgg.png\",\"width\":512,\"height\":512,\"caption\":\"Global Hookah\"},\"image\":{\"@id\":\"https:\/\/global-hookah.com\/#\/schema\/logo\/image\/\"}}]}<\/script>\n<!-- \/ Yoast SEO Premium plugin. -->","yoast_head_json":{"title":"Gro\u00dfhandel Schwerkraft elektrische Wasserpfeife - Global Hookah","robots":{"index":"index","follow":"follow","max-snippet":"max-snippet:-1","max-image-preview":"max-image-preview:large","max-video-preview":"max-video-preview:-1"},"canonical":"https:\/\/global-hookah.com\/de\/produkt\/wholesale-gravity-electric-hookah\/","og_locale":"de_DE","og_type":"article","og_title":"Wholesale Gravity Electric Hookah","og_description":"This is definitely the best Gravity Electric Hookah ever, for two reasons: it says goodbye to the complicated preparation of","og_url":"https:\/\/global-hookah.com\/de\/produkt\/wholesale-gravity-electric-hookah\/","og_site_name":"Global Hookah","article_modified_time":"2025-03-21T00:47:24+00:00","og_image":[{"width":800,"height":800,"url":"https:\/\/global-hookah.com\/wp-content\/uploads\/2025\/03\/H9fa817c1555947c7b9eec3f6f05a6fb2H.png","type":"image\/png"}],"twitter_card":"summary_large_image","twitter_misc":{"Gesch\u00e4tzte Lesezeit":"1\u00a0Minute"},"schema":{"@context":"https:\/\/schema.org","@graph":[{"@type":"WebPage","@id":"https:\/\/global-hookah.com\/product\/wholesale-gravity-electric-hookah\/","url":"https:\/\/global-hookah.com\/product\/wholesale-gravity-electric-hookah\/","name":"Gro\u00dfhandel Schwerkraft elektrische Wasserpfeife - Global Hookah","isPartOf":{"@id":"https:\/\/global-hookah.com\/#website"},"primaryImageOfPage":{"@id":"https:\/\/global-hookah.com\/product\/wholesale-gravity-electric-hookah\/#primaryimage"},"image":{"@id":"https:\/\/global-hookah.com\/product\/wholesale-gravity-electric-hookah\/#primaryimage"},"thumbnailUrl":"https:\/\/global-hookah.com\/wp-content\/uploads\/2025\/03\/H9fa817c1555947c7b9eec3f6f05a6fb2H.png","datePublished":"2025-03-20T02:43:10+00:00","dateModified":"2025-03-21T00:47:24+00:00","breadcrumb":{"@id":"https:\/\/global-hookah.com\/product\/wholesale-gravity-electric-hookah\/#breadcrumb"},"inLanguage":"de","potentialAction":[{"@type":"ReadAction","target":["https:\/\/global-hookah.com\/product\/wholesale-gravity-electric-hookah\/"]}]},{"@type":"ImageObject","inLanguage":"de","@id":"https:\/\/global-hookah.com\/product\/wholesale-gravity-electric-hookah\/#primaryimage","url":"https:\/\/global-hookah.com\/wp-content\/uploads\/2025\/03\/H9fa817c1555947c7b9eec3f6f05a6fb2H.png","contentUrl":"https:\/\/global-hookah.com\/wp-content\/uploads\/2025\/03\/H9fa817c1555947c7b9eec3f6f05a6fb2H.png","width":800,"height":800,"caption":"Wholesale Gravity Electric Hookah"},{"@type":"BreadcrumbList","@id":"https:\/\/global-hookah.com\/product\/wholesale-gravity-electric-hookah\/#breadcrumb","itemListElement":[{"@type":"ListItem","position":1,"name":"Home","item":"https:\/\/global-hookah.com\/"},{"@type":"ListItem","position":2,"name":"Shop","item":"https:\/\/global-hookah.com\/shop\/"},{"@type":"ListItem","position":3,"name":"Wholesale Gravity Electric Hookah"}]},{"@type":"WebSite","@id":"https:\/\/global-hookah.com\/#website","url":"https:\/\/global-hookah.com\/","name":"Globale Wasserpfeife","description":"Globale Wasserpfeife","publisher":{"@id":"https:\/\/global-hookah.com\/#organization"},"potentialAction":[{"@type":"SearchAction","target":{"@type":"EntryPoint","urlTemplate":"https:\/\/global-hookah.com\/?s={search_term_string}"},"query-input":{"@type":"PropertyValueSpecification","valueRequired":true,"valueName":"search_term_string"}}],"inLanguage":"de"},{"@type":"Organization","@id":"https:\/\/global-hookah.com\/#organization","name":"Globale Wasserpfeife","url":"https:\/\/global-hookah.com\/","logo":{"@type":"ImageObject","inLanguage":"de","@id":"https:\/\/global-hookah.com\/#\/schema\/logo\/image\/","url":"https:\/\/global-hookah.com\/wp-content\/uploads\/2021\/10\/cropped-fgg.png","contentUrl":"https:\/\/global-hookah.com\/wp-content\/uploads\/2021\/10\/cropped-fgg.png","width":512,"height":512,"caption":"Global Hookah"},"image":{"@id":"https:\/\/global-hookah.com\/#\/schema\/logo\/image\/"}}]}},"_links":{"self":[{"href":"https:\/\/global-hookah.com\/de\/wp-json\/wp\/v2\/product\/32026","targetHints":{"allow":["GET"]}}],"collection":[{"href":"https:\/\/global-hookah.com\/de\/wp-json\/wp\/v2\/product"}],"about":[{"href":"https:\/\/global-hookah.com\/de\/wp-json\/wp\/v2\/types\/product"}],"replies":[{"embeddable":true,"href":"https:\/\/global-hookah.com\/de\/wp-json\/wp\/v2\/comments?post=32026"}],"version-history":[{"count":0,"href":"https:\/\/global-hookah.com\/de\/wp-json\/wp\/v2\/product\/32026\/revisions"}],"wp:featuredmedia":[{"embeddable":true,"href":"https:\/\/global-hookah.com\/de\/wp-json\/wp\/v2\/media\/32029"}],"wp:attachment":[{"href":"https:\/\/global-hookah.com\/de\/wp-json\/wp\/v2\/media?parent=32026"}],"wp:term":[{"taxonomy":"product_brand","embeddable":true,"href":"https:\/\/global-hookah.com\/de\/wp-json\/wp\/v2\/product_brand?post=32026"},{"taxonomy":"product_cat","embeddable":true,"href":"https:\/\/global-hookah.com\/de\/wp-json\/wp\/v2\/product_cat?post=32026"},{"taxonomy":"product_tag","embeddable":true,"href":"https:\/\/global-hookah.com\/de\/wp-json\/wp\/v2\/product_tag?post=32026"}],"curies":[{"name":"wp","href":"https:\/\/api.w.org\/{rel}","templated":true}]}}