{"id":32401,"date":"2025-05-04T03:34:02","date_gmt":"2025-05-04T03:34:02","guid":{"rendered":"https:\/\/global-hookah.com\/?post_type=product&#038;p=32401"},"modified":"2025-05-04T03:35:29","modified_gmt":"2025-05-04T03:35:29","slug":"hookah-ookppldffs","status":"publish","type":"product","link":"https:\/\/global-hookah.com\/de\/produkt\/hookah-ookppldffs\/","title":{"rendered":"Wasserpfeife ookppldffs"},"content":{"rendered":"<p>Diese Produkte sind f\u00fcr viele Arten von Nutzern geeignet, darunter erfahrene E-Zigarettennutzer, die ihren Nikotinkonsum reduzieren wollen, diejenigen, die versuchen, mit dem Rauchen aufzuh\u00f6ren, und Nichtraucher, die sich f\u00fcr E-Zigaretten interessieren, aber nicht mit Nikotin in Ber\u00fchrung kommen wollen. F\u00fcr Nichtraucher bieten die nikotinfreien E-Liquids von VaporFi eine freundliche Einstiegsm\u00f6glichkeit, und diese Produkte werden in der Regel in kleineren Mengen verkauft als nikotinhaltige E-Liquids, so dass sie oft im Ausverkauf angeboten werden. Benutzer k\u00f6nnen Kosten sparen, indem sie erm\u00e4\u00dfigte nikotinhaltige E-Liquids mit 0 mg Nikotin kaufen, z. B. indem sie 0 mg\/ml mit 6 mg\/ml mischen, um eine Konzentration von 3 mg\/ml zu erhalten, wobei die Kosten f\u00fcr eine gro\u00dfe Flasche nur $1 betragen. Dar\u00fcber hinaus bieten nikotinfreie E-Liquids in der Regel ein sanfteres Erlebnis ohne den durch Nikotin verursachten Kehlkopfschlag, so dass sich die Benutzer mehr auf Geschmack, W\u00e4rme und Rauch ohne Irritationen konzentrieren k\u00f6nnen.<\/p>","protected":false},"excerpt":{"rendered":"<p>Diese Produkte sind f\u00fcr viele Arten von Nutzern geeignet, auch f\u00fcr erfahrene E-Zigarettennutzer, die ihren Nikotinkonsum reduzieren wollen,<\/p>","protected":false},"featured_media":32339,"comment_status":"closed","ping_status":"closed","template":"","meta":{"iawp_total_views":2,"_joinchat":[]},"product_brand":[],"product_cat":[415],"product_tag":[],"class_list":{"0":"post-32401","1":"product","2":"type-product","3":"status-publish","4":"has-post-thumbnail","6":"product_cat-accessories","8":"first","9":"instock","10":"shipping-taxable","11":"product-type-simple"},"yoast_head":"<!-- This site is optimized with the Yoast SEO Premium plugin v24.7 (Yoast SEO v26.8) - https:\/\/yoast.com\/product\/yoast-seo-premium-wordpress\/ -->\n<title>hookah ookppldffs - Global Hookah<\/title>\n<meta name=\"robots\" content=\"index, follow, max-snippet:-1, max-image-preview:large, max-video-preview:-1\" \/>\n<link rel=\"canonical\" href=\"https:\/\/global-hookah.com\/de\/produkt\/hookah-ookppldffs\/\" \/>\n<meta property=\"og:locale\" content=\"de_DE\" \/>\n<meta property=\"og:type\" content=\"article\" \/>\n<meta property=\"og:title\" content=\"hookah ookppldffs\" \/>\n<meta property=\"og:description\" content=\"These products are suitable for many types of users, including veteran e-cigarette users who want to reduce their nicotine intake,\" \/>\n<meta property=\"og:url\" content=\"https:\/\/global-hookah.com\/de\/produkt\/hookah-ookppldffs\/\" \/>\n<meta property=\"og:site_name\" content=\"Global Hookah\" \/>\n<meta property=\"article:modified_time\" content=\"2025-05-04T03:35:29+00:00\" \/>\n<meta property=\"og:image\" content=\"https:\/\/global-hookah.com\/wp-content\/uploads\/2025\/04\/O1CN011xelZq20jqEqeuRt6_2217492936886-0-cib.jpg\" \/>\n\t<meta property=\"og:image:width\" content=\"800\" \/>\n\t<meta property=\"og:image:height\" content=\"800\" \/>\n\t<meta property=\"og:image:type\" content=\"image\/jpeg\" \/>\n<meta name=\"twitter:card\" content=\"summary_large_image\" \/>\n<meta name=\"twitter:label1\" content=\"Gesch\u00e4tzte Lesezeit\" \/>\n\t<meta name=\"twitter:data1\" content=\"1\u00a0Minute\" \/>\n<script type=\"application\/ld+json\" class=\"yoast-schema-graph\">{\"@context\":\"https:\/\/schema.org\",\"@graph\":[{\"@type\":\"WebPage\",\"@id\":\"https:\/\/global-hookah.com\/product\/hookah-ookppldffs\/\",\"url\":\"https:\/\/global-hookah.com\/product\/hookah-ookppldffs\/\",\"name\":\"hookah ookppldffs - Global Hookah\",\"isPartOf\":{\"@id\":\"https:\/\/global-hookah.com\/#website\"},\"primaryImageOfPage\":{\"@id\":\"https:\/\/global-hookah.com\/product\/hookah-ookppldffs\/#primaryimage\"},\"image\":{\"@id\":\"https:\/\/global-hookah.com\/product\/hookah-ookppldffs\/#primaryimage\"},\"thumbnailUrl\":\"https:\/\/global-hookah.com\/wp-content\/uploads\/2025\/04\/O1CN011xelZq20jqEqeuRt6_2217492936886-0-cib.jpg\",\"datePublished\":\"2025-05-04T03:34:02+00:00\",\"dateModified\":\"2025-05-04T03:35:29+00:00\",\"breadcrumb\":{\"@id\":\"https:\/\/global-hookah.com\/product\/hookah-ookppldffs\/#breadcrumb\"},\"inLanguage\":\"de\",\"potentialAction\":[{\"@type\":\"ReadAction\",\"target\":[\"https:\/\/global-hookah.com\/product\/hookah-ookppldffs\/\"]}]},{\"@type\":\"ImageObject\",\"inLanguage\":\"de\",\"@id\":\"https:\/\/global-hookah.com\/product\/hookah-ookppldffs\/#primaryimage\",\"url\":\"https:\/\/global-hookah.com\/wp-content\/uploads\/2025\/04\/O1CN011xelZq20jqEqeuRt6_2217492936886-0-cib.jpg\",\"contentUrl\":\"https:\/\/global-hookah.com\/wp-content\/uploads\/2025\/04\/O1CN011xelZq20jqEqeuRt6_2217492936886-0-cib.jpg\",\"width\":800,\"height\":800,\"caption\":\"67mm Beer Bottle Shaped Aluminum Alloy Marijuana Pipe\"},{\"@type\":\"BreadcrumbList\",\"@id\":\"https:\/\/global-hookah.com\/product\/hookah-ookppldffs\/#breadcrumb\",\"itemListElement\":[{\"@type\":\"ListItem\",\"position\":1,\"name\":\"Home\",\"item\":\"https:\/\/global-hookah.com\/\"},{\"@type\":\"ListItem\",\"position\":2,\"name\":\"Shop\",\"item\":\"https:\/\/global-hookah.com\/shop\/\"},{\"@type\":\"ListItem\",\"position\":3,\"name\":\"hookah ookppldffs\"}]},{\"@type\":\"WebSite\",\"@id\":\"https:\/\/global-hookah.com\/#website\",\"url\":\"https:\/\/global-hookah.com\/\",\"name\":\"Global Hookah\",\"description\":\"Global Hookah\",\"publisher\":{\"@id\":\"https:\/\/global-hookah.com\/#organization\"},\"potentialAction\":[{\"@type\":\"SearchAction\",\"target\":{\"@type\":\"EntryPoint\",\"urlTemplate\":\"https:\/\/global-hookah.com\/?s={search_term_string}\"},\"query-input\":{\"@type\":\"PropertyValueSpecification\",\"valueRequired\":true,\"valueName\":\"search_term_string\"}}],\"inLanguage\":\"de\"},{\"@type\":\"Organization\",\"@id\":\"https:\/\/global-hookah.com\/#organization\",\"name\":\"Global Hookah\",\"url\":\"https:\/\/global-hookah.com\/\",\"logo\":{\"@type\":\"ImageObject\",\"inLanguage\":\"de\",\"@id\":\"https:\/\/global-hookah.com\/#\/schema\/logo\/image\/\",\"url\":\"https:\/\/global-hookah.com\/wp-content\/uploads\/2021\/10\/cropped-fgg.png\",\"contentUrl\":\"https:\/\/global-hookah.com\/wp-content\/uploads\/2021\/10\/cropped-fgg.png\",\"width\":512,\"height\":512,\"caption\":\"Global Hookah\"},\"image\":{\"@id\":\"https:\/\/global-hookah.com\/#\/schema\/logo\/image\/\"}}]}<\/script>\n<!-- \/ Yoast SEO Premium plugin. -->","yoast_head_json":{"title":"Wasserpfeife ookppldffs - Global Hookah","robots":{"index":"index","follow":"follow","max-snippet":"max-snippet:-1","max-image-preview":"max-image-preview:large","max-video-preview":"max-video-preview:-1"},"canonical":"https:\/\/global-hookah.com\/de\/produkt\/hookah-ookppldffs\/","og_locale":"de_DE","og_type":"article","og_title":"hookah ookppldffs","og_description":"These products are suitable for many types of users, including veteran e-cigarette users who want to reduce their nicotine intake,","og_url":"https:\/\/global-hookah.com\/de\/produkt\/hookah-ookppldffs\/","og_site_name":"Global Hookah","article_modified_time":"2025-05-04T03:35:29+00:00","og_image":[{"width":800,"height":800,"url":"https:\/\/global-hookah.com\/wp-content\/uploads\/2025\/04\/O1CN011xelZq20jqEqeuRt6_2217492936886-0-cib.jpg","type":"image\/jpeg"}],"twitter_card":"summary_large_image","twitter_misc":{"Gesch\u00e4tzte Lesezeit":"1\u00a0Minute"},"schema":{"@context":"https:\/\/schema.org","@graph":[{"@type":"WebPage","@id":"https:\/\/global-hookah.com\/product\/hookah-ookppldffs\/","url":"https:\/\/global-hookah.com\/product\/hookah-ookppldffs\/","name":"Wasserpfeife ookppldffs - Global Hookah","isPartOf":{"@id":"https:\/\/global-hookah.com\/#website"},"primaryImageOfPage":{"@id":"https:\/\/global-hookah.com\/product\/hookah-ookppldffs\/#primaryimage"},"image":{"@id":"https:\/\/global-hookah.com\/product\/hookah-ookppldffs\/#primaryimage"},"thumbnailUrl":"https:\/\/global-hookah.com\/wp-content\/uploads\/2025\/04\/O1CN011xelZq20jqEqeuRt6_2217492936886-0-cib.jpg","datePublished":"2025-05-04T03:34:02+00:00","dateModified":"2025-05-04T03:35:29+00:00","breadcrumb":{"@id":"https:\/\/global-hookah.com\/product\/hookah-ookppldffs\/#breadcrumb"},"inLanguage":"de","potentialAction":[{"@type":"ReadAction","target":["https:\/\/global-hookah.com\/product\/hookah-ookppldffs\/"]}]},{"@type":"ImageObject","inLanguage":"de","@id":"https:\/\/global-hookah.com\/product\/hookah-ookppldffs\/#primaryimage","url":"https:\/\/global-hookah.com\/wp-content\/uploads\/2025\/04\/O1CN011xelZq20jqEqeuRt6_2217492936886-0-cib.jpg","contentUrl":"https:\/\/global-hookah.com\/wp-content\/uploads\/2025\/04\/O1CN011xelZq20jqEqeuRt6_2217492936886-0-cib.jpg","width":800,"height":800,"caption":"67mm Beer Bottle Shaped Aluminum Alloy Marijuana Pipe"},{"@type":"BreadcrumbList","@id":"https:\/\/global-hookah.com\/product\/hookah-ookppldffs\/#breadcrumb","itemListElement":[{"@type":"ListItem","position":1,"name":"Home","item":"https:\/\/global-hookah.com\/"},{"@type":"ListItem","position":2,"name":"Shop","item":"https:\/\/global-hookah.com\/shop\/"},{"@type":"ListItem","position":3,"name":"hookah ookppldffs"}]},{"@type":"WebSite","@id":"https:\/\/global-hookah.com\/#website","url":"https:\/\/global-hookah.com\/","name":"Globale Wasserpfeife","description":"Globale Wasserpfeife","publisher":{"@id":"https:\/\/global-hookah.com\/#organization"},"potentialAction":[{"@type":"SearchAction","target":{"@type":"EntryPoint","urlTemplate":"https:\/\/global-hookah.com\/?s={search_term_string}"},"query-input":{"@type":"PropertyValueSpecification","valueRequired":true,"valueName":"search_term_string"}}],"inLanguage":"de"},{"@type":"Organization","@id":"https:\/\/global-hookah.com\/#organization","name":"Globale Wasserpfeife","url":"https:\/\/global-hookah.com\/","logo":{"@type":"ImageObject","inLanguage":"de","@id":"https:\/\/global-hookah.com\/#\/schema\/logo\/image\/","url":"https:\/\/global-hookah.com\/wp-content\/uploads\/2021\/10\/cropped-fgg.png","contentUrl":"https:\/\/global-hookah.com\/wp-content\/uploads\/2021\/10\/cropped-fgg.png","width":512,"height":512,"caption":"Global Hookah"},"image":{"@id":"https:\/\/global-hookah.com\/#\/schema\/logo\/image\/"}}]}},"_links":{"self":[{"href":"https:\/\/global-hookah.com\/de\/wp-json\/wp\/v2\/product\/32401","targetHints":{"allow":["GET"]}}],"collection":[{"href":"https:\/\/global-hookah.com\/de\/wp-json\/wp\/v2\/product"}],"about":[{"href":"https:\/\/global-hookah.com\/de\/wp-json\/wp\/v2\/types\/product"}],"replies":[{"embeddable":true,"href":"https:\/\/global-hookah.com\/de\/wp-json\/wp\/v2\/comments?post=32401"}],"version-history":[{"count":0,"href":"https:\/\/global-hookah.com\/de\/wp-json\/wp\/v2\/product\/32401\/revisions"}],"wp:featuredmedia":[{"embeddable":true,"href":"https:\/\/global-hookah.com\/de\/wp-json\/wp\/v2\/media\/32339"}],"wp:attachment":[{"href":"https:\/\/global-hookah.com\/de\/wp-json\/wp\/v2\/media?parent=32401"}],"wp:term":[{"taxonomy":"product_brand","embeddable":true,"href":"https:\/\/global-hookah.com\/de\/wp-json\/wp\/v2\/product_brand?post=32401"},{"taxonomy":"product_cat","embeddable":true,"href":"https:\/\/global-hookah.com\/de\/wp-json\/wp\/v2\/product_cat?post=32401"},{"taxonomy":"product_tag","embeddable":true,"href":"https:\/\/global-hookah.com\/de\/wp-json\/wp\/v2\/product_tag?post=32401"}],"curies":[{"name":"wp","href":"https:\/\/api.w.org\/{rel}","templated":true}]}}