{"id":32456,"date":"2025-05-05T02:56:40","date_gmt":"2025-05-05T02:56:40","guid":{"rendered":"https:\/\/global-hookah.com\/product\/saudi-arabia-luxury-stainless-steel-hookah-wholesale\/"},"modified":"2025-05-06T01:31:43","modified_gmt":"2025-05-06T01:31:43","slug":"saudi-arabia-luxury-stainless-steel-hookah-wholesale","status":"publish","type":"product","link":"https:\/\/global-hookah.com\/de\/produkt\/saudi-arabia-luxury-stainless-steel-hookah-wholesale\/","title":{"rendered":"Saudi Arabien Luxus Edelstahl Wasserpfeife Gro\u00dfhandel"},"content":{"rendered":"<p>Jeder Teil des <strong>Luxus-Edelstahl-Hookah<\/strong> einschlie\u00dflich des Unterteils, des Herzst\u00fccks, des oberen Schlauchs und der Verbindungsst\u00fccke, wurden pr\u00e4zise aus chirurgischem Edelstahl gefertigt, der auch bei hoher Luftfeuchtigkeit nicht rostet. Anders als<a href=\"https:\/\/global-hookah.com\/\"> billige Wasserpfeifen<\/a> aus gemischten Metallen, wir verwenden 100% Edelstahl, um nicht nur die Qualit\u00e4t zu gew\u00e4hrleisten, sondern auch den urspr\u00fcnglichen Geschmack des Wasserpfeifenrauchs zu bewahren<\/p>\n<p>Dar\u00fcber hinaus umfasst die modulare Konstruktion eine Vielzahl von abnehmbaren Komponenten, darunter ein Sp\u00fclventil und Schlauchadapter, die eine schnelle Demontage f\u00fcr eine Sekund\u00e4rreinigung gew\u00e4hrleisten. Die Benutzer k\u00f6nnen das Produkt problemlos mit hei\u00dfem Wasser reinigen. Die Dichtungen, die aus <a href=\"https:\/\/global-hookah.com\/product\/food-grade-silicone-bong-wholesale\/\">lebensmittelechtes Silikon<\/a>versiegeln den Raum zwischen dem Restglas-Borosilikatboden und den Metallteilen, was Bakterienwachstum unm\u00f6glich macht und dem Benutzer bei jedem Gebrauch einen frischen Inhalt garantiert.<\/p>\n<p>Mit diesem<strong> Luxus-Edelstahl-Hookah<\/strong> Mit diesem Modell erlebt der Benutzer alles, was die Shisha zu bieten hat, in voller F\u00fclle und mit einem hohen Ma\u00df an Zufriedenheit. Bei diesem Modell kann der Benutzer die zus\u00e4tzlichen Funktionen wie z. B. abschraubbare Ablassventile und Schlauchadapter individuell anpassen, um <a href=\"https:\/\/global-hookah.com\/product\/stainless-steel-led-remote-control-lamp-water-cigarette-pot-super-large-smoke-plate-wholesale\/\">Kontrolle und Anpassung des Rauchs<\/a> Textur erforderlich, ob dicht, wolkig oder aromatisch. Der einzigartige und sorgf\u00e4ltig entworfene Downstem k\u00fchlt den Rauch auf eine Temperatur, die harte Z\u00fcge verhindert und weiche, seidige Z\u00fcge erm\u00f6glicht, sowie f\u00fcr Mehrschlauchversionen dieser <strong>Luxus-Edelstahl-Hookah<\/strong>Die gleichm\u00e4\u00dfige Rauchabgabe ist garantiert, so dass Bust Sessions f\u00fcr jeden in der Gruppe perfekt sind.<\/p>","protected":false},"excerpt":{"rendered":"<p>Jedes Teil der Luxury Stainless Steel Hookah, einschlie\u00dflich des Downstem, des Herzst\u00fccks, des oberen Rohrs und der Verbindungsst\u00fccke, wurde genauestens<\/p>","protected":false},"featured_media":32457,"comment_status":"open","ping_status":"closed","template":"","meta":{"iawp_total_views":14,"_joinchat":[]},"product_brand":[],"product_cat":[415],"product_tag":[],"class_list":{"0":"post-32456","1":"product","2":"type-product","3":"status-publish","4":"has-post-thumbnail","6":"product_cat-accessories","8":"first","9":"instock","10":"shipping-taxable","11":"product-type-external"},"yoast_head":"<!-- This site is optimized with the Yoast SEO Premium plugin v24.7 (Yoast SEO v26.8) - https:\/\/yoast.com\/product\/yoast-seo-premium-wordpress\/ -->\n<title>Saudi Arabia Luxury Stainless Steel Hookah Wholesale - Global Hookah<\/title>\n<meta name=\"robots\" content=\"index, follow, max-snippet:-1, max-image-preview:large, max-video-preview:-1\" \/>\n<link rel=\"canonical\" href=\"https:\/\/global-hookah.com\/de\/produkt\/saudi-arabia-luxury-stainless-steel-hookah-wholesale\/\" \/>\n<meta property=\"og:locale\" content=\"de_DE\" \/>\n<meta property=\"og:type\" content=\"article\" \/>\n<meta property=\"og:title\" content=\"Saudi Arabia Luxury Stainless Steel Hookah Wholesale\" \/>\n<meta property=\"og:description\" content=\"Every part of the Luxury Stainless Steel Hookah , including the downstem, heart, upper tube, and connectors, have been precisely\" \/>\n<meta property=\"og:url\" content=\"https:\/\/global-hookah.com\/de\/produkt\/saudi-arabia-luxury-stainless-steel-hookah-wholesale\/\" \/>\n<meta property=\"og:site_name\" content=\"Global Hookah\" \/>\n<meta property=\"article:modified_time\" content=\"2025-05-06T01:31:43+00:00\" \/>\n<meta property=\"og:image\" content=\"https:\/\/global-hookah.com\/wp-content\/uploads\/2025\/05\/O1CN01sBmyd82Ii9shYdkij_3927179319-0-cib.jpg\" \/>\n\t<meta property=\"og:image:width\" content=\"1170\" \/>\n\t<meta property=\"og:image:height\" content=\"1170\" \/>\n\t<meta property=\"og:image:type\" content=\"image\/jpeg\" \/>\n<meta name=\"twitter:card\" content=\"summary_large_image\" \/>\n<meta name=\"twitter:label1\" content=\"Gesch\u00e4tzte Lesezeit\" \/>\n\t<meta name=\"twitter:data1\" content=\"1\u00a0Minute\" \/>\n<script type=\"application\/ld+json\" class=\"yoast-schema-graph\">{\"@context\":\"https:\/\/schema.org\",\"@graph\":[{\"@type\":\"WebPage\",\"@id\":\"https:\/\/global-hookah.com\/product\/saudi-arabia-luxury-stainless-steel-hookah-wholesale\/\",\"url\":\"https:\/\/global-hookah.com\/product\/saudi-arabia-luxury-stainless-steel-hookah-wholesale\/\",\"name\":\"Saudi Arabia Luxury Stainless Steel Hookah Wholesale - Global Hookah\",\"isPartOf\":{\"@id\":\"https:\/\/global-hookah.com\/#website\"},\"primaryImageOfPage\":{\"@id\":\"https:\/\/global-hookah.com\/product\/saudi-arabia-luxury-stainless-steel-hookah-wholesale\/#primaryimage\"},\"image\":{\"@id\":\"https:\/\/global-hookah.com\/product\/saudi-arabia-luxury-stainless-steel-hookah-wholesale\/#primaryimage\"},\"thumbnailUrl\":\"https:\/\/global-hookah.com\/wp-content\/uploads\/2025\/05\/O1CN01sBmyd82Ii9shYdkij_3927179319-0-cib.jpg\",\"datePublished\":\"2025-05-05T02:56:40+00:00\",\"dateModified\":\"2025-05-06T01:31:43+00:00\",\"breadcrumb\":{\"@id\":\"https:\/\/global-hookah.com\/product\/saudi-arabia-luxury-stainless-steel-hookah-wholesale\/#breadcrumb\"},\"inLanguage\":\"de\",\"potentialAction\":[{\"@type\":\"ReadAction\",\"target\":[\"https:\/\/global-hookah.com\/product\/saudi-arabia-luxury-stainless-steel-hookah-wholesale\/\"]}]},{\"@type\":\"ImageObject\",\"inLanguage\":\"de\",\"@id\":\"https:\/\/global-hookah.com\/product\/saudi-arabia-luxury-stainless-steel-hookah-wholesale\/#primaryimage\",\"url\":\"https:\/\/global-hookah.com\/wp-content\/uploads\/2025\/05\/O1CN01sBmyd82Ii9shYdkij_3927179319-0-cib.jpg\",\"contentUrl\":\"https:\/\/global-hookah.com\/wp-content\/uploads\/2025\/05\/O1CN01sBmyd82Ii9shYdkij_3927179319-0-cib.jpg\",\"width\":\"1170\",\"height\":\"1170\",\"caption\":\"Saudi Arabia Luxury Stainless Steel Hookah Wholesale\"},{\"@type\":\"BreadcrumbList\",\"@id\":\"https:\/\/global-hookah.com\/product\/saudi-arabia-luxury-stainless-steel-hookah-wholesale\/#breadcrumb\",\"itemListElement\":[{\"@type\":\"ListItem\",\"position\":1,\"name\":\"Home\",\"item\":\"https:\/\/global-hookah.com\/\"},{\"@type\":\"ListItem\",\"position\":2,\"name\":\"Shop\",\"item\":\"https:\/\/global-hookah.com\/shop\/\"},{\"@type\":\"ListItem\",\"position\":3,\"name\":\"Saudi Arabia Luxury Stainless Steel Hookah Wholesale\"}]},{\"@type\":\"WebSite\",\"@id\":\"https:\/\/global-hookah.com\/#website\",\"url\":\"https:\/\/global-hookah.com\/\",\"name\":\"Global Hookah\",\"description\":\"Global Hookah\",\"publisher\":{\"@id\":\"https:\/\/global-hookah.com\/#organization\"},\"potentialAction\":[{\"@type\":\"SearchAction\",\"target\":{\"@type\":\"EntryPoint\",\"urlTemplate\":\"https:\/\/global-hookah.com\/?s={search_term_string}\"},\"query-input\":{\"@type\":\"PropertyValueSpecification\",\"valueRequired\":true,\"valueName\":\"search_term_string\"}}],\"inLanguage\":\"de\"},{\"@type\":\"Organization\",\"@id\":\"https:\/\/global-hookah.com\/#organization\",\"name\":\"Global Hookah\",\"url\":\"https:\/\/global-hookah.com\/\",\"logo\":{\"@type\":\"ImageObject\",\"inLanguage\":\"de\",\"@id\":\"https:\/\/global-hookah.com\/#\/schema\/logo\/image\/\",\"url\":\"https:\/\/global-hookah.com\/wp-content\/uploads\/2021\/10\/cropped-fgg.png\",\"contentUrl\":\"https:\/\/global-hookah.com\/wp-content\/uploads\/2021\/10\/cropped-fgg.png\",\"width\":512,\"height\":512,\"caption\":\"Global Hookah\"},\"image\":{\"@id\":\"https:\/\/global-hookah.com\/#\/schema\/logo\/image\/\"}}]}<\/script>\n<!-- \/ Yoast SEO Premium plugin. -->","yoast_head_json":{"title":"Saudi Arabien Luxus Edelstahl Wasserpfeife Gro\u00dfhandel - Global Hookah","robots":{"index":"index","follow":"follow","max-snippet":"max-snippet:-1","max-image-preview":"max-image-preview:large","max-video-preview":"max-video-preview:-1"},"canonical":"https:\/\/global-hookah.com\/de\/produkt\/saudi-arabia-luxury-stainless-steel-hookah-wholesale\/","og_locale":"de_DE","og_type":"article","og_title":"Saudi Arabia Luxury Stainless Steel Hookah Wholesale","og_description":"Every part of the Luxury Stainless Steel Hookah , including the downstem, heart, upper tube, and connectors, have been precisely","og_url":"https:\/\/global-hookah.com\/de\/produkt\/saudi-arabia-luxury-stainless-steel-hookah-wholesale\/","og_site_name":"Global Hookah","article_modified_time":"2025-05-06T01:31:43+00:00","og_image":[{"width":1170,"height":1170,"url":"https:\/\/global-hookah.com\/wp-content\/uploads\/2025\/05\/O1CN01sBmyd82Ii9shYdkij_3927179319-0-cib.jpg","type":"image\/jpeg"}],"twitter_card":"summary_large_image","twitter_misc":{"Gesch\u00e4tzte Lesezeit":"1\u00a0Minute"},"schema":{"@context":"https:\/\/schema.org","@graph":[{"@type":"WebPage","@id":"https:\/\/global-hookah.com\/product\/saudi-arabia-luxury-stainless-steel-hookah-wholesale\/","url":"https:\/\/global-hookah.com\/product\/saudi-arabia-luxury-stainless-steel-hookah-wholesale\/","name":"Saudi Arabien Luxus Edelstahl Wasserpfeife Gro\u00dfhandel - Global Hookah","isPartOf":{"@id":"https:\/\/global-hookah.com\/#website"},"primaryImageOfPage":{"@id":"https:\/\/global-hookah.com\/product\/saudi-arabia-luxury-stainless-steel-hookah-wholesale\/#primaryimage"},"image":{"@id":"https:\/\/global-hookah.com\/product\/saudi-arabia-luxury-stainless-steel-hookah-wholesale\/#primaryimage"},"thumbnailUrl":"https:\/\/global-hookah.com\/wp-content\/uploads\/2025\/05\/O1CN01sBmyd82Ii9shYdkij_3927179319-0-cib.jpg","datePublished":"2025-05-05T02:56:40+00:00","dateModified":"2025-05-06T01:31:43+00:00","breadcrumb":{"@id":"https:\/\/global-hookah.com\/product\/saudi-arabia-luxury-stainless-steel-hookah-wholesale\/#breadcrumb"},"inLanguage":"de","potentialAction":[{"@type":"ReadAction","target":["https:\/\/global-hookah.com\/product\/saudi-arabia-luxury-stainless-steel-hookah-wholesale\/"]}]},{"@type":"ImageObject","inLanguage":"de","@id":"https:\/\/global-hookah.com\/product\/saudi-arabia-luxury-stainless-steel-hookah-wholesale\/#primaryimage","url":"https:\/\/global-hookah.com\/wp-content\/uploads\/2025\/05\/O1CN01sBmyd82Ii9shYdkij_3927179319-0-cib.jpg","contentUrl":"https:\/\/global-hookah.com\/wp-content\/uploads\/2025\/05\/O1CN01sBmyd82Ii9shYdkij_3927179319-0-cib.jpg","width":"1170","height":"1170","caption":"Saudi Arabia Luxury Stainless Steel Hookah Wholesale"},{"@type":"BreadcrumbList","@id":"https:\/\/global-hookah.com\/product\/saudi-arabia-luxury-stainless-steel-hookah-wholesale\/#breadcrumb","itemListElement":[{"@type":"ListItem","position":1,"name":"Home","item":"https:\/\/global-hookah.com\/"},{"@type":"ListItem","position":2,"name":"Shop","item":"https:\/\/global-hookah.com\/shop\/"},{"@type":"ListItem","position":3,"name":"Saudi Arabia Luxury Stainless Steel Hookah Wholesale"}]},{"@type":"WebSite","@id":"https:\/\/global-hookah.com\/#website","url":"https:\/\/global-hookah.com\/","name":"Globale Wasserpfeife","description":"Globale Wasserpfeife","publisher":{"@id":"https:\/\/global-hookah.com\/#organization"},"potentialAction":[{"@type":"SearchAction","target":{"@type":"EntryPoint","urlTemplate":"https:\/\/global-hookah.com\/?s={search_term_string}"},"query-input":{"@type":"PropertyValueSpecification","valueRequired":true,"valueName":"search_term_string"}}],"inLanguage":"de"},{"@type":"Organization","@id":"https:\/\/global-hookah.com\/#organization","name":"Globale Wasserpfeife","url":"https:\/\/global-hookah.com\/","logo":{"@type":"ImageObject","inLanguage":"de","@id":"https:\/\/global-hookah.com\/#\/schema\/logo\/image\/","url":"https:\/\/global-hookah.com\/wp-content\/uploads\/2021\/10\/cropped-fgg.png","contentUrl":"https:\/\/global-hookah.com\/wp-content\/uploads\/2021\/10\/cropped-fgg.png","width":512,"height":512,"caption":"Global Hookah"},"image":{"@id":"https:\/\/global-hookah.com\/#\/schema\/logo\/image\/"}}]}},"_links":{"self":[{"href":"https:\/\/global-hookah.com\/de\/wp-json\/wp\/v2\/product\/32456","targetHints":{"allow":["GET"]}}],"collection":[{"href":"https:\/\/global-hookah.com\/de\/wp-json\/wp\/v2\/product"}],"about":[{"href":"https:\/\/global-hookah.com\/de\/wp-json\/wp\/v2\/types\/product"}],"replies":[{"embeddable":true,"href":"https:\/\/global-hookah.com\/de\/wp-json\/wp\/v2\/comments?post=32456"}],"version-history":[{"count":0,"href":"https:\/\/global-hookah.com\/de\/wp-json\/wp\/v2\/product\/32456\/revisions"}],"wp:featuredmedia":[{"embeddable":true,"href":"https:\/\/global-hookah.com\/de\/wp-json\/wp\/v2\/media\/32457"}],"wp:attachment":[{"href":"https:\/\/global-hookah.com\/de\/wp-json\/wp\/v2\/media?parent=32456"}],"wp:term":[{"taxonomy":"product_brand","embeddable":true,"href":"https:\/\/global-hookah.com\/de\/wp-json\/wp\/v2\/product_brand?post=32456"},{"taxonomy":"product_cat","embeddable":true,"href":"https:\/\/global-hookah.com\/de\/wp-json\/wp\/v2\/product_cat?post=32456"},{"taxonomy":"product_tag","embeddable":true,"href":"https:\/\/global-hookah.com\/de\/wp-json\/wp\/v2\/product_tag?post=32456"}],"curies":[{"name":"wp","href":"https:\/\/api.w.org\/{rel}","templated":true}]}}