{"id":32483,"date":"2025-05-05T02:58:59","date_gmt":"2025-05-05T02:58:59","guid":{"rendered":"https:\/\/global-hookah.com\/product\/arabic-small-travel-hookah-wholesale\/"},"modified":"2025-05-06T01:08:59","modified_gmt":"2025-05-06T01:08:59","slug":"arabic-small-travel-hookah-wholesale","status":"publish","type":"product","link":"https:\/\/global-hookah.com\/de\/produkt\/arabic-small-travel-hookah-wholesale\/","title":{"rendered":"Arabische kleine Reisehookah Gro\u00dfhandel"},"content":{"rendered":"<p>Bei der Gestaltung dieser<strong> Kleine Reise-Wasserpfeife<\/strong>William, unser globaler Shisha-Designer, hat den Shisha-K\u00f6rper bewusst aus einer Aluminiumlegierung gefertigt, und jedes Exemplar wiegt etwa 2 Kilogramm.<\/p>\n<p>Dar\u00fcber hinaus wiegt es nur ein Drittel der <a href=\"https:\/\/global-hookah.com\/\"><strong>traditionelle Wasserpfeifen<\/strong><\/a>so dass es leicht zu tragen. Jedes Mal, wenn Sie paffen, wird die LED-Beleuchtung, die wir Ihnen geben, tauchen Sie in jeder Wasserpfeife Erfahrung, so dass Sie ein doppeltes Vergn\u00fcgen in Bezug auf die Vision und sensorische Erfahrung.<\/p>\n<p>Der gr\u00f6\u00dfte Vorteil der Small Travel Hookah liegt jedoch in der kompakten Reisegr\u00f6\u00dfe, die es erm\u00f6glicht, dass sie problemlos in den Rucksack oder Koffer des Reisenden passt und mit einer speziellen Schutzh\u00fclle versehen ist. Die schnelle Montage erm\u00f6glicht es dem Benutzer, innerhalb weniger Minuten in reichen Wolken zu schwelgen.<\/p>\n<p>Allerdings ist diese<strong> Reise-Hookah'<\/strong>Die geringe Gr\u00f6\u00dfe des Ger\u00e4ts sollte Sie nicht in die Irre f\u00fchren: Es ist mit einem hocheffizienten Rauchdiffusor ausgestattet, der f\u00fcr eine gleichm\u00e4\u00dfige und reichhaltige Rauchabgabe sorgt, wie bei herk\u00f6mmlichen Ger\u00e4ten, <a href=\"https:\/\/global-hookah.com\/product\/customized-wholesale-arabic-shisha-hookah-large-size-aluminum-alloy-spring-design\/\">gro\u00dfe Wasserpfeifen<\/a>. Von klassischem Apfel und Minze bis hin zu tropischen Fruchtmischungen funktioniert es mit vielen Shisha-Geschmacksrichtungen, um den einzigartigen Geschmack jedes Kunden zu befriedigen. Die Gro\u00dfhandelssets werden mit einer Auswahl an Schalentypen wie Phunnel oder Vortex geliefert, so dass Sie Ihren Kunden eine vielf\u00e4ltige Auswahl bieten k\u00f6nnen.<\/p>\n<p>Diese <strong>kleine Wasserpfeife<\/strong> ist f\u00fcr Gro\u00dfh\u00e4ndler gedacht. Unsere Wasserpfeife Fabrik kann auch verschiedene Farben, Logos und Muster nach Kundenwunsch anpassen, um Kundenbed\u00fcrfnisse zu erf\u00fcllen.<\/p>","protected":false},"excerpt":{"rendered":"<p>Beim Entwurf dieser Small Travel Hookah hat William, unser globaler Wasserpfeifen-Designer, den K\u00f6rper der Wasserpfeife bewusst aus einer Aluminiumlegierung gefertigt,<\/p>","protected":false},"featured_media":32484,"comment_status":"open","ping_status":"closed","template":"","meta":{"iawp_total_views":22,"_joinchat":[]},"product_brand":[],"product_cat":[559,119],"product_tag":[],"class_list":{"0":"post-32483","1":"product","2":"type-product","3":"status-publish","4":"has-post-thumbnail","6":"product_cat-portable-hookah-wholesale","7":"product_cat-wholesale-hookah","9":"first","10":"instock","11":"shipping-taxable","12":"product-type-external"},"yoast_head":"<!-- This site is optimized with the Yoast SEO Premium plugin v24.7 (Yoast SEO v26.8) - https:\/\/yoast.com\/product\/yoast-seo-premium-wordpress\/ -->\n<title>Arabic Small Travel Hookah Wholesale - Global Hookah<\/title>\n<meta name=\"robots\" content=\"index, follow, max-snippet:-1, max-image-preview:large, max-video-preview:-1\" \/>\n<link rel=\"canonical\" href=\"https:\/\/global-hookah.com\/de\/produkt\/arabic-small-travel-hookah-wholesale\/\" \/>\n<meta property=\"og:locale\" content=\"de_DE\" \/>\n<meta property=\"og:type\" content=\"article\" \/>\n<meta property=\"og:title\" content=\"Arabic Small Travel Hookah Wholesale\" \/>\n<meta property=\"og:description\" content=\"When designing this Small Travel Hookah, William, our global hookah designer, deliberately made the hookah body out of aluminum alloy,\" \/>\n<meta property=\"og:url\" content=\"https:\/\/global-hookah.com\/de\/produkt\/arabic-small-travel-hookah-wholesale\/\" \/>\n<meta property=\"og:site_name\" content=\"Global Hookah\" \/>\n<meta property=\"article:modified_time\" content=\"2025-05-06T01:08:59+00:00\" \/>\n<meta property=\"og:image\" content=\"https:\/\/global-hookah.com\/wp-content\/uploads\/2025\/05\/O1CN01VzUw9F1O1SW3kEgz0_2218385811645-0-cib.jpg\" \/>\n\t<meta property=\"og:image:width\" content=\"1600\" \/>\n\t<meta property=\"og:image:height\" content=\"1600\" \/>\n\t<meta property=\"og:image:type\" content=\"image\/jpeg\" \/>\n<meta name=\"twitter:card\" content=\"summary_large_image\" \/>\n<meta name=\"twitter:label1\" content=\"Gesch\u00e4tzte Lesezeit\" \/>\n\t<meta name=\"twitter:data1\" content=\"1\u00a0Minute\" \/>\n<script type=\"application\/ld+json\" class=\"yoast-schema-graph\">{\"@context\":\"https:\/\/schema.org\",\"@graph\":[{\"@type\":\"WebPage\",\"@id\":\"https:\/\/global-hookah.com\/product\/arabic-small-travel-hookah-wholesale\/\",\"url\":\"https:\/\/global-hookah.com\/product\/arabic-small-travel-hookah-wholesale\/\",\"name\":\"Arabic Small Travel Hookah Wholesale - Global Hookah\",\"isPartOf\":{\"@id\":\"https:\/\/global-hookah.com\/#website\"},\"primaryImageOfPage\":{\"@id\":\"https:\/\/global-hookah.com\/product\/arabic-small-travel-hookah-wholesale\/#primaryimage\"},\"image\":{\"@id\":\"https:\/\/global-hookah.com\/product\/arabic-small-travel-hookah-wholesale\/#primaryimage\"},\"thumbnailUrl\":\"https:\/\/global-hookah.com\/wp-content\/uploads\/2025\/05\/O1CN01VzUw9F1O1SW3kEgz0_2218385811645-0-cib.jpg\",\"datePublished\":\"2025-05-05T02:58:59+00:00\",\"dateModified\":\"2025-05-06T01:08:59+00:00\",\"breadcrumb\":{\"@id\":\"https:\/\/global-hookah.com\/product\/arabic-small-travel-hookah-wholesale\/#breadcrumb\"},\"inLanguage\":\"de\",\"potentialAction\":[{\"@type\":\"ReadAction\",\"target\":[\"https:\/\/global-hookah.com\/product\/arabic-small-travel-hookah-wholesale\/\"]}]},{\"@type\":\"ImageObject\",\"inLanguage\":\"de\",\"@id\":\"https:\/\/global-hookah.com\/product\/arabic-small-travel-hookah-wholesale\/#primaryimage\",\"url\":\"https:\/\/global-hookah.com\/wp-content\/uploads\/2025\/05\/O1CN01VzUw9F1O1SW3kEgz0_2218385811645-0-cib.jpg\",\"contentUrl\":\"https:\/\/global-hookah.com\/wp-content\/uploads\/2025\/05\/O1CN01VzUw9F1O1SW3kEgz0_2218385811645-0-cib.jpg\",\"width\":\"1600\",\"height\":\"1600\",\"caption\":\"Arabic Small Travel Hookah Wholesale\"},{\"@type\":\"BreadcrumbList\",\"@id\":\"https:\/\/global-hookah.com\/product\/arabic-small-travel-hookah-wholesale\/#breadcrumb\",\"itemListElement\":[{\"@type\":\"ListItem\",\"position\":1,\"name\":\"Home\",\"item\":\"https:\/\/global-hookah.com\/\"},{\"@type\":\"ListItem\",\"position\":2,\"name\":\"Shop\",\"item\":\"https:\/\/global-hookah.com\/shop\/\"},{\"@type\":\"ListItem\",\"position\":3,\"name\":\"Arabic Small Travel Hookah Wholesale\"}]},{\"@type\":\"WebSite\",\"@id\":\"https:\/\/global-hookah.com\/#website\",\"url\":\"https:\/\/global-hookah.com\/\",\"name\":\"Global Hookah\",\"description\":\"Global Hookah\",\"publisher\":{\"@id\":\"https:\/\/global-hookah.com\/#organization\"},\"potentialAction\":[{\"@type\":\"SearchAction\",\"target\":{\"@type\":\"EntryPoint\",\"urlTemplate\":\"https:\/\/global-hookah.com\/?s={search_term_string}\"},\"query-input\":{\"@type\":\"PropertyValueSpecification\",\"valueRequired\":true,\"valueName\":\"search_term_string\"}}],\"inLanguage\":\"de\"},{\"@type\":\"Organization\",\"@id\":\"https:\/\/global-hookah.com\/#organization\",\"name\":\"Global Hookah\",\"url\":\"https:\/\/global-hookah.com\/\",\"logo\":{\"@type\":\"ImageObject\",\"inLanguage\":\"de\",\"@id\":\"https:\/\/global-hookah.com\/#\/schema\/logo\/image\/\",\"url\":\"https:\/\/global-hookah.com\/wp-content\/uploads\/2021\/10\/cropped-fgg.png\",\"contentUrl\":\"https:\/\/global-hookah.com\/wp-content\/uploads\/2021\/10\/cropped-fgg.png\",\"width\":512,\"height\":512,\"caption\":\"Global Hookah\"},\"image\":{\"@id\":\"https:\/\/global-hookah.com\/#\/schema\/logo\/image\/\"}}]}<\/script>\n<!-- \/ Yoast SEO Premium plugin. -->","yoast_head_json":{"title":"Arabische kleine Reisehookah Gro\u00dfhandel - Global Hookah","robots":{"index":"index","follow":"follow","max-snippet":"max-snippet:-1","max-image-preview":"max-image-preview:large","max-video-preview":"max-video-preview:-1"},"canonical":"https:\/\/global-hookah.com\/de\/produkt\/arabic-small-travel-hookah-wholesale\/","og_locale":"de_DE","og_type":"article","og_title":"Arabic Small Travel Hookah Wholesale","og_description":"When designing this Small Travel Hookah, William, our global hookah designer, deliberately made the hookah body out of aluminum alloy,","og_url":"https:\/\/global-hookah.com\/de\/produkt\/arabic-small-travel-hookah-wholesale\/","og_site_name":"Global Hookah","article_modified_time":"2025-05-06T01:08:59+00:00","og_image":[{"width":1600,"height":1600,"url":"https:\/\/global-hookah.com\/wp-content\/uploads\/2025\/05\/O1CN01VzUw9F1O1SW3kEgz0_2218385811645-0-cib.jpg","type":"image\/jpeg"}],"twitter_card":"summary_large_image","twitter_misc":{"Gesch\u00e4tzte Lesezeit":"1\u00a0Minute"},"schema":{"@context":"https:\/\/schema.org","@graph":[{"@type":"WebPage","@id":"https:\/\/global-hookah.com\/product\/arabic-small-travel-hookah-wholesale\/","url":"https:\/\/global-hookah.com\/product\/arabic-small-travel-hookah-wholesale\/","name":"Arabische kleine Reisehookah Gro\u00dfhandel - Global Hookah","isPartOf":{"@id":"https:\/\/global-hookah.com\/#website"},"primaryImageOfPage":{"@id":"https:\/\/global-hookah.com\/product\/arabic-small-travel-hookah-wholesale\/#primaryimage"},"image":{"@id":"https:\/\/global-hookah.com\/product\/arabic-small-travel-hookah-wholesale\/#primaryimage"},"thumbnailUrl":"https:\/\/global-hookah.com\/wp-content\/uploads\/2025\/05\/O1CN01VzUw9F1O1SW3kEgz0_2218385811645-0-cib.jpg","datePublished":"2025-05-05T02:58:59+00:00","dateModified":"2025-05-06T01:08:59+00:00","breadcrumb":{"@id":"https:\/\/global-hookah.com\/product\/arabic-small-travel-hookah-wholesale\/#breadcrumb"},"inLanguage":"de","potentialAction":[{"@type":"ReadAction","target":["https:\/\/global-hookah.com\/product\/arabic-small-travel-hookah-wholesale\/"]}]},{"@type":"ImageObject","inLanguage":"de","@id":"https:\/\/global-hookah.com\/product\/arabic-small-travel-hookah-wholesale\/#primaryimage","url":"https:\/\/global-hookah.com\/wp-content\/uploads\/2025\/05\/O1CN01VzUw9F1O1SW3kEgz0_2218385811645-0-cib.jpg","contentUrl":"https:\/\/global-hookah.com\/wp-content\/uploads\/2025\/05\/O1CN01VzUw9F1O1SW3kEgz0_2218385811645-0-cib.jpg","width":"1600","height":"1600","caption":"Arabic Small Travel Hookah Wholesale"},{"@type":"BreadcrumbList","@id":"https:\/\/global-hookah.com\/product\/arabic-small-travel-hookah-wholesale\/#breadcrumb","itemListElement":[{"@type":"ListItem","position":1,"name":"Home","item":"https:\/\/global-hookah.com\/"},{"@type":"ListItem","position":2,"name":"Shop","item":"https:\/\/global-hookah.com\/shop\/"},{"@type":"ListItem","position":3,"name":"Arabic Small Travel Hookah Wholesale"}]},{"@type":"WebSite","@id":"https:\/\/global-hookah.com\/#website","url":"https:\/\/global-hookah.com\/","name":"Globale Wasserpfeife","description":"Globale Wasserpfeife","publisher":{"@id":"https:\/\/global-hookah.com\/#organization"},"potentialAction":[{"@type":"SearchAction","target":{"@type":"EntryPoint","urlTemplate":"https:\/\/global-hookah.com\/?s={search_term_string}"},"query-input":{"@type":"PropertyValueSpecification","valueRequired":true,"valueName":"search_term_string"}}],"inLanguage":"de"},{"@type":"Organization","@id":"https:\/\/global-hookah.com\/#organization","name":"Globale Wasserpfeife","url":"https:\/\/global-hookah.com\/","logo":{"@type":"ImageObject","inLanguage":"de","@id":"https:\/\/global-hookah.com\/#\/schema\/logo\/image\/","url":"https:\/\/global-hookah.com\/wp-content\/uploads\/2021\/10\/cropped-fgg.png","contentUrl":"https:\/\/global-hookah.com\/wp-content\/uploads\/2021\/10\/cropped-fgg.png","width":512,"height":512,"caption":"Global Hookah"},"image":{"@id":"https:\/\/global-hookah.com\/#\/schema\/logo\/image\/"}}]}},"_links":{"self":[{"href":"https:\/\/global-hookah.com\/de\/wp-json\/wp\/v2\/product\/32483","targetHints":{"allow":["GET"]}}],"collection":[{"href":"https:\/\/global-hookah.com\/de\/wp-json\/wp\/v2\/product"}],"about":[{"href":"https:\/\/global-hookah.com\/de\/wp-json\/wp\/v2\/types\/product"}],"replies":[{"embeddable":true,"href":"https:\/\/global-hookah.com\/de\/wp-json\/wp\/v2\/comments?post=32483"}],"version-history":[{"count":0,"href":"https:\/\/global-hookah.com\/de\/wp-json\/wp\/v2\/product\/32483\/revisions"}],"wp:featuredmedia":[{"embeddable":true,"href":"https:\/\/global-hookah.com\/de\/wp-json\/wp\/v2\/media\/32484"}],"wp:attachment":[{"href":"https:\/\/global-hookah.com\/de\/wp-json\/wp\/v2\/media?parent=32483"}],"wp:term":[{"taxonomy":"product_brand","embeddable":true,"href":"https:\/\/global-hookah.com\/de\/wp-json\/wp\/v2\/product_brand?post=32483"},{"taxonomy":"product_cat","embeddable":true,"href":"https:\/\/global-hookah.com\/de\/wp-json\/wp\/v2\/product_cat?post=32483"},{"taxonomy":"product_tag","embeddable":true,"href":"https:\/\/global-hookah.com\/de\/wp-json\/wp\/v2\/product_tag?post=32483"}],"curies":[{"name":"wp","href":"https:\/\/api.w.org\/{rel}","templated":true}]}}