{"id":32524,"date":"2025-05-05T03:04:26","date_gmt":"2025-05-05T03:04:26","guid":{"rendered":"https:\/\/global-hookah.com\/product\/arabian-cobra-shaped-hookah-wholesale\/"},"modified":"2025-05-06T00:21:40","modified_gmt":"2025-05-06T00:21:40","slug":"arabian-cobra-shaped-hookah-wholesale","status":"publish","type":"product","link":"https:\/\/global-hookah.com\/de\/produkt\/arabian-cobra-shaped-hookah-wholesale\/","title":{"rendered":"Arabische Kobra geformt Wasserpfeife Gro\u00dfhandel"},"content":{"rendered":"<p>Unser <strong>Arabische Kobra geformt Wasserpfeife<\/strong> ist den atemberaubenden Kobras nachempfunden, die in der arabischen W\u00fcste leben. Das K\u00f6nnen unserer Designer zeigt sich darin, wie nahtlos sie die traditionelle Handwerkskunst der Region und die Form der Kobra selbst umsetzen.<\/p>\n<p>Der l\u00e4ngliche Rauchabzug aus rostfreiem Stahl k\u00fchlt den Rauch und sorgt f\u00fcr ein angenehmes und reichhaltiges Raucherlebnis. Der breite Glasboden der Wasserpfeife erh\u00f6ht die Menge an Wasser, die sie aufnehmen kann, was den Reinigungsprozess verbessert. Dies garantiert, dass jeder Zug rein und voll ist. Diese <strong>Arabische Kobra geformt Wasserpfeife<\/strong> kommt auch mit einem abnehmbaren Silikonschlauch und Keramik-Rauchschale, daher ist es leicht anpassbar, um verschiedene Benutzer Bed\u00fcrfnisse zu erf\u00fcllen.<\/p>\n<p>Wir bei Global-Hookah wissen, dass Gro\u00dfh\u00e4ndler ein einzigartiges Angebot ben\u00f6tigen.<strong>und <a href=\"https:\/\/global-hookah.com\">billige Wasserpfeife<\/a> Produkte<\/strong>. Deshalb, mit dem Vorteil unserer Wasserpfeife Fabrik, Wir bieten sehr wettbewerbsf\u00e4hige Gro\u00dfhandelspreise mit einer Mindestbestellmenge so niedrig wie 6 St\u00fcck, geeignet f\u00fcr kleine und mittlere Einzelh\u00e4ndler und Wasserpfeife Bars<\/p>","protected":false},"excerpt":{"rendered":"<p>Unsere Arabian Cobra Shaped Hookah hat die Form der atemberaubenden Kobras, die in der arabischen W\u00fcste leben. Das K\u00f6nnen unserer<\/p>","protected":false},"featured_media":32525,"comment_status":"open","ping_status":"closed","template":"","meta":{"iawp_total_views":49,"_joinchat":[]},"product_brand":[],"product_cat":[560,119],"product_tag":[],"class_list":{"0":"post-32524","1":"product","2":"type-product","3":"status-publish","4":"has-post-thumbnail","6":"product_cat-glass-hookah-wholesale","7":"product_cat-wholesale-hookah","9":"first","10":"instock","11":"shipping-taxable","12":"product-type-external"},"yoast_head":"<!-- This site is optimized with the Yoast SEO Premium plugin v24.7 (Yoast SEO v26.8) - https:\/\/yoast.com\/product\/yoast-seo-premium-wordpress\/ -->\n<title>Arabian Cobra Shaped Hookah Wholesale - Global Hookah<\/title>\n<meta name=\"robots\" content=\"index, follow, max-snippet:-1, max-image-preview:large, max-video-preview:-1\" \/>\n<link rel=\"canonical\" href=\"https:\/\/global-hookah.com\/de\/produkt\/arabian-cobra-shaped-hookah-wholesale\/\" \/>\n<meta property=\"og:locale\" content=\"de_DE\" \/>\n<meta property=\"og:type\" content=\"article\" \/>\n<meta property=\"og:title\" content=\"Arabian Cobra Shaped Hookah Wholesale\" \/>\n<meta property=\"og:description\" content=\"Our Arabian Cobra Shaped Hookah is shaped as the stunning cobras that inhabit the Arabian Desert. The skill of our\" \/>\n<meta property=\"og:url\" content=\"https:\/\/global-hookah.com\/de\/produkt\/arabian-cobra-shaped-hookah-wholesale\/\" \/>\n<meta property=\"og:site_name\" content=\"Global Hookah\" \/>\n<meta property=\"article:modified_time\" content=\"2025-05-06T00:21:40+00:00\" \/>\n<meta property=\"og:image\" content=\"https:\/\/global-hookah.com\/wp-content\/uploads\/2025\/05\/O1CN01wFKzXy1O1SZMeprnu_2218385811645-0-cib.jpg\" \/>\n\t<meta property=\"og:image:width\" content=\"1920\" \/>\n\t<meta property=\"og:image:height\" content=\"1920\" \/>\n\t<meta property=\"og:image:type\" content=\"image\/jpeg\" \/>\n<meta name=\"twitter:card\" content=\"summary_large_image\" \/>\n<meta name=\"twitter:label1\" content=\"Gesch\u00e4tzte Lesezeit\" \/>\n\t<meta name=\"twitter:data1\" content=\"1\u00a0Minute\" \/>\n<script type=\"application\/ld+json\" class=\"yoast-schema-graph\">{\"@context\":\"https:\/\/schema.org\",\"@graph\":[{\"@type\":\"WebPage\",\"@id\":\"https:\/\/global-hookah.com\/product\/arabian-cobra-shaped-hookah-wholesale\/\",\"url\":\"https:\/\/global-hookah.com\/product\/arabian-cobra-shaped-hookah-wholesale\/\",\"name\":\"Arabian Cobra Shaped Hookah Wholesale - Global Hookah\",\"isPartOf\":{\"@id\":\"https:\/\/global-hookah.com\/#website\"},\"primaryImageOfPage\":{\"@id\":\"https:\/\/global-hookah.com\/product\/arabian-cobra-shaped-hookah-wholesale\/#primaryimage\"},\"image\":{\"@id\":\"https:\/\/global-hookah.com\/product\/arabian-cobra-shaped-hookah-wholesale\/#primaryimage\"},\"thumbnailUrl\":\"https:\/\/global-hookah.com\/wp-content\/uploads\/2025\/05\/O1CN01wFKzXy1O1SZMeprnu_2218385811645-0-cib.jpg\",\"datePublished\":\"2025-05-05T03:04:26+00:00\",\"dateModified\":\"2025-05-06T00:21:40+00:00\",\"breadcrumb\":{\"@id\":\"https:\/\/global-hookah.com\/product\/arabian-cobra-shaped-hookah-wholesale\/#breadcrumb\"},\"inLanguage\":\"de\",\"potentialAction\":[{\"@type\":\"ReadAction\",\"target\":[\"https:\/\/global-hookah.com\/product\/arabian-cobra-shaped-hookah-wholesale\/\"]}]},{\"@type\":\"ImageObject\",\"inLanguage\":\"de\",\"@id\":\"https:\/\/global-hookah.com\/product\/arabian-cobra-shaped-hookah-wholesale\/#primaryimage\",\"url\":\"https:\/\/global-hookah.com\/wp-content\/uploads\/2025\/05\/O1CN01wFKzXy1O1SZMeprnu_2218385811645-0-cib.jpg\",\"contentUrl\":\"https:\/\/global-hookah.com\/wp-content\/uploads\/2025\/05\/O1CN01wFKzXy1O1SZMeprnu_2218385811645-0-cib.jpg\",\"width\":\"1920\",\"height\":\"1920\",\"caption\":\"Arabian Cobra Shaped Hookah Wholesale\"},{\"@type\":\"BreadcrumbList\",\"@id\":\"https:\/\/global-hookah.com\/product\/arabian-cobra-shaped-hookah-wholesale\/#breadcrumb\",\"itemListElement\":[{\"@type\":\"ListItem\",\"position\":1,\"name\":\"Home\",\"item\":\"https:\/\/global-hookah.com\/\"},{\"@type\":\"ListItem\",\"position\":2,\"name\":\"Shop\",\"item\":\"https:\/\/global-hookah.com\/shop\/\"},{\"@type\":\"ListItem\",\"position\":3,\"name\":\"Arabian Cobra Shaped Hookah Wholesale\"}]},{\"@type\":\"WebSite\",\"@id\":\"https:\/\/global-hookah.com\/#website\",\"url\":\"https:\/\/global-hookah.com\/\",\"name\":\"Global Hookah\",\"description\":\"Global Hookah\",\"publisher\":{\"@id\":\"https:\/\/global-hookah.com\/#organization\"},\"potentialAction\":[{\"@type\":\"SearchAction\",\"target\":{\"@type\":\"EntryPoint\",\"urlTemplate\":\"https:\/\/global-hookah.com\/?s={search_term_string}\"},\"query-input\":{\"@type\":\"PropertyValueSpecification\",\"valueRequired\":true,\"valueName\":\"search_term_string\"}}],\"inLanguage\":\"de\"},{\"@type\":\"Organization\",\"@id\":\"https:\/\/global-hookah.com\/#organization\",\"name\":\"Global Hookah\",\"url\":\"https:\/\/global-hookah.com\/\",\"logo\":{\"@type\":\"ImageObject\",\"inLanguage\":\"de\",\"@id\":\"https:\/\/global-hookah.com\/#\/schema\/logo\/image\/\",\"url\":\"https:\/\/global-hookah.com\/wp-content\/uploads\/2021\/10\/cropped-fgg.png\",\"contentUrl\":\"https:\/\/global-hookah.com\/wp-content\/uploads\/2021\/10\/cropped-fgg.png\",\"width\":512,\"height\":512,\"caption\":\"Global Hookah\"},\"image\":{\"@id\":\"https:\/\/global-hookah.com\/#\/schema\/logo\/image\/\"}}]}<\/script>\n<!-- \/ Yoast SEO Premium plugin. -->","yoast_head_json":{"title":"Arabische Kobra geformt Wasserpfeife Gro\u00dfhandel - Global Hookah","robots":{"index":"index","follow":"follow","max-snippet":"max-snippet:-1","max-image-preview":"max-image-preview:large","max-video-preview":"max-video-preview:-1"},"canonical":"https:\/\/global-hookah.com\/de\/produkt\/arabian-cobra-shaped-hookah-wholesale\/","og_locale":"de_DE","og_type":"article","og_title":"Arabian Cobra Shaped Hookah Wholesale","og_description":"Our Arabian Cobra Shaped Hookah is shaped as the stunning cobras that inhabit the Arabian Desert. The skill of our","og_url":"https:\/\/global-hookah.com\/de\/produkt\/arabian-cobra-shaped-hookah-wholesale\/","og_site_name":"Global Hookah","article_modified_time":"2025-05-06T00:21:40+00:00","og_image":[{"width":1920,"height":1920,"url":"https:\/\/global-hookah.com\/wp-content\/uploads\/2025\/05\/O1CN01wFKzXy1O1SZMeprnu_2218385811645-0-cib.jpg","type":"image\/jpeg"}],"twitter_card":"summary_large_image","twitter_misc":{"Gesch\u00e4tzte Lesezeit":"1\u00a0Minute"},"schema":{"@context":"https:\/\/schema.org","@graph":[{"@type":"WebPage","@id":"https:\/\/global-hookah.com\/product\/arabian-cobra-shaped-hookah-wholesale\/","url":"https:\/\/global-hookah.com\/product\/arabian-cobra-shaped-hookah-wholesale\/","name":"Arabische Kobra geformt Wasserpfeife Gro\u00dfhandel - Global Hookah","isPartOf":{"@id":"https:\/\/global-hookah.com\/#website"},"primaryImageOfPage":{"@id":"https:\/\/global-hookah.com\/product\/arabian-cobra-shaped-hookah-wholesale\/#primaryimage"},"image":{"@id":"https:\/\/global-hookah.com\/product\/arabian-cobra-shaped-hookah-wholesale\/#primaryimage"},"thumbnailUrl":"https:\/\/global-hookah.com\/wp-content\/uploads\/2025\/05\/O1CN01wFKzXy1O1SZMeprnu_2218385811645-0-cib.jpg","datePublished":"2025-05-05T03:04:26+00:00","dateModified":"2025-05-06T00:21:40+00:00","breadcrumb":{"@id":"https:\/\/global-hookah.com\/product\/arabian-cobra-shaped-hookah-wholesale\/#breadcrumb"},"inLanguage":"de","potentialAction":[{"@type":"ReadAction","target":["https:\/\/global-hookah.com\/product\/arabian-cobra-shaped-hookah-wholesale\/"]}]},{"@type":"ImageObject","inLanguage":"de","@id":"https:\/\/global-hookah.com\/product\/arabian-cobra-shaped-hookah-wholesale\/#primaryimage","url":"https:\/\/global-hookah.com\/wp-content\/uploads\/2025\/05\/O1CN01wFKzXy1O1SZMeprnu_2218385811645-0-cib.jpg","contentUrl":"https:\/\/global-hookah.com\/wp-content\/uploads\/2025\/05\/O1CN01wFKzXy1O1SZMeprnu_2218385811645-0-cib.jpg","width":"1920","height":"1920","caption":"Arabian Cobra Shaped Hookah Wholesale"},{"@type":"BreadcrumbList","@id":"https:\/\/global-hookah.com\/product\/arabian-cobra-shaped-hookah-wholesale\/#breadcrumb","itemListElement":[{"@type":"ListItem","position":1,"name":"Home","item":"https:\/\/global-hookah.com\/"},{"@type":"ListItem","position":2,"name":"Shop","item":"https:\/\/global-hookah.com\/shop\/"},{"@type":"ListItem","position":3,"name":"Arabian Cobra Shaped Hookah Wholesale"}]},{"@type":"WebSite","@id":"https:\/\/global-hookah.com\/#website","url":"https:\/\/global-hookah.com\/","name":"Globale Wasserpfeife","description":"Globale Wasserpfeife","publisher":{"@id":"https:\/\/global-hookah.com\/#organization"},"potentialAction":[{"@type":"SearchAction","target":{"@type":"EntryPoint","urlTemplate":"https:\/\/global-hookah.com\/?s={search_term_string}"},"query-input":{"@type":"PropertyValueSpecification","valueRequired":true,"valueName":"search_term_string"}}],"inLanguage":"de"},{"@type":"Organization","@id":"https:\/\/global-hookah.com\/#organization","name":"Globale Wasserpfeife","url":"https:\/\/global-hookah.com\/","logo":{"@type":"ImageObject","inLanguage":"de","@id":"https:\/\/global-hookah.com\/#\/schema\/logo\/image\/","url":"https:\/\/global-hookah.com\/wp-content\/uploads\/2021\/10\/cropped-fgg.png","contentUrl":"https:\/\/global-hookah.com\/wp-content\/uploads\/2021\/10\/cropped-fgg.png","width":512,"height":512,"caption":"Global Hookah"},"image":{"@id":"https:\/\/global-hookah.com\/#\/schema\/logo\/image\/"}}]}},"_links":{"self":[{"href":"https:\/\/global-hookah.com\/de\/wp-json\/wp\/v2\/product\/32524","targetHints":{"allow":["GET"]}}],"collection":[{"href":"https:\/\/global-hookah.com\/de\/wp-json\/wp\/v2\/product"}],"about":[{"href":"https:\/\/global-hookah.com\/de\/wp-json\/wp\/v2\/types\/product"}],"replies":[{"embeddable":true,"href":"https:\/\/global-hookah.com\/de\/wp-json\/wp\/v2\/comments?post=32524"}],"version-history":[{"count":0,"href":"https:\/\/global-hookah.com\/de\/wp-json\/wp\/v2\/product\/32524\/revisions"}],"wp:featuredmedia":[{"embeddable":true,"href":"https:\/\/global-hookah.com\/de\/wp-json\/wp\/v2\/media\/32525"}],"wp:attachment":[{"href":"https:\/\/global-hookah.com\/de\/wp-json\/wp\/v2\/media?parent=32524"}],"wp:term":[{"taxonomy":"product_brand","embeddable":true,"href":"https:\/\/global-hookah.com\/de\/wp-json\/wp\/v2\/product_brand?post=32524"},{"taxonomy":"product_cat","embeddable":true,"href":"https:\/\/global-hookah.com\/de\/wp-json\/wp\/v2\/product_cat?post=32524"},{"taxonomy":"product_tag","embeddable":true,"href":"https:\/\/global-hookah.com\/de\/wp-json\/wp\/v2\/product_tag?post=32524"}],"curies":[{"name":"wp","href":"https:\/\/api.w.org\/{rel}","templated":true}]}}