{"id":32567,"date":"2025-05-05T03:07:05","date_gmt":"2025-05-05T03:07:05","guid":{"rendered":"https:\/\/global-hookah.com\/product\/egyptian-retro-hookah-wholesale\/"},"modified":"2025-05-05T03:12:33","modified_gmt":"2025-05-05T03:12:33","slug":"egyptian-retro-hookah-wholesale","status":"publish","type":"product","link":"https:\/\/global-hookah.com\/de\/produkt\/egyptian-retro-hookah-wholesale\/","title":{"rendered":"\u00c4gyptische Retro Wasserpfeife Gro\u00dfhandel"},"content":{"rendered":"<p>Wir arbeiten mit lokalen \u00e4gyptischen Kunsthandwerkern zusammen, um sicherzustellen, dass jedes <strong>\u00c4gyptische Retro Wasserpfeife<\/strong> folgt der traditionellen Handwerkskunst.<\/p>\n<p>Wenn Sie neu in der Wasserpfeife sind, machen Sie sich keine Sorgen! Die Egyptian Retro Hookah ist einfach zusammenzubauen und zu benutzen und eignet sich f\u00fcr Benutzer aller Erfahrungsstufen. Wir empfehlen, mit einer klassischen \u00e4gyptischen Marke wie Khalil Mamoon oder Shika zu beginnen, mit hochwertigem Wassertabak und nat\u00fcrlicher Kokosnussschalen-Holzkohle f\u00fcr das beste Erlebnis.<\/p>","protected":false},"excerpt":{"rendered":"<p>Wir arbeiten mit lokalen \u00e4gyptischen Kunsthandwerkern zusammen, um sicherzustellen, dass jede \u00e4gyptische Retro-Hookah der traditionellen Handwerkskunst folgt. Wenn Sie neu sind<\/p>","protected":false},"featured_media":32569,"comment_status":"open","ping_status":"closed","template":"","meta":{"iawp_total_views":34,"_joinchat":[]},"product_brand":[],"product_cat":[560,119],"product_tag":[],"class_list":{"0":"post-32567","1":"product","2":"type-product","3":"status-publish","4":"has-post-thumbnail","6":"product_cat-glass-hookah-wholesale","7":"product_cat-wholesale-hookah","9":"first","10":"instock","11":"shipping-taxable","12":"product-type-external"},"yoast_head":"<!-- This site is optimized with the Yoast SEO Premium plugin v24.7 (Yoast SEO v26.8) - https:\/\/yoast.com\/product\/yoast-seo-premium-wordpress\/ -->\n<title>Egyptian Retro Hookah Wholesale - Global Hookah<\/title>\n<meta name=\"robots\" content=\"index, follow, max-snippet:-1, max-image-preview:large, max-video-preview:-1\" \/>\n<link rel=\"canonical\" href=\"https:\/\/global-hookah.com\/de\/produkt\/egyptian-retro-hookah-wholesale\/\" \/>\n<meta property=\"og:locale\" content=\"de_DE\" \/>\n<meta property=\"og:type\" content=\"article\" \/>\n<meta property=\"og:title\" content=\"Egyptian Retro Hookah Wholesale\" \/>\n<meta property=\"og:description\" content=\"We work with local Egyptian artisans to ensure that each Egyptian Retro Hookah follows traditional craftsmanship. If you are new\" \/>\n<meta property=\"og:url\" content=\"https:\/\/global-hookah.com\/de\/produkt\/egyptian-retro-hookah-wholesale\/\" \/>\n<meta property=\"og:site_name\" content=\"Global Hookah\" \/>\n<meta property=\"article:modified_time\" content=\"2025-05-05T03:12:33+00:00\" \/>\n<meta property=\"og:image\" content=\"https:\/\/global-hookah.com\/wp-content\/uploads\/2025\/05\/O1CN01YdqCtB1O1SVMh0N2b_2218385811645-0-cib.jpg\" \/>\n\t<meta property=\"og:image:width\" content=\"1080\" \/>\n\t<meta property=\"og:image:height\" content=\"1080\" \/>\n\t<meta property=\"og:image:type\" content=\"image\/jpeg\" \/>\n<meta name=\"twitter:card\" content=\"summary_large_image\" \/>\n<script type=\"application\/ld+json\" class=\"yoast-schema-graph\">{\"@context\":\"https:\/\/schema.org\",\"@graph\":[{\"@type\":\"WebPage\",\"@id\":\"https:\/\/global-hookah.com\/product\/egyptian-retro-hookah-wholesale\/\",\"url\":\"https:\/\/global-hookah.com\/product\/egyptian-retro-hookah-wholesale\/\",\"name\":\"Egyptian Retro Hookah Wholesale - Global Hookah\",\"isPartOf\":{\"@id\":\"https:\/\/global-hookah.com\/#website\"},\"primaryImageOfPage\":{\"@id\":\"https:\/\/global-hookah.com\/product\/egyptian-retro-hookah-wholesale\/#primaryimage\"},\"image\":{\"@id\":\"https:\/\/global-hookah.com\/product\/egyptian-retro-hookah-wholesale\/#primaryimage\"},\"thumbnailUrl\":\"https:\/\/global-hookah.com\/wp-content\/uploads\/2025\/05\/O1CN01YdqCtB1O1SVMh0N2b_2218385811645-0-cib.jpg\",\"datePublished\":\"2025-05-05T03:07:05+00:00\",\"dateModified\":\"2025-05-05T03:12:33+00:00\",\"breadcrumb\":{\"@id\":\"https:\/\/global-hookah.com\/product\/egyptian-retro-hookah-wholesale\/#breadcrumb\"},\"inLanguage\":\"de\",\"potentialAction\":[{\"@type\":\"ReadAction\",\"target\":[\"https:\/\/global-hookah.com\/product\/egyptian-retro-hookah-wholesale\/\"]}]},{\"@type\":\"ImageObject\",\"inLanguage\":\"de\",\"@id\":\"https:\/\/global-hookah.com\/product\/egyptian-retro-hookah-wholesale\/#primaryimage\",\"url\":\"https:\/\/global-hookah.com\/wp-content\/uploads\/2025\/05\/O1CN01YdqCtB1O1SVMh0N2b_2218385811645-0-cib.jpg\",\"contentUrl\":\"https:\/\/global-hookah.com\/wp-content\/uploads\/2025\/05\/O1CN01YdqCtB1O1SVMh0N2b_2218385811645-0-cib.jpg\",\"width\":\"1080\",\"height\":\"1080\",\"caption\":\"Egyptian Retro Hookah Wholesale\"},{\"@type\":\"BreadcrumbList\",\"@id\":\"https:\/\/global-hookah.com\/product\/egyptian-retro-hookah-wholesale\/#breadcrumb\",\"itemListElement\":[{\"@type\":\"ListItem\",\"position\":1,\"name\":\"Home\",\"item\":\"https:\/\/global-hookah.com\/\"},{\"@type\":\"ListItem\",\"position\":2,\"name\":\"Shop\",\"item\":\"https:\/\/global-hookah.com\/shop\/\"},{\"@type\":\"ListItem\",\"position\":3,\"name\":\"Egyptian Retro Hookah Wholesale\"}]},{\"@type\":\"WebSite\",\"@id\":\"https:\/\/global-hookah.com\/#website\",\"url\":\"https:\/\/global-hookah.com\/\",\"name\":\"Global Hookah\",\"description\":\"Global Hookah\",\"publisher\":{\"@id\":\"https:\/\/global-hookah.com\/#organization\"},\"potentialAction\":[{\"@type\":\"SearchAction\",\"target\":{\"@type\":\"EntryPoint\",\"urlTemplate\":\"https:\/\/global-hookah.com\/?s={search_term_string}\"},\"query-input\":{\"@type\":\"PropertyValueSpecification\",\"valueRequired\":true,\"valueName\":\"search_term_string\"}}],\"inLanguage\":\"de\"},{\"@type\":\"Organization\",\"@id\":\"https:\/\/global-hookah.com\/#organization\",\"name\":\"Global Hookah\",\"url\":\"https:\/\/global-hookah.com\/\",\"logo\":{\"@type\":\"ImageObject\",\"inLanguage\":\"de\",\"@id\":\"https:\/\/global-hookah.com\/#\/schema\/logo\/image\/\",\"url\":\"https:\/\/global-hookah.com\/wp-content\/uploads\/2021\/10\/cropped-fgg.png\",\"contentUrl\":\"https:\/\/global-hookah.com\/wp-content\/uploads\/2021\/10\/cropped-fgg.png\",\"width\":512,\"height\":512,\"caption\":\"Global Hookah\"},\"image\":{\"@id\":\"https:\/\/global-hookah.com\/#\/schema\/logo\/image\/\"}}]}<\/script>\n<!-- \/ Yoast SEO Premium plugin. -->","yoast_head_json":{"title":"\u00c4gyptische Retro Wasserpfeife Gro\u00dfhandel - Global Hookah","robots":{"index":"index","follow":"follow","max-snippet":"max-snippet:-1","max-image-preview":"max-image-preview:large","max-video-preview":"max-video-preview:-1"},"canonical":"https:\/\/global-hookah.com\/de\/produkt\/egyptian-retro-hookah-wholesale\/","og_locale":"de_DE","og_type":"article","og_title":"Egyptian Retro Hookah Wholesale","og_description":"We work with local Egyptian artisans to ensure that each Egyptian Retro Hookah follows traditional craftsmanship. If you are new","og_url":"https:\/\/global-hookah.com\/de\/produkt\/egyptian-retro-hookah-wholesale\/","og_site_name":"Global Hookah","article_modified_time":"2025-05-05T03:12:33+00:00","og_image":[{"width":1080,"height":1080,"url":"https:\/\/global-hookah.com\/wp-content\/uploads\/2025\/05\/O1CN01YdqCtB1O1SVMh0N2b_2218385811645-0-cib.jpg","type":"image\/jpeg"}],"twitter_card":"summary_large_image","schema":{"@context":"https:\/\/schema.org","@graph":[{"@type":"WebPage","@id":"https:\/\/global-hookah.com\/product\/egyptian-retro-hookah-wholesale\/","url":"https:\/\/global-hookah.com\/product\/egyptian-retro-hookah-wholesale\/","name":"\u00c4gyptische Retro Wasserpfeife Gro\u00dfhandel - Global Hookah","isPartOf":{"@id":"https:\/\/global-hookah.com\/#website"},"primaryImageOfPage":{"@id":"https:\/\/global-hookah.com\/product\/egyptian-retro-hookah-wholesale\/#primaryimage"},"image":{"@id":"https:\/\/global-hookah.com\/product\/egyptian-retro-hookah-wholesale\/#primaryimage"},"thumbnailUrl":"https:\/\/global-hookah.com\/wp-content\/uploads\/2025\/05\/O1CN01YdqCtB1O1SVMh0N2b_2218385811645-0-cib.jpg","datePublished":"2025-05-05T03:07:05+00:00","dateModified":"2025-05-05T03:12:33+00:00","breadcrumb":{"@id":"https:\/\/global-hookah.com\/product\/egyptian-retro-hookah-wholesale\/#breadcrumb"},"inLanguage":"de","potentialAction":[{"@type":"ReadAction","target":["https:\/\/global-hookah.com\/product\/egyptian-retro-hookah-wholesale\/"]}]},{"@type":"ImageObject","inLanguage":"de","@id":"https:\/\/global-hookah.com\/product\/egyptian-retro-hookah-wholesale\/#primaryimage","url":"https:\/\/global-hookah.com\/wp-content\/uploads\/2025\/05\/O1CN01YdqCtB1O1SVMh0N2b_2218385811645-0-cib.jpg","contentUrl":"https:\/\/global-hookah.com\/wp-content\/uploads\/2025\/05\/O1CN01YdqCtB1O1SVMh0N2b_2218385811645-0-cib.jpg","width":"1080","height":"1080","caption":"Egyptian Retro Hookah Wholesale"},{"@type":"BreadcrumbList","@id":"https:\/\/global-hookah.com\/product\/egyptian-retro-hookah-wholesale\/#breadcrumb","itemListElement":[{"@type":"ListItem","position":1,"name":"Home","item":"https:\/\/global-hookah.com\/"},{"@type":"ListItem","position":2,"name":"Shop","item":"https:\/\/global-hookah.com\/shop\/"},{"@type":"ListItem","position":3,"name":"Egyptian Retro Hookah Wholesale"}]},{"@type":"WebSite","@id":"https:\/\/global-hookah.com\/#website","url":"https:\/\/global-hookah.com\/","name":"Globale Wasserpfeife","description":"Globale Wasserpfeife","publisher":{"@id":"https:\/\/global-hookah.com\/#organization"},"potentialAction":[{"@type":"SearchAction","target":{"@type":"EntryPoint","urlTemplate":"https:\/\/global-hookah.com\/?s={search_term_string}"},"query-input":{"@type":"PropertyValueSpecification","valueRequired":true,"valueName":"search_term_string"}}],"inLanguage":"de"},{"@type":"Organization","@id":"https:\/\/global-hookah.com\/#organization","name":"Globale Wasserpfeife","url":"https:\/\/global-hookah.com\/","logo":{"@type":"ImageObject","inLanguage":"de","@id":"https:\/\/global-hookah.com\/#\/schema\/logo\/image\/","url":"https:\/\/global-hookah.com\/wp-content\/uploads\/2021\/10\/cropped-fgg.png","contentUrl":"https:\/\/global-hookah.com\/wp-content\/uploads\/2021\/10\/cropped-fgg.png","width":512,"height":512,"caption":"Global Hookah"},"image":{"@id":"https:\/\/global-hookah.com\/#\/schema\/logo\/image\/"}}]}},"_links":{"self":[{"href":"https:\/\/global-hookah.com\/de\/wp-json\/wp\/v2\/product\/32567","targetHints":{"allow":["GET"]}}],"collection":[{"href":"https:\/\/global-hookah.com\/de\/wp-json\/wp\/v2\/product"}],"about":[{"href":"https:\/\/global-hookah.com\/de\/wp-json\/wp\/v2\/types\/product"}],"replies":[{"embeddable":true,"href":"https:\/\/global-hookah.com\/de\/wp-json\/wp\/v2\/comments?post=32567"}],"version-history":[{"count":0,"href":"https:\/\/global-hookah.com\/de\/wp-json\/wp\/v2\/product\/32567\/revisions"}],"wp:featuredmedia":[{"embeddable":true,"href":"https:\/\/global-hookah.com\/de\/wp-json\/wp\/v2\/media\/32569"}],"wp:attachment":[{"href":"https:\/\/global-hookah.com\/de\/wp-json\/wp\/v2\/media?parent=32567"}],"wp:term":[{"taxonomy":"product_brand","embeddable":true,"href":"https:\/\/global-hookah.com\/de\/wp-json\/wp\/v2\/product_brand?post=32567"},{"taxonomy":"product_cat","embeddable":true,"href":"https:\/\/global-hookah.com\/de\/wp-json\/wp\/v2\/product_cat?post=32567"},{"taxonomy":"product_tag","embeddable":true,"href":"https:\/\/global-hookah.com\/de\/wp-json\/wp\/v2\/product_tag?post=32567"}],"curies":[{"name":"wp","href":"https:\/\/api.w.org\/{rel}","templated":true}]}}