{"id":32631,"date":"2025-07-03T08:50:35","date_gmt":"2025-07-03T08:50:35","guid":{"rendered":"https:\/\/global-hookah.com\/?post_type=product&#038;p=32631"},"modified":"2025-07-09T08:22:10","modified_gmt":"2025-07-09T08:22:10","slug":"wholesale-custom-dugout-one-hitter","status":"publish","type":"product","link":"https:\/\/global-hookah.com\/de\/produkt\/wholesale-custom-dugout-one-hitter\/","title":{"rendered":"Gro\u00dfhandel Custom Dugout One Hitter"},"content":{"rendered":"<p>Haben Sie genug von sperrigem Zubeh\u00f6r und umst\u00e4ndlicher Vorbereitung? Keine Sorge, unser neu gestaltetes<strong> Dugout One Hitter<\/strong> ist die ultimative L\u00f6sung f\u00fcr moderne Nutzer, die Aufbewahrung, Bef\u00fcllung und Rauchen in einem schlanken, taschenfreundlichen Ger\u00e4t vereint.<\/p>\n<p>Praktisches All-in-One-Design: Diese h\u00f6lzernen Unterst\u00e4nde haben zwei getrennte F\u00e4cher, eines f\u00fcr Ihre Lieblingskr\u00e4uter und das andere f\u00fcr den engagierten One-Hitter.<\/p>\n<p>Dieses Design mit zwei F\u00e4chern optimiert nicht nur die Raumnutzung, sondern erm\u00f6glicht es dem Benutzer auch, die F\u00fcllung und das Rauchen mit einer Hand durchzuf\u00fchren, was die Benutzerfreundlichkeit erheblich verbessert. Das Wichtigste ist, dass im Vergleich zur Effizienz herk\u00f6mmlicher Pfeifen oder Zigaretten, die <strong>Dugout One Hitter<\/strong> kann erheblich Material sparen. Sein Design erm\u00f6glicht es Ihnen, die Menge jeder Verwendung genau zu kontrollieren, was perfekt f\u00fcr Benutzer ist, die kleine Mengen und Erfahrung verfolgen. Einige unserer hochwertigen Dugouts haben auch eingebaute Mahlz\u00e4hne oder kleine Reinigungswerkzeuge. Es ist bequemer, Marihuana zu mahlen<\/p>\n<p>Der Gebrauch ist ebenfalls sehr einfach. Du brauchst nur den Deckel zu drehen oder zu dr\u00fccken, das Rohr herauszunehmen, es in das Kr\u00e4uterfach einzuf\u00fchren, es vorsichtig zu drehen, um es zu f\u00fcllen, und ein sauberes und reines Raucherlebnis zu genie\u00dfen. Nach dem Gebrauch kann man sie mit dem beigef\u00fcgten Reinigungswerkzeug reinigen oder einfach abwischen, um sie sauber zu halten. Eine regelm\u00e4\u00dfige Wartung wird empfohlen. Der gesamte Prozess ist sehr einfach und kann auch von einem Anf\u00e4nger leicht gemeistert werden<\/p>\n<p>Dar\u00fcber hinaus ist unser <a href=\"https:\/\/global-hookah.com\/\">global-hookah<\/a> Die Designer wissen, dass der Geruch das gr\u00f6\u00dfte Problem f\u00fcr die Nutzer ist, daher sind viele unserer Designs von <strong>Ein-Schl\u00e4ger-Set <\/strong>Stile verwenden eine starke magnetische Absaugung Abdeckung oder Gummidichtung Design, das effektiv den Geruch zu sperren und zu vermeiden Peinlichkeit kann<\/p>\n<p>Wir k\u00f6nnen <strong>Gro\u00dfhandel mit diesen Einser-Schl\u00e4gern aus dem Unterstand<\/strong> zum g\u00fcnstigsten Preis. Wenn Sie ben\u00f6tigen <strong>Gro\u00dfhandel mit diesen Einser-Schl\u00e4gern aus dem Unterstand<\/strong>, bitte kontaktieren Sie uns<\/p>","protected":false},"excerpt":{"rendered":"<p>Haben Sie genug von sperrigem Zubeh\u00f6r und umst\u00e4ndlicher Vorbereitung? Keine Sorge, unser neu gestalteter Dugout One Hitter ist die ultimative L\u00f6sung, die<\/p>","protected":false},"featured_media":32633,"comment_status":"closed","ping_status":"closed","template":"","meta":{"iawp_total_views":6,"_joinchat":[]},"product_brand":[],"product_cat":[415],"product_tag":[],"class_list":{"0":"post-32631","1":"product","2":"type-product","3":"status-publish","4":"has-post-thumbnail","6":"product_cat-accessories","8":"first","9":"instock","10":"shipping-taxable","11":"product-type-external"},"yoast_head":"<!-- This site is optimized with the Yoast SEO Premium plugin v24.7 (Yoast SEO v26.8) - https:\/\/yoast.com\/product\/yoast-seo-premium-wordpress\/ -->\n<title>Wholesale Custom Dugout One Hitter - Global Hookah<\/title>\n<meta name=\"robots\" content=\"index, follow, max-snippet:-1, max-image-preview:large, max-video-preview:-1\" \/>\n<link rel=\"canonical\" href=\"https:\/\/global-hookah.com\/de\/produkt\/wholesale-custom-dugout-one-hitter\/\" \/>\n<meta property=\"og:locale\" content=\"de_DE\" \/>\n<meta property=\"og:type\" content=\"article\" \/>\n<meta property=\"og:title\" content=\"Wholesale Custom Dugout One Hitter\" \/>\n<meta property=\"og:description\" content=\"Tired of bulky accessories and cumbersome preparation? Don&#8217;t worry, our newly designed Dugout One Hitter is the ultimate solution designed\" \/>\n<meta property=\"og:url\" content=\"https:\/\/global-hookah.com\/de\/produkt\/wholesale-custom-dugout-one-hitter\/\" \/>\n<meta property=\"og:site_name\" content=\"Global Hookah\" \/>\n<meta property=\"article:modified_time\" content=\"2025-07-09T08:22:10+00:00\" \/>\n<meta property=\"og:image\" content=\"https:\/\/global-hookah.com\/wp-content\/uploads\/2025\/07\/4e718b2f3c795ab1ef031f3a7e84a3f.jpg\" \/>\n\t<meta property=\"og:image:width\" content=\"1000\" \/>\n\t<meta property=\"og:image:height\" content=\"1000\" \/>\n\t<meta property=\"og:image:type\" content=\"image\/jpeg\" \/>\n<meta name=\"twitter:card\" content=\"summary_large_image\" \/>\n<meta name=\"twitter:label1\" content=\"Gesch\u00e4tzte Lesezeit\" \/>\n\t<meta name=\"twitter:data1\" content=\"1\u00a0Minute\" \/>\n<script type=\"application\/ld+json\" class=\"yoast-schema-graph\">{\"@context\":\"https:\/\/schema.org\",\"@graph\":[{\"@type\":\"WebPage\",\"@id\":\"https:\/\/global-hookah.com\/product\/wholesale-custom-dugout-one-hitter\/\",\"url\":\"https:\/\/global-hookah.com\/product\/wholesale-custom-dugout-one-hitter\/\",\"name\":\"Wholesale Custom Dugout One Hitter - Global Hookah\",\"isPartOf\":{\"@id\":\"https:\/\/global-hookah.com\/#website\"},\"primaryImageOfPage\":{\"@id\":\"https:\/\/global-hookah.com\/product\/wholesale-custom-dugout-one-hitter\/#primaryimage\"},\"image\":{\"@id\":\"https:\/\/global-hookah.com\/product\/wholesale-custom-dugout-one-hitter\/#primaryimage\"},\"thumbnailUrl\":\"https:\/\/global-hookah.com\/wp-content\/uploads\/2025\/07\/4e718b2f3c795ab1ef031f3a7e84a3f.jpg\",\"datePublished\":\"2025-07-03T08:50:35+00:00\",\"dateModified\":\"2025-07-09T08:22:10+00:00\",\"breadcrumb\":{\"@id\":\"https:\/\/global-hookah.com\/product\/wholesale-custom-dugout-one-hitter\/#breadcrumb\"},\"inLanguage\":\"de\",\"potentialAction\":[{\"@type\":\"ReadAction\",\"target\":[\"https:\/\/global-hookah.com\/product\/wholesale-custom-dugout-one-hitter\/\"]}]},{\"@type\":\"ImageObject\",\"inLanguage\":\"de\",\"@id\":\"https:\/\/global-hookah.com\/product\/wholesale-custom-dugout-one-hitter\/#primaryimage\",\"url\":\"https:\/\/global-hookah.com\/wp-content\/uploads\/2025\/07\/4e718b2f3c795ab1ef031f3a7e84a3f.jpg\",\"contentUrl\":\"https:\/\/global-hookah.com\/wp-content\/uploads\/2025\/07\/4e718b2f3c795ab1ef031f3a7e84a3f.jpg\",\"width\":\"1000\",\"height\":\"1000\",\"caption\":\"one hitter dugout wholesale\"},{\"@type\":\"BreadcrumbList\",\"@id\":\"https:\/\/global-hookah.com\/product\/wholesale-custom-dugout-one-hitter\/#breadcrumb\",\"itemListElement\":[{\"@type\":\"ListItem\",\"position\":1,\"name\":\"Home\",\"item\":\"https:\/\/global-hookah.com\/\"},{\"@type\":\"ListItem\",\"position\":2,\"name\":\"Shop\",\"item\":\"https:\/\/global-hookah.com\/shop\/\"},{\"@type\":\"ListItem\",\"position\":3,\"name\":\"Wholesale Custom Dugout One Hitter\"}]},{\"@type\":\"WebSite\",\"@id\":\"https:\/\/global-hookah.com\/#website\",\"url\":\"https:\/\/global-hookah.com\/\",\"name\":\"Global Hookah\",\"description\":\"Global Hookah\",\"publisher\":{\"@id\":\"https:\/\/global-hookah.com\/#organization\"},\"potentialAction\":[{\"@type\":\"SearchAction\",\"target\":{\"@type\":\"EntryPoint\",\"urlTemplate\":\"https:\/\/global-hookah.com\/?s={search_term_string}\"},\"query-input\":{\"@type\":\"PropertyValueSpecification\",\"valueRequired\":true,\"valueName\":\"search_term_string\"}}],\"inLanguage\":\"de\"},{\"@type\":\"Organization\",\"@id\":\"https:\/\/global-hookah.com\/#organization\",\"name\":\"Global Hookah\",\"url\":\"https:\/\/global-hookah.com\/\",\"logo\":{\"@type\":\"ImageObject\",\"inLanguage\":\"de\",\"@id\":\"https:\/\/global-hookah.com\/#\/schema\/logo\/image\/\",\"url\":\"https:\/\/global-hookah.com\/wp-content\/uploads\/2021\/10\/cropped-fgg.png\",\"contentUrl\":\"https:\/\/global-hookah.com\/wp-content\/uploads\/2021\/10\/cropped-fgg.png\",\"width\":512,\"height\":512,\"caption\":\"Global Hookah\"},\"image\":{\"@id\":\"https:\/\/global-hookah.com\/#\/schema\/logo\/image\/\"}}]}<\/script>\n<!-- \/ Yoast SEO Premium plugin. -->","yoast_head_json":{"title":"Gro\u00dfhandel Custom Dugout One Hitter - Global Hookah","robots":{"index":"index","follow":"follow","max-snippet":"max-snippet:-1","max-image-preview":"max-image-preview:large","max-video-preview":"max-video-preview:-1"},"canonical":"https:\/\/global-hookah.com\/de\/produkt\/wholesale-custom-dugout-one-hitter\/","og_locale":"de_DE","og_type":"article","og_title":"Wholesale Custom Dugout One Hitter","og_description":"Tired of bulky accessories and cumbersome preparation? Don&#8217;t worry, our newly designed Dugout One Hitter is the ultimate solution designed","og_url":"https:\/\/global-hookah.com\/de\/produkt\/wholesale-custom-dugout-one-hitter\/","og_site_name":"Global Hookah","article_modified_time":"2025-07-09T08:22:10+00:00","og_image":[{"width":1000,"height":1000,"url":"https:\/\/global-hookah.com\/wp-content\/uploads\/2025\/07\/4e718b2f3c795ab1ef031f3a7e84a3f.jpg","type":"image\/jpeg"}],"twitter_card":"summary_large_image","twitter_misc":{"Gesch\u00e4tzte Lesezeit":"1\u00a0Minute"},"schema":{"@context":"https:\/\/schema.org","@graph":[{"@type":"WebPage","@id":"https:\/\/global-hookah.com\/product\/wholesale-custom-dugout-one-hitter\/","url":"https:\/\/global-hookah.com\/product\/wholesale-custom-dugout-one-hitter\/","name":"Gro\u00dfhandel Custom Dugout One Hitter - Global Hookah","isPartOf":{"@id":"https:\/\/global-hookah.com\/#website"},"primaryImageOfPage":{"@id":"https:\/\/global-hookah.com\/product\/wholesale-custom-dugout-one-hitter\/#primaryimage"},"image":{"@id":"https:\/\/global-hookah.com\/product\/wholesale-custom-dugout-one-hitter\/#primaryimage"},"thumbnailUrl":"https:\/\/global-hookah.com\/wp-content\/uploads\/2025\/07\/4e718b2f3c795ab1ef031f3a7e84a3f.jpg","datePublished":"2025-07-03T08:50:35+00:00","dateModified":"2025-07-09T08:22:10+00:00","breadcrumb":{"@id":"https:\/\/global-hookah.com\/product\/wholesale-custom-dugout-one-hitter\/#breadcrumb"},"inLanguage":"de","potentialAction":[{"@type":"ReadAction","target":["https:\/\/global-hookah.com\/product\/wholesale-custom-dugout-one-hitter\/"]}]},{"@type":"ImageObject","inLanguage":"de","@id":"https:\/\/global-hookah.com\/product\/wholesale-custom-dugout-one-hitter\/#primaryimage","url":"https:\/\/global-hookah.com\/wp-content\/uploads\/2025\/07\/4e718b2f3c795ab1ef031f3a7e84a3f.jpg","contentUrl":"https:\/\/global-hookah.com\/wp-content\/uploads\/2025\/07\/4e718b2f3c795ab1ef031f3a7e84a3f.jpg","width":"1000","height":"1000","caption":"one hitter dugout wholesale"},{"@type":"BreadcrumbList","@id":"https:\/\/global-hookah.com\/product\/wholesale-custom-dugout-one-hitter\/#breadcrumb","itemListElement":[{"@type":"ListItem","position":1,"name":"Home","item":"https:\/\/global-hookah.com\/"},{"@type":"ListItem","position":2,"name":"Shop","item":"https:\/\/global-hookah.com\/shop\/"},{"@type":"ListItem","position":3,"name":"Wholesale Custom Dugout One Hitter"}]},{"@type":"WebSite","@id":"https:\/\/global-hookah.com\/#website","url":"https:\/\/global-hookah.com\/","name":"Globale Wasserpfeife","description":"Globale Wasserpfeife","publisher":{"@id":"https:\/\/global-hookah.com\/#organization"},"potentialAction":[{"@type":"SearchAction","target":{"@type":"EntryPoint","urlTemplate":"https:\/\/global-hookah.com\/?s={search_term_string}"},"query-input":{"@type":"PropertyValueSpecification","valueRequired":true,"valueName":"search_term_string"}}],"inLanguage":"de"},{"@type":"Organization","@id":"https:\/\/global-hookah.com\/#organization","name":"Globale Wasserpfeife","url":"https:\/\/global-hookah.com\/","logo":{"@type":"ImageObject","inLanguage":"de","@id":"https:\/\/global-hookah.com\/#\/schema\/logo\/image\/","url":"https:\/\/global-hookah.com\/wp-content\/uploads\/2021\/10\/cropped-fgg.png","contentUrl":"https:\/\/global-hookah.com\/wp-content\/uploads\/2021\/10\/cropped-fgg.png","width":512,"height":512,"caption":"Global Hookah"},"image":{"@id":"https:\/\/global-hookah.com\/#\/schema\/logo\/image\/"}}]}},"_links":{"self":[{"href":"https:\/\/global-hookah.com\/de\/wp-json\/wp\/v2\/product\/32631","targetHints":{"allow":["GET"]}}],"collection":[{"href":"https:\/\/global-hookah.com\/de\/wp-json\/wp\/v2\/product"}],"about":[{"href":"https:\/\/global-hookah.com\/de\/wp-json\/wp\/v2\/types\/product"}],"replies":[{"embeddable":true,"href":"https:\/\/global-hookah.com\/de\/wp-json\/wp\/v2\/comments?post=32631"}],"version-history":[{"count":0,"href":"https:\/\/global-hookah.com\/de\/wp-json\/wp\/v2\/product\/32631\/revisions"}],"wp:featuredmedia":[{"embeddable":true,"href":"https:\/\/global-hookah.com\/de\/wp-json\/wp\/v2\/media\/32633"}],"wp:attachment":[{"href":"https:\/\/global-hookah.com\/de\/wp-json\/wp\/v2\/media?parent=32631"}],"wp:term":[{"taxonomy":"product_brand","embeddable":true,"href":"https:\/\/global-hookah.com\/de\/wp-json\/wp\/v2\/product_brand?post=32631"},{"taxonomy":"product_cat","embeddable":true,"href":"https:\/\/global-hookah.com\/de\/wp-json\/wp\/v2\/product_cat?post=32631"},{"taxonomy":"product_tag","embeddable":true,"href":"https:\/\/global-hookah.com\/de\/wp-json\/wp\/v2\/product_tag?post=32631"}],"curies":[{"name":"wp","href":"https:\/\/api.w.org\/{rel}","templated":true}]}}