{"id":32983,"date":"2025-11-15T07:11:15","date_gmt":"2025-11-15T07:11:15","guid":{"rendered":"https:\/\/global-hookah.com\/?post_type=product&#038;p=32983"},"modified":"2025-11-15T07:41:38","modified_gmt":"2025-11-15T07:41:38","slug":"nose-inhaler-stick","status":"publish","type":"product","link":"https:\/\/global-hookah.com\/de\/produkt\/nose-inhaler-stick\/","title":{"rendered":"Naseninhalator Stick"},"content":{"rendered":"<p>Das \u00e4therische Rosen\u00f6l in der <strong>Naseninhalator Stick<\/strong> kann das Gehirn schnell stimulieren, die Abh\u00e4ngigkeit von Koffein verringern und dazu beitragen, die Aufmerksamkeit f\u00fcr ein bis zwei Stunden aufrechtzuerhalten, was es ideal f\u00fcr l\u00e4ngere geistige Arbeit in Situationen macht, in denen Konzentration f\u00fcr das Studium oder die Arbeit erforderlich ist. Verwenden Sie es vor dem Training; die Stimulation durch Kampfer und Menthol kann die Ausdauer steigern, die Muskeln aufw\u00e4rmen, die Sauerstoffaufnahme f\u00f6rdern und die Entstehung von M\u00fcdigkeit verringern.<\/p>\n<p>Um den Inhalator zu benutzen, schalten Sie ihn ein, indem Sie ihn drehen. F\u00fchren Sie die Inhalationsspitze sanft in ein Nasenloch ein oder bringen Sie sie in die N\u00e4he eines Nasenlochs, und dr\u00fccken Sie dann die andere Nase mit den Fingern sanft zu. Danach atmen Sie drei bis f\u00fcnf Mal tief ein und sp\u00fcren, wie der k\u00fchle Duft in Ihr Gehirn und Ihre Lunge eindringt.<\/p>","protected":false},"excerpt":{"rendered":"<p>Das \u00e4therische Rosen\u00f6l im Nose Inhaler Stick kann das Gehirn schnell stimulieren, die Abh\u00e4ngigkeit von Koffein verringern und dabei helfen, die<\/p>","protected":false},"featured_media":32984,"comment_status":"closed","ping_status":"closed","template":"","meta":{"iawp_total_views":1,"_joinchat":[]},"product_brand":[],"product_cat":[1090],"product_tag":[],"class_list":{"0":"post-32983","1":"product","2":"type-product","3":"status-publish","4":"has-post-thumbnail","6":"product_cat-nose-vape","8":"first","9":"instock","10":"shipping-taxable","11":"product-type-external"},"yoast_head":"<!-- This site is optimized with the Yoast SEO Premium plugin v24.7 (Yoast SEO v26.8) - https:\/\/yoast.com\/product\/yoast-seo-premium-wordpress\/ -->\n<title>Nose Inhaler Stick - Global Hookah<\/title>\n<meta name=\"robots\" content=\"index, follow, max-snippet:-1, max-image-preview:large, max-video-preview:-1\" \/>\n<link rel=\"canonical\" href=\"https:\/\/global-hookah.com\/de\/produkt\/nose-inhaler-stick\/\" \/>\n<meta property=\"og:locale\" content=\"de_DE\" \/>\n<meta property=\"og:type\" content=\"article\" \/>\n<meta property=\"og:title\" content=\"Nose Inhaler Stick\" \/>\n<meta property=\"og:description\" content=\"The rose essential oil in the Nose Inhaler Stick can rapidly stimulate the brain, lessen caffeine reliance, and help sustain\" \/>\n<meta property=\"og:url\" content=\"https:\/\/global-hookah.com\/de\/produkt\/nose-inhaler-stick\/\" \/>\n<meta property=\"og:site_name\" content=\"Global Hookah\" \/>\n<meta property=\"article:modified_time\" content=\"2025-11-15T07:41:38+00:00\" \/>\n<meta property=\"og:image\" content=\"https:\/\/global-hookah.com\/wp-content\/uploads\/2025\/11\/34-scaled.jpg\" \/>\n\t<meta property=\"og:image:width\" content=\"1920\" \/>\n\t<meta property=\"og:image:height\" content=\"2560\" \/>\n\t<meta property=\"og:image:type\" content=\"image\/jpeg\" \/>\n<meta name=\"twitter:card\" content=\"summary_large_image\" \/>\n<meta name=\"twitter:label1\" content=\"Gesch\u00e4tzte Lesezeit\" \/>\n\t<meta name=\"twitter:data1\" content=\"1\u00a0Minute\" \/>\n<script type=\"application\/ld+json\" class=\"yoast-schema-graph\">{\"@context\":\"https:\/\/schema.org\",\"@graph\":[{\"@type\":\"WebPage\",\"@id\":\"https:\/\/global-hookah.com\/product\/nose-inhaler-stick\/\",\"url\":\"https:\/\/global-hookah.com\/product\/nose-inhaler-stick\/\",\"name\":\"Nose Inhaler Stick - Global Hookah\",\"isPartOf\":{\"@id\":\"https:\/\/global-hookah.com\/#website\"},\"primaryImageOfPage\":{\"@id\":\"https:\/\/global-hookah.com\/product\/nose-inhaler-stick\/#primaryimage\"},\"image\":{\"@id\":\"https:\/\/global-hookah.com\/product\/nose-inhaler-stick\/#primaryimage\"},\"thumbnailUrl\":\"https:\/\/global-hookah.com\/wp-content\/uploads\/2025\/11\/34-scaled.jpg\",\"datePublished\":\"2025-11-15T07:11:15+00:00\",\"dateModified\":\"2025-11-15T07:41:38+00:00\",\"breadcrumb\":{\"@id\":\"https:\/\/global-hookah.com\/product\/nose-inhaler-stick\/#breadcrumb\"},\"inLanguage\":\"de\",\"potentialAction\":[{\"@type\":\"ReadAction\",\"target\":[\"https:\/\/global-hookah.com\/product\/nose-inhaler-stick\/\"]}]},{\"@type\":\"ImageObject\",\"inLanguage\":\"de\",\"@id\":\"https:\/\/global-hookah.com\/product\/nose-inhaler-stick\/#primaryimage\",\"url\":\"https:\/\/global-hookah.com\/wp-content\/uploads\/2025\/11\/34-scaled.jpg\",\"contentUrl\":\"https:\/\/global-hookah.com\/wp-content\/uploads\/2025\/11\/34-scaled.jpg\",\"width\":\"1920\",\"height\":\"2560\",\"caption\":\"Nose Inhaler Stick\"},{\"@type\":\"BreadcrumbList\",\"@id\":\"https:\/\/global-hookah.com\/product\/nose-inhaler-stick\/#breadcrumb\",\"itemListElement\":[{\"@type\":\"ListItem\",\"position\":1,\"name\":\"Home\",\"item\":\"https:\/\/global-hookah.com\/\"},{\"@type\":\"ListItem\",\"position\":2,\"name\":\"Shop\",\"item\":\"https:\/\/global-hookah.com\/shop\/\"},{\"@type\":\"ListItem\",\"position\":3,\"name\":\"Nose Inhaler Stick\"}]},{\"@type\":\"WebSite\",\"@id\":\"https:\/\/global-hookah.com\/#website\",\"url\":\"https:\/\/global-hookah.com\/\",\"name\":\"Global Hookah\",\"description\":\"Global Hookah\",\"publisher\":{\"@id\":\"https:\/\/global-hookah.com\/#organization\"},\"potentialAction\":[{\"@type\":\"SearchAction\",\"target\":{\"@type\":\"EntryPoint\",\"urlTemplate\":\"https:\/\/global-hookah.com\/?s={search_term_string}\"},\"query-input\":{\"@type\":\"PropertyValueSpecification\",\"valueRequired\":true,\"valueName\":\"search_term_string\"}}],\"inLanguage\":\"de\"},{\"@type\":\"Organization\",\"@id\":\"https:\/\/global-hookah.com\/#organization\",\"name\":\"Global Hookah\",\"url\":\"https:\/\/global-hookah.com\/\",\"logo\":{\"@type\":\"ImageObject\",\"inLanguage\":\"de\",\"@id\":\"https:\/\/global-hookah.com\/#\/schema\/logo\/image\/\",\"url\":\"https:\/\/global-hookah.com\/wp-content\/uploads\/2021\/10\/cropped-fgg.png\",\"contentUrl\":\"https:\/\/global-hookah.com\/wp-content\/uploads\/2021\/10\/cropped-fgg.png\",\"width\":512,\"height\":512,\"caption\":\"Global Hookah\"},\"image\":{\"@id\":\"https:\/\/global-hookah.com\/#\/schema\/logo\/image\/\"}}]}<\/script>\n<!-- \/ Yoast SEO Premium plugin. -->","yoast_head_json":{"title":"Nase Inhalator Stick - Global Hookah","robots":{"index":"index","follow":"follow","max-snippet":"max-snippet:-1","max-image-preview":"max-image-preview:large","max-video-preview":"max-video-preview:-1"},"canonical":"https:\/\/global-hookah.com\/de\/produkt\/nose-inhaler-stick\/","og_locale":"de_DE","og_type":"article","og_title":"Nose Inhaler Stick","og_description":"The rose essential oil in the Nose Inhaler Stick can rapidly stimulate the brain, lessen caffeine reliance, and help sustain","og_url":"https:\/\/global-hookah.com\/de\/produkt\/nose-inhaler-stick\/","og_site_name":"Global Hookah","article_modified_time":"2025-11-15T07:41:38+00:00","og_image":[{"width":1920,"height":2560,"url":"https:\/\/global-hookah.com\/wp-content\/uploads\/2025\/11\/34-scaled.jpg","type":"image\/jpeg"}],"twitter_card":"summary_large_image","twitter_misc":{"Gesch\u00e4tzte Lesezeit":"1\u00a0Minute"},"schema":{"@context":"https:\/\/schema.org","@graph":[{"@type":"WebPage","@id":"https:\/\/global-hookah.com\/product\/nose-inhaler-stick\/","url":"https:\/\/global-hookah.com\/product\/nose-inhaler-stick\/","name":"Nase Inhalator Stick - Global Hookah","isPartOf":{"@id":"https:\/\/global-hookah.com\/#website"},"primaryImageOfPage":{"@id":"https:\/\/global-hookah.com\/product\/nose-inhaler-stick\/#primaryimage"},"image":{"@id":"https:\/\/global-hookah.com\/product\/nose-inhaler-stick\/#primaryimage"},"thumbnailUrl":"https:\/\/global-hookah.com\/wp-content\/uploads\/2025\/11\/34-scaled.jpg","datePublished":"2025-11-15T07:11:15+00:00","dateModified":"2025-11-15T07:41:38+00:00","breadcrumb":{"@id":"https:\/\/global-hookah.com\/product\/nose-inhaler-stick\/#breadcrumb"},"inLanguage":"de","potentialAction":[{"@type":"ReadAction","target":["https:\/\/global-hookah.com\/product\/nose-inhaler-stick\/"]}]},{"@type":"ImageObject","inLanguage":"de","@id":"https:\/\/global-hookah.com\/product\/nose-inhaler-stick\/#primaryimage","url":"https:\/\/global-hookah.com\/wp-content\/uploads\/2025\/11\/34-scaled.jpg","contentUrl":"https:\/\/global-hookah.com\/wp-content\/uploads\/2025\/11\/34-scaled.jpg","width":"1920","height":"2560","caption":"Nose Inhaler Stick"},{"@type":"BreadcrumbList","@id":"https:\/\/global-hookah.com\/product\/nose-inhaler-stick\/#breadcrumb","itemListElement":[{"@type":"ListItem","position":1,"name":"Home","item":"https:\/\/global-hookah.com\/"},{"@type":"ListItem","position":2,"name":"Shop","item":"https:\/\/global-hookah.com\/shop\/"},{"@type":"ListItem","position":3,"name":"Nose Inhaler Stick"}]},{"@type":"WebSite","@id":"https:\/\/global-hookah.com\/#website","url":"https:\/\/global-hookah.com\/","name":"Globale Wasserpfeife","description":"Globale Wasserpfeife","publisher":{"@id":"https:\/\/global-hookah.com\/#organization"},"potentialAction":[{"@type":"SearchAction","target":{"@type":"EntryPoint","urlTemplate":"https:\/\/global-hookah.com\/?s={search_term_string}"},"query-input":{"@type":"PropertyValueSpecification","valueRequired":true,"valueName":"search_term_string"}}],"inLanguage":"de"},{"@type":"Organization","@id":"https:\/\/global-hookah.com\/#organization","name":"Globale Wasserpfeife","url":"https:\/\/global-hookah.com\/","logo":{"@type":"ImageObject","inLanguage":"de","@id":"https:\/\/global-hookah.com\/#\/schema\/logo\/image\/","url":"https:\/\/global-hookah.com\/wp-content\/uploads\/2021\/10\/cropped-fgg.png","contentUrl":"https:\/\/global-hookah.com\/wp-content\/uploads\/2021\/10\/cropped-fgg.png","width":512,"height":512,"caption":"Global Hookah"},"image":{"@id":"https:\/\/global-hookah.com\/#\/schema\/logo\/image\/"}}]}},"_links":{"self":[{"href":"https:\/\/global-hookah.com\/de\/wp-json\/wp\/v2\/product\/32983","targetHints":{"allow":["GET"]}}],"collection":[{"href":"https:\/\/global-hookah.com\/de\/wp-json\/wp\/v2\/product"}],"about":[{"href":"https:\/\/global-hookah.com\/de\/wp-json\/wp\/v2\/types\/product"}],"replies":[{"embeddable":true,"href":"https:\/\/global-hookah.com\/de\/wp-json\/wp\/v2\/comments?post=32983"}],"version-history":[{"count":0,"href":"https:\/\/global-hookah.com\/de\/wp-json\/wp\/v2\/product\/32983\/revisions"}],"wp:featuredmedia":[{"embeddable":true,"href":"https:\/\/global-hookah.com\/de\/wp-json\/wp\/v2\/media\/32984"}],"wp:attachment":[{"href":"https:\/\/global-hookah.com\/de\/wp-json\/wp\/v2\/media?parent=32983"}],"wp:term":[{"taxonomy":"product_brand","embeddable":true,"href":"https:\/\/global-hookah.com\/de\/wp-json\/wp\/v2\/product_brand?post=32983"},{"taxonomy":"product_cat","embeddable":true,"href":"https:\/\/global-hookah.com\/de\/wp-json\/wp\/v2\/product_cat?post=32983"},{"taxonomy":"product_tag","embeddable":true,"href":"https:\/\/global-hookah.com\/de\/wp-json\/wp\/v2\/product_tag?post=32983"}],"curies":[{"name":"wp","href":"https:\/\/api.w.org\/{rel}","templated":true}]}}